{"id":2549,"date":"2022-03-18T11:05:27","date_gmt":"2022-03-18T10:05:27","guid":{"rendered":"https:\/\/www.notariat-schoeffmann.at\/?page_id=2549"},"modified":"2022-07-26T09:07:35","modified_gmt":"2022-07-26T07:07:35","slug":"building-living","status":"publish","type":"page","link":"https:\/\/www.notariat-schoeffmann.at\/en\/building-living\/","title":{"rendered":"Building &#038; Living"},"content":{"rendered":"<div class=\"wpb-content-wrapper\"><p>[vc_row content_placement=&#8221;middle&#8221; el_class=&#8221;themenseite_header&#8221;][vc_column][vc_column_text el_class=&#8221;serif_headline_themenseite&#8221;]<\/p>\n<h1>Building &amp; Living<\/h1>\n<p>[\/vc_column_text][\/vc_column][\/vc_row][vc_row content_placement=&#8221;middle&#8221; el_class=&#8221;themenseite_header&#8221;][vc_column width=&#8221;2\/3&#8243;]<div class=\"image_landingpage\" id=\"video_9c1185a5c5e9fc54612808977ee8f548b2258d31\"><img decoding=\"async\" alt=\"Building &#038; Living\" src=\"https:\/\/www.notariat-schoeffmann.at\/wp-content\/uploads\/2022\/02\/Bauen-Wohnen-1200x680.jpg\"><\/div>[\/vc_column][vc_column width=&#8221;1\/3&#8243;][vc_column_text css=&#8221;.vc_custom_1658818221436{margin-top: 0px !important;margin-bottom: 0px !important;}&#8221;]<strong><span class=\"Y2IQFc\" lang=\"en\">The real-estate market is booming! However, buying your own home is a big step and usually a lot of money is involved. Therefore, a professional partner who guarantees the highest possible level of security is necessary here. <\/span><\/strong><\/p>\n<p><em><span class=\"Y2IQFc\" lang=\"en\">The notary supports you right from the beginning of a buying or selling process. He will advise you on tax matters relating to purchase and sale of real-estate and takes care of it through fiduciary processing, so that the seller gets his money and the buyer gets his property free of encumbrances.<\/span><\/em>[\/vc_column_text][\/vc_column][\/vc_row][vc_row el_id=&#8221;scroll_juristen&#8221;][vc_column][vc_empty_space height=&#8221;64px&#8221;][vc_column_text el_class=&#8221;thema_headline&#8221;]<\/p>\n<h2 style=\"text-align: center;\">More about this topic<\/h2>\n<p>[\/vc_column_text][vc_empty_space height=&#8221;64px&#8221;][vc_row_inner][vc_column_inner width=&#8221;1\/4&#8243;][\/vc_column_inner][vc_column_inner el_class=&#8221;frontpage_online_icons&#8221; width=&#8221;1\/4&#8243;]<div class=\"schoeffmann_image_box\"><a title=\"Videos\" href=\"https:\/\/www.notariat-schoeffmann.at\/videos\/\"><div class=\"schoeffmann_image_box_img\"><img decoding=\"async\" width=\"280\" height=\"198\" src=\"https:\/\/www.notariat-schoeffmann.at\/wp-content\/uploads\/2021\/09\/videos-vom-notar.png\" class=\"attachment-full size-full\" alt=\"\" \/><\/div><h4>VIDEOS OF NOTARY<\/h4><\/a><\/div>[\/vc_column_inner][vc_column_inner el_class=&#8221;frontpage_online_icons&#8221; width=&#8221;1\/4&#8243;]<div class=\"schoeffmann_image_box\"><a title=\"Videos\" href=\"https:\/\/www.notariat-schoeffmann.at\/broschueren\/\"><div class=\"schoeffmann_image_box_img\"><img decoding=\"async\" width=\"280\" height=\"198\" src=\"https:\/\/www.notariat-schoeffmann.at\/wp-content\/uploads\/2021\/09\/borschuere-2.png\" class=\"attachment-full size-full\" alt=\"Bild von Brosch\u00fcren zum Thema &quot;Erben und Vererben&quot; und &quot;Selbstbestimmt alt werden&quot;\" \/><\/div><h4>FREE BROCHURES<\/h4><\/a><\/div>[\/vc_column_inner][vc_column_inner width=&#8221;1\/4&#8243;][\/vc_column_inner][\/vc_row_inner][\/vc_column][\/vc_row][vc_row][vc_column][vc_empty_space][\/vc_column][\/vc_row][vc_row gap=&#8221;35&#8243; el_class=&#8221;overlay_box&#8221;][vc_column width=&#8221;1\/2&#8243;]<div class=\"querverweis_wrapper blue_bg_box\"><h2>Testament<\/h2><h3>This is how you make provisions for your death!<\/h3><a href=\"https:\/\/www.notariat-schoeffmann.at\/erben-vererben\/gewillkuerte-erbfolge\/testament\/\" class=\"default-btn-shortcode dt-btn link-hover-off btn-inline-left btn-flat \" title=\"Testament\"><span>MEHR &gt;<\/span><\/a><\/div>[\/vc_column][vc_column width=&#8221;1\/2&#8243;]<div class=\"querverweis_wrapper blue_bg_box\"><h2>Power of Attorney<\/h2><h3>This is how you make provisionsfor the loss of capacity!<\/h3><a href=\"https:\/\/www.notariat-schoeffmann.at\/vorsorge\/vorsorgevollmacht\/\" class=\"default-btn-shortcode dt-btn link-hover-off btn-inline-left btn-flat \" title=\"Power of Attorney\"><span>MEHR &gt;<\/span><\/a><\/div>[\/vc_column][\/vc_row][vc_row full_width=&#8221;stretch_row_content_no_spaces&#8221; full_height=&#8221;yes&#8221; css_animation=&#8221;fadeIn&#8221; bg_type=&#8221;video&#8221; video_url=&#8221;https:\/\/www.notariat-schoeffmann.at\/wp-content\/uploads\/2021\/11\/trenner-startseite.mp4&#8243; video_opts=&#8221;loop,muted&#8221; video_poster=&#8221;id^527|url^https:\/\/www.notariat-schoeffmann.at\/wp-content\/uploads\/2021\/08\/schoeffmann-trenner-2.jpg|caption^Notariat Scho\u0308ffmann 2018-04-02|alt^null|title^Notariat Scho\u0308ffmann 2018-04-02|description^null&#8221;][vc_column width=&#8221;1\/4&#8243;][\/vc_column][vc_column width=&#8221;1\/2&#8243;][vc_empty_space height=&#8221;80px&#8221;][vc_column_text el_class=&#8221;teiler_headline&#8221;]<\/p>\n<h2 style=\"text-align: center;\"><span class=\"Y2IQFc\" lang=\"en\">Deeds from the notary create a balanced situation and legal freedom. <\/span><\/h2>\n<h2 style=\"text-align: center;\"><span class=\"Y2IQFc\" lang=\"en\">Or has anyone ever threatened you with the notary?<\/span><\/h2>\n<p>&nbsp;<\/p>\n<div id=\"tw-target-text-container\" class=\"tw-ta-container F0azHf tw-nfl\" tabindex=\"0\">\n<pre id=\"tw-target-text\" class=\"tw-data-text tw-text-large tw-ta\" dir=\"ltr\" data-placeholder=\"\u00dcbersetzung\"><span class=\"Y2IQFc\" lang=\"en\">\u00a0<\/span><\/pre>\n<\/div>\n<div id=\"tw-target-rmn-container\" class=\"tw-target-rmn tw-ta-container F0azHf tw-nfl\">\n<pre id=\"tw-target-rmn\" class=\"tw-data-placeholder tw-text-small tw-ta\" dir=\"ltr\" data-placeholder=\"\"><\/pre>\n<\/div>\n<p>[\/vc_column_text][vc_empty_space height=&#8221;80px&#8221;][\/vc_column][vc_column width=&#8221;1\/4&#8243;][\/vc_column][\/vc_row]<\/p>\n<\/div>","protected":false},"excerpt":{"rendered":"<p>[vc_row content_placement=&#8221;middle&#8221; el_class=&#8221;themenseite_header&#8221;][vc_column][vc_column_text el_class=&#8221;serif_headline_themenseite&#8221;] Building &amp; Living [\/vc_column_text][\/vc_column][\/vc_row][vc_row content_placement=&#8221;middle&#8221; el_class=&#8221;themenseite_header&#8221;][vc_column width=&#8221;2\/3&#8243;][\/vc_column][vc_column width=&#8221;1\/3&#8243;][vc_column_text css=&#8221;.vc_custom_1658818221436{margin-top: 0px !important;margin-bottom: 0px !important;}&#8221;]The real-estate market is booming! However, buying your own home is a big step and usually a lot of money is involved. Therefore, a professional partner who guarantees the highest possible level of security is necessary here. The notary&hellip;<\/p>\n","protected":false},"author":3,"featured_media":0,"parent":0,"menu_order":12,"comment_status":"closed","ping_status":"closed","template":"","meta":{"inline_featured_image":false,"footnotes":""},"categories":[2,1],"class_list":["post-2549","page","type-page","status-publish","hentry","category-uncategorized","category-unkategorisiert","description-off"],"yoast_head":"<!-- This site is optimized with the Yoast SEO Premium plugin v26.7 (Yoast SEO v27.4) - https:\/\/yoast.com\/product\/yoast-seo-premium-wordpress\/ -->\n<title>Building &amp; Living &#8211; Notariat Sch\u00f6ffmann<\/title>\n<meta name=\"description\" content=\"Notariat Mag. Klaus Sch\u00f6ffmann: Ihr Notar in Klagenfurt am W\u00f6rthersee. Individuelle Rechtsberatung f\u00fcr Unternehmen und Privatpersonen. Unsere erste Rechtsauskunft ist f\u00fcr Sie kostenfrei! Notary Mag.klaus Sch\u00f6ffmann: Your notary in Klagenfurt am W\u00f6rtheersee. Individual legal advice for Companies and private citiztien. Our first legal advice is free for you!\" \/>\n<meta name=\"robots\" content=\"index, follow, max-snippet:-1, max-image-preview:large, max-video-preview:-1\" \/>\n<link rel=\"canonical\" href=\"https:\/\/www.notariat-schoeffmann.at\/en\/building-living\/\" \/>\n<meta property=\"og:locale\" content=\"en_US\" \/>\n<meta property=\"og:type\" content=\"article\" \/>\n<meta property=\"og:title\" content=\"Building &amp; Living - Notariat Sch\u00f6ffmann\" \/>\n<meta property=\"og:description\" content=\"Notariat Mag. Klaus Sch\u00f6ffmann: Ihr Notar in Klagenfurt am W\u00f6rthersee. Individuelle Rechtsberatung f\u00fcr Unternehmen und Privatpersonen. Unsere erste Rechtsauskunft ist f\u00fcr Sie kostenfrei! Notary Mag.klaus Sch\u00f6ffmann: Your notary in Klagenfurt am W\u00f6rtheersee. Individual legal advice for Companies and private citiztien. Our first legal advice is free for you!\" \/>\n<meta property=\"og:url\" content=\"https:\/\/www.notariat-schoeffmann.at\/en\/building-living\/\" \/>\n<meta property=\"og:site_name\" content=\"Notariat Sch\u00f6ffmann\" \/>\n<meta property=\"article:publisher\" content=\"https:\/\/www.facebook.com\/NotarKlagenfurt\" \/>\n<meta property=\"article:modified_time\" content=\"2022-07-26T07:07:35+00:00\" \/>\n<meta property=\"og:image\" content=\"https:\/\/www.notariat-schoeffmann.at\/wp-content\/uploads\/2021\/11\/Juristen-1.jpg\" \/>\n\t<meta property=\"og:image:width\" content=\"1600\" \/>\n\t<meta property=\"og:image:height\" content=\"1067\" \/>\n\t<meta property=\"og:image:type\" content=\"image\/jpeg\" \/>\n<meta name=\"twitter:card\" content=\"summary_large_image\" \/>\n<script type=\"application\/ld+json\" class=\"yoast-schema-graph\">{\"@context\":\"https:\\\/\\\/schema.org\",\"@graph\":[{\"@type\":\"WebPage\",\"@id\":\"https:\\\/\\\/www.notariat-schoeffmann.at\\\/en\\\/building-living\\\/\",\"url\":\"https:\\\/\\\/www.notariat-schoeffmann.at\\\/en\\\/building-living\\\/\",\"name\":\"Building & Living &#8211; Notariat Sch\u00f6ffmann\",\"isPartOf\":{\"@id\":\"https:\\\/\\\/www.notariat-schoeffmann.at\\\/en\\\/#website\"},\"datePublished\":\"2022-03-18T10:05:27+00:00\",\"dateModified\":\"2022-07-26T07:07:35+00:00\",\"description\":\"Notariat Mag. Klaus Sch\u00f6ffmann: Ihr Notar in Klagenfurt am W\u00f6rthersee. Individuelle Rechtsberatung f\u00fcr Unternehmen und Privatpersonen. Unsere erste Rechtsauskunft ist f\u00fcr Sie kostenfrei! Notary Mag.klaus Sch\u00f6ffmann: Your notary in Klagenfurt am W\u00f6rtheersee. Individual legal advice for Companies and private citiztien. Our first legal advice is free for you!\",\"breadcrumb\":{\"@id\":\"https:\\\/\\\/www.notariat-schoeffmann.at\\\/en\\\/building-living\\\/#breadcrumb\"},\"inLanguage\":\"en-US\",\"potentialAction\":[{\"@type\":\"ReadAction\",\"target\":[\"https:\\\/\\\/www.notariat-schoeffmann.at\\\/en\\\/building-living\\\/\"]}]},{\"@type\":\"BreadcrumbList\",\"@id\":\"https:\\\/\\\/www.notariat-schoeffmann.at\\\/en\\\/building-living\\\/#breadcrumb\",\"itemListElement\":[{\"@type\":\"ListItem\",\"position\":1,\"name\":\"Startseite\",\"item\":\"https:\\\/\\\/www.notariat-schoeffmann.at\\\/en\\\/\"},{\"@type\":\"ListItem\",\"position\":2,\"name\":\"Building &#038; Living\"}]},{\"@type\":\"WebSite\",\"@id\":\"https:\\\/\\\/www.notariat-schoeffmann.at\\\/en\\\/#website\",\"url\":\"https:\\\/\\\/www.notariat-schoeffmann.at\\\/en\\\/\",\"name\":\"Notariat Sch\u00f6ffmann\",\"description\":\"Mag. Klaus Sch\u00f6ffmann - Ihr Notar in Klagenfurt\",\"publisher\":{\"@id\":\"https:\\\/\\\/www.notariat-schoeffmann.at\\\/en\\\/#organization\"},\"potentialAction\":[{\"@type\":\"SearchAction\",\"target\":{\"@type\":\"EntryPoint\",\"urlTemplate\":\"https:\\\/\\\/www.notariat-schoeffmann.at\\\/en\\\/?s={search_term_string}\"},\"query-input\":{\"@type\":\"PropertyValueSpecification\",\"valueRequired\":true,\"valueName\":\"search_term_string\"}}],\"inLanguage\":\"en-US\"},{\"@type\":\"Organization\",\"@id\":\"https:\\\/\\\/www.notariat-schoeffmann.at\\\/en\\\/#organization\",\"name\":\"Notariat Mag. Klaus Sch\u00f6ffmann Klagenfurt\",\"url\":\"https:\\\/\\\/www.notariat-schoeffmann.at\\\/en\\\/\",\"logo\":{\"@type\":\"ImageObject\",\"inLanguage\":\"en-US\",\"@id\":\"https:\\\/\\\/www.notariat-schoeffmann.at\\\/en\\\/#\\\/schema\\\/logo\\\/image\\\/\",\"url\":\"https:\\\/\\\/www.notariat-schoeffmann.at\\\/wp-content\\\/uploads\\\/2022\\\/02\\\/logo-notariat-schoeffmann.jpg\",\"contentUrl\":\"https:\\\/\\\/www.notariat-schoeffmann.at\\\/wp-content\\\/uploads\\\/2022\\\/02\\\/logo-notariat-schoeffmann.jpg\",\"width\":600,\"height\":600,\"caption\":\"Notariat Mag. Klaus Sch\u00f6ffmann Klagenfurt\"},\"image\":{\"@id\":\"https:\\\/\\\/www.notariat-schoeffmann.at\\\/en\\\/#\\\/schema\\\/logo\\\/image\\\/\"},\"sameAs\":[\"https:\\\/\\\/www.facebook.com\\\/NotarKlagenfurt\",\"https:\\\/\\\/www.youtube.com\\\/channel\\\/UCaITfbIQh6VIpzEonUsIhcg\"]}]}<\/script>\n<!-- \/ Yoast SEO Premium plugin. -->","yoast_head_json":{"title":"Building & Living &#8211; Notariat Sch\u00f6ffmann","description":"Notariat Mag. Klaus Sch\u00f6ffmann: Ihr Notar in Klagenfurt am W\u00f6rthersee. Individuelle Rechtsberatung f\u00fcr Unternehmen und Privatpersonen. Unsere erste Rechtsauskunft ist f\u00fcr Sie kostenfrei! Notary Mag.klaus Sch\u00f6ffmann: Your notary in Klagenfurt am W\u00f6rtheersee. Individual legal advice for Companies and private citiztien. Our first legal advice is free for you!","robots":{"index":"index","follow":"follow","max-snippet":"max-snippet:-1","max-image-preview":"max-image-preview:large","max-video-preview":"max-video-preview:-1"},"canonical":"https:\/\/www.notariat-schoeffmann.at\/en\/building-living\/","og_locale":"en_US","og_type":"article","og_title":"Building & Living - Notariat Sch\u00f6ffmann","og_description":"Notariat Mag. Klaus Sch\u00f6ffmann: Ihr Notar in Klagenfurt am W\u00f6rthersee. Individuelle Rechtsberatung f\u00fcr Unternehmen und Privatpersonen. Unsere erste Rechtsauskunft ist f\u00fcr Sie kostenfrei! Notary Mag.klaus Sch\u00f6ffmann: Your notary in Klagenfurt am W\u00f6rtheersee. Individual legal advice for Companies and private citiztien. Our first legal advice is free for you!","og_url":"https:\/\/www.notariat-schoeffmann.at\/en\/building-living\/","og_site_name":"Notariat Sch\u00f6ffmann","article_publisher":"https:\/\/www.facebook.com\/NotarKlagenfurt","article_modified_time":"2022-07-26T07:07:35+00:00","og_image":[{"width":1600,"height":1067,"url":"https:\/\/www.notariat-schoeffmann.at\/wp-content\/uploads\/2021\/11\/Juristen-1.jpg","type":"image\/jpeg"}],"twitter_card":"summary_large_image","schema":{"@context":"https:\/\/schema.org","@graph":[{"@type":"WebPage","@id":"https:\/\/www.notariat-schoeffmann.at\/en\/building-living\/","url":"https:\/\/www.notariat-schoeffmann.at\/en\/building-living\/","name":"Building & Living &#8211; Notariat Sch\u00f6ffmann","isPartOf":{"@id":"https:\/\/www.notariat-schoeffmann.at\/en\/#website"},"datePublished":"2022-03-18T10:05:27+00:00","dateModified":"2022-07-26T07:07:35+00:00","description":"Notariat Mag. Klaus Sch\u00f6ffmann: Ihr Notar in Klagenfurt am W\u00f6rthersee. Individuelle Rechtsberatung f\u00fcr Unternehmen und Privatpersonen. Unsere erste Rechtsauskunft ist f\u00fcr Sie kostenfrei! Notary Mag.klaus Sch\u00f6ffmann: Your notary in Klagenfurt am W\u00f6rtheersee. Individual legal advice for Companies and private citiztien. Our first legal advice is free for you!","breadcrumb":{"@id":"https:\/\/www.notariat-schoeffmann.at\/en\/building-living\/#breadcrumb"},"inLanguage":"en-US","potentialAction":[{"@type":"ReadAction","target":["https:\/\/www.notariat-schoeffmann.at\/en\/building-living\/"]}]},{"@type":"BreadcrumbList","@id":"https:\/\/www.notariat-schoeffmann.at\/en\/building-living\/#breadcrumb","itemListElement":[{"@type":"ListItem","position":1,"name":"Startseite","item":"https:\/\/www.notariat-schoeffmann.at\/en\/"},{"@type":"ListItem","position":2,"name":"Building &#038; Living"}]},{"@type":"WebSite","@id":"https:\/\/www.notariat-schoeffmann.at\/en\/#website","url":"https:\/\/www.notariat-schoeffmann.at\/en\/","name":"Notariat Sch\u00f6ffmann","description":"Mag. Klaus Sch\u00f6ffmann - Ihr Notar in Klagenfurt","publisher":{"@id":"https:\/\/www.notariat-schoeffmann.at\/en\/#organization"},"potentialAction":[{"@type":"SearchAction","target":{"@type":"EntryPoint","urlTemplate":"https:\/\/www.notariat-schoeffmann.at\/en\/?s={search_term_string}"},"query-input":{"@type":"PropertyValueSpecification","valueRequired":true,"valueName":"search_term_string"}}],"inLanguage":"en-US"},{"@type":"Organization","@id":"https:\/\/www.notariat-schoeffmann.at\/en\/#organization","name":"Notariat Mag. Klaus Sch\u00f6ffmann Klagenfurt","url":"https:\/\/www.notariat-schoeffmann.at\/en\/","logo":{"@type":"ImageObject","inLanguage":"en-US","@id":"https:\/\/www.notariat-schoeffmann.at\/en\/#\/schema\/logo\/image\/","url":"https:\/\/www.notariat-schoeffmann.at\/wp-content\/uploads\/2022\/02\/logo-notariat-schoeffmann.jpg","contentUrl":"https:\/\/www.notariat-schoeffmann.at\/wp-content\/uploads\/2022\/02\/logo-notariat-schoeffmann.jpg","width":600,"height":600,"caption":"Notariat Mag. Klaus Sch\u00f6ffmann Klagenfurt"},"image":{"@id":"https:\/\/www.notariat-schoeffmann.at\/en\/#\/schema\/logo\/image\/"},"sameAs":["https:\/\/www.facebook.com\/NotarKlagenfurt","https:\/\/www.youtube.com\/channel\/UCaITfbIQh6VIpzEonUsIhcg"]}]}},"_links":{"self":[{"href":"https:\/\/www.notariat-schoeffmann.at\/en\/wp-json\/wp\/v2\/pages\/2549","targetHints":{"allow":["GET"]}}],"collection":[{"href":"https:\/\/www.notariat-schoeffmann.at\/en\/wp-json\/wp\/v2\/pages"}],"about":[{"href":"https:\/\/www.notariat-schoeffmann.at\/en\/wp-json\/wp\/v2\/types\/page"}],"author":[{"embeddable":true,"href":"https:\/\/www.notariat-schoeffmann.at\/en\/wp-json\/wp\/v2\/users\/3"}],"replies":[{"embeddable":true,"href":"https:\/\/www.notariat-schoeffmann.at\/en\/wp-json\/wp\/v2\/comments?post=2549"}],"version-history":[{"count":15,"href":"https:\/\/www.notariat-schoeffmann.at\/en\/wp-json\/wp\/v2\/pages\/2549\/revisions"}],"predecessor-version":[{"id":2962,"href":"https:\/\/www.notariat-schoeffmann.at\/en\/wp-json\/wp\/v2\/pages\/2549\/revisions\/2962"}],"wp:attachment":[{"href":"https:\/\/www.notariat-schoeffmann.at\/en\/wp-json\/wp\/v2\/media?parent=2549"}],"wp:term":[{"taxonomy":"category","embeddable":true,"href":"https:\/\/www.notariat-schoeffmann.at\/en\/wp-json\/wp\/v2\/categories?post=2549"}],"curies":[{"name":"wp","href":"https:\/\/api.w.org\/{rel}","templated":true}]}}