{"id":2537,"date":"2022-03-18T10:55:27","date_gmt":"2022-03-18T09:55:27","guid":{"rendered":"https:\/\/www.notariat-schoeffmann.at\/?page_id=2537"},"modified":"2022-07-26T09:40:41","modified_gmt":"2022-07-26T07:40:41","slug":"company","status":"publish","type":"page","link":"https:\/\/www.notariat-schoeffmann.at\/en\/company\/","title":{"rendered":"Company"},"content":{"rendered":"<div class=\"wpb-content-wrapper\"><p>[vc_row content_placement=&#8221;middle&#8221; el_class=&#8221;themenseite_header&#8221;][vc_column][vc_column_text el_class=&#8221;serif_headline_themenseite&#8221;]<\/p>\n<h1 style=\"text-align: left;\">Company<\/h1>\n<p>[\/vc_column_text][\/vc_column][\/vc_row][vc_row content_placement=&#8221;middle&#8221; el_class=&#8221;themenseite_header&#8221;][vc_column width=&#8221;2\/3&#8243;]<div class=\"video_image\" id=\"video_2c7bd482272f768a1eacb262e1eb61f3439e039e\"><video id=\"2c7bd482272f768a1eacb262e1eb61f3439e039e\" class=\"video_team_element\" src=\"https:\/\/www.notariat-schoeffmann.at\/wp-content\/uploads\/2021\/11\/trenner-startseite.mp4\" muted  autoplay playsinline  poster=\"\">Error<\/video><\/div>[\/vc_column][vc_column width=&#8221;1\/3&#8243;][vc_column_text css=&#8221;.vc_custom_1658818190587{margin-top: 0px !important;margin-bottom: 0px !important;}&#8221;]<strong>Most businesses start as sole proprietorships, where the founder can immediately begin to implement his business idea. However, it often turns out later that this was not the optimal option, for instances because all liabilities remained with the founder of the company alone.<\/strong><\/p>\n<div><em>These initial considerations already show that, in the founding process, the ideal legal form should in any case be examined. <\/em><\/div>\n<div><em>The notary is a competent contact for these questions of company law, as well as for all questions in relation to the safeguarding of private assets.<\/em><\/div>\n<p>[\/vc_column_text][\/vc_column][\/vc_row][vc_row disable_element=&#8221;yes&#8221;][vc_column][vc_empty_space][\/vc_column][\/vc_row][vc_row disable_element=&#8221;yes&#8221;][vc_column]<div class=\"schoeffmann_dynamic_buttons\" id=\"schoeffmann_dynamic_buttons_scroll\"><div class=\"btn-align-center\"><a href=\"https:\/\/www.notariat-schoeffmann.at\/unternehmen\/kapitalgesellschaften\/gmbh\/\" class=\"default-btn-shortcode dt-btn dt-btn-m link-hover-off anchor-link full-width-btn \" id=\"default-btn-4a0e923430ce144b0c1f134dde33a474f228ab70\"><span>GmbH (Austrian Limited Liability Company)<\/span><\/a><\/div><div class=\"btn-align-center\"><a href=\"https:\/\/www.notariat-schoeffmann.at\/unternehmen\/kapitalgesellschaften\/gmbh\/checkliste-zur-gmbh-gruendung\/\" class=\"default-btn-shortcode dt-btn dt-btn-m link-hover-off anchor-link full-width-btn \" id=\"default-btn-0ca4fbc228ca734195f96da8f3472d65a06fea39\"><span>Checklist For Founding a GmbH<\/span><\/a><\/div><div class=\"btn-align-center\"><a href=\"\" class=\"default-btn-shortcode dt-btn dt-btn-m link-hover-off anchor-link full-width-btn \" id=\"default-btn-9c1185a5c5e9fc54612808977ee8f548b2258d31\"><span><\/span><\/a><\/div><div class=\"btn-align-center\"><a href=\"\" class=\"default-btn-shortcode dt-btn dt-btn-m link-hover-off anchor-link full-width-btn \" id=\"default-btn-9c1185a5c5e9fc54612808977ee8f548b2258d31\"><span><\/span><\/a><\/div><\/div>[\/vc_column][\/vc_row][vc_row disable_element=&#8221;yes&#8221;][vc_column][vc_empty_space height=&#8221;64px&#8221;]<div id=\"schoeffmann_sitemap_scroll\" class=\"sitemap_nav_wrapper\"><div class=\"fake-h2\">Sitemap<\/div><div class=\"sitemap_nav\"><div id=\"pages_custom_standard\" class=\"pages_custom\"><ul id=\"pages_custom_standard_menu\" class=\"pages_custom_menu\"><li id=\"menu-item-2941\" class=\"menu-item menu-item-type-post_type menu-item-object-page menu-item-2941\">Notary<\/li>\n<li id=\"menu-item-2942\" class=\"menu-item menu-item-type-post_type menu-item-object-page menu-item-2942\">Our Team<\/li>\n<li id=\"menu-item-2943\" class=\"menu-item menu-item-type-post_type menu-item-object-page menu-item-2943\">Company<\/li>\n<li id=\"menu-item-2944\" class=\"menu-item menu-item-type-post_type menu-item-object-page menu-item-2944\">Building &#038; Living<\/li>\n<li id=\"menu-item-2947\" class=\"menu-item menu-item-type-post_type menu-item-object-page menu-item-2947\">Inherit &#038; pass on<\/li>\n<li id=\"menu-item-2945\" class=\"menu-item menu-item-type-post_type menu-item-object-page menu-item-2945\">Family Law<\/li>\n<li id=\"menu-item-2946\" class=\"menu-item menu-item-type-post_type menu-item-object-page menu-item-2946\">Prevention<\/li>\n<\/ul><\/div><\/div><div style=\"clear:both;\"><\/div><\/div><ul class=\"wpb_page_list disabled\" id=\"select_menu-item-940\"><\/ul><ul class=\"wpb_page_list disabled\" id=\"select_menu-item-796\"><li class=\"page_item page-item-29\"><a href=\"https:\/\/www.notariat-schoeffmann.at\/de\/unser-team\/\" data-wpel-link=\"internal\">Unser Team<\/a><\/li><li class=\"page_item page-item-29\"><a href=\"https:\/\/www.notariat-schoeffmann.at\/de\/unser-team\/#scroll_juristen\" data-wpel-link=\"internal\">Juristen<\/a><\/li><li class=\"page_item page-item-29\"><a href=\"https:\/\/www.notariat-schoeffmann.at\/de\/unser-team\/#scroll_team\" data-wpel-link=\"internal\">Team<\/a><\/li><\/ul><ul class=\"wpb_page_list disabled\" id=\"select_menu-item-629\"><\/ul><ul class=\"wpb_page_list disabled\" id=\"select_menu-item-962\"><\/ul><ul class=\"wpb_page_list disabled\" id=\"select_menu-item-626\"><\/ul><ul class=\"wpb_page_list disabled\" id=\"select_menu-item-627\"><\/ul><ul class=\"wpb_page_list disabled\" id=\"select_menu-item-961\"><\/ul>[\/vc_column][\/vc_row][vc_row el_id=&#8221;scroll_juristen&#8221;][vc_column][vc_empty_space height=&#8221;64px&#8221;][vc_column_text el_class=&#8221;thema_headline&#8221;]<\/p>\n<h2 style=\"text-align: center;\">More About This Topic<\/h2>\n<p>[\/vc_column_text][vc_empty_space height=&#8221;64px&#8221;][vc_row_inner][vc_column_inner width=&#8221;1\/4&#8243;][\/vc_column_inner][vc_column_inner el_class=&#8221;frontpage_online_icons&#8221; width=&#8221;1\/4&#8243;]<div class=\"schoeffmann_image_box\"><a title=\"Videos\" href=\"https:\/\/www.notariat-schoeffmann.at\/videos\/\"><div class=\"schoeffmann_image_box_img\"><img decoding=\"async\" width=\"280\" height=\"198\" src=\"https:\/\/www.notariat-schoeffmann.at\/wp-content\/uploads\/2021\/09\/videos-vom-notar.png\" class=\"attachment-full size-full\" alt=\"\" \/><\/div><h4>VIDEOS OF NOTARY<\/h4><\/a><\/div>[\/vc_column_inner][vc_column_inner el_class=&#8221;frontpage_online_icons&#8221; width=&#8221;1\/4&#8243;]<div class=\"schoeffmann_image_box\"><a title=\"Videos\" href=\"https:\/\/www.notariat-schoeffmann.at\/broschueren\/\"><div class=\"schoeffmann_image_box_img\"><img decoding=\"async\" width=\"280\" height=\"198\" src=\"https:\/\/www.notariat-schoeffmann.at\/wp-content\/uploads\/2021\/09\/borschuere-2.png\" class=\"attachment-full size-full\" alt=\"Bild von Brosch\u00fcren zum Thema &quot;Erben und Vererben&quot; und &quot;Selbstbestimmt alt werden&quot;\" \/><\/div><h4>FREE BROCHURES<\/h4><\/a><\/div>[\/vc_column_inner][vc_column_inner width=&#8221;1\/4&#8243;][\/vc_column_inner][\/vc_row_inner][\/vc_column][\/vc_row][vc_row][vc_column][vc_empty_space][\/vc_column][\/vc_row][vc_row gap=&#8221;35&#8243; el_class=&#8221;overlay_box&#8221;][vc_column width=&#8221;1\/2&#8243;]<div class=\"querverweis_wrapper blue_bg_box\"><h2>Durable Power of Attorney of the Entrepreneur<\/h2><h3>How do I properly provide for the loss of my decision-making capacity?<\/h3><a href=\"https:\/\/www.notariat-schoeffmann.at\/unternehmen\/unternehmensnachfolge\/vorsorgevollmacht-des-unternehmers\/\" class=\"default-btn-shortcode dt-btn link-hover-off btn-inline-left btn-flat \" title=\"Durable Power of Attorney of the Entrepreneur\"><span>MEHR &gt;<\/span><\/a><\/div>[\/vc_column][vc_column width=&#8221;1\/2&#8243;]<div class=\"querverweis_wrapper blue_bg_box\"><h2>Entrepreneurial wills<\/h2><h3>How do I make proper provisions in the event of death?<\/h3><a href=\"https:\/\/www.notariat-schoeffmann.at\/erben-vererben\/unternehmensnachfolge\/unternehmensvorsorge\/\" class=\"default-btn-shortcode dt-btn link-hover-off btn-inline-left btn-flat \" title=\"Entrepreneurial wills\"><span>MEHR &gt;<\/span><\/a><\/div>[\/vc_column][\/vc_row][vc_row full_width=&#8221;stretch_row_content_no_spaces&#8221; full_height=&#8221;yes&#8221; css_animation=&#8221;fadeIn&#8221; bg_type=&#8221;video&#8221; video_url=&#8221;https:\/\/www.notariat-schoeffmann.at\/wp-content\/uploads\/2021\/11\/trenner-startseite.mp4&#8243; video_opts=&#8221;loop,muted&#8221; video_poster=&#8221;id^527|url^https:\/\/www.notariat-schoeffmann.at\/wp-content\/uploads\/2021\/08\/schoeffmann-trenner-2.jpg|caption^Notariat Scho\u0308ffmann 2018-04-02|alt^null|title^Notariat Scho\u0308ffmann 2018-04-02|description^null&#8221;][vc_column width=&#8221;1\/4&#8243;][\/vc_column][vc_column width=&#8221;1\/2&#8243;][vc_empty_space height=&#8221;80px&#8221;][vc_column_text el_class=&#8221;teiler_headline&#8221;]<\/p>\n<h2 style=\"text-align: center;\"><span class=\"Y2IQFc\" lang=\"en\">Deeds from the notary create a balanced situation and legal freedom. <\/span><\/h2>\n<h2 style=\"text-align: center;\"><span class=\"Y2IQFc\" lang=\"en\">Or has anyone ever threatened you with the notary?<\/span><\/h2>\n<pre id=\"tw-target-text\" class=\"tw-data-text tw-text-large tw-ta\" dir=\"ltr\" data-placeholder=\"\u00dcbersetzung\"><span class=\"Y2IQFc\" lang=\"en\">\u00a0<\/span><\/pre>\n<p>[\/vc_column_text][vc_empty_space height=&#8221;80px&#8221;][\/vc_column][vc_column width=&#8221;1\/4&#8243;][\/vc_column][\/vc_row]<\/p>\n<\/div>","protected":false},"excerpt":{"rendered":"<p>[vc_row content_placement=&#8221;middle&#8221; el_class=&#8221;themenseite_header&#8221;][vc_column][vc_column_text el_class=&#8221;serif_headline_themenseite&#8221;] Company [\/vc_column_text][\/vc_column][\/vc_row][vc_row content_placement=&#8221;middle&#8221; el_class=&#8221;themenseite_header&#8221;][vc_column width=&#8221;2\/3&#8243;][\/vc_column][vc_column width=&#8221;1\/3&#8243;][vc_column_text css=&#8221;.vc_custom_1658818190587{margin-top: 0px !important;margin-bottom: 0px !important;}&#8221;]Most businesses start as sole proprietorships, where the founder can immediately begin to implement his business idea. However, it often turns out later that this was not the optimal option, for instances because all liabilities remained with the founder of the&hellip;<\/p>\n","protected":false},"author":3,"featured_media":0,"parent":0,"menu_order":0,"comment_status":"closed","ping_status":"closed","template":"","meta":{"inline_featured_image":false,"footnotes":""},"categories":[],"class_list":["post-2537","page","type-page","status-publish","hentry","description-off"],"yoast_head":"<!-- This site is optimized with the Yoast SEO Premium plugin v26.7 (Yoast SEO v27.4) - https:\/\/yoast.com\/product\/yoast-seo-premium-wordpress\/ -->\n<title>Company &#8211; Notariat Sch\u00f6ffmann<\/title>\n<meta name=\"description\" content=\"Notariat Mag. Klaus Sch\u00f6ffmann: Ihr Notar in Klagenfurt am W\u00f6rthersee. Individuelle Rechtsberatung f\u00fcr Unternehmen und Privatpersonen. Unsere erste Rechtsauskunft ist f\u00fcr Sie kostenfrei!\" \/>\n<meta name=\"robots\" content=\"index, follow, max-snippet:-1, max-image-preview:large, max-video-preview:-1\" \/>\n<link rel=\"canonical\" href=\"https:\/\/www.notariat-schoeffmann.at\/en\/company\/\" \/>\n<meta property=\"og:locale\" content=\"en_US\" \/>\n<meta property=\"og:type\" content=\"article\" \/>\n<meta property=\"og:title\" content=\"Company - Notariat Sch\u00f6ffmann\" \/>\n<meta property=\"og:description\" content=\"Notariat Mag. Klaus Sch\u00f6ffmann: Ihr Notar in Klagenfurt am W\u00f6rthersee. Individuelle Rechtsberatung f\u00fcr Unternehmen und Privatpersonen. Unsere erste Rechtsauskunft ist f\u00fcr Sie kostenfrei!\" \/>\n<meta property=\"og:url\" content=\"https:\/\/www.notariat-schoeffmann.at\/en\/company\/\" \/>\n<meta property=\"og:site_name\" content=\"Notariat Sch\u00f6ffmann\" \/>\n<meta property=\"article:publisher\" content=\"https:\/\/www.facebook.com\/NotarKlagenfurt\" \/>\n<meta property=\"article:modified_time\" content=\"2022-07-26T07:40:41+00:00\" \/>\n<meta property=\"og:image\" content=\"https:\/\/www.notariat-schoeffmann.at\/wp-content\/uploads\/2021\/11\/Juristen-1.jpg\" \/>\n\t<meta property=\"og:image:width\" content=\"1600\" \/>\n\t<meta property=\"og:image:height\" content=\"1067\" \/>\n\t<meta property=\"og:image:type\" content=\"image\/jpeg\" \/>\n<meta name=\"twitter:card\" content=\"summary_large_image\" \/>\n<script type=\"application\/ld+json\" class=\"yoast-schema-graph\">{\"@context\":\"https:\\\/\\\/schema.org\",\"@graph\":[{\"@type\":\"WebPage\",\"@id\":\"https:\\\/\\\/www.notariat-schoeffmann.at\\\/en\\\/company\\\/\",\"url\":\"https:\\\/\\\/www.notariat-schoeffmann.at\\\/en\\\/company\\\/\",\"name\":\"Company &#8211; Notariat Sch\u00f6ffmann\",\"isPartOf\":{\"@id\":\"https:\\\/\\\/www.notariat-schoeffmann.at\\\/en\\\/#website\"},\"datePublished\":\"2022-03-18T09:55:27+00:00\",\"dateModified\":\"2022-07-26T07:40:41+00:00\",\"description\":\"Notariat Mag. Klaus Sch\u00f6ffmann: Ihr Notar in Klagenfurt am W\u00f6rthersee. Individuelle Rechtsberatung f\u00fcr Unternehmen und Privatpersonen. Unsere erste Rechtsauskunft ist f\u00fcr Sie kostenfrei!\",\"breadcrumb\":{\"@id\":\"https:\\\/\\\/www.notariat-schoeffmann.at\\\/en\\\/company\\\/#breadcrumb\"},\"inLanguage\":\"en-US\",\"potentialAction\":[{\"@type\":\"ReadAction\",\"target\":[\"https:\\\/\\\/www.notariat-schoeffmann.at\\\/en\\\/company\\\/\"]}]},{\"@type\":\"BreadcrumbList\",\"@id\":\"https:\\\/\\\/www.notariat-schoeffmann.at\\\/en\\\/company\\\/#breadcrumb\",\"itemListElement\":[{\"@type\":\"ListItem\",\"position\":1,\"name\":\"Startseite\",\"item\":\"https:\\\/\\\/www.notariat-schoeffmann.at\\\/en\\\/\"},{\"@type\":\"ListItem\",\"position\":2,\"name\":\"Company\"}]},{\"@type\":\"WebSite\",\"@id\":\"https:\\\/\\\/www.notariat-schoeffmann.at\\\/en\\\/#website\",\"url\":\"https:\\\/\\\/www.notariat-schoeffmann.at\\\/en\\\/\",\"name\":\"Notariat Sch\u00f6ffmann\",\"description\":\"Mag. Klaus Sch\u00f6ffmann - Ihr Notar in Klagenfurt\",\"publisher\":{\"@id\":\"https:\\\/\\\/www.notariat-schoeffmann.at\\\/en\\\/#organization\"},\"potentialAction\":[{\"@type\":\"SearchAction\",\"target\":{\"@type\":\"EntryPoint\",\"urlTemplate\":\"https:\\\/\\\/www.notariat-schoeffmann.at\\\/en\\\/?s={search_term_string}\"},\"query-input\":{\"@type\":\"PropertyValueSpecification\",\"valueRequired\":true,\"valueName\":\"search_term_string\"}}],\"inLanguage\":\"en-US\"},{\"@type\":\"Organization\",\"@id\":\"https:\\\/\\\/www.notariat-schoeffmann.at\\\/en\\\/#organization\",\"name\":\"Notariat Mag. Klaus Sch\u00f6ffmann Klagenfurt\",\"url\":\"https:\\\/\\\/www.notariat-schoeffmann.at\\\/en\\\/\",\"logo\":{\"@type\":\"ImageObject\",\"inLanguage\":\"en-US\",\"@id\":\"https:\\\/\\\/www.notariat-schoeffmann.at\\\/en\\\/#\\\/schema\\\/logo\\\/image\\\/\",\"url\":\"https:\\\/\\\/www.notariat-schoeffmann.at\\\/wp-content\\\/uploads\\\/2022\\\/02\\\/logo-notariat-schoeffmann.jpg\",\"contentUrl\":\"https:\\\/\\\/www.notariat-schoeffmann.at\\\/wp-content\\\/uploads\\\/2022\\\/02\\\/logo-notariat-schoeffmann.jpg\",\"width\":600,\"height\":600,\"caption\":\"Notariat Mag. Klaus Sch\u00f6ffmann Klagenfurt\"},\"image\":{\"@id\":\"https:\\\/\\\/www.notariat-schoeffmann.at\\\/en\\\/#\\\/schema\\\/logo\\\/image\\\/\"},\"sameAs\":[\"https:\\\/\\\/www.facebook.com\\\/NotarKlagenfurt\",\"https:\\\/\\\/www.youtube.com\\\/channel\\\/UCaITfbIQh6VIpzEonUsIhcg\"]}]}<\/script>\n<!-- \/ Yoast SEO Premium plugin. -->","yoast_head_json":{"title":"Company &#8211; Notariat Sch\u00f6ffmann","description":"Notariat Mag. Klaus Sch\u00f6ffmann: Ihr Notar in Klagenfurt am W\u00f6rthersee. Individuelle Rechtsberatung f\u00fcr Unternehmen und Privatpersonen. Unsere erste Rechtsauskunft ist f\u00fcr Sie kostenfrei!","robots":{"index":"index","follow":"follow","max-snippet":"max-snippet:-1","max-image-preview":"max-image-preview:large","max-video-preview":"max-video-preview:-1"},"canonical":"https:\/\/www.notariat-schoeffmann.at\/en\/company\/","og_locale":"en_US","og_type":"article","og_title":"Company - Notariat Sch\u00f6ffmann","og_description":"Notariat Mag. Klaus Sch\u00f6ffmann: Ihr Notar in Klagenfurt am W\u00f6rthersee. Individuelle Rechtsberatung f\u00fcr Unternehmen und Privatpersonen. Unsere erste Rechtsauskunft ist f\u00fcr Sie kostenfrei!","og_url":"https:\/\/www.notariat-schoeffmann.at\/en\/company\/","og_site_name":"Notariat Sch\u00f6ffmann","article_publisher":"https:\/\/www.facebook.com\/NotarKlagenfurt","article_modified_time":"2022-07-26T07:40:41+00:00","og_image":[{"width":1600,"height":1067,"url":"https:\/\/www.notariat-schoeffmann.at\/wp-content\/uploads\/2021\/11\/Juristen-1.jpg","type":"image\/jpeg"}],"twitter_card":"summary_large_image","schema":{"@context":"https:\/\/schema.org","@graph":[{"@type":"WebPage","@id":"https:\/\/www.notariat-schoeffmann.at\/en\/company\/","url":"https:\/\/www.notariat-schoeffmann.at\/en\/company\/","name":"Company &#8211; Notariat Sch\u00f6ffmann","isPartOf":{"@id":"https:\/\/www.notariat-schoeffmann.at\/en\/#website"},"datePublished":"2022-03-18T09:55:27+00:00","dateModified":"2022-07-26T07:40:41+00:00","description":"Notariat Mag. Klaus Sch\u00f6ffmann: Ihr Notar in Klagenfurt am W\u00f6rthersee. Individuelle Rechtsberatung f\u00fcr Unternehmen und Privatpersonen. Unsere erste Rechtsauskunft ist f\u00fcr Sie kostenfrei!","breadcrumb":{"@id":"https:\/\/www.notariat-schoeffmann.at\/en\/company\/#breadcrumb"},"inLanguage":"en-US","potentialAction":[{"@type":"ReadAction","target":["https:\/\/www.notariat-schoeffmann.at\/en\/company\/"]}]},{"@type":"BreadcrumbList","@id":"https:\/\/www.notariat-schoeffmann.at\/en\/company\/#breadcrumb","itemListElement":[{"@type":"ListItem","position":1,"name":"Startseite","item":"https:\/\/www.notariat-schoeffmann.at\/en\/"},{"@type":"ListItem","position":2,"name":"Company"}]},{"@type":"WebSite","@id":"https:\/\/www.notariat-schoeffmann.at\/en\/#website","url":"https:\/\/www.notariat-schoeffmann.at\/en\/","name":"Notariat Sch\u00f6ffmann","description":"Mag. Klaus Sch\u00f6ffmann - Ihr Notar in Klagenfurt","publisher":{"@id":"https:\/\/www.notariat-schoeffmann.at\/en\/#organization"},"potentialAction":[{"@type":"SearchAction","target":{"@type":"EntryPoint","urlTemplate":"https:\/\/www.notariat-schoeffmann.at\/en\/?s={search_term_string}"},"query-input":{"@type":"PropertyValueSpecification","valueRequired":true,"valueName":"search_term_string"}}],"inLanguage":"en-US"},{"@type":"Organization","@id":"https:\/\/www.notariat-schoeffmann.at\/en\/#organization","name":"Notariat Mag. Klaus Sch\u00f6ffmann Klagenfurt","url":"https:\/\/www.notariat-schoeffmann.at\/en\/","logo":{"@type":"ImageObject","inLanguage":"en-US","@id":"https:\/\/www.notariat-schoeffmann.at\/en\/#\/schema\/logo\/image\/","url":"https:\/\/www.notariat-schoeffmann.at\/wp-content\/uploads\/2022\/02\/logo-notariat-schoeffmann.jpg","contentUrl":"https:\/\/www.notariat-schoeffmann.at\/wp-content\/uploads\/2022\/02\/logo-notariat-schoeffmann.jpg","width":600,"height":600,"caption":"Notariat Mag. Klaus Sch\u00f6ffmann Klagenfurt"},"image":{"@id":"https:\/\/www.notariat-schoeffmann.at\/en\/#\/schema\/logo\/image\/"},"sameAs":["https:\/\/www.facebook.com\/NotarKlagenfurt","https:\/\/www.youtube.com\/channel\/UCaITfbIQh6VIpzEonUsIhcg"]}]}},"_links":{"self":[{"href":"https:\/\/www.notariat-schoeffmann.at\/en\/wp-json\/wp\/v2\/pages\/2537","targetHints":{"allow":["GET"]}}],"collection":[{"href":"https:\/\/www.notariat-schoeffmann.at\/en\/wp-json\/wp\/v2\/pages"}],"about":[{"href":"https:\/\/www.notariat-schoeffmann.at\/en\/wp-json\/wp\/v2\/types\/page"}],"author":[{"embeddable":true,"href":"https:\/\/www.notariat-schoeffmann.at\/en\/wp-json\/wp\/v2\/users\/3"}],"replies":[{"embeddable":true,"href":"https:\/\/www.notariat-schoeffmann.at\/en\/wp-json\/wp\/v2\/comments?post=2537"}],"version-history":[{"count":10,"href":"https:\/\/www.notariat-schoeffmann.at\/en\/wp-json\/wp\/v2\/pages\/2537\/revisions"}],"predecessor-version":[{"id":2971,"href":"https:\/\/www.notariat-schoeffmann.at\/en\/wp-json\/wp\/v2\/pages\/2537\/revisions\/2971"}],"wp:attachment":[{"href":"https:\/\/www.notariat-schoeffmann.at\/en\/wp-json\/wp\/v2\/media?parent=2537"}],"wp:term":[{"taxonomy":"category","embeddable":true,"href":"https:\/\/www.notariat-schoeffmann.at\/en\/wp-json\/wp\/v2\/categories?post=2537"}],"curies":[{"name":"wp","href":"https:\/\/api.w.org\/{rel}","templated":true}]}}