{"id":99,"date":"2021-09-12T16:32:25","date_gmt":"2021-08-09T07:06:27","guid":{"rendered":"https:\/\/www.notariat-schoeffmann.at\/?page_id=99"},"modified":"2022-03-22T18:05:46","modified_gmt":"2022-03-22T17:05:46","slug":"impressum","status":"publish","type":"page","link":"https:\/\/www.notariat-schoeffmann.at\/de\/impressum\/","title":{"rendered":"Impressum"},"content":{"rendered":"\n<p><b>Notariat Mag. Klaus Sch\u00f6ffmann<\/b><\/p>\n\n\n\n<p>Alter Platz 22\/2,&nbsp;9020 Klagenfurt am W\u00f6rthersee<\/p>\n\n\n\n<p>Telefon: +43 463 509 508<\/p>\n\n\n\n<p>E-Mail:&nbsp;<a title=\"mailto office@notariat-schoeffmann.at\" href=\"mailto:office@notariat-schoeffmann.at\">office@notariat-schoeffmann.at<\/a><\/p>\n\n\n\n<p>UID: ATU59832355 |&nbsp;Notariats-Code: 404 007<\/p>\n\n\n\n<p><strong>Aufsichtsbeh\u00f6rde: Notariatskammer f\u00fcr K\u00e4rnten<\/strong><\/p>\n\n\n\n<p>Lakeside B11a,&nbsp;9020 Klagenfurt am W\u00f6rthersee<\/p>\n\n\n\n<p><a href=\"http:\/\/www.notar.or.at\/\" target=\"_blank\" rel=\"noopener\">www.notar.or.at<\/a>&nbsp;(Angaben gem\u00e4\u00df \u00a7 5 E-Commerce Gesetz)<\/p>\n\n\n\n<p>Notariatsordnung in der geltenden Fassung, abfragbar \u00fcber&nbsp;<a href=\"http:\/\/www.ris.bka.gv.at\/\" target=\"_blank\" rel=\"noopener\">www.ris.bka.gv.at<\/a><\/p>\n\n\n\n<p>Sollte Ihnen auf diesen Seiten ein Fehler auffallen, oder haben Sie Anregungen, w\u00e4re ich Ihnen f\u00fcr eine kurze Mitteilung (<a title=\"mailto office@notariat-schoeffmann.at\" href=\"mailto:office@notariat-schoeffmann.at\">office@notariat-schoeffmann.at<\/a>) dankbar.<\/p>\n\n\n\n<p>Copyright: <a title=\"mailto office@notariat-schoeffmann.at\" href=\"mailto:office@notariat-schoeffmann.at\">Mag. Klaus Sch\u00f6ffmann<\/a><\/p>\n","protected":false},"excerpt":{"rendered":"<p>Notariat Mag. Klaus Sch\u00f6ffmann Alter Platz 22\/2,&nbsp;9020 Klagenfurt am W\u00f6rthersee Telefon: +43 463 509 508 E-Mail:&nbsp;office@notariat-schoeffmann.at UID: ATU59832355 |&nbsp;Notariats-Code: 404 007 Aufsichtsbeh\u00f6rde: Notariatskammer f\u00fcr K\u00e4rnten Lakeside B11a,&nbsp;9020 Klagenfurt am W\u00f6rthersee www.notar.or.at&nbsp;(Angaben gem\u00e4\u00df \u00a7 5 E-Commerce Gesetz) Notariatsordnung in der geltenden Fassung, abfragbar \u00fcber&nbsp;www.ris.bka.gv.at Sollte Ihnen auf diesen Seiten ein Fehler auffallen, oder haben Sie Anregungen,&hellip;<\/p>\n","protected":false},"author":3,"featured_media":0,"parent":0,"menu_order":6,"comment_status":"closed","ping_status":"closed","template":"","meta":{"inline_featured_image":false,"footnotes":""},"categories":[],"class_list":["post-99","page","type-page","status-publish","hentry","description-off"],"yoast_head":"<!-- This site is optimized with the Yoast SEO Premium plugin v26.7 (Yoast SEO v27.4) - https:\/\/yoast.com\/product\/yoast-seo-premium-wordpress\/ -->\n<title>Impressum &#8211; Notariat Sch\u00f6ffmann<\/title>\n<meta name=\"description\" content=\"Impressum Notariat Mag. Klaus Sch\u00f6ffmann, Alter Platz 22\/2, A-9020 Klagenfurt am W\u00f6rthersee \u2706 +43(0)463\/509508 \u2709 office@notariat-schoeffmann.at\" \/>\n<meta name=\"robots\" content=\"index, follow, max-snippet:-1, max-image-preview:large, max-video-preview:-1\" \/>\n<link rel=\"canonical\" href=\"https:\/\/www.notariat-schoeffmann.at\/de\/impressum\/\" \/>\n<meta property=\"og:locale\" content=\"de_DE\" \/>\n<meta property=\"og:type\" content=\"article\" \/>\n<meta property=\"og:title\" content=\"Impressum - Notariat Sch\u00f6ffmann\" \/>\n<meta property=\"og:description\" content=\"Impressum Notariat Mag. Klaus Sch\u00f6ffmann, Alter Platz 22\/2, A-9020 Klagenfurt am W\u00f6rthersee \u2706 +43(0)463\/509508 \u2709 office@notariat-schoeffmann.at\" \/>\n<meta property=\"og:url\" content=\"https:\/\/www.notariat-schoeffmann.at\/de\/impressum\/\" \/>\n<meta property=\"og:site_name\" content=\"Notariat Sch\u00f6ffmann\" \/>\n<meta property=\"article:publisher\" content=\"https:\/\/www.facebook.com\/NotarKlagenfurt\" \/>\n<meta property=\"article:modified_time\" content=\"2022-03-22T17:05:46+00:00\" \/>\n<meta property=\"og:image\" content=\"https:\/\/www.notariat-schoeffmann.at\/wp-content\/uploads\/2021\/11\/Juristen-1.jpg\" \/>\n\t<meta property=\"og:image:width\" content=\"1600\" \/>\n\t<meta property=\"og:image:height\" content=\"1067\" \/>\n\t<meta property=\"og:image:type\" content=\"image\/jpeg\" \/>\n<meta name=\"twitter:card\" content=\"summary_large_image\" \/>\n<script type=\"application\/ld+json\" class=\"yoast-schema-graph\">{\"@context\":\"https:\\\/\\\/schema.org\",\"@graph\":[{\"@type\":\"WebPage\",\"@id\":\"https:\\\/\\\/www.notariat-schoeffmann.at\\\/de\\\/impressum\\\/\",\"url\":\"https:\\\/\\\/www.notariat-schoeffmann.at\\\/de\\\/impressum\\\/\",\"name\":\"Impressum &#8211; Notariat Sch\u00f6ffmann\",\"isPartOf\":{\"@id\":\"https:\\\/\\\/www.notariat-schoeffmann.at\\\/de\\\/#website\"},\"datePublished\":\"2021-08-09T07:06:27+00:00\",\"dateModified\":\"2022-03-22T17:05:46+00:00\",\"description\":\"Impressum Notariat Mag. Klaus Sch\u00f6ffmann, Alter Platz 22\\\/2, A-9020 Klagenfurt am W\u00f6rthersee \u2706 +43(0)463\\\/509508 \u2709 office@notariat-schoeffmann.at\",\"breadcrumb\":{\"@id\":\"https:\\\/\\\/www.notariat-schoeffmann.at\\\/de\\\/impressum\\\/#breadcrumb\"},\"inLanguage\":\"de\",\"potentialAction\":[{\"@type\":\"ReadAction\",\"target\":[\"https:\\\/\\\/www.notariat-schoeffmann.at\\\/de\\\/impressum\\\/\"]}]},{\"@type\":\"BreadcrumbList\",\"@id\":\"https:\\\/\\\/www.notariat-schoeffmann.at\\\/de\\\/impressum\\\/#breadcrumb\",\"itemListElement\":[{\"@type\":\"ListItem\",\"position\":1,\"name\":\"Startseite\",\"item\":\"https:\\\/\\\/www.notariat-schoeffmann.at\\\/de\\\/\"},{\"@type\":\"ListItem\",\"position\":2,\"name\":\"Impressum\"}]},{\"@type\":\"WebSite\",\"@id\":\"https:\\\/\\\/www.notariat-schoeffmann.at\\\/de\\\/#website\",\"url\":\"https:\\\/\\\/www.notariat-schoeffmann.at\\\/de\\\/\",\"name\":\"Notariat Sch\u00f6ffmann\",\"description\":\"Mag. Klaus Sch\u00f6ffmann - Ihr Notar in Klagenfurt\",\"publisher\":{\"@id\":\"https:\\\/\\\/www.notariat-schoeffmann.at\\\/de\\\/#organization\"},\"potentialAction\":[{\"@type\":\"SearchAction\",\"target\":{\"@type\":\"EntryPoint\",\"urlTemplate\":\"https:\\\/\\\/www.notariat-schoeffmann.at\\\/de\\\/?s={search_term_string}\"},\"query-input\":{\"@type\":\"PropertyValueSpecification\",\"valueRequired\":true,\"valueName\":\"search_term_string\"}}],\"inLanguage\":\"de\"},{\"@type\":\"Organization\",\"@id\":\"https:\\\/\\\/www.notariat-schoeffmann.at\\\/de\\\/#organization\",\"name\":\"Notariat Mag. Klaus Sch\u00f6ffmann Klagenfurt\",\"url\":\"https:\\\/\\\/www.notariat-schoeffmann.at\\\/de\\\/\",\"logo\":{\"@type\":\"ImageObject\",\"inLanguage\":\"de\",\"@id\":\"https:\\\/\\\/www.notariat-schoeffmann.at\\\/de\\\/#\\\/schema\\\/logo\\\/image\\\/\",\"url\":\"https:\\\/\\\/www.notariat-schoeffmann.at\\\/wp-content\\\/uploads\\\/2022\\\/02\\\/logo-notariat-schoeffmann.jpg\",\"contentUrl\":\"https:\\\/\\\/www.notariat-schoeffmann.at\\\/wp-content\\\/uploads\\\/2022\\\/02\\\/logo-notariat-schoeffmann.jpg\",\"width\":600,\"height\":600,\"caption\":\"Notariat Mag. Klaus Sch\u00f6ffmann Klagenfurt\"},\"image\":{\"@id\":\"https:\\\/\\\/www.notariat-schoeffmann.at\\\/de\\\/#\\\/schema\\\/logo\\\/image\\\/\"},\"sameAs\":[\"https:\\\/\\\/www.facebook.com\\\/NotarKlagenfurt\",\"https:\\\/\\\/www.youtube.com\\\/channel\\\/UCaITfbIQh6VIpzEonUsIhcg\"]}]}<\/script>\n<!-- \/ Yoast SEO Premium plugin. -->","yoast_head_json":{"title":"Impressum &#8211; Notariat Sch\u00f6ffmann","description":"Impressum Notariat Mag. Klaus Sch\u00f6ffmann, Alter Platz 22\/2, A-9020 Klagenfurt am W\u00f6rthersee \u2706 +43(0)463\/509508 \u2709 office@notariat-schoeffmann.at","robots":{"index":"index","follow":"follow","max-snippet":"max-snippet:-1","max-image-preview":"max-image-preview:large","max-video-preview":"max-video-preview:-1"},"canonical":"https:\/\/www.notariat-schoeffmann.at\/de\/impressum\/","og_locale":"de_DE","og_type":"article","og_title":"Impressum - Notariat Sch\u00f6ffmann","og_description":"Impressum Notariat Mag. Klaus Sch\u00f6ffmann, Alter Platz 22\/2, A-9020 Klagenfurt am W\u00f6rthersee \u2706 +43(0)463\/509508 \u2709 office@notariat-schoeffmann.at","og_url":"https:\/\/www.notariat-schoeffmann.at\/de\/impressum\/","og_site_name":"Notariat Sch\u00f6ffmann","article_publisher":"https:\/\/www.facebook.com\/NotarKlagenfurt","article_modified_time":"2022-03-22T17:05:46+00:00","og_image":[{"width":1600,"height":1067,"url":"https:\/\/www.notariat-schoeffmann.at\/wp-content\/uploads\/2021\/11\/Juristen-1.jpg","type":"image\/jpeg"}],"twitter_card":"summary_large_image","schema":{"@context":"https:\/\/schema.org","@graph":[{"@type":"WebPage","@id":"https:\/\/www.notariat-schoeffmann.at\/de\/impressum\/","url":"https:\/\/www.notariat-schoeffmann.at\/de\/impressum\/","name":"Impressum &#8211; Notariat Sch\u00f6ffmann","isPartOf":{"@id":"https:\/\/www.notariat-schoeffmann.at\/de\/#website"},"datePublished":"2021-08-09T07:06:27+00:00","dateModified":"2022-03-22T17:05:46+00:00","description":"Impressum Notariat Mag. Klaus Sch\u00f6ffmann, Alter Platz 22\/2, A-9020 Klagenfurt am W\u00f6rthersee \u2706 +43(0)463\/509508 \u2709 office@notariat-schoeffmann.at","breadcrumb":{"@id":"https:\/\/www.notariat-schoeffmann.at\/de\/impressum\/#breadcrumb"},"inLanguage":"de","potentialAction":[{"@type":"ReadAction","target":["https:\/\/www.notariat-schoeffmann.at\/de\/impressum\/"]}]},{"@type":"BreadcrumbList","@id":"https:\/\/www.notariat-schoeffmann.at\/de\/impressum\/#breadcrumb","itemListElement":[{"@type":"ListItem","position":1,"name":"Startseite","item":"https:\/\/www.notariat-schoeffmann.at\/de\/"},{"@type":"ListItem","position":2,"name":"Impressum"}]},{"@type":"WebSite","@id":"https:\/\/www.notariat-schoeffmann.at\/de\/#website","url":"https:\/\/www.notariat-schoeffmann.at\/de\/","name":"Notariat Sch\u00f6ffmann","description":"Mag. Klaus Sch\u00f6ffmann - Ihr Notar in Klagenfurt","publisher":{"@id":"https:\/\/www.notariat-schoeffmann.at\/de\/#organization"},"potentialAction":[{"@type":"SearchAction","target":{"@type":"EntryPoint","urlTemplate":"https:\/\/www.notariat-schoeffmann.at\/de\/?s={search_term_string}"},"query-input":{"@type":"PropertyValueSpecification","valueRequired":true,"valueName":"search_term_string"}}],"inLanguage":"de"},{"@type":"Organization","@id":"https:\/\/www.notariat-schoeffmann.at\/de\/#organization","name":"Notariat Mag. Klaus Sch\u00f6ffmann Klagenfurt","url":"https:\/\/www.notariat-schoeffmann.at\/de\/","logo":{"@type":"ImageObject","inLanguage":"de","@id":"https:\/\/www.notariat-schoeffmann.at\/de\/#\/schema\/logo\/image\/","url":"https:\/\/www.notariat-schoeffmann.at\/wp-content\/uploads\/2022\/02\/logo-notariat-schoeffmann.jpg","contentUrl":"https:\/\/www.notariat-schoeffmann.at\/wp-content\/uploads\/2022\/02\/logo-notariat-schoeffmann.jpg","width":600,"height":600,"caption":"Notariat Mag. Klaus Sch\u00f6ffmann Klagenfurt"},"image":{"@id":"https:\/\/www.notariat-schoeffmann.at\/de\/#\/schema\/logo\/image\/"},"sameAs":["https:\/\/www.facebook.com\/NotarKlagenfurt","https:\/\/www.youtube.com\/channel\/UCaITfbIQh6VIpzEonUsIhcg"]}]}},"_links":{"self":[{"href":"https:\/\/www.notariat-schoeffmann.at\/de\/wp-json\/wp\/v2\/pages\/99","targetHints":{"allow":["GET"]}}],"collection":[{"href":"https:\/\/www.notariat-schoeffmann.at\/de\/wp-json\/wp\/v2\/pages"}],"about":[{"href":"https:\/\/www.notariat-schoeffmann.at\/de\/wp-json\/wp\/v2\/types\/page"}],"author":[{"embeddable":true,"href":"https:\/\/www.notariat-schoeffmann.at\/de\/wp-json\/wp\/v2\/users\/3"}],"replies":[{"embeddable":true,"href":"https:\/\/www.notariat-schoeffmann.at\/de\/wp-json\/wp\/v2\/comments?post=99"}],"version-history":[{"count":7,"href":"https:\/\/www.notariat-schoeffmann.at\/de\/wp-json\/wp\/v2\/pages\/99\/revisions"}],"predecessor-version":[{"id":2729,"href":"https:\/\/www.notariat-schoeffmann.at\/de\/wp-json\/wp\/v2\/pages\/99\/revisions\/2729"}],"wp:attachment":[{"href":"https:\/\/www.notariat-schoeffmann.at\/de\/wp-json\/wp\/v2\/media?parent=99"}],"wp:term":[{"taxonomy":"category","embeddable":true,"href":"https:\/\/www.notariat-schoeffmann.at\/de\/wp-json\/wp\/v2\/categories?post=99"}],"curies":[{"name":"wp","href":"https:\/\/api.w.org\/{rel}","templated":true}]}}