{"id":91,"date":"2021-08-09T09:00:36","date_gmt":"2021-08-09T07:00:36","guid":{"rendered":"https:\/\/www.notariat-schoeffmann.at\/?page_id=91"},"modified":"2022-03-25T10:57:50","modified_gmt":"2022-03-25T09:57:50","slug":"gesellschaftsgruendung","status":"publish","type":"page","link":"https:\/\/www.notariat-schoeffmann.at\/de\/notariat\/vorbereitung-erstbesprechung\/gesellschaftsgruendung\/","title":{"rendered":"Gesellschaftsgr\u00fcndung"},"content":{"rendered":"\n<h2 class=\"wp-block-heading\" id=\"h-checkliste-vorbereitung-gmbh\">Checkliste Vorbereitung (GmbH)<\/h2>\n\n\n\n<ul class=\"wp-block-list\"><li><b>Gesellschafter:<\/b><br>Name, Geburtsdaten, Adressen, Staatsb\u00fcrgerschaft, Sozialversicherungsnummer<\/li><li><b>Firmenname:<\/b><br>(ev. Kontakt mit Wirtschaftskammer zur Abkl\u00e4rung der Zul\u00e4ssigkeit des Firmenwortlauts, Achtung auf gesch\u00fctzte Marken)<\/li><li><b>Sitz des Unternehmens:<\/b><br>(politische Gemeinde), Gesch\u00e4ftsanschrift<\/li><li><b>Gegenstand des Unternehmens, konkrete Beschreibung der in Aussicht genommenen T\u00e4tigkeit <\/b><\/li><li><b>H\u00f6he des Stammkapitals:<\/b><br>(mindestens \u20ac 10.000,&#8211;)<\/li><li><b>H\u00f6he der von jedem Gesellschafter \u00fcbernommenen<\/b>&nbsp;<b>Stammeinlage (Gesch\u00e4ftsanteile) <\/b><\/li><li><b>Gesch\u00e4ftsf\u00fchrer:<\/b><br>Name, Geburtsdaten, Adressen, Staatsb\u00fcrgerschaft, Sozialversicherungsnummer<br>(falls mehrere gew\u00fcnscht, jeweils selbst\u00e4ndige oder nur gemeinsame Vertretungsbefugnis?)<\/li><li><b>Kl\u00e4rung, ob auch Sacheinlagen geleistet werden sollen<\/b>&nbsp;(Einbringung von Verm\u00f6gensgegenst\u00e4nden, Betrieben, Mitunternehmeranteilen o.\u00e4.)<\/li><li><b>Gespr\u00e4ch mit dem Steuerberater zur Information \u00fcber steuerliche Rahmenbedingungen<\/b><br>(erwartete Ums\u00e4tze, Liquidit\u00e4tsbedarf, Bilanzierung, Sozialversicherung etc.)<\/li><li><b>Kontakt mit der Wirtschaftskammer zur Abkl\u00e4rung allf\u00e4lliger F\u00f6rderungsm\u00f6glichkeiten, u.a. nach dem Neugr\u00fcndungsf\u00f6rderungsgesetz (NEUF\u00d6G) <\/b><\/li><li><b>Kontakt mit der Gewerbebeh\u00f6rde zur Abkl\u00e4rung der diesbez\u00fcglichen Rahmenbedingungen; Benennung eines gewerberechtlichen Gesch\u00e4ftsf\u00fchrers <\/b><\/li><li><b>Beratungsgespr\u00e4ch mit Ihrem Notar zur rechtlichen Analyse der gew\u00fcnschten Gesellschafterstruktur<\/b><br>(besondere Mehrheitserfordernisse, \u00dcbertragungsbeschr\u00e4nkungen der Anteile), zur inhaltlichen Ausgestaltung des Gesellschaftsvertrages, verbunden mit ausf\u00fchrlicher rechtlicher Beratung, insbesondere auch \u00fcber die Verantwortlichkeit des Gesch\u00e4ftsf\u00fchrers)<\/li><li><b>Er\u00f6ffnung eines Gesellschaftskontos, Einzahlung der bar zu leistenden Stammeinlage durch die Gesellschafter <\/b><\/li><li><b>Errichtung der Gesellschaft unter gleichzeitiger Anwesenheit aller Gesellschafter bei Ihrem Notar <\/b><\/li><li><b>Firmenbuch:<\/b><br>Die dortigen Eintragungen werden von Ihrem Notar beantragt, Sie m\u00fcssen diesbez\u00fcglich nichts mehr tun.<\/li><li><b>Firmenbuchauszug:<\/b><br>Wird Ihnen von Ihrem Notar \u00fcbermittelt, ab der Eintragung der Gesellschaft kann diese ihre T\u00e4tigkeit uneingeschr\u00e4nkt aufnehmen<\/li><\/ul>\n\n\n\n\n<h2>GmbH-Gr\u00fcndung in 48 Stunden:<\/h2>\n<h3>Geht das? &#8211; Ja, das geht!<\/h3>\n\n\n\n\n<p>Zur Gr\u00fcndung einer GmbH benn\u00f6tigen Sie einen Gesellschaftsvertrag (bei Ein-Personen-GmbHs Errichtungserkl\u00e4rung) in Form eines Notariatsaktes.&nbsp;Im Gesellschaftsvertrag vereinbaren die Gesch\u00e4ftspartner die wesentlichen &#8222;Spielregeln&#8220;.<\/p>\n\n\n\n<p>Rechtskundige Beratung bei Abschluss dieser Vereinbarung durch den Notar als Spezialist f\u00fcr Gesellschaftsrecht hilft Ihnen sp\u00e4teren Streitigkeiten zu vermeiden und bringt f\u00fcr Sie Rechtssicherheit mit sich. Der Notar ber\u00e4t Sie unparteiisch und informiert jeden Vertragsteil \u00fcber die Vor- und Nachteile von beabsichtigten Regelungen.<\/p>\n\n\n\n<p>Eine gute und gr\u00fcndliche Vorbereitung in der Gr\u00fcndungsphase ist auch ein wichtiger Beitrag f\u00fcr Ihren sp\u00e4teren unternehmerischen Erfolg.<\/p>\n\n\n\n<p>Eine GmbH kann &#8211; mit minimalen und leicht umsetzbaren gesetzlichen \u00c4nderungen wie die Aktualisierung des Firmenbuchs auf den heute \u00fcblichen technischen Standard und die Beschleunigung der Zuteilung von UID-Nummern (bisher im Schnitt 12 Werktage) &#8211; in nur zwei Tagen gegr\u00fcndet werden.<\/p>\n\n\n\n<p>Voraussetzung daf\u00fcr ist auch, dass die anderen Teilbereiche der Gr\u00fcndungsphase, unter anderem die solide Vorbereitung der Gesch\u00e4ftsidee, die Erarbeitung eines Businessplans, die Sicherung der Finanzierung und die Suche nach geeigneten Partnern, durchdacht und abgeschlossen sind. Dieser umfangreiche Prozess nimmt massiv Zeit in Anspruch.<\/p>\n\n\n\n<p>Von Seiten der Wirtschaftskammer sowie Teilen der Bundesregierung wird derzeit gefordert, dass die Gr\u00fcndung einer GmbH schneller gehen m\u00fcsse. Wie dargestallt kann von Seiten des Notariates eine GmbH in 48 Stunden gegr\u00fcndet sein. Das Notariat ist Garant f\u00fcr Rechtssicherheit, nicht nur zwischen den Vertratsparteien, sondern auch f\u00fcr Dritte &#8211; etwaige zuk\u00fcnftige Gesch\u00e4ftspartner &#8211; die auf Grund der Errichtung des GmbH-Vertrages als Notariatsakt und die daran ank\u00fcpfende Firmenbucheintrag auf deren Richtigkeit und Vollst\u00e4ndigkeit vertrauen k\u00f6nnen.<\/p>\n\n\n\n<p>Die t\u00e4gliche Erfahrung in Zusammenhang mit GmbH-Gr\u00fcndungen zeigt, dass die gute rechtliche Beratung vielen Jungunternehmern wichtiger ist, als die Geschwindigkeit der Gr\u00fcndung und dass andere Faktoren, wie die Erlangung der Gewerbeberechtigung, der Betriebsst\u00e4ttengenehmigung oder die Zuteilung der UID-Nummer die wahren Verz\u00f6gerer sind. Ohne UID-Nummer kann ein Unternehmen rechtlich keine Rechnung ausstellen. Insbesondere f\u00fcr ein Dienstleistungsunternehmen, die f\u00fcr ihre Leistungen unmittelbar bezahlt werden, ist das problematisch.<\/p>\n\n\n\n<p>Die rechtliche Beratung, die Errichtung des Gesellschaftsvertrages, die vorgeschriebenen Face-to-Face-Identit\u00e4tskontrollen zur Vermeidung der Gr\u00fcndung von Scheinfirmen zum Sozialbetrug oder zur Finanzierung von kriminellen Aktivit\u00e4ten und die digitale \u00dcbermittlung aller relevanten Unterlagen an das Firmenbuch erfolgen im One-Stop-Shop Notariat. Binnen 48 Stunden haben die Gr\u00fcnder ein Unternehmen, das arbeitsf\u00e4hig ist, und m\u00fcssen sich \u00fcber die rechtlichen Themen nicht mehr den Kopf zerbrechen &#8211; denn Zeit und Energie werden in erster Linie daf\u00fcr gebraucht, den gew\u00e4hlten Markt zu erobern. Das alles funktioniert, weil wir Notare in den digitalen Workflow der Justiz vollst\u00e4ndig eingebunden sind. Das ist gelebte F\u00f6rderung \u00f6sterreichischer Jungunternehmern &#8211; das Notariat als Partner am Weg zum erfolgreichen Unternehmen.<\/p>\n\n\n\n<p>Der plakative Ruf nach dem One-Stop-Shop, der f\u00fcr Gr\u00fcnder &#8211; m\u00f6glichst im Internet und unter Aufgabe der Rechtssicherheit, die den Wirtschaftsstandort \u00d6sterreich auszeichnet &#8211; eingerichtet werden soll, ist hinf\u00e4llig &#8211; denn diesen gibt es bereits: Ihr Notar.<\/p>\n","protected":false},"excerpt":{"rendered":"<p>Checkliste Vorbereitung (GmbH) Gesellschafter:Name, Geburtsdaten, Adressen, Staatsb\u00fcrgerschaft, Sozialversicherungsnummer Firmenname:(ev. Kontakt mit Wirtschaftskammer zur Abkl\u00e4rung der Zul\u00e4ssigkeit des Firmenwortlauts, Achtung auf gesch\u00fctzte Marken) Sitz des Unternehmens:(politische Gemeinde), Gesch\u00e4ftsanschrift Gegenstand des Unternehmens, konkrete Beschreibung der in Aussicht genommenen T\u00e4tigkeit H\u00f6he des Stammkapitals:(mindestens \u20ac 10.000,&#8211;) H\u00f6he der von jedem Gesellschafter \u00fcbernommenen&nbsp;Stammeinlage (Gesch\u00e4ftsanteile) Gesch\u00e4ftsf\u00fchrer:Name, Geburtsdaten, Adressen, Staatsb\u00fcrgerschaft, Sozialversicherungsnummer(falls mehrere&hellip;<\/p>\n","protected":false},"author":3,"featured_media":0,"parent":78,"menu_order":3,"comment_status":"closed","ping_status":"closed","template":"","meta":{"inline_featured_image":false,"footnotes":""},"categories":[],"class_list":["post-91","page","type-page","status-publish","hentry","description-off"],"yoast_head":"<!-- This site is optimized with the Yoast SEO Premium plugin v26.7 (Yoast SEO v27.3) - https:\/\/yoast.com\/product\/yoast-seo-premium-wordpress\/ -->\n<title>Gesellschaftsgr\u00fcndung &#8211; Notariat Sch\u00f6ffmann<\/title>\n<meta name=\"description\" content=\"Notariat Mag. Klaus Sch\u00f6ffmann: Ihr Notar in Klagenfurt am W\u00f6rthersee. Individuelle Rechtsberatung f\u00fcr Unternehmen und Privatpersonen. Unsere erste Rechtsauskunft ist f\u00fcr Sie kostenfrei!\" \/>\n<meta name=\"robots\" content=\"index, follow, max-snippet:-1, max-image-preview:large, max-video-preview:-1\" \/>\n<link rel=\"canonical\" href=\"https:\/\/www.notariat-schoeffmann.at\/de\/notariat\/vorbereitung-erstbesprechung\/gesellschaftsgruendung\/\" \/>\n<meta property=\"og:locale\" content=\"de_DE\" \/>\n<meta property=\"og:type\" content=\"article\" \/>\n<meta property=\"og:title\" content=\"Gesellschaftsgr\u00fcndung - Notariat Sch\u00f6ffmann\" \/>\n<meta property=\"og:description\" content=\"Notariat Mag. Klaus Sch\u00f6ffmann: Ihr Notar in Klagenfurt am W\u00f6rthersee. Individuelle Rechtsberatung f\u00fcr Unternehmen und Privatpersonen. Unsere erste Rechtsauskunft ist f\u00fcr Sie kostenfrei!\" \/>\n<meta property=\"og:url\" content=\"https:\/\/www.notariat-schoeffmann.at\/de\/notariat\/vorbereitung-erstbesprechung\/gesellschaftsgruendung\/\" \/>\n<meta property=\"og:site_name\" content=\"Notariat Sch\u00f6ffmann\" \/>\n<meta property=\"article:publisher\" content=\"https:\/\/www.facebook.com\/NotarKlagenfurt\" \/>\n<meta property=\"article:modified_time\" content=\"2022-03-25T09:57:50+00:00\" \/>\n<meta property=\"og:image\" content=\"https:\/\/www.notariat-schoeffmann.at\/wp-content\/uploads\/2021\/11\/Juristen-1.jpg\" \/>\n\t<meta property=\"og:image:width\" content=\"1600\" \/>\n\t<meta property=\"og:image:height\" content=\"1067\" \/>\n\t<meta property=\"og:image:type\" content=\"image\/jpeg\" \/>\n<meta name=\"twitter:card\" content=\"summary_large_image\" \/>\n<script type=\"application\/ld+json\" class=\"yoast-schema-graph\">{\"@context\":\"https:\\\/\\\/schema.org\",\"@graph\":[{\"@type\":\"WebPage\",\"@id\":\"https:\\\/\\\/www.notariat-schoeffmann.at\\\/de\\\/notariat\\\/vorbereitung-erstbesprechung\\\/gesellschaftsgruendung\\\/\",\"url\":\"https:\\\/\\\/www.notariat-schoeffmann.at\\\/de\\\/notariat\\\/vorbereitung-erstbesprechung\\\/gesellschaftsgruendung\\\/\",\"name\":\"Gesellschaftsgr\u00fcndung &#8211; Notariat Sch\u00f6ffmann\",\"isPartOf\":{\"@id\":\"https:\\\/\\\/www.notariat-schoeffmann.at\\\/de\\\/#website\"},\"datePublished\":\"2021-08-09T07:00:36+00:00\",\"dateModified\":\"2022-03-25T09:57:50+00:00\",\"description\":\"Notariat Mag. Klaus Sch\u00f6ffmann: Ihr Notar in Klagenfurt am W\u00f6rthersee. Individuelle Rechtsberatung f\u00fcr Unternehmen und Privatpersonen. Unsere erste Rechtsauskunft ist f\u00fcr Sie kostenfrei!\",\"breadcrumb\":{\"@id\":\"https:\\\/\\\/www.notariat-schoeffmann.at\\\/de\\\/notariat\\\/vorbereitung-erstbesprechung\\\/gesellschaftsgruendung\\\/#breadcrumb\"},\"inLanguage\":\"de\",\"potentialAction\":[{\"@type\":\"ReadAction\",\"target\":[\"https:\\\/\\\/www.notariat-schoeffmann.at\\\/de\\\/notariat\\\/vorbereitung-erstbesprechung\\\/gesellschaftsgruendung\\\/\"]}]},{\"@type\":\"BreadcrumbList\",\"@id\":\"https:\\\/\\\/www.notariat-schoeffmann.at\\\/de\\\/notariat\\\/vorbereitung-erstbesprechung\\\/gesellschaftsgruendung\\\/#breadcrumb\",\"itemListElement\":[{\"@type\":\"ListItem\",\"position\":1,\"name\":\"Startseite\",\"item\":\"https:\\\/\\\/www.notariat-schoeffmann.at\\\/de\\\/\"},{\"@type\":\"ListItem\",\"position\":2,\"name\":\"Notariat\",\"item\":\"https:\\\/\\\/www.notariat-schoeffmann.at\\\/de\\\/notariat\\\/\"},{\"@type\":\"ListItem\",\"position\":3,\"name\":\"Vorbereitung Erstbesprechung\",\"item\":\"https:\\\/\\\/www.notariat-schoeffmann.at\\\/de\\\/notariat\\\/vorbereitung-erstbesprechung\\\/\"},{\"@type\":\"ListItem\",\"position\":4,\"name\":\"Gesellschaftsgr\u00fcndung\"}]},{\"@type\":\"WebSite\",\"@id\":\"https:\\\/\\\/www.notariat-schoeffmann.at\\\/de\\\/#website\",\"url\":\"https:\\\/\\\/www.notariat-schoeffmann.at\\\/de\\\/\",\"name\":\"Notariat Sch\u00f6ffmann\",\"description\":\"Mag. Klaus Sch\u00f6ffmann - Ihr Notar in Klagenfurt\",\"publisher\":{\"@id\":\"https:\\\/\\\/www.notariat-schoeffmann.at\\\/de\\\/#organization\"},\"potentialAction\":[{\"@type\":\"SearchAction\",\"target\":{\"@type\":\"EntryPoint\",\"urlTemplate\":\"https:\\\/\\\/www.notariat-schoeffmann.at\\\/de\\\/?s={search_term_string}\"},\"query-input\":{\"@type\":\"PropertyValueSpecification\",\"valueRequired\":true,\"valueName\":\"search_term_string\"}}],\"inLanguage\":\"de\"},{\"@type\":\"Organization\",\"@id\":\"https:\\\/\\\/www.notariat-schoeffmann.at\\\/de\\\/#organization\",\"name\":\"Notariat Mag. Klaus Sch\u00f6ffmann Klagenfurt\",\"url\":\"https:\\\/\\\/www.notariat-schoeffmann.at\\\/de\\\/\",\"logo\":{\"@type\":\"ImageObject\",\"inLanguage\":\"de\",\"@id\":\"https:\\\/\\\/www.notariat-schoeffmann.at\\\/de\\\/#\\\/schema\\\/logo\\\/image\\\/\",\"url\":\"https:\\\/\\\/www.notariat-schoeffmann.at\\\/wp-content\\\/uploads\\\/2022\\\/02\\\/logo-notariat-schoeffmann.jpg\",\"contentUrl\":\"https:\\\/\\\/www.notariat-schoeffmann.at\\\/wp-content\\\/uploads\\\/2022\\\/02\\\/logo-notariat-schoeffmann.jpg\",\"width\":600,\"height\":600,\"caption\":\"Notariat Mag. Klaus Sch\u00f6ffmann Klagenfurt\"},\"image\":{\"@id\":\"https:\\\/\\\/www.notariat-schoeffmann.at\\\/de\\\/#\\\/schema\\\/logo\\\/image\\\/\"},\"sameAs\":[\"https:\\\/\\\/www.facebook.com\\\/NotarKlagenfurt\",\"https:\\\/\\\/www.youtube.com\\\/channel\\\/UCaITfbIQh6VIpzEonUsIhcg\"]}]}<\/script>\n<!-- \/ Yoast SEO Premium plugin. -->","yoast_head_json":{"title":"Gesellschaftsgr\u00fcndung &#8211; Notariat Sch\u00f6ffmann","description":"Notariat Mag. Klaus Sch\u00f6ffmann: Ihr Notar in Klagenfurt am W\u00f6rthersee. Individuelle Rechtsberatung f\u00fcr Unternehmen und Privatpersonen. Unsere erste Rechtsauskunft ist f\u00fcr Sie kostenfrei!","robots":{"index":"index","follow":"follow","max-snippet":"max-snippet:-1","max-image-preview":"max-image-preview:large","max-video-preview":"max-video-preview:-1"},"canonical":"https:\/\/www.notariat-schoeffmann.at\/de\/notariat\/vorbereitung-erstbesprechung\/gesellschaftsgruendung\/","og_locale":"de_DE","og_type":"article","og_title":"Gesellschaftsgr\u00fcndung - Notariat Sch\u00f6ffmann","og_description":"Notariat Mag. Klaus Sch\u00f6ffmann: Ihr Notar in Klagenfurt am W\u00f6rthersee. Individuelle Rechtsberatung f\u00fcr Unternehmen und Privatpersonen. Unsere erste Rechtsauskunft ist f\u00fcr Sie kostenfrei!","og_url":"https:\/\/www.notariat-schoeffmann.at\/de\/notariat\/vorbereitung-erstbesprechung\/gesellschaftsgruendung\/","og_site_name":"Notariat Sch\u00f6ffmann","article_publisher":"https:\/\/www.facebook.com\/NotarKlagenfurt","article_modified_time":"2022-03-25T09:57:50+00:00","og_image":[{"width":1600,"height":1067,"url":"https:\/\/www.notariat-schoeffmann.at\/wp-content\/uploads\/2021\/11\/Juristen-1.jpg","type":"image\/jpeg"}],"twitter_card":"summary_large_image","schema":{"@context":"https:\/\/schema.org","@graph":[{"@type":"WebPage","@id":"https:\/\/www.notariat-schoeffmann.at\/de\/notariat\/vorbereitung-erstbesprechung\/gesellschaftsgruendung\/","url":"https:\/\/www.notariat-schoeffmann.at\/de\/notariat\/vorbereitung-erstbesprechung\/gesellschaftsgruendung\/","name":"Gesellschaftsgr\u00fcndung &#8211; Notariat Sch\u00f6ffmann","isPartOf":{"@id":"https:\/\/www.notariat-schoeffmann.at\/de\/#website"},"datePublished":"2021-08-09T07:00:36+00:00","dateModified":"2022-03-25T09:57:50+00:00","description":"Notariat Mag. Klaus Sch\u00f6ffmann: Ihr Notar in Klagenfurt am W\u00f6rthersee. Individuelle Rechtsberatung f\u00fcr Unternehmen und Privatpersonen. Unsere erste Rechtsauskunft ist f\u00fcr Sie kostenfrei!","breadcrumb":{"@id":"https:\/\/www.notariat-schoeffmann.at\/de\/notariat\/vorbereitung-erstbesprechung\/gesellschaftsgruendung\/#breadcrumb"},"inLanguage":"de","potentialAction":[{"@type":"ReadAction","target":["https:\/\/www.notariat-schoeffmann.at\/de\/notariat\/vorbereitung-erstbesprechung\/gesellschaftsgruendung\/"]}]},{"@type":"BreadcrumbList","@id":"https:\/\/www.notariat-schoeffmann.at\/de\/notariat\/vorbereitung-erstbesprechung\/gesellschaftsgruendung\/#breadcrumb","itemListElement":[{"@type":"ListItem","position":1,"name":"Startseite","item":"https:\/\/www.notariat-schoeffmann.at\/de\/"},{"@type":"ListItem","position":2,"name":"Notariat","item":"https:\/\/www.notariat-schoeffmann.at\/de\/notariat\/"},{"@type":"ListItem","position":3,"name":"Vorbereitung Erstbesprechung","item":"https:\/\/www.notariat-schoeffmann.at\/de\/notariat\/vorbereitung-erstbesprechung\/"},{"@type":"ListItem","position":4,"name":"Gesellschaftsgr\u00fcndung"}]},{"@type":"WebSite","@id":"https:\/\/www.notariat-schoeffmann.at\/de\/#website","url":"https:\/\/www.notariat-schoeffmann.at\/de\/","name":"Notariat Sch\u00f6ffmann","description":"Mag. Klaus Sch\u00f6ffmann - Ihr Notar in Klagenfurt","publisher":{"@id":"https:\/\/www.notariat-schoeffmann.at\/de\/#organization"},"potentialAction":[{"@type":"SearchAction","target":{"@type":"EntryPoint","urlTemplate":"https:\/\/www.notariat-schoeffmann.at\/de\/?s={search_term_string}"},"query-input":{"@type":"PropertyValueSpecification","valueRequired":true,"valueName":"search_term_string"}}],"inLanguage":"de"},{"@type":"Organization","@id":"https:\/\/www.notariat-schoeffmann.at\/de\/#organization","name":"Notariat Mag. Klaus Sch\u00f6ffmann Klagenfurt","url":"https:\/\/www.notariat-schoeffmann.at\/de\/","logo":{"@type":"ImageObject","inLanguage":"de","@id":"https:\/\/www.notariat-schoeffmann.at\/de\/#\/schema\/logo\/image\/","url":"https:\/\/www.notariat-schoeffmann.at\/wp-content\/uploads\/2022\/02\/logo-notariat-schoeffmann.jpg","contentUrl":"https:\/\/www.notariat-schoeffmann.at\/wp-content\/uploads\/2022\/02\/logo-notariat-schoeffmann.jpg","width":600,"height":600,"caption":"Notariat Mag. Klaus Sch\u00f6ffmann Klagenfurt"},"image":{"@id":"https:\/\/www.notariat-schoeffmann.at\/de\/#\/schema\/logo\/image\/"},"sameAs":["https:\/\/www.facebook.com\/NotarKlagenfurt","https:\/\/www.youtube.com\/channel\/UCaITfbIQh6VIpzEonUsIhcg"]}]}},"_links":{"self":[{"href":"https:\/\/www.notariat-schoeffmann.at\/de\/wp-json\/wp\/v2\/pages\/91","targetHints":{"allow":["GET"]}}],"collection":[{"href":"https:\/\/www.notariat-schoeffmann.at\/de\/wp-json\/wp\/v2\/pages"}],"about":[{"href":"https:\/\/www.notariat-schoeffmann.at\/de\/wp-json\/wp\/v2\/types\/page"}],"author":[{"embeddable":true,"href":"https:\/\/www.notariat-schoeffmann.at\/de\/wp-json\/wp\/v2\/users\/3"}],"replies":[{"embeddable":true,"href":"https:\/\/www.notariat-schoeffmann.at\/de\/wp-json\/wp\/v2\/comments?post=91"}],"version-history":[{"count":5,"href":"https:\/\/www.notariat-schoeffmann.at\/de\/wp-json\/wp\/v2\/pages\/91\/revisions"}],"predecessor-version":[{"id":2735,"href":"https:\/\/www.notariat-schoeffmann.at\/de\/wp-json\/wp\/v2\/pages\/91\/revisions\/2735"}],"up":[{"embeddable":true,"href":"https:\/\/www.notariat-schoeffmann.at\/de\/wp-json\/wp\/v2\/pages\/78"}],"wp:attachment":[{"href":"https:\/\/www.notariat-schoeffmann.at\/de\/wp-json\/wp\/v2\/media?parent=91"}],"wp:term":[{"taxonomy":"category","embeddable":true,"href":"https:\/\/www.notariat-schoeffmann.at\/de\/wp-json\/wp\/v2\/categories?post=91"}],"curies":[{"name":"wp","href":"https:\/\/api.w.org\/{rel}","templated":true}]}}