{"id":89,"date":"2021-08-09T08:57:47","date_gmt":"2021-08-09T06:57:47","guid":{"rendered":"https:\/\/www.notariat-schoeffmann.at\/?page_id=89"},"modified":"2022-03-01T12:03:59","modified_gmt":"2022-03-01T11:03:59","slug":"kaufvertrag-liegenschaft","status":"publish","type":"page","link":"https:\/\/www.notariat-schoeffmann.at\/de\/notariat\/vorbereitung-erstbesprechung\/kaufvertrag-liegenschaft\/","title":{"rendered":"Kaufvertrag Liegenschaft"},"content":{"rendered":"<div class=\" typo3-neos-nodetypes-headline\">\n<div>\n<h2>Checkliste Vorbereitung auf einen Liegenschaftskauf<\/h2>\n<\/div>\n<\/div>\n<div class=\"standard typo3-neos-nodetypes-text\">\n<div>\n<p><b>1. Verk\u00e4ufer:<\/b><br \/>\nName, Geburtsdatum, Beruf, Adresse, Staatsb\u00fcrgerschaft, pers\u00f6nliche Verh\u00e4ltnisse, Sozialversicherungsnummer<\/p>\n<p><b>2. K\u00e4ufer:<\/b><br \/>\nName, Geburtsdatum, Beruf, Adresse, Staatsb\u00fcrgerschaft, pers\u00f6nliche Verh\u00e4ltnisse, Sozialversicherungsnummer<\/p>\n<p><b>3. Kaufobjekt:<\/b><\/p>\n<ul>\n<li>Privatverm\u00f6gen\/Betriebsverm\u00f6gen, Anschaffungsjahr, Spekulationsgewinn, Vorsteuer<\/li>\n<li>unbebautes\/bebautes Grundst\u00fcck, Einfamilienhaus, Betriebsobjekt, Mietwohngrundst\u00fcck, Wohnungseigentum<\/li>\n<li>agrarische Anteisrechte, agrargemeinschaftliche Grundst\u00fccke<\/li>\n<\/ul>\n<p><b>4. Rechtliche Bedingungen<\/b>:<\/p>\n<ul>\n<li>Widmung\/Gefahrenzonen<\/li>\n<li>bebautes Grundst\u00fcck: Baubewilligung\/Ben\u00fctzungsbewilligung, Versicherungen<\/li>\n<li>Eigentumswohnung: Wohnungseigentumsvertrag, Ben\u00fctzungsregelung, Hausverwaltung, Reparaturfonds, beschlossene Reparaturen<\/li>\n<li>Bescheide: Baubescheid, Gewerberechtliche Bescheide<\/li>\n<li>Versicherungen: bewegliches und unbewegliches Verm\u00f6gen\/Haftpflicht<\/li>\n<\/ul>\n<p><b>5. Aufschlie\u00dfung:<\/b><\/p>\n<ul>\n<li>Weg, Wasser und Abwasser, Strom, Telefon<\/li>\n<li>Wohnrechte, Mietrechte (Inhalt der Mietvertr\u00e4ge), sonstige Nutzungsrechte und Dienstbarkeitsbelastungen, Dienstbarkeitsberechtigungen, Pfandrechte<\/li>\n<\/ul>\n<p><b>6. mitverkauftes Inventar:<\/b><br \/>\nInventarlisten nach Anschaffungsjahr und Anschaffungspreis sowie Zeitwert<\/p>\n<p><b>7. Kaufpreis:<\/b><br \/>\nAufteilung nach Grundst\u00fcck, Geb\u00e4ude, Inventar, allenfalls Holzbestand, Umsatzsteueroption?<\/p>\n<p><b>8. Bezahlung:<\/b><br \/>\nBarzahlung, Raten oder Leibrente, vorausgehende Bedingungen, Finanzierung und Treuhandschaft, Schuld\u00fcbernahmen und Haftungs\u00fcbernahmen, Freistellungen, \u00dcbernahme von Rechten Dritter, Solidarhaftung mehrerer K\u00e4ufer, Wertsicherung, Sicherstellung (Pfandrecht, Bankgarantie, B\u00fcrgschaft, sonstige)<\/p>\n<p><b>9. Verzugsfolgen:<\/b><br \/>\nVerzugszinsen, R\u00fccktrittsrecht, Konventionalstrafe,<\/p>\n<p><b>10. \u00dcbergabe:<\/b><br \/>\nStichtag, r\u00fcckst\u00e4ndige \u00f6ffentliche Abgaben, weiterlaufende Versicherungen, R\u00e4u-mungstermin und Vollstreckbarkeit, \u00dcbergang von Mietrechten, Mieterkautionen,<\/p>\n<p><b>11. Sicherungen des K\u00e4ufers:<\/b><br \/>\nRanganmerkung, vorausgehende Ranganmerkungen, Lastenfreistellung von Pfand-rechten und pers\u00f6nlichen Dienstbarkeiten, \u00dcbernahme von Grunddienstbarkeiten und sonstigen verb\u00fccherten oder nicht verb\u00fccherten Rechten Dritte, Vorkaufsrechte und Ver\u00e4u\u00dferungsbeschr\u00e4nkungen.<\/p>\n<p><b>12. Genehmigungen:<\/b><\/p>\n<ul>\n<li>Teilungsgenehmigung, Widmung, Abtretung ins \u00f6ffentliche Gut, Aufschlie\u00dfung der Grundst\u00fccksteilung, Grenzteile, Grenzfeststellung zur Restliegenschaft, Zaun, Teilungsplan, Bescheinigungsfrist, vorausgehende Durchf\u00fchrungen, Bebauungsplan, Abstandsfl\u00e4chen,<\/li>\n<li>Grundverkehrsgenehmigungen, Fl\u00e4chenwidmung, Wohnsitz\/Freizeitwohnsitz, Staatsb\u00fcrgerschaft\/EWR,<\/li>\n<li>Auflage der Bebauung<\/li>\n<li>Waldteilung oder Waldfeststellung<\/li>\n<li>agrarbeh\u00f6rdliche Genehmigung f\u00fcr Teilung Stammsitzliegenschaft bzw. Kaufvertrag , Wald- und Weiderechte, Rechtseinr\u00e4umung durch Agrargemeinschaft, Vollversammlungsbeschluss, Zusammenlegungsverfahren,<\/li>\n<li>Gerichtliche Genehmigung: Pflegschaftsgericht, Verlassgericht, Erwachsenenvertreterbestellung<\/li>\n<\/ul>\n<p><b>13. Gew\u00e4hrleistungen:<\/b><br \/>\nAusma\u00df, zugesagte Qualit\u00e4ten, versteckte M\u00e4ngel, bekannte M\u00e4ngel, Zusage von Mangelfreiheit von Geb\u00e4uden, Altlasten, Bebauungsm\u00f6glichkeit (geologisch\/juristisch), bevorstehende Beh\u00f6rdenverfahren und Plan\u00e4nderungen, Vorkaufsrecht, Wiederkaufsrecht, Lastenfreiheit<br \/>\nmitverkauftes Inventar: Vollst\u00e4ndigkeit, Funktionst\u00fcchtigkeit, Eigentumsvorbehalte<\/p>\n<p><b>14. Einverleibungsbewilligungen:<\/b><br \/>\nEigentum, Dienstbarkeiten, Vorkaufsrechte und Eigentumsbeschr\u00e4nkung, Pfandrecht f\u00fcr Kaufpreis<\/p>\n<p><b>15. Eintragungen in sonstige Register:<\/b><br \/>\nWasserbuch, Fischereikartaster, Marken- Musterschutzrecht<\/p>\n<p><b>16. Kosten:<\/b><\/p>\n<ul>\n<li>Vertrag<\/li>\n<li>Vermessung und Grundst\u00fccksteilung<\/li>\n<li>Lastenfreistellung<\/li>\n<li>Grunderwerbsteuer f\u00fcr den K\u00e4ufer<\/li>\n<li>Immobilienertragsteuer f\u00fcr den Verk\u00e4ufer<\/li>\n<li>Solidarhaftung<\/li>\n<li>Vorschuss<\/li>\n<\/ul>\n<p><b>17. Sonstiges:<\/b><\/p>\n<ul>\n<li>Anfechtungsverzicht oder -m\u00f6glichkeit<\/li>\n<li>Gerichtstand<\/li>\n<li>anzuwendendes Recht<\/li>\n<\/ul>\n<\/div>\n<\/div>\n","protected":false},"excerpt":{"rendered":"<p>Checkliste Vorbereitung auf einen Liegenschaftskauf 1. Verk\u00e4ufer: Name, Geburtsdatum, Beruf, Adresse, Staatsb\u00fcrgerschaft, pers\u00f6nliche Verh\u00e4ltnisse, Sozialversicherungsnummer 2. K\u00e4ufer: Name, Geburtsdatum, Beruf, Adresse, Staatsb\u00fcrgerschaft, pers\u00f6nliche Verh\u00e4ltnisse, Sozialversicherungsnummer 3. Kaufobjekt: Privatverm\u00f6gen\/Betriebsverm\u00f6gen, Anschaffungsjahr, Spekulationsgewinn, Vorsteuer unbebautes\/bebautes Grundst\u00fcck, Einfamilienhaus, Betriebsobjekt, Mietwohngrundst\u00fcck, Wohnungseigentum agrarische Anteisrechte, agrargemeinschaftliche Grundst\u00fccke 4. Rechtliche Bedingungen: Widmung\/Gefahrenzonen bebautes Grundst\u00fcck: Baubewilligung\/Ben\u00fctzungsbewilligung, Versicherungen Eigentumswohnung: Wohnungseigentumsvertrag, Ben\u00fctzungsregelung, Hausverwaltung, Reparaturfonds, beschlossene&hellip;<\/p>\n","protected":false},"author":3,"featured_media":0,"parent":78,"menu_order":2,"comment_status":"closed","ping_status":"closed","template":"","meta":{"inline_featured_image":false,"footnotes":""},"categories":[],"class_list":["post-89","page","type-page","status-publish","hentry","description-off"],"yoast_head":"<!-- This site is optimized with the Yoast SEO Premium plugin v26.7 (Yoast SEO v27.3) - https:\/\/yoast.com\/product\/yoast-seo-premium-wordpress\/ -->\n<title>Kaufvertrag Liegenschaft &#8211; Notariat Sch\u00f6ffmann<\/title>\n<meta name=\"description\" content=\"Notariat Mag. Klaus Sch\u00f6ffmann: Ihr Notar in Klagenfurt am W\u00f6rthersee. Individuelle Rechtsberatung f\u00fcr Unternehmen und Privatpersonen. Unsere erste Rechtsauskunft ist f\u00fcr Sie kostenfrei!\" \/>\n<meta name=\"robots\" content=\"index, follow, max-snippet:-1, max-image-preview:large, max-video-preview:-1\" \/>\n<link rel=\"canonical\" href=\"https:\/\/www.notariat-schoeffmann.at\/de\/notariat\/vorbereitung-erstbesprechung\/kaufvertrag-liegenschaft\/\" \/>\n<meta property=\"og:locale\" content=\"de_DE\" \/>\n<meta property=\"og:type\" content=\"article\" \/>\n<meta property=\"og:title\" content=\"Kaufvertrag Liegenschaft - Notariat Sch\u00f6ffmann\" \/>\n<meta property=\"og:description\" content=\"Notariat Mag. Klaus Sch\u00f6ffmann: Ihr Notar in Klagenfurt am W\u00f6rthersee. Individuelle Rechtsberatung f\u00fcr Unternehmen und Privatpersonen. Unsere erste Rechtsauskunft ist f\u00fcr Sie kostenfrei!\" \/>\n<meta property=\"og:url\" content=\"https:\/\/www.notariat-schoeffmann.at\/de\/notariat\/vorbereitung-erstbesprechung\/kaufvertrag-liegenschaft\/\" \/>\n<meta property=\"og:site_name\" content=\"Notariat Sch\u00f6ffmann\" \/>\n<meta property=\"article:publisher\" content=\"https:\/\/www.facebook.com\/NotarKlagenfurt\" \/>\n<meta property=\"article:modified_time\" content=\"2022-03-01T11:03:59+00:00\" \/>\n<meta property=\"og:image\" content=\"https:\/\/www.notariat-schoeffmann.at\/wp-content\/uploads\/2021\/11\/Juristen-1.jpg\" \/>\n\t<meta property=\"og:image:width\" content=\"1600\" \/>\n\t<meta property=\"og:image:height\" content=\"1067\" \/>\n\t<meta property=\"og:image:type\" content=\"image\/jpeg\" \/>\n<meta name=\"twitter:card\" content=\"summary_large_image\" \/>\n<script type=\"application\/ld+json\" class=\"yoast-schema-graph\">{\"@context\":\"https:\\\/\\\/schema.org\",\"@graph\":[{\"@type\":\"WebPage\",\"@id\":\"https:\\\/\\\/www.notariat-schoeffmann.at\\\/de\\\/notariat\\\/vorbereitung-erstbesprechung\\\/kaufvertrag-liegenschaft\\\/\",\"url\":\"https:\\\/\\\/www.notariat-schoeffmann.at\\\/de\\\/notariat\\\/vorbereitung-erstbesprechung\\\/kaufvertrag-liegenschaft\\\/\",\"name\":\"Kaufvertrag Liegenschaft &#8211; Notariat Sch\u00f6ffmann\",\"isPartOf\":{\"@id\":\"https:\\\/\\\/www.notariat-schoeffmann.at\\\/de\\\/#website\"},\"datePublished\":\"2021-08-09T06:57:47+00:00\",\"dateModified\":\"2022-03-01T11:03:59+00:00\",\"description\":\"Notariat Mag. Klaus Sch\u00f6ffmann: Ihr Notar in Klagenfurt am W\u00f6rthersee. Individuelle Rechtsberatung f\u00fcr Unternehmen und Privatpersonen. Unsere erste Rechtsauskunft ist f\u00fcr Sie kostenfrei!\",\"breadcrumb\":{\"@id\":\"https:\\\/\\\/www.notariat-schoeffmann.at\\\/de\\\/notariat\\\/vorbereitung-erstbesprechung\\\/kaufvertrag-liegenschaft\\\/#breadcrumb\"},\"inLanguage\":\"de\",\"potentialAction\":[{\"@type\":\"ReadAction\",\"target\":[\"https:\\\/\\\/www.notariat-schoeffmann.at\\\/de\\\/notariat\\\/vorbereitung-erstbesprechung\\\/kaufvertrag-liegenschaft\\\/\"]}]},{\"@type\":\"BreadcrumbList\",\"@id\":\"https:\\\/\\\/www.notariat-schoeffmann.at\\\/de\\\/notariat\\\/vorbereitung-erstbesprechung\\\/kaufvertrag-liegenschaft\\\/#breadcrumb\",\"itemListElement\":[{\"@type\":\"ListItem\",\"position\":1,\"name\":\"Startseite\",\"item\":\"https:\\\/\\\/www.notariat-schoeffmann.at\\\/de\\\/\"},{\"@type\":\"ListItem\",\"position\":2,\"name\":\"Notariat\",\"item\":\"https:\\\/\\\/www.notariat-schoeffmann.at\\\/de\\\/notariat\\\/\"},{\"@type\":\"ListItem\",\"position\":3,\"name\":\"Vorbereitung Erstbesprechung\",\"item\":\"https:\\\/\\\/www.notariat-schoeffmann.at\\\/de\\\/notariat\\\/vorbereitung-erstbesprechung\\\/\"},{\"@type\":\"ListItem\",\"position\":4,\"name\":\"Kaufvertrag Liegenschaft\"}]},{\"@type\":\"WebSite\",\"@id\":\"https:\\\/\\\/www.notariat-schoeffmann.at\\\/de\\\/#website\",\"url\":\"https:\\\/\\\/www.notariat-schoeffmann.at\\\/de\\\/\",\"name\":\"Notariat Sch\u00f6ffmann\",\"description\":\"Mag. Klaus Sch\u00f6ffmann - Ihr Notar in Klagenfurt\",\"publisher\":{\"@id\":\"https:\\\/\\\/www.notariat-schoeffmann.at\\\/de\\\/#organization\"},\"potentialAction\":[{\"@type\":\"SearchAction\",\"target\":{\"@type\":\"EntryPoint\",\"urlTemplate\":\"https:\\\/\\\/www.notariat-schoeffmann.at\\\/de\\\/?s={search_term_string}\"},\"query-input\":{\"@type\":\"PropertyValueSpecification\",\"valueRequired\":true,\"valueName\":\"search_term_string\"}}],\"inLanguage\":\"de\"},{\"@type\":\"Organization\",\"@id\":\"https:\\\/\\\/www.notariat-schoeffmann.at\\\/de\\\/#organization\",\"name\":\"Notariat Mag. Klaus Sch\u00f6ffmann Klagenfurt\",\"url\":\"https:\\\/\\\/www.notariat-schoeffmann.at\\\/de\\\/\",\"logo\":{\"@type\":\"ImageObject\",\"inLanguage\":\"de\",\"@id\":\"https:\\\/\\\/www.notariat-schoeffmann.at\\\/de\\\/#\\\/schema\\\/logo\\\/image\\\/\",\"url\":\"https:\\\/\\\/www.notariat-schoeffmann.at\\\/wp-content\\\/uploads\\\/2022\\\/02\\\/logo-notariat-schoeffmann.jpg\",\"contentUrl\":\"https:\\\/\\\/www.notariat-schoeffmann.at\\\/wp-content\\\/uploads\\\/2022\\\/02\\\/logo-notariat-schoeffmann.jpg\",\"width\":600,\"height\":600,\"caption\":\"Notariat Mag. Klaus Sch\u00f6ffmann Klagenfurt\"},\"image\":{\"@id\":\"https:\\\/\\\/www.notariat-schoeffmann.at\\\/de\\\/#\\\/schema\\\/logo\\\/image\\\/\"},\"sameAs\":[\"https:\\\/\\\/www.facebook.com\\\/NotarKlagenfurt\",\"https:\\\/\\\/www.youtube.com\\\/channel\\\/UCaITfbIQh6VIpzEonUsIhcg\"]}]}<\/script>\n<!-- \/ Yoast SEO Premium plugin. -->","yoast_head_json":{"title":"Kaufvertrag Liegenschaft &#8211; Notariat Sch\u00f6ffmann","description":"Notariat Mag. Klaus Sch\u00f6ffmann: Ihr Notar in Klagenfurt am W\u00f6rthersee. Individuelle Rechtsberatung f\u00fcr Unternehmen und Privatpersonen. Unsere erste Rechtsauskunft ist f\u00fcr Sie kostenfrei!","robots":{"index":"index","follow":"follow","max-snippet":"max-snippet:-1","max-image-preview":"max-image-preview:large","max-video-preview":"max-video-preview:-1"},"canonical":"https:\/\/www.notariat-schoeffmann.at\/de\/notariat\/vorbereitung-erstbesprechung\/kaufvertrag-liegenschaft\/","og_locale":"de_DE","og_type":"article","og_title":"Kaufvertrag Liegenschaft - Notariat Sch\u00f6ffmann","og_description":"Notariat Mag. Klaus Sch\u00f6ffmann: Ihr Notar in Klagenfurt am W\u00f6rthersee. Individuelle Rechtsberatung f\u00fcr Unternehmen und Privatpersonen. Unsere erste Rechtsauskunft ist f\u00fcr Sie kostenfrei!","og_url":"https:\/\/www.notariat-schoeffmann.at\/de\/notariat\/vorbereitung-erstbesprechung\/kaufvertrag-liegenschaft\/","og_site_name":"Notariat Sch\u00f6ffmann","article_publisher":"https:\/\/www.facebook.com\/NotarKlagenfurt","article_modified_time":"2022-03-01T11:03:59+00:00","og_image":[{"width":1600,"height":1067,"url":"https:\/\/www.notariat-schoeffmann.at\/wp-content\/uploads\/2021\/11\/Juristen-1.jpg","type":"image\/jpeg"}],"twitter_card":"summary_large_image","schema":{"@context":"https:\/\/schema.org","@graph":[{"@type":"WebPage","@id":"https:\/\/www.notariat-schoeffmann.at\/de\/notariat\/vorbereitung-erstbesprechung\/kaufvertrag-liegenschaft\/","url":"https:\/\/www.notariat-schoeffmann.at\/de\/notariat\/vorbereitung-erstbesprechung\/kaufvertrag-liegenschaft\/","name":"Kaufvertrag Liegenschaft &#8211; Notariat Sch\u00f6ffmann","isPartOf":{"@id":"https:\/\/www.notariat-schoeffmann.at\/de\/#website"},"datePublished":"2021-08-09T06:57:47+00:00","dateModified":"2022-03-01T11:03:59+00:00","description":"Notariat Mag. Klaus Sch\u00f6ffmann: Ihr Notar in Klagenfurt am W\u00f6rthersee. Individuelle Rechtsberatung f\u00fcr Unternehmen und Privatpersonen. Unsere erste Rechtsauskunft ist f\u00fcr Sie kostenfrei!","breadcrumb":{"@id":"https:\/\/www.notariat-schoeffmann.at\/de\/notariat\/vorbereitung-erstbesprechung\/kaufvertrag-liegenschaft\/#breadcrumb"},"inLanguage":"de","potentialAction":[{"@type":"ReadAction","target":["https:\/\/www.notariat-schoeffmann.at\/de\/notariat\/vorbereitung-erstbesprechung\/kaufvertrag-liegenschaft\/"]}]},{"@type":"BreadcrumbList","@id":"https:\/\/www.notariat-schoeffmann.at\/de\/notariat\/vorbereitung-erstbesprechung\/kaufvertrag-liegenschaft\/#breadcrumb","itemListElement":[{"@type":"ListItem","position":1,"name":"Startseite","item":"https:\/\/www.notariat-schoeffmann.at\/de\/"},{"@type":"ListItem","position":2,"name":"Notariat","item":"https:\/\/www.notariat-schoeffmann.at\/de\/notariat\/"},{"@type":"ListItem","position":3,"name":"Vorbereitung Erstbesprechung","item":"https:\/\/www.notariat-schoeffmann.at\/de\/notariat\/vorbereitung-erstbesprechung\/"},{"@type":"ListItem","position":4,"name":"Kaufvertrag Liegenschaft"}]},{"@type":"WebSite","@id":"https:\/\/www.notariat-schoeffmann.at\/de\/#website","url":"https:\/\/www.notariat-schoeffmann.at\/de\/","name":"Notariat Sch\u00f6ffmann","description":"Mag. Klaus Sch\u00f6ffmann - Ihr Notar in Klagenfurt","publisher":{"@id":"https:\/\/www.notariat-schoeffmann.at\/de\/#organization"},"potentialAction":[{"@type":"SearchAction","target":{"@type":"EntryPoint","urlTemplate":"https:\/\/www.notariat-schoeffmann.at\/de\/?s={search_term_string}"},"query-input":{"@type":"PropertyValueSpecification","valueRequired":true,"valueName":"search_term_string"}}],"inLanguage":"de"},{"@type":"Organization","@id":"https:\/\/www.notariat-schoeffmann.at\/de\/#organization","name":"Notariat Mag. Klaus Sch\u00f6ffmann Klagenfurt","url":"https:\/\/www.notariat-schoeffmann.at\/de\/","logo":{"@type":"ImageObject","inLanguage":"de","@id":"https:\/\/www.notariat-schoeffmann.at\/de\/#\/schema\/logo\/image\/","url":"https:\/\/www.notariat-schoeffmann.at\/wp-content\/uploads\/2022\/02\/logo-notariat-schoeffmann.jpg","contentUrl":"https:\/\/www.notariat-schoeffmann.at\/wp-content\/uploads\/2022\/02\/logo-notariat-schoeffmann.jpg","width":600,"height":600,"caption":"Notariat Mag. Klaus Sch\u00f6ffmann Klagenfurt"},"image":{"@id":"https:\/\/www.notariat-schoeffmann.at\/de\/#\/schema\/logo\/image\/"},"sameAs":["https:\/\/www.facebook.com\/NotarKlagenfurt","https:\/\/www.youtube.com\/channel\/UCaITfbIQh6VIpzEonUsIhcg"]}]}},"_links":{"self":[{"href":"https:\/\/www.notariat-schoeffmann.at\/de\/wp-json\/wp\/v2\/pages\/89","targetHints":{"allow":["GET"]}}],"collection":[{"href":"https:\/\/www.notariat-schoeffmann.at\/de\/wp-json\/wp\/v2\/pages"}],"about":[{"href":"https:\/\/www.notariat-schoeffmann.at\/de\/wp-json\/wp\/v2\/types\/page"}],"author":[{"embeddable":true,"href":"https:\/\/www.notariat-schoeffmann.at\/de\/wp-json\/wp\/v2\/users\/3"}],"replies":[{"embeddable":true,"href":"https:\/\/www.notariat-schoeffmann.at\/de\/wp-json\/wp\/v2\/comments?post=89"}],"version-history":[{"count":3,"href":"https:\/\/www.notariat-schoeffmann.at\/de\/wp-json\/wp\/v2\/pages\/89\/revisions"}],"predecessor-version":[{"id":2249,"href":"https:\/\/www.notariat-schoeffmann.at\/de\/wp-json\/wp\/v2\/pages\/89\/revisions\/2249"}],"up":[{"embeddable":true,"href":"https:\/\/www.notariat-schoeffmann.at\/de\/wp-json\/wp\/v2\/pages\/78"}],"wp:attachment":[{"href":"https:\/\/www.notariat-schoeffmann.at\/de\/wp-json\/wp\/v2\/media?parent=89"}],"wp:term":[{"taxonomy":"category","embeddable":true,"href":"https:\/\/www.notariat-schoeffmann.at\/de\/wp-json\/wp\/v2\/categories?post=89"}],"curies":[{"name":"wp","href":"https:\/\/api.w.org\/{rel}","templated":true}]}}