{"id":76,"date":"2021-08-09T08:50:22","date_gmt":"2021-08-09T06:50:22","guid":{"rendered":"https:\/\/www.notariat-schoeffmann.at\/?page_id=76"},"modified":"2022-03-06T13:46:15","modified_gmt":"2022-03-06T12:46:15","slug":"leistung","status":"publish","type":"page","link":"https:\/\/www.notariat-schoeffmann.at\/de\/notariat\/leistung\/","title":{"rendered":"Leistungen"},"content":{"rendered":"\n<h2 class=\"wp-block-heading\">Liegenschaftsrecht<\/h2>\n\n\n\n<p>Zu den Leistungen im Liegenschaftsrecht z\u00e4hlen insbesondere die Beratung, Errichtung und Durchf\u00fchrung folgender&nbsp;<b>Vertr\u00e4ge im Grundbuch<\/b>:<\/p>\n\n\n\n<ul class=\"wp-block-list\"><li>Kaufvertr\u00e4ge<\/li><li>Tauschvertr\u00e4ge<\/li><li>Treuhandschaften<\/li><li>Schenkungs- und \u00dcbergabsvertr\u00e4ge<\/li><li>Realteilungsvertr\u00e4ge<\/li><li>Miet- und Pachtvertr\u00e4ge<\/li><li>Vereinbarungen \u00fcber Belastungs- und Ver\u00e4u\u00dferungsverbote, Vor- und Wiederkaufsrechte<\/li><li>Dienstbarkeitsbestellungsvertr\u00e4ge<\/li><li>Erstellung von Schuld- und Pfandbestellungsurkunden<\/li><li>Wohnungseigentumsvertr\u00e4ge<\/li><li>sonstige grundb\u00fccherliche Erkl\u00e4rungen<\/li><\/ul>\n\n\n\n<h2 class=\"wp-block-heading\">Gesellschaftsrecht<\/h2>\n\n\n\n<p>Zu den Leistungen im Gesellschaftsrecht z\u00e4hlen insbesondere die&nbsp;<b>Rechtsberatung<\/b>&nbsp;von Unternehmen und Privatstiftungen sowie die Beratung, Errichtung und Durchf\u00fchrung folgender&nbsp;<b>Vertr\u00e4ge im Firmenbuch<\/b>:<\/p>\n\n\n\n<ul class=\"wp-block-list\"><li>Gesellschaftsvertr\u00e4ge (AG, GmbH, KG, GesBR, Stille Gesellschaft)<\/li><li>Abtretungsvertr\u00e4ge \u00fcber Gesch\u00e4ftsanteile<\/li><li>Unternehmens\u00fcbertragungen<\/li><li>Umgr\u00fcndungsvertr\u00e4ge (Verschmelzung, Umwandlung, Einbringung, Zusammenschluss, Realteilung und Spaltung)<\/li><li>Stiftungsurkunden und Stiftungszusatzurkunden bei Privatstiftungen<\/li><li>Firmenbucheingaben<\/li><\/ul>\n\n\n\n<h2 class=\"wp-block-heading\">Erbrecht<\/h2>\n\n\n\n<p>Als&nbsp;<b>Gerichtskommiss\u00e4r<\/b>&nbsp;ist der Notar im Auftrag des Gerichts f\u00fcr die Durchf\u00fchrung des Verlassenschaftsverfahrens zust\u00e4ndig. Aus dieser T\u00e4tigkeit verf\u00fcgt der Notar \u00fcber besondere Kenntnisse im Erbrecht und Verlassenschaftsverfahren. Zu den&nbsp;<b>Leistungen<\/b>&nbsp;in diesen Bereichen z\u00e4hlen insbesondere:<\/p>\n\n\n\n<ul class=\"wp-block-list\"><li>Testamente<\/li><li>Kodizille<\/li><li>Erbvertr\u00e4ge<\/li><li>Schenkungsvertr\u00e4ge auf den Todesfall<\/li><li>Erb- und Pflichtteilsverzichtsvertr\u00e4ge<\/li><li>Parteienvertretung von Erben und Pflichtteilsberechtigten im Verlassenschaftsverfahren<\/li><\/ul>\n\n\n\n<h2 class=\"wp-block-heading\">Personenvorsorge<\/h2>\n\n\n\n<p>Zu den Leistungen im Vorsorgerecht z\u00e4hlen insbesondere die Unterst\u00fctzung bei <b>Erwachsenenvertretungen<\/b> sowie die Beratung, Errichtung und Registrierung folgender&nbsp;<b>Urkunden<\/b>:<\/p>\n\n\n\n<ul class=\"wp-block-list\"><li>Patientenverf\u00fcgungen<\/li><li>Vorsorgevollmachten<\/li><li>Erwachsenenvertreterverf\u00fcgungen<\/li><li>gesetzliche Erwachsenenvertretungen<\/li><li>gew\u00e4hlte Erwachsenenvertretungen<\/li><\/ul>\n\n\n\n<h2 class=\"wp-block-heading\">Familienrecht<\/h2>\n\n\n\n<h3 class=\"wp-block-heading\">Zu den Leistungen im Familienrecht z\u00e4hlen insbesondere die Beratung und Errichtung folgender&nbsp;<b>Vertr\u00e4ge<\/b>:<\/h3>\n\n\n\n<ul class=\"wp-block-list\"><li>Ehevertr\u00e4ge und Ehepakte<\/li><li>Vertr\u00e4ge zwischen Lebensgef\u00e4hrten<\/li><li>Scheidungsfolgenvereinbarungen<\/li><li>Adoptionsvertr\u00e4ge<\/li><li>Unterhaltsvertr\u00e4ge<\/li><li>Erkl\u00e4rungen zur medizinisch unterst\u00fctzten Fortpflanzung (Fortpflanzungsmedizingesetz)<\/li><\/ul>\n\n\n\n<h2 class=\"wp-block-heading\">Beurkundungen<\/h2>\n\n\n\n<p>Als \u00f6ffentliche Urkundsperson ist der Notar insbesondere f\u00fcr folgende&nbsp;<b>Beglaubigungen<\/b>&nbsp;und&nbsp;<b>Beurkundungen<\/b>&nbsp;zust\u00e4ndig:<\/p>\n\n\n\n<ul class=\"wp-block-list\"><li>Notariatsakte \u00fcber Rechtsgesch\u00e4fte<\/li><li>Unterschriftenbeglaubigungen<\/li><li>Beglaubigungen von Abschriften<\/li><li>Lebenszeugnisse<\/li><li>Protokollierung von Beratungen und Beschl\u00fcssen<\/li><li>Protokollierung tats\u00e4chlicher Vorg\u00e4nge<\/li><li>Intimationen<\/li><li>Solennisierungen<\/li><\/ul>\n\n\n\n<h2 class=\"wp-block-heading\">Einsichtname in Grundbuch und Firmenbuch<\/h2>\n\n\n\n<p>Als Tr\u00e4ger eines \u00f6ffentlichen Amtes ist der Notar als Gerichtskommiss\u00e4r zur Einsichtnahme ins&nbsp;<b>Grundbuch<\/b>&nbsp;und&nbsp;<b>Firmenbuch<\/b>&nbsp;befugt sowie zur Erstellung \u00f6ffentlicher beglaubigter Abschriften daraus.<\/p>\n","protected":false},"excerpt":{"rendered":"<p>Liegenschaftsrecht Zu den Leistungen im Liegenschaftsrecht z\u00e4hlen insbesondere die Beratung, Errichtung und Durchf\u00fchrung folgender&nbsp;Vertr\u00e4ge im Grundbuch: Kaufvertr\u00e4ge Tauschvertr\u00e4ge Treuhandschaften Schenkungs- und \u00dcbergabsvertr\u00e4ge Realteilungsvertr\u00e4ge Miet- und Pachtvertr\u00e4ge Vereinbarungen \u00fcber Belastungs- und Ver\u00e4u\u00dferungsverbote, Vor- und Wiederkaufsrechte Dienstbarkeitsbestellungsvertr\u00e4ge Erstellung von Schuld- und Pfandbestellungsurkunden Wohnungseigentumsvertr\u00e4ge sonstige grundb\u00fccherliche Erkl\u00e4rungen Gesellschaftsrecht Zu den Leistungen im Gesellschaftsrecht z\u00e4hlen insbesondere die&nbsp;Rechtsberatung&nbsp;von Unternehmen und&hellip;<\/p>\n","protected":false},"author":3,"featured_media":0,"parent":25,"menu_order":4,"comment_status":"closed","ping_status":"closed","template":"","meta":{"inline_featured_image":false,"footnotes":""},"categories":[],"class_list":["post-76","page","type-page","status-publish","hentry","description-off"],"yoast_head":"<!-- This site is optimized with the Yoast SEO Premium plugin v26.7 (Yoast SEO v27.4) - https:\/\/yoast.com\/product\/yoast-seo-premium-wordpress\/ -->\n<title>Leistungen &#8211; Notariat Sch\u00f6ffmann<\/title>\n<meta name=\"description\" content=\"Notariat Mag. Klaus Sch\u00f6ffmann: Ihr Notar in Klagenfurt am W\u00f6rthersee. Individuelle Rechtsberatung f\u00fcr Unternehmen und Privatpersonen. Unsere erste Rechtsauskunft ist f\u00fcr Sie kostenfrei!\" \/>\n<meta name=\"robots\" content=\"index, follow, max-snippet:-1, max-image-preview:large, max-video-preview:-1\" \/>\n<link rel=\"canonical\" href=\"https:\/\/www.notariat-schoeffmann.at\/de\/notariat\/leistung\/\" \/>\n<meta property=\"og:locale\" content=\"de_DE\" \/>\n<meta property=\"og:type\" content=\"article\" \/>\n<meta property=\"og:title\" content=\"Leistungen - Notariat Sch\u00f6ffmann\" \/>\n<meta property=\"og:description\" content=\"Notariat Mag. Klaus Sch\u00f6ffmann: Ihr Notar in Klagenfurt am W\u00f6rthersee. Individuelle Rechtsberatung f\u00fcr Unternehmen und Privatpersonen. Unsere erste Rechtsauskunft ist f\u00fcr Sie kostenfrei!\" \/>\n<meta property=\"og:url\" content=\"https:\/\/www.notariat-schoeffmann.at\/de\/notariat\/leistung\/\" \/>\n<meta property=\"og:site_name\" content=\"Notariat Sch\u00f6ffmann\" \/>\n<meta property=\"article:publisher\" content=\"https:\/\/www.facebook.com\/NotarKlagenfurt\" \/>\n<meta property=\"article:modified_time\" content=\"2022-03-06T12:46:15+00:00\" \/>\n<meta property=\"og:image\" content=\"https:\/\/www.notariat-schoeffmann.at\/wp-content\/uploads\/2021\/11\/Juristen-1.jpg\" \/>\n\t<meta property=\"og:image:width\" content=\"1600\" \/>\n\t<meta property=\"og:image:height\" content=\"1067\" \/>\n\t<meta property=\"og:image:type\" content=\"image\/jpeg\" \/>\n<meta name=\"twitter:card\" content=\"summary_large_image\" \/>\n<script type=\"application\/ld+json\" class=\"yoast-schema-graph\">{\"@context\":\"https:\\\/\\\/schema.org\",\"@graph\":[{\"@type\":\"WebPage\",\"@id\":\"https:\\\/\\\/www.notariat-schoeffmann.at\\\/de\\\/notariat\\\/leistung\\\/\",\"url\":\"https:\\\/\\\/www.notariat-schoeffmann.at\\\/de\\\/notariat\\\/leistung\\\/\",\"name\":\"Leistungen &#8211; Notariat Sch\u00f6ffmann\",\"isPartOf\":{\"@id\":\"https:\\\/\\\/www.notariat-schoeffmann.at\\\/de\\\/#website\"},\"datePublished\":\"2021-08-09T06:50:22+00:00\",\"dateModified\":\"2022-03-06T12:46:15+00:00\",\"description\":\"Notariat Mag. Klaus Sch\u00f6ffmann: Ihr Notar in Klagenfurt am W\u00f6rthersee. Individuelle Rechtsberatung f\u00fcr Unternehmen und Privatpersonen. Unsere erste Rechtsauskunft ist f\u00fcr Sie kostenfrei!\",\"breadcrumb\":{\"@id\":\"https:\\\/\\\/www.notariat-schoeffmann.at\\\/de\\\/notariat\\\/leistung\\\/#breadcrumb\"},\"inLanguage\":\"de\",\"potentialAction\":[{\"@type\":\"ReadAction\",\"target\":[\"https:\\\/\\\/www.notariat-schoeffmann.at\\\/de\\\/notariat\\\/leistung\\\/\"]}]},{\"@type\":\"BreadcrumbList\",\"@id\":\"https:\\\/\\\/www.notariat-schoeffmann.at\\\/de\\\/notariat\\\/leistung\\\/#breadcrumb\",\"itemListElement\":[{\"@type\":\"ListItem\",\"position\":1,\"name\":\"Startseite\",\"item\":\"https:\\\/\\\/www.notariat-schoeffmann.at\\\/de\\\/\"},{\"@type\":\"ListItem\",\"position\":2,\"name\":\"Notariat\",\"item\":\"https:\\\/\\\/www.notariat-schoeffmann.at\\\/de\\\/notariat\\\/\"},{\"@type\":\"ListItem\",\"position\":3,\"name\":\"Leistungen\"}]},{\"@type\":\"WebSite\",\"@id\":\"https:\\\/\\\/www.notariat-schoeffmann.at\\\/de\\\/#website\",\"url\":\"https:\\\/\\\/www.notariat-schoeffmann.at\\\/de\\\/\",\"name\":\"Notariat Sch\u00f6ffmann\",\"description\":\"Mag. Klaus Sch\u00f6ffmann - Ihr Notar in Klagenfurt\",\"publisher\":{\"@id\":\"https:\\\/\\\/www.notariat-schoeffmann.at\\\/de\\\/#organization\"},\"potentialAction\":[{\"@type\":\"SearchAction\",\"target\":{\"@type\":\"EntryPoint\",\"urlTemplate\":\"https:\\\/\\\/www.notariat-schoeffmann.at\\\/de\\\/?s={search_term_string}\"},\"query-input\":{\"@type\":\"PropertyValueSpecification\",\"valueRequired\":true,\"valueName\":\"search_term_string\"}}],\"inLanguage\":\"de\"},{\"@type\":\"Organization\",\"@id\":\"https:\\\/\\\/www.notariat-schoeffmann.at\\\/de\\\/#organization\",\"name\":\"Notariat Mag. Klaus Sch\u00f6ffmann Klagenfurt\",\"url\":\"https:\\\/\\\/www.notariat-schoeffmann.at\\\/de\\\/\",\"logo\":{\"@type\":\"ImageObject\",\"inLanguage\":\"de\",\"@id\":\"https:\\\/\\\/www.notariat-schoeffmann.at\\\/de\\\/#\\\/schema\\\/logo\\\/image\\\/\",\"url\":\"https:\\\/\\\/www.notariat-schoeffmann.at\\\/wp-content\\\/uploads\\\/2022\\\/02\\\/logo-notariat-schoeffmann.jpg\",\"contentUrl\":\"https:\\\/\\\/www.notariat-schoeffmann.at\\\/wp-content\\\/uploads\\\/2022\\\/02\\\/logo-notariat-schoeffmann.jpg\",\"width\":600,\"height\":600,\"caption\":\"Notariat Mag. Klaus Sch\u00f6ffmann Klagenfurt\"},\"image\":{\"@id\":\"https:\\\/\\\/www.notariat-schoeffmann.at\\\/de\\\/#\\\/schema\\\/logo\\\/image\\\/\"},\"sameAs\":[\"https:\\\/\\\/www.facebook.com\\\/NotarKlagenfurt\",\"https:\\\/\\\/www.youtube.com\\\/channel\\\/UCaITfbIQh6VIpzEonUsIhcg\"]}]}<\/script>\n<!-- \/ Yoast SEO Premium plugin. -->","yoast_head_json":{"title":"Leistungen &#8211; Notariat Sch\u00f6ffmann","description":"Notariat Mag. Klaus Sch\u00f6ffmann: Ihr Notar in Klagenfurt am W\u00f6rthersee. Individuelle Rechtsberatung f\u00fcr Unternehmen und Privatpersonen. Unsere erste Rechtsauskunft ist f\u00fcr Sie kostenfrei!","robots":{"index":"index","follow":"follow","max-snippet":"max-snippet:-1","max-image-preview":"max-image-preview:large","max-video-preview":"max-video-preview:-1"},"canonical":"https:\/\/www.notariat-schoeffmann.at\/de\/notariat\/leistung\/","og_locale":"de_DE","og_type":"article","og_title":"Leistungen - Notariat Sch\u00f6ffmann","og_description":"Notariat Mag. Klaus Sch\u00f6ffmann: Ihr Notar in Klagenfurt am W\u00f6rthersee. Individuelle Rechtsberatung f\u00fcr Unternehmen und Privatpersonen. Unsere erste Rechtsauskunft ist f\u00fcr Sie kostenfrei!","og_url":"https:\/\/www.notariat-schoeffmann.at\/de\/notariat\/leistung\/","og_site_name":"Notariat Sch\u00f6ffmann","article_publisher":"https:\/\/www.facebook.com\/NotarKlagenfurt","article_modified_time":"2022-03-06T12:46:15+00:00","og_image":[{"width":1600,"height":1067,"url":"https:\/\/www.notariat-schoeffmann.at\/wp-content\/uploads\/2021\/11\/Juristen-1.jpg","type":"image\/jpeg"}],"twitter_card":"summary_large_image","schema":{"@context":"https:\/\/schema.org","@graph":[{"@type":"WebPage","@id":"https:\/\/www.notariat-schoeffmann.at\/de\/notariat\/leistung\/","url":"https:\/\/www.notariat-schoeffmann.at\/de\/notariat\/leistung\/","name":"Leistungen &#8211; Notariat Sch\u00f6ffmann","isPartOf":{"@id":"https:\/\/www.notariat-schoeffmann.at\/de\/#website"},"datePublished":"2021-08-09T06:50:22+00:00","dateModified":"2022-03-06T12:46:15+00:00","description":"Notariat Mag. Klaus Sch\u00f6ffmann: Ihr Notar in Klagenfurt am W\u00f6rthersee. Individuelle Rechtsberatung f\u00fcr Unternehmen und Privatpersonen. Unsere erste Rechtsauskunft ist f\u00fcr Sie kostenfrei!","breadcrumb":{"@id":"https:\/\/www.notariat-schoeffmann.at\/de\/notariat\/leistung\/#breadcrumb"},"inLanguage":"de","potentialAction":[{"@type":"ReadAction","target":["https:\/\/www.notariat-schoeffmann.at\/de\/notariat\/leistung\/"]}]},{"@type":"BreadcrumbList","@id":"https:\/\/www.notariat-schoeffmann.at\/de\/notariat\/leistung\/#breadcrumb","itemListElement":[{"@type":"ListItem","position":1,"name":"Startseite","item":"https:\/\/www.notariat-schoeffmann.at\/de\/"},{"@type":"ListItem","position":2,"name":"Notariat","item":"https:\/\/www.notariat-schoeffmann.at\/de\/notariat\/"},{"@type":"ListItem","position":3,"name":"Leistungen"}]},{"@type":"WebSite","@id":"https:\/\/www.notariat-schoeffmann.at\/de\/#website","url":"https:\/\/www.notariat-schoeffmann.at\/de\/","name":"Notariat Sch\u00f6ffmann","description":"Mag. Klaus Sch\u00f6ffmann - Ihr Notar in Klagenfurt","publisher":{"@id":"https:\/\/www.notariat-schoeffmann.at\/de\/#organization"},"potentialAction":[{"@type":"SearchAction","target":{"@type":"EntryPoint","urlTemplate":"https:\/\/www.notariat-schoeffmann.at\/de\/?s={search_term_string}"},"query-input":{"@type":"PropertyValueSpecification","valueRequired":true,"valueName":"search_term_string"}}],"inLanguage":"de"},{"@type":"Organization","@id":"https:\/\/www.notariat-schoeffmann.at\/de\/#organization","name":"Notariat Mag. Klaus Sch\u00f6ffmann Klagenfurt","url":"https:\/\/www.notariat-schoeffmann.at\/de\/","logo":{"@type":"ImageObject","inLanguage":"de","@id":"https:\/\/www.notariat-schoeffmann.at\/de\/#\/schema\/logo\/image\/","url":"https:\/\/www.notariat-schoeffmann.at\/wp-content\/uploads\/2022\/02\/logo-notariat-schoeffmann.jpg","contentUrl":"https:\/\/www.notariat-schoeffmann.at\/wp-content\/uploads\/2022\/02\/logo-notariat-schoeffmann.jpg","width":600,"height":600,"caption":"Notariat Mag. Klaus Sch\u00f6ffmann Klagenfurt"},"image":{"@id":"https:\/\/www.notariat-schoeffmann.at\/de\/#\/schema\/logo\/image\/"},"sameAs":["https:\/\/www.facebook.com\/NotarKlagenfurt","https:\/\/www.youtube.com\/channel\/UCaITfbIQh6VIpzEonUsIhcg"]}]}},"_links":{"self":[{"href":"https:\/\/www.notariat-schoeffmann.at\/de\/wp-json\/wp\/v2\/pages\/76","targetHints":{"allow":["GET"]}}],"collection":[{"href":"https:\/\/www.notariat-schoeffmann.at\/de\/wp-json\/wp\/v2\/pages"}],"about":[{"href":"https:\/\/www.notariat-schoeffmann.at\/de\/wp-json\/wp\/v2\/types\/page"}],"author":[{"embeddable":true,"href":"https:\/\/www.notariat-schoeffmann.at\/de\/wp-json\/wp\/v2\/users\/3"}],"replies":[{"embeddable":true,"href":"https:\/\/www.notariat-schoeffmann.at\/de\/wp-json\/wp\/v2\/comments?post=76"}],"version-history":[{"count":6,"href":"https:\/\/www.notariat-schoeffmann.at\/de\/wp-json\/wp\/v2\/pages\/76\/revisions"}],"predecessor-version":[{"id":2473,"href":"https:\/\/www.notariat-schoeffmann.at\/de\/wp-json\/wp\/v2\/pages\/76\/revisions\/2473"}],"up":[{"embeddable":true,"href":"https:\/\/www.notariat-schoeffmann.at\/de\/wp-json\/wp\/v2\/pages\/25"}],"wp:attachment":[{"href":"https:\/\/www.notariat-schoeffmann.at\/de\/wp-json\/wp\/v2\/media?parent=76"}],"wp:term":[{"taxonomy":"category","embeddable":true,"href":"https:\/\/www.notariat-schoeffmann.at\/de\/wp-json\/wp\/v2\/categories?post=76"}],"curies":[{"name":"wp","href":"https:\/\/api.w.org\/{rel}","templated":true}]}}