{"id":66,"date":"2021-08-09T08:42:09","date_gmt":"2021-08-09T06:42:09","guid":{"rendered":"https:\/\/www.notariat-schoeffmann.at\/?page_id=66"},"modified":"2022-04-09T14:07:52","modified_gmt":"2022-04-09T12:07:52","slug":"urkundenarchiv","status":"publish","type":"page","link":"https:\/\/www.notariat-schoeffmann.at\/de\/notariat\/berufsbild-des-notars\/urkundenarchiv\/","title":{"rendered":"Urkundenarchiv des Notariates"},"content":{"rendered":"<div class=\"lazyblock-infobox-2un2sG wp-block-lazyblock-infobox\"><div class=\"notar_einleitung\">\n\n  <div class=\"notar_einleitung_wrapper\"><p>Das virtuelle Archiv <strong>CyberDOC<\/strong> vereinfacht und beschleunigt\u00a0die Vorg\u00e4nge im Notariat. Der Notar steht f\u00fcr Integrit\u00e4t und Vertrauensw\u00fcrdigkeit. Das Internet macht aber auch vor &#8222;Siegellack und G\u00e4nsekiel&#8220; nicht halt.<\/p><\/div>\n<\/div>\n<\/div>\n\n<div class=\"standard typo3-neos-nodetypes-text\">\n<div>\n<p>Das virtuelle Archiv CyberDOC vereinfacht und beschleunigt die Vorg\u00e4nge im Notariat. Der Notar steht f\u00fcr Integrit\u00e4t und Vertrauensw\u00fcrdigkeit. Das Internet macht aber auch vor Siegellack und G\u00e4nsekiel nicht halt.<\/p>\n<p>CyberDOC ist ein Joint-Venture der \u00d6sterreichischen Notariatskammer mit der Siemens AG \u00d6sterreich und steht als digitales notarielles Urkunden-Archiv f\u00fcr den elektronischen Rechts-, Urkunden- und Verwaltungsverkehr in \u00d6sterreich zur Verf\u00fcgung. Bereits seit J\u00e4nner 2000 sind unterschiedlichste Urkunden, etwa Grundst\u00fccksvertr\u00e4ge, Gesellschafts- und Familienvertr\u00e4ge dort abgespeichert. Vom Notar sind sie in Sekundenschnelle per Mausklick abrufbar.<\/p>\n<\/div>\n<\/div>\n<div class=\" typo3-neos-nodetypes-headline\">\n<div>\n<h2>Wer hat Zugang zu diesem Archiv?<\/h2>\n<\/div>\n<\/div>\n<div class=\"standard typo3-neos-nodetypes-text\">\n<div>\n<p>Alle Notare sowie Gerichte und Beh\u00f6rden, denen der Zugang freigeschaltet wird, k\u00f6nnen auf die Urkunden zugreifen. Der Notar\u00a0scannt die Urkunde in einem unver\u00e4nderbaren Format mit allen dazugeh\u00f6rigen Unterschriften ein. Eine elektronische Amtssignatur des Notars sichert die Echtheit und die Unversehrtheit der Information.<\/p>\n<\/div>\n<\/div>\n\n<div class=\"lazyblock-infobox-Z2pqoMt wp-block-lazyblock-infobox\"><div class=\"notar_beispielbox\">\n  <h2>Beispiel: Wohnungskauf<\/h2>\n  <div class=\"notar_infobox_content\"><p>Der Notar schickt, da er gesetzlich dazu verpflichtet ist, Abschriften beispielsweise an das Finanzamt f\u00fcr die Bemessung der Grunderwerbsteuer und an das Grundbuchsgericht, damit die Eintragung des Eigentumsrechtes an einer Wohnung rasch erfolgen kann. Die Urkunden des Notars werden dann von CberDOC in die digitale Urkundensammlung des Grundbuchsgerichtes \u00fcbernommen.<\/p><p>Mit CyberDOC werden lange Postwege durch blitzschnelle Verbindungen ersetzt!<\/p><\/div>\n<\/div>\n\n<\/div>","protected":false},"excerpt":{"rendered":"<p>Das virtuelle Archiv CyberDOC vereinfacht und beschleunigt die Vorg\u00e4nge im Notariat. Der Notar steht f\u00fcr Integrit\u00e4t und Vertrauensw\u00fcrdigkeit. Das Internet macht aber auch vor Siegellack und G\u00e4nsekiel nicht halt. CyberDOC ist ein Joint-Venture der \u00d6sterreichischen Notariatskammer mit der Siemens AG \u00d6sterreich und steht als digitales notarielles Urkunden-Archiv f\u00fcr den elektronischen Rechts-, Urkunden- und Verwaltungsverkehr in&hellip;<\/p>\n","protected":false},"author":3,"featured_media":0,"parent":63,"menu_order":0,"comment_status":"closed","ping_status":"closed","template":"","meta":{"inline_featured_image":false,"footnotes":""},"categories":[],"class_list":["post-66","page","type-page","status-publish","hentry","description-off"],"yoast_head":"<!-- This site is optimized with the Yoast SEO Premium plugin v26.7 (Yoast SEO v27.3) - https:\/\/yoast.com\/product\/yoast-seo-premium-wordpress\/ -->\n<title>Urkundenarchiv des Notariates &#8211; Notariat Sch\u00f6ffmann<\/title>\n<meta name=\"description\" content=\"Notariat Mag. Klaus Sch\u00f6ffmann: Ihr Notar in Klagenfurt am W\u00f6rthersee. Individuelle Rechtsberatung f\u00fcr Unternehmen und Privatpersonen. Unsere erste Rechtsauskunft ist f\u00fcr Sie kostenfrei!\" \/>\n<meta name=\"robots\" content=\"index, follow, max-snippet:-1, max-image-preview:large, max-video-preview:-1\" \/>\n<link rel=\"canonical\" href=\"https:\/\/www.notariat-schoeffmann.at\/de\/notariat\/berufsbild-des-notars\/urkundenarchiv\/\" \/>\n<meta property=\"og:locale\" content=\"de_DE\" \/>\n<meta property=\"og:type\" content=\"article\" \/>\n<meta property=\"og:title\" content=\"Urkundenarchiv des Notariates - Notariat Sch\u00f6ffmann\" \/>\n<meta property=\"og:description\" content=\"Notariat Mag. Klaus Sch\u00f6ffmann: Ihr Notar in Klagenfurt am W\u00f6rthersee. Individuelle Rechtsberatung f\u00fcr Unternehmen und Privatpersonen. Unsere erste Rechtsauskunft ist f\u00fcr Sie kostenfrei!\" \/>\n<meta property=\"og:url\" content=\"https:\/\/www.notariat-schoeffmann.at\/de\/notariat\/berufsbild-des-notars\/urkundenarchiv\/\" \/>\n<meta property=\"og:site_name\" content=\"Notariat Sch\u00f6ffmann\" \/>\n<meta property=\"article:publisher\" content=\"https:\/\/www.facebook.com\/NotarKlagenfurt\" \/>\n<meta property=\"article:modified_time\" content=\"2022-04-09T12:07:52+00:00\" \/>\n<meta property=\"og:image\" content=\"https:\/\/www.notariat-schoeffmann.at\/wp-content\/uploads\/2021\/11\/Juristen-1.jpg\" \/>\n\t<meta property=\"og:image:width\" content=\"1600\" \/>\n\t<meta property=\"og:image:height\" content=\"1067\" \/>\n\t<meta property=\"og:image:type\" content=\"image\/jpeg\" \/>\n<meta name=\"twitter:card\" content=\"summary_large_image\" \/>\n<script type=\"application\/ld+json\" class=\"yoast-schema-graph\">{\"@context\":\"https:\\\/\\\/schema.org\",\"@graph\":[{\"@type\":\"WebPage\",\"@id\":\"https:\\\/\\\/www.notariat-schoeffmann.at\\\/de\\\/notariat\\\/berufsbild-des-notars\\\/urkundenarchiv\\\/\",\"url\":\"https:\\\/\\\/www.notariat-schoeffmann.at\\\/de\\\/notariat\\\/berufsbild-des-notars\\\/urkundenarchiv\\\/\",\"name\":\"Urkundenarchiv des Notariates &#8211; Notariat Sch\u00f6ffmann\",\"isPartOf\":{\"@id\":\"https:\\\/\\\/www.notariat-schoeffmann.at\\\/de\\\/#website\"},\"datePublished\":\"2021-08-09T06:42:09+00:00\",\"dateModified\":\"2022-04-09T12:07:52+00:00\",\"description\":\"Notariat Mag. Klaus Sch\u00f6ffmann: Ihr Notar in Klagenfurt am W\u00f6rthersee. Individuelle Rechtsberatung f\u00fcr Unternehmen und Privatpersonen. Unsere erste Rechtsauskunft ist f\u00fcr Sie kostenfrei!\",\"breadcrumb\":{\"@id\":\"https:\\\/\\\/www.notariat-schoeffmann.at\\\/de\\\/notariat\\\/berufsbild-des-notars\\\/urkundenarchiv\\\/#breadcrumb\"},\"inLanguage\":\"de\",\"potentialAction\":[{\"@type\":\"ReadAction\",\"target\":[\"https:\\\/\\\/www.notariat-schoeffmann.at\\\/de\\\/notariat\\\/berufsbild-des-notars\\\/urkundenarchiv\\\/\"]}]},{\"@type\":\"BreadcrumbList\",\"@id\":\"https:\\\/\\\/www.notariat-schoeffmann.at\\\/de\\\/notariat\\\/berufsbild-des-notars\\\/urkundenarchiv\\\/#breadcrumb\",\"itemListElement\":[{\"@type\":\"ListItem\",\"position\":1,\"name\":\"Startseite\",\"item\":\"https:\\\/\\\/www.notariat-schoeffmann.at\\\/de\\\/\"},{\"@type\":\"ListItem\",\"position\":2,\"name\":\"Notariat\",\"item\":\"https:\\\/\\\/www.notariat-schoeffmann.at\\\/de\\\/notariat\\\/\"},{\"@type\":\"ListItem\",\"position\":3,\"name\":\"Berufsbild des Notars\",\"item\":\"https:\\\/\\\/www.notariat-schoeffmann.at\\\/de\\\/notariat\\\/berufsbild-des-notars\\\/\"},{\"@type\":\"ListItem\",\"position\":4,\"name\":\"Urkundenarchiv des Notariates\"}]},{\"@type\":\"WebSite\",\"@id\":\"https:\\\/\\\/www.notariat-schoeffmann.at\\\/de\\\/#website\",\"url\":\"https:\\\/\\\/www.notariat-schoeffmann.at\\\/de\\\/\",\"name\":\"Notariat Sch\u00f6ffmann\",\"description\":\"Mag. Klaus Sch\u00f6ffmann - Ihr Notar in Klagenfurt\",\"publisher\":{\"@id\":\"https:\\\/\\\/www.notariat-schoeffmann.at\\\/de\\\/#organization\"},\"potentialAction\":[{\"@type\":\"SearchAction\",\"target\":{\"@type\":\"EntryPoint\",\"urlTemplate\":\"https:\\\/\\\/www.notariat-schoeffmann.at\\\/de\\\/?s={search_term_string}\"},\"query-input\":{\"@type\":\"PropertyValueSpecification\",\"valueRequired\":true,\"valueName\":\"search_term_string\"}}],\"inLanguage\":\"de\"},{\"@type\":\"Organization\",\"@id\":\"https:\\\/\\\/www.notariat-schoeffmann.at\\\/de\\\/#organization\",\"name\":\"Notariat Mag. Klaus Sch\u00f6ffmann Klagenfurt\",\"url\":\"https:\\\/\\\/www.notariat-schoeffmann.at\\\/de\\\/\",\"logo\":{\"@type\":\"ImageObject\",\"inLanguage\":\"de\",\"@id\":\"https:\\\/\\\/www.notariat-schoeffmann.at\\\/de\\\/#\\\/schema\\\/logo\\\/image\\\/\",\"url\":\"https:\\\/\\\/www.notariat-schoeffmann.at\\\/wp-content\\\/uploads\\\/2022\\\/02\\\/logo-notariat-schoeffmann.jpg\",\"contentUrl\":\"https:\\\/\\\/www.notariat-schoeffmann.at\\\/wp-content\\\/uploads\\\/2022\\\/02\\\/logo-notariat-schoeffmann.jpg\",\"width\":600,\"height\":600,\"caption\":\"Notariat Mag. Klaus Sch\u00f6ffmann Klagenfurt\"},\"image\":{\"@id\":\"https:\\\/\\\/www.notariat-schoeffmann.at\\\/de\\\/#\\\/schema\\\/logo\\\/image\\\/\"},\"sameAs\":[\"https:\\\/\\\/www.facebook.com\\\/NotarKlagenfurt\",\"https:\\\/\\\/www.youtube.com\\\/channel\\\/UCaITfbIQh6VIpzEonUsIhcg\"]}]}<\/script>\n<!-- \/ Yoast SEO Premium plugin. -->","yoast_head_json":{"title":"Urkundenarchiv des Notariates &#8211; Notariat Sch\u00f6ffmann","description":"Notariat Mag. Klaus Sch\u00f6ffmann: Ihr Notar in Klagenfurt am W\u00f6rthersee. Individuelle Rechtsberatung f\u00fcr Unternehmen und Privatpersonen. Unsere erste Rechtsauskunft ist f\u00fcr Sie kostenfrei!","robots":{"index":"index","follow":"follow","max-snippet":"max-snippet:-1","max-image-preview":"max-image-preview:large","max-video-preview":"max-video-preview:-1"},"canonical":"https:\/\/www.notariat-schoeffmann.at\/de\/notariat\/berufsbild-des-notars\/urkundenarchiv\/","og_locale":"de_DE","og_type":"article","og_title":"Urkundenarchiv des Notariates - Notariat Sch\u00f6ffmann","og_description":"Notariat Mag. Klaus Sch\u00f6ffmann: Ihr Notar in Klagenfurt am W\u00f6rthersee. Individuelle Rechtsberatung f\u00fcr Unternehmen und Privatpersonen. Unsere erste Rechtsauskunft ist f\u00fcr Sie kostenfrei!","og_url":"https:\/\/www.notariat-schoeffmann.at\/de\/notariat\/berufsbild-des-notars\/urkundenarchiv\/","og_site_name":"Notariat Sch\u00f6ffmann","article_publisher":"https:\/\/www.facebook.com\/NotarKlagenfurt","article_modified_time":"2022-04-09T12:07:52+00:00","og_image":[{"width":1600,"height":1067,"url":"https:\/\/www.notariat-schoeffmann.at\/wp-content\/uploads\/2021\/11\/Juristen-1.jpg","type":"image\/jpeg"}],"twitter_card":"summary_large_image","schema":{"@context":"https:\/\/schema.org","@graph":[{"@type":"WebPage","@id":"https:\/\/www.notariat-schoeffmann.at\/de\/notariat\/berufsbild-des-notars\/urkundenarchiv\/","url":"https:\/\/www.notariat-schoeffmann.at\/de\/notariat\/berufsbild-des-notars\/urkundenarchiv\/","name":"Urkundenarchiv des Notariates &#8211; Notariat Sch\u00f6ffmann","isPartOf":{"@id":"https:\/\/www.notariat-schoeffmann.at\/de\/#website"},"datePublished":"2021-08-09T06:42:09+00:00","dateModified":"2022-04-09T12:07:52+00:00","description":"Notariat Mag. Klaus Sch\u00f6ffmann: Ihr Notar in Klagenfurt am W\u00f6rthersee. Individuelle Rechtsberatung f\u00fcr Unternehmen und Privatpersonen. Unsere erste Rechtsauskunft ist f\u00fcr Sie kostenfrei!","breadcrumb":{"@id":"https:\/\/www.notariat-schoeffmann.at\/de\/notariat\/berufsbild-des-notars\/urkundenarchiv\/#breadcrumb"},"inLanguage":"de","potentialAction":[{"@type":"ReadAction","target":["https:\/\/www.notariat-schoeffmann.at\/de\/notariat\/berufsbild-des-notars\/urkundenarchiv\/"]}]},{"@type":"BreadcrumbList","@id":"https:\/\/www.notariat-schoeffmann.at\/de\/notariat\/berufsbild-des-notars\/urkundenarchiv\/#breadcrumb","itemListElement":[{"@type":"ListItem","position":1,"name":"Startseite","item":"https:\/\/www.notariat-schoeffmann.at\/de\/"},{"@type":"ListItem","position":2,"name":"Notariat","item":"https:\/\/www.notariat-schoeffmann.at\/de\/notariat\/"},{"@type":"ListItem","position":3,"name":"Berufsbild des Notars","item":"https:\/\/www.notariat-schoeffmann.at\/de\/notariat\/berufsbild-des-notars\/"},{"@type":"ListItem","position":4,"name":"Urkundenarchiv des Notariates"}]},{"@type":"WebSite","@id":"https:\/\/www.notariat-schoeffmann.at\/de\/#website","url":"https:\/\/www.notariat-schoeffmann.at\/de\/","name":"Notariat Sch\u00f6ffmann","description":"Mag. Klaus Sch\u00f6ffmann - Ihr Notar in Klagenfurt","publisher":{"@id":"https:\/\/www.notariat-schoeffmann.at\/de\/#organization"},"potentialAction":[{"@type":"SearchAction","target":{"@type":"EntryPoint","urlTemplate":"https:\/\/www.notariat-schoeffmann.at\/de\/?s={search_term_string}"},"query-input":{"@type":"PropertyValueSpecification","valueRequired":true,"valueName":"search_term_string"}}],"inLanguage":"de"},{"@type":"Organization","@id":"https:\/\/www.notariat-schoeffmann.at\/de\/#organization","name":"Notariat Mag. Klaus Sch\u00f6ffmann Klagenfurt","url":"https:\/\/www.notariat-schoeffmann.at\/de\/","logo":{"@type":"ImageObject","inLanguage":"de","@id":"https:\/\/www.notariat-schoeffmann.at\/de\/#\/schema\/logo\/image\/","url":"https:\/\/www.notariat-schoeffmann.at\/wp-content\/uploads\/2022\/02\/logo-notariat-schoeffmann.jpg","contentUrl":"https:\/\/www.notariat-schoeffmann.at\/wp-content\/uploads\/2022\/02\/logo-notariat-schoeffmann.jpg","width":600,"height":600,"caption":"Notariat Mag. Klaus Sch\u00f6ffmann Klagenfurt"},"image":{"@id":"https:\/\/www.notariat-schoeffmann.at\/de\/#\/schema\/logo\/image\/"},"sameAs":["https:\/\/www.facebook.com\/NotarKlagenfurt","https:\/\/www.youtube.com\/channel\/UCaITfbIQh6VIpzEonUsIhcg"]}]}},"_links":{"self":[{"href":"https:\/\/www.notariat-schoeffmann.at\/de\/wp-json\/wp\/v2\/pages\/66","targetHints":{"allow":["GET"]}}],"collection":[{"href":"https:\/\/www.notariat-schoeffmann.at\/de\/wp-json\/wp\/v2\/pages"}],"about":[{"href":"https:\/\/www.notariat-schoeffmann.at\/de\/wp-json\/wp\/v2\/types\/page"}],"author":[{"embeddable":true,"href":"https:\/\/www.notariat-schoeffmann.at\/de\/wp-json\/wp\/v2\/users\/3"}],"replies":[{"embeddable":true,"href":"https:\/\/www.notariat-schoeffmann.at\/de\/wp-json\/wp\/v2\/comments?post=66"}],"version-history":[{"count":9,"href":"https:\/\/www.notariat-schoeffmann.at\/de\/wp-json\/wp\/v2\/pages\/66\/revisions"}],"predecessor-version":[{"id":2781,"href":"https:\/\/www.notariat-schoeffmann.at\/de\/wp-json\/wp\/v2\/pages\/66\/revisions\/2781"}],"up":[{"embeddable":true,"href":"https:\/\/www.notariat-schoeffmann.at\/de\/wp-json\/wp\/v2\/pages\/63"}],"wp:attachment":[{"href":"https:\/\/www.notariat-schoeffmann.at\/de\/wp-json\/wp\/v2\/media?parent=66"}],"wp:term":[{"taxonomy":"category","embeddable":true,"href":"https:\/\/www.notariat-schoeffmann.at\/de\/wp-json\/wp\/v2\/categories?post=66"}],"curies":[{"name":"wp","href":"https:\/\/api.w.org\/{rel}","templated":true}]}}