{"id":477,"date":"2021-08-09T11:59:10","date_gmt":"2021-08-09T09:59:10","guid":{"rendered":"https:\/\/www.notariat-schoeffmann.at\/?page_id=477"},"modified":"2022-02-26T13:58:58","modified_gmt":"2022-02-26T12:58:58","slug":"oesterreichisches-zentrales-vertretungsverzeichnis-oezvv","status":"publish","type":"page","link":"https:\/\/www.notariat-schoeffmann.at\/de\/vorsorge\/oesterreichisches-zentrales-vertretungsverzeichnis-oezvv\/","title":{"rendered":"\u00d6sterreichisches Zentrales Vertretungsverzeichnis (\u00d6ZVV)"},"content":{"rendered":"<div class=\"standard typo3-neos-nodetypes-text\">\n<div>\n<p>Die \u00d6sterreichische Notariatskammer hat das&nbsp;<a title=\"\u00d6ZVV\" href=\"https:\/\/www.justiz.gv.at\/web2013\/home\/justiz\/erwachsenenschutz\/a-z-des-erwachsenenschutzrechts\/oesterreichisches-zentrales-vertretungsverzeichnis-oezvv~3a.de.html\" target=\"_blank\" rel=\"noopener\">\u00d6ZVV<\/a>&nbsp;eingerichtet und f\u00fchrt dieses.<\/p>\n<p>Das \u00d6ZVV dient der Registrierung<\/p>\n<ul>\n<li>der vor einem Notar, Rechtsanwalt oder Erwachsenenschutzverein errichteten&nbsp;<strong>Vorsorgevollmacht<\/strong>, des Eintritts des Vorsorgefalls und des Widerrufs der Vorsorgevollmacht,<\/li>\n<li>der vor einem Notar, Rechtsanwalt oder Erwachsenenschutzverein abgeschlossenen&nbsp;<strong>Vereinbarung \u00fcber die gew\u00e4hlte Erwachsenenvertretung<\/strong>&nbsp;und deren Widerrufs,<\/li>\n<li>der&nbsp;<strong>gesetzlichen Erwachsenenvertretung<\/strong>&nbsp;und der Widerspr\u00fcche gegen diese und<\/li>\n<li>der vor einem Notar, einem Rechtsanwalt oder einem Mitarbeiter eines Erwachsenenschutzvereins errichtete&nbsp;<strong>Erwachsenenvertreter-Verf\u00fcgungen<\/strong>.<\/li>\n<li>die vom Gericht bestellten gerichtlichen Erwachsenenvertreter einzutragen<\/li>\n<\/ul>\n<\/div>\n<\/div>\n","protected":false},"excerpt":{"rendered":"<p>Die \u00d6sterreichische Notariatskammer hat das&nbsp;\u00d6ZVV&nbsp;eingerichtet und f\u00fchrt dieses. Das \u00d6ZVV dient der Registrierung der vor einem Notar, Rechtsanwalt oder Erwachsenenschutzverein errichteten&nbsp;Vorsorgevollmacht, des Eintritts des Vorsorgefalls und des Widerrufs der Vorsorgevollmacht, der vor einem Notar, Rechtsanwalt oder Erwachsenenschutzverein abgeschlossenen&nbsp;Vereinbarung \u00fcber die gew\u00e4hlte Erwachsenenvertretung&nbsp;und deren Widerrufs, der&nbsp;gesetzlichen Erwachsenenvertretung&nbsp;und der Widerspr\u00fcche gegen diese und der vor einem Notar,&hellip;<\/p>\n","protected":false},"author":3,"featured_media":0,"parent":438,"menu_order":8,"comment_status":"closed","ping_status":"closed","template":"","meta":{"inline_featured_image":false,"footnotes":""},"categories":[],"class_list":["post-477","page","type-page","status-publish","hentry","description-off"],"yoast_head":"<!-- This site is optimized with the Yoast SEO Premium plugin v26.7 (Yoast SEO v27.3) - https:\/\/yoast.com\/product\/yoast-seo-premium-wordpress\/ -->\n<title>\u00d6sterreichisches Zentrales Vertretungsverzeichnis (\u00d6ZVV) &#8211; Notariat Sch\u00f6ffmann<\/title>\n<meta name=\"description\" content=\"Das \u00d6sterreichische Zentrale Vertretungsverzeichnis (\u00d6ZVV) dient der Eintragung der Vertretungsarten.\" \/>\n<meta name=\"robots\" content=\"index, follow, max-snippet:-1, max-image-preview:large, max-video-preview:-1\" \/>\n<link rel=\"canonical\" href=\"https:\/\/www.notariat-schoeffmann.at\/de\/vorsorge\/oesterreichisches-zentrales-vertretungsverzeichnis-oezvv\/\" \/>\n<meta property=\"og:locale\" content=\"de_DE\" \/>\n<meta property=\"og:type\" content=\"article\" \/>\n<meta property=\"og:title\" content=\"\u00d6sterreichisches Zentrales Vertretungsverzeichnis (\u00d6ZVV) - Notariat Sch\u00f6ffmann\" \/>\n<meta property=\"og:description\" content=\"Das \u00d6sterreichische Zentrale Vertretungsverzeichnis (\u00d6ZVV) dient der Eintragung der Vertretungsarten.\" \/>\n<meta property=\"og:url\" content=\"https:\/\/www.notariat-schoeffmann.at\/de\/vorsorge\/oesterreichisches-zentrales-vertretungsverzeichnis-oezvv\/\" \/>\n<meta property=\"og:site_name\" content=\"Notariat Sch\u00f6ffmann\" \/>\n<meta property=\"article:publisher\" content=\"https:\/\/www.facebook.com\/NotarKlagenfurt\" \/>\n<meta property=\"article:modified_time\" content=\"2022-02-26T12:58:58+00:00\" \/>\n<meta property=\"og:image\" content=\"https:\/\/www.notariat-schoeffmann.at\/wp-content\/uploads\/2021\/11\/Juristen-1.jpg\" \/>\n\t<meta property=\"og:image:width\" content=\"1600\" \/>\n\t<meta property=\"og:image:height\" content=\"1067\" \/>\n\t<meta property=\"og:image:type\" content=\"image\/jpeg\" \/>\n<meta name=\"twitter:card\" content=\"summary_large_image\" \/>\n<script type=\"application\/ld+json\" class=\"yoast-schema-graph\">{\"@context\":\"https:\\\/\\\/schema.org\",\"@graph\":[{\"@type\":\"WebPage\",\"@id\":\"https:\\\/\\\/www.notariat-schoeffmann.at\\\/de\\\/vorsorge\\\/oesterreichisches-zentrales-vertretungsverzeichnis-oezvv\\\/\",\"url\":\"https:\\\/\\\/www.notariat-schoeffmann.at\\\/de\\\/vorsorge\\\/oesterreichisches-zentrales-vertretungsverzeichnis-oezvv\\\/\",\"name\":\"\u00d6sterreichisches Zentrales Vertretungsverzeichnis (\u00d6ZVV) &#8211; Notariat Sch\u00f6ffmann\",\"isPartOf\":{\"@id\":\"https:\\\/\\\/www.notariat-schoeffmann.at\\\/de\\\/#website\"},\"datePublished\":\"2021-08-09T09:59:10+00:00\",\"dateModified\":\"2022-02-26T12:58:58+00:00\",\"description\":\"Das \u00d6sterreichische Zentrale Vertretungsverzeichnis (\u00d6ZVV) dient der Eintragung der Vertretungsarten.\",\"breadcrumb\":{\"@id\":\"https:\\\/\\\/www.notariat-schoeffmann.at\\\/de\\\/vorsorge\\\/oesterreichisches-zentrales-vertretungsverzeichnis-oezvv\\\/#breadcrumb\"},\"inLanguage\":\"de\",\"potentialAction\":[{\"@type\":\"ReadAction\",\"target\":[\"https:\\\/\\\/www.notariat-schoeffmann.at\\\/de\\\/vorsorge\\\/oesterreichisches-zentrales-vertretungsverzeichnis-oezvv\\\/\"]}]},{\"@type\":\"BreadcrumbList\",\"@id\":\"https:\\\/\\\/www.notariat-schoeffmann.at\\\/de\\\/vorsorge\\\/oesterreichisches-zentrales-vertretungsverzeichnis-oezvv\\\/#breadcrumb\",\"itemListElement\":[{\"@type\":\"ListItem\",\"position\":1,\"name\":\"Startseite\",\"item\":\"https:\\\/\\\/www.notariat-schoeffmann.at\\\/de\\\/\"},{\"@type\":\"ListItem\",\"position\":2,\"name\":\"Vorsorge\",\"item\":\"https:\\\/\\\/www.notariat-schoeffmann.at\\\/de\\\/vorsorge\\\/\"},{\"@type\":\"ListItem\",\"position\":3,\"name\":\"\u00d6sterreichisches Zentrales Vertretungsverzeichnis (\u00d6ZVV)\"}]},{\"@type\":\"WebSite\",\"@id\":\"https:\\\/\\\/www.notariat-schoeffmann.at\\\/de\\\/#website\",\"url\":\"https:\\\/\\\/www.notariat-schoeffmann.at\\\/de\\\/\",\"name\":\"Notariat Sch\u00f6ffmann\",\"description\":\"Mag. Klaus Sch\u00f6ffmann - Ihr Notar in Klagenfurt\",\"publisher\":{\"@id\":\"https:\\\/\\\/www.notariat-schoeffmann.at\\\/de\\\/#organization\"},\"potentialAction\":[{\"@type\":\"SearchAction\",\"target\":{\"@type\":\"EntryPoint\",\"urlTemplate\":\"https:\\\/\\\/www.notariat-schoeffmann.at\\\/de\\\/?s={search_term_string}\"},\"query-input\":{\"@type\":\"PropertyValueSpecification\",\"valueRequired\":true,\"valueName\":\"search_term_string\"}}],\"inLanguage\":\"de\"},{\"@type\":\"Organization\",\"@id\":\"https:\\\/\\\/www.notariat-schoeffmann.at\\\/de\\\/#organization\",\"name\":\"Notariat Mag. Klaus Sch\u00f6ffmann Klagenfurt\",\"url\":\"https:\\\/\\\/www.notariat-schoeffmann.at\\\/de\\\/\",\"logo\":{\"@type\":\"ImageObject\",\"inLanguage\":\"de\",\"@id\":\"https:\\\/\\\/www.notariat-schoeffmann.at\\\/de\\\/#\\\/schema\\\/logo\\\/image\\\/\",\"url\":\"https:\\\/\\\/www.notariat-schoeffmann.at\\\/wp-content\\\/uploads\\\/2022\\\/02\\\/logo-notariat-schoeffmann.jpg\",\"contentUrl\":\"https:\\\/\\\/www.notariat-schoeffmann.at\\\/wp-content\\\/uploads\\\/2022\\\/02\\\/logo-notariat-schoeffmann.jpg\",\"width\":600,\"height\":600,\"caption\":\"Notariat Mag. Klaus Sch\u00f6ffmann Klagenfurt\"},\"image\":{\"@id\":\"https:\\\/\\\/www.notariat-schoeffmann.at\\\/de\\\/#\\\/schema\\\/logo\\\/image\\\/\"},\"sameAs\":[\"https:\\\/\\\/www.facebook.com\\\/NotarKlagenfurt\",\"https:\\\/\\\/www.youtube.com\\\/channel\\\/UCaITfbIQh6VIpzEonUsIhcg\"]}]}<\/script>\n<!-- \/ Yoast SEO Premium plugin. -->","yoast_head_json":{"title":"\u00d6sterreichisches Zentrales Vertretungsverzeichnis (\u00d6ZVV) &#8211; Notariat Sch\u00f6ffmann","description":"Das \u00d6sterreichische Zentrale Vertretungsverzeichnis (\u00d6ZVV) dient der Eintragung der Vertretungsarten.","robots":{"index":"index","follow":"follow","max-snippet":"max-snippet:-1","max-image-preview":"max-image-preview:large","max-video-preview":"max-video-preview:-1"},"canonical":"https:\/\/www.notariat-schoeffmann.at\/de\/vorsorge\/oesterreichisches-zentrales-vertretungsverzeichnis-oezvv\/","og_locale":"de_DE","og_type":"article","og_title":"\u00d6sterreichisches Zentrales Vertretungsverzeichnis (\u00d6ZVV) - Notariat Sch\u00f6ffmann","og_description":"Das \u00d6sterreichische Zentrale Vertretungsverzeichnis (\u00d6ZVV) dient der Eintragung der Vertretungsarten.","og_url":"https:\/\/www.notariat-schoeffmann.at\/de\/vorsorge\/oesterreichisches-zentrales-vertretungsverzeichnis-oezvv\/","og_site_name":"Notariat Sch\u00f6ffmann","article_publisher":"https:\/\/www.facebook.com\/NotarKlagenfurt","article_modified_time":"2022-02-26T12:58:58+00:00","og_image":[{"width":1600,"height":1067,"url":"https:\/\/www.notariat-schoeffmann.at\/wp-content\/uploads\/2021\/11\/Juristen-1.jpg","type":"image\/jpeg"}],"twitter_card":"summary_large_image","schema":{"@context":"https:\/\/schema.org","@graph":[{"@type":"WebPage","@id":"https:\/\/www.notariat-schoeffmann.at\/de\/vorsorge\/oesterreichisches-zentrales-vertretungsverzeichnis-oezvv\/","url":"https:\/\/www.notariat-schoeffmann.at\/de\/vorsorge\/oesterreichisches-zentrales-vertretungsverzeichnis-oezvv\/","name":"\u00d6sterreichisches Zentrales Vertretungsverzeichnis (\u00d6ZVV) &#8211; Notariat Sch\u00f6ffmann","isPartOf":{"@id":"https:\/\/www.notariat-schoeffmann.at\/de\/#website"},"datePublished":"2021-08-09T09:59:10+00:00","dateModified":"2022-02-26T12:58:58+00:00","description":"Das \u00d6sterreichische Zentrale Vertretungsverzeichnis (\u00d6ZVV) dient der Eintragung der Vertretungsarten.","breadcrumb":{"@id":"https:\/\/www.notariat-schoeffmann.at\/de\/vorsorge\/oesterreichisches-zentrales-vertretungsverzeichnis-oezvv\/#breadcrumb"},"inLanguage":"de","potentialAction":[{"@type":"ReadAction","target":["https:\/\/www.notariat-schoeffmann.at\/de\/vorsorge\/oesterreichisches-zentrales-vertretungsverzeichnis-oezvv\/"]}]},{"@type":"BreadcrumbList","@id":"https:\/\/www.notariat-schoeffmann.at\/de\/vorsorge\/oesterreichisches-zentrales-vertretungsverzeichnis-oezvv\/#breadcrumb","itemListElement":[{"@type":"ListItem","position":1,"name":"Startseite","item":"https:\/\/www.notariat-schoeffmann.at\/de\/"},{"@type":"ListItem","position":2,"name":"Vorsorge","item":"https:\/\/www.notariat-schoeffmann.at\/de\/vorsorge\/"},{"@type":"ListItem","position":3,"name":"\u00d6sterreichisches Zentrales Vertretungsverzeichnis (\u00d6ZVV)"}]},{"@type":"WebSite","@id":"https:\/\/www.notariat-schoeffmann.at\/de\/#website","url":"https:\/\/www.notariat-schoeffmann.at\/de\/","name":"Notariat Sch\u00f6ffmann","description":"Mag. Klaus Sch\u00f6ffmann - Ihr Notar in Klagenfurt","publisher":{"@id":"https:\/\/www.notariat-schoeffmann.at\/de\/#organization"},"potentialAction":[{"@type":"SearchAction","target":{"@type":"EntryPoint","urlTemplate":"https:\/\/www.notariat-schoeffmann.at\/de\/?s={search_term_string}"},"query-input":{"@type":"PropertyValueSpecification","valueRequired":true,"valueName":"search_term_string"}}],"inLanguage":"de"},{"@type":"Organization","@id":"https:\/\/www.notariat-schoeffmann.at\/de\/#organization","name":"Notariat Mag. Klaus Sch\u00f6ffmann Klagenfurt","url":"https:\/\/www.notariat-schoeffmann.at\/de\/","logo":{"@type":"ImageObject","inLanguage":"de","@id":"https:\/\/www.notariat-schoeffmann.at\/de\/#\/schema\/logo\/image\/","url":"https:\/\/www.notariat-schoeffmann.at\/wp-content\/uploads\/2022\/02\/logo-notariat-schoeffmann.jpg","contentUrl":"https:\/\/www.notariat-schoeffmann.at\/wp-content\/uploads\/2022\/02\/logo-notariat-schoeffmann.jpg","width":600,"height":600,"caption":"Notariat Mag. Klaus Sch\u00f6ffmann Klagenfurt"},"image":{"@id":"https:\/\/www.notariat-schoeffmann.at\/de\/#\/schema\/logo\/image\/"},"sameAs":["https:\/\/www.facebook.com\/NotarKlagenfurt","https:\/\/www.youtube.com\/channel\/UCaITfbIQh6VIpzEonUsIhcg"]}]}},"_links":{"self":[{"href":"https:\/\/www.notariat-schoeffmann.at\/de\/wp-json\/wp\/v2\/pages\/477","targetHints":{"allow":["GET"]}}],"collection":[{"href":"https:\/\/www.notariat-schoeffmann.at\/de\/wp-json\/wp\/v2\/pages"}],"about":[{"href":"https:\/\/www.notariat-schoeffmann.at\/de\/wp-json\/wp\/v2\/types\/page"}],"author":[{"embeddable":true,"href":"https:\/\/www.notariat-schoeffmann.at\/de\/wp-json\/wp\/v2\/users\/3"}],"replies":[{"embeddable":true,"href":"https:\/\/www.notariat-schoeffmann.at\/de\/wp-json\/wp\/v2\/comments?post=477"}],"version-history":[{"count":3,"href":"https:\/\/www.notariat-schoeffmann.at\/de\/wp-json\/wp\/v2\/pages\/477\/revisions"}],"predecessor-version":[{"id":2024,"href":"https:\/\/www.notariat-schoeffmann.at\/de\/wp-json\/wp\/v2\/pages\/477\/revisions\/2024"}],"up":[{"embeddable":true,"href":"https:\/\/www.notariat-schoeffmann.at\/de\/wp-json\/wp\/v2\/pages\/438"}],"wp:attachment":[{"href":"https:\/\/www.notariat-schoeffmann.at\/de\/wp-json\/wp\/v2\/media?parent=477"}],"wp:term":[{"taxonomy":"category","embeddable":true,"href":"https:\/\/www.notariat-schoeffmann.at\/de\/wp-json\/wp\/v2\/categories?post=477"}],"curies":[{"name":"wp","href":"https:\/\/api.w.org\/{rel}","templated":true}]}}