{"id":465,"date":"2021-08-09T11:54:15","date_gmt":"2021-08-09T09:54:15","guid":{"rendered":"https:\/\/www.notariat-schoeffmann.at\/?page_id=465"},"modified":"2022-03-06T13:27:51","modified_gmt":"2022-03-06T12:27:51","slug":"vorsorgevollmacht-oder-gerichtliche-erwachsenenvertretung","status":"publish","type":"page","link":"https:\/\/www.notariat-schoeffmann.at\/de\/vorsorge\/vorsorgevollmacht-oder-gerichtliche-erwachsenenvertretung\/","title":{"rendered":"Vorsorgevollmacht oder gerichtliche Erwachsenenvertretung?"},"content":{"rendered":"<div class=\"lazyblock-infobox-Z27MLsa wp-block-lazyblock-infobox\"><div class=\"notar_einleitung\">\n\n  <div class=\"notar_einleitung_wrapper\"><p>Hat die betroffene Person selbst keinen Vertreter bestimmt und kommt die gesetzliche Erwachsenenvertretung nicht in Frage, wird vom Gericht ein\u00a0<strong>gerichtlicher Erwachsenenvertreter<\/strong>\u00a0bestellt.<\/p><\/div>\n<\/div>\n<\/div>\n\n\n<p>Mit einer&nbsp;<b>Vorsorgevollmacht<\/b>&nbsp;kann eine Person hingegen schon vor Verlust der Entscheidungsf\u00e4higkeit selbst bestimmen, wer sie in einem solchen Fall vertreten und f\u00fcr sie entscheiden soll.<\/p>\n\n\n\n<p>Der Unterschied zwischen Vorsorgevollmacht und Erwachsenenvertreter-Verf\u00fcgung liegt darin, dass mit der Vorsorgevollmacht die Bestellung eines gerichtlichen Erwachsenenvertreters durch das Gericht verhindert werden soll. Die Vertretung wird im Vorhinein selbst geregelt. Mit der Erwachsenenvertreter-Verf\u00fcgung hingegen kann vorab die Person des k\u00fcnftigen gerichtlichen Erwachsenenvertreters gew\u00fcnscht werden.<\/p>\n\n\n<div class=\"lazyblock-infobox-Z1N6Wyk wp-block-lazyblock-infobox\"><div class=\"notar_standard\">\n  <h2>Info<\/h2>\n  <div class=\"notar_infobox_content\"><p>Zu bedenken ist, dass der grundlegende Unterschied in der Kontrolle des Vertreters liegt!<\/p><\/div>\n<\/div>\n\n<\/div>\n\n\n<p>Ein&nbsp;<strong>gerichtlicher Erwachsenenvertreter unterliegt immer der Kontrolle des Gerichtes<\/strong>. Dieses hat zumindest j\u00e4hrlich zu pr\u00fcfen, ob der gerichtliche Erwachsenenvertreter im Interesse der vertretenen Person handelt.<\/p>\n\n\n\n<p>Bei einem mittels&nbsp;<strong>Vorsorgevollmacht&nbsp;<\/strong>bevollm\u00e4chtigten Vertreter gibt es grunds\u00e4tzlich&nbsp;<strong>keine Kontroll<\/strong><strong>e!&nbsp;<\/strong>Die Vorsorgevollmacht sollte also nur dann gew\u00e4hlt werden, wenn absolutes Vertrauen zum Bevollm\u00e4chtigten besteht. Es besteht die M\u00f6glichkeit mehrere Vorsorgebevollm\u00e4chtigte zu benennen, die sich gegenseitig kontrollieren.<\/p>\n","protected":false},"excerpt":{"rendered":"<p>Mit einer&nbsp;Vorsorgevollmacht&nbsp;kann eine Person hingegen schon vor Verlust der Entscheidungsf\u00e4higkeit selbst bestimmen, wer sie in einem solchen Fall vertreten und f\u00fcr sie entscheiden soll. Der Unterschied zwischen Vorsorgevollmacht und Erwachsenenvertreter-Verf\u00fcgung liegt darin, dass mit der Vorsorgevollmacht die Bestellung eines gerichtlichen Erwachsenenvertreters durch das Gericht verhindert werden soll. Die Vertretung wird im Vorhinein selbst geregelt. Mit&hellip;<\/p>\n","protected":false},"author":3,"featured_media":0,"parent":438,"menu_order":6,"comment_status":"closed","ping_status":"closed","template":"","meta":{"inline_featured_image":false,"footnotes":""},"categories":[],"class_list":["post-465","page","type-page","status-publish","hentry","description-off"],"yoast_head":"<!-- This site is optimized with the Yoast SEO Premium plugin v26.7 (Yoast SEO v27.4) - https:\/\/yoast.com\/product\/yoast-seo-premium-wordpress\/ -->\n<title>Vorsorgevollmacht oder gerichtliche Erwachsenenvertretung? &#8211; Notariat Sch\u00f6ffmann<\/title>\n<meta name=\"description\" content=\"Wodurch unterscheiden sich die Vorsorgevollmacht und die gerichtliche Erwachsenenvertretung? Lesen Sie hier mehr dazu!\" \/>\n<meta name=\"robots\" content=\"index, follow, max-snippet:-1, max-image-preview:large, max-video-preview:-1\" \/>\n<link rel=\"canonical\" href=\"https:\/\/www.notariat-schoeffmann.at\/de\/vorsorge\/vorsorgevollmacht-oder-gerichtliche-erwachsenenvertretung\/\" \/>\n<meta property=\"og:locale\" content=\"de_DE\" \/>\n<meta property=\"og:type\" content=\"article\" \/>\n<meta property=\"og:title\" content=\"Vorsorgevollmacht oder gerichtliche Erwachsenenvertretung? - Notariat Sch\u00f6ffmann\" \/>\n<meta property=\"og:description\" content=\"Wodurch unterscheiden sich die Vorsorgevollmacht und die gerichtliche Erwachsenenvertretung? Lesen Sie hier mehr dazu!\" \/>\n<meta property=\"og:url\" content=\"https:\/\/www.notariat-schoeffmann.at\/de\/vorsorge\/vorsorgevollmacht-oder-gerichtliche-erwachsenenvertretung\/\" \/>\n<meta property=\"og:site_name\" content=\"Notariat Sch\u00f6ffmann\" \/>\n<meta property=\"article:publisher\" content=\"https:\/\/www.facebook.com\/NotarKlagenfurt\" \/>\n<meta property=\"article:modified_time\" content=\"2022-03-06T12:27:51+00:00\" \/>\n<meta property=\"og:image\" content=\"https:\/\/www.notariat-schoeffmann.at\/wp-content\/uploads\/2021\/11\/Juristen-1.jpg\" \/>\n\t<meta property=\"og:image:width\" content=\"1600\" \/>\n\t<meta property=\"og:image:height\" content=\"1067\" \/>\n\t<meta property=\"og:image:type\" content=\"image\/jpeg\" \/>\n<meta name=\"twitter:card\" content=\"summary_large_image\" \/>\n<script type=\"application\/ld+json\" class=\"yoast-schema-graph\">{\"@context\":\"https:\\\/\\\/schema.org\",\"@graph\":[{\"@type\":\"WebPage\",\"@id\":\"https:\\\/\\\/www.notariat-schoeffmann.at\\\/de\\\/vorsorge\\\/vorsorgevollmacht-oder-gerichtliche-erwachsenenvertretung\\\/\",\"url\":\"https:\\\/\\\/www.notariat-schoeffmann.at\\\/de\\\/vorsorge\\\/vorsorgevollmacht-oder-gerichtliche-erwachsenenvertretung\\\/\",\"name\":\"Vorsorgevollmacht oder gerichtliche Erwachsenenvertretung? &#8211; Notariat Sch\u00f6ffmann\",\"isPartOf\":{\"@id\":\"https:\\\/\\\/www.notariat-schoeffmann.at\\\/de\\\/#website\"},\"datePublished\":\"2021-08-09T09:54:15+00:00\",\"dateModified\":\"2022-03-06T12:27:51+00:00\",\"description\":\"Wodurch unterscheiden sich die Vorsorgevollmacht und die gerichtliche Erwachsenenvertretung? Lesen Sie hier mehr dazu!\",\"breadcrumb\":{\"@id\":\"https:\\\/\\\/www.notariat-schoeffmann.at\\\/de\\\/vorsorge\\\/vorsorgevollmacht-oder-gerichtliche-erwachsenenvertretung\\\/#breadcrumb\"},\"inLanguage\":\"de\",\"potentialAction\":[{\"@type\":\"ReadAction\",\"target\":[\"https:\\\/\\\/www.notariat-schoeffmann.at\\\/de\\\/vorsorge\\\/vorsorgevollmacht-oder-gerichtliche-erwachsenenvertretung\\\/\"]}]},{\"@type\":\"BreadcrumbList\",\"@id\":\"https:\\\/\\\/www.notariat-schoeffmann.at\\\/de\\\/vorsorge\\\/vorsorgevollmacht-oder-gerichtliche-erwachsenenvertretung\\\/#breadcrumb\",\"itemListElement\":[{\"@type\":\"ListItem\",\"position\":1,\"name\":\"Startseite\",\"item\":\"https:\\\/\\\/www.notariat-schoeffmann.at\\\/de\\\/\"},{\"@type\":\"ListItem\",\"position\":2,\"name\":\"Vorsorge\",\"item\":\"https:\\\/\\\/www.notariat-schoeffmann.at\\\/de\\\/vorsorge\\\/\"},{\"@type\":\"ListItem\",\"position\":3,\"name\":\"Vorsorgevollmacht oder gerichtliche Erwachsenenvertretung?\"}]},{\"@type\":\"WebSite\",\"@id\":\"https:\\\/\\\/www.notariat-schoeffmann.at\\\/de\\\/#website\",\"url\":\"https:\\\/\\\/www.notariat-schoeffmann.at\\\/de\\\/\",\"name\":\"Notariat Sch\u00f6ffmann\",\"description\":\"Mag. Klaus Sch\u00f6ffmann - Ihr Notar in Klagenfurt\",\"publisher\":{\"@id\":\"https:\\\/\\\/www.notariat-schoeffmann.at\\\/de\\\/#organization\"},\"potentialAction\":[{\"@type\":\"SearchAction\",\"target\":{\"@type\":\"EntryPoint\",\"urlTemplate\":\"https:\\\/\\\/www.notariat-schoeffmann.at\\\/de\\\/?s={search_term_string}\"},\"query-input\":{\"@type\":\"PropertyValueSpecification\",\"valueRequired\":true,\"valueName\":\"search_term_string\"}}],\"inLanguage\":\"de\"},{\"@type\":\"Organization\",\"@id\":\"https:\\\/\\\/www.notariat-schoeffmann.at\\\/de\\\/#organization\",\"name\":\"Notariat Mag. Klaus Sch\u00f6ffmann Klagenfurt\",\"url\":\"https:\\\/\\\/www.notariat-schoeffmann.at\\\/de\\\/\",\"logo\":{\"@type\":\"ImageObject\",\"inLanguage\":\"de\",\"@id\":\"https:\\\/\\\/www.notariat-schoeffmann.at\\\/de\\\/#\\\/schema\\\/logo\\\/image\\\/\",\"url\":\"https:\\\/\\\/www.notariat-schoeffmann.at\\\/wp-content\\\/uploads\\\/2022\\\/02\\\/logo-notariat-schoeffmann.jpg\",\"contentUrl\":\"https:\\\/\\\/www.notariat-schoeffmann.at\\\/wp-content\\\/uploads\\\/2022\\\/02\\\/logo-notariat-schoeffmann.jpg\",\"width\":600,\"height\":600,\"caption\":\"Notariat Mag. Klaus Sch\u00f6ffmann Klagenfurt\"},\"image\":{\"@id\":\"https:\\\/\\\/www.notariat-schoeffmann.at\\\/de\\\/#\\\/schema\\\/logo\\\/image\\\/\"},\"sameAs\":[\"https:\\\/\\\/www.facebook.com\\\/NotarKlagenfurt\",\"https:\\\/\\\/www.youtube.com\\\/channel\\\/UCaITfbIQh6VIpzEonUsIhcg\"]}]}<\/script>\n<!-- \/ Yoast SEO Premium plugin. -->","yoast_head_json":{"title":"Vorsorgevollmacht oder gerichtliche Erwachsenenvertretung? &#8211; Notariat Sch\u00f6ffmann","description":"Wodurch unterscheiden sich die Vorsorgevollmacht und die gerichtliche Erwachsenenvertretung? Lesen Sie hier mehr dazu!","robots":{"index":"index","follow":"follow","max-snippet":"max-snippet:-1","max-image-preview":"max-image-preview:large","max-video-preview":"max-video-preview:-1"},"canonical":"https:\/\/www.notariat-schoeffmann.at\/de\/vorsorge\/vorsorgevollmacht-oder-gerichtliche-erwachsenenvertretung\/","og_locale":"de_DE","og_type":"article","og_title":"Vorsorgevollmacht oder gerichtliche Erwachsenenvertretung? - Notariat Sch\u00f6ffmann","og_description":"Wodurch unterscheiden sich die Vorsorgevollmacht und die gerichtliche Erwachsenenvertretung? Lesen Sie hier mehr dazu!","og_url":"https:\/\/www.notariat-schoeffmann.at\/de\/vorsorge\/vorsorgevollmacht-oder-gerichtliche-erwachsenenvertretung\/","og_site_name":"Notariat Sch\u00f6ffmann","article_publisher":"https:\/\/www.facebook.com\/NotarKlagenfurt","article_modified_time":"2022-03-06T12:27:51+00:00","og_image":[{"width":1600,"height":1067,"url":"https:\/\/www.notariat-schoeffmann.at\/wp-content\/uploads\/2021\/11\/Juristen-1.jpg","type":"image\/jpeg"}],"twitter_card":"summary_large_image","schema":{"@context":"https:\/\/schema.org","@graph":[{"@type":"WebPage","@id":"https:\/\/www.notariat-schoeffmann.at\/de\/vorsorge\/vorsorgevollmacht-oder-gerichtliche-erwachsenenvertretung\/","url":"https:\/\/www.notariat-schoeffmann.at\/de\/vorsorge\/vorsorgevollmacht-oder-gerichtliche-erwachsenenvertretung\/","name":"Vorsorgevollmacht oder gerichtliche Erwachsenenvertretung? &#8211; Notariat Sch\u00f6ffmann","isPartOf":{"@id":"https:\/\/www.notariat-schoeffmann.at\/de\/#website"},"datePublished":"2021-08-09T09:54:15+00:00","dateModified":"2022-03-06T12:27:51+00:00","description":"Wodurch unterscheiden sich die Vorsorgevollmacht und die gerichtliche Erwachsenenvertretung? Lesen Sie hier mehr dazu!","breadcrumb":{"@id":"https:\/\/www.notariat-schoeffmann.at\/de\/vorsorge\/vorsorgevollmacht-oder-gerichtliche-erwachsenenvertretung\/#breadcrumb"},"inLanguage":"de","potentialAction":[{"@type":"ReadAction","target":["https:\/\/www.notariat-schoeffmann.at\/de\/vorsorge\/vorsorgevollmacht-oder-gerichtliche-erwachsenenvertretung\/"]}]},{"@type":"BreadcrumbList","@id":"https:\/\/www.notariat-schoeffmann.at\/de\/vorsorge\/vorsorgevollmacht-oder-gerichtliche-erwachsenenvertretung\/#breadcrumb","itemListElement":[{"@type":"ListItem","position":1,"name":"Startseite","item":"https:\/\/www.notariat-schoeffmann.at\/de\/"},{"@type":"ListItem","position":2,"name":"Vorsorge","item":"https:\/\/www.notariat-schoeffmann.at\/de\/vorsorge\/"},{"@type":"ListItem","position":3,"name":"Vorsorgevollmacht oder gerichtliche Erwachsenenvertretung?"}]},{"@type":"WebSite","@id":"https:\/\/www.notariat-schoeffmann.at\/de\/#website","url":"https:\/\/www.notariat-schoeffmann.at\/de\/","name":"Notariat Sch\u00f6ffmann","description":"Mag. Klaus Sch\u00f6ffmann - Ihr Notar in Klagenfurt","publisher":{"@id":"https:\/\/www.notariat-schoeffmann.at\/de\/#organization"},"potentialAction":[{"@type":"SearchAction","target":{"@type":"EntryPoint","urlTemplate":"https:\/\/www.notariat-schoeffmann.at\/de\/?s={search_term_string}"},"query-input":{"@type":"PropertyValueSpecification","valueRequired":true,"valueName":"search_term_string"}}],"inLanguage":"de"},{"@type":"Organization","@id":"https:\/\/www.notariat-schoeffmann.at\/de\/#organization","name":"Notariat Mag. Klaus Sch\u00f6ffmann Klagenfurt","url":"https:\/\/www.notariat-schoeffmann.at\/de\/","logo":{"@type":"ImageObject","inLanguage":"de","@id":"https:\/\/www.notariat-schoeffmann.at\/de\/#\/schema\/logo\/image\/","url":"https:\/\/www.notariat-schoeffmann.at\/wp-content\/uploads\/2022\/02\/logo-notariat-schoeffmann.jpg","contentUrl":"https:\/\/www.notariat-schoeffmann.at\/wp-content\/uploads\/2022\/02\/logo-notariat-schoeffmann.jpg","width":600,"height":600,"caption":"Notariat Mag. Klaus Sch\u00f6ffmann Klagenfurt"},"image":{"@id":"https:\/\/www.notariat-schoeffmann.at\/de\/#\/schema\/logo\/image\/"},"sameAs":["https:\/\/www.facebook.com\/NotarKlagenfurt","https:\/\/www.youtube.com\/channel\/UCaITfbIQh6VIpzEonUsIhcg"]}]}},"_links":{"self":[{"href":"https:\/\/www.notariat-schoeffmann.at\/de\/wp-json\/wp\/v2\/pages\/465","targetHints":{"allow":["GET"]}}],"collection":[{"href":"https:\/\/www.notariat-schoeffmann.at\/de\/wp-json\/wp\/v2\/pages"}],"about":[{"href":"https:\/\/www.notariat-schoeffmann.at\/de\/wp-json\/wp\/v2\/types\/page"}],"author":[{"embeddable":true,"href":"https:\/\/www.notariat-schoeffmann.at\/de\/wp-json\/wp\/v2\/users\/3"}],"replies":[{"embeddable":true,"href":"https:\/\/www.notariat-schoeffmann.at\/de\/wp-json\/wp\/v2\/comments?post=465"}],"version-history":[{"count":6,"href":"https:\/\/www.notariat-schoeffmann.at\/de\/wp-json\/wp\/v2\/pages\/465\/revisions"}],"predecessor-version":[{"id":2443,"href":"https:\/\/www.notariat-schoeffmann.at\/de\/wp-json\/wp\/v2\/pages\/465\/revisions\/2443"}],"up":[{"embeddable":true,"href":"https:\/\/www.notariat-schoeffmann.at\/de\/wp-json\/wp\/v2\/pages\/438"}],"wp:attachment":[{"href":"https:\/\/www.notariat-schoeffmann.at\/de\/wp-json\/wp\/v2\/media?parent=465"}],"wp:term":[{"taxonomy":"category","embeddable":true,"href":"https:\/\/www.notariat-schoeffmann.at\/de\/wp-json\/wp\/v2\/categories?post=465"}],"curies":[{"name":"wp","href":"https:\/\/api.w.org\/{rel}","templated":true}]}}