{"id":463,"date":"2021-08-09T11:52:56","date_gmt":"2021-08-09T09:52:56","guid":{"rendered":"https:\/\/www.notariat-schoeffmann.at\/?page_id=463"},"modified":"2022-03-19T10:08:19","modified_gmt":"2022-03-19T09:08:19","slug":"erwachsenenvertreter-verfuegung","status":"publish","type":"page","link":"https:\/\/www.notariat-schoeffmann.at\/de\/vorsorge\/gerichtliche-erwachsenenvertretung\/erwachsenenvertreter-verfuegung\/","title":{"rendered":"Erwachsenenvertreter-Verf\u00fcgung"},"content":{"rendered":"<div class=\"lazyblock-infobox-Z1Vov2M wp-block-lazyblock-infobox\"><div class=\"notar_beispielbox\">\n  <h2>Beispiel<\/h2>\n  <div class=\"notar_infobox_content\"><p>Bernd ist sehr gut mit seiner Nachbarin Susi befreundet. Sollte er einmal einen Unfall haben oder aufgrund einer schweren Erkrankung selbst nicht mehr handeln k\u00f6nnen, m\u00f6chte er, dass Susi alle seine Angelegenheiten f\u00fcr ihn erledigt, sie aber nicht vollkommen frei verf\u00fcgen kann, sondern in ihren Handlungen vom Gericht \u00fcberpr\u00fcft werden soll.<\/p><\/div>\n<\/div>\n\n<\/div>\n\n\n<p>Die Entscheidung, wer als gerichtlicher Erwachsenenvertreter bestellt wird, trifft das Gericht. Dabei steht das Wohl der betroffenen Person im Vordergrund und ihr Wunsch wird in der Regel ber\u00fccksichtigt werden.<\/p>\n\n\n\n<p>Mit einer&nbsp;<strong>Erwachsenenvertreter-Verf\u00fcgung<\/strong>&nbsp;kann die betroffene Person schon vor Eintreten einer gerichtlichen Erwachsenenvertretung eine geeignete Person daf\u00fcr nennen. Sie k\u00f6nnen auch festlegen, wer&nbsp;<strong>nicht&nbsp;<\/strong>zum gerichtlichen Erwachsenenvertreter bestellt werden darf.<\/p>\n\n\n\n<p>Der Vorteil der Erwachsenenvertreter-Verf\u00fcgung liegt darin, dass man individuelle W\u00fcnsche und Vorgaben f\u00fcr diesen Fall aussprechen kann. Dieser Wunsch ist dann vom Gericht jedenfalls bei der Bestellung des gerichtlichen Erwachsenenvertreters einzubeziehen. Das Gericht ist aber nicht an die Erwachsenenvertreter-Verf\u00fcgung gebunden. Es entscheidet nach freiem Ermessen, was am besten f\u00fcr die betroffene Person ist.<\/p>\n\n\n\n<p>Die Erwachsenenvertreter-Verf\u00fcgung muss schriftlich vor einem Notar, einem Rechtsanwalt oder einem Mitarbeiter eines Erwachsenenschutzvereins errichtet und von diesen im&nbsp;<strong><a href=\"https:\/\/www.justiz.gv.at\/web2013\/home\/justiz\/erwachsenenschutz\/a-z-des-erwachsenenschutzrechts\/oesterreichisches-zentrales-vertretungsverzeichnis-oezvv~3a.de.html\" target=\"_blank\" rel=\"noopener\">\u00d6sterreichischen Zentralen Vertretungsverzeichnis<\/a>&nbsp;(\u00d6ZVV)<\/strong>&nbsp;registriert werden. F\u00fcr die Registrierung im \u00d6ZVV f\u00e4llt eine einmalige Registrierungsgeb\u00fchr an.<\/p>\n\n\n\n<p>Die Erwachsenenvertreter-Verf\u00fcgung kann&nbsp;<strong>jederzeit widerrufen<\/strong>&nbsp;werden. Auch der Widerruf ist im \u00d6ZVV einzutragen.<\/p>\n","protected":false},"excerpt":{"rendered":"<p>Die Entscheidung, wer als gerichtlicher Erwachsenenvertreter bestellt wird, trifft das Gericht. Dabei steht das Wohl der betroffenen Person im Vordergrund und ihr Wunsch wird in der Regel ber\u00fccksichtigt werden. Mit einer&nbsp;Erwachsenenvertreter-Verf\u00fcgung&nbsp;kann die betroffene Person schon vor Eintreten einer gerichtlichen Erwachsenenvertretung eine geeignete Person daf\u00fcr nennen. Sie k\u00f6nnen auch festlegen, wer&nbsp;nicht&nbsp;zum gerichtlichen Erwachsenenvertreter bestellt werden darf.&hellip;<\/p>\n","protected":false},"author":3,"featured_media":0,"parent":461,"menu_order":0,"comment_status":"closed","ping_status":"closed","template":"","meta":{"inline_featured_image":false,"footnotes":""},"categories":[],"class_list":["post-463","page","type-page","status-publish","hentry","description-off"],"yoast_head":"<!-- This site is optimized with the Yoast SEO Premium plugin v26.7 (Yoast SEO v27.4) - https:\/\/yoast.com\/product\/yoast-seo-premium-wordpress\/ -->\n<title>Erwachsenenvertreter-Verf\u00fcgung &#8211; Notariat Sch\u00f6ffmann<\/title>\n<meta name=\"description\" content=\"W\u00fcnscht man sich eine bestimmte Person als gerichtlichen Erwachsenenvertreter, kann dies in einer Erwachsenenvertreter-Verf\u00fcgung festgelegt werden.\" \/>\n<meta name=\"robots\" content=\"index, follow, max-snippet:-1, max-image-preview:large, max-video-preview:-1\" \/>\n<link rel=\"canonical\" href=\"https:\/\/www.notariat-schoeffmann.at\/de\/vorsorge\/gerichtliche-erwachsenenvertretung\/erwachsenenvertreter-verfuegung\/\" \/>\n<meta property=\"og:locale\" content=\"de_DE\" \/>\n<meta property=\"og:type\" content=\"article\" \/>\n<meta property=\"og:title\" content=\"Erwachsenenvertreter-Verf\u00fcgung - Notariat Sch\u00f6ffmann\" \/>\n<meta property=\"og:description\" content=\"W\u00fcnscht man sich eine bestimmte Person als gerichtlichen Erwachsenenvertreter, kann dies in einer Erwachsenenvertreter-Verf\u00fcgung festgelegt werden.\" \/>\n<meta property=\"og:url\" content=\"https:\/\/www.notariat-schoeffmann.at\/de\/vorsorge\/gerichtliche-erwachsenenvertretung\/erwachsenenvertreter-verfuegung\/\" \/>\n<meta property=\"og:site_name\" content=\"Notariat Sch\u00f6ffmann\" \/>\n<meta property=\"article:publisher\" content=\"https:\/\/www.facebook.com\/NotarKlagenfurt\" \/>\n<meta property=\"article:modified_time\" content=\"2022-03-19T09:08:19+00:00\" \/>\n<meta property=\"og:image\" content=\"https:\/\/www.notariat-schoeffmann.at\/wp-content\/uploads\/2021\/11\/Juristen-1.jpg\" \/>\n\t<meta property=\"og:image:width\" content=\"1600\" \/>\n\t<meta property=\"og:image:height\" content=\"1067\" \/>\n\t<meta property=\"og:image:type\" content=\"image\/jpeg\" \/>\n<meta name=\"twitter:card\" content=\"summary_large_image\" \/>\n<script type=\"application\/ld+json\" class=\"yoast-schema-graph\">{\"@context\":\"https:\\\/\\\/schema.org\",\"@graph\":[{\"@type\":\"WebPage\",\"@id\":\"https:\\\/\\\/www.notariat-schoeffmann.at\\\/de\\\/vorsorge\\\/gerichtliche-erwachsenenvertretung\\\/erwachsenenvertreter-verfuegung\\\/\",\"url\":\"https:\\\/\\\/www.notariat-schoeffmann.at\\\/de\\\/vorsorge\\\/gerichtliche-erwachsenenvertretung\\\/erwachsenenvertreter-verfuegung\\\/\",\"name\":\"Erwachsenenvertreter-Verf\u00fcgung &#8211; Notariat Sch\u00f6ffmann\",\"isPartOf\":{\"@id\":\"https:\\\/\\\/www.notariat-schoeffmann.at\\\/de\\\/#website\"},\"datePublished\":\"2021-08-09T09:52:56+00:00\",\"dateModified\":\"2022-03-19T09:08:19+00:00\",\"description\":\"W\u00fcnscht man sich eine bestimmte Person als gerichtlichen Erwachsenenvertreter, kann dies in einer Erwachsenenvertreter-Verf\u00fcgung festgelegt werden.\",\"breadcrumb\":{\"@id\":\"https:\\\/\\\/www.notariat-schoeffmann.at\\\/de\\\/vorsorge\\\/gerichtliche-erwachsenenvertretung\\\/erwachsenenvertreter-verfuegung\\\/#breadcrumb\"},\"inLanguage\":\"de\",\"potentialAction\":[{\"@type\":\"ReadAction\",\"target\":[\"https:\\\/\\\/www.notariat-schoeffmann.at\\\/de\\\/vorsorge\\\/gerichtliche-erwachsenenvertretung\\\/erwachsenenvertreter-verfuegung\\\/\"]}]},{\"@type\":\"BreadcrumbList\",\"@id\":\"https:\\\/\\\/www.notariat-schoeffmann.at\\\/de\\\/vorsorge\\\/gerichtliche-erwachsenenvertretung\\\/erwachsenenvertreter-verfuegung\\\/#breadcrumb\",\"itemListElement\":[{\"@type\":\"ListItem\",\"position\":1,\"name\":\"Startseite\",\"item\":\"https:\\\/\\\/www.notariat-schoeffmann.at\\\/de\\\/\"},{\"@type\":\"ListItem\",\"position\":2,\"name\":\"Vorsorge\",\"item\":\"https:\\\/\\\/www.notariat-schoeffmann.at\\\/de\\\/vorsorge\\\/\"},{\"@type\":\"ListItem\",\"position\":3,\"name\":\"Gerichtliche Erwachsenenvertretung\",\"item\":\"https:\\\/\\\/www.notariat-schoeffmann.at\\\/de\\\/vorsorge\\\/gerichtliche-erwachsenenvertretung\\\/\"},{\"@type\":\"ListItem\",\"position\":4,\"name\":\"Erwachsenenvertreter-Verf\u00fcgung\"}]},{\"@type\":\"WebSite\",\"@id\":\"https:\\\/\\\/www.notariat-schoeffmann.at\\\/de\\\/#website\",\"url\":\"https:\\\/\\\/www.notariat-schoeffmann.at\\\/de\\\/\",\"name\":\"Notariat Sch\u00f6ffmann\",\"description\":\"Mag. Klaus Sch\u00f6ffmann - Ihr Notar in Klagenfurt\",\"publisher\":{\"@id\":\"https:\\\/\\\/www.notariat-schoeffmann.at\\\/de\\\/#organization\"},\"potentialAction\":[{\"@type\":\"SearchAction\",\"target\":{\"@type\":\"EntryPoint\",\"urlTemplate\":\"https:\\\/\\\/www.notariat-schoeffmann.at\\\/de\\\/?s={search_term_string}\"},\"query-input\":{\"@type\":\"PropertyValueSpecification\",\"valueRequired\":true,\"valueName\":\"search_term_string\"}}],\"inLanguage\":\"de\"},{\"@type\":\"Organization\",\"@id\":\"https:\\\/\\\/www.notariat-schoeffmann.at\\\/de\\\/#organization\",\"name\":\"Notariat Mag. Klaus Sch\u00f6ffmann Klagenfurt\",\"url\":\"https:\\\/\\\/www.notariat-schoeffmann.at\\\/de\\\/\",\"logo\":{\"@type\":\"ImageObject\",\"inLanguage\":\"de\",\"@id\":\"https:\\\/\\\/www.notariat-schoeffmann.at\\\/de\\\/#\\\/schema\\\/logo\\\/image\\\/\",\"url\":\"https:\\\/\\\/www.notariat-schoeffmann.at\\\/wp-content\\\/uploads\\\/2022\\\/02\\\/logo-notariat-schoeffmann.jpg\",\"contentUrl\":\"https:\\\/\\\/www.notariat-schoeffmann.at\\\/wp-content\\\/uploads\\\/2022\\\/02\\\/logo-notariat-schoeffmann.jpg\",\"width\":600,\"height\":600,\"caption\":\"Notariat Mag. Klaus Sch\u00f6ffmann Klagenfurt\"},\"image\":{\"@id\":\"https:\\\/\\\/www.notariat-schoeffmann.at\\\/de\\\/#\\\/schema\\\/logo\\\/image\\\/\"},\"sameAs\":[\"https:\\\/\\\/www.facebook.com\\\/NotarKlagenfurt\",\"https:\\\/\\\/www.youtube.com\\\/channel\\\/UCaITfbIQh6VIpzEonUsIhcg\"]}]}<\/script>\n<!-- \/ Yoast SEO Premium plugin. -->","yoast_head_json":{"title":"Erwachsenenvertreter-Verf\u00fcgung &#8211; Notariat Sch\u00f6ffmann","description":"W\u00fcnscht man sich eine bestimmte Person als gerichtlichen Erwachsenenvertreter, kann dies in einer Erwachsenenvertreter-Verf\u00fcgung festgelegt werden.","robots":{"index":"index","follow":"follow","max-snippet":"max-snippet:-1","max-image-preview":"max-image-preview:large","max-video-preview":"max-video-preview:-1"},"canonical":"https:\/\/www.notariat-schoeffmann.at\/de\/vorsorge\/gerichtliche-erwachsenenvertretung\/erwachsenenvertreter-verfuegung\/","og_locale":"de_DE","og_type":"article","og_title":"Erwachsenenvertreter-Verf\u00fcgung - Notariat Sch\u00f6ffmann","og_description":"W\u00fcnscht man sich eine bestimmte Person als gerichtlichen Erwachsenenvertreter, kann dies in einer Erwachsenenvertreter-Verf\u00fcgung festgelegt werden.","og_url":"https:\/\/www.notariat-schoeffmann.at\/de\/vorsorge\/gerichtliche-erwachsenenvertretung\/erwachsenenvertreter-verfuegung\/","og_site_name":"Notariat Sch\u00f6ffmann","article_publisher":"https:\/\/www.facebook.com\/NotarKlagenfurt","article_modified_time":"2022-03-19T09:08:19+00:00","og_image":[{"width":1600,"height":1067,"url":"https:\/\/www.notariat-schoeffmann.at\/wp-content\/uploads\/2021\/11\/Juristen-1.jpg","type":"image\/jpeg"}],"twitter_card":"summary_large_image","schema":{"@context":"https:\/\/schema.org","@graph":[{"@type":"WebPage","@id":"https:\/\/www.notariat-schoeffmann.at\/de\/vorsorge\/gerichtliche-erwachsenenvertretung\/erwachsenenvertreter-verfuegung\/","url":"https:\/\/www.notariat-schoeffmann.at\/de\/vorsorge\/gerichtliche-erwachsenenvertretung\/erwachsenenvertreter-verfuegung\/","name":"Erwachsenenvertreter-Verf\u00fcgung &#8211; Notariat Sch\u00f6ffmann","isPartOf":{"@id":"https:\/\/www.notariat-schoeffmann.at\/de\/#website"},"datePublished":"2021-08-09T09:52:56+00:00","dateModified":"2022-03-19T09:08:19+00:00","description":"W\u00fcnscht man sich eine bestimmte Person als gerichtlichen Erwachsenenvertreter, kann dies in einer Erwachsenenvertreter-Verf\u00fcgung festgelegt werden.","breadcrumb":{"@id":"https:\/\/www.notariat-schoeffmann.at\/de\/vorsorge\/gerichtliche-erwachsenenvertretung\/erwachsenenvertreter-verfuegung\/#breadcrumb"},"inLanguage":"de","potentialAction":[{"@type":"ReadAction","target":["https:\/\/www.notariat-schoeffmann.at\/de\/vorsorge\/gerichtliche-erwachsenenvertretung\/erwachsenenvertreter-verfuegung\/"]}]},{"@type":"BreadcrumbList","@id":"https:\/\/www.notariat-schoeffmann.at\/de\/vorsorge\/gerichtliche-erwachsenenvertretung\/erwachsenenvertreter-verfuegung\/#breadcrumb","itemListElement":[{"@type":"ListItem","position":1,"name":"Startseite","item":"https:\/\/www.notariat-schoeffmann.at\/de\/"},{"@type":"ListItem","position":2,"name":"Vorsorge","item":"https:\/\/www.notariat-schoeffmann.at\/de\/vorsorge\/"},{"@type":"ListItem","position":3,"name":"Gerichtliche Erwachsenenvertretung","item":"https:\/\/www.notariat-schoeffmann.at\/de\/vorsorge\/gerichtliche-erwachsenenvertretung\/"},{"@type":"ListItem","position":4,"name":"Erwachsenenvertreter-Verf\u00fcgung"}]},{"@type":"WebSite","@id":"https:\/\/www.notariat-schoeffmann.at\/de\/#website","url":"https:\/\/www.notariat-schoeffmann.at\/de\/","name":"Notariat Sch\u00f6ffmann","description":"Mag. Klaus Sch\u00f6ffmann - Ihr Notar in Klagenfurt","publisher":{"@id":"https:\/\/www.notariat-schoeffmann.at\/de\/#organization"},"potentialAction":[{"@type":"SearchAction","target":{"@type":"EntryPoint","urlTemplate":"https:\/\/www.notariat-schoeffmann.at\/de\/?s={search_term_string}"},"query-input":{"@type":"PropertyValueSpecification","valueRequired":true,"valueName":"search_term_string"}}],"inLanguage":"de"},{"@type":"Organization","@id":"https:\/\/www.notariat-schoeffmann.at\/de\/#organization","name":"Notariat Mag. Klaus Sch\u00f6ffmann Klagenfurt","url":"https:\/\/www.notariat-schoeffmann.at\/de\/","logo":{"@type":"ImageObject","inLanguage":"de","@id":"https:\/\/www.notariat-schoeffmann.at\/de\/#\/schema\/logo\/image\/","url":"https:\/\/www.notariat-schoeffmann.at\/wp-content\/uploads\/2022\/02\/logo-notariat-schoeffmann.jpg","contentUrl":"https:\/\/www.notariat-schoeffmann.at\/wp-content\/uploads\/2022\/02\/logo-notariat-schoeffmann.jpg","width":600,"height":600,"caption":"Notariat Mag. Klaus Sch\u00f6ffmann Klagenfurt"},"image":{"@id":"https:\/\/www.notariat-schoeffmann.at\/de\/#\/schema\/logo\/image\/"},"sameAs":["https:\/\/www.facebook.com\/NotarKlagenfurt","https:\/\/www.youtube.com\/channel\/UCaITfbIQh6VIpzEonUsIhcg"]}]}},"_links":{"self":[{"href":"https:\/\/www.notariat-schoeffmann.at\/de\/wp-json\/wp\/v2\/pages\/463","targetHints":{"allow":["GET"]}}],"collection":[{"href":"https:\/\/www.notariat-schoeffmann.at\/de\/wp-json\/wp\/v2\/pages"}],"about":[{"href":"https:\/\/www.notariat-schoeffmann.at\/de\/wp-json\/wp\/v2\/types\/page"}],"author":[{"embeddable":true,"href":"https:\/\/www.notariat-schoeffmann.at\/de\/wp-json\/wp\/v2\/users\/3"}],"replies":[{"embeddable":true,"href":"https:\/\/www.notariat-schoeffmann.at\/de\/wp-json\/wp\/v2\/comments?post=463"}],"version-history":[{"count":5,"href":"https:\/\/www.notariat-schoeffmann.at\/de\/wp-json\/wp\/v2\/pages\/463\/revisions"}],"predecessor-version":[{"id":2624,"href":"https:\/\/www.notariat-schoeffmann.at\/de\/wp-json\/wp\/v2\/pages\/463\/revisions\/2624"}],"up":[{"embeddable":true,"href":"https:\/\/www.notariat-schoeffmann.at\/de\/wp-json\/wp\/v2\/pages\/461"}],"wp:attachment":[{"href":"https:\/\/www.notariat-schoeffmann.at\/de\/wp-json\/wp\/v2\/media?parent=463"}],"wp:term":[{"taxonomy":"category","embeddable":true,"href":"https:\/\/www.notariat-schoeffmann.at\/de\/wp-json\/wp\/v2\/categories?post=463"}],"curies":[{"name":"wp","href":"https:\/\/api.w.org\/{rel}","templated":true}]}}