{"id":461,"date":"2021-08-09T11:52:05","date_gmt":"2021-08-09T09:52:05","guid":{"rendered":"https:\/\/www.notariat-schoeffmann.at\/?page_id=461"},"modified":"2022-03-06T13:28:26","modified_gmt":"2022-03-06T12:28:26","slug":"gerichtliche-erwachsenenvertretung","status":"publish","type":"page","link":"https:\/\/www.notariat-schoeffmann.at\/de\/vorsorge\/gerichtliche-erwachsenenvertretung\/","title":{"rendered":"Gerichtliche Erwachsenenvertretung"},"content":{"rendered":"<div class=\"lazyblock-infobox-Z1RzHg1 wp-block-lazyblock-infobox\"><div class=\"notar_einleitung\">\n\n  <div class=\"notar_einleitung_wrapper\"><p>Gibt es keine andere M\u00f6glichkeit, wird vom Gericht ein\u00a0<strong>gerichtlicher Erwachsenenvertreter<\/strong>\u00a0bestellt. Dieser \u00fcbernimmt die Vertretung der betroffenen Person in denjenigen Bereichen, in denen die betroffene Person sich selbst nicht vertreten kann.<\/p><\/div>\n<\/div>\n<\/div>\n\n\n<p>Die Bestellung des gerichtlichen Erwachsenenvertreters kann f\u00fcr&nbsp;<b>einzelne Angelegenheiten<\/b>&nbsp;(z.B. ein bestimmtes Gesch\u00e4ft, Zustimmung zu einer bestimmten Operation, etc.) oder auch f\u00fcr bestimmte&nbsp;<b>Arten von Angelegenheiten<\/b>&nbsp;(z.B. alle finanziellen Angelegenheiten) der betroffenen Person erfolgen.<\/p>\n\n\n\n<p>Der gerichtliche Erwachsenenvertreter kann zum Beispiel:<\/p>\n\n\n\n<ul class=\"wp-block-list\"><li>die betroffene Person vor Beh\u00f6rden oder gegen\u00fcber anderen Personen vertreten,<\/li><li>f\u00fcr die betroffene Person Vertr\u00e4ge unterschreiben,<\/li><li>das Verm\u00f6gen der betroffenen Person verwalten oder<\/li><li>f\u00fcr medizinische oder soziale Betreuung sorgen.<\/li><\/ul>\n\n\n\n<p>F\u00fcr weitreichende Handlungen und Entscheidungen bedarf der gerichtliche Erwachsenenvertreter der Genehmigung des Gerichts.<\/p>\n\n\n\n<p>Die Handlungsf\u00e4higkeit wird aber nur soweit eingeschr\u00e4nkt, als es unbedingt notwendig ist.&nbsp;Angelegenheiten, die die betroffene Person noch gut selbst erledigen kann, darf der gerichtliche Erwachsenenvertreter nicht erledigen. Ist also ein gerichtlicher Erwachsenenvertreter nur f\u00fcr den verm\u00f6gensrechtlichen Bereich bestellt, kann die betroffene Person z.B. Entscheidungen \u00fcber Operationen weiterhin selbst treffen.<\/p>\n\n\n\n<p>Zum gerichtlichen Erwachsenenvertreter kann grunds\u00e4tzlich jeder bestellt werden. Meist \u00fcbernehmen folgende Personen die gerichtliche Erwachsenenvertretung:<\/p>\n\n\n\n<ul class=\"wp-block-list\"><li>Personen, die aus einer Vorsorgevollmacht, einer Vereinbarung einer gew\u00e4hlten Erwachsenenvertretung oder einer Erwachsenenvertreter-Verf\u00fcgung hervorgehen<\/li><li>Nahestehende Personen (z.B. Eltern, Ehegatte, Kinder, Freunde)<\/li><li>Erwachsenenschutzvereine<\/li><li>Notare oder Rechtsanw\u00e4lte<\/li><\/ul>\n\n\n\n<p>W\u00fcnschen Sie sich eine bestimmte Person als gerichtlichen Erwachsenenvertreter, so k\u00f6nnen Sie dies in einer\u00a0<b><a href=\"https:\/\/www.notariat-schoeffmann.at\/vorsorge\/gerichtliche-erwachsenenvertretung\/erwachsenenvertreter-verfuegung\/\">Erwachsenenvertreter-Verf\u00fcgung<\/a><\/b>\u00a0festlegen.<\/p>\n\n\n\n<p>Ein gerichtlicher Erwachsenenvertreter unterliegt immer der Kontrolle des Gerichtes. Dieses \u00fcberpr\u00fcft, ob der gerichtliche Erwachsenenvertreter im Interesse der betroffenen Person handelt. Zust\u00e4ndig ist das Bezirksgericht, in dessen Sprengel die betroffene Person ihren gew\u00f6hnlichen Aufenthalt hat.<\/p>\n\n\n\n<p>Eine gerichtliche Erwachsenenvertretung endet:<\/p>\n\n\n\n<ul class=\"wp-block-list\"><li>nach Erledigung der \u00fcbertragenen Angelegenheit,<\/li><li>sp\u00e4testens drei Jahre nach der Bestellung, sofern sie nicht erneuert wird, oder<\/li><li>mit dem Tod der betroffenen Person oder des Vertreters.<\/li><\/ul>\n\n\n\n<p>Ab diesem Zeitpunkt darf der gerichtliche Erwachsenenvertreter keine Vertretungshandlungen f\u00fcr die betroffene Person mehr vornehmen.<\/p>\n","protected":false},"excerpt":{"rendered":"<p>Die Bestellung des gerichtlichen Erwachsenenvertreters kann f\u00fcr&nbsp;einzelne Angelegenheiten&nbsp;(z.B. ein bestimmtes Gesch\u00e4ft, Zustimmung zu einer bestimmten Operation, etc.) oder auch f\u00fcr bestimmte&nbsp;Arten von Angelegenheiten&nbsp;(z.B. alle finanziellen Angelegenheiten) der betroffenen Person erfolgen. Der gerichtliche Erwachsenenvertreter kann zum Beispiel: die betroffene Person vor Beh\u00f6rden oder gegen\u00fcber anderen Personen vertreten, f\u00fcr die betroffene Person Vertr\u00e4ge unterschreiben, das Verm\u00f6gen der&hellip;<\/p>\n","protected":false},"author":3,"featured_media":0,"parent":438,"menu_order":5,"comment_status":"closed","ping_status":"closed","template":"","meta":{"inline_featured_image":false,"footnotes":""},"categories":[],"class_list":["post-461","page","type-page","status-publish","hentry","description-off"],"yoast_head":"<!-- This site is optimized with the Yoast SEO Premium plugin v26.7 (Yoast SEO v27.4) - https:\/\/yoast.com\/product\/yoast-seo-premium-wordpress\/ -->\n<title>Gerichtliche Erwachsenenvertretung &#8211; Notariat Sch\u00f6ffmann<\/title>\n<meta name=\"description\" content=\"Gibt es keine andere M\u00f6glichkeit der Vertretung, wird der betroffenen Person vom Gericht ein gerichtlicher Erwachsenenvertreter bestellt.\" \/>\n<meta name=\"robots\" content=\"index, follow, max-snippet:-1, max-image-preview:large, max-video-preview:-1\" \/>\n<link rel=\"canonical\" href=\"https:\/\/www.notariat-schoeffmann.at\/de\/vorsorge\/gerichtliche-erwachsenenvertretung\/\" \/>\n<meta property=\"og:locale\" content=\"de_DE\" \/>\n<meta property=\"og:type\" content=\"article\" \/>\n<meta property=\"og:title\" content=\"Gerichtliche Erwachsenenvertretung - Notariat Sch\u00f6ffmann\" \/>\n<meta property=\"og:description\" content=\"Gibt es keine andere M\u00f6glichkeit der Vertretung, wird der betroffenen Person vom Gericht ein gerichtlicher Erwachsenenvertreter bestellt.\" \/>\n<meta property=\"og:url\" content=\"https:\/\/www.notariat-schoeffmann.at\/de\/vorsorge\/gerichtliche-erwachsenenvertretung\/\" \/>\n<meta property=\"og:site_name\" content=\"Notariat Sch\u00f6ffmann\" \/>\n<meta property=\"article:publisher\" content=\"https:\/\/www.facebook.com\/NotarKlagenfurt\" \/>\n<meta property=\"article:modified_time\" content=\"2022-03-06T12:28:26+00:00\" \/>\n<meta property=\"og:image\" content=\"https:\/\/www.notariat-schoeffmann.at\/wp-content\/uploads\/2021\/11\/Juristen-1.jpg\" \/>\n\t<meta property=\"og:image:width\" content=\"1600\" \/>\n\t<meta property=\"og:image:height\" content=\"1067\" \/>\n\t<meta property=\"og:image:type\" content=\"image\/jpeg\" \/>\n<meta name=\"twitter:card\" content=\"summary_large_image\" \/>\n<script type=\"application\/ld+json\" class=\"yoast-schema-graph\">{\"@context\":\"https:\\\/\\\/schema.org\",\"@graph\":[{\"@type\":\"WebPage\",\"@id\":\"https:\\\/\\\/www.notariat-schoeffmann.at\\\/de\\\/vorsorge\\\/gerichtliche-erwachsenenvertretung\\\/\",\"url\":\"https:\\\/\\\/www.notariat-schoeffmann.at\\\/de\\\/vorsorge\\\/gerichtliche-erwachsenenvertretung\\\/\",\"name\":\"Gerichtliche Erwachsenenvertretung &#8211; Notariat Sch\u00f6ffmann\",\"isPartOf\":{\"@id\":\"https:\\\/\\\/www.notariat-schoeffmann.at\\\/de\\\/#website\"},\"datePublished\":\"2021-08-09T09:52:05+00:00\",\"dateModified\":\"2022-03-06T12:28:26+00:00\",\"description\":\"Gibt es keine andere M\u00f6glichkeit der Vertretung, wird der betroffenen Person vom Gericht ein gerichtlicher Erwachsenenvertreter bestellt.\",\"breadcrumb\":{\"@id\":\"https:\\\/\\\/www.notariat-schoeffmann.at\\\/de\\\/vorsorge\\\/gerichtliche-erwachsenenvertretung\\\/#breadcrumb\"},\"inLanguage\":\"de\",\"potentialAction\":[{\"@type\":\"ReadAction\",\"target\":[\"https:\\\/\\\/www.notariat-schoeffmann.at\\\/de\\\/vorsorge\\\/gerichtliche-erwachsenenvertretung\\\/\"]}]},{\"@type\":\"BreadcrumbList\",\"@id\":\"https:\\\/\\\/www.notariat-schoeffmann.at\\\/de\\\/vorsorge\\\/gerichtliche-erwachsenenvertretung\\\/#breadcrumb\",\"itemListElement\":[{\"@type\":\"ListItem\",\"position\":1,\"name\":\"Startseite\",\"item\":\"https:\\\/\\\/www.notariat-schoeffmann.at\\\/de\\\/\"},{\"@type\":\"ListItem\",\"position\":2,\"name\":\"Vorsorge\",\"item\":\"https:\\\/\\\/www.notariat-schoeffmann.at\\\/de\\\/vorsorge\\\/\"},{\"@type\":\"ListItem\",\"position\":3,\"name\":\"Gerichtliche Erwachsenenvertretung\"}]},{\"@type\":\"WebSite\",\"@id\":\"https:\\\/\\\/www.notariat-schoeffmann.at\\\/de\\\/#website\",\"url\":\"https:\\\/\\\/www.notariat-schoeffmann.at\\\/de\\\/\",\"name\":\"Notariat Sch\u00f6ffmann\",\"description\":\"Mag. Klaus Sch\u00f6ffmann - Ihr Notar in Klagenfurt\",\"publisher\":{\"@id\":\"https:\\\/\\\/www.notariat-schoeffmann.at\\\/de\\\/#organization\"},\"potentialAction\":[{\"@type\":\"SearchAction\",\"target\":{\"@type\":\"EntryPoint\",\"urlTemplate\":\"https:\\\/\\\/www.notariat-schoeffmann.at\\\/de\\\/?s={search_term_string}\"},\"query-input\":{\"@type\":\"PropertyValueSpecification\",\"valueRequired\":true,\"valueName\":\"search_term_string\"}}],\"inLanguage\":\"de\"},{\"@type\":\"Organization\",\"@id\":\"https:\\\/\\\/www.notariat-schoeffmann.at\\\/de\\\/#organization\",\"name\":\"Notariat Mag. Klaus Sch\u00f6ffmann Klagenfurt\",\"url\":\"https:\\\/\\\/www.notariat-schoeffmann.at\\\/de\\\/\",\"logo\":{\"@type\":\"ImageObject\",\"inLanguage\":\"de\",\"@id\":\"https:\\\/\\\/www.notariat-schoeffmann.at\\\/de\\\/#\\\/schema\\\/logo\\\/image\\\/\",\"url\":\"https:\\\/\\\/www.notariat-schoeffmann.at\\\/wp-content\\\/uploads\\\/2022\\\/02\\\/logo-notariat-schoeffmann.jpg\",\"contentUrl\":\"https:\\\/\\\/www.notariat-schoeffmann.at\\\/wp-content\\\/uploads\\\/2022\\\/02\\\/logo-notariat-schoeffmann.jpg\",\"width\":600,\"height\":600,\"caption\":\"Notariat Mag. Klaus Sch\u00f6ffmann Klagenfurt\"},\"image\":{\"@id\":\"https:\\\/\\\/www.notariat-schoeffmann.at\\\/de\\\/#\\\/schema\\\/logo\\\/image\\\/\"},\"sameAs\":[\"https:\\\/\\\/www.facebook.com\\\/NotarKlagenfurt\",\"https:\\\/\\\/www.youtube.com\\\/channel\\\/UCaITfbIQh6VIpzEonUsIhcg\"]}]}<\/script>\n<!-- \/ Yoast SEO Premium plugin. -->","yoast_head_json":{"title":"Gerichtliche Erwachsenenvertretung &#8211; Notariat Sch\u00f6ffmann","description":"Gibt es keine andere M\u00f6glichkeit der Vertretung, wird der betroffenen Person vom Gericht ein gerichtlicher Erwachsenenvertreter bestellt.","robots":{"index":"index","follow":"follow","max-snippet":"max-snippet:-1","max-image-preview":"max-image-preview:large","max-video-preview":"max-video-preview:-1"},"canonical":"https:\/\/www.notariat-schoeffmann.at\/de\/vorsorge\/gerichtliche-erwachsenenvertretung\/","og_locale":"de_DE","og_type":"article","og_title":"Gerichtliche Erwachsenenvertretung - Notariat Sch\u00f6ffmann","og_description":"Gibt es keine andere M\u00f6glichkeit der Vertretung, wird der betroffenen Person vom Gericht ein gerichtlicher Erwachsenenvertreter bestellt.","og_url":"https:\/\/www.notariat-schoeffmann.at\/de\/vorsorge\/gerichtliche-erwachsenenvertretung\/","og_site_name":"Notariat Sch\u00f6ffmann","article_publisher":"https:\/\/www.facebook.com\/NotarKlagenfurt","article_modified_time":"2022-03-06T12:28:26+00:00","og_image":[{"width":1600,"height":1067,"url":"https:\/\/www.notariat-schoeffmann.at\/wp-content\/uploads\/2021\/11\/Juristen-1.jpg","type":"image\/jpeg"}],"twitter_card":"summary_large_image","schema":{"@context":"https:\/\/schema.org","@graph":[{"@type":"WebPage","@id":"https:\/\/www.notariat-schoeffmann.at\/de\/vorsorge\/gerichtliche-erwachsenenvertretung\/","url":"https:\/\/www.notariat-schoeffmann.at\/de\/vorsorge\/gerichtliche-erwachsenenvertretung\/","name":"Gerichtliche Erwachsenenvertretung &#8211; Notariat Sch\u00f6ffmann","isPartOf":{"@id":"https:\/\/www.notariat-schoeffmann.at\/de\/#website"},"datePublished":"2021-08-09T09:52:05+00:00","dateModified":"2022-03-06T12:28:26+00:00","description":"Gibt es keine andere M\u00f6glichkeit der Vertretung, wird der betroffenen Person vom Gericht ein gerichtlicher Erwachsenenvertreter bestellt.","breadcrumb":{"@id":"https:\/\/www.notariat-schoeffmann.at\/de\/vorsorge\/gerichtliche-erwachsenenvertretung\/#breadcrumb"},"inLanguage":"de","potentialAction":[{"@type":"ReadAction","target":["https:\/\/www.notariat-schoeffmann.at\/de\/vorsorge\/gerichtliche-erwachsenenvertretung\/"]}]},{"@type":"BreadcrumbList","@id":"https:\/\/www.notariat-schoeffmann.at\/de\/vorsorge\/gerichtliche-erwachsenenvertretung\/#breadcrumb","itemListElement":[{"@type":"ListItem","position":1,"name":"Startseite","item":"https:\/\/www.notariat-schoeffmann.at\/de\/"},{"@type":"ListItem","position":2,"name":"Vorsorge","item":"https:\/\/www.notariat-schoeffmann.at\/de\/vorsorge\/"},{"@type":"ListItem","position":3,"name":"Gerichtliche Erwachsenenvertretung"}]},{"@type":"WebSite","@id":"https:\/\/www.notariat-schoeffmann.at\/de\/#website","url":"https:\/\/www.notariat-schoeffmann.at\/de\/","name":"Notariat Sch\u00f6ffmann","description":"Mag. Klaus Sch\u00f6ffmann - Ihr Notar in Klagenfurt","publisher":{"@id":"https:\/\/www.notariat-schoeffmann.at\/de\/#organization"},"potentialAction":[{"@type":"SearchAction","target":{"@type":"EntryPoint","urlTemplate":"https:\/\/www.notariat-schoeffmann.at\/de\/?s={search_term_string}"},"query-input":{"@type":"PropertyValueSpecification","valueRequired":true,"valueName":"search_term_string"}}],"inLanguage":"de"},{"@type":"Organization","@id":"https:\/\/www.notariat-schoeffmann.at\/de\/#organization","name":"Notariat Mag. Klaus Sch\u00f6ffmann Klagenfurt","url":"https:\/\/www.notariat-schoeffmann.at\/de\/","logo":{"@type":"ImageObject","inLanguage":"de","@id":"https:\/\/www.notariat-schoeffmann.at\/de\/#\/schema\/logo\/image\/","url":"https:\/\/www.notariat-schoeffmann.at\/wp-content\/uploads\/2022\/02\/logo-notariat-schoeffmann.jpg","contentUrl":"https:\/\/www.notariat-schoeffmann.at\/wp-content\/uploads\/2022\/02\/logo-notariat-schoeffmann.jpg","width":600,"height":600,"caption":"Notariat Mag. Klaus Sch\u00f6ffmann Klagenfurt"},"image":{"@id":"https:\/\/www.notariat-schoeffmann.at\/de\/#\/schema\/logo\/image\/"},"sameAs":["https:\/\/www.facebook.com\/NotarKlagenfurt","https:\/\/www.youtube.com\/channel\/UCaITfbIQh6VIpzEonUsIhcg"]}]}},"_links":{"self":[{"href":"https:\/\/www.notariat-schoeffmann.at\/de\/wp-json\/wp\/v2\/pages\/461","targetHints":{"allow":["GET"]}}],"collection":[{"href":"https:\/\/www.notariat-schoeffmann.at\/de\/wp-json\/wp\/v2\/pages"}],"about":[{"href":"https:\/\/www.notariat-schoeffmann.at\/de\/wp-json\/wp\/v2\/types\/page"}],"author":[{"embeddable":true,"href":"https:\/\/www.notariat-schoeffmann.at\/de\/wp-json\/wp\/v2\/users\/3"}],"replies":[{"embeddable":true,"href":"https:\/\/www.notariat-schoeffmann.at\/de\/wp-json\/wp\/v2\/comments?post=461"}],"version-history":[{"count":5,"href":"https:\/\/www.notariat-schoeffmann.at\/de\/wp-json\/wp\/v2\/pages\/461\/revisions"}],"predecessor-version":[{"id":2445,"href":"https:\/\/www.notariat-schoeffmann.at\/de\/wp-json\/wp\/v2\/pages\/461\/revisions\/2445"}],"up":[{"embeddable":true,"href":"https:\/\/www.notariat-schoeffmann.at\/de\/wp-json\/wp\/v2\/pages\/438"}],"wp:attachment":[{"href":"https:\/\/www.notariat-schoeffmann.at\/de\/wp-json\/wp\/v2\/media?parent=461"}],"wp:term":[{"taxonomy":"category","embeddable":true,"href":"https:\/\/www.notariat-schoeffmann.at\/de\/wp-json\/wp\/v2\/categories?post=461"}],"curies":[{"name":"wp","href":"https:\/\/api.w.org\/{rel}","templated":true}]}}