{"id":458,"date":"2021-08-09T11:50:47","date_gmt":"2021-08-09T09:50:47","guid":{"rendered":"https:\/\/www.notariat-schoeffmann.at\/?page_id=458"},"modified":"2022-02-26T13:43:49","modified_gmt":"2022-02-26T12:43:49","slug":"widerspruch-gegen-die-gesetzliche-erwachsenenvertretung","status":"publish","type":"page","link":"https:\/\/www.notariat-schoeffmann.at\/de\/vorsorge\/widerspruch-gegen-die-gesetzliche-erwachsenenvertretung\/","title":{"rendered":"Widerspruch gegen die gesetzliche Erwachsenenvertretung"},"content":{"rendered":"<div class=\"lazyblock-infobox-1IKz7I wp-block-lazyblock-infobox\"><div class=\"notar_beispielbox\">\n  <h2>Beispiel<\/h2>\n  <div class=\"notar_infobox_content\"><p>Beate hat aus erster Ehe noch eine Tochter Tanja. Mit Tanja hatte Beate noch nie ein gutes Verh\u00e4ltnis und seit \u00fcber zehn Jahren hat Beate schon keinen Kontakt mehr zu ihr. Sie hat auch das Gef\u00fchl, dass Tanja nur ihr eigenes Wohl im Kopf hat und ganz sicher nicht an Beates W\u00fcnsche denkt. Daher will Beate auf keinen Fall, dass ihre Tochter Tanja sie einmal vertreten darf.\u00a0Wie kann sie das erreichen?<\/p><\/div>\n<\/div>\n\n<\/div>\n\n<div class=\"standard typo3-neos-nodetypes-text\">\n<div>\n<p>Angeh\u00f6rige d\u00fcrfen die betroffene Person nur vertreten, wenn diese damit einverstanden ist. M\u00f6chte die betroffene Person das nicht, kann sie der Vertretung auch <strong>widersprechen<\/strong>. Die gesetzliche Erwachsenenvertretung tritt dann nicht ein oder endet.<\/p>\n<p>Wenn eine Person m\u00f6chte, dass einzelne oder alle ihrer Angeh\u00f6rigen sie&nbsp;<strong><u>NICHT<\/u><\/strong>&nbsp;vertreten k\u00f6nnen, kann ein Widerspruch gegen die gesetzliche Erwachsenenvertretung bereits im Voraus ausgesprochen werden. Dieser Widerspruch kann sich auch nur auf einzelne Bereiche der gesetzlichen Erwachsenenvertretung beziehen.<\/p>\n<p>Eine Person kann viele gesetzliche Vertreter haben. Wenn kein Widerspruch ausgesprochen wurde, kann jeder n\u00e4chste Angeh\u00f6rige, der als gesetzlicher Erwachsenenvertreter im \u00d6sterreichischen Zentralen Vertretungsvertretungsverzeichnis (\u00d6ZVV) eingetragen ist, die betroffene Person selbst\u00e4ndig vertreten.<\/p>\n<p>Der Widerspruch muss durch einen Notar, Rechtsanwalt oder einen Erwachsenenschutzverein im&nbsp;<strong><a href=\"https:\/\/www.justiz.gv.at\/web2013\/home\/justiz\/erwachsenenschutz\/a-z-des-erwachsenenschutzrechts\/oesterreichisches-zentrales-vertretungsverzeichnis-oezvv~3a.de.html\" target=\"_blank\" rel=\"noopener\">\u00d6sterreichischen Zentralen Vertretungsverzeichnis<\/a>&nbsp;(\u00d6ZVV)&nbsp;<\/strong>registriert werden. F\u00fcr die Registrierung im \u00d6ZVV f\u00e4llt eine einmalige Registrierungsgeb\u00fchr an.<\/p>\n<\/div>\n<\/div>\n\n<div class=\"lazyblock-infobox-HWCY6 wp-block-lazyblock-infobox\"><div class=\"notar_beispielbox\">\n  <h2>L\u00f6sung des Beispiels<\/h2>\n  <div class=\"notar_infobox_content\"><p>Beate kann der Vertretungsbefugnis der Tochter widersprechen. Wird der Widerspruch im \u00d6ZVV eingetragen, bewirkt dies, dass Tanja Beate nicht als gesetzliche Erwachsenenvertreterin vertreten darf.<\/p><\/div>\n<\/div>\n\n<\/div>","protected":false},"excerpt":{"rendered":"<p>Angeh\u00f6rige d\u00fcrfen die betroffene Person nur vertreten, wenn diese damit einverstanden ist. M\u00f6chte die betroffene Person das nicht, kann sie der Vertretung auch widersprechen. Die gesetzliche Erwachsenenvertretung tritt dann nicht ein oder endet. Wenn eine Person m\u00f6chte, dass einzelne oder alle ihrer Angeh\u00f6rigen sie&nbsp;NICHT&nbsp;vertreten k\u00f6nnen, kann ein Widerspruch gegen die gesetzliche Erwachsenenvertretung bereits im Voraus&hellip;<\/p>\n","protected":false},"author":3,"featured_media":0,"parent":438,"menu_order":4,"comment_status":"closed","ping_status":"closed","template":"","meta":{"inline_featured_image":false,"footnotes":""},"categories":[],"class_list":["post-458","page","type-page","status-publish","hentry","description-off"],"yoast_head":"<!-- This site is optimized with the Yoast SEO Premium plugin v26.7 (Yoast SEO v27.4) - https:\/\/yoast.com\/product\/yoast-seo-premium-wordpress\/ -->\n<title>Widerspruch gegen die gesetzliche Erwachsenenvertretung &#8211; Notariat Sch\u00f6ffmann<\/title>\n<meta name=\"description\" content=\"Sollen (bestimmte) Angeh\u00f6rige die betroffene Person nicht vertreten k\u00f6nnen, kann der gesetzlichen Erwachsenenvertretung widersprochen werden.\" \/>\n<meta name=\"robots\" content=\"index, follow, max-snippet:-1, max-image-preview:large, max-video-preview:-1\" \/>\n<link rel=\"canonical\" href=\"https:\/\/www.notariat-schoeffmann.at\/de\/vorsorge\/widerspruch-gegen-die-gesetzliche-erwachsenenvertretung\/\" \/>\n<meta property=\"og:locale\" content=\"de_DE\" \/>\n<meta property=\"og:type\" content=\"article\" \/>\n<meta property=\"og:title\" content=\"Widerspruch gegen die gesetzliche Erwachsenenvertretung - Notariat Sch\u00f6ffmann\" \/>\n<meta property=\"og:description\" content=\"Sollen (bestimmte) Angeh\u00f6rige die betroffene Person nicht vertreten k\u00f6nnen, kann der gesetzlichen Erwachsenenvertretung widersprochen werden.\" \/>\n<meta property=\"og:url\" content=\"https:\/\/www.notariat-schoeffmann.at\/de\/vorsorge\/widerspruch-gegen-die-gesetzliche-erwachsenenvertretung\/\" \/>\n<meta property=\"og:site_name\" content=\"Notariat Sch\u00f6ffmann\" \/>\n<meta property=\"article:publisher\" content=\"https:\/\/www.facebook.com\/NotarKlagenfurt\" \/>\n<meta property=\"article:modified_time\" content=\"2022-02-26T12:43:49+00:00\" \/>\n<meta property=\"og:image\" content=\"https:\/\/www.notariat-schoeffmann.at\/wp-content\/uploads\/2021\/11\/Juristen-1.jpg\" \/>\n\t<meta property=\"og:image:width\" content=\"1600\" \/>\n\t<meta property=\"og:image:height\" content=\"1067\" \/>\n\t<meta property=\"og:image:type\" content=\"image\/jpeg\" \/>\n<meta name=\"twitter:card\" content=\"summary_large_image\" \/>\n<script type=\"application\/ld+json\" class=\"yoast-schema-graph\">{\"@context\":\"https:\\\/\\\/schema.org\",\"@graph\":[{\"@type\":\"WebPage\",\"@id\":\"https:\\\/\\\/www.notariat-schoeffmann.at\\\/de\\\/vorsorge\\\/widerspruch-gegen-die-gesetzliche-erwachsenenvertretung\\\/\",\"url\":\"https:\\\/\\\/www.notariat-schoeffmann.at\\\/de\\\/vorsorge\\\/widerspruch-gegen-die-gesetzliche-erwachsenenvertretung\\\/\",\"name\":\"Widerspruch gegen die gesetzliche Erwachsenenvertretung &#8211; Notariat Sch\u00f6ffmann\",\"isPartOf\":{\"@id\":\"https:\\\/\\\/www.notariat-schoeffmann.at\\\/de\\\/#website\"},\"datePublished\":\"2021-08-09T09:50:47+00:00\",\"dateModified\":\"2022-02-26T12:43:49+00:00\",\"description\":\"Sollen (bestimmte) Angeh\u00f6rige die betroffene Person nicht vertreten k\u00f6nnen, kann der gesetzlichen Erwachsenenvertretung widersprochen werden.\",\"breadcrumb\":{\"@id\":\"https:\\\/\\\/www.notariat-schoeffmann.at\\\/de\\\/vorsorge\\\/widerspruch-gegen-die-gesetzliche-erwachsenenvertretung\\\/#breadcrumb\"},\"inLanguage\":\"de\",\"potentialAction\":[{\"@type\":\"ReadAction\",\"target\":[\"https:\\\/\\\/www.notariat-schoeffmann.at\\\/de\\\/vorsorge\\\/widerspruch-gegen-die-gesetzliche-erwachsenenvertretung\\\/\"]}]},{\"@type\":\"BreadcrumbList\",\"@id\":\"https:\\\/\\\/www.notariat-schoeffmann.at\\\/de\\\/vorsorge\\\/widerspruch-gegen-die-gesetzliche-erwachsenenvertretung\\\/#breadcrumb\",\"itemListElement\":[{\"@type\":\"ListItem\",\"position\":1,\"name\":\"Startseite\",\"item\":\"https:\\\/\\\/www.notariat-schoeffmann.at\\\/de\\\/\"},{\"@type\":\"ListItem\",\"position\":2,\"name\":\"Vorsorge\",\"item\":\"https:\\\/\\\/www.notariat-schoeffmann.at\\\/de\\\/vorsorge\\\/\"},{\"@type\":\"ListItem\",\"position\":3,\"name\":\"Widerspruch gegen die gesetzliche Erwachsenenvertretung\"}]},{\"@type\":\"WebSite\",\"@id\":\"https:\\\/\\\/www.notariat-schoeffmann.at\\\/de\\\/#website\",\"url\":\"https:\\\/\\\/www.notariat-schoeffmann.at\\\/de\\\/\",\"name\":\"Notariat Sch\u00f6ffmann\",\"description\":\"Mag. Klaus Sch\u00f6ffmann - Ihr Notar in Klagenfurt\",\"publisher\":{\"@id\":\"https:\\\/\\\/www.notariat-schoeffmann.at\\\/de\\\/#organization\"},\"potentialAction\":[{\"@type\":\"SearchAction\",\"target\":{\"@type\":\"EntryPoint\",\"urlTemplate\":\"https:\\\/\\\/www.notariat-schoeffmann.at\\\/de\\\/?s={search_term_string}\"},\"query-input\":{\"@type\":\"PropertyValueSpecification\",\"valueRequired\":true,\"valueName\":\"search_term_string\"}}],\"inLanguage\":\"de\"},{\"@type\":\"Organization\",\"@id\":\"https:\\\/\\\/www.notariat-schoeffmann.at\\\/de\\\/#organization\",\"name\":\"Notariat Mag. Klaus Sch\u00f6ffmann Klagenfurt\",\"url\":\"https:\\\/\\\/www.notariat-schoeffmann.at\\\/de\\\/\",\"logo\":{\"@type\":\"ImageObject\",\"inLanguage\":\"de\",\"@id\":\"https:\\\/\\\/www.notariat-schoeffmann.at\\\/de\\\/#\\\/schema\\\/logo\\\/image\\\/\",\"url\":\"https:\\\/\\\/www.notariat-schoeffmann.at\\\/wp-content\\\/uploads\\\/2022\\\/02\\\/logo-notariat-schoeffmann.jpg\",\"contentUrl\":\"https:\\\/\\\/www.notariat-schoeffmann.at\\\/wp-content\\\/uploads\\\/2022\\\/02\\\/logo-notariat-schoeffmann.jpg\",\"width\":600,\"height\":600,\"caption\":\"Notariat Mag. Klaus Sch\u00f6ffmann Klagenfurt\"},\"image\":{\"@id\":\"https:\\\/\\\/www.notariat-schoeffmann.at\\\/de\\\/#\\\/schema\\\/logo\\\/image\\\/\"},\"sameAs\":[\"https:\\\/\\\/www.facebook.com\\\/NotarKlagenfurt\",\"https:\\\/\\\/www.youtube.com\\\/channel\\\/UCaITfbIQh6VIpzEonUsIhcg\"]}]}<\/script>\n<!-- \/ Yoast SEO Premium plugin. -->","yoast_head_json":{"title":"Widerspruch gegen die gesetzliche Erwachsenenvertretung &#8211; Notariat Sch\u00f6ffmann","description":"Sollen (bestimmte) Angeh\u00f6rige die betroffene Person nicht vertreten k\u00f6nnen, kann der gesetzlichen Erwachsenenvertretung widersprochen werden.","robots":{"index":"index","follow":"follow","max-snippet":"max-snippet:-1","max-image-preview":"max-image-preview:large","max-video-preview":"max-video-preview:-1"},"canonical":"https:\/\/www.notariat-schoeffmann.at\/de\/vorsorge\/widerspruch-gegen-die-gesetzliche-erwachsenenvertretung\/","og_locale":"de_DE","og_type":"article","og_title":"Widerspruch gegen die gesetzliche Erwachsenenvertretung - Notariat Sch\u00f6ffmann","og_description":"Sollen (bestimmte) Angeh\u00f6rige die betroffene Person nicht vertreten k\u00f6nnen, kann der gesetzlichen Erwachsenenvertretung widersprochen werden.","og_url":"https:\/\/www.notariat-schoeffmann.at\/de\/vorsorge\/widerspruch-gegen-die-gesetzliche-erwachsenenvertretung\/","og_site_name":"Notariat Sch\u00f6ffmann","article_publisher":"https:\/\/www.facebook.com\/NotarKlagenfurt","article_modified_time":"2022-02-26T12:43:49+00:00","og_image":[{"width":1600,"height":1067,"url":"https:\/\/www.notariat-schoeffmann.at\/wp-content\/uploads\/2021\/11\/Juristen-1.jpg","type":"image\/jpeg"}],"twitter_card":"summary_large_image","schema":{"@context":"https:\/\/schema.org","@graph":[{"@type":"WebPage","@id":"https:\/\/www.notariat-schoeffmann.at\/de\/vorsorge\/widerspruch-gegen-die-gesetzliche-erwachsenenvertretung\/","url":"https:\/\/www.notariat-schoeffmann.at\/de\/vorsorge\/widerspruch-gegen-die-gesetzliche-erwachsenenvertretung\/","name":"Widerspruch gegen die gesetzliche Erwachsenenvertretung &#8211; Notariat Sch\u00f6ffmann","isPartOf":{"@id":"https:\/\/www.notariat-schoeffmann.at\/de\/#website"},"datePublished":"2021-08-09T09:50:47+00:00","dateModified":"2022-02-26T12:43:49+00:00","description":"Sollen (bestimmte) Angeh\u00f6rige die betroffene Person nicht vertreten k\u00f6nnen, kann der gesetzlichen Erwachsenenvertretung widersprochen werden.","breadcrumb":{"@id":"https:\/\/www.notariat-schoeffmann.at\/de\/vorsorge\/widerspruch-gegen-die-gesetzliche-erwachsenenvertretung\/#breadcrumb"},"inLanguage":"de","potentialAction":[{"@type":"ReadAction","target":["https:\/\/www.notariat-schoeffmann.at\/de\/vorsorge\/widerspruch-gegen-die-gesetzliche-erwachsenenvertretung\/"]}]},{"@type":"BreadcrumbList","@id":"https:\/\/www.notariat-schoeffmann.at\/de\/vorsorge\/widerspruch-gegen-die-gesetzliche-erwachsenenvertretung\/#breadcrumb","itemListElement":[{"@type":"ListItem","position":1,"name":"Startseite","item":"https:\/\/www.notariat-schoeffmann.at\/de\/"},{"@type":"ListItem","position":2,"name":"Vorsorge","item":"https:\/\/www.notariat-schoeffmann.at\/de\/vorsorge\/"},{"@type":"ListItem","position":3,"name":"Widerspruch gegen die gesetzliche Erwachsenenvertretung"}]},{"@type":"WebSite","@id":"https:\/\/www.notariat-schoeffmann.at\/de\/#website","url":"https:\/\/www.notariat-schoeffmann.at\/de\/","name":"Notariat Sch\u00f6ffmann","description":"Mag. Klaus Sch\u00f6ffmann - Ihr Notar in Klagenfurt","publisher":{"@id":"https:\/\/www.notariat-schoeffmann.at\/de\/#organization"},"potentialAction":[{"@type":"SearchAction","target":{"@type":"EntryPoint","urlTemplate":"https:\/\/www.notariat-schoeffmann.at\/de\/?s={search_term_string}"},"query-input":{"@type":"PropertyValueSpecification","valueRequired":true,"valueName":"search_term_string"}}],"inLanguage":"de"},{"@type":"Organization","@id":"https:\/\/www.notariat-schoeffmann.at\/de\/#organization","name":"Notariat Mag. Klaus Sch\u00f6ffmann Klagenfurt","url":"https:\/\/www.notariat-schoeffmann.at\/de\/","logo":{"@type":"ImageObject","inLanguage":"de","@id":"https:\/\/www.notariat-schoeffmann.at\/de\/#\/schema\/logo\/image\/","url":"https:\/\/www.notariat-schoeffmann.at\/wp-content\/uploads\/2022\/02\/logo-notariat-schoeffmann.jpg","contentUrl":"https:\/\/www.notariat-schoeffmann.at\/wp-content\/uploads\/2022\/02\/logo-notariat-schoeffmann.jpg","width":600,"height":600,"caption":"Notariat Mag. Klaus Sch\u00f6ffmann Klagenfurt"},"image":{"@id":"https:\/\/www.notariat-schoeffmann.at\/de\/#\/schema\/logo\/image\/"},"sameAs":["https:\/\/www.facebook.com\/NotarKlagenfurt","https:\/\/www.youtube.com\/channel\/UCaITfbIQh6VIpzEonUsIhcg"]}]}},"_links":{"self":[{"href":"https:\/\/www.notariat-schoeffmann.at\/de\/wp-json\/wp\/v2\/pages\/458","targetHints":{"allow":["GET"]}}],"collection":[{"href":"https:\/\/www.notariat-schoeffmann.at\/de\/wp-json\/wp\/v2\/pages"}],"about":[{"href":"https:\/\/www.notariat-schoeffmann.at\/de\/wp-json\/wp\/v2\/types\/page"}],"author":[{"embeddable":true,"href":"https:\/\/www.notariat-schoeffmann.at\/de\/wp-json\/wp\/v2\/users\/3"}],"replies":[{"embeddable":true,"href":"https:\/\/www.notariat-schoeffmann.at\/de\/wp-json\/wp\/v2\/comments?post=458"}],"version-history":[{"count":5,"href":"https:\/\/www.notariat-schoeffmann.at\/de\/wp-json\/wp\/v2\/pages\/458\/revisions"}],"predecessor-version":[{"id":1706,"href":"https:\/\/www.notariat-schoeffmann.at\/de\/wp-json\/wp\/v2\/pages\/458\/revisions\/1706"}],"up":[{"embeddable":true,"href":"https:\/\/www.notariat-schoeffmann.at\/de\/wp-json\/wp\/v2\/pages\/438"}],"wp:attachment":[{"href":"https:\/\/www.notariat-schoeffmann.at\/de\/wp-json\/wp\/v2\/media?parent=458"}],"wp:term":[{"taxonomy":"category","embeddable":true,"href":"https:\/\/www.notariat-schoeffmann.at\/de\/wp-json\/wp\/v2\/categories?post=458"}],"curies":[{"name":"wp","href":"https:\/\/api.w.org\/{rel}","templated":true}]}}