{"id":454,"date":"2021-08-09T11:48:49","date_gmt":"2021-08-09T09:48:49","guid":{"rendered":"https:\/\/www.notariat-schoeffmann.at\/?page_id=454"},"modified":"2022-03-06T13:29:03","modified_gmt":"2022-03-06T12:29:03","slug":"gesetzliche-erwachsenenvertretung","status":"publish","type":"page","link":"https:\/\/www.notariat-schoeffmann.at\/de\/vorsorge\/gesetzliche-erwachsenenvertretung\/","title":{"rendered":"Gesetzliche Erwachsenenvertretung"},"content":{"rendered":"<div class=\"lazyblock-infobox-ZyxIth wp-block-lazyblock-infobox\"><div class=\"notar_beispielbox\">\n  <h2>Beispiel<\/h2>\n  <div class=\"notar_infobox_content\"><p>Antons Mutter Beate ist 82 Jahre alt und verwitwet. Nach einem Schlaganfall ist ihre rechte K\u00f6rperh\u00e4lfte gel\u00e4hmt und sie wird voraussichtlich ein Pflegefall bleiben. Sie kann also ihre Gesch\u00e4fte nicht mehr selbst erledigen. Wer bezahlt jetzt f\u00fcr sie ihre Rechnungen, wenn sie das selbst nicht mehr kann?<\/p><\/div>\n<\/div>\n\n<\/div>\n\n\n<p>Die gesetzliche Erwachsenenvertretung entspricht in Grundz\u00fcgen der bis zum 30.06.2018 bestehenden&nbsp;<b>Vertretungsbefugnis n\u00e4chster Angeh\u00f6riger<\/b>.<\/p>\n\n\n\n<p>Bestimmt die betroffene Person selbst keinen Vertreter, tritt die&nbsp;<b>gesetzliche Erwachsenenvertretung<\/b>&nbsp;ein. Sie greift, wenn die betroffene Person ihre Gesch\u00e4fte nicht mehr ohne Gefahr eines Nachteils selbst erledigen kann. Kann also die vertretene Person aufgrund eines Unfalls oder einer Krankheit ihre Rechtsgesch\u00e4fte nicht mehr besorgen, kann ein n\u00e4chster Angeh\u00f6riger die Vertretung der Person \u00fcbernehmen.<\/p>\n\n\n\n<p>Die Regelung geht von der Idee aus, dass zu den n\u00e4chsten Angeh\u00f6rigen das gr\u00f6\u00dfte Vertrauen besteht und diese den Willen des zu vertretenden Angeh\u00f6rigen am Besten kennen.<\/p>\n\n\n\n<p>Gesetzliche Erwachsenenvertreter sind die&nbsp;<b>n\u00e4chsten Angeh\u00f6rigen<\/b>. Dazu z\u00e4hlen:<\/p>\n\n\n\n<ul class=\"wp-block-list\"><li>Ehegatten oder eingetragene Partner<\/li><li>Lebensgef\u00e4hrten, sofern sie seit mindestens drei Jahren mit der betroffenen Person im gemeinsamen Haushalt leben<\/li><li>vollj\u00e4hrige Kinder und Enkelkinder<\/li><li>Eltern und Gro\u00dfeltern<\/li><li>Geschwister, Nichten und Neffen<\/li><li>Personen, die in einer\u00a0<a href=\"https:\/\/www.notariat-schoeffmann.at\/vorsorge\/gerichtliche-erwachsenenvertretung\/erwachsenenvertreter-verfuegung\/\">Erwachsenenvertreter-Verf\u00fcgung<\/a>\u00a0genannt sind<\/li><\/ul>\n\n\n\n<p>Gesetzliche Erwachsenenvertreter d\u00fcrfen f\u00fcr die betroffene Person Alltagsgesch\u00e4fte erledigen und auch schwerwiegendere Entscheidungen treffen. Solche Entscheidungen betreffen beispielsweise die \u00c4nderung des Wohnortes oder die Entscheidung \u00fcber medizinische Behandlungen. Handelt es sich aber um eine dauerhafte Wohnort\u00e4nderung (Umzug in ein Heim) oder widerspricht die vertretene Person der medizinischen Behandlung, so braucht der gesetzliche Erwachsenenvertreter daf\u00fcr eine gerichtliche Genehmigung.<\/p>\n\n\n\n<p>Damit der n\u00e4chste Angeh\u00f6rige die betroffene Person vertreten darf, muss seine Vertretungsbefugnis in das&nbsp;<b><a href=\"https:\/\/www.justiz.gv.at\/web2013\/home\/justiz\/erwachsenenschutz\/a-z-des-erwachsenenschutzrechts\/oesterreichisches-zentrales-vertretungsverzeichnis-oezvv~3a.de.html\" target=\"_blank\" rel=\"noopener\">\u00d6sterreichische Zentrale Vertretungsverzeichnis<\/a>&nbsp;(\u00d6ZVV)&nbsp;<\/b>eingetragen werden. Die Eintragung kann ein Notar, ein Rechtsanwalt oder ein Erwachsenenschutzverein vornehmen. Mit der Registrierung im \u00d6ZVV wird die gesetzliche Erwachsenenvertretung wirksam.<\/p>\n\n\n\n<p>Die Vertretungsbefugnis gilt nur f\u00fcr drei Jahre, sie kann aber erneut eingetragen werden. Die Erwachsenenvertretung kann au\u00dferdem jederzeit vom gesetzlichen Erwachsenenvertreter oder von der betroffenen Person durch Widerspruch beendet werden. Der Widerspruch ist im \u00d6ZVV einzutragen. Verstirbt der Erwachsenenvertreter oder die betroffene Person, endet die Erwachsenenvertretung ebenfalls.<\/p>\n\n\n\n<p>Der gesetzliche Erwachsenenvertreter unterliegt auch der&nbsp;<strong>gerichtlichen Kontrolle<\/strong>. F\u00fcr gewisse Entscheidungen braucht er die Genehmigung des Gerichts. Er hat au\u00dferdem j\u00e4hrlich einen Lebenssituationsbericht zu erstellen, in dem er Angaben zur<\/p>\n\n\n\n<ul class=\"wp-block-list\"><li>Gestaltung und H\u00e4ufigkeit des pers\u00f6nlichen Kontakts mit der betroffenen Person,<\/li><li>ihren Wohnort,<\/li><li>ihr geistiges und k\u00f6rperliches Befinden und<\/li><li>die im vergangenen Jahr besorgten und im kommenden Jahr zu besorgenden Angelegenheiten<\/li><\/ul>\n\n\n\n<p>machen muss. Ist der gesetzliche Erwachsenenvertreter mit der Verm\u00f6gensverwaltung betraut, so muss er bei Antritt seiner T\u00e4tigkeit eine Antrittsrechnung und bei Beendigung eine Schlussrechnung legen. In der Antrittsrechnung hat er das Verm\u00f6gen der betroffenen Person im Einzelnen anzugeben, so dass sich das Gericht einen \u00dcberblick \u00fcber Umfang und Art des Verm\u00f6gens verschaffen kann. Eine laufende Rechnung (in Zeitabst\u00e4nden von maximal drei Jahren) muss der gesetzliche Erwachsenenvertreter nur erstellen, wenn das Gericht dies anordnet.<\/p>\n\n\n\n<p>Als Angeh\u00f6riger d\u00fcrfen Sie die betroffene Person nur vertreten, wenn diese das will. M\u00f6chte die betroffene Person nicht von (bestimmten) Angeh\u00f6rigen vertreten werden, kann sie der gesetzlichen Erwachsenenvertretung\u00a0<a href=\"https:\/\/www.notariat-schoeffmann.at\/vorsorge\/widerspruch-gegen-die-gesetzliche-erwachsenenvertretung\/\">widersprechen<\/a>.<\/p>\n\n\n<div class=\"lazyblock-infobox-2e0646 wp-block-lazyblock-infobox\"><div class=\"notar_beispielbox\">\n  <h2>L\u00f6sung<\/h2>\n  <div class=\"notar_infobox_content\"><p><em>Anton ist der Sohn von Beate und somit ein n\u00e4chster Angeh\u00f6riger. Er kann seine Mutter als gesetzlicher Erwachsenenvertreter vertreten.<\/em><\/p><\/div>\n<\/div>\n\n<\/div>","protected":false},"excerpt":{"rendered":"<p>Die gesetzliche Erwachsenenvertretung entspricht in Grundz\u00fcgen der bis zum 30.06.2018 bestehenden&nbsp;Vertretungsbefugnis n\u00e4chster Angeh\u00f6riger. Bestimmt die betroffene Person selbst keinen Vertreter, tritt die&nbsp;gesetzliche Erwachsenenvertretung&nbsp;ein. Sie greift, wenn die betroffene Person ihre Gesch\u00e4fte nicht mehr ohne Gefahr eines Nachteils selbst erledigen kann. Kann also die vertretene Person aufgrund eines Unfalls oder einer Krankheit ihre Rechtsgesch\u00e4fte nicht mehr&hellip;<\/p>\n","protected":false},"author":3,"featured_media":0,"parent":438,"menu_order":3,"comment_status":"closed","ping_status":"closed","template":"","meta":{"inline_featured_image":false,"footnotes":""},"categories":[],"class_list":["post-454","page","type-page","status-publish","hentry","description-off"],"yoast_head":"<!-- This site is optimized with the Yoast SEO Premium plugin v26.7 (Yoast SEO v27.4) - https:\/\/yoast.com\/product\/yoast-seo-premium-wordpress\/ -->\n<title>Gesetzliche Erwachsenenvertretung &#8211; Notariat Sch\u00f6ffmann<\/title>\n<meta name=\"description\" content=\"Als gesetzliche Erwachsenenvertreter k\u00f6nnen n\u00e4chste Angeh\u00f6rige die betroffene Person vertreten.\" \/>\n<meta name=\"robots\" content=\"index, follow, max-snippet:-1, max-image-preview:large, max-video-preview:-1\" \/>\n<link rel=\"canonical\" href=\"https:\/\/www.notariat-schoeffmann.at\/de\/vorsorge\/gesetzliche-erwachsenenvertretung\/\" \/>\n<meta property=\"og:locale\" content=\"de_DE\" \/>\n<meta property=\"og:type\" content=\"article\" \/>\n<meta property=\"og:title\" content=\"Gesetzliche Erwachsenenvertretung - Notariat Sch\u00f6ffmann\" \/>\n<meta property=\"og:description\" content=\"Als gesetzliche Erwachsenenvertreter k\u00f6nnen n\u00e4chste Angeh\u00f6rige die betroffene Person vertreten.\" \/>\n<meta property=\"og:url\" content=\"https:\/\/www.notariat-schoeffmann.at\/de\/vorsorge\/gesetzliche-erwachsenenvertretung\/\" \/>\n<meta property=\"og:site_name\" content=\"Notariat Sch\u00f6ffmann\" \/>\n<meta property=\"article:publisher\" content=\"https:\/\/www.facebook.com\/NotarKlagenfurt\" \/>\n<meta property=\"article:modified_time\" content=\"2022-03-06T12:29:03+00:00\" \/>\n<meta property=\"og:image\" content=\"https:\/\/www.notariat-schoeffmann.at\/wp-content\/uploads\/2021\/11\/Juristen-1.jpg\" \/>\n\t<meta property=\"og:image:width\" content=\"1600\" \/>\n\t<meta property=\"og:image:height\" content=\"1067\" \/>\n\t<meta property=\"og:image:type\" content=\"image\/jpeg\" \/>\n<meta name=\"twitter:card\" content=\"summary_large_image\" \/>\n<script type=\"application\/ld+json\" class=\"yoast-schema-graph\">{\"@context\":\"https:\\\/\\\/schema.org\",\"@graph\":[{\"@type\":\"WebPage\",\"@id\":\"https:\\\/\\\/www.notariat-schoeffmann.at\\\/de\\\/vorsorge\\\/gesetzliche-erwachsenenvertretung\\\/\",\"url\":\"https:\\\/\\\/www.notariat-schoeffmann.at\\\/de\\\/vorsorge\\\/gesetzliche-erwachsenenvertretung\\\/\",\"name\":\"Gesetzliche Erwachsenenvertretung &#8211; Notariat Sch\u00f6ffmann\",\"isPartOf\":{\"@id\":\"https:\\\/\\\/www.notariat-schoeffmann.at\\\/de\\\/#website\"},\"datePublished\":\"2021-08-09T09:48:49+00:00\",\"dateModified\":\"2022-03-06T12:29:03+00:00\",\"description\":\"Als gesetzliche Erwachsenenvertreter k\u00f6nnen n\u00e4chste Angeh\u00f6rige die betroffene Person vertreten.\",\"breadcrumb\":{\"@id\":\"https:\\\/\\\/www.notariat-schoeffmann.at\\\/de\\\/vorsorge\\\/gesetzliche-erwachsenenvertretung\\\/#breadcrumb\"},\"inLanguage\":\"de\",\"potentialAction\":[{\"@type\":\"ReadAction\",\"target\":[\"https:\\\/\\\/www.notariat-schoeffmann.at\\\/de\\\/vorsorge\\\/gesetzliche-erwachsenenvertretung\\\/\"]}]},{\"@type\":\"BreadcrumbList\",\"@id\":\"https:\\\/\\\/www.notariat-schoeffmann.at\\\/de\\\/vorsorge\\\/gesetzliche-erwachsenenvertretung\\\/#breadcrumb\",\"itemListElement\":[{\"@type\":\"ListItem\",\"position\":1,\"name\":\"Startseite\",\"item\":\"https:\\\/\\\/www.notariat-schoeffmann.at\\\/de\\\/\"},{\"@type\":\"ListItem\",\"position\":2,\"name\":\"Vorsorge\",\"item\":\"https:\\\/\\\/www.notariat-schoeffmann.at\\\/de\\\/vorsorge\\\/\"},{\"@type\":\"ListItem\",\"position\":3,\"name\":\"Gesetzliche Erwachsenenvertretung\"}]},{\"@type\":\"WebSite\",\"@id\":\"https:\\\/\\\/www.notariat-schoeffmann.at\\\/de\\\/#website\",\"url\":\"https:\\\/\\\/www.notariat-schoeffmann.at\\\/de\\\/\",\"name\":\"Notariat Sch\u00f6ffmann\",\"description\":\"Mag. Klaus Sch\u00f6ffmann - Ihr Notar in Klagenfurt\",\"publisher\":{\"@id\":\"https:\\\/\\\/www.notariat-schoeffmann.at\\\/de\\\/#organization\"},\"potentialAction\":[{\"@type\":\"SearchAction\",\"target\":{\"@type\":\"EntryPoint\",\"urlTemplate\":\"https:\\\/\\\/www.notariat-schoeffmann.at\\\/de\\\/?s={search_term_string}\"},\"query-input\":{\"@type\":\"PropertyValueSpecification\",\"valueRequired\":true,\"valueName\":\"search_term_string\"}}],\"inLanguage\":\"de\"},{\"@type\":\"Organization\",\"@id\":\"https:\\\/\\\/www.notariat-schoeffmann.at\\\/de\\\/#organization\",\"name\":\"Notariat Mag. Klaus Sch\u00f6ffmann Klagenfurt\",\"url\":\"https:\\\/\\\/www.notariat-schoeffmann.at\\\/de\\\/\",\"logo\":{\"@type\":\"ImageObject\",\"inLanguage\":\"de\",\"@id\":\"https:\\\/\\\/www.notariat-schoeffmann.at\\\/de\\\/#\\\/schema\\\/logo\\\/image\\\/\",\"url\":\"https:\\\/\\\/www.notariat-schoeffmann.at\\\/wp-content\\\/uploads\\\/2022\\\/02\\\/logo-notariat-schoeffmann.jpg\",\"contentUrl\":\"https:\\\/\\\/www.notariat-schoeffmann.at\\\/wp-content\\\/uploads\\\/2022\\\/02\\\/logo-notariat-schoeffmann.jpg\",\"width\":600,\"height\":600,\"caption\":\"Notariat Mag. Klaus Sch\u00f6ffmann Klagenfurt\"},\"image\":{\"@id\":\"https:\\\/\\\/www.notariat-schoeffmann.at\\\/de\\\/#\\\/schema\\\/logo\\\/image\\\/\"},\"sameAs\":[\"https:\\\/\\\/www.facebook.com\\\/NotarKlagenfurt\",\"https:\\\/\\\/www.youtube.com\\\/channel\\\/UCaITfbIQh6VIpzEonUsIhcg\"]}]}<\/script>\n<!-- \/ Yoast SEO Premium plugin. -->","yoast_head_json":{"title":"Gesetzliche Erwachsenenvertretung &#8211; Notariat Sch\u00f6ffmann","description":"Als gesetzliche Erwachsenenvertreter k\u00f6nnen n\u00e4chste Angeh\u00f6rige die betroffene Person vertreten.","robots":{"index":"index","follow":"follow","max-snippet":"max-snippet:-1","max-image-preview":"max-image-preview:large","max-video-preview":"max-video-preview:-1"},"canonical":"https:\/\/www.notariat-schoeffmann.at\/de\/vorsorge\/gesetzliche-erwachsenenvertretung\/","og_locale":"de_DE","og_type":"article","og_title":"Gesetzliche Erwachsenenvertretung - Notariat Sch\u00f6ffmann","og_description":"Als gesetzliche Erwachsenenvertreter k\u00f6nnen n\u00e4chste Angeh\u00f6rige die betroffene Person vertreten.","og_url":"https:\/\/www.notariat-schoeffmann.at\/de\/vorsorge\/gesetzliche-erwachsenenvertretung\/","og_site_name":"Notariat Sch\u00f6ffmann","article_publisher":"https:\/\/www.facebook.com\/NotarKlagenfurt","article_modified_time":"2022-03-06T12:29:03+00:00","og_image":[{"width":1600,"height":1067,"url":"https:\/\/www.notariat-schoeffmann.at\/wp-content\/uploads\/2021\/11\/Juristen-1.jpg","type":"image\/jpeg"}],"twitter_card":"summary_large_image","schema":{"@context":"https:\/\/schema.org","@graph":[{"@type":"WebPage","@id":"https:\/\/www.notariat-schoeffmann.at\/de\/vorsorge\/gesetzliche-erwachsenenvertretung\/","url":"https:\/\/www.notariat-schoeffmann.at\/de\/vorsorge\/gesetzliche-erwachsenenvertretung\/","name":"Gesetzliche Erwachsenenvertretung &#8211; Notariat Sch\u00f6ffmann","isPartOf":{"@id":"https:\/\/www.notariat-schoeffmann.at\/de\/#website"},"datePublished":"2021-08-09T09:48:49+00:00","dateModified":"2022-03-06T12:29:03+00:00","description":"Als gesetzliche Erwachsenenvertreter k\u00f6nnen n\u00e4chste Angeh\u00f6rige die betroffene Person vertreten.","breadcrumb":{"@id":"https:\/\/www.notariat-schoeffmann.at\/de\/vorsorge\/gesetzliche-erwachsenenvertretung\/#breadcrumb"},"inLanguage":"de","potentialAction":[{"@type":"ReadAction","target":["https:\/\/www.notariat-schoeffmann.at\/de\/vorsorge\/gesetzliche-erwachsenenvertretung\/"]}]},{"@type":"BreadcrumbList","@id":"https:\/\/www.notariat-schoeffmann.at\/de\/vorsorge\/gesetzliche-erwachsenenvertretung\/#breadcrumb","itemListElement":[{"@type":"ListItem","position":1,"name":"Startseite","item":"https:\/\/www.notariat-schoeffmann.at\/de\/"},{"@type":"ListItem","position":2,"name":"Vorsorge","item":"https:\/\/www.notariat-schoeffmann.at\/de\/vorsorge\/"},{"@type":"ListItem","position":3,"name":"Gesetzliche Erwachsenenvertretung"}]},{"@type":"WebSite","@id":"https:\/\/www.notariat-schoeffmann.at\/de\/#website","url":"https:\/\/www.notariat-schoeffmann.at\/de\/","name":"Notariat Sch\u00f6ffmann","description":"Mag. Klaus Sch\u00f6ffmann - Ihr Notar in Klagenfurt","publisher":{"@id":"https:\/\/www.notariat-schoeffmann.at\/de\/#organization"},"potentialAction":[{"@type":"SearchAction","target":{"@type":"EntryPoint","urlTemplate":"https:\/\/www.notariat-schoeffmann.at\/de\/?s={search_term_string}"},"query-input":{"@type":"PropertyValueSpecification","valueRequired":true,"valueName":"search_term_string"}}],"inLanguage":"de"},{"@type":"Organization","@id":"https:\/\/www.notariat-schoeffmann.at\/de\/#organization","name":"Notariat Mag. Klaus Sch\u00f6ffmann Klagenfurt","url":"https:\/\/www.notariat-schoeffmann.at\/de\/","logo":{"@type":"ImageObject","inLanguage":"de","@id":"https:\/\/www.notariat-schoeffmann.at\/de\/#\/schema\/logo\/image\/","url":"https:\/\/www.notariat-schoeffmann.at\/wp-content\/uploads\/2022\/02\/logo-notariat-schoeffmann.jpg","contentUrl":"https:\/\/www.notariat-schoeffmann.at\/wp-content\/uploads\/2022\/02\/logo-notariat-schoeffmann.jpg","width":600,"height":600,"caption":"Notariat Mag. Klaus Sch\u00f6ffmann Klagenfurt"},"image":{"@id":"https:\/\/www.notariat-schoeffmann.at\/de\/#\/schema\/logo\/image\/"},"sameAs":["https:\/\/www.facebook.com\/NotarKlagenfurt","https:\/\/www.youtube.com\/channel\/UCaITfbIQh6VIpzEonUsIhcg"]}]}},"_links":{"self":[{"href":"https:\/\/www.notariat-schoeffmann.at\/de\/wp-json\/wp\/v2\/pages\/454","targetHints":{"allow":["GET"]}}],"collection":[{"href":"https:\/\/www.notariat-schoeffmann.at\/de\/wp-json\/wp\/v2\/pages"}],"about":[{"href":"https:\/\/www.notariat-schoeffmann.at\/de\/wp-json\/wp\/v2\/types\/page"}],"author":[{"embeddable":true,"href":"https:\/\/www.notariat-schoeffmann.at\/de\/wp-json\/wp\/v2\/users\/3"}],"replies":[{"embeddable":true,"href":"https:\/\/www.notariat-schoeffmann.at\/de\/wp-json\/wp\/v2\/comments?post=454"}],"version-history":[{"count":4,"href":"https:\/\/www.notariat-schoeffmann.at\/de\/wp-json\/wp\/v2\/pages\/454\/revisions"}],"predecessor-version":[{"id":2446,"href":"https:\/\/www.notariat-schoeffmann.at\/de\/wp-json\/wp\/v2\/pages\/454\/revisions\/2446"}],"up":[{"embeddable":true,"href":"https:\/\/www.notariat-schoeffmann.at\/de\/wp-json\/wp\/v2\/pages\/438"}],"wp:attachment":[{"href":"https:\/\/www.notariat-schoeffmann.at\/de\/wp-json\/wp\/v2\/media?parent=454"}],"wp:term":[{"taxonomy":"category","embeddable":true,"href":"https:\/\/www.notariat-schoeffmann.at\/de\/wp-json\/wp\/v2\/categories?post=454"}],"curies":[{"name":"wp","href":"https:\/\/api.w.org\/{rel}","templated":true}]}}