{"id":452,"date":"2021-08-09T11:47:44","date_gmt":"2021-08-09T09:47:44","guid":{"rendered":"https:\/\/www.notariat-schoeffmann.at\/?page_id=452"},"modified":"2022-02-26T13:34:19","modified_gmt":"2022-02-26T12:34:19","slug":"tipps-fuer-gewaehlte-erwachsenenvertreter","status":"publish","type":"page","link":"https:\/\/www.notariat-schoeffmann.at\/de\/vorsorge\/gewaehlte-erwachsenenvertretung\/tipps-fuer-gewaehlte-erwachsenenvertreter\/","title":{"rendered":"Tipps f\u00fcr gew\u00e4hlte Erwachsenenvertreter"},"content":{"rendered":"<div class=\"standard typo3-neos-nodetypes-text\">\n<div>\n<p>Als gew\u00e4hlter Erwachsenenvertreter haben Sie der betroffenen Person Geld f\u00fcr die Besorgung von geringf\u00fcgigen Alltagsgesch\u00e4ften zur Verf\u00fcgung zu stellen. Daf\u00fcr k\u00f6nnen Sie der betroffenen Person das notwendige Bargeld geben oder ein eigenes Konto f\u00fcr sie einrichten, das nicht \u00fcberzogen werden kann. Auf dieses \u00fcberweisen Sie dann w\u00f6chentlich oder monatlich den Betrag, der der betroffenen Person frei zur Verf\u00fcgung steht. Die betroffene Person kann auf das Konto zugreifen und mit dem Geld Alltagsgesch\u00e4fte besorgen wie z.B. Lebensmittel einkaufen.<\/p>\n<p>Beachten Sie auch, dass Sie f\u00fcr bestimmte Angelegenheiten (au\u00dferordentliche Gesch\u00e4fte, dauerhafte Wohnort\u00e4nderung, Zustimmung zu medizinischen Behandlungen gegen den Willen der betroffenen Person) immer eine<strong>&nbsp;gerichtliche Genehmigung<\/strong>&nbsp;ben\u00f6tigen. Ohne die Genehmigung k\u00f6nnen Sie die betroffene Person in diesen Angelegenheiten nicht wirksam vertreten.<\/p>\n<p>Des Weiteren sind Sie verpflichtet, dem Gericht j\u00e4hrlich einen&nbsp;<strong>Lebenssituationsbericht&nbsp;<\/strong>zu erstatten. Darin haben Sie \u00fcber<\/p>\n<ul>\n<li>die Gestaltung und H\u00e4ufigkeit der pers\u00f6nlichen Kontakte mit der betroffenen Person,<\/li>\n<li>ihren Wohnort,<\/li>\n<li>ihr geistiges und k\u00f6rperliches Befinden und<\/li>\n<li>die im vergangenen Jahr besorgten und im kommenden Jahr zu besorgenden Angelegenheiten<\/li>\n<\/ul>\n<p>zu berichten. Den ersten Bericht m\u00fcssen Sie dem Gericht binnen vier Wochen nach Beginn Ihrer Vertretungsbefugnis vorlegen.<\/p>\n<p>\u00dcbernehmen Sie die Verm\u00f6gensverwaltung der betroffenen Person, sie unterliegen der gerichtlichen Kontrolle. Sie haben nach Ablauf des ersten Jahres der Verm\u00f6gensverwaltung eine Antrittsrechnung zu erstellen. In dieser legen Sie das Verm\u00f6gen der betroffenen Person im Einzelnen dar, um dem Gericht einen \u00dcberblick \u00fcber Umfang und Art des Verm\u00f6gens zu verschaffen. Danach sind Sie in Zeitabst\u00e4nden von maximal drei Jahren zur laufenden <strong>Rechnungslegung&nbsp;<\/strong>verpflichtet und m\u00fcssen nach Beendigung Ihrer T\u00e4tigkeit eine Schlussrechnung erstellen.<\/p>\n<p>Achten Sie darauf, dass Sie Belege \u00fcber die Verwaltung des Verm\u00f6gens der betroffenen Person sammeln und bis zur Beendigung der Verm\u00f6gensverwaltung aufbewahren. Au\u00dferdem m\u00fcssen Sie dem Gericht jeden Erwerb einer unbeweglichen Sache (z.B. einer Liegenschaft) melden und Sie haben dem Gericht mitzuteilen, wenn das Verm\u00f6gen der betroffenen Person \u20ac 15.000,- \u00fcberschreitet.<\/p>\n<\/div>\n<\/div>\n","protected":false},"excerpt":{"rendered":"<p>Als gew\u00e4hlter Erwachsenenvertreter haben Sie der betroffenen Person Geld f\u00fcr die Besorgung von geringf\u00fcgigen Alltagsgesch\u00e4ften zur Verf\u00fcgung zu stellen. Daf\u00fcr k\u00f6nnen Sie der betroffenen Person das notwendige Bargeld geben oder ein eigenes Konto f\u00fcr sie einrichten, das nicht \u00fcberzogen werden kann. Auf dieses \u00fcberweisen Sie dann w\u00f6chentlich oder monatlich den Betrag, der der betroffenen Person&hellip;<\/p>\n","protected":false},"author":3,"featured_media":0,"parent":449,"menu_order":0,"comment_status":"closed","ping_status":"closed","template":"","meta":{"inline_featured_image":false,"footnotes":""},"categories":[],"class_list":["post-452","page","type-page","status-publish","hentry","description-off"],"yoast_head":"<!-- This site is optimized with the Yoast SEO Premium plugin v26.7 (Yoast SEO v27.4) - https:\/\/yoast.com\/product\/yoast-seo-premium-wordpress\/ -->\n<title>Tipps f\u00fcr gew\u00e4hlte Erwachsenenvertreter &#8211; Notariat Sch\u00f6ffmann<\/title>\n<meta name=\"description\" content=\"Als gew\u00e4hlter Erwachsenenvertreter haben Sie einiges zu beachten. Welchen Pflichten Sie treffen lesen Sie auf unserer Seite.\" \/>\n<meta name=\"robots\" content=\"index, follow, max-snippet:-1, max-image-preview:large, max-video-preview:-1\" \/>\n<link rel=\"canonical\" href=\"https:\/\/www.notariat-schoeffmann.at\/de\/vorsorge\/gewaehlte-erwachsenenvertretung\/tipps-fuer-gewaehlte-erwachsenenvertreter\/\" \/>\n<meta property=\"og:locale\" content=\"de_DE\" \/>\n<meta property=\"og:type\" content=\"article\" \/>\n<meta property=\"og:title\" content=\"Tipps f\u00fcr gew\u00e4hlte Erwachsenenvertreter - Notariat Sch\u00f6ffmann\" \/>\n<meta property=\"og:description\" content=\"Als gew\u00e4hlter Erwachsenenvertreter haben Sie einiges zu beachten. Welchen Pflichten Sie treffen lesen Sie auf unserer Seite.\" \/>\n<meta property=\"og:url\" content=\"https:\/\/www.notariat-schoeffmann.at\/de\/vorsorge\/gewaehlte-erwachsenenvertretung\/tipps-fuer-gewaehlte-erwachsenenvertreter\/\" \/>\n<meta property=\"og:site_name\" content=\"Notariat Sch\u00f6ffmann\" \/>\n<meta property=\"article:publisher\" content=\"https:\/\/www.facebook.com\/NotarKlagenfurt\" \/>\n<meta property=\"article:modified_time\" content=\"2022-02-26T12:34:19+00:00\" \/>\n<meta property=\"og:image\" content=\"https:\/\/www.notariat-schoeffmann.at\/wp-content\/uploads\/2021\/11\/Juristen-1.jpg\" \/>\n\t<meta property=\"og:image:width\" content=\"1600\" \/>\n\t<meta property=\"og:image:height\" content=\"1067\" \/>\n\t<meta property=\"og:image:type\" content=\"image\/jpeg\" \/>\n<meta name=\"twitter:card\" content=\"summary_large_image\" \/>\n<script type=\"application\/ld+json\" class=\"yoast-schema-graph\">{\"@context\":\"https:\\\/\\\/schema.org\",\"@graph\":[{\"@type\":\"WebPage\",\"@id\":\"https:\\\/\\\/www.notariat-schoeffmann.at\\\/de\\\/vorsorge\\\/gewaehlte-erwachsenenvertretung\\\/tipps-fuer-gewaehlte-erwachsenenvertreter\\\/\",\"url\":\"https:\\\/\\\/www.notariat-schoeffmann.at\\\/de\\\/vorsorge\\\/gewaehlte-erwachsenenvertretung\\\/tipps-fuer-gewaehlte-erwachsenenvertreter\\\/\",\"name\":\"Tipps f\u00fcr gew\u00e4hlte Erwachsenenvertreter &#8211; Notariat Sch\u00f6ffmann\",\"isPartOf\":{\"@id\":\"https:\\\/\\\/www.notariat-schoeffmann.at\\\/de\\\/#website\"},\"datePublished\":\"2021-08-09T09:47:44+00:00\",\"dateModified\":\"2022-02-26T12:34:19+00:00\",\"description\":\"Als gew\u00e4hlter Erwachsenenvertreter haben Sie einiges zu beachten. Welchen Pflichten Sie treffen lesen Sie auf unserer Seite.\",\"breadcrumb\":{\"@id\":\"https:\\\/\\\/www.notariat-schoeffmann.at\\\/de\\\/vorsorge\\\/gewaehlte-erwachsenenvertretung\\\/tipps-fuer-gewaehlte-erwachsenenvertreter\\\/#breadcrumb\"},\"inLanguage\":\"de\",\"potentialAction\":[{\"@type\":\"ReadAction\",\"target\":[\"https:\\\/\\\/www.notariat-schoeffmann.at\\\/de\\\/vorsorge\\\/gewaehlte-erwachsenenvertretung\\\/tipps-fuer-gewaehlte-erwachsenenvertreter\\\/\"]}]},{\"@type\":\"BreadcrumbList\",\"@id\":\"https:\\\/\\\/www.notariat-schoeffmann.at\\\/de\\\/vorsorge\\\/gewaehlte-erwachsenenvertretung\\\/tipps-fuer-gewaehlte-erwachsenenvertreter\\\/#breadcrumb\",\"itemListElement\":[{\"@type\":\"ListItem\",\"position\":1,\"name\":\"Startseite\",\"item\":\"https:\\\/\\\/www.notariat-schoeffmann.at\\\/de\\\/\"},{\"@type\":\"ListItem\",\"position\":2,\"name\":\"Vorsorge\",\"item\":\"https:\\\/\\\/www.notariat-schoeffmann.at\\\/de\\\/vorsorge\\\/\"},{\"@type\":\"ListItem\",\"position\":3,\"name\":\"Gew\u00e4hlte Erwachsenenvertretung\",\"item\":\"https:\\\/\\\/www.notariat-schoeffmann.at\\\/de\\\/vorsorge\\\/gewaehlte-erwachsenenvertretung\\\/\"},{\"@type\":\"ListItem\",\"position\":4,\"name\":\"Tipps f\u00fcr gew\u00e4hlte Erwachsenenvertreter\"}]},{\"@type\":\"WebSite\",\"@id\":\"https:\\\/\\\/www.notariat-schoeffmann.at\\\/de\\\/#website\",\"url\":\"https:\\\/\\\/www.notariat-schoeffmann.at\\\/de\\\/\",\"name\":\"Notariat Sch\u00f6ffmann\",\"description\":\"Mag. Klaus Sch\u00f6ffmann - Ihr Notar in Klagenfurt\",\"publisher\":{\"@id\":\"https:\\\/\\\/www.notariat-schoeffmann.at\\\/de\\\/#organization\"},\"potentialAction\":[{\"@type\":\"SearchAction\",\"target\":{\"@type\":\"EntryPoint\",\"urlTemplate\":\"https:\\\/\\\/www.notariat-schoeffmann.at\\\/de\\\/?s={search_term_string}\"},\"query-input\":{\"@type\":\"PropertyValueSpecification\",\"valueRequired\":true,\"valueName\":\"search_term_string\"}}],\"inLanguage\":\"de\"},{\"@type\":\"Organization\",\"@id\":\"https:\\\/\\\/www.notariat-schoeffmann.at\\\/de\\\/#organization\",\"name\":\"Notariat Mag. Klaus Sch\u00f6ffmann Klagenfurt\",\"url\":\"https:\\\/\\\/www.notariat-schoeffmann.at\\\/de\\\/\",\"logo\":{\"@type\":\"ImageObject\",\"inLanguage\":\"de\",\"@id\":\"https:\\\/\\\/www.notariat-schoeffmann.at\\\/de\\\/#\\\/schema\\\/logo\\\/image\\\/\",\"url\":\"https:\\\/\\\/www.notariat-schoeffmann.at\\\/wp-content\\\/uploads\\\/2022\\\/02\\\/logo-notariat-schoeffmann.jpg\",\"contentUrl\":\"https:\\\/\\\/www.notariat-schoeffmann.at\\\/wp-content\\\/uploads\\\/2022\\\/02\\\/logo-notariat-schoeffmann.jpg\",\"width\":600,\"height\":600,\"caption\":\"Notariat Mag. Klaus Sch\u00f6ffmann Klagenfurt\"},\"image\":{\"@id\":\"https:\\\/\\\/www.notariat-schoeffmann.at\\\/de\\\/#\\\/schema\\\/logo\\\/image\\\/\"},\"sameAs\":[\"https:\\\/\\\/www.facebook.com\\\/NotarKlagenfurt\",\"https:\\\/\\\/www.youtube.com\\\/channel\\\/UCaITfbIQh6VIpzEonUsIhcg\"]}]}<\/script>\n<!-- \/ Yoast SEO Premium plugin. -->","yoast_head_json":{"title":"Tipps f\u00fcr gew\u00e4hlte Erwachsenenvertreter &#8211; Notariat Sch\u00f6ffmann","description":"Als gew\u00e4hlter Erwachsenenvertreter haben Sie einiges zu beachten. Welchen Pflichten Sie treffen lesen Sie auf unserer Seite.","robots":{"index":"index","follow":"follow","max-snippet":"max-snippet:-1","max-image-preview":"max-image-preview:large","max-video-preview":"max-video-preview:-1"},"canonical":"https:\/\/www.notariat-schoeffmann.at\/de\/vorsorge\/gewaehlte-erwachsenenvertretung\/tipps-fuer-gewaehlte-erwachsenenvertreter\/","og_locale":"de_DE","og_type":"article","og_title":"Tipps f\u00fcr gew\u00e4hlte Erwachsenenvertreter - Notariat Sch\u00f6ffmann","og_description":"Als gew\u00e4hlter Erwachsenenvertreter haben Sie einiges zu beachten. Welchen Pflichten Sie treffen lesen Sie auf unserer Seite.","og_url":"https:\/\/www.notariat-schoeffmann.at\/de\/vorsorge\/gewaehlte-erwachsenenvertretung\/tipps-fuer-gewaehlte-erwachsenenvertreter\/","og_site_name":"Notariat Sch\u00f6ffmann","article_publisher":"https:\/\/www.facebook.com\/NotarKlagenfurt","article_modified_time":"2022-02-26T12:34:19+00:00","og_image":[{"width":1600,"height":1067,"url":"https:\/\/www.notariat-schoeffmann.at\/wp-content\/uploads\/2021\/11\/Juristen-1.jpg","type":"image\/jpeg"}],"twitter_card":"summary_large_image","schema":{"@context":"https:\/\/schema.org","@graph":[{"@type":"WebPage","@id":"https:\/\/www.notariat-schoeffmann.at\/de\/vorsorge\/gewaehlte-erwachsenenvertretung\/tipps-fuer-gewaehlte-erwachsenenvertreter\/","url":"https:\/\/www.notariat-schoeffmann.at\/de\/vorsorge\/gewaehlte-erwachsenenvertretung\/tipps-fuer-gewaehlte-erwachsenenvertreter\/","name":"Tipps f\u00fcr gew\u00e4hlte Erwachsenenvertreter &#8211; Notariat Sch\u00f6ffmann","isPartOf":{"@id":"https:\/\/www.notariat-schoeffmann.at\/de\/#website"},"datePublished":"2021-08-09T09:47:44+00:00","dateModified":"2022-02-26T12:34:19+00:00","description":"Als gew\u00e4hlter Erwachsenenvertreter haben Sie einiges zu beachten. Welchen Pflichten Sie treffen lesen Sie auf unserer Seite.","breadcrumb":{"@id":"https:\/\/www.notariat-schoeffmann.at\/de\/vorsorge\/gewaehlte-erwachsenenvertretung\/tipps-fuer-gewaehlte-erwachsenenvertreter\/#breadcrumb"},"inLanguage":"de","potentialAction":[{"@type":"ReadAction","target":["https:\/\/www.notariat-schoeffmann.at\/de\/vorsorge\/gewaehlte-erwachsenenvertretung\/tipps-fuer-gewaehlte-erwachsenenvertreter\/"]}]},{"@type":"BreadcrumbList","@id":"https:\/\/www.notariat-schoeffmann.at\/de\/vorsorge\/gewaehlte-erwachsenenvertretung\/tipps-fuer-gewaehlte-erwachsenenvertreter\/#breadcrumb","itemListElement":[{"@type":"ListItem","position":1,"name":"Startseite","item":"https:\/\/www.notariat-schoeffmann.at\/de\/"},{"@type":"ListItem","position":2,"name":"Vorsorge","item":"https:\/\/www.notariat-schoeffmann.at\/de\/vorsorge\/"},{"@type":"ListItem","position":3,"name":"Gew\u00e4hlte Erwachsenenvertretung","item":"https:\/\/www.notariat-schoeffmann.at\/de\/vorsorge\/gewaehlte-erwachsenenvertretung\/"},{"@type":"ListItem","position":4,"name":"Tipps f\u00fcr gew\u00e4hlte Erwachsenenvertreter"}]},{"@type":"WebSite","@id":"https:\/\/www.notariat-schoeffmann.at\/de\/#website","url":"https:\/\/www.notariat-schoeffmann.at\/de\/","name":"Notariat Sch\u00f6ffmann","description":"Mag. Klaus Sch\u00f6ffmann - Ihr Notar in Klagenfurt","publisher":{"@id":"https:\/\/www.notariat-schoeffmann.at\/de\/#organization"},"potentialAction":[{"@type":"SearchAction","target":{"@type":"EntryPoint","urlTemplate":"https:\/\/www.notariat-schoeffmann.at\/de\/?s={search_term_string}"},"query-input":{"@type":"PropertyValueSpecification","valueRequired":true,"valueName":"search_term_string"}}],"inLanguage":"de"},{"@type":"Organization","@id":"https:\/\/www.notariat-schoeffmann.at\/de\/#organization","name":"Notariat Mag. Klaus Sch\u00f6ffmann Klagenfurt","url":"https:\/\/www.notariat-schoeffmann.at\/de\/","logo":{"@type":"ImageObject","inLanguage":"de","@id":"https:\/\/www.notariat-schoeffmann.at\/de\/#\/schema\/logo\/image\/","url":"https:\/\/www.notariat-schoeffmann.at\/wp-content\/uploads\/2022\/02\/logo-notariat-schoeffmann.jpg","contentUrl":"https:\/\/www.notariat-schoeffmann.at\/wp-content\/uploads\/2022\/02\/logo-notariat-schoeffmann.jpg","width":600,"height":600,"caption":"Notariat Mag. Klaus Sch\u00f6ffmann Klagenfurt"},"image":{"@id":"https:\/\/www.notariat-schoeffmann.at\/de\/#\/schema\/logo\/image\/"},"sameAs":["https:\/\/www.facebook.com\/NotarKlagenfurt","https:\/\/www.youtube.com\/channel\/UCaITfbIQh6VIpzEonUsIhcg"]}]}},"_links":{"self":[{"href":"https:\/\/www.notariat-schoeffmann.at\/de\/wp-json\/wp\/v2\/pages\/452","targetHints":{"allow":["GET"]}}],"collection":[{"href":"https:\/\/www.notariat-schoeffmann.at\/de\/wp-json\/wp\/v2\/pages"}],"about":[{"href":"https:\/\/www.notariat-schoeffmann.at\/de\/wp-json\/wp\/v2\/types\/page"}],"author":[{"embeddable":true,"href":"https:\/\/www.notariat-schoeffmann.at\/de\/wp-json\/wp\/v2\/users\/3"}],"replies":[{"embeddable":true,"href":"https:\/\/www.notariat-schoeffmann.at\/de\/wp-json\/wp\/v2\/comments?post=452"}],"version-history":[{"count":3,"href":"https:\/\/www.notariat-schoeffmann.at\/de\/wp-json\/wp\/v2\/pages\/452\/revisions"}],"predecessor-version":[{"id":2010,"href":"https:\/\/www.notariat-schoeffmann.at\/de\/wp-json\/wp\/v2\/pages\/452\/revisions\/2010"}],"up":[{"embeddable":true,"href":"https:\/\/www.notariat-schoeffmann.at\/de\/wp-json\/wp\/v2\/pages\/449"}],"wp:attachment":[{"href":"https:\/\/www.notariat-schoeffmann.at\/de\/wp-json\/wp\/v2\/media?parent=452"}],"wp:term":[{"taxonomy":"category","embeddable":true,"href":"https:\/\/www.notariat-schoeffmann.at\/de\/wp-json\/wp\/v2\/categories?post=452"}],"curies":[{"name":"wp","href":"https:\/\/api.w.org\/{rel}","templated":true}]}}