{"id":449,"date":"2021-08-09T11:46:34","date_gmt":"2021-08-09T09:46:34","guid":{"rendered":"https:\/\/www.notariat-schoeffmann.at\/?page_id=449"},"modified":"2022-03-06T13:29:41","modified_gmt":"2022-03-06T12:29:41","slug":"gewaehlte-erwachsenenvertretung","status":"publish","type":"page","link":"https:\/\/www.notariat-schoeffmann.at\/de\/vorsorge\/gewaehlte-erwachsenenvertretung\/","title":{"rendered":"Gew\u00e4hlte Erwachsenenvertretung"},"content":{"rendered":"<div class=\"lazyblock-infobox-1ujb wp-block-lazyblock-infobox\"><div class=\"notar_einleitung\">\n\n  <div class=\"notar_einleitung_wrapper\"><p>Im gesunden Zustand machen sich nur wenige Menschen Gedanken \u00fcber ihre Vertretung und errichten daher keine Vorsorgevollmacht. Um den betroffenen Personen mehr Selbstbestimmung einzur\u00e4umen, wurde mit dem 2. Erwachsenenschutzgesetz deshalb die gew\u00e4hlte Erwachsenenvertretung eingef\u00fchrt.<\/p><\/div>\n<\/div>\n<\/div>\n\n\n<p>Durch die&nbsp;<b>gew\u00e4hlte Erwachsenenvertretung<\/b>&nbsp;kann die betroffene Person noch einen Vertreter bestimmen, wenn sie sich bereits nicht mehr selbst um ihre Angelegenheiten k\u00fcmmern kann.<\/p>\n\n\n\n<p>Dazu muss sie nicht mehr (wie f\u00fcr die Vorsorgevollmacht n\u00f6tig) voll entscheidungsf\u00e4hig sein. Es gen\u00fcgt, dass die betroffene Person in Grundz\u00fcgen versteht, welche Bedeutung und Folgen die Bevollm\u00e4chtigung des gew\u00e4hlten Erwachsenenvertreters hat.<\/p>\n\n\n\n<p>Gew\u00e4hlter Erwachsenenvertreter kann jede&nbsp;<strong>nahe stehende Person<\/strong>&nbsp;sein, also zum Beispiel Angeh\u00f6rige, Freunde oder Nachbarn der betroffenen Person.<\/p>\n\n\n\n<p>Wer einen gew\u00e4hlten Erwachsenenvertreter bestimmen will, muss gemeinsam mit der ausgew\u00e4hlten Person eine Vereinbarung dar\u00fcber abschlie\u00dfen und die Vertretungsbefugnisse festlegen. Diese Vereinbarung m\u00fcssen sie h\u00f6chstpers\u00f6nlich schriftlich vor einem Notar, Rechtsanwalt oder Erwachsenenschutzverein abschlie\u00dfen und sie in das&nbsp;<strong><a href=\"https:\/\/www.justiz.gv.at\/web2013\/home\/justiz\/erwachsenenschutz\/a-z-des-erwachsenenschutzrechts\/oesterreichisches-zentrales-vertretungsverzeichnis-oezvv~3a.de.html\" target=\"_blank\" rel=\"noopener\">\u00d6sterreichische Zentrale Vertretungsverzeichnis<\/a>&nbsp;(\u00d6ZVV)<\/strong>&nbsp;eintragen lassen.<\/p>\n\n\n\n<p>Der gew\u00e4hlte Erwachsenenvertreter unterliegt der&nbsp;<strong>gerichtlichen Kontrolle<\/strong>. F\u00fcr gewisse Entscheidungen braucht er die Genehmigung des Gerichts. Er hat au\u00dferdem j\u00e4hrlich einen Lebenssituationsbericht zu erstellen, in dem er Angaben zur<\/p>\n\n\n\n<ul class=\"wp-block-list\"><li>Gestaltung und H\u00e4ufigkeit des pers\u00f6nlichen Kontakts mit der betroffenen Person,<\/li><li>ihren Wohnort,<\/li><li>ihr geistiges und k\u00f6rperliches Befinden und<\/li><li>die im vergangenen Jahr besorgten und im kommenden Jahr zu besorgenden Angelegenheiten<\/li><\/ul>\n\n\n\n<p>machen muss. Ist er mit der Verm\u00f6gensverwaltung betraut, muss er bei Antritt seiner T\u00e4tigkeit eine Antrittsrechnung legen. In dieser gibt er das Verm\u00f6gen der betroffenen Person im Einzelnen an, so dass sich das Gericht einen \u00dcberblick \u00fcber Umfang und Art des Verm\u00f6gens verschaffen kann. Danach ist er zur laufenden Rechnungslegung in Zeitabst\u00e4nden von maximal drei Jahren verpflichtet. Bei Beendigung seiner T\u00e4tigkeit hat der gew\u00e4hlte Erwachsenenvertreter eine Schlussrechnung zu legen.<\/p>\n\n\n\n<p>Will die betroffene Person nicht mehr vertreten werden, kann sie die gew\u00e4hlte Erwachsenenvertretung widerrufen. Auch der gew\u00e4hlte Erwachsenenvertreter kann die K\u00fcndigung aussprechen. Dies ist dann im \u00d6ZVV einzutragen. Mit der Eintragung im \u00d6ZVV endet die Vertretungsbefugnis. Verstirbt der Erwachsenenvertreter oder die betroffene Person, endet die Erwachsenenvertretung ebenfalls.<\/p>\n\n\n\n<p>Wurde kein Vertreter bestimmt, tritt bei Verlust der Entscheidungsf\u00e4higkeit die\u00a0<a href=\"https:\/\/www.notariat-schoeffmann.at\/vorsorge\/gesetzliche-erwachsenenvertretung\/\">gesetzliche<\/a>\u00a0oder\u00a0<a href=\"https:\/\/www.notariat-schoeffmann.at\/vorsorge\/gerichtliche-erwachsenenvertretung\/\">gerichtliche Erwachsenenvertretung<\/a>\u00a0ein.<\/p>\n","protected":false},"excerpt":{"rendered":"<p>Durch die&nbsp;gew\u00e4hlte Erwachsenenvertretung&nbsp;kann die betroffene Person noch einen Vertreter bestimmen, wenn sie sich bereits nicht mehr selbst um ihre Angelegenheiten k\u00fcmmern kann. Dazu muss sie nicht mehr (wie f\u00fcr die Vorsorgevollmacht n\u00f6tig) voll entscheidungsf\u00e4hig sein. Es gen\u00fcgt, dass die betroffene Person in Grundz\u00fcgen versteht, welche Bedeutung und Folgen die Bevollm\u00e4chtigung des gew\u00e4hlten Erwachsenenvertreters hat. Gew\u00e4hlter&hellip;<\/p>\n","protected":false},"author":3,"featured_media":0,"parent":438,"menu_order":2,"comment_status":"closed","ping_status":"closed","template":"","meta":{"inline_featured_image":false,"footnotes":""},"categories":[],"class_list":["post-449","page","type-page","status-publish","hentry","description-off"],"yoast_head":"<!-- This site is optimized with the Yoast SEO Premium plugin v26.7 (Yoast SEO v27.4) - https:\/\/yoast.com\/product\/yoast-seo-premium-wordpress\/ -->\n<title>Gew\u00e4hlte Erwachsenenvertretung &#8211; Notariat Sch\u00f6ffmann<\/title>\n<meta name=\"description\" content=\"Mit der gew\u00e4hlten Erwachsenenvertretung k\u00f6nnen Sie Ihren Vertreter auch dann noch selbst bestimmen, wenn sie nicht mehr selbst f\u00fcr sich sorgen k\u00f6nnen.\" \/>\n<meta name=\"robots\" content=\"index, follow, max-snippet:-1, max-image-preview:large, max-video-preview:-1\" \/>\n<link rel=\"canonical\" href=\"https:\/\/www.notariat-schoeffmann.at\/de\/vorsorge\/gewaehlte-erwachsenenvertretung\/\" \/>\n<meta property=\"og:locale\" content=\"de_DE\" \/>\n<meta property=\"og:type\" content=\"article\" \/>\n<meta property=\"og:title\" content=\"Gew\u00e4hlte Erwachsenenvertretung - Notariat Sch\u00f6ffmann\" \/>\n<meta property=\"og:description\" content=\"Mit der gew\u00e4hlten Erwachsenenvertretung k\u00f6nnen Sie Ihren Vertreter auch dann noch selbst bestimmen, wenn sie nicht mehr selbst f\u00fcr sich sorgen k\u00f6nnen.\" \/>\n<meta property=\"og:url\" content=\"https:\/\/www.notariat-schoeffmann.at\/de\/vorsorge\/gewaehlte-erwachsenenvertretung\/\" \/>\n<meta property=\"og:site_name\" content=\"Notariat Sch\u00f6ffmann\" \/>\n<meta property=\"article:publisher\" content=\"https:\/\/www.facebook.com\/NotarKlagenfurt\" \/>\n<meta property=\"article:modified_time\" content=\"2022-03-06T12:29:41+00:00\" \/>\n<meta property=\"og:image\" content=\"https:\/\/www.notariat-schoeffmann.at\/wp-content\/uploads\/2021\/11\/Juristen-1.jpg\" \/>\n\t<meta property=\"og:image:width\" content=\"1600\" \/>\n\t<meta property=\"og:image:height\" content=\"1067\" \/>\n\t<meta property=\"og:image:type\" content=\"image\/jpeg\" \/>\n<meta name=\"twitter:card\" content=\"summary_large_image\" \/>\n<script type=\"application\/ld+json\" class=\"yoast-schema-graph\">{\"@context\":\"https:\\\/\\\/schema.org\",\"@graph\":[{\"@type\":\"WebPage\",\"@id\":\"https:\\\/\\\/www.notariat-schoeffmann.at\\\/de\\\/vorsorge\\\/gewaehlte-erwachsenenvertretung\\\/\",\"url\":\"https:\\\/\\\/www.notariat-schoeffmann.at\\\/de\\\/vorsorge\\\/gewaehlte-erwachsenenvertretung\\\/\",\"name\":\"Gew\u00e4hlte Erwachsenenvertretung &#8211; Notariat Sch\u00f6ffmann\",\"isPartOf\":{\"@id\":\"https:\\\/\\\/www.notariat-schoeffmann.at\\\/de\\\/#website\"},\"datePublished\":\"2021-08-09T09:46:34+00:00\",\"dateModified\":\"2022-03-06T12:29:41+00:00\",\"description\":\"Mit der gew\u00e4hlten Erwachsenenvertretung k\u00f6nnen Sie Ihren Vertreter auch dann noch selbst bestimmen, wenn sie nicht mehr selbst f\u00fcr sich sorgen k\u00f6nnen.\",\"breadcrumb\":{\"@id\":\"https:\\\/\\\/www.notariat-schoeffmann.at\\\/de\\\/vorsorge\\\/gewaehlte-erwachsenenvertretung\\\/#breadcrumb\"},\"inLanguage\":\"de\",\"potentialAction\":[{\"@type\":\"ReadAction\",\"target\":[\"https:\\\/\\\/www.notariat-schoeffmann.at\\\/de\\\/vorsorge\\\/gewaehlte-erwachsenenvertretung\\\/\"]}]},{\"@type\":\"BreadcrumbList\",\"@id\":\"https:\\\/\\\/www.notariat-schoeffmann.at\\\/de\\\/vorsorge\\\/gewaehlte-erwachsenenvertretung\\\/#breadcrumb\",\"itemListElement\":[{\"@type\":\"ListItem\",\"position\":1,\"name\":\"Startseite\",\"item\":\"https:\\\/\\\/www.notariat-schoeffmann.at\\\/de\\\/\"},{\"@type\":\"ListItem\",\"position\":2,\"name\":\"Vorsorge\",\"item\":\"https:\\\/\\\/www.notariat-schoeffmann.at\\\/de\\\/vorsorge\\\/\"},{\"@type\":\"ListItem\",\"position\":3,\"name\":\"Gew\u00e4hlte Erwachsenenvertretung\"}]},{\"@type\":\"WebSite\",\"@id\":\"https:\\\/\\\/www.notariat-schoeffmann.at\\\/de\\\/#website\",\"url\":\"https:\\\/\\\/www.notariat-schoeffmann.at\\\/de\\\/\",\"name\":\"Notariat Sch\u00f6ffmann\",\"description\":\"Mag. Klaus Sch\u00f6ffmann - Ihr Notar in Klagenfurt\",\"publisher\":{\"@id\":\"https:\\\/\\\/www.notariat-schoeffmann.at\\\/de\\\/#organization\"},\"potentialAction\":[{\"@type\":\"SearchAction\",\"target\":{\"@type\":\"EntryPoint\",\"urlTemplate\":\"https:\\\/\\\/www.notariat-schoeffmann.at\\\/de\\\/?s={search_term_string}\"},\"query-input\":{\"@type\":\"PropertyValueSpecification\",\"valueRequired\":true,\"valueName\":\"search_term_string\"}}],\"inLanguage\":\"de\"},{\"@type\":\"Organization\",\"@id\":\"https:\\\/\\\/www.notariat-schoeffmann.at\\\/de\\\/#organization\",\"name\":\"Notariat Mag. Klaus Sch\u00f6ffmann Klagenfurt\",\"url\":\"https:\\\/\\\/www.notariat-schoeffmann.at\\\/de\\\/\",\"logo\":{\"@type\":\"ImageObject\",\"inLanguage\":\"de\",\"@id\":\"https:\\\/\\\/www.notariat-schoeffmann.at\\\/de\\\/#\\\/schema\\\/logo\\\/image\\\/\",\"url\":\"https:\\\/\\\/www.notariat-schoeffmann.at\\\/wp-content\\\/uploads\\\/2022\\\/02\\\/logo-notariat-schoeffmann.jpg\",\"contentUrl\":\"https:\\\/\\\/www.notariat-schoeffmann.at\\\/wp-content\\\/uploads\\\/2022\\\/02\\\/logo-notariat-schoeffmann.jpg\",\"width\":600,\"height\":600,\"caption\":\"Notariat Mag. Klaus Sch\u00f6ffmann Klagenfurt\"},\"image\":{\"@id\":\"https:\\\/\\\/www.notariat-schoeffmann.at\\\/de\\\/#\\\/schema\\\/logo\\\/image\\\/\"},\"sameAs\":[\"https:\\\/\\\/www.facebook.com\\\/NotarKlagenfurt\",\"https:\\\/\\\/www.youtube.com\\\/channel\\\/UCaITfbIQh6VIpzEonUsIhcg\"]}]}<\/script>\n<!-- \/ Yoast SEO Premium plugin. -->","yoast_head_json":{"title":"Gew\u00e4hlte Erwachsenenvertretung &#8211; Notariat Sch\u00f6ffmann","description":"Mit der gew\u00e4hlten Erwachsenenvertretung k\u00f6nnen Sie Ihren Vertreter auch dann noch selbst bestimmen, wenn sie nicht mehr selbst f\u00fcr sich sorgen k\u00f6nnen.","robots":{"index":"index","follow":"follow","max-snippet":"max-snippet:-1","max-image-preview":"max-image-preview:large","max-video-preview":"max-video-preview:-1"},"canonical":"https:\/\/www.notariat-schoeffmann.at\/de\/vorsorge\/gewaehlte-erwachsenenvertretung\/","og_locale":"de_DE","og_type":"article","og_title":"Gew\u00e4hlte Erwachsenenvertretung - Notariat Sch\u00f6ffmann","og_description":"Mit der gew\u00e4hlten Erwachsenenvertretung k\u00f6nnen Sie Ihren Vertreter auch dann noch selbst bestimmen, wenn sie nicht mehr selbst f\u00fcr sich sorgen k\u00f6nnen.","og_url":"https:\/\/www.notariat-schoeffmann.at\/de\/vorsorge\/gewaehlte-erwachsenenvertretung\/","og_site_name":"Notariat Sch\u00f6ffmann","article_publisher":"https:\/\/www.facebook.com\/NotarKlagenfurt","article_modified_time":"2022-03-06T12:29:41+00:00","og_image":[{"width":1600,"height":1067,"url":"https:\/\/www.notariat-schoeffmann.at\/wp-content\/uploads\/2021\/11\/Juristen-1.jpg","type":"image\/jpeg"}],"twitter_card":"summary_large_image","schema":{"@context":"https:\/\/schema.org","@graph":[{"@type":"WebPage","@id":"https:\/\/www.notariat-schoeffmann.at\/de\/vorsorge\/gewaehlte-erwachsenenvertretung\/","url":"https:\/\/www.notariat-schoeffmann.at\/de\/vorsorge\/gewaehlte-erwachsenenvertretung\/","name":"Gew\u00e4hlte Erwachsenenvertretung &#8211; Notariat Sch\u00f6ffmann","isPartOf":{"@id":"https:\/\/www.notariat-schoeffmann.at\/de\/#website"},"datePublished":"2021-08-09T09:46:34+00:00","dateModified":"2022-03-06T12:29:41+00:00","description":"Mit der gew\u00e4hlten Erwachsenenvertretung k\u00f6nnen Sie Ihren Vertreter auch dann noch selbst bestimmen, wenn sie nicht mehr selbst f\u00fcr sich sorgen k\u00f6nnen.","breadcrumb":{"@id":"https:\/\/www.notariat-schoeffmann.at\/de\/vorsorge\/gewaehlte-erwachsenenvertretung\/#breadcrumb"},"inLanguage":"de","potentialAction":[{"@type":"ReadAction","target":["https:\/\/www.notariat-schoeffmann.at\/de\/vorsorge\/gewaehlte-erwachsenenvertretung\/"]}]},{"@type":"BreadcrumbList","@id":"https:\/\/www.notariat-schoeffmann.at\/de\/vorsorge\/gewaehlte-erwachsenenvertretung\/#breadcrumb","itemListElement":[{"@type":"ListItem","position":1,"name":"Startseite","item":"https:\/\/www.notariat-schoeffmann.at\/de\/"},{"@type":"ListItem","position":2,"name":"Vorsorge","item":"https:\/\/www.notariat-schoeffmann.at\/de\/vorsorge\/"},{"@type":"ListItem","position":3,"name":"Gew\u00e4hlte Erwachsenenvertretung"}]},{"@type":"WebSite","@id":"https:\/\/www.notariat-schoeffmann.at\/de\/#website","url":"https:\/\/www.notariat-schoeffmann.at\/de\/","name":"Notariat Sch\u00f6ffmann","description":"Mag. Klaus Sch\u00f6ffmann - Ihr Notar in Klagenfurt","publisher":{"@id":"https:\/\/www.notariat-schoeffmann.at\/de\/#organization"},"potentialAction":[{"@type":"SearchAction","target":{"@type":"EntryPoint","urlTemplate":"https:\/\/www.notariat-schoeffmann.at\/de\/?s={search_term_string}"},"query-input":{"@type":"PropertyValueSpecification","valueRequired":true,"valueName":"search_term_string"}}],"inLanguage":"de"},{"@type":"Organization","@id":"https:\/\/www.notariat-schoeffmann.at\/de\/#organization","name":"Notariat Mag. Klaus Sch\u00f6ffmann Klagenfurt","url":"https:\/\/www.notariat-schoeffmann.at\/de\/","logo":{"@type":"ImageObject","inLanguage":"de","@id":"https:\/\/www.notariat-schoeffmann.at\/de\/#\/schema\/logo\/image\/","url":"https:\/\/www.notariat-schoeffmann.at\/wp-content\/uploads\/2022\/02\/logo-notariat-schoeffmann.jpg","contentUrl":"https:\/\/www.notariat-schoeffmann.at\/wp-content\/uploads\/2022\/02\/logo-notariat-schoeffmann.jpg","width":600,"height":600,"caption":"Notariat Mag. Klaus Sch\u00f6ffmann Klagenfurt"},"image":{"@id":"https:\/\/www.notariat-schoeffmann.at\/de\/#\/schema\/logo\/image\/"},"sameAs":["https:\/\/www.facebook.com\/NotarKlagenfurt","https:\/\/www.youtube.com\/channel\/UCaITfbIQh6VIpzEonUsIhcg"]}]}},"_links":{"self":[{"href":"https:\/\/www.notariat-schoeffmann.at\/de\/wp-json\/wp\/v2\/pages\/449","targetHints":{"allow":["GET"]}}],"collection":[{"href":"https:\/\/www.notariat-schoeffmann.at\/de\/wp-json\/wp\/v2\/pages"}],"about":[{"href":"https:\/\/www.notariat-schoeffmann.at\/de\/wp-json\/wp\/v2\/types\/page"}],"author":[{"embeddable":true,"href":"https:\/\/www.notariat-schoeffmann.at\/de\/wp-json\/wp\/v2\/users\/3"}],"replies":[{"embeddable":true,"href":"https:\/\/www.notariat-schoeffmann.at\/de\/wp-json\/wp\/v2\/comments?post=449"}],"version-history":[{"count":5,"href":"https:\/\/www.notariat-schoeffmann.at\/de\/wp-json\/wp\/v2\/pages\/449\/revisions"}],"predecessor-version":[{"id":2447,"href":"https:\/\/www.notariat-schoeffmann.at\/de\/wp-json\/wp\/v2\/pages\/449\/revisions\/2447"}],"up":[{"embeddable":true,"href":"https:\/\/www.notariat-schoeffmann.at\/de\/wp-json\/wp\/v2\/pages\/438"}],"wp:attachment":[{"href":"https:\/\/www.notariat-schoeffmann.at\/de\/wp-json\/wp\/v2\/media?parent=449"}],"wp:term":[{"taxonomy":"category","embeddable":true,"href":"https:\/\/www.notariat-schoeffmann.at\/de\/wp-json\/wp\/v2\/categories?post=449"}],"curies":[{"name":"wp","href":"https:\/\/api.w.org\/{rel}","templated":true}]}}