{"id":441,"date":"2021-08-09T11:43:11","date_gmt":"2021-08-09T09:43:11","guid":{"rendered":"https:\/\/www.notariat-schoeffmann.at\/?page_id=441"},"modified":"2022-03-05T17:12:38","modified_gmt":"2022-03-05T16:12:38","slug":"erwachsenenschutzgesetz","status":"publish","type":"page","link":"https:\/\/www.notariat-schoeffmann.at\/de\/vorsorge\/erwachsenenschutzgesetz\/","title":{"rendered":"Erwachsenenschutzgesetz"},"content":{"rendered":"<div class=\"lazyblock-infobox-29cfwC wp-block-lazyblock-infobox\"><div class=\"notar_einleitung\">\n\n  <div class=\"notar_einleitung_wrapper\"><p>Durch das 2018 in Kraft getretene 2. Erwachsenenschutzgesetz steht die Interessenslage des Betroffenen im Vordergrund.<\/p><\/div>\n<\/div>\n<\/div>\n\n\n<p><em>\u201eIm gesunden Zustand machen sich nur wenige Menschen Gedanken \u00fcber eine Vertretung. Zwar wird die Frage der Vertretung erst aktuell, wenn man seine Angelegenheiten nicht mehr selbst besorgen kann, f\u00fcr die Errichtung einer Vorsorgevollmacht ist es dann aber schon zu sp\u00e4t\u201c<\/em>,&nbsp; wei\u00df Notar Klaus Sch\u00f6ffmann.<\/p>\n\n\n\n<h3 class=\"wp-block-heading\"><b>Vorsorgevollmacht gest\u00e4rkt<\/b><\/h3>\n\n\n\n<p>Die\u00a0<a href=\"https:\/\/www.notariat-schoeffmann.at\/vorsorge\/vorsorgevollmacht\/\">Vorsorgevollmacht\u00a0<\/a>bleibt das wichtigste Instrument zur Selbstbestimmung. Mit ihr kann die Personen- und Verm\u00f6gensvorsorge individuell geregelt werden.<\/p>\n\n\n\n<h3 class=\"wp-block-heading\"><b>Was ist ein Erwachsenenvertreter?<\/b><\/h3>\n\n\n\n<p>Das 2. Erwachsenenschutzgesetz erm\u00f6glicht es Betroffenen, einen oder mehrere gew\u00e4hlte Erwachsenenvertreter zu bestimmen, wenn sie sich nicht mehr selbst um ihre Angelegenheiten k\u00fcmmern k\u00f6nnen und keinen Vertreter (beispielsweise einen Bevollm\u00e4chtigten) haben. Voraussetzung ist aber, dass die betroffene Person gemindert entscheidungsf\u00e4hig ist. Sie muss also in Grundz\u00fcgen verstehen k\u00f6nnen, welche Bedeutung und Folgen die Bevollm\u00e4chtigung des <a href=\"https:\/\/www.notariat-schoeffmann.at\/vorsorge\/gewaehlte-erwachsenenvertretung\/\">gew\u00e4hlten Erwachsenenvertreters<\/a> hat. Die betroffene Person kann jede ihr nahestehende Person zu einem gew\u00e4hlten Erwachsenenvertreter bestimmen \u2013 seien es Familienmitglieder, Freunde oder Nachbarn.<\/p>\n\n\n\n<h3 class=\"wp-block-heading\"><b>Mehr Selbstbestimmung f\u00fcr Betroffene<\/b><\/h3>\n\n\n\n<p>Das neue Erwachsenenschutzgesetz stellt den betroffenen Menschen in den Mittelpunkt, um Autonomie, Selbstbestimmung und Entscheidungsfreiheit m\u00f6glichst lange zu erhalten. Diese Entscheidungsfreiheit soll auch im Bereich der Personen- und Familienrechte gest\u00e4rkt werden. Der Aufbau der Vertretungsm\u00f6glichkeiten basiert k\u00fcnftig auf&nbsp;<strong>vier S\u00e4ulen<\/strong>&nbsp;mit unterschiedlich weitgehenden Befugnissen \u2013 damit soll f\u00fcr jede Situation eine optimale L\u00f6sung gefunden werden, um Betroffenen so lange wie m\u00f6glich ein selbstbestimmtes Handeln zu erm\u00f6glichen.<\/p>\n\n\n\n<p><em>\u201eDer\u00a0<a href=\"https:\/\/www.notariat-schoeffmann.at\/vorsorge\/gewaehlte-erwachsenenvertretung\/\">gew\u00e4hlte Erwachsenenvertreter<\/a>\u00a0unterliegt wie der\u00a0<a href=\"https:\/\/www.notariat-schoeffmann.at\/vorsorge\/gerichtliche-erwachsenenvertretung\/\" target=\"_blank\" rel=\"noreferrer noopener\">gerichtliche Erwachsenenvertreter<\/a>\u00a0der gerichtlichen Kontrolle. Im Rahmen der Verm\u00f6gensverwaltung ist der gew\u00e4hlte Erwachsenenvertreter rechnungslegungspflichtig\u201c<\/em>, erkl\u00e4rt Sch\u00f6ffmann.\u00a0<em>\u201eAu\u00dferdem ist der Erwachsenenvertreter verpflichtet, dem Gericht j\u00e4hrlich einen Lebenssituationsbericht vorzulegen.\u201c<\/em><\/p>\n","protected":false},"excerpt":{"rendered":"<p>\u201eIm gesunden Zustand machen sich nur wenige Menschen Gedanken \u00fcber eine Vertretung. Zwar wird die Frage der Vertretung erst aktuell, wenn man seine Angelegenheiten nicht mehr selbst besorgen kann, f\u00fcr die Errichtung einer Vorsorgevollmacht ist es dann aber schon zu sp\u00e4t\u201c,&nbsp; wei\u00df Notar Klaus Sch\u00f6ffmann. Vorsorgevollmacht gest\u00e4rkt Die\u00a0Vorsorgevollmacht\u00a0bleibt das wichtigste Instrument zur Selbstbestimmung. Mit ihr&hellip;<\/p>\n","protected":false},"author":3,"featured_media":0,"parent":438,"menu_order":0,"comment_status":"closed","ping_status":"closed","template":"","meta":{"inline_featured_image":false,"footnotes":""},"categories":[],"class_list":["post-441","page","type-page","status-publish","hentry","description-off"],"yoast_head":"<!-- This site is optimized with the Yoast SEO Premium plugin v26.7 (Yoast SEO v27.4) - https:\/\/yoast.com\/product\/yoast-seo-premium-wordpress\/ -->\n<title>Erwachsenenschutzgesetz &#8211; Notariat Sch\u00f6ffmann<\/title>\n<meta name=\"description\" content=\"Das 2. Erwachsenenschutzgesetz stellt den betroffenen Menschen in den Mittelpunkt. Die Selbstbestimmung soll m\u00f6glichst lange erhalten bleiben.\" \/>\n<meta name=\"robots\" content=\"index, follow, max-snippet:-1, max-image-preview:large, max-video-preview:-1\" \/>\n<link rel=\"canonical\" href=\"https:\/\/www.notariat-schoeffmann.at\/de\/vorsorge\/erwachsenenschutzgesetz\/\" \/>\n<meta property=\"og:locale\" content=\"de_DE\" \/>\n<meta property=\"og:type\" content=\"article\" \/>\n<meta property=\"og:title\" content=\"Erwachsenenschutzgesetz - Notariat Sch\u00f6ffmann\" \/>\n<meta property=\"og:description\" content=\"Das 2. Erwachsenenschutzgesetz stellt den betroffenen Menschen in den Mittelpunkt. Die Selbstbestimmung soll m\u00f6glichst lange erhalten bleiben.\" \/>\n<meta property=\"og:url\" content=\"https:\/\/www.notariat-schoeffmann.at\/de\/vorsorge\/erwachsenenschutzgesetz\/\" \/>\n<meta property=\"og:site_name\" content=\"Notariat Sch\u00f6ffmann\" \/>\n<meta property=\"article:publisher\" content=\"https:\/\/www.facebook.com\/NotarKlagenfurt\" \/>\n<meta property=\"article:modified_time\" content=\"2022-03-05T16:12:38+00:00\" \/>\n<meta property=\"og:image\" content=\"https:\/\/www.notariat-schoeffmann.at\/wp-content\/uploads\/2021\/11\/Juristen-1.jpg\" \/>\n\t<meta property=\"og:image:width\" content=\"1600\" \/>\n\t<meta property=\"og:image:height\" content=\"1067\" \/>\n\t<meta property=\"og:image:type\" content=\"image\/jpeg\" \/>\n<meta name=\"twitter:card\" content=\"summary_large_image\" \/>\n<script type=\"application\/ld+json\" class=\"yoast-schema-graph\">{\"@context\":\"https:\\\/\\\/schema.org\",\"@graph\":[{\"@type\":\"WebPage\",\"@id\":\"https:\\\/\\\/www.notariat-schoeffmann.at\\\/de\\\/vorsorge\\\/erwachsenenschutzgesetz\\\/\",\"url\":\"https:\\\/\\\/www.notariat-schoeffmann.at\\\/de\\\/vorsorge\\\/erwachsenenschutzgesetz\\\/\",\"name\":\"Erwachsenenschutzgesetz &#8211; Notariat Sch\u00f6ffmann\",\"isPartOf\":{\"@id\":\"https:\\\/\\\/www.notariat-schoeffmann.at\\\/de\\\/#website\"},\"datePublished\":\"2021-08-09T09:43:11+00:00\",\"dateModified\":\"2022-03-05T16:12:38+00:00\",\"description\":\"Das 2. Erwachsenenschutzgesetz stellt den betroffenen Menschen in den Mittelpunkt. Die Selbstbestimmung soll m\u00f6glichst lange erhalten bleiben.\",\"breadcrumb\":{\"@id\":\"https:\\\/\\\/www.notariat-schoeffmann.at\\\/de\\\/vorsorge\\\/erwachsenenschutzgesetz\\\/#breadcrumb\"},\"inLanguage\":\"de\",\"potentialAction\":[{\"@type\":\"ReadAction\",\"target\":[\"https:\\\/\\\/www.notariat-schoeffmann.at\\\/de\\\/vorsorge\\\/erwachsenenschutzgesetz\\\/\"]}]},{\"@type\":\"BreadcrumbList\",\"@id\":\"https:\\\/\\\/www.notariat-schoeffmann.at\\\/de\\\/vorsorge\\\/erwachsenenschutzgesetz\\\/#breadcrumb\",\"itemListElement\":[{\"@type\":\"ListItem\",\"position\":1,\"name\":\"Startseite\",\"item\":\"https:\\\/\\\/www.notariat-schoeffmann.at\\\/de\\\/\"},{\"@type\":\"ListItem\",\"position\":2,\"name\":\"Vorsorge\",\"item\":\"https:\\\/\\\/www.notariat-schoeffmann.at\\\/de\\\/vorsorge\\\/\"},{\"@type\":\"ListItem\",\"position\":3,\"name\":\"Erwachsenenschutzgesetz\"}]},{\"@type\":\"WebSite\",\"@id\":\"https:\\\/\\\/www.notariat-schoeffmann.at\\\/de\\\/#website\",\"url\":\"https:\\\/\\\/www.notariat-schoeffmann.at\\\/de\\\/\",\"name\":\"Notariat Sch\u00f6ffmann\",\"description\":\"Mag. Klaus Sch\u00f6ffmann - Ihr Notar in Klagenfurt\",\"publisher\":{\"@id\":\"https:\\\/\\\/www.notariat-schoeffmann.at\\\/de\\\/#organization\"},\"potentialAction\":[{\"@type\":\"SearchAction\",\"target\":{\"@type\":\"EntryPoint\",\"urlTemplate\":\"https:\\\/\\\/www.notariat-schoeffmann.at\\\/de\\\/?s={search_term_string}\"},\"query-input\":{\"@type\":\"PropertyValueSpecification\",\"valueRequired\":true,\"valueName\":\"search_term_string\"}}],\"inLanguage\":\"de\"},{\"@type\":\"Organization\",\"@id\":\"https:\\\/\\\/www.notariat-schoeffmann.at\\\/de\\\/#organization\",\"name\":\"Notariat Mag. Klaus Sch\u00f6ffmann Klagenfurt\",\"url\":\"https:\\\/\\\/www.notariat-schoeffmann.at\\\/de\\\/\",\"logo\":{\"@type\":\"ImageObject\",\"inLanguage\":\"de\",\"@id\":\"https:\\\/\\\/www.notariat-schoeffmann.at\\\/de\\\/#\\\/schema\\\/logo\\\/image\\\/\",\"url\":\"https:\\\/\\\/www.notariat-schoeffmann.at\\\/wp-content\\\/uploads\\\/2022\\\/02\\\/logo-notariat-schoeffmann.jpg\",\"contentUrl\":\"https:\\\/\\\/www.notariat-schoeffmann.at\\\/wp-content\\\/uploads\\\/2022\\\/02\\\/logo-notariat-schoeffmann.jpg\",\"width\":600,\"height\":600,\"caption\":\"Notariat Mag. Klaus Sch\u00f6ffmann Klagenfurt\"},\"image\":{\"@id\":\"https:\\\/\\\/www.notariat-schoeffmann.at\\\/de\\\/#\\\/schema\\\/logo\\\/image\\\/\"},\"sameAs\":[\"https:\\\/\\\/www.facebook.com\\\/NotarKlagenfurt\",\"https:\\\/\\\/www.youtube.com\\\/channel\\\/UCaITfbIQh6VIpzEonUsIhcg\"]}]}<\/script>\n<!-- \/ Yoast SEO Premium plugin. -->","yoast_head_json":{"title":"Erwachsenenschutzgesetz &#8211; Notariat Sch\u00f6ffmann","description":"Das 2. Erwachsenenschutzgesetz stellt den betroffenen Menschen in den Mittelpunkt. Die Selbstbestimmung soll m\u00f6glichst lange erhalten bleiben.","robots":{"index":"index","follow":"follow","max-snippet":"max-snippet:-1","max-image-preview":"max-image-preview:large","max-video-preview":"max-video-preview:-1"},"canonical":"https:\/\/www.notariat-schoeffmann.at\/de\/vorsorge\/erwachsenenschutzgesetz\/","og_locale":"de_DE","og_type":"article","og_title":"Erwachsenenschutzgesetz - Notariat Sch\u00f6ffmann","og_description":"Das 2. Erwachsenenschutzgesetz stellt den betroffenen Menschen in den Mittelpunkt. Die Selbstbestimmung soll m\u00f6glichst lange erhalten bleiben.","og_url":"https:\/\/www.notariat-schoeffmann.at\/de\/vorsorge\/erwachsenenschutzgesetz\/","og_site_name":"Notariat Sch\u00f6ffmann","article_publisher":"https:\/\/www.facebook.com\/NotarKlagenfurt","article_modified_time":"2022-03-05T16:12:38+00:00","og_image":[{"width":1600,"height":1067,"url":"https:\/\/www.notariat-schoeffmann.at\/wp-content\/uploads\/2021\/11\/Juristen-1.jpg","type":"image\/jpeg"}],"twitter_card":"summary_large_image","schema":{"@context":"https:\/\/schema.org","@graph":[{"@type":"WebPage","@id":"https:\/\/www.notariat-schoeffmann.at\/de\/vorsorge\/erwachsenenschutzgesetz\/","url":"https:\/\/www.notariat-schoeffmann.at\/de\/vorsorge\/erwachsenenschutzgesetz\/","name":"Erwachsenenschutzgesetz &#8211; Notariat Sch\u00f6ffmann","isPartOf":{"@id":"https:\/\/www.notariat-schoeffmann.at\/de\/#website"},"datePublished":"2021-08-09T09:43:11+00:00","dateModified":"2022-03-05T16:12:38+00:00","description":"Das 2. Erwachsenenschutzgesetz stellt den betroffenen Menschen in den Mittelpunkt. Die Selbstbestimmung soll m\u00f6glichst lange erhalten bleiben.","breadcrumb":{"@id":"https:\/\/www.notariat-schoeffmann.at\/de\/vorsorge\/erwachsenenschutzgesetz\/#breadcrumb"},"inLanguage":"de","potentialAction":[{"@type":"ReadAction","target":["https:\/\/www.notariat-schoeffmann.at\/de\/vorsorge\/erwachsenenschutzgesetz\/"]}]},{"@type":"BreadcrumbList","@id":"https:\/\/www.notariat-schoeffmann.at\/de\/vorsorge\/erwachsenenschutzgesetz\/#breadcrumb","itemListElement":[{"@type":"ListItem","position":1,"name":"Startseite","item":"https:\/\/www.notariat-schoeffmann.at\/de\/"},{"@type":"ListItem","position":2,"name":"Vorsorge","item":"https:\/\/www.notariat-schoeffmann.at\/de\/vorsorge\/"},{"@type":"ListItem","position":3,"name":"Erwachsenenschutzgesetz"}]},{"@type":"WebSite","@id":"https:\/\/www.notariat-schoeffmann.at\/de\/#website","url":"https:\/\/www.notariat-schoeffmann.at\/de\/","name":"Notariat Sch\u00f6ffmann","description":"Mag. Klaus Sch\u00f6ffmann - Ihr Notar in Klagenfurt","publisher":{"@id":"https:\/\/www.notariat-schoeffmann.at\/de\/#organization"},"potentialAction":[{"@type":"SearchAction","target":{"@type":"EntryPoint","urlTemplate":"https:\/\/www.notariat-schoeffmann.at\/de\/?s={search_term_string}"},"query-input":{"@type":"PropertyValueSpecification","valueRequired":true,"valueName":"search_term_string"}}],"inLanguage":"de"},{"@type":"Organization","@id":"https:\/\/www.notariat-schoeffmann.at\/de\/#organization","name":"Notariat Mag. Klaus Sch\u00f6ffmann Klagenfurt","url":"https:\/\/www.notariat-schoeffmann.at\/de\/","logo":{"@type":"ImageObject","inLanguage":"de","@id":"https:\/\/www.notariat-schoeffmann.at\/de\/#\/schema\/logo\/image\/","url":"https:\/\/www.notariat-schoeffmann.at\/wp-content\/uploads\/2022\/02\/logo-notariat-schoeffmann.jpg","contentUrl":"https:\/\/www.notariat-schoeffmann.at\/wp-content\/uploads\/2022\/02\/logo-notariat-schoeffmann.jpg","width":600,"height":600,"caption":"Notariat Mag. Klaus Sch\u00f6ffmann Klagenfurt"},"image":{"@id":"https:\/\/www.notariat-schoeffmann.at\/de\/#\/schema\/logo\/image\/"},"sameAs":["https:\/\/www.facebook.com\/NotarKlagenfurt","https:\/\/www.youtube.com\/channel\/UCaITfbIQh6VIpzEonUsIhcg"]}]}},"_links":{"self":[{"href":"https:\/\/www.notariat-schoeffmann.at\/de\/wp-json\/wp\/v2\/pages\/441","targetHints":{"allow":["GET"]}}],"collection":[{"href":"https:\/\/www.notariat-schoeffmann.at\/de\/wp-json\/wp\/v2\/pages"}],"about":[{"href":"https:\/\/www.notariat-schoeffmann.at\/de\/wp-json\/wp\/v2\/types\/page"}],"author":[{"embeddable":true,"href":"https:\/\/www.notariat-schoeffmann.at\/de\/wp-json\/wp\/v2\/users\/3"}],"replies":[{"embeddable":true,"href":"https:\/\/www.notariat-schoeffmann.at\/de\/wp-json\/wp\/v2\/comments?post=441"}],"version-history":[{"count":7,"href":"https:\/\/www.notariat-schoeffmann.at\/de\/wp-json\/wp\/v2\/pages\/441\/revisions"}],"predecessor-version":[{"id":2380,"href":"https:\/\/www.notariat-schoeffmann.at\/de\/wp-json\/wp\/v2\/pages\/441\/revisions\/2380"}],"up":[{"embeddable":true,"href":"https:\/\/www.notariat-schoeffmann.at\/de\/wp-json\/wp\/v2\/pages\/438"}],"wp:attachment":[{"href":"https:\/\/www.notariat-schoeffmann.at\/de\/wp-json\/wp\/v2\/media?parent=441"}],"wp:term":[{"taxonomy":"category","embeddable":true,"href":"https:\/\/www.notariat-schoeffmann.at\/de\/wp-json\/wp\/v2\/categories?post=441"}],"curies":[{"name":"wp","href":"https:\/\/api.w.org\/{rel}","templated":true}]}}