{"id":435,"date":"2021-08-09T11:36:56","date_gmt":"2021-08-09T09:36:56","guid":{"rendered":"https:\/\/www.notariat-schoeffmann.at\/?page_id=435"},"modified":"2022-03-06T13:33:24","modified_gmt":"2022-03-06T12:33:24","slug":"fortpflanzungsmedizingesetz","status":"publish","type":"page","link":"https:\/\/www.notariat-schoeffmann.at\/de\/familienrecht\/fortpflanzungsmedizingesetz\/","title":{"rendered":"Fortpflanzungsmedizingesetz"},"content":{"rendered":"<div class=\"lazyblock-infobox-XSnVO wp-block-lazyblock-infobox\"><div class=\"notar_einleitung\">\n\n  <div class=\"notar_einleitung_wrapper\"><p>Aufgrund eines Erkenntnisses des Verfassungsgerichtshofes (G 16\/2013, G 44\/2013) wurden Bestimmungen des Gesetzes wegen Verfassungswidrigkeit aufgehobenen. Nunmehr erfolgten Anpassungen.<\/p><\/div>\n<\/div>\n<\/div>\n\n\n<h3 class=\"wp-block-heading\">Die wesentlichen Neuerungen:<\/h3>\n\n\n\n<ul class=\"wp-block-list\"><li>\u00c4nderung des Fortpflanzungsmedizingesetzes und Anpassungen im Allgemeinen b\u00fcrgerlichenGesetzbuch sowie im Gentechnikgesetz<\/li><li>\u00d6ffnung der medizinisch unterst\u00fctzten Fortpflanzung f\u00fcr miteinander in eingetragener Partnerschaft oder Lebensgemeinschaft lebende Frauen<\/li><li>Zulassung der Samenspende f\u00fcr alle Methoden der medizinisch unterst\u00fctzten Fortpflanzung<\/li><li>Zulassung der Pr\u00e4implantationsdiagnostik<\/li><li>Zulassung der Eizellspende<\/li><\/ul>\n\n\n\n<p>Die Zustimmung zur medizinisch unterst\u00fctzen Fortpflanzung bedarf eines Notariatsaktes. Durch diesen werden die Eltern-Kind Rechte begr\u00fcndet.<\/p>\n","protected":false},"excerpt":{"rendered":"<p>Die wesentlichen Neuerungen: \u00c4nderung des Fortpflanzungsmedizingesetzes und Anpassungen im Allgemeinen b\u00fcrgerlichenGesetzbuch sowie im Gentechnikgesetz \u00d6ffnung der medizinisch unterst\u00fctzten Fortpflanzung f\u00fcr miteinander in eingetragener Partnerschaft oder Lebensgemeinschaft lebende Frauen Zulassung der Samenspende f\u00fcr alle Methoden der medizinisch unterst\u00fctzten Fortpflanzung Zulassung der Pr\u00e4implantationsdiagnostik Zulassung der Eizellspende Die Zustimmung zur medizinisch unterst\u00fctzen Fortpflanzung bedarf eines Notariatsaktes. Durch diesen&hellip;<\/p>\n","protected":false},"author":3,"featured_media":0,"parent":418,"menu_order":6,"comment_status":"closed","ping_status":"closed","template":"","meta":{"inline_featured_image":false,"footnotes":""},"categories":[],"class_list":["post-435","page","type-page","status-publish","hentry","description-off"],"yoast_head":"<!-- This site is optimized with the Yoast SEO Premium plugin v26.7 (Yoast SEO v27.4) - https:\/\/yoast.com\/product\/yoast-seo-premium-wordpress\/ -->\n<title>Fortpflanzungsmedizingesetz &#8211; Notariat Sch\u00f6ffmann<\/title>\n<meta name=\"description\" content=\"Die medizinisch unterst\u00fctzte Fortpflanzung bietet eine M\u00f6glichkeit, sich den Kinderwunsch zu erf\u00fcllen. \u00dcber die rechtlichen Aspekte ber\u00e4t Sie Notar Mag. Klaus Sch\u00f6ffmann!\" \/>\n<meta name=\"robots\" content=\"index, follow, max-snippet:-1, max-image-preview:large, max-video-preview:-1\" \/>\n<link rel=\"canonical\" href=\"https:\/\/www.notariat-schoeffmann.at\/de\/familienrecht\/fortpflanzungsmedizingesetz\/\" \/>\n<meta property=\"og:locale\" content=\"de_DE\" \/>\n<meta property=\"og:type\" content=\"article\" \/>\n<meta property=\"og:title\" content=\"Fortpflanzungsmedizingesetz - Notariat Sch\u00f6ffmann\" \/>\n<meta property=\"og:description\" content=\"Die medizinisch unterst\u00fctzte Fortpflanzung bietet eine M\u00f6glichkeit, sich den Kinderwunsch zu erf\u00fcllen. \u00dcber die rechtlichen Aspekte ber\u00e4t Sie Notar Mag. Klaus Sch\u00f6ffmann!\" \/>\n<meta property=\"og:url\" content=\"https:\/\/www.notariat-schoeffmann.at\/de\/familienrecht\/fortpflanzungsmedizingesetz\/\" \/>\n<meta property=\"og:site_name\" content=\"Notariat Sch\u00f6ffmann\" \/>\n<meta property=\"article:publisher\" content=\"https:\/\/www.facebook.com\/NotarKlagenfurt\" \/>\n<meta property=\"article:modified_time\" content=\"2022-03-06T12:33:24+00:00\" \/>\n<meta property=\"og:image\" content=\"https:\/\/www.notariat-schoeffmann.at\/wp-content\/uploads\/2021\/11\/Juristen-1.jpg\" \/>\n\t<meta property=\"og:image:width\" content=\"1600\" \/>\n\t<meta property=\"og:image:height\" content=\"1067\" \/>\n\t<meta property=\"og:image:type\" content=\"image\/jpeg\" \/>\n<meta name=\"twitter:card\" content=\"summary_large_image\" \/>\n<script type=\"application\/ld+json\" class=\"yoast-schema-graph\">{\"@context\":\"https:\\\/\\\/schema.org\",\"@graph\":[{\"@type\":\"WebPage\",\"@id\":\"https:\\\/\\\/www.notariat-schoeffmann.at\\\/de\\\/familienrecht\\\/fortpflanzungsmedizingesetz\\\/\",\"url\":\"https:\\\/\\\/www.notariat-schoeffmann.at\\\/de\\\/familienrecht\\\/fortpflanzungsmedizingesetz\\\/\",\"name\":\"Fortpflanzungsmedizingesetz &#8211; Notariat Sch\u00f6ffmann\",\"isPartOf\":{\"@id\":\"https:\\\/\\\/www.notariat-schoeffmann.at\\\/de\\\/#website\"},\"datePublished\":\"2021-08-09T09:36:56+00:00\",\"dateModified\":\"2022-03-06T12:33:24+00:00\",\"description\":\"Die medizinisch unterst\u00fctzte Fortpflanzung bietet eine M\u00f6glichkeit, sich den Kinderwunsch zu erf\u00fcllen. \u00dcber die rechtlichen Aspekte ber\u00e4t Sie Notar Mag. Klaus Sch\u00f6ffmann!\",\"breadcrumb\":{\"@id\":\"https:\\\/\\\/www.notariat-schoeffmann.at\\\/de\\\/familienrecht\\\/fortpflanzungsmedizingesetz\\\/#breadcrumb\"},\"inLanguage\":\"de\",\"potentialAction\":[{\"@type\":\"ReadAction\",\"target\":[\"https:\\\/\\\/www.notariat-schoeffmann.at\\\/de\\\/familienrecht\\\/fortpflanzungsmedizingesetz\\\/\"]}]},{\"@type\":\"BreadcrumbList\",\"@id\":\"https:\\\/\\\/www.notariat-schoeffmann.at\\\/de\\\/familienrecht\\\/fortpflanzungsmedizingesetz\\\/#breadcrumb\",\"itemListElement\":[{\"@type\":\"ListItem\",\"position\":1,\"name\":\"Startseite\",\"item\":\"https:\\\/\\\/www.notariat-schoeffmann.at\\\/de\\\/\"},{\"@type\":\"ListItem\",\"position\":2,\"name\":\"Familienrecht\",\"item\":\"https:\\\/\\\/www.notariat-schoeffmann.at\\\/de\\\/familienrecht\\\/\"},{\"@type\":\"ListItem\",\"position\":3,\"name\":\"Fortpflanzungsmedizingesetz\"}]},{\"@type\":\"WebSite\",\"@id\":\"https:\\\/\\\/www.notariat-schoeffmann.at\\\/de\\\/#website\",\"url\":\"https:\\\/\\\/www.notariat-schoeffmann.at\\\/de\\\/\",\"name\":\"Notariat Sch\u00f6ffmann\",\"description\":\"Mag. Klaus Sch\u00f6ffmann - Ihr Notar in Klagenfurt\",\"publisher\":{\"@id\":\"https:\\\/\\\/www.notariat-schoeffmann.at\\\/de\\\/#organization\"},\"potentialAction\":[{\"@type\":\"SearchAction\",\"target\":{\"@type\":\"EntryPoint\",\"urlTemplate\":\"https:\\\/\\\/www.notariat-schoeffmann.at\\\/de\\\/?s={search_term_string}\"},\"query-input\":{\"@type\":\"PropertyValueSpecification\",\"valueRequired\":true,\"valueName\":\"search_term_string\"}}],\"inLanguage\":\"de\"},{\"@type\":\"Organization\",\"@id\":\"https:\\\/\\\/www.notariat-schoeffmann.at\\\/de\\\/#organization\",\"name\":\"Notariat Mag. Klaus Sch\u00f6ffmann Klagenfurt\",\"url\":\"https:\\\/\\\/www.notariat-schoeffmann.at\\\/de\\\/\",\"logo\":{\"@type\":\"ImageObject\",\"inLanguage\":\"de\",\"@id\":\"https:\\\/\\\/www.notariat-schoeffmann.at\\\/de\\\/#\\\/schema\\\/logo\\\/image\\\/\",\"url\":\"https:\\\/\\\/www.notariat-schoeffmann.at\\\/wp-content\\\/uploads\\\/2022\\\/02\\\/logo-notariat-schoeffmann.jpg\",\"contentUrl\":\"https:\\\/\\\/www.notariat-schoeffmann.at\\\/wp-content\\\/uploads\\\/2022\\\/02\\\/logo-notariat-schoeffmann.jpg\",\"width\":600,\"height\":600,\"caption\":\"Notariat Mag. Klaus Sch\u00f6ffmann Klagenfurt\"},\"image\":{\"@id\":\"https:\\\/\\\/www.notariat-schoeffmann.at\\\/de\\\/#\\\/schema\\\/logo\\\/image\\\/\"},\"sameAs\":[\"https:\\\/\\\/www.facebook.com\\\/NotarKlagenfurt\",\"https:\\\/\\\/www.youtube.com\\\/channel\\\/UCaITfbIQh6VIpzEonUsIhcg\"]}]}<\/script>\n<!-- \/ Yoast SEO Premium plugin. -->","yoast_head_json":{"title":"Fortpflanzungsmedizingesetz &#8211; Notariat Sch\u00f6ffmann","description":"Die medizinisch unterst\u00fctzte Fortpflanzung bietet eine M\u00f6glichkeit, sich den Kinderwunsch zu erf\u00fcllen. \u00dcber die rechtlichen Aspekte ber\u00e4t Sie Notar Mag. Klaus Sch\u00f6ffmann!","robots":{"index":"index","follow":"follow","max-snippet":"max-snippet:-1","max-image-preview":"max-image-preview:large","max-video-preview":"max-video-preview:-1"},"canonical":"https:\/\/www.notariat-schoeffmann.at\/de\/familienrecht\/fortpflanzungsmedizingesetz\/","og_locale":"de_DE","og_type":"article","og_title":"Fortpflanzungsmedizingesetz - Notariat Sch\u00f6ffmann","og_description":"Die medizinisch unterst\u00fctzte Fortpflanzung bietet eine M\u00f6glichkeit, sich den Kinderwunsch zu erf\u00fcllen. \u00dcber die rechtlichen Aspekte ber\u00e4t Sie Notar Mag. Klaus Sch\u00f6ffmann!","og_url":"https:\/\/www.notariat-schoeffmann.at\/de\/familienrecht\/fortpflanzungsmedizingesetz\/","og_site_name":"Notariat Sch\u00f6ffmann","article_publisher":"https:\/\/www.facebook.com\/NotarKlagenfurt","article_modified_time":"2022-03-06T12:33:24+00:00","og_image":[{"width":1600,"height":1067,"url":"https:\/\/www.notariat-schoeffmann.at\/wp-content\/uploads\/2021\/11\/Juristen-1.jpg","type":"image\/jpeg"}],"twitter_card":"summary_large_image","schema":{"@context":"https:\/\/schema.org","@graph":[{"@type":"WebPage","@id":"https:\/\/www.notariat-schoeffmann.at\/de\/familienrecht\/fortpflanzungsmedizingesetz\/","url":"https:\/\/www.notariat-schoeffmann.at\/de\/familienrecht\/fortpflanzungsmedizingesetz\/","name":"Fortpflanzungsmedizingesetz &#8211; Notariat Sch\u00f6ffmann","isPartOf":{"@id":"https:\/\/www.notariat-schoeffmann.at\/de\/#website"},"datePublished":"2021-08-09T09:36:56+00:00","dateModified":"2022-03-06T12:33:24+00:00","description":"Die medizinisch unterst\u00fctzte Fortpflanzung bietet eine M\u00f6glichkeit, sich den Kinderwunsch zu erf\u00fcllen. \u00dcber die rechtlichen Aspekte ber\u00e4t Sie Notar Mag. Klaus Sch\u00f6ffmann!","breadcrumb":{"@id":"https:\/\/www.notariat-schoeffmann.at\/de\/familienrecht\/fortpflanzungsmedizingesetz\/#breadcrumb"},"inLanguage":"de","potentialAction":[{"@type":"ReadAction","target":["https:\/\/www.notariat-schoeffmann.at\/de\/familienrecht\/fortpflanzungsmedizingesetz\/"]}]},{"@type":"BreadcrumbList","@id":"https:\/\/www.notariat-schoeffmann.at\/de\/familienrecht\/fortpflanzungsmedizingesetz\/#breadcrumb","itemListElement":[{"@type":"ListItem","position":1,"name":"Startseite","item":"https:\/\/www.notariat-schoeffmann.at\/de\/"},{"@type":"ListItem","position":2,"name":"Familienrecht","item":"https:\/\/www.notariat-schoeffmann.at\/de\/familienrecht\/"},{"@type":"ListItem","position":3,"name":"Fortpflanzungsmedizingesetz"}]},{"@type":"WebSite","@id":"https:\/\/www.notariat-schoeffmann.at\/de\/#website","url":"https:\/\/www.notariat-schoeffmann.at\/de\/","name":"Notariat Sch\u00f6ffmann","description":"Mag. Klaus Sch\u00f6ffmann - Ihr Notar in Klagenfurt","publisher":{"@id":"https:\/\/www.notariat-schoeffmann.at\/de\/#organization"},"potentialAction":[{"@type":"SearchAction","target":{"@type":"EntryPoint","urlTemplate":"https:\/\/www.notariat-schoeffmann.at\/de\/?s={search_term_string}"},"query-input":{"@type":"PropertyValueSpecification","valueRequired":true,"valueName":"search_term_string"}}],"inLanguage":"de"},{"@type":"Organization","@id":"https:\/\/www.notariat-schoeffmann.at\/de\/#organization","name":"Notariat Mag. Klaus Sch\u00f6ffmann Klagenfurt","url":"https:\/\/www.notariat-schoeffmann.at\/de\/","logo":{"@type":"ImageObject","inLanguage":"de","@id":"https:\/\/www.notariat-schoeffmann.at\/de\/#\/schema\/logo\/image\/","url":"https:\/\/www.notariat-schoeffmann.at\/wp-content\/uploads\/2022\/02\/logo-notariat-schoeffmann.jpg","contentUrl":"https:\/\/www.notariat-schoeffmann.at\/wp-content\/uploads\/2022\/02\/logo-notariat-schoeffmann.jpg","width":600,"height":600,"caption":"Notariat Mag. Klaus Sch\u00f6ffmann Klagenfurt"},"image":{"@id":"https:\/\/www.notariat-schoeffmann.at\/de\/#\/schema\/logo\/image\/"},"sameAs":["https:\/\/www.facebook.com\/NotarKlagenfurt","https:\/\/www.youtube.com\/channel\/UCaITfbIQh6VIpzEonUsIhcg"]}]}},"_links":{"self":[{"href":"https:\/\/www.notariat-schoeffmann.at\/de\/wp-json\/wp\/v2\/pages\/435","targetHints":{"allow":["GET"]}}],"collection":[{"href":"https:\/\/www.notariat-schoeffmann.at\/de\/wp-json\/wp\/v2\/pages"}],"about":[{"href":"https:\/\/www.notariat-schoeffmann.at\/de\/wp-json\/wp\/v2\/types\/page"}],"author":[{"embeddable":true,"href":"https:\/\/www.notariat-schoeffmann.at\/de\/wp-json\/wp\/v2\/users\/3"}],"replies":[{"embeddable":true,"href":"https:\/\/www.notariat-schoeffmann.at\/de\/wp-json\/wp\/v2\/comments?post=435"}],"version-history":[{"count":4,"href":"https:\/\/www.notariat-schoeffmann.at\/de\/wp-json\/wp\/v2\/pages\/435\/revisions"}],"predecessor-version":[{"id":2453,"href":"https:\/\/www.notariat-schoeffmann.at\/de\/wp-json\/wp\/v2\/pages\/435\/revisions\/2453"}],"up":[{"embeddable":true,"href":"https:\/\/www.notariat-schoeffmann.at\/de\/wp-json\/wp\/v2\/pages\/418"}],"wp:attachment":[{"href":"https:\/\/www.notariat-schoeffmann.at\/de\/wp-json\/wp\/v2\/media?parent=435"}],"wp:term":[{"taxonomy":"category","embeddable":true,"href":"https:\/\/www.notariat-schoeffmann.at\/de\/wp-json\/wp\/v2\/categories?post=435"}],"curies":[{"name":"wp","href":"https:\/\/api.w.org\/{rel}","templated":true}]}}