{"id":431,"date":"2021-08-09T11:35:07","date_gmt":"2021-08-09T09:35:07","guid":{"rendered":"https:\/\/www.notariat-schoeffmann.at\/?page_id=431"},"modified":"2022-03-06T13:35:13","modified_gmt":"2022-03-06T12:35:13","slug":"eingetragene-partnerschaften","status":"publish","type":"page","link":"https:\/\/www.notariat-schoeffmann.at\/de\/familienrecht\/eingetragene-partnerschaften\/","title":{"rendered":"Eingetragene Partnerschaften"},"content":{"rendered":"<div class=\"lazyblock-infobox-Z1zUn1h wp-block-lazyblock-infobox\"><div class=\"notar_einleitung\">\n\n  <div class=\"notar_einleitung_wrapper\"><p>Das Eingetragene Partnerschaft-Gesetz (EPG) erm\u00f6glicht es gleichgeschlechtlichen Paaren, ein der Ehe nachgebildetes familienrechtliches Rechtsverh\u00e4ltnis einzugehen.<\/p><\/div>\n<\/div>\n<\/div>\n\n\n<p>Die eingetragene Partnerschaft (im Folgenden: EP) ist sowohl hinsichtlich der Ausgestaltung als auch in Bezug auf die Rechtsfolgen (beispielsweise im Zivil- und Zivilverfahrensrecht, im Sozialversicherungsrecht und im Steuerrecht) weitestgehend der Ehe gleichgestellt.<\/p>\n\n\n\n<p>Die eherechtlichen Bestimmungen des ABGB und die Regelungen des EheG werden im EPG mit wenigen Ausnahmen zumeist w\u00f6rtlich \u00fcbernommen, insbesondere hinsichtlich<\/p>\n\n\n\n<ul class=\"wp-block-list\"><li>der Rechte und Pflichten der Partner w\u00e4hrend der Partnerschaft (zB gemeinsames Wohnen, gesetzliche Vertretungsmacht, Mitwirkung im Erwerb, Unterhalt),<\/li><li>der Nichtigerkl\u00e4rung und Aufl\u00f6sung der Partnerschaft (einschlie\u00dflich des Verschuldensprinzips der Ehescheidung) sowie<\/li><li>der Unterhaltspflichten und<\/li><li>der Verm\u00f6gensaufteilung nach Aufl\u00f6sung der Partnerschaft.<\/li><\/ul>\n","protected":false},"excerpt":{"rendered":"<p>Die eingetragene Partnerschaft (im Folgenden: EP) ist sowohl hinsichtlich der Ausgestaltung als auch in Bezug auf die Rechtsfolgen (beispielsweise im Zivil- und Zivilverfahrensrecht, im Sozialversicherungsrecht und im Steuerrecht) weitestgehend der Ehe gleichgestellt. Die eherechtlichen Bestimmungen des ABGB und die Regelungen des EheG werden im EPG mit wenigen Ausnahmen zumeist w\u00f6rtlich \u00fcbernommen, insbesondere hinsichtlich der Rechte&hellip;<\/p>\n","protected":false},"author":3,"featured_media":0,"parent":418,"menu_order":4,"comment_status":"closed","ping_status":"closed","template":"","meta":{"inline_featured_image":false,"footnotes":""},"categories":[],"class_list":["post-431","page","type-page","status-publish","hentry","description-off"],"yoast_head":"<!-- This site is optimized with the Yoast SEO Premium plugin v26.7 (Yoast SEO v27.4) - https:\/\/yoast.com\/product\/yoast-seo-premium-wordpress\/ -->\n<title>Eingetragene Partnerschaften &#8211; Notariat Sch\u00f6ffmann<\/title>\n<meta name=\"description\" content=\"Die eingetragene Partnerschaft gleicht der Ehe in vielen Bereichen. Welche Unterschiede zur Ehe bestehen, erkl\u00e4rt Notar Mag. Klaus Sch\u00f6ffmann!\" \/>\n<meta name=\"robots\" content=\"index, follow, max-snippet:-1, max-image-preview:large, max-video-preview:-1\" \/>\n<link rel=\"canonical\" href=\"https:\/\/www.notariat-schoeffmann.at\/de\/familienrecht\/eingetragene-partnerschaften\/\" \/>\n<meta property=\"og:locale\" content=\"de_DE\" \/>\n<meta property=\"og:type\" content=\"article\" \/>\n<meta property=\"og:title\" content=\"Eingetragene Partnerschaften - Notariat Sch\u00f6ffmann\" \/>\n<meta property=\"og:description\" content=\"Die eingetragene Partnerschaft gleicht der Ehe in vielen Bereichen. Welche Unterschiede zur Ehe bestehen, erkl\u00e4rt Notar Mag. Klaus Sch\u00f6ffmann!\" \/>\n<meta property=\"og:url\" content=\"https:\/\/www.notariat-schoeffmann.at\/de\/familienrecht\/eingetragene-partnerschaften\/\" \/>\n<meta property=\"og:site_name\" content=\"Notariat Sch\u00f6ffmann\" \/>\n<meta property=\"article:publisher\" content=\"https:\/\/www.facebook.com\/NotarKlagenfurt\" \/>\n<meta property=\"article:modified_time\" content=\"2022-03-06T12:35:13+00:00\" \/>\n<meta property=\"og:image\" content=\"https:\/\/www.notariat-schoeffmann.at\/wp-content\/uploads\/2021\/11\/Juristen-1.jpg\" \/>\n\t<meta property=\"og:image:width\" content=\"1600\" \/>\n\t<meta property=\"og:image:height\" content=\"1067\" \/>\n\t<meta property=\"og:image:type\" content=\"image\/jpeg\" \/>\n<meta name=\"twitter:card\" content=\"summary_large_image\" \/>\n<script type=\"application\/ld+json\" class=\"yoast-schema-graph\">{\"@context\":\"https:\\\/\\\/schema.org\",\"@graph\":[{\"@type\":\"WebPage\",\"@id\":\"https:\\\/\\\/www.notariat-schoeffmann.at\\\/de\\\/familienrecht\\\/eingetragene-partnerschaften\\\/\",\"url\":\"https:\\\/\\\/www.notariat-schoeffmann.at\\\/de\\\/familienrecht\\\/eingetragene-partnerschaften\\\/\",\"name\":\"Eingetragene Partnerschaften &#8211; Notariat Sch\u00f6ffmann\",\"isPartOf\":{\"@id\":\"https:\\\/\\\/www.notariat-schoeffmann.at\\\/de\\\/#website\"},\"datePublished\":\"2021-08-09T09:35:07+00:00\",\"dateModified\":\"2022-03-06T12:35:13+00:00\",\"description\":\"Die eingetragene Partnerschaft gleicht der Ehe in vielen Bereichen. Welche Unterschiede zur Ehe bestehen, erkl\u00e4rt Notar Mag. Klaus Sch\u00f6ffmann!\",\"breadcrumb\":{\"@id\":\"https:\\\/\\\/www.notariat-schoeffmann.at\\\/de\\\/familienrecht\\\/eingetragene-partnerschaften\\\/#breadcrumb\"},\"inLanguage\":\"de\",\"potentialAction\":[{\"@type\":\"ReadAction\",\"target\":[\"https:\\\/\\\/www.notariat-schoeffmann.at\\\/de\\\/familienrecht\\\/eingetragene-partnerschaften\\\/\"]}]},{\"@type\":\"BreadcrumbList\",\"@id\":\"https:\\\/\\\/www.notariat-schoeffmann.at\\\/de\\\/familienrecht\\\/eingetragene-partnerschaften\\\/#breadcrumb\",\"itemListElement\":[{\"@type\":\"ListItem\",\"position\":1,\"name\":\"Startseite\",\"item\":\"https:\\\/\\\/www.notariat-schoeffmann.at\\\/de\\\/\"},{\"@type\":\"ListItem\",\"position\":2,\"name\":\"Familienrecht\",\"item\":\"https:\\\/\\\/www.notariat-schoeffmann.at\\\/de\\\/familienrecht\\\/\"},{\"@type\":\"ListItem\",\"position\":3,\"name\":\"Eingetragene Partnerschaften\"}]},{\"@type\":\"WebSite\",\"@id\":\"https:\\\/\\\/www.notariat-schoeffmann.at\\\/de\\\/#website\",\"url\":\"https:\\\/\\\/www.notariat-schoeffmann.at\\\/de\\\/\",\"name\":\"Notariat Sch\u00f6ffmann\",\"description\":\"Mag. Klaus Sch\u00f6ffmann - Ihr Notar in Klagenfurt\",\"publisher\":{\"@id\":\"https:\\\/\\\/www.notariat-schoeffmann.at\\\/de\\\/#organization\"},\"potentialAction\":[{\"@type\":\"SearchAction\",\"target\":{\"@type\":\"EntryPoint\",\"urlTemplate\":\"https:\\\/\\\/www.notariat-schoeffmann.at\\\/de\\\/?s={search_term_string}\"},\"query-input\":{\"@type\":\"PropertyValueSpecification\",\"valueRequired\":true,\"valueName\":\"search_term_string\"}}],\"inLanguage\":\"de\"},{\"@type\":\"Organization\",\"@id\":\"https:\\\/\\\/www.notariat-schoeffmann.at\\\/de\\\/#organization\",\"name\":\"Notariat Mag. Klaus Sch\u00f6ffmann Klagenfurt\",\"url\":\"https:\\\/\\\/www.notariat-schoeffmann.at\\\/de\\\/\",\"logo\":{\"@type\":\"ImageObject\",\"inLanguage\":\"de\",\"@id\":\"https:\\\/\\\/www.notariat-schoeffmann.at\\\/de\\\/#\\\/schema\\\/logo\\\/image\\\/\",\"url\":\"https:\\\/\\\/www.notariat-schoeffmann.at\\\/wp-content\\\/uploads\\\/2022\\\/02\\\/logo-notariat-schoeffmann.jpg\",\"contentUrl\":\"https:\\\/\\\/www.notariat-schoeffmann.at\\\/wp-content\\\/uploads\\\/2022\\\/02\\\/logo-notariat-schoeffmann.jpg\",\"width\":600,\"height\":600,\"caption\":\"Notariat Mag. Klaus Sch\u00f6ffmann Klagenfurt\"},\"image\":{\"@id\":\"https:\\\/\\\/www.notariat-schoeffmann.at\\\/de\\\/#\\\/schema\\\/logo\\\/image\\\/\"},\"sameAs\":[\"https:\\\/\\\/www.facebook.com\\\/NotarKlagenfurt\",\"https:\\\/\\\/www.youtube.com\\\/channel\\\/UCaITfbIQh6VIpzEonUsIhcg\"]}]}<\/script>\n<!-- \/ Yoast SEO Premium plugin. -->","yoast_head_json":{"title":"Eingetragene Partnerschaften &#8211; Notariat Sch\u00f6ffmann","description":"Die eingetragene Partnerschaft gleicht der Ehe in vielen Bereichen. Welche Unterschiede zur Ehe bestehen, erkl\u00e4rt Notar Mag. Klaus Sch\u00f6ffmann!","robots":{"index":"index","follow":"follow","max-snippet":"max-snippet:-1","max-image-preview":"max-image-preview:large","max-video-preview":"max-video-preview:-1"},"canonical":"https:\/\/www.notariat-schoeffmann.at\/de\/familienrecht\/eingetragene-partnerschaften\/","og_locale":"de_DE","og_type":"article","og_title":"Eingetragene Partnerschaften - Notariat Sch\u00f6ffmann","og_description":"Die eingetragene Partnerschaft gleicht der Ehe in vielen Bereichen. Welche Unterschiede zur Ehe bestehen, erkl\u00e4rt Notar Mag. Klaus Sch\u00f6ffmann!","og_url":"https:\/\/www.notariat-schoeffmann.at\/de\/familienrecht\/eingetragene-partnerschaften\/","og_site_name":"Notariat Sch\u00f6ffmann","article_publisher":"https:\/\/www.facebook.com\/NotarKlagenfurt","article_modified_time":"2022-03-06T12:35:13+00:00","og_image":[{"width":1600,"height":1067,"url":"https:\/\/www.notariat-schoeffmann.at\/wp-content\/uploads\/2021\/11\/Juristen-1.jpg","type":"image\/jpeg"}],"twitter_card":"summary_large_image","schema":{"@context":"https:\/\/schema.org","@graph":[{"@type":"WebPage","@id":"https:\/\/www.notariat-schoeffmann.at\/de\/familienrecht\/eingetragene-partnerschaften\/","url":"https:\/\/www.notariat-schoeffmann.at\/de\/familienrecht\/eingetragene-partnerschaften\/","name":"Eingetragene Partnerschaften &#8211; Notariat Sch\u00f6ffmann","isPartOf":{"@id":"https:\/\/www.notariat-schoeffmann.at\/de\/#website"},"datePublished":"2021-08-09T09:35:07+00:00","dateModified":"2022-03-06T12:35:13+00:00","description":"Die eingetragene Partnerschaft gleicht der Ehe in vielen Bereichen. Welche Unterschiede zur Ehe bestehen, erkl\u00e4rt Notar Mag. Klaus Sch\u00f6ffmann!","breadcrumb":{"@id":"https:\/\/www.notariat-schoeffmann.at\/de\/familienrecht\/eingetragene-partnerschaften\/#breadcrumb"},"inLanguage":"de","potentialAction":[{"@type":"ReadAction","target":["https:\/\/www.notariat-schoeffmann.at\/de\/familienrecht\/eingetragene-partnerschaften\/"]}]},{"@type":"BreadcrumbList","@id":"https:\/\/www.notariat-schoeffmann.at\/de\/familienrecht\/eingetragene-partnerschaften\/#breadcrumb","itemListElement":[{"@type":"ListItem","position":1,"name":"Startseite","item":"https:\/\/www.notariat-schoeffmann.at\/de\/"},{"@type":"ListItem","position":2,"name":"Familienrecht","item":"https:\/\/www.notariat-schoeffmann.at\/de\/familienrecht\/"},{"@type":"ListItem","position":3,"name":"Eingetragene Partnerschaften"}]},{"@type":"WebSite","@id":"https:\/\/www.notariat-schoeffmann.at\/de\/#website","url":"https:\/\/www.notariat-schoeffmann.at\/de\/","name":"Notariat Sch\u00f6ffmann","description":"Mag. Klaus Sch\u00f6ffmann - Ihr Notar in Klagenfurt","publisher":{"@id":"https:\/\/www.notariat-schoeffmann.at\/de\/#organization"},"potentialAction":[{"@type":"SearchAction","target":{"@type":"EntryPoint","urlTemplate":"https:\/\/www.notariat-schoeffmann.at\/de\/?s={search_term_string}"},"query-input":{"@type":"PropertyValueSpecification","valueRequired":true,"valueName":"search_term_string"}}],"inLanguage":"de"},{"@type":"Organization","@id":"https:\/\/www.notariat-schoeffmann.at\/de\/#organization","name":"Notariat Mag. Klaus Sch\u00f6ffmann Klagenfurt","url":"https:\/\/www.notariat-schoeffmann.at\/de\/","logo":{"@type":"ImageObject","inLanguage":"de","@id":"https:\/\/www.notariat-schoeffmann.at\/de\/#\/schema\/logo\/image\/","url":"https:\/\/www.notariat-schoeffmann.at\/wp-content\/uploads\/2022\/02\/logo-notariat-schoeffmann.jpg","contentUrl":"https:\/\/www.notariat-schoeffmann.at\/wp-content\/uploads\/2022\/02\/logo-notariat-schoeffmann.jpg","width":600,"height":600,"caption":"Notariat Mag. Klaus Sch\u00f6ffmann Klagenfurt"},"image":{"@id":"https:\/\/www.notariat-schoeffmann.at\/de\/#\/schema\/logo\/image\/"},"sameAs":["https:\/\/www.facebook.com\/NotarKlagenfurt","https:\/\/www.youtube.com\/channel\/UCaITfbIQh6VIpzEonUsIhcg"]}]}},"_links":{"self":[{"href":"https:\/\/www.notariat-schoeffmann.at\/de\/wp-json\/wp\/v2\/pages\/431","targetHints":{"allow":["GET"]}}],"collection":[{"href":"https:\/\/www.notariat-schoeffmann.at\/de\/wp-json\/wp\/v2\/pages"}],"about":[{"href":"https:\/\/www.notariat-schoeffmann.at\/de\/wp-json\/wp\/v2\/types\/page"}],"author":[{"embeddable":true,"href":"https:\/\/www.notariat-schoeffmann.at\/de\/wp-json\/wp\/v2\/users\/3"}],"replies":[{"embeddable":true,"href":"https:\/\/www.notariat-schoeffmann.at\/de\/wp-json\/wp\/v2\/comments?post=431"}],"version-history":[{"count":4,"href":"https:\/\/www.notariat-schoeffmann.at\/de\/wp-json\/wp\/v2\/pages\/431\/revisions"}],"predecessor-version":[{"id":2457,"href":"https:\/\/www.notariat-schoeffmann.at\/de\/wp-json\/wp\/v2\/pages\/431\/revisions\/2457"}],"up":[{"embeddable":true,"href":"https:\/\/www.notariat-schoeffmann.at\/de\/wp-json\/wp\/v2\/pages\/418"}],"wp:attachment":[{"href":"https:\/\/www.notariat-schoeffmann.at\/de\/wp-json\/wp\/v2\/media?parent=431"}],"wp:term":[{"taxonomy":"category","embeddable":true,"href":"https:\/\/www.notariat-schoeffmann.at\/de\/wp-json\/wp\/v2\/categories?post=431"}],"curies":[{"name":"wp","href":"https:\/\/api.w.org\/{rel}","templated":true}]}}