{"id":426,"date":"2021-08-09T11:33:37","date_gmt":"2021-08-09T09:33:37","guid":{"rendered":"https:\/\/www.notariat-schoeffmann.at\/?page_id=426"},"modified":"2022-03-21T08:08:15","modified_gmt":"2022-03-21T07:08:15","slug":"ehescheidung","status":"publish","type":"page","link":"https:\/\/www.notariat-schoeffmann.at\/de\/familienrecht\/ehescheidung\/","title":{"rendered":"Ehescheidung"},"content":{"rendered":"\n<h3 class=\"wp-block-heading\">Verschuldensscheidung oder einvernehmliche Ehescheidung?<\/h3>\n\n\n\n<p>Scheidung oder Ehescheidung ist die formelle juristische Aufl\u00f6sung einer Ehe. K\u00f6nnen die Ehegatten keine Einigung \u00fcber die Art und Weise der Scheidung erlangen, so kommt es zu einer streitigen Scheidung.<\/p>\n\n\n\n<p>Das \u00f6sterreichische Gesetz kennt folgende Scheidungsarten:<\/p>\n\n\n\n<ul class=\"wp-block-list\"><li>Scheidung aus Verschulden (\u00a7 49 EheG)<\/li><li>Scheidung wegen Aufl\u00f6sung der h\u00e4uslichen Gemeinschaft (\u00a7 55 EheG)<\/li><li>Scheidung aus anderen Gr\u00fcnden (\u00a7\u00a750 &#8211; 52 EheG)<\/li><li>Scheidung im Einvernehmen (\u00a755a EheG)<\/li><\/ul>\n\n\n\n<h3 class=\"wp-block-heading\">Scheidung aus Verschulden<\/h3>\n\n\n\n<p>Ein Ehegatte kann Scheidung begehren, wenn der andere durch eine schwere Eheverfehlung oder durch ehrloses oder unsittliches Verhalten die Ehe schuldhaft so tief zerr\u00fcttet hat, dass die Wiederherstellung einer ihrem Wesen entsprechenden Lebensgemeinschaft nicht erwartet werden kann.<\/p>\n\n\n\n<p>Eine schwere Eheverfehlung liegt insbesondere vor, wenn ein Ehegatte die Ehe gebrochen oder dem anderen k\u00f6rperliche Gewalt oder schweres seelisches Leid zugef\u00fcgt hat.<\/p>\n\n\n\n<p>Wer selbst eine Verfehlung begangen hat, kann die Scheidung nicht begehren, wenn nach der Art seiner Verfehlung, insbesondere wegen des Zusammenhangs der Verfehlung des anderen Ehegatten mit seinem eigenen Verschulden sein Scheidungsbegehren bei richtiger W\u00fcrdigung des Wesens der Ehe sittlich nicht gerechtfertigt ist.<\/p>\n\n\n\n<p>Der Ehepartner, der die Scheidungsklage einbringt und vom Gericht f\u00fcr allein oder \u00fcberwiegend schuldig an der Scheidung erkl\u00e4rt wird, hat dem anderen Ehepartner Unterhalt wie bei aufrechter Ehe zu zahlen.<\/p>\n\n\n\n<h3 class=\"wp-block-heading\">Scheidung wegen Aufl\u00f6sung der h\u00e4uslichen Gemeinschaft<\/h3>\n\n\n\n<p>Voraussetzung der Scheidung wegen Aufl\u00f6sung der h\u00e4uslichen Gemeinschaft der Ehegatten ist, dass die besagte h\u00e4usliche Gemeinschaft seit mindestens drei Jahren aufgehoben ist und dass die ehelichen Verh\u00e4ltnisse unheilbar zerr\u00fcttet sind.<\/p>\n\n\n\n<p>Der Ehepartner, der die Scheidungsklage einbringt und vom Gericht f\u00fcr allein oder \u00fcberwiegend schuldig an der Scheidung erkl\u00e4rt wird, hat dem anderen Ehepartner Unterhalt wie bei aufrechter Ehe zu zahlen.<\/p>\n\n\n\n<h3 class=\"wp-block-heading\">Scheidung aus anderen Gr\u00fcnden<\/h3>\n\n\n\n<p>Folgende zwei Voraussetzungen m\u00fcssen gegeben sein:<\/p>\n\n\n\n<ul class=\"wp-block-list\"><li>Vorliegen eines Scheidungsgrundes<\/li><\/ul>\n\n\n\n<p>Das ist gegeben bei Geisteskrankheit eines Gatten, einem Verhalten, das auf einer geistigen St\u00f6rung (z.B. Neurose, Hysterie, Drogensucht) beruht oder einer ansteckenden Krankheit (z.B. Aids, Lepra, Geschlechtskrankheit).<\/p>\n\n\n\n<ul class=\"wp-block-list\"><li>Unheilbare Zerr\u00fcttung der Ehe<\/li><\/ul>\n\n\n\n<p>Durch die Scheidungsgr\u00fcnde muss die geistige, seelische und k\u00f6rperliche Gemeinschaft zwischen den Eheleuten so zerr\u00fcttet sein, dass die Ehe objektiv und zumindest f\u00fcr einen Ehegatten auch subjektiv zu bestehen aufgeh\u00f6rt hat und eine Wiederherstellung nicht erwartet werden kann.<\/p>\n\n\n<div class=\"lazyblock-infobox-Z2rfRtk wp-block-lazyblock-infobox\"><div class=\"notar_hinweisbox\">\n  <h2>Achtung!<\/h2>\n  <div class=\"notar_infobox_content\"><p>Anspruch auf Unterhalt hat bei einer Scheidung aus anderen Gr\u00fcnden in der Regel nur der beklagte Ehepartner. Die Unterhaltspflicht besteht soweit, als der andere Ehegatte darauf angewiesen ist und nicht selbst f\u00fcr den Unterhalt durch eine zumutbare Erwerbst\u00e4tigkeit sorgen kann. Anspruch auf Unterhalt besteht auch soweit und solange dem \u00a0Ehegatten aufgrund der Pflege und Erziehung eines oder mehrerer gemeinsamer Kinder nicht zugemutet werden kann, sich selbst zu erhalten.<\/p><\/div>\n<\/div>\n\n<\/div>\n\n\n<h3 class=\"wp-block-heading\">Scheidung im Einvernehmen<\/h3>\n\n\n\n<p>Die eheliche Gemeinschaft muss seit mindestens einem halben Jahr aufgehoben sein und die ehelichen Verh\u00e4ltnisse m\u00fcssen unheilbar zerr\u00fcttet sein.<\/p>\n\n\n\n<p>Das Gericht \u00fcberpr\u00fcft das Vorliegen dieser Voraussetzungen nicht, wenn beide Ehegatten dem Gericht die halbj\u00e4hrige Aufhebung der ehelichen Lebensgemeinschaft und die unheilbare Zerr\u00fcttung bekannt geben.<\/p>\n\n\n\n<p>Wichtig ist, dass beide Ehegatten mit der einvernehmlichen Scheidung einverstanden sind. Voraussetzung ist ein gemeinsamer Antrag bei Gericht und Einigkeit \u00fcber eine vollst\u00e4ndige Scheidungsfolgenvereinbarung.<\/p>\n\n\n\n<p>Bei einvernehmlichen Scheidungen m\u00fcssen sich Eltern minderj\u00e4hriger Kinder \u00fcber die Auswirkungen ihrer Scheidung auf ihre Kinder beraten lassen. N\u00e4here Info unter<a href=\"http:\/\/www.justiz.gv.at\/internet\/html\/default\/2c948485398b9b2a013c862f69fd2d7a.de.html\" target=\"_blank\" rel=\"noreferrer noopener\">&nbsp;www.justiz.gv.at&nbsp;<\/a><\/p>\n","protected":false},"excerpt":{"rendered":"<p>Verschuldensscheidung oder einvernehmliche Ehescheidung? Scheidung oder Ehescheidung ist die formelle juristische Aufl\u00f6sung einer Ehe. K\u00f6nnen die Ehegatten keine Einigung \u00fcber die Art und Weise der Scheidung erlangen, so kommt es zu einer streitigen Scheidung. Das \u00f6sterreichische Gesetz kennt folgende Scheidungsarten: Scheidung aus Verschulden (\u00a7 49 EheG) Scheidung wegen Aufl\u00f6sung der h\u00e4uslichen Gemeinschaft (\u00a7 55 EheG)&hellip;<\/p>\n","protected":false},"author":3,"featured_media":0,"parent":418,"menu_order":2,"comment_status":"closed","ping_status":"closed","template":"","meta":{"inline_featured_image":false,"footnotes":""},"categories":[],"class_list":["post-426","page","type-page","status-publish","hentry","description-off"],"yoast_head":"<!-- This site is optimized with the Yoast SEO Premium plugin v26.7 (Yoast SEO v27.4) - https:\/\/yoast.com\/product\/yoast-seo-premium-wordpress\/ -->\n<title>Ehescheidung - Notariat Sch\u00f6ffmann<\/title>\n<meta name=\"description\" content=\"Ist eine Ehe zerbrochen, wird sie mit der Scheidung rechtlich aufgel\u00f6st. Informationen zu den verschiedenen Scheidungsarten finden Sie hier!\" \/>\n<meta name=\"robots\" content=\"index, follow, max-snippet:-1, max-image-preview:large, max-video-preview:-1\" \/>\n<link rel=\"canonical\" href=\"https:\/\/www.notariat-schoeffmann.at\/de\/familienrecht\/ehescheidung\/\" \/>\n<meta property=\"og:locale\" content=\"de_DE\" \/>\n<meta property=\"og:type\" content=\"article\" \/>\n<meta property=\"og:title\" content=\"Ehescheidung - Notariat Sch\u00f6ffmann\" \/>\n<meta property=\"og:description\" content=\"Ist eine Ehe zerbrochen, wird sie mit der Scheidung rechtlich aufgel\u00f6st. Informationen zu den verschiedenen Scheidungsarten finden Sie hier!\" \/>\n<meta property=\"og:url\" content=\"https:\/\/www.notariat-schoeffmann.at\/de\/familienrecht\/ehescheidung\/\" \/>\n<meta property=\"og:site_name\" content=\"Notariat Sch\u00f6ffmann\" \/>\n<meta property=\"article:publisher\" content=\"https:\/\/www.facebook.com\/NotarKlagenfurt\" \/>\n<meta property=\"article:modified_time\" content=\"2022-03-21T07:08:15+00:00\" \/>\n<meta property=\"og:image\" content=\"https:\/\/www.notariat-schoeffmann.at\/wp-content\/uploads\/2021\/08\/Notariat-Schoeffmann-Portraits-2021-09-23_0929.jpg\" \/>\n\t<meta property=\"og:image:width\" content=\"1600\" \/>\n\t<meta property=\"og:image:height\" content=\"1067\" \/>\n\t<meta property=\"og:image:type\" content=\"image\/jpeg\" \/>\n<meta name=\"twitter:card\" content=\"summary_large_image\" \/>\n<script type=\"application\/ld+json\" class=\"yoast-schema-graph\">{\"@context\":\"https:\\\/\\\/schema.org\",\"@graph\":[{\"@type\":\"WebPage\",\"@id\":\"https:\\\/\\\/www.notariat-schoeffmann.at\\\/de\\\/familienrecht\\\/ehescheidung\\\/\",\"url\":\"https:\\\/\\\/www.notariat-schoeffmann.at\\\/de\\\/familienrecht\\\/ehescheidung\\\/\",\"name\":\"Ehescheidung - Notariat Sch\u00f6ffmann\",\"isPartOf\":{\"@id\":\"https:\\\/\\\/www.notariat-schoeffmann.at\\\/de\\\/#website\"},\"datePublished\":\"2021-08-09T09:33:37+00:00\",\"dateModified\":\"2022-03-21T07:08:15+00:00\",\"description\":\"Ist eine Ehe zerbrochen, wird sie mit der Scheidung rechtlich aufgel\u00f6st. Informationen zu den verschiedenen Scheidungsarten finden Sie hier!\",\"breadcrumb\":{\"@id\":\"https:\\\/\\\/www.notariat-schoeffmann.at\\\/de\\\/familienrecht\\\/ehescheidung\\\/#breadcrumb\"},\"inLanguage\":\"de\",\"potentialAction\":[{\"@type\":\"ReadAction\",\"target\":[\"https:\\\/\\\/www.notariat-schoeffmann.at\\\/de\\\/familienrecht\\\/ehescheidung\\\/\"]}]},{\"@type\":\"BreadcrumbList\",\"@id\":\"https:\\\/\\\/www.notariat-schoeffmann.at\\\/de\\\/familienrecht\\\/ehescheidung\\\/#breadcrumb\",\"itemListElement\":[{\"@type\":\"ListItem\",\"position\":1,\"name\":\"Startseite\",\"item\":\"https:\\\/\\\/www.notariat-schoeffmann.at\\\/de\\\/\"},{\"@type\":\"ListItem\",\"position\":2,\"name\":\"Familienrecht\",\"item\":\"https:\\\/\\\/www.notariat-schoeffmann.at\\\/de\\\/familienrecht\\\/\"},{\"@type\":\"ListItem\",\"position\":3,\"name\":\"Ehescheidung\"}]},{\"@type\":\"WebSite\",\"@id\":\"https:\\\/\\\/www.notariat-schoeffmann.at\\\/de\\\/#website\",\"url\":\"https:\\\/\\\/www.notariat-schoeffmann.at\\\/de\\\/\",\"name\":\"Notariat Sch\u00f6ffmann\",\"description\":\"Mag. Klaus Sch\u00f6ffmann - Ihr Notar in Klagenfurt\",\"publisher\":{\"@id\":\"https:\\\/\\\/www.notariat-schoeffmann.at\\\/de\\\/#organization\"},\"potentialAction\":[{\"@type\":\"SearchAction\",\"target\":{\"@type\":\"EntryPoint\",\"urlTemplate\":\"https:\\\/\\\/www.notariat-schoeffmann.at\\\/de\\\/?s={search_term_string}\"},\"query-input\":{\"@type\":\"PropertyValueSpecification\",\"valueRequired\":true,\"valueName\":\"search_term_string\"}}],\"inLanguage\":\"de\"},{\"@type\":\"Organization\",\"@id\":\"https:\\\/\\\/www.notariat-schoeffmann.at\\\/de\\\/#organization\",\"name\":\"Notariat Mag. Klaus Sch\u00f6ffmann Klagenfurt\",\"url\":\"https:\\\/\\\/www.notariat-schoeffmann.at\\\/de\\\/\",\"logo\":{\"@type\":\"ImageObject\",\"inLanguage\":\"de\",\"@id\":\"https:\\\/\\\/www.notariat-schoeffmann.at\\\/de\\\/#\\\/schema\\\/logo\\\/image\\\/\",\"url\":\"https:\\\/\\\/www.notariat-schoeffmann.at\\\/wp-content\\\/uploads\\\/2022\\\/02\\\/logo-notariat-schoeffmann.jpg\",\"contentUrl\":\"https:\\\/\\\/www.notariat-schoeffmann.at\\\/wp-content\\\/uploads\\\/2022\\\/02\\\/logo-notariat-schoeffmann.jpg\",\"width\":600,\"height\":600,\"caption\":\"Notariat Mag. Klaus Sch\u00f6ffmann Klagenfurt\"},\"image\":{\"@id\":\"https:\\\/\\\/www.notariat-schoeffmann.at\\\/de\\\/#\\\/schema\\\/logo\\\/image\\\/\"},\"sameAs\":[\"https:\\\/\\\/www.facebook.com\\\/NotarKlagenfurt\",\"https:\\\/\\\/www.youtube.com\\\/channel\\\/UCaITfbIQh6VIpzEonUsIhcg\"]}]}<\/script>\n<!-- \/ Yoast SEO Premium plugin. -->","yoast_head_json":{"title":"Ehescheidung - Notariat Sch\u00f6ffmann","description":"Ist eine Ehe zerbrochen, wird sie mit der Scheidung rechtlich aufgel\u00f6st. Informationen zu den verschiedenen Scheidungsarten finden Sie hier!","robots":{"index":"index","follow":"follow","max-snippet":"max-snippet:-1","max-image-preview":"max-image-preview:large","max-video-preview":"max-video-preview:-1"},"canonical":"https:\/\/www.notariat-schoeffmann.at\/de\/familienrecht\/ehescheidung\/","og_locale":"de_DE","og_type":"article","og_title":"Ehescheidung - Notariat Sch\u00f6ffmann","og_description":"Ist eine Ehe zerbrochen, wird sie mit der Scheidung rechtlich aufgel\u00f6st. Informationen zu den verschiedenen Scheidungsarten finden Sie hier!","og_url":"https:\/\/www.notariat-schoeffmann.at\/de\/familienrecht\/ehescheidung\/","og_site_name":"Notariat Sch\u00f6ffmann","article_publisher":"https:\/\/www.facebook.com\/NotarKlagenfurt","article_modified_time":"2022-03-21T07:08:15+00:00","og_image":[{"width":1600,"height":1067,"url":"https:\/\/www.notariat-schoeffmann.at\/wp-content\/uploads\/2021\/08\/Notariat-Schoeffmann-Portraits-2021-09-23_0929.jpg","type":"image\/jpeg"}],"twitter_card":"summary_large_image","schema":{"@context":"https:\/\/schema.org","@graph":[{"@type":"WebPage","@id":"https:\/\/www.notariat-schoeffmann.at\/de\/familienrecht\/ehescheidung\/","url":"https:\/\/www.notariat-schoeffmann.at\/de\/familienrecht\/ehescheidung\/","name":"Ehescheidung - Notariat Sch\u00f6ffmann","isPartOf":{"@id":"https:\/\/www.notariat-schoeffmann.at\/de\/#website"},"datePublished":"2021-08-09T09:33:37+00:00","dateModified":"2022-03-21T07:08:15+00:00","description":"Ist eine Ehe zerbrochen, wird sie mit der Scheidung rechtlich aufgel\u00f6st. Informationen zu den verschiedenen Scheidungsarten finden Sie hier!","breadcrumb":{"@id":"https:\/\/www.notariat-schoeffmann.at\/de\/familienrecht\/ehescheidung\/#breadcrumb"},"inLanguage":"de","potentialAction":[{"@type":"ReadAction","target":["https:\/\/www.notariat-schoeffmann.at\/de\/familienrecht\/ehescheidung\/"]}]},{"@type":"BreadcrumbList","@id":"https:\/\/www.notariat-schoeffmann.at\/de\/familienrecht\/ehescheidung\/#breadcrumb","itemListElement":[{"@type":"ListItem","position":1,"name":"Startseite","item":"https:\/\/www.notariat-schoeffmann.at\/de\/"},{"@type":"ListItem","position":2,"name":"Familienrecht","item":"https:\/\/www.notariat-schoeffmann.at\/de\/familienrecht\/"},{"@type":"ListItem","position":3,"name":"Ehescheidung"}]},{"@type":"WebSite","@id":"https:\/\/www.notariat-schoeffmann.at\/de\/#website","url":"https:\/\/www.notariat-schoeffmann.at\/de\/","name":"Notariat Sch\u00f6ffmann","description":"Mag. Klaus Sch\u00f6ffmann - Ihr Notar in Klagenfurt","publisher":{"@id":"https:\/\/www.notariat-schoeffmann.at\/de\/#organization"},"potentialAction":[{"@type":"SearchAction","target":{"@type":"EntryPoint","urlTemplate":"https:\/\/www.notariat-schoeffmann.at\/de\/?s={search_term_string}"},"query-input":{"@type":"PropertyValueSpecification","valueRequired":true,"valueName":"search_term_string"}}],"inLanguage":"de"},{"@type":"Organization","@id":"https:\/\/www.notariat-schoeffmann.at\/de\/#organization","name":"Notariat Mag. Klaus Sch\u00f6ffmann Klagenfurt","url":"https:\/\/www.notariat-schoeffmann.at\/de\/","logo":{"@type":"ImageObject","inLanguage":"de","@id":"https:\/\/www.notariat-schoeffmann.at\/de\/#\/schema\/logo\/image\/","url":"https:\/\/www.notariat-schoeffmann.at\/wp-content\/uploads\/2022\/02\/logo-notariat-schoeffmann.jpg","contentUrl":"https:\/\/www.notariat-schoeffmann.at\/wp-content\/uploads\/2022\/02\/logo-notariat-schoeffmann.jpg","width":600,"height":600,"caption":"Notariat Mag. Klaus Sch\u00f6ffmann Klagenfurt"},"image":{"@id":"https:\/\/www.notariat-schoeffmann.at\/de\/#\/schema\/logo\/image\/"},"sameAs":["https:\/\/www.facebook.com\/NotarKlagenfurt","https:\/\/www.youtube.com\/channel\/UCaITfbIQh6VIpzEonUsIhcg"]}]}},"_links":{"self":[{"href":"https:\/\/www.notariat-schoeffmann.at\/de\/wp-json\/wp\/v2\/pages\/426","targetHints":{"allow":["GET"]}}],"collection":[{"href":"https:\/\/www.notariat-schoeffmann.at\/de\/wp-json\/wp\/v2\/pages"}],"about":[{"href":"https:\/\/www.notariat-schoeffmann.at\/de\/wp-json\/wp\/v2\/types\/page"}],"author":[{"embeddable":true,"href":"https:\/\/www.notariat-schoeffmann.at\/de\/wp-json\/wp\/v2\/users\/3"}],"replies":[{"embeddable":true,"href":"https:\/\/www.notariat-schoeffmann.at\/de\/wp-json\/wp\/v2\/comments?post=426"}],"version-history":[{"count":7,"href":"https:\/\/www.notariat-schoeffmann.at\/de\/wp-json\/wp\/v2\/pages\/426\/revisions"}],"predecessor-version":[{"id":2459,"href":"https:\/\/www.notariat-schoeffmann.at\/de\/wp-json\/wp\/v2\/pages\/426\/revisions\/2459"}],"up":[{"embeddable":true,"href":"https:\/\/www.notariat-schoeffmann.at\/de\/wp-json\/wp\/v2\/pages\/418"}],"wp:attachment":[{"href":"https:\/\/www.notariat-schoeffmann.at\/de\/wp-json\/wp\/v2\/media?parent=426"}],"wp:term":[{"taxonomy":"category","embeddable":true,"href":"https:\/\/www.notariat-schoeffmann.at\/de\/wp-json\/wp\/v2\/categories?post=426"}],"curies":[{"name":"wp","href":"https:\/\/api.w.org\/{rel}","templated":true}]}}