{"id":421,"date":"2021-08-09T11:30:31","date_gmt":"2021-08-09T09:30:31","guid":{"rendered":"https:\/\/www.notariat-schoeffmann.at\/?page_id=421"},"modified":"2022-03-21T08:04:16","modified_gmt":"2022-03-21T07:04:16","slug":"adoption","status":"publish","type":"page","link":"https:\/\/www.notariat-schoeffmann.at\/de\/familienrecht\/adoption\/","title":{"rendered":"Adoption"},"content":{"rendered":"<div class=\"lazyblock-infobox-Z3sEdH wp-block-lazyblock-infobox\"><div class=\"notar_einleitung\">\n\n  <div class=\"notar_einleitung_wrapper\"><p>Nicht immer geht der Wunsch nach eigenen Kindern in Erf\u00fcllung. Eine Alternative ist in diesen F\u00e4llen die Adoption eines Kindes.<\/p><\/div>\n<\/div>\n<\/div>\n\n\n<p>Auch das Bed\u00fcrfnis nach Versorgung im Alter und erbrechtliche \u00dcberlegungen k\u00f6nnen Anlass daf\u00fcr sein, eine Person Ihres Vertrauens an Kindes statt anzunehmen. Die Adoption kommt durch schriftlichen Vertrag zwischen dem Annehmenden und dem Wahlkind zustande und vermittelt der angenommenen Person grunds\u00e4tzlich die Rechtsstellung eines leiblichen Kindes. Zur G\u00fcltigkeit ist die gerichtliche Bewilligung erforderlich.<\/p>\n\n\n\n<p>Durch die Adoption werden&nbsp;<b>familienrechtliche Beziehungen<\/b>&nbsp;zwischen dem Wahlelternteil und dem Wahlkind, sowie dessen zum Zeitpunkt der Adoption minderj\u00e4hrigen Kindern begr\u00fcndet. Neben dem Erbrecht entstehen dadurch auch famili\u00e4re Obsorgepflichten. Zu anderen Verwandten als dem Wahlelternteil werden keine famili\u00e4ren Beziehungen begr\u00fcndet. Das Verwandtschaftsverh\u00e4ltnis des Wahlkindes zu dessen leiblichen Vorfahren bleibt jedoch bestehen.<\/p>\n\n\n\n<p>Von der Adoption ist die&nbsp;Namensgebung&nbsp;zu unterscheiden. Sie vermittelt keine famili\u00e4re Beziehung sondern gew\u00e4hrt nur das Recht, den Familiennamen des Namensgebers zu f\u00fchren.<\/p>\n\n\n\n<p>Bei der Bew\u00e4ltigung des relativ komplizierten Verfahrens und bei den Problemen, die sich dabei ergeben, hilft Ihnen Ihr Notar.<\/p>\n\n\n\n<p>Zu seinen T\u00e4tigkeiten geh\u00f6ren:<\/p>\n\n\n\n<ul class=\"wp-block-list\"><li>ein umfassendes Beratungsgespr\u00e4ch<\/li><li>die Pr\u00fcfung der rechtlichen Voraussetzungen (nicht jeder kann jeden adoptieren!)<\/li><li>das Verfassen des Adoptionsvertrages<\/li><li>das Vertreten der Parteien vor Gericht<\/li><li>die Beratung \u00fcber die erbrechtlichen, obsorge- und unterhaltsrechtlichen Folgen der Adoption<\/li><\/ul>\n","protected":false},"excerpt":{"rendered":"<p>Auch das Bed\u00fcrfnis nach Versorgung im Alter und erbrechtliche \u00dcberlegungen k\u00f6nnen Anlass daf\u00fcr sein, eine Person Ihres Vertrauens an Kindes statt anzunehmen. Die Adoption kommt durch schriftlichen Vertrag zwischen dem Annehmenden und dem Wahlkind zustande und vermittelt der angenommenen Person grunds\u00e4tzlich die Rechtsstellung eines leiblichen Kindes. Zur G\u00fcltigkeit ist die gerichtliche Bewilligung erforderlich. Durch die&hellip;<\/p>\n","protected":false},"author":3,"featured_media":0,"parent":418,"menu_order":0,"comment_status":"closed","ping_status":"closed","template":"","meta":{"inline_featured_image":false,"footnotes":""},"categories":[],"class_list":["post-421","page","type-page","status-publish","hentry","description-off"],"yoast_head":"<!-- This site is optimized with the Yoast SEO Premium plugin v26.7 (Yoast SEO v27.4) - https:\/\/yoast.com\/product\/yoast-seo-premium-wordpress\/ -->\n<title>Adoption - Notariat Sch\u00f6ffmann<\/title>\n<meta name=\"description\" content=\"Nicht immer geht der Wunsch nach eigenen Kindern in Erf\u00fcllung. Eine Alternative ist in diesen F\u00e4llen die Adoption eines Kindes.\" \/>\n<meta name=\"robots\" content=\"index, follow, max-snippet:-1, max-image-preview:large, max-video-preview:-1\" \/>\n<link rel=\"canonical\" href=\"https:\/\/www.notariat-schoeffmann.at\/de\/familienrecht\/adoption\/\" \/>\n<meta property=\"og:locale\" content=\"de_DE\" \/>\n<meta property=\"og:type\" content=\"article\" \/>\n<meta property=\"og:title\" content=\"Adoption - Notariat Sch\u00f6ffmann\" \/>\n<meta property=\"og:description\" content=\"Nicht immer geht der Wunsch nach eigenen Kindern in Erf\u00fcllung. Eine Alternative ist in diesen F\u00e4llen die Adoption eines Kindes.\" \/>\n<meta property=\"og:url\" content=\"https:\/\/www.notariat-schoeffmann.at\/de\/familienrecht\/adoption\/\" \/>\n<meta property=\"og:site_name\" content=\"Notariat Sch\u00f6ffmann\" \/>\n<meta property=\"article:publisher\" content=\"https:\/\/www.facebook.com\/NotarKlagenfurt\" \/>\n<meta property=\"article:modified_time\" content=\"2022-03-21T07:04:16+00:00\" \/>\n<meta property=\"og:image\" content=\"https:\/\/www.notariat-schoeffmann.at\/wp-content\/uploads\/2021\/09\/Familie.jpg\" \/>\n\t<meta property=\"og:image:width\" content=\"450\" \/>\n\t<meta property=\"og:image:height\" content=\"300\" \/>\n\t<meta property=\"og:image:type\" content=\"image\/jpeg\" \/>\n<meta name=\"twitter:card\" content=\"summary_large_image\" \/>\n<script type=\"application\/ld+json\" class=\"yoast-schema-graph\">{\"@context\":\"https:\\\/\\\/schema.org\",\"@graph\":[{\"@type\":\"WebPage\",\"@id\":\"https:\\\/\\\/www.notariat-schoeffmann.at\\\/de\\\/familienrecht\\\/adoption\\\/\",\"url\":\"https:\\\/\\\/www.notariat-schoeffmann.at\\\/de\\\/familienrecht\\\/adoption\\\/\",\"name\":\"Adoption - Notariat Sch\u00f6ffmann\",\"isPartOf\":{\"@id\":\"https:\\\/\\\/www.notariat-schoeffmann.at\\\/de\\\/#website\"},\"datePublished\":\"2021-08-09T09:30:31+00:00\",\"dateModified\":\"2022-03-21T07:04:16+00:00\",\"description\":\"Nicht immer geht der Wunsch nach eigenen Kindern in Erf\u00fcllung. Eine Alternative ist in diesen F\u00e4llen die Adoption eines Kindes.\",\"breadcrumb\":{\"@id\":\"https:\\\/\\\/www.notariat-schoeffmann.at\\\/de\\\/familienrecht\\\/adoption\\\/#breadcrumb\"},\"inLanguage\":\"de\",\"potentialAction\":[{\"@type\":\"ReadAction\",\"target\":[\"https:\\\/\\\/www.notariat-schoeffmann.at\\\/de\\\/familienrecht\\\/adoption\\\/\"]}]},{\"@type\":\"BreadcrumbList\",\"@id\":\"https:\\\/\\\/www.notariat-schoeffmann.at\\\/de\\\/familienrecht\\\/adoption\\\/#breadcrumb\",\"itemListElement\":[{\"@type\":\"ListItem\",\"position\":1,\"name\":\"Startseite\",\"item\":\"https:\\\/\\\/www.notariat-schoeffmann.at\\\/de\\\/\"},{\"@type\":\"ListItem\",\"position\":2,\"name\":\"Familienrecht\",\"item\":\"https:\\\/\\\/www.notariat-schoeffmann.at\\\/de\\\/familienrecht\\\/\"},{\"@type\":\"ListItem\",\"position\":3,\"name\":\"Adoption\"}]},{\"@type\":\"WebSite\",\"@id\":\"https:\\\/\\\/www.notariat-schoeffmann.at\\\/de\\\/#website\",\"url\":\"https:\\\/\\\/www.notariat-schoeffmann.at\\\/de\\\/\",\"name\":\"Notariat Sch\u00f6ffmann\",\"description\":\"Mag. Klaus Sch\u00f6ffmann - Ihr Notar in Klagenfurt\",\"publisher\":{\"@id\":\"https:\\\/\\\/www.notariat-schoeffmann.at\\\/de\\\/#organization\"},\"potentialAction\":[{\"@type\":\"SearchAction\",\"target\":{\"@type\":\"EntryPoint\",\"urlTemplate\":\"https:\\\/\\\/www.notariat-schoeffmann.at\\\/de\\\/?s={search_term_string}\"},\"query-input\":{\"@type\":\"PropertyValueSpecification\",\"valueRequired\":true,\"valueName\":\"search_term_string\"}}],\"inLanguage\":\"de\"},{\"@type\":\"Organization\",\"@id\":\"https:\\\/\\\/www.notariat-schoeffmann.at\\\/de\\\/#organization\",\"name\":\"Notariat Mag. Klaus Sch\u00f6ffmann Klagenfurt\",\"url\":\"https:\\\/\\\/www.notariat-schoeffmann.at\\\/de\\\/\",\"logo\":{\"@type\":\"ImageObject\",\"inLanguage\":\"de\",\"@id\":\"https:\\\/\\\/www.notariat-schoeffmann.at\\\/de\\\/#\\\/schema\\\/logo\\\/image\\\/\",\"url\":\"https:\\\/\\\/www.notariat-schoeffmann.at\\\/wp-content\\\/uploads\\\/2022\\\/02\\\/logo-notariat-schoeffmann.jpg\",\"contentUrl\":\"https:\\\/\\\/www.notariat-schoeffmann.at\\\/wp-content\\\/uploads\\\/2022\\\/02\\\/logo-notariat-schoeffmann.jpg\",\"width\":600,\"height\":600,\"caption\":\"Notariat Mag. Klaus Sch\u00f6ffmann Klagenfurt\"},\"image\":{\"@id\":\"https:\\\/\\\/www.notariat-schoeffmann.at\\\/de\\\/#\\\/schema\\\/logo\\\/image\\\/\"},\"sameAs\":[\"https:\\\/\\\/www.facebook.com\\\/NotarKlagenfurt\",\"https:\\\/\\\/www.youtube.com\\\/channel\\\/UCaITfbIQh6VIpzEonUsIhcg\"]}]}<\/script>\n<!-- \/ Yoast SEO Premium plugin. -->","yoast_head_json":{"title":"Adoption - Notariat Sch\u00f6ffmann","description":"Nicht immer geht der Wunsch nach eigenen Kindern in Erf\u00fcllung. Eine Alternative ist in diesen F\u00e4llen die Adoption eines Kindes.","robots":{"index":"index","follow":"follow","max-snippet":"max-snippet:-1","max-image-preview":"max-image-preview:large","max-video-preview":"max-video-preview:-1"},"canonical":"https:\/\/www.notariat-schoeffmann.at\/de\/familienrecht\/adoption\/","og_locale":"de_DE","og_type":"article","og_title":"Adoption - Notariat Sch\u00f6ffmann","og_description":"Nicht immer geht der Wunsch nach eigenen Kindern in Erf\u00fcllung. Eine Alternative ist in diesen F\u00e4llen die Adoption eines Kindes.","og_url":"https:\/\/www.notariat-schoeffmann.at\/de\/familienrecht\/adoption\/","og_site_name":"Notariat Sch\u00f6ffmann","article_publisher":"https:\/\/www.facebook.com\/NotarKlagenfurt","article_modified_time":"2022-03-21T07:04:16+00:00","og_image":[{"width":450,"height":300,"url":"https:\/\/www.notariat-schoeffmann.at\/wp-content\/uploads\/2021\/09\/Familie.jpg","type":"image\/jpeg"}],"twitter_card":"summary_large_image","schema":{"@context":"https:\/\/schema.org","@graph":[{"@type":"WebPage","@id":"https:\/\/www.notariat-schoeffmann.at\/de\/familienrecht\/adoption\/","url":"https:\/\/www.notariat-schoeffmann.at\/de\/familienrecht\/adoption\/","name":"Adoption - Notariat Sch\u00f6ffmann","isPartOf":{"@id":"https:\/\/www.notariat-schoeffmann.at\/de\/#website"},"datePublished":"2021-08-09T09:30:31+00:00","dateModified":"2022-03-21T07:04:16+00:00","description":"Nicht immer geht der Wunsch nach eigenen Kindern in Erf\u00fcllung. Eine Alternative ist in diesen F\u00e4llen die Adoption eines Kindes.","breadcrumb":{"@id":"https:\/\/www.notariat-schoeffmann.at\/de\/familienrecht\/adoption\/#breadcrumb"},"inLanguage":"de","potentialAction":[{"@type":"ReadAction","target":["https:\/\/www.notariat-schoeffmann.at\/de\/familienrecht\/adoption\/"]}]},{"@type":"BreadcrumbList","@id":"https:\/\/www.notariat-schoeffmann.at\/de\/familienrecht\/adoption\/#breadcrumb","itemListElement":[{"@type":"ListItem","position":1,"name":"Startseite","item":"https:\/\/www.notariat-schoeffmann.at\/de\/"},{"@type":"ListItem","position":2,"name":"Familienrecht","item":"https:\/\/www.notariat-schoeffmann.at\/de\/familienrecht\/"},{"@type":"ListItem","position":3,"name":"Adoption"}]},{"@type":"WebSite","@id":"https:\/\/www.notariat-schoeffmann.at\/de\/#website","url":"https:\/\/www.notariat-schoeffmann.at\/de\/","name":"Notariat Sch\u00f6ffmann","description":"Mag. Klaus Sch\u00f6ffmann - Ihr Notar in Klagenfurt","publisher":{"@id":"https:\/\/www.notariat-schoeffmann.at\/de\/#organization"},"potentialAction":[{"@type":"SearchAction","target":{"@type":"EntryPoint","urlTemplate":"https:\/\/www.notariat-schoeffmann.at\/de\/?s={search_term_string}"},"query-input":{"@type":"PropertyValueSpecification","valueRequired":true,"valueName":"search_term_string"}}],"inLanguage":"de"},{"@type":"Organization","@id":"https:\/\/www.notariat-schoeffmann.at\/de\/#organization","name":"Notariat Mag. Klaus Sch\u00f6ffmann Klagenfurt","url":"https:\/\/www.notariat-schoeffmann.at\/de\/","logo":{"@type":"ImageObject","inLanguage":"de","@id":"https:\/\/www.notariat-schoeffmann.at\/de\/#\/schema\/logo\/image\/","url":"https:\/\/www.notariat-schoeffmann.at\/wp-content\/uploads\/2022\/02\/logo-notariat-schoeffmann.jpg","contentUrl":"https:\/\/www.notariat-schoeffmann.at\/wp-content\/uploads\/2022\/02\/logo-notariat-schoeffmann.jpg","width":600,"height":600,"caption":"Notariat Mag. Klaus Sch\u00f6ffmann Klagenfurt"},"image":{"@id":"https:\/\/www.notariat-schoeffmann.at\/de\/#\/schema\/logo\/image\/"},"sameAs":["https:\/\/www.facebook.com\/NotarKlagenfurt","https:\/\/www.youtube.com\/channel\/UCaITfbIQh6VIpzEonUsIhcg"]}]}},"_links":{"self":[{"href":"https:\/\/www.notariat-schoeffmann.at\/de\/wp-json\/wp\/v2\/pages\/421","targetHints":{"allow":["GET"]}}],"collection":[{"href":"https:\/\/www.notariat-schoeffmann.at\/de\/wp-json\/wp\/v2\/pages"}],"about":[{"href":"https:\/\/www.notariat-schoeffmann.at\/de\/wp-json\/wp\/v2\/types\/page"}],"author":[{"embeddable":true,"href":"https:\/\/www.notariat-schoeffmann.at\/de\/wp-json\/wp\/v2\/users\/3"}],"replies":[{"embeddable":true,"href":"https:\/\/www.notariat-schoeffmann.at\/de\/wp-json\/wp\/v2\/comments?post=421"}],"version-history":[{"count":5,"href":"https:\/\/www.notariat-schoeffmann.at\/de\/wp-json\/wp\/v2\/pages\/421\/revisions"}],"predecessor-version":[{"id":2448,"href":"https:\/\/www.notariat-schoeffmann.at\/de\/wp-json\/wp\/v2\/pages\/421\/revisions\/2448"}],"up":[{"embeddable":true,"href":"https:\/\/www.notariat-schoeffmann.at\/de\/wp-json\/wp\/v2\/pages\/418"}],"wp:attachment":[{"href":"https:\/\/www.notariat-schoeffmann.at\/de\/wp-json\/wp\/v2\/media?parent=421"}],"wp:term":[{"taxonomy":"category","embeddable":true,"href":"https:\/\/www.notariat-schoeffmann.at\/de\/wp-json\/wp\/v2\/categories?post=421"}],"curies":[{"name":"wp","href":"https:\/\/api.w.org\/{rel}","templated":true}]}}