{"id":407,"date":"2021-08-09T11:26:09","date_gmt":"2021-08-09T09:26:09","guid":{"rendered":"https:\/\/www.notariat-schoeffmann.at\/?page_id=407"},"modified":"2022-03-19T10:21:22","modified_gmt":"2022-03-19T09:21:22","slug":"vorsorge","status":"publish","type":"page","link":"https:\/\/www.notariat-schoeffmann.at\/de\/erben-vererben\/praktische-tipps-fuer-den-erbfall\/vorsorge\/","title":{"rendered":"Vorsorge"},"content":{"rendered":"\n<p>Es gibt eine ganze Reihe sehr guter Gr\u00fcnde, sich um die letzten Dinge rechtzeitig selbst zu k\u00fcmmern. Vielleicht sind Sie alleinstehend und wollen sicher gehen, dass alles in Ihrem Sinne getan wird. Vielleicht wollen Sie aber auch einfach Ihre Angeh\u00f6rigen von den anstehenden Entscheidungen, die bei der Abwicklung einer Bestattung entstehen k\u00f6nnen, befreien.<\/p>\n\n\n\n<p>Oft kann man durch eine rechtzeitige Vorsorge auch den Hinterbliebenen in den ohnehin schweren Stunden nach dem Trauerfall die Situation erleichtern. Oft erfahren die Hinterbliebenen erst zu sp\u00e4t, wie sich der Verstorbenen die eigene Beerdigung gew\u00fcnscht h\u00e4tte und geordnete Unterlagen \u00fcber die Verm\u00f6gensverh\u00e4ltnisse er\u00fcbrigen m\u00f6glicherweise kostspielige Erhebungen.<\/p>\n\n\n\n<p>Auch die finanzielle Seite muss ber\u00fccksichtigt werden. Eine einfache Bestattung kostet etwa EUR 5.000,-. Eine rechtzeitige Vorsorge entlastet Ihre Angeh\u00f6rigen und garantiert, dass das Geld auch tats\u00e4chlich f\u00fcr Ihre Bestattung verwendet wird. Eine Bestattungsvorsorge bietet etwa der Wiener Verein (Tel: 050 350 360, Mail: kundenservice@wienerverein.at) an.<\/p>\n\n\n\n<p>Bei den meisten lokalen Bestattungsunternehmen gibt es die M\u00f6glichkeit, ein Depot f\u00fcr die Bestattung zu hinterlegen. Hier k\u00f6nnen Sie auch gleich Ihre W\u00fcnsche bez\u00fcglich der Art der Bestattung, des Sarges oder etwa der Musik, die gespielt werden soll, deponieren.<\/p>\n\n\n\n<p>Achtung! Schreiben Sie die W\u00fcnsche \u00fcber die Bestattung nicht ins Testament, da dieses meist erst nach der Bestattung ge\u00f6ffnet wird.<\/p>\n\n\n\n<h2 class=\"wp-block-heading\">Was sie heute schon tun k\u00f6nnen<\/h2>\n\n\n\n<ul class=\"wp-block-list\"><li>Denken Sie \u00fcber eine\u00a0<a href=\"https:\/\/www.notariat-schoeffmann.at\/vorsorge\/patientenverfuegung\/patientenverfuegung\/\">Patientenverf\u00fcgung\u00a0<\/a>und eine<a href=\"https:\/\/www.notariat-schoeffmann.at\/vorsorge\/vorsorgevollmacht\/\">\u00a0Vorsorgevollmacht<\/a>\u00a0nach. N\u00e4here Informationen dazu finden Sie in unserer Brosch\u00fcre \u201eSelbstbestimmt alt werden\u201c.<\/li><li>Informieren Sie sich \u00fcber die gesetzliche Erbfolge und errichten Sie gegebenenfalls ein\u00a0<a href=\"https:\/\/www.notariat-schoeffmann.at\/erben-vererben\/gewillkuerte-erbfolge\/testament\/\">Testament<\/a>. Nur wenn dieses bei einem Notar hinterlegt wird, k\u00f6nnen Sie auch sicher sein, dass es im Anlassfall auch aufgefunden wird. (\u00dcbrigens ist bei jedem Notar die erste Rechtsauskunft kostenfrei.)<\/li><li>Erstellen Sie eine Liste von Angeh\u00f6rigen und Freunden, die im Todesfall sofort verst\u00e4ndigt werden sollten und von solchen, denen eine Parte (Traueranzeige) gesendet werden sollte.<\/li><li>Schreiben Sie nieder, wie Ihre Beerdigung durchgef\u00fchrt werden soll. (Art der Bestattung, des Sarges, der Musik, wer soll die Trauerrede halten\u2026): Wo wollen Sie begraben werden? \u00a0Wenn Sie bereits im Besitz einer Grabstelle sind, schreiben Sie sie auf (welcher Friedhof? Genaue Lage?).<\/li><li>Ordnen Sie Ihre Unterlagen und informieren Sie zumindest zwei Personen Ihres Vertrauens dar\u00fcber, wo sie sich befinden.\u00a0In der Dokumentenmappe sollten folgende Unterlagen sein:<ul><li>Geburtsurkunde<\/li><li>Staatsb\u00fcrgerschaftsnachweis<\/li><li>Heiratsurkunde<\/li><li>Meldenachweis<\/li><li>wenn verwitwet: Sterbeurkunde des Ehepartners<\/li><li>wenn geschieden: Scheidungsurteil<\/li><li>wenn Akademiker: Urkunde \u00fcber akademische Grade<\/li><li>wenn Nicht\u00f6sterreicher: Reisepass<\/li><li>ev. Polizze des Wiener Vereins <\/li><\/ul><\/li><li>Erstellen Sie eine \u00dcbersicht \u00fcber Ihre Verm\u00f6gensverh\u00e4ltnisse. So ist gew\u00e4hrleistet, dass nichts im Zuge der Verlassenschaft \u201everloren geht\u201c: <ul><li>Bank\/Bankberater <\/li><\/ul><ul><li>Giro (Pensions) -konto<\/li><li>Sparb\u00fccher (hier kein Losungswort angeben!)<\/li><li>Bausparvertrag<\/li><li>Wertpapierdepot<\/li><li>Safe\/Sparbuchschlie\u00dffach<\/li><li>Kredit\/Leasing<\/li><li>Sonstige Wertgegenst\u00e4nde (M\u00fcnzen, Schmuck, Kunstwerke) <\/li><\/ul><\/li><\/ul>\n","protected":false},"excerpt":{"rendered":"<p>Es gibt eine ganze Reihe sehr guter Gr\u00fcnde, sich um die letzten Dinge rechtzeitig selbst zu k\u00fcmmern. Vielleicht sind Sie alleinstehend und wollen sicher gehen, dass alles in Ihrem Sinne getan wird. Vielleicht wollen Sie aber auch einfach Ihre Angeh\u00f6rigen von den anstehenden Entscheidungen, die bei der Abwicklung einer Bestattung entstehen k\u00f6nnen, befreien. Oft kann&hellip;<\/p>\n","protected":false},"author":3,"featured_media":0,"parent":405,"menu_order":0,"comment_status":"closed","ping_status":"closed","template":"","meta":{"inline_featured_image":false,"footnotes":""},"categories":[],"class_list":["post-407","page","type-page","status-publish","hentry","description-off"],"yoast_head":"<!-- This site is optimized with the Yoast SEO Premium plugin v26.7 (Yoast SEO v27.4) - https:\/\/yoast.com\/product\/yoast-seo-premium-wordpress\/ -->\n<title>Vorsorge &#8211; Notariat Sch\u00f6ffmann<\/title>\n<meta name=\"description\" content=\"Es gibt eine ganze Reihe sehr guter Gr\u00fcnde, sich um die letzten Dinge rechtzeitig selbst zu k\u00fcmmern. Was Sie dabei bedenken m\u00fcssen, erkl\u00e4ren wir hier.\" \/>\n<meta name=\"robots\" content=\"index, follow, max-snippet:-1, max-image-preview:large, max-video-preview:-1\" \/>\n<link rel=\"canonical\" href=\"https:\/\/www.notariat-schoeffmann.at\/de\/erben-vererben\/praktische-tipps-fuer-den-erbfall\/vorsorge\/\" \/>\n<meta property=\"og:locale\" content=\"de_DE\" \/>\n<meta property=\"og:type\" content=\"article\" \/>\n<meta property=\"og:title\" content=\"Vorsorge - Notariat Sch\u00f6ffmann\" \/>\n<meta property=\"og:description\" content=\"Es gibt eine ganze Reihe sehr guter Gr\u00fcnde, sich um die letzten Dinge rechtzeitig selbst zu k\u00fcmmern. Was Sie dabei bedenken m\u00fcssen, erkl\u00e4ren wir hier.\" \/>\n<meta property=\"og:url\" content=\"https:\/\/www.notariat-schoeffmann.at\/de\/erben-vererben\/praktische-tipps-fuer-den-erbfall\/vorsorge\/\" \/>\n<meta property=\"og:site_name\" content=\"Notariat Sch\u00f6ffmann\" \/>\n<meta property=\"article:publisher\" content=\"https:\/\/www.facebook.com\/NotarKlagenfurt\" \/>\n<meta property=\"article:modified_time\" content=\"2022-03-19T09:21:22+00:00\" \/>\n<meta property=\"og:image\" content=\"https:\/\/www.notariat-schoeffmann.at\/wp-content\/uploads\/2021\/11\/Juristen-1.jpg\" \/>\n\t<meta property=\"og:image:width\" content=\"1600\" \/>\n\t<meta property=\"og:image:height\" content=\"1067\" \/>\n\t<meta property=\"og:image:type\" content=\"image\/jpeg\" \/>\n<meta name=\"twitter:card\" content=\"summary_large_image\" \/>\n<script type=\"application\/ld+json\" class=\"yoast-schema-graph\">{\"@context\":\"https:\\\/\\\/schema.org\",\"@graph\":[{\"@type\":\"WebPage\",\"@id\":\"https:\\\/\\\/www.notariat-schoeffmann.at\\\/de\\\/erben-vererben\\\/praktische-tipps-fuer-den-erbfall\\\/vorsorge\\\/\",\"url\":\"https:\\\/\\\/www.notariat-schoeffmann.at\\\/de\\\/erben-vererben\\\/praktische-tipps-fuer-den-erbfall\\\/vorsorge\\\/\",\"name\":\"Vorsorge &#8211; Notariat Sch\u00f6ffmann\",\"isPartOf\":{\"@id\":\"https:\\\/\\\/www.notariat-schoeffmann.at\\\/de\\\/#website\"},\"datePublished\":\"2021-08-09T09:26:09+00:00\",\"dateModified\":\"2022-03-19T09:21:22+00:00\",\"description\":\"Es gibt eine ganze Reihe sehr guter Gr\u00fcnde, sich um die letzten Dinge rechtzeitig selbst zu k\u00fcmmern. Was Sie dabei bedenken m\u00fcssen, erkl\u00e4ren wir hier.\",\"breadcrumb\":{\"@id\":\"https:\\\/\\\/www.notariat-schoeffmann.at\\\/de\\\/erben-vererben\\\/praktische-tipps-fuer-den-erbfall\\\/vorsorge\\\/#breadcrumb\"},\"inLanguage\":\"de\",\"potentialAction\":[{\"@type\":\"ReadAction\",\"target\":[\"https:\\\/\\\/www.notariat-schoeffmann.at\\\/de\\\/erben-vererben\\\/praktische-tipps-fuer-den-erbfall\\\/vorsorge\\\/\"]}]},{\"@type\":\"BreadcrumbList\",\"@id\":\"https:\\\/\\\/www.notariat-schoeffmann.at\\\/de\\\/erben-vererben\\\/praktische-tipps-fuer-den-erbfall\\\/vorsorge\\\/#breadcrumb\",\"itemListElement\":[{\"@type\":\"ListItem\",\"position\":1,\"name\":\"Startseite\",\"item\":\"https:\\\/\\\/www.notariat-schoeffmann.at\\\/de\\\/\"},{\"@type\":\"ListItem\",\"position\":2,\"name\":\"Was ist das Erbrecht?\",\"item\":\"https:\\\/\\\/www.notariat-schoeffmann.at\\\/de\\\/erben-vererben\\\/\"},{\"@type\":\"ListItem\",\"position\":3,\"name\":\"Praktische Tipps f\u00fcr den Erbfall\",\"item\":\"https:\\\/\\\/www.notariat-schoeffmann.at\\\/de\\\/erben-vererben\\\/praktische-tipps-fuer-den-erbfall\\\/\"},{\"@type\":\"ListItem\",\"position\":4,\"name\":\"Vorsorge\"}]},{\"@type\":\"WebSite\",\"@id\":\"https:\\\/\\\/www.notariat-schoeffmann.at\\\/de\\\/#website\",\"url\":\"https:\\\/\\\/www.notariat-schoeffmann.at\\\/de\\\/\",\"name\":\"Notariat Sch\u00f6ffmann\",\"description\":\"Mag. Klaus Sch\u00f6ffmann - Ihr Notar in Klagenfurt\",\"publisher\":{\"@id\":\"https:\\\/\\\/www.notariat-schoeffmann.at\\\/de\\\/#organization\"},\"potentialAction\":[{\"@type\":\"SearchAction\",\"target\":{\"@type\":\"EntryPoint\",\"urlTemplate\":\"https:\\\/\\\/www.notariat-schoeffmann.at\\\/de\\\/?s={search_term_string}\"},\"query-input\":{\"@type\":\"PropertyValueSpecification\",\"valueRequired\":true,\"valueName\":\"search_term_string\"}}],\"inLanguage\":\"de\"},{\"@type\":\"Organization\",\"@id\":\"https:\\\/\\\/www.notariat-schoeffmann.at\\\/de\\\/#organization\",\"name\":\"Notariat Mag. Klaus Sch\u00f6ffmann Klagenfurt\",\"url\":\"https:\\\/\\\/www.notariat-schoeffmann.at\\\/de\\\/\",\"logo\":{\"@type\":\"ImageObject\",\"inLanguage\":\"de\",\"@id\":\"https:\\\/\\\/www.notariat-schoeffmann.at\\\/de\\\/#\\\/schema\\\/logo\\\/image\\\/\",\"url\":\"https:\\\/\\\/www.notariat-schoeffmann.at\\\/wp-content\\\/uploads\\\/2022\\\/02\\\/logo-notariat-schoeffmann.jpg\",\"contentUrl\":\"https:\\\/\\\/www.notariat-schoeffmann.at\\\/wp-content\\\/uploads\\\/2022\\\/02\\\/logo-notariat-schoeffmann.jpg\",\"width\":600,\"height\":600,\"caption\":\"Notariat Mag. Klaus Sch\u00f6ffmann Klagenfurt\"},\"image\":{\"@id\":\"https:\\\/\\\/www.notariat-schoeffmann.at\\\/de\\\/#\\\/schema\\\/logo\\\/image\\\/\"},\"sameAs\":[\"https:\\\/\\\/www.facebook.com\\\/NotarKlagenfurt\",\"https:\\\/\\\/www.youtube.com\\\/channel\\\/UCaITfbIQh6VIpzEonUsIhcg\"]}]}<\/script>\n<!-- \/ Yoast SEO Premium plugin. -->","yoast_head_json":{"title":"Vorsorge &#8211; Notariat Sch\u00f6ffmann","description":"Es gibt eine ganze Reihe sehr guter Gr\u00fcnde, sich um die letzten Dinge rechtzeitig selbst zu k\u00fcmmern. Was Sie dabei bedenken m\u00fcssen, erkl\u00e4ren wir hier.","robots":{"index":"index","follow":"follow","max-snippet":"max-snippet:-1","max-image-preview":"max-image-preview:large","max-video-preview":"max-video-preview:-1"},"canonical":"https:\/\/www.notariat-schoeffmann.at\/de\/erben-vererben\/praktische-tipps-fuer-den-erbfall\/vorsorge\/","og_locale":"de_DE","og_type":"article","og_title":"Vorsorge - Notariat Sch\u00f6ffmann","og_description":"Es gibt eine ganze Reihe sehr guter Gr\u00fcnde, sich um die letzten Dinge rechtzeitig selbst zu k\u00fcmmern. Was Sie dabei bedenken m\u00fcssen, erkl\u00e4ren wir hier.","og_url":"https:\/\/www.notariat-schoeffmann.at\/de\/erben-vererben\/praktische-tipps-fuer-den-erbfall\/vorsorge\/","og_site_name":"Notariat Sch\u00f6ffmann","article_publisher":"https:\/\/www.facebook.com\/NotarKlagenfurt","article_modified_time":"2022-03-19T09:21:22+00:00","og_image":[{"width":1600,"height":1067,"url":"https:\/\/www.notariat-schoeffmann.at\/wp-content\/uploads\/2021\/11\/Juristen-1.jpg","type":"image\/jpeg"}],"twitter_card":"summary_large_image","schema":{"@context":"https:\/\/schema.org","@graph":[{"@type":"WebPage","@id":"https:\/\/www.notariat-schoeffmann.at\/de\/erben-vererben\/praktische-tipps-fuer-den-erbfall\/vorsorge\/","url":"https:\/\/www.notariat-schoeffmann.at\/de\/erben-vererben\/praktische-tipps-fuer-den-erbfall\/vorsorge\/","name":"Vorsorge &#8211; Notariat Sch\u00f6ffmann","isPartOf":{"@id":"https:\/\/www.notariat-schoeffmann.at\/de\/#website"},"datePublished":"2021-08-09T09:26:09+00:00","dateModified":"2022-03-19T09:21:22+00:00","description":"Es gibt eine ganze Reihe sehr guter Gr\u00fcnde, sich um die letzten Dinge rechtzeitig selbst zu k\u00fcmmern. Was Sie dabei bedenken m\u00fcssen, erkl\u00e4ren wir hier.","breadcrumb":{"@id":"https:\/\/www.notariat-schoeffmann.at\/de\/erben-vererben\/praktische-tipps-fuer-den-erbfall\/vorsorge\/#breadcrumb"},"inLanguage":"de","potentialAction":[{"@type":"ReadAction","target":["https:\/\/www.notariat-schoeffmann.at\/de\/erben-vererben\/praktische-tipps-fuer-den-erbfall\/vorsorge\/"]}]},{"@type":"BreadcrumbList","@id":"https:\/\/www.notariat-schoeffmann.at\/de\/erben-vererben\/praktische-tipps-fuer-den-erbfall\/vorsorge\/#breadcrumb","itemListElement":[{"@type":"ListItem","position":1,"name":"Startseite","item":"https:\/\/www.notariat-schoeffmann.at\/de\/"},{"@type":"ListItem","position":2,"name":"Was ist das Erbrecht?","item":"https:\/\/www.notariat-schoeffmann.at\/de\/erben-vererben\/"},{"@type":"ListItem","position":3,"name":"Praktische Tipps f\u00fcr den Erbfall","item":"https:\/\/www.notariat-schoeffmann.at\/de\/erben-vererben\/praktische-tipps-fuer-den-erbfall\/"},{"@type":"ListItem","position":4,"name":"Vorsorge"}]},{"@type":"WebSite","@id":"https:\/\/www.notariat-schoeffmann.at\/de\/#website","url":"https:\/\/www.notariat-schoeffmann.at\/de\/","name":"Notariat Sch\u00f6ffmann","description":"Mag. Klaus Sch\u00f6ffmann - Ihr Notar in Klagenfurt","publisher":{"@id":"https:\/\/www.notariat-schoeffmann.at\/de\/#organization"},"potentialAction":[{"@type":"SearchAction","target":{"@type":"EntryPoint","urlTemplate":"https:\/\/www.notariat-schoeffmann.at\/de\/?s={search_term_string}"},"query-input":{"@type":"PropertyValueSpecification","valueRequired":true,"valueName":"search_term_string"}}],"inLanguage":"de"},{"@type":"Organization","@id":"https:\/\/www.notariat-schoeffmann.at\/de\/#organization","name":"Notariat Mag. Klaus Sch\u00f6ffmann Klagenfurt","url":"https:\/\/www.notariat-schoeffmann.at\/de\/","logo":{"@type":"ImageObject","inLanguage":"de","@id":"https:\/\/www.notariat-schoeffmann.at\/de\/#\/schema\/logo\/image\/","url":"https:\/\/www.notariat-schoeffmann.at\/wp-content\/uploads\/2022\/02\/logo-notariat-schoeffmann.jpg","contentUrl":"https:\/\/www.notariat-schoeffmann.at\/wp-content\/uploads\/2022\/02\/logo-notariat-schoeffmann.jpg","width":600,"height":600,"caption":"Notariat Mag. Klaus Sch\u00f6ffmann Klagenfurt"},"image":{"@id":"https:\/\/www.notariat-schoeffmann.at\/de\/#\/schema\/logo\/image\/"},"sameAs":["https:\/\/www.facebook.com\/NotarKlagenfurt","https:\/\/www.youtube.com\/channel\/UCaITfbIQh6VIpzEonUsIhcg"]}]}},"_links":{"self":[{"href":"https:\/\/www.notariat-schoeffmann.at\/de\/wp-json\/wp\/v2\/pages\/407","targetHints":{"allow":["GET"]}}],"collection":[{"href":"https:\/\/www.notariat-schoeffmann.at\/de\/wp-json\/wp\/v2\/pages"}],"about":[{"href":"https:\/\/www.notariat-schoeffmann.at\/de\/wp-json\/wp\/v2\/types\/page"}],"author":[{"embeddable":true,"href":"https:\/\/www.notariat-schoeffmann.at\/de\/wp-json\/wp\/v2\/users\/3"}],"replies":[{"embeddable":true,"href":"https:\/\/www.notariat-schoeffmann.at\/de\/wp-json\/wp\/v2\/comments?post=407"}],"version-history":[{"count":5,"href":"https:\/\/www.notariat-schoeffmann.at\/de\/wp-json\/wp\/v2\/pages\/407\/revisions"}],"predecessor-version":[{"id":2647,"href":"https:\/\/www.notariat-schoeffmann.at\/de\/wp-json\/wp\/v2\/pages\/407\/revisions\/2647"}],"up":[{"embeddable":true,"href":"https:\/\/www.notariat-schoeffmann.at\/de\/wp-json\/wp\/v2\/pages\/405"}],"wp:attachment":[{"href":"https:\/\/www.notariat-schoeffmann.at\/de\/wp-json\/wp\/v2\/media?parent=407"}],"wp:term":[{"taxonomy":"category","embeddable":true,"href":"https:\/\/www.notariat-schoeffmann.at\/de\/wp-json\/wp\/v2\/categories?post=407"}],"curies":[{"name":"wp","href":"https:\/\/api.w.org\/{rel}","templated":true}]}}