{"id":405,"date":"2021-08-09T11:25:32","date_gmt":"2021-08-09T09:25:32","guid":{"rendered":"https:\/\/www.notariat-schoeffmann.at\/?page_id=405"},"modified":"2022-03-19T10:21:52","modified_gmt":"2022-03-19T09:21:52","slug":"praktische-tipps-fuer-den-erbfall","status":"publish","type":"page","link":"https:\/\/www.notariat-schoeffmann.at\/de\/erben-vererben\/praktische-tipps-fuer-den-erbfall\/","title":{"rendered":"Praktische Tipps f\u00fcr den Erbfall"},"content":{"rendered":"\n<p>Wenn ein Angeh\u00f6riger gestorben ist, gesellen sich zu Schock und Trauer zus\u00e4tzlich zahlreiche Aufgaben: Zu erledigende Amtswege, notwendige Formalit\u00e4ten, die Art der Bestattung oder der Ablauf der Trauerfeier. Dazu kommt, dass ein Begr\u00e4bnis kostspielig ist. Hat man nicht rechtzeitig vorgesorgt, kann das f\u00fcr die Erben teuer werden.<\/p>\n\n\n\n<p>Folgende Tipps k\u00f6nnten daher f\u00fcr Sie hilfreich sein:<\/p>\n\n\n\n<ul class=\"wp-block-list\"><li><a href=\"https:\/\/www.notariat-schoeffmann.at\/vorsorge\/\">Was Sie heute schon tun k\u00f6nnen<\/a><\/li><li><a href=\"https:\/\/www.notariat-schoeffmann.at\/erben-vererben\/praktische-tipps-fuer-den-erbfall\/die-ersten-stunden-danach\/\">Die ersten Stunden danach<\/a><\/li><li><a href=\"https:\/\/www.notariat-schoeffmann.at\/erben-vererben\/praktische-tipps-fuer-den-erbfall\/die-zeit-nach-dem-begraebnis\/\">Die Zeit nach dem Begr\u00e4bnis<\/a><\/li><\/ul>\n","protected":false},"excerpt":{"rendered":"<p>Wenn ein Angeh\u00f6riger gestorben ist, gesellen sich zu Schock und Trauer zus\u00e4tzlich zahlreiche Aufgaben: Zu erledigende Amtswege, notwendige Formalit\u00e4ten, die Art der Bestattung oder der Ablauf der Trauerfeier. Dazu kommt, dass ein Begr\u00e4bnis kostspielig ist. Hat man nicht rechtzeitig vorgesorgt, kann das f\u00fcr die Erben teuer werden. Folgende Tipps k\u00f6nnten daher f\u00fcr Sie hilfreich sein:&hellip;<\/p>\n","protected":false},"author":3,"featured_media":0,"parent":305,"menu_order":15,"comment_status":"closed","ping_status":"closed","template":"","meta":{"inline_featured_image":false,"footnotes":""},"categories":[],"class_list":["post-405","page","type-page","status-publish","hentry","description-off"],"yoast_head":"<!-- This site is optimized with the Yoast SEO Premium plugin v26.7 (Yoast SEO v27.4) - https:\/\/yoast.com\/product\/yoast-seo-premium-wordpress\/ -->\n<title>Praktische Tipps f\u00fcr den Erbfall &#8211; Notariat Sch\u00f6ffmann<\/title>\n<meta name=\"description\" content=\"Wenn ein Angeh\u00f6riger gestorben ist, gesellen sich zu Schock und Trauer zus\u00e4tzlich zahlreiche Aufgaben. Folgende Tipps k\u00f6nnten f\u00fcr Sie hilfreich sein.\" \/>\n<meta name=\"robots\" content=\"index, follow, max-snippet:-1, max-image-preview:large, max-video-preview:-1\" \/>\n<link rel=\"canonical\" href=\"https:\/\/www.notariat-schoeffmann.at\/de\/erben-vererben\/praktische-tipps-fuer-den-erbfall\/\" \/>\n<meta property=\"og:locale\" content=\"de_DE\" \/>\n<meta property=\"og:type\" content=\"article\" \/>\n<meta property=\"og:title\" content=\"Praktische Tipps f\u00fcr den Erbfall - Notariat Sch\u00f6ffmann\" \/>\n<meta property=\"og:description\" content=\"Wenn ein Angeh\u00f6riger gestorben ist, gesellen sich zu Schock und Trauer zus\u00e4tzlich zahlreiche Aufgaben. Folgende Tipps k\u00f6nnten f\u00fcr Sie hilfreich sein.\" \/>\n<meta property=\"og:url\" content=\"https:\/\/www.notariat-schoeffmann.at\/de\/erben-vererben\/praktische-tipps-fuer-den-erbfall\/\" \/>\n<meta property=\"og:site_name\" content=\"Notariat Sch\u00f6ffmann\" \/>\n<meta property=\"article:publisher\" content=\"https:\/\/www.facebook.com\/NotarKlagenfurt\" \/>\n<meta property=\"article:modified_time\" content=\"2022-03-19T09:21:52+00:00\" \/>\n<meta property=\"og:image\" content=\"https:\/\/www.notariat-schoeffmann.at\/wp-content\/uploads\/2021\/11\/Juristen-1.jpg\" \/>\n\t<meta property=\"og:image:width\" content=\"1600\" \/>\n\t<meta property=\"og:image:height\" content=\"1067\" \/>\n\t<meta property=\"og:image:type\" content=\"image\/jpeg\" \/>\n<meta name=\"twitter:card\" content=\"summary_large_image\" \/>\n<script type=\"application\/ld+json\" class=\"yoast-schema-graph\">{\"@context\":\"https:\\\/\\\/schema.org\",\"@graph\":[{\"@type\":\"WebPage\",\"@id\":\"https:\\\/\\\/www.notariat-schoeffmann.at\\\/de\\\/erben-vererben\\\/praktische-tipps-fuer-den-erbfall\\\/\",\"url\":\"https:\\\/\\\/www.notariat-schoeffmann.at\\\/de\\\/erben-vererben\\\/praktische-tipps-fuer-den-erbfall\\\/\",\"name\":\"Praktische Tipps f\u00fcr den Erbfall &#8211; Notariat Sch\u00f6ffmann\",\"isPartOf\":{\"@id\":\"https:\\\/\\\/www.notariat-schoeffmann.at\\\/de\\\/#website\"},\"datePublished\":\"2021-08-09T09:25:32+00:00\",\"dateModified\":\"2022-03-19T09:21:52+00:00\",\"description\":\"Wenn ein Angeh\u00f6riger gestorben ist, gesellen sich zu Schock und Trauer zus\u00e4tzlich zahlreiche Aufgaben. Folgende Tipps k\u00f6nnten f\u00fcr Sie hilfreich sein.\",\"breadcrumb\":{\"@id\":\"https:\\\/\\\/www.notariat-schoeffmann.at\\\/de\\\/erben-vererben\\\/praktische-tipps-fuer-den-erbfall\\\/#breadcrumb\"},\"inLanguage\":\"de\",\"potentialAction\":[{\"@type\":\"ReadAction\",\"target\":[\"https:\\\/\\\/www.notariat-schoeffmann.at\\\/de\\\/erben-vererben\\\/praktische-tipps-fuer-den-erbfall\\\/\"]}]},{\"@type\":\"BreadcrumbList\",\"@id\":\"https:\\\/\\\/www.notariat-schoeffmann.at\\\/de\\\/erben-vererben\\\/praktische-tipps-fuer-den-erbfall\\\/#breadcrumb\",\"itemListElement\":[{\"@type\":\"ListItem\",\"position\":1,\"name\":\"Startseite\",\"item\":\"https:\\\/\\\/www.notariat-schoeffmann.at\\\/de\\\/\"},{\"@type\":\"ListItem\",\"position\":2,\"name\":\"Was ist das Erbrecht?\",\"item\":\"https:\\\/\\\/www.notariat-schoeffmann.at\\\/de\\\/erben-vererben\\\/\"},{\"@type\":\"ListItem\",\"position\":3,\"name\":\"Praktische Tipps f\u00fcr den Erbfall\"}]},{\"@type\":\"WebSite\",\"@id\":\"https:\\\/\\\/www.notariat-schoeffmann.at\\\/de\\\/#website\",\"url\":\"https:\\\/\\\/www.notariat-schoeffmann.at\\\/de\\\/\",\"name\":\"Notariat Sch\u00f6ffmann\",\"description\":\"Mag. Klaus Sch\u00f6ffmann - Ihr Notar in Klagenfurt\",\"publisher\":{\"@id\":\"https:\\\/\\\/www.notariat-schoeffmann.at\\\/de\\\/#organization\"},\"potentialAction\":[{\"@type\":\"SearchAction\",\"target\":{\"@type\":\"EntryPoint\",\"urlTemplate\":\"https:\\\/\\\/www.notariat-schoeffmann.at\\\/de\\\/?s={search_term_string}\"},\"query-input\":{\"@type\":\"PropertyValueSpecification\",\"valueRequired\":true,\"valueName\":\"search_term_string\"}}],\"inLanguage\":\"de\"},{\"@type\":\"Organization\",\"@id\":\"https:\\\/\\\/www.notariat-schoeffmann.at\\\/de\\\/#organization\",\"name\":\"Notariat Mag. Klaus Sch\u00f6ffmann Klagenfurt\",\"url\":\"https:\\\/\\\/www.notariat-schoeffmann.at\\\/de\\\/\",\"logo\":{\"@type\":\"ImageObject\",\"inLanguage\":\"de\",\"@id\":\"https:\\\/\\\/www.notariat-schoeffmann.at\\\/de\\\/#\\\/schema\\\/logo\\\/image\\\/\",\"url\":\"https:\\\/\\\/www.notariat-schoeffmann.at\\\/wp-content\\\/uploads\\\/2022\\\/02\\\/logo-notariat-schoeffmann.jpg\",\"contentUrl\":\"https:\\\/\\\/www.notariat-schoeffmann.at\\\/wp-content\\\/uploads\\\/2022\\\/02\\\/logo-notariat-schoeffmann.jpg\",\"width\":600,\"height\":600,\"caption\":\"Notariat Mag. Klaus Sch\u00f6ffmann Klagenfurt\"},\"image\":{\"@id\":\"https:\\\/\\\/www.notariat-schoeffmann.at\\\/de\\\/#\\\/schema\\\/logo\\\/image\\\/\"},\"sameAs\":[\"https:\\\/\\\/www.facebook.com\\\/NotarKlagenfurt\",\"https:\\\/\\\/www.youtube.com\\\/channel\\\/UCaITfbIQh6VIpzEonUsIhcg\"]}]}<\/script>\n<!-- \/ Yoast SEO Premium plugin. -->","yoast_head_json":{"title":"Praktische Tipps f\u00fcr den Erbfall &#8211; Notariat Sch\u00f6ffmann","description":"Wenn ein Angeh\u00f6riger gestorben ist, gesellen sich zu Schock und Trauer zus\u00e4tzlich zahlreiche Aufgaben. Folgende Tipps k\u00f6nnten f\u00fcr Sie hilfreich sein.","robots":{"index":"index","follow":"follow","max-snippet":"max-snippet:-1","max-image-preview":"max-image-preview:large","max-video-preview":"max-video-preview:-1"},"canonical":"https:\/\/www.notariat-schoeffmann.at\/de\/erben-vererben\/praktische-tipps-fuer-den-erbfall\/","og_locale":"de_DE","og_type":"article","og_title":"Praktische Tipps f\u00fcr den Erbfall - Notariat Sch\u00f6ffmann","og_description":"Wenn ein Angeh\u00f6riger gestorben ist, gesellen sich zu Schock und Trauer zus\u00e4tzlich zahlreiche Aufgaben. Folgende Tipps k\u00f6nnten f\u00fcr Sie hilfreich sein.","og_url":"https:\/\/www.notariat-schoeffmann.at\/de\/erben-vererben\/praktische-tipps-fuer-den-erbfall\/","og_site_name":"Notariat Sch\u00f6ffmann","article_publisher":"https:\/\/www.facebook.com\/NotarKlagenfurt","article_modified_time":"2022-03-19T09:21:52+00:00","og_image":[{"width":1600,"height":1067,"url":"https:\/\/www.notariat-schoeffmann.at\/wp-content\/uploads\/2021\/11\/Juristen-1.jpg","type":"image\/jpeg"}],"twitter_card":"summary_large_image","schema":{"@context":"https:\/\/schema.org","@graph":[{"@type":"WebPage","@id":"https:\/\/www.notariat-schoeffmann.at\/de\/erben-vererben\/praktische-tipps-fuer-den-erbfall\/","url":"https:\/\/www.notariat-schoeffmann.at\/de\/erben-vererben\/praktische-tipps-fuer-den-erbfall\/","name":"Praktische Tipps f\u00fcr den Erbfall &#8211; Notariat Sch\u00f6ffmann","isPartOf":{"@id":"https:\/\/www.notariat-schoeffmann.at\/de\/#website"},"datePublished":"2021-08-09T09:25:32+00:00","dateModified":"2022-03-19T09:21:52+00:00","description":"Wenn ein Angeh\u00f6riger gestorben ist, gesellen sich zu Schock und Trauer zus\u00e4tzlich zahlreiche Aufgaben. Folgende Tipps k\u00f6nnten f\u00fcr Sie hilfreich sein.","breadcrumb":{"@id":"https:\/\/www.notariat-schoeffmann.at\/de\/erben-vererben\/praktische-tipps-fuer-den-erbfall\/#breadcrumb"},"inLanguage":"de","potentialAction":[{"@type":"ReadAction","target":["https:\/\/www.notariat-schoeffmann.at\/de\/erben-vererben\/praktische-tipps-fuer-den-erbfall\/"]}]},{"@type":"BreadcrumbList","@id":"https:\/\/www.notariat-schoeffmann.at\/de\/erben-vererben\/praktische-tipps-fuer-den-erbfall\/#breadcrumb","itemListElement":[{"@type":"ListItem","position":1,"name":"Startseite","item":"https:\/\/www.notariat-schoeffmann.at\/de\/"},{"@type":"ListItem","position":2,"name":"Was ist das Erbrecht?","item":"https:\/\/www.notariat-schoeffmann.at\/de\/erben-vererben\/"},{"@type":"ListItem","position":3,"name":"Praktische Tipps f\u00fcr den Erbfall"}]},{"@type":"WebSite","@id":"https:\/\/www.notariat-schoeffmann.at\/de\/#website","url":"https:\/\/www.notariat-schoeffmann.at\/de\/","name":"Notariat Sch\u00f6ffmann","description":"Mag. Klaus Sch\u00f6ffmann - Ihr Notar in Klagenfurt","publisher":{"@id":"https:\/\/www.notariat-schoeffmann.at\/de\/#organization"},"potentialAction":[{"@type":"SearchAction","target":{"@type":"EntryPoint","urlTemplate":"https:\/\/www.notariat-schoeffmann.at\/de\/?s={search_term_string}"},"query-input":{"@type":"PropertyValueSpecification","valueRequired":true,"valueName":"search_term_string"}}],"inLanguage":"de"},{"@type":"Organization","@id":"https:\/\/www.notariat-schoeffmann.at\/de\/#organization","name":"Notariat Mag. Klaus Sch\u00f6ffmann Klagenfurt","url":"https:\/\/www.notariat-schoeffmann.at\/de\/","logo":{"@type":"ImageObject","inLanguage":"de","@id":"https:\/\/www.notariat-schoeffmann.at\/de\/#\/schema\/logo\/image\/","url":"https:\/\/www.notariat-schoeffmann.at\/wp-content\/uploads\/2022\/02\/logo-notariat-schoeffmann.jpg","contentUrl":"https:\/\/www.notariat-schoeffmann.at\/wp-content\/uploads\/2022\/02\/logo-notariat-schoeffmann.jpg","width":600,"height":600,"caption":"Notariat Mag. Klaus Sch\u00f6ffmann Klagenfurt"},"image":{"@id":"https:\/\/www.notariat-schoeffmann.at\/de\/#\/schema\/logo\/image\/"},"sameAs":["https:\/\/www.facebook.com\/NotarKlagenfurt","https:\/\/www.youtube.com\/channel\/UCaITfbIQh6VIpzEonUsIhcg"]}]}},"_links":{"self":[{"href":"https:\/\/www.notariat-schoeffmann.at\/de\/wp-json\/wp\/v2\/pages\/405","targetHints":{"allow":["GET"]}}],"collection":[{"href":"https:\/\/www.notariat-schoeffmann.at\/de\/wp-json\/wp\/v2\/pages"}],"about":[{"href":"https:\/\/www.notariat-schoeffmann.at\/de\/wp-json\/wp\/v2\/types\/page"}],"author":[{"embeddable":true,"href":"https:\/\/www.notariat-schoeffmann.at\/de\/wp-json\/wp\/v2\/users\/3"}],"replies":[{"embeddable":true,"href":"https:\/\/www.notariat-schoeffmann.at\/de\/wp-json\/wp\/v2\/comments?post=405"}],"version-history":[{"count":3,"href":"https:\/\/www.notariat-schoeffmann.at\/de\/wp-json\/wp\/v2\/pages\/405\/revisions"}],"predecessor-version":[{"id":2648,"href":"https:\/\/www.notariat-schoeffmann.at\/de\/wp-json\/wp\/v2\/pages\/405\/revisions\/2648"}],"up":[{"embeddable":true,"href":"https:\/\/www.notariat-schoeffmann.at\/de\/wp-json\/wp\/v2\/pages\/305"}],"wp:attachment":[{"href":"https:\/\/www.notariat-schoeffmann.at\/de\/wp-json\/wp\/v2\/media?parent=405"}],"wp:term":[{"taxonomy":"category","embeddable":true,"href":"https:\/\/www.notariat-schoeffmann.at\/de\/wp-json\/wp\/v2\/categories?post=405"}],"curies":[{"name":"wp","href":"https:\/\/api.w.org\/{rel}","templated":true}]}}