{"id":399,"date":"2021-08-09T11:24:25","date_gmt":"2021-08-09T09:24:25","guid":{"rendered":"https:\/\/www.notariat-schoeffmann.at\/?page_id=399"},"modified":"2022-03-19T10:15:10","modified_gmt":"2022-03-19T09:15:10","slug":"schenkungen","status":"publish","type":"page","link":"https:\/\/www.notariat-schoeffmann.at\/de\/erben-vererben\/steuern-und-gebuehren\/schenkungen\/","title":{"rendered":"Schenkungen"},"content":{"rendered":"\n<p>Schenkungen zwischen Angeh\u00f6rigen (zu denen auch die Urgro\u00dfenkel, Urenkel, Onkel und Tanten, Neffen und Nichten, Cousins, Cousinen, Schwiegereltern und -kinder sowie Lebensgef\u00e4hrten und gleichgeschlechtliche Partner geh\u00f6ren) m\u00fcssen der Finanzbeh\u00f6rde gemeldet werden, wenn sie innerhalb eines Jahres die Wertgrenze von EUR 50.000,- \u00fcbersteigen.<\/p>\n\n\n<div class=\"lazyblock-infobox-1EMFiA wp-block-lazyblock-infobox\"><div class=\"notar_beispielbox\">\n  <h2>Beispiel<\/h2>\n  <div class=\"notar_infobox_content\"><p>Vater und Mutter schenken der Tochter je EUR 40.000,-. Da die Schenkungen von zwei verschiedenen Personen erfolgen, besteht keine Meldepflicht. Schenkt dagegen der Vater einmal EUR 40.000,- und 6 Monate sp\u00e4ter nochmals den gleichen Betrag, wird die Wertgrenze \u00fcberschritten und beide Schenkungen m\u00fcssen dem Finanzamt gemeldet werden.<\/p><\/div>\n<\/div>\n\n<\/div>\n\n<div class=\"lazyblock-infobox-Z275ciR wp-block-lazyblock-infobox\"><div class=\"notar_standard\">\n  <h2>Info<\/h2>\n  <div class=\"notar_infobox_content\"><p>Schenkungen zwischen Nicht-Angeh\u00f6rigen sind meldepflichtig, wenn sie innerhalb von 5 Jahren den Betrag von EUR 15.000,- \u00fcberschreiten.<\/p><\/div>\n<\/div>\n\n<\/div>\n\n\n<p>\u00dcbliche Gelegenheitsgeschenke (bis EUR 1.000,-) sind nicht meldepflichtig.<\/p>\n\n\n\n<p>Zu melden ist die Schenkung von Bargeld, Kapitalforderungen, Anteilen an Kapitalgesellschaften und Personenvereinigungen, (Teil)Betrieben, beweglichem k\u00f6rperlichem Verm\u00f6gen und immateriellen Verm\u00f6gensgegenst\u00e4nden (z.B. Patente). Nicht meldepflichtig sind unentgeltliche Grundst\u00fccks\u00fcbertragungen, da\u00a0<a href=\"https:\/\/www.notariat-schoeffmann.at\/erben-vererben\/steuern-und-gebuehren\/\">Grunderwerbsteuer\u00a0<\/a>anf\u00e4llt und das Finanzamt durch die Zahlung der Grunderwerbsteuer ohnehin Kenntnis von der Transaktion erh\u00e4lt.<\/p>\n\n\n\n<p>Die Meldung ist innerhalb von 3 Monaten ab dem Erwerb vorzunehmen. Wer die Meldung vors\u00e4tzlich unterl\u00e4sst, dem droht eine Strafsteuer von bis zu 10% des Verkehrswertes des geschenkten Verm\u00f6gens.<\/p>\n","protected":false},"excerpt":{"rendered":"<p>Schenkungen zwischen Angeh\u00f6rigen (zu denen auch die Urgro\u00dfenkel, Urenkel, Onkel und Tanten, Neffen und Nichten, Cousins, Cousinen, Schwiegereltern und -kinder sowie Lebensgef\u00e4hrten und gleichgeschlechtliche Partner geh\u00f6ren) m\u00fcssen der Finanzbeh\u00f6rde gemeldet werden, wenn sie innerhalb eines Jahres die Wertgrenze von EUR 50.000,- \u00fcbersteigen. \u00dcbliche Gelegenheitsgeschenke (bis EUR 1.000,-) sind nicht meldepflichtig. Zu melden ist die Schenkung&hellip;<\/p>\n","protected":false},"author":3,"featured_media":0,"parent":397,"menu_order":0,"comment_status":"closed","ping_status":"closed","template":"","meta":{"inline_featured_image":false,"footnotes":""},"categories":[],"class_list":["post-399","page","type-page","status-publish","hentry","description-off"],"yoast_head":"<!-- This site is optimized with the Yoast SEO Premium plugin v26.7 (Yoast SEO v27.4) - https:\/\/yoast.com\/product\/yoast-seo-premium-wordpress\/ -->\n<title>Schenkungen &#8211; Notariat Sch\u00f6ffmann<\/title>\n<meta name=\"description\" content=\"In \u00d6sterreich gibt es seit 1.8.2008 keine Schenkungssteuer mehr, jedoch m\u00fcssen Schenkungen ab einer gewissen Wertgrenze angezeigt werden.\" \/>\n<meta name=\"robots\" content=\"index, follow, max-snippet:-1, max-image-preview:large, max-video-preview:-1\" \/>\n<link rel=\"canonical\" href=\"https:\/\/www.notariat-schoeffmann.at\/de\/erben-vererben\/steuern-und-gebuehren\/schenkungen\/\" \/>\n<meta property=\"og:locale\" content=\"de_DE\" \/>\n<meta property=\"og:type\" content=\"article\" \/>\n<meta property=\"og:title\" content=\"Schenkungen - Notariat Sch\u00f6ffmann\" \/>\n<meta property=\"og:description\" content=\"In \u00d6sterreich gibt es seit 1.8.2008 keine Schenkungssteuer mehr, jedoch m\u00fcssen Schenkungen ab einer gewissen Wertgrenze angezeigt werden.\" \/>\n<meta property=\"og:url\" content=\"https:\/\/www.notariat-schoeffmann.at\/de\/erben-vererben\/steuern-und-gebuehren\/schenkungen\/\" \/>\n<meta property=\"og:site_name\" content=\"Notariat Sch\u00f6ffmann\" \/>\n<meta property=\"article:publisher\" content=\"https:\/\/www.facebook.com\/NotarKlagenfurt\" \/>\n<meta property=\"article:modified_time\" content=\"2022-03-19T09:15:10+00:00\" \/>\n<meta property=\"og:image\" content=\"https:\/\/www.notariat-schoeffmann.at\/wp-content\/uploads\/2021\/11\/Juristen-1.jpg\" \/>\n\t<meta property=\"og:image:width\" content=\"1600\" \/>\n\t<meta property=\"og:image:height\" content=\"1067\" \/>\n\t<meta property=\"og:image:type\" content=\"image\/jpeg\" \/>\n<meta name=\"twitter:card\" content=\"summary_large_image\" \/>\n<script type=\"application\/ld+json\" class=\"yoast-schema-graph\">{\"@context\":\"https:\\\/\\\/schema.org\",\"@graph\":[{\"@type\":\"WebPage\",\"@id\":\"https:\\\/\\\/www.notariat-schoeffmann.at\\\/de\\\/erben-vererben\\\/steuern-und-gebuehren\\\/schenkungen\\\/\",\"url\":\"https:\\\/\\\/www.notariat-schoeffmann.at\\\/de\\\/erben-vererben\\\/steuern-und-gebuehren\\\/schenkungen\\\/\",\"name\":\"Schenkungen &#8211; Notariat Sch\u00f6ffmann\",\"isPartOf\":{\"@id\":\"https:\\\/\\\/www.notariat-schoeffmann.at\\\/de\\\/#website\"},\"datePublished\":\"2021-08-09T09:24:25+00:00\",\"dateModified\":\"2022-03-19T09:15:10+00:00\",\"description\":\"In \u00d6sterreich gibt es seit 1.8.2008 keine Schenkungssteuer mehr, jedoch m\u00fcssen Schenkungen ab einer gewissen Wertgrenze angezeigt werden.\",\"breadcrumb\":{\"@id\":\"https:\\\/\\\/www.notariat-schoeffmann.at\\\/de\\\/erben-vererben\\\/steuern-und-gebuehren\\\/schenkungen\\\/#breadcrumb\"},\"inLanguage\":\"de\",\"potentialAction\":[{\"@type\":\"ReadAction\",\"target\":[\"https:\\\/\\\/www.notariat-schoeffmann.at\\\/de\\\/erben-vererben\\\/steuern-und-gebuehren\\\/schenkungen\\\/\"]}]},{\"@type\":\"BreadcrumbList\",\"@id\":\"https:\\\/\\\/www.notariat-schoeffmann.at\\\/de\\\/erben-vererben\\\/steuern-und-gebuehren\\\/schenkungen\\\/#breadcrumb\",\"itemListElement\":[{\"@type\":\"ListItem\",\"position\":1,\"name\":\"Startseite\",\"item\":\"https:\\\/\\\/www.notariat-schoeffmann.at\\\/de\\\/\"},{\"@type\":\"ListItem\",\"position\":2,\"name\":\"Was ist das Erbrecht?\",\"item\":\"https:\\\/\\\/www.notariat-schoeffmann.at\\\/de\\\/erben-vererben\\\/\"},{\"@type\":\"ListItem\",\"position\":3,\"name\":\"Steuern und Geb\u00fchren\",\"item\":\"https:\\\/\\\/www.notariat-schoeffmann.at\\\/de\\\/erben-vererben\\\/steuern-und-gebuehren\\\/\"},{\"@type\":\"ListItem\",\"position\":4,\"name\":\"Schenkungen\"}]},{\"@type\":\"WebSite\",\"@id\":\"https:\\\/\\\/www.notariat-schoeffmann.at\\\/de\\\/#website\",\"url\":\"https:\\\/\\\/www.notariat-schoeffmann.at\\\/de\\\/\",\"name\":\"Notariat Sch\u00f6ffmann\",\"description\":\"Mag. Klaus Sch\u00f6ffmann - Ihr Notar in Klagenfurt\",\"publisher\":{\"@id\":\"https:\\\/\\\/www.notariat-schoeffmann.at\\\/de\\\/#organization\"},\"potentialAction\":[{\"@type\":\"SearchAction\",\"target\":{\"@type\":\"EntryPoint\",\"urlTemplate\":\"https:\\\/\\\/www.notariat-schoeffmann.at\\\/de\\\/?s={search_term_string}\"},\"query-input\":{\"@type\":\"PropertyValueSpecification\",\"valueRequired\":true,\"valueName\":\"search_term_string\"}}],\"inLanguage\":\"de\"},{\"@type\":\"Organization\",\"@id\":\"https:\\\/\\\/www.notariat-schoeffmann.at\\\/de\\\/#organization\",\"name\":\"Notariat Mag. Klaus Sch\u00f6ffmann Klagenfurt\",\"url\":\"https:\\\/\\\/www.notariat-schoeffmann.at\\\/de\\\/\",\"logo\":{\"@type\":\"ImageObject\",\"inLanguage\":\"de\",\"@id\":\"https:\\\/\\\/www.notariat-schoeffmann.at\\\/de\\\/#\\\/schema\\\/logo\\\/image\\\/\",\"url\":\"https:\\\/\\\/www.notariat-schoeffmann.at\\\/wp-content\\\/uploads\\\/2022\\\/02\\\/logo-notariat-schoeffmann.jpg\",\"contentUrl\":\"https:\\\/\\\/www.notariat-schoeffmann.at\\\/wp-content\\\/uploads\\\/2022\\\/02\\\/logo-notariat-schoeffmann.jpg\",\"width\":600,\"height\":600,\"caption\":\"Notariat Mag. Klaus Sch\u00f6ffmann Klagenfurt\"},\"image\":{\"@id\":\"https:\\\/\\\/www.notariat-schoeffmann.at\\\/de\\\/#\\\/schema\\\/logo\\\/image\\\/\"},\"sameAs\":[\"https:\\\/\\\/www.facebook.com\\\/NotarKlagenfurt\",\"https:\\\/\\\/www.youtube.com\\\/channel\\\/UCaITfbIQh6VIpzEonUsIhcg\"]}]}<\/script>\n<!-- \/ Yoast SEO Premium plugin. -->","yoast_head_json":{"title":"Schenkungen &#8211; Notariat Sch\u00f6ffmann","description":"In \u00d6sterreich gibt es seit 1.8.2008 keine Schenkungssteuer mehr, jedoch m\u00fcssen Schenkungen ab einer gewissen Wertgrenze angezeigt werden.","robots":{"index":"index","follow":"follow","max-snippet":"max-snippet:-1","max-image-preview":"max-image-preview:large","max-video-preview":"max-video-preview:-1"},"canonical":"https:\/\/www.notariat-schoeffmann.at\/de\/erben-vererben\/steuern-und-gebuehren\/schenkungen\/","og_locale":"de_DE","og_type":"article","og_title":"Schenkungen - Notariat Sch\u00f6ffmann","og_description":"In \u00d6sterreich gibt es seit 1.8.2008 keine Schenkungssteuer mehr, jedoch m\u00fcssen Schenkungen ab einer gewissen Wertgrenze angezeigt werden.","og_url":"https:\/\/www.notariat-schoeffmann.at\/de\/erben-vererben\/steuern-und-gebuehren\/schenkungen\/","og_site_name":"Notariat Sch\u00f6ffmann","article_publisher":"https:\/\/www.facebook.com\/NotarKlagenfurt","article_modified_time":"2022-03-19T09:15:10+00:00","og_image":[{"width":1600,"height":1067,"url":"https:\/\/www.notariat-schoeffmann.at\/wp-content\/uploads\/2021\/11\/Juristen-1.jpg","type":"image\/jpeg"}],"twitter_card":"summary_large_image","schema":{"@context":"https:\/\/schema.org","@graph":[{"@type":"WebPage","@id":"https:\/\/www.notariat-schoeffmann.at\/de\/erben-vererben\/steuern-und-gebuehren\/schenkungen\/","url":"https:\/\/www.notariat-schoeffmann.at\/de\/erben-vererben\/steuern-und-gebuehren\/schenkungen\/","name":"Schenkungen &#8211; Notariat Sch\u00f6ffmann","isPartOf":{"@id":"https:\/\/www.notariat-schoeffmann.at\/de\/#website"},"datePublished":"2021-08-09T09:24:25+00:00","dateModified":"2022-03-19T09:15:10+00:00","description":"In \u00d6sterreich gibt es seit 1.8.2008 keine Schenkungssteuer mehr, jedoch m\u00fcssen Schenkungen ab einer gewissen Wertgrenze angezeigt werden.","breadcrumb":{"@id":"https:\/\/www.notariat-schoeffmann.at\/de\/erben-vererben\/steuern-und-gebuehren\/schenkungen\/#breadcrumb"},"inLanguage":"de","potentialAction":[{"@type":"ReadAction","target":["https:\/\/www.notariat-schoeffmann.at\/de\/erben-vererben\/steuern-und-gebuehren\/schenkungen\/"]}]},{"@type":"BreadcrumbList","@id":"https:\/\/www.notariat-schoeffmann.at\/de\/erben-vererben\/steuern-und-gebuehren\/schenkungen\/#breadcrumb","itemListElement":[{"@type":"ListItem","position":1,"name":"Startseite","item":"https:\/\/www.notariat-schoeffmann.at\/de\/"},{"@type":"ListItem","position":2,"name":"Was ist das Erbrecht?","item":"https:\/\/www.notariat-schoeffmann.at\/de\/erben-vererben\/"},{"@type":"ListItem","position":3,"name":"Steuern und Geb\u00fchren","item":"https:\/\/www.notariat-schoeffmann.at\/de\/erben-vererben\/steuern-und-gebuehren\/"},{"@type":"ListItem","position":4,"name":"Schenkungen"}]},{"@type":"WebSite","@id":"https:\/\/www.notariat-schoeffmann.at\/de\/#website","url":"https:\/\/www.notariat-schoeffmann.at\/de\/","name":"Notariat Sch\u00f6ffmann","description":"Mag. Klaus Sch\u00f6ffmann - Ihr Notar in Klagenfurt","publisher":{"@id":"https:\/\/www.notariat-schoeffmann.at\/de\/#organization"},"potentialAction":[{"@type":"SearchAction","target":{"@type":"EntryPoint","urlTemplate":"https:\/\/www.notariat-schoeffmann.at\/de\/?s={search_term_string}"},"query-input":{"@type":"PropertyValueSpecification","valueRequired":true,"valueName":"search_term_string"}}],"inLanguage":"de"},{"@type":"Organization","@id":"https:\/\/www.notariat-schoeffmann.at\/de\/#organization","name":"Notariat Mag. Klaus Sch\u00f6ffmann Klagenfurt","url":"https:\/\/www.notariat-schoeffmann.at\/de\/","logo":{"@type":"ImageObject","inLanguage":"de","@id":"https:\/\/www.notariat-schoeffmann.at\/de\/#\/schema\/logo\/image\/","url":"https:\/\/www.notariat-schoeffmann.at\/wp-content\/uploads\/2022\/02\/logo-notariat-schoeffmann.jpg","contentUrl":"https:\/\/www.notariat-schoeffmann.at\/wp-content\/uploads\/2022\/02\/logo-notariat-schoeffmann.jpg","width":600,"height":600,"caption":"Notariat Mag. Klaus Sch\u00f6ffmann Klagenfurt"},"image":{"@id":"https:\/\/www.notariat-schoeffmann.at\/de\/#\/schema\/logo\/image\/"},"sameAs":["https:\/\/www.facebook.com\/NotarKlagenfurt","https:\/\/www.youtube.com\/channel\/UCaITfbIQh6VIpzEonUsIhcg"]}]}},"_links":{"self":[{"href":"https:\/\/www.notariat-schoeffmann.at\/de\/wp-json\/wp\/v2\/pages\/399","targetHints":{"allow":["GET"]}}],"collection":[{"href":"https:\/\/www.notariat-schoeffmann.at\/de\/wp-json\/wp\/v2\/pages"}],"about":[{"href":"https:\/\/www.notariat-schoeffmann.at\/de\/wp-json\/wp\/v2\/types\/page"}],"author":[{"embeddable":true,"href":"https:\/\/www.notariat-schoeffmann.at\/de\/wp-json\/wp\/v2\/users\/3"}],"replies":[{"embeddable":true,"href":"https:\/\/www.notariat-schoeffmann.at\/de\/wp-json\/wp\/v2\/comments?post=399"}],"version-history":[{"count":4,"href":"https:\/\/www.notariat-schoeffmann.at\/de\/wp-json\/wp\/v2\/pages\/399\/revisions"}],"predecessor-version":[{"id":2635,"href":"https:\/\/www.notariat-schoeffmann.at\/de\/wp-json\/wp\/v2\/pages\/399\/revisions\/2635"}],"up":[{"embeddable":true,"href":"https:\/\/www.notariat-schoeffmann.at\/de\/wp-json\/wp\/v2\/pages\/397"}],"wp:attachment":[{"href":"https:\/\/www.notariat-schoeffmann.at\/de\/wp-json\/wp\/v2\/media?parent=399"}],"wp:term":[{"taxonomy":"category","embeddable":true,"href":"https:\/\/www.notariat-schoeffmann.at\/de\/wp-json\/wp\/v2\/categories?post=399"}],"curies":[{"name":"wp","href":"https:\/\/api.w.org\/{rel}","templated":true}]}}