{"id":393,"date":"2021-08-09T11:20:24","date_gmt":"2021-08-09T09:20:24","guid":{"rendered":"https:\/\/www.notariat-schoeffmann.at\/?page_id=393"},"modified":"2022-02-26T16:34:29","modified_gmt":"2022-02-26T15:34:29","slug":"das-verlassenschaftsverfahren-einfach-und-schnell","status":"publish","type":"page","link":"https:\/\/www.notariat-schoeffmann.at\/de\/erben-vererben\/verlassenschaftsverfahren\/das-verlassenschaftsverfahren-einfach-und-schnell\/","title":{"rendered":"Das Verlassenschaftsverfahren &#8211; einfach und schnell"},"content":{"rendered":"<p>Das Verlassenschaftsverfahren wird von den Notaren als Beauftragte des Bezirksgerichts durchgef\u00fchrt. Die Notare werden als sogenannte &#8222;Gerichtskommiss\u00e4re&#8220; t\u00e4tig.<\/p>\n<p>Das Verlassenschaftsverfahren ist von allen gerichtlichen Verfahren jenes, das am allerwenigsten zu Beschwerden Anlass gibt.<\/p>\n<p>Als Gerichtskommiss\u00e4r kann der Notar im gesamten Bundesgebiet Erhebungen und Zustellungen vornehmen, was das Verfahren deutlich beschleunigen kann.<\/p>\n<p>Der Notar kann auch Gelder freigeben, die zur Begleichung der Begr\u00e4bniskosten ben\u00f6tigt werden. Die Erben m\u00fcssen diese Kosten nicht bevorschussen.<\/p>\n<p>Wenn die Verlassenschaft geringf\u00fcgig ist &#8211; f\u00fcr den Gesetzgeber ist das ein Betrag von 5.000 Euro &#8211; ist ein vereinfachtes und sparsames Verfahren m\u00f6glich.<\/p>\n","protected":false},"excerpt":{"rendered":"<p>Das Verlassenschaftsverfahren wird von den Notaren als Beauftragte des Bezirksgerichts durchgef\u00fchrt. Die Notare werden als sogenannte &#8222;Gerichtskommiss\u00e4re&#8220; t\u00e4tig. Das Verlassenschaftsverfahren ist von allen gerichtlichen Verfahren jenes, das am allerwenigsten zu Beschwerden Anlass gibt. Als Gerichtskommiss\u00e4r kann der Notar im gesamten Bundesgebiet Erhebungen und Zustellungen vornehmen, was das Verfahren deutlich beschleunigen kann. Der Notar kann auch&hellip;<\/p>\n","protected":false},"author":3,"featured_media":0,"parent":389,"menu_order":1,"comment_status":"closed","ping_status":"closed","template":"","meta":{"inline_featured_image":false,"footnotes":""},"categories":[],"class_list":["post-393","page","type-page","status-publish","hentry","description-off"],"yoast_head":"<!-- This site is optimized with the Yoast SEO Premium plugin v26.7 (Yoast SEO v27.4) - https:\/\/yoast.com\/product\/yoast-seo-premium-wordpress\/ -->\n<title>Das Verlassenschaftsverfahren - einfach und schnell &#8211; Notariat Sch\u00f6ffmann<\/title>\n<meta name=\"description\" content=\"Das Verlassenschaftsverfahren ist von allen gerichtlichen Verfahren jenes, das am allerwenigsten zu Beschwerden Anlass gibt.\" \/>\n<meta name=\"robots\" content=\"index, follow, max-snippet:-1, max-image-preview:large, max-video-preview:-1\" \/>\n<link rel=\"canonical\" href=\"https:\/\/www.notariat-schoeffmann.at\/de\/erben-vererben\/verlassenschaftsverfahren\/das-verlassenschaftsverfahren-einfach-und-schnell\/\" \/>\n<meta property=\"og:locale\" content=\"de_DE\" \/>\n<meta property=\"og:type\" content=\"article\" \/>\n<meta property=\"og:title\" content=\"Das Verlassenschaftsverfahren - einfach und schnell - Notariat Sch\u00f6ffmann\" \/>\n<meta property=\"og:description\" content=\"Das Verlassenschaftsverfahren ist von allen gerichtlichen Verfahren jenes, das am allerwenigsten zu Beschwerden Anlass gibt.\" \/>\n<meta property=\"og:url\" content=\"https:\/\/www.notariat-schoeffmann.at\/de\/erben-vererben\/verlassenschaftsverfahren\/das-verlassenschaftsverfahren-einfach-und-schnell\/\" \/>\n<meta property=\"og:site_name\" content=\"Notariat Sch\u00f6ffmann\" \/>\n<meta property=\"article:publisher\" content=\"https:\/\/www.facebook.com\/NotarKlagenfurt\" \/>\n<meta property=\"article:modified_time\" content=\"2022-02-26T15:34:29+00:00\" \/>\n<meta property=\"og:image\" content=\"https:\/\/www.notariat-schoeffmann.at\/wp-content\/uploads\/2021\/11\/Juristen-1.jpg\" \/>\n\t<meta property=\"og:image:width\" content=\"1600\" \/>\n\t<meta property=\"og:image:height\" content=\"1067\" \/>\n\t<meta property=\"og:image:type\" content=\"image\/jpeg\" \/>\n<meta name=\"twitter:card\" content=\"summary_large_image\" \/>\n<script type=\"application\/ld+json\" class=\"yoast-schema-graph\">{\"@context\":\"https:\\\/\\\/schema.org\",\"@graph\":[{\"@type\":\"WebPage\",\"@id\":\"https:\\\/\\\/www.notariat-schoeffmann.at\\\/de\\\/erben-vererben\\\/verlassenschaftsverfahren\\\/das-verlassenschaftsverfahren-einfach-und-schnell\\\/\",\"url\":\"https:\\\/\\\/www.notariat-schoeffmann.at\\\/de\\\/erben-vererben\\\/verlassenschaftsverfahren\\\/das-verlassenschaftsverfahren-einfach-und-schnell\\\/\",\"name\":\"Das Verlassenschaftsverfahren - einfach und schnell &#8211; Notariat Sch\u00f6ffmann\",\"isPartOf\":{\"@id\":\"https:\\\/\\\/www.notariat-schoeffmann.at\\\/de\\\/#website\"},\"datePublished\":\"2021-08-09T09:20:24+00:00\",\"dateModified\":\"2022-02-26T15:34:29+00:00\",\"description\":\"Das Verlassenschaftsverfahren ist von allen gerichtlichen Verfahren jenes, das am allerwenigsten zu Beschwerden Anlass gibt.\",\"breadcrumb\":{\"@id\":\"https:\\\/\\\/www.notariat-schoeffmann.at\\\/de\\\/erben-vererben\\\/verlassenschaftsverfahren\\\/das-verlassenschaftsverfahren-einfach-und-schnell\\\/#breadcrumb\"},\"inLanguage\":\"de\",\"potentialAction\":[{\"@type\":\"ReadAction\",\"target\":[\"https:\\\/\\\/www.notariat-schoeffmann.at\\\/de\\\/erben-vererben\\\/verlassenschaftsverfahren\\\/das-verlassenschaftsverfahren-einfach-und-schnell\\\/\"]}]},{\"@type\":\"BreadcrumbList\",\"@id\":\"https:\\\/\\\/www.notariat-schoeffmann.at\\\/de\\\/erben-vererben\\\/verlassenschaftsverfahren\\\/das-verlassenschaftsverfahren-einfach-und-schnell\\\/#breadcrumb\",\"itemListElement\":[{\"@type\":\"ListItem\",\"position\":1,\"name\":\"Startseite\",\"item\":\"https:\\\/\\\/www.notariat-schoeffmann.at\\\/de\\\/\"},{\"@type\":\"ListItem\",\"position\":2,\"name\":\"Was ist das Erbrecht?\",\"item\":\"https:\\\/\\\/www.notariat-schoeffmann.at\\\/de\\\/erben-vererben\\\/\"},{\"@type\":\"ListItem\",\"position\":3,\"name\":\"Verlassenschaftsverfahren\",\"item\":\"https:\\\/\\\/www.notariat-schoeffmann.at\\\/de\\\/erben-vererben\\\/verlassenschaftsverfahren\\\/\"},{\"@type\":\"ListItem\",\"position\":4,\"name\":\"Das Verlassenschaftsverfahren &#8211; einfach und schnell\"}]},{\"@type\":\"WebSite\",\"@id\":\"https:\\\/\\\/www.notariat-schoeffmann.at\\\/de\\\/#website\",\"url\":\"https:\\\/\\\/www.notariat-schoeffmann.at\\\/de\\\/\",\"name\":\"Notariat Sch\u00f6ffmann\",\"description\":\"Mag. Klaus Sch\u00f6ffmann - Ihr Notar in Klagenfurt\",\"publisher\":{\"@id\":\"https:\\\/\\\/www.notariat-schoeffmann.at\\\/de\\\/#organization\"},\"potentialAction\":[{\"@type\":\"SearchAction\",\"target\":{\"@type\":\"EntryPoint\",\"urlTemplate\":\"https:\\\/\\\/www.notariat-schoeffmann.at\\\/de\\\/?s={search_term_string}\"},\"query-input\":{\"@type\":\"PropertyValueSpecification\",\"valueRequired\":true,\"valueName\":\"search_term_string\"}}],\"inLanguage\":\"de\"},{\"@type\":\"Organization\",\"@id\":\"https:\\\/\\\/www.notariat-schoeffmann.at\\\/de\\\/#organization\",\"name\":\"Notariat Mag. Klaus Sch\u00f6ffmann Klagenfurt\",\"url\":\"https:\\\/\\\/www.notariat-schoeffmann.at\\\/de\\\/\",\"logo\":{\"@type\":\"ImageObject\",\"inLanguage\":\"de\",\"@id\":\"https:\\\/\\\/www.notariat-schoeffmann.at\\\/de\\\/#\\\/schema\\\/logo\\\/image\\\/\",\"url\":\"https:\\\/\\\/www.notariat-schoeffmann.at\\\/wp-content\\\/uploads\\\/2022\\\/02\\\/logo-notariat-schoeffmann.jpg\",\"contentUrl\":\"https:\\\/\\\/www.notariat-schoeffmann.at\\\/wp-content\\\/uploads\\\/2022\\\/02\\\/logo-notariat-schoeffmann.jpg\",\"width\":600,\"height\":600,\"caption\":\"Notariat Mag. Klaus Sch\u00f6ffmann Klagenfurt\"},\"image\":{\"@id\":\"https:\\\/\\\/www.notariat-schoeffmann.at\\\/de\\\/#\\\/schema\\\/logo\\\/image\\\/\"},\"sameAs\":[\"https:\\\/\\\/www.facebook.com\\\/NotarKlagenfurt\",\"https:\\\/\\\/www.youtube.com\\\/channel\\\/UCaITfbIQh6VIpzEonUsIhcg\"]}]}<\/script>\n<!-- \/ Yoast SEO Premium plugin. -->","yoast_head_json":{"title":"Das Verlassenschaftsverfahren - einfach und schnell &#8211; Notariat Sch\u00f6ffmann","description":"Das Verlassenschaftsverfahren ist von allen gerichtlichen Verfahren jenes, das am allerwenigsten zu Beschwerden Anlass gibt.","robots":{"index":"index","follow":"follow","max-snippet":"max-snippet:-1","max-image-preview":"max-image-preview:large","max-video-preview":"max-video-preview:-1"},"canonical":"https:\/\/www.notariat-schoeffmann.at\/de\/erben-vererben\/verlassenschaftsverfahren\/das-verlassenschaftsverfahren-einfach-und-schnell\/","og_locale":"de_DE","og_type":"article","og_title":"Das Verlassenschaftsverfahren - einfach und schnell - Notariat Sch\u00f6ffmann","og_description":"Das Verlassenschaftsverfahren ist von allen gerichtlichen Verfahren jenes, das am allerwenigsten zu Beschwerden Anlass gibt.","og_url":"https:\/\/www.notariat-schoeffmann.at\/de\/erben-vererben\/verlassenschaftsverfahren\/das-verlassenschaftsverfahren-einfach-und-schnell\/","og_site_name":"Notariat Sch\u00f6ffmann","article_publisher":"https:\/\/www.facebook.com\/NotarKlagenfurt","article_modified_time":"2022-02-26T15:34:29+00:00","og_image":[{"width":1600,"height":1067,"url":"https:\/\/www.notariat-schoeffmann.at\/wp-content\/uploads\/2021\/11\/Juristen-1.jpg","type":"image\/jpeg"}],"twitter_card":"summary_large_image","schema":{"@context":"https:\/\/schema.org","@graph":[{"@type":"WebPage","@id":"https:\/\/www.notariat-schoeffmann.at\/de\/erben-vererben\/verlassenschaftsverfahren\/das-verlassenschaftsverfahren-einfach-und-schnell\/","url":"https:\/\/www.notariat-schoeffmann.at\/de\/erben-vererben\/verlassenschaftsverfahren\/das-verlassenschaftsverfahren-einfach-und-schnell\/","name":"Das Verlassenschaftsverfahren - einfach und schnell &#8211; Notariat Sch\u00f6ffmann","isPartOf":{"@id":"https:\/\/www.notariat-schoeffmann.at\/de\/#website"},"datePublished":"2021-08-09T09:20:24+00:00","dateModified":"2022-02-26T15:34:29+00:00","description":"Das Verlassenschaftsverfahren ist von allen gerichtlichen Verfahren jenes, das am allerwenigsten zu Beschwerden Anlass gibt.","breadcrumb":{"@id":"https:\/\/www.notariat-schoeffmann.at\/de\/erben-vererben\/verlassenschaftsverfahren\/das-verlassenschaftsverfahren-einfach-und-schnell\/#breadcrumb"},"inLanguage":"de","potentialAction":[{"@type":"ReadAction","target":["https:\/\/www.notariat-schoeffmann.at\/de\/erben-vererben\/verlassenschaftsverfahren\/das-verlassenschaftsverfahren-einfach-und-schnell\/"]}]},{"@type":"BreadcrumbList","@id":"https:\/\/www.notariat-schoeffmann.at\/de\/erben-vererben\/verlassenschaftsverfahren\/das-verlassenschaftsverfahren-einfach-und-schnell\/#breadcrumb","itemListElement":[{"@type":"ListItem","position":1,"name":"Startseite","item":"https:\/\/www.notariat-schoeffmann.at\/de\/"},{"@type":"ListItem","position":2,"name":"Was ist das Erbrecht?","item":"https:\/\/www.notariat-schoeffmann.at\/de\/erben-vererben\/"},{"@type":"ListItem","position":3,"name":"Verlassenschaftsverfahren","item":"https:\/\/www.notariat-schoeffmann.at\/de\/erben-vererben\/verlassenschaftsverfahren\/"},{"@type":"ListItem","position":4,"name":"Das Verlassenschaftsverfahren &#8211; einfach und schnell"}]},{"@type":"WebSite","@id":"https:\/\/www.notariat-schoeffmann.at\/de\/#website","url":"https:\/\/www.notariat-schoeffmann.at\/de\/","name":"Notariat Sch\u00f6ffmann","description":"Mag. Klaus Sch\u00f6ffmann - Ihr Notar in Klagenfurt","publisher":{"@id":"https:\/\/www.notariat-schoeffmann.at\/de\/#organization"},"potentialAction":[{"@type":"SearchAction","target":{"@type":"EntryPoint","urlTemplate":"https:\/\/www.notariat-schoeffmann.at\/de\/?s={search_term_string}"},"query-input":{"@type":"PropertyValueSpecification","valueRequired":true,"valueName":"search_term_string"}}],"inLanguage":"de"},{"@type":"Organization","@id":"https:\/\/www.notariat-schoeffmann.at\/de\/#organization","name":"Notariat Mag. Klaus Sch\u00f6ffmann Klagenfurt","url":"https:\/\/www.notariat-schoeffmann.at\/de\/","logo":{"@type":"ImageObject","inLanguage":"de","@id":"https:\/\/www.notariat-schoeffmann.at\/de\/#\/schema\/logo\/image\/","url":"https:\/\/www.notariat-schoeffmann.at\/wp-content\/uploads\/2022\/02\/logo-notariat-schoeffmann.jpg","contentUrl":"https:\/\/www.notariat-schoeffmann.at\/wp-content\/uploads\/2022\/02\/logo-notariat-schoeffmann.jpg","width":600,"height":600,"caption":"Notariat Mag. Klaus Sch\u00f6ffmann Klagenfurt"},"image":{"@id":"https:\/\/www.notariat-schoeffmann.at\/de\/#\/schema\/logo\/image\/"},"sameAs":["https:\/\/www.facebook.com\/NotarKlagenfurt","https:\/\/www.youtube.com\/channel\/UCaITfbIQh6VIpzEonUsIhcg"]}]}},"_links":{"self":[{"href":"https:\/\/www.notariat-schoeffmann.at\/de\/wp-json\/wp\/v2\/pages\/393","targetHints":{"allow":["GET"]}}],"collection":[{"href":"https:\/\/www.notariat-schoeffmann.at\/de\/wp-json\/wp\/v2\/pages"}],"about":[{"href":"https:\/\/www.notariat-schoeffmann.at\/de\/wp-json\/wp\/v2\/types\/page"}],"author":[{"embeddable":true,"href":"https:\/\/www.notariat-schoeffmann.at\/de\/wp-json\/wp\/v2\/users\/3"}],"replies":[{"embeddable":true,"href":"https:\/\/www.notariat-schoeffmann.at\/de\/wp-json\/wp\/v2\/comments?post=393"}],"version-history":[{"count":2,"href":"https:\/\/www.notariat-schoeffmann.at\/de\/wp-json\/wp\/v2\/pages\/393\/revisions"}],"predecessor-version":[{"id":1461,"href":"https:\/\/www.notariat-schoeffmann.at\/de\/wp-json\/wp\/v2\/pages\/393\/revisions\/1461"}],"up":[{"embeddable":true,"href":"https:\/\/www.notariat-schoeffmann.at\/de\/wp-json\/wp\/v2\/pages\/389"}],"wp:attachment":[{"href":"https:\/\/www.notariat-schoeffmann.at\/de\/wp-json\/wp\/v2\/media?parent=393"}],"wp:term":[{"taxonomy":"category","embeddable":true,"href":"https:\/\/www.notariat-schoeffmann.at\/de\/wp-json\/wp\/v2\/categories?post=393"}],"curies":[{"name":"wp","href":"https:\/\/api.w.org\/{rel}","templated":true}]}}