{"id":391,"date":"2021-08-09T11:19:50","date_gmt":"2021-08-09T09:19:50","guid":{"rendered":"https:\/\/www.notariat-schoeffmann.at\/?page_id=391"},"modified":"2022-02-26T16:32:47","modified_gmt":"2022-02-26T15:32:47","slug":"erbantrittserklaerung","status":"publish","type":"page","link":"https:\/\/www.notariat-schoeffmann.at\/de\/erben-vererben\/verlassenschaftsverfahren\/erbantrittserklaerung\/","title":{"rendered":"Erbantrittserkl\u00e4rung"},"content":{"rendered":"<p>Die Erben haben eine Erbantrittserkl\u00e4rung abzugeben, aufgrund welcher ihnen die Erbschaft mit Beschluss (Einantwortung) \u00fcbertragen wird. Hiebei ist auf die Unterschiede zwischen&nbsp;<b>bedingter<\/b>&nbsp;und&nbsp;<b>unbedingter<\/b>&nbsp;Erbantrittserkl\u00e4rung und die sich daraus ergebenden Haftungsfolgen f\u00fcr die Erben hinzuweisen.<\/p>\n<p>Bei einer&nbsp;<b>unbedingten Erbantrittserkl\u00e4rung<\/b>&nbsp;haften alle Erben zur ungeteilten Hand f\u00fcr alle Schulden des Verstorbenen, gleichg\u00fcltig ob sie derzeit schon bekannt sind oder erst sp\u00e4ter hervorkommen, zum Beispiel f\u00fcr B\u00fcrgschaften, Verbindlichkeiten aus selbst\u00e4ndiger oder freiberuflicher T\u00e4tigkeit und k\u00fcnftig vorzuschreibende Steuernachzahlungen, pers\u00f6nlich mit ihrem gesamten Verm\u00f6gen und zwar auch dann, wenn die H\u00f6he der Schulden den Verkehrswert der Verlassenschaftsaktiva \u00fcbersteigt.<\/p>\n<p>Bei einer&nbsp;<b>bedingten Erbantrittserkl\u00e4rung<\/b>&nbsp;ist das Verm\u00f6gen zu inventarisieren und zu sch\u00e4tzen.&nbsp;Daf\u00fcr werden oft Sachverst\u00e4ndige ben\u00f6tigt, die aus der Verlassenschaft bezahlt werden. Die Haftung ist dann jedoch grunds\u00e4tzlich mit dem Wert des \u00fcbernommenen Verm\u00f6gens begrenzt. Die einmal abgegebene Erbantrittserkl\u00e4rung ist unwiderruflich.<\/p>\n<p>Die Erben haben den Verm\u00e4chtnisnehmern deren Verm\u00e4chtnisse auszufolgen.<\/p>\n<p>Besondere Schutzvorschriften gelten, wenn Minderj\u00e4hrige oder Personen, denen ein gerichtlicher Erwachsenenvertreter beigegeben ist, erben sollen oder pflichtteilsberechtigt&nbsp; sind.<\/p>\n<p>\u00dcber die im Detail komplizierten Verfahrensvorschriften belehrt Sie der Notar als Gerichtskommiss\u00e4r unparteiisch und objektiv und leitet Sie im Verfahren auch an.<\/p>\n<p>Damit ist der Notar Garant daf\u00fcr, dass Sie Ihr Recht bekommen.<\/p>\n","protected":false},"excerpt":{"rendered":"<p>Die Erben haben eine Erbantrittserkl\u00e4rung abzugeben, aufgrund welcher ihnen die Erbschaft mit Beschluss (Einantwortung) \u00fcbertragen wird. Hiebei ist auf die Unterschiede zwischen&nbsp;bedingter&nbsp;und&nbsp;unbedingter&nbsp;Erbantrittserkl\u00e4rung und die sich daraus ergebenden Haftungsfolgen f\u00fcr die Erben hinzuweisen. Bei einer&nbsp;unbedingten Erbantrittserkl\u00e4rung&nbsp;haften alle Erben zur ungeteilten Hand f\u00fcr alle Schulden des Verstorbenen, gleichg\u00fcltig ob sie derzeit schon bekannt sind oder erst sp\u00e4ter&hellip;<\/p>\n","protected":false},"author":3,"featured_media":0,"parent":389,"menu_order":0,"comment_status":"closed","ping_status":"closed","template":"","meta":{"inline_featured_image":false,"footnotes":""},"categories":[],"class_list":["post-391","page","type-page","status-publish","hentry","description-off"],"yoast_head":"<!-- This site is optimized with the Yoast SEO Premium plugin v26.7 (Yoast SEO v27.4) - https:\/\/yoast.com\/product\/yoast-seo-premium-wordpress\/ -->\n<title>Erbantrittserkl\u00e4rung &#8211; Notariat Sch\u00f6ffmann<\/title>\n<meta name=\"description\" content=\"Damit den Erben mit Einantwortungsbeschluss die Erbschaft \u00fcbertragen werden kann, m\u00fcssen die Erben zun\u00e4chst eine Erbantrittserkl\u00e4rung abgeben.\" \/>\n<meta name=\"robots\" content=\"index, follow, max-snippet:-1, max-image-preview:large, max-video-preview:-1\" \/>\n<link rel=\"canonical\" href=\"https:\/\/www.notariat-schoeffmann.at\/de\/erben-vererben\/verlassenschaftsverfahren\/erbantrittserklaerung\/\" \/>\n<meta property=\"og:locale\" content=\"de_DE\" \/>\n<meta property=\"og:type\" content=\"article\" \/>\n<meta property=\"og:title\" content=\"Erbantrittserkl\u00e4rung - Notariat Sch\u00f6ffmann\" \/>\n<meta property=\"og:description\" content=\"Damit den Erben mit Einantwortungsbeschluss die Erbschaft \u00fcbertragen werden kann, m\u00fcssen die Erben zun\u00e4chst eine Erbantrittserkl\u00e4rung abgeben.\" \/>\n<meta property=\"og:url\" content=\"https:\/\/www.notariat-schoeffmann.at\/de\/erben-vererben\/verlassenschaftsverfahren\/erbantrittserklaerung\/\" \/>\n<meta property=\"og:site_name\" content=\"Notariat Sch\u00f6ffmann\" \/>\n<meta property=\"article:publisher\" content=\"https:\/\/www.facebook.com\/NotarKlagenfurt\" \/>\n<meta property=\"article:modified_time\" content=\"2022-02-26T15:32:47+00:00\" \/>\n<meta property=\"og:image\" content=\"https:\/\/www.notariat-schoeffmann.at\/wp-content\/uploads\/2021\/11\/Juristen-1.jpg\" \/>\n\t<meta property=\"og:image:width\" content=\"1600\" \/>\n\t<meta property=\"og:image:height\" content=\"1067\" \/>\n\t<meta property=\"og:image:type\" content=\"image\/jpeg\" \/>\n<meta name=\"twitter:card\" content=\"summary_large_image\" \/>\n<script type=\"application\/ld+json\" class=\"yoast-schema-graph\">{\"@context\":\"https:\\\/\\\/schema.org\",\"@graph\":[{\"@type\":\"WebPage\",\"@id\":\"https:\\\/\\\/www.notariat-schoeffmann.at\\\/de\\\/erben-vererben\\\/verlassenschaftsverfahren\\\/erbantrittserklaerung\\\/\",\"url\":\"https:\\\/\\\/www.notariat-schoeffmann.at\\\/de\\\/erben-vererben\\\/verlassenschaftsverfahren\\\/erbantrittserklaerung\\\/\",\"name\":\"Erbantrittserkl\u00e4rung &#8211; Notariat Sch\u00f6ffmann\",\"isPartOf\":{\"@id\":\"https:\\\/\\\/www.notariat-schoeffmann.at\\\/de\\\/#website\"},\"datePublished\":\"2021-08-09T09:19:50+00:00\",\"dateModified\":\"2022-02-26T15:32:47+00:00\",\"description\":\"Damit den Erben mit Einantwortungsbeschluss die Erbschaft \u00fcbertragen werden kann, m\u00fcssen die Erben zun\u00e4chst eine Erbantrittserkl\u00e4rung abgeben.\",\"breadcrumb\":{\"@id\":\"https:\\\/\\\/www.notariat-schoeffmann.at\\\/de\\\/erben-vererben\\\/verlassenschaftsverfahren\\\/erbantrittserklaerung\\\/#breadcrumb\"},\"inLanguage\":\"de\",\"potentialAction\":[{\"@type\":\"ReadAction\",\"target\":[\"https:\\\/\\\/www.notariat-schoeffmann.at\\\/de\\\/erben-vererben\\\/verlassenschaftsverfahren\\\/erbantrittserklaerung\\\/\"]}]},{\"@type\":\"BreadcrumbList\",\"@id\":\"https:\\\/\\\/www.notariat-schoeffmann.at\\\/de\\\/erben-vererben\\\/verlassenschaftsverfahren\\\/erbantrittserklaerung\\\/#breadcrumb\",\"itemListElement\":[{\"@type\":\"ListItem\",\"position\":1,\"name\":\"Startseite\",\"item\":\"https:\\\/\\\/www.notariat-schoeffmann.at\\\/de\\\/\"},{\"@type\":\"ListItem\",\"position\":2,\"name\":\"Was ist das Erbrecht?\",\"item\":\"https:\\\/\\\/www.notariat-schoeffmann.at\\\/de\\\/erben-vererben\\\/\"},{\"@type\":\"ListItem\",\"position\":3,\"name\":\"Verlassenschaftsverfahren\",\"item\":\"https:\\\/\\\/www.notariat-schoeffmann.at\\\/de\\\/erben-vererben\\\/verlassenschaftsverfahren\\\/\"},{\"@type\":\"ListItem\",\"position\":4,\"name\":\"Erbantrittserkl\u00e4rung\"}]},{\"@type\":\"WebSite\",\"@id\":\"https:\\\/\\\/www.notariat-schoeffmann.at\\\/de\\\/#website\",\"url\":\"https:\\\/\\\/www.notariat-schoeffmann.at\\\/de\\\/\",\"name\":\"Notariat Sch\u00f6ffmann\",\"description\":\"Mag. Klaus Sch\u00f6ffmann - Ihr Notar in Klagenfurt\",\"publisher\":{\"@id\":\"https:\\\/\\\/www.notariat-schoeffmann.at\\\/de\\\/#organization\"},\"potentialAction\":[{\"@type\":\"SearchAction\",\"target\":{\"@type\":\"EntryPoint\",\"urlTemplate\":\"https:\\\/\\\/www.notariat-schoeffmann.at\\\/de\\\/?s={search_term_string}\"},\"query-input\":{\"@type\":\"PropertyValueSpecification\",\"valueRequired\":true,\"valueName\":\"search_term_string\"}}],\"inLanguage\":\"de\"},{\"@type\":\"Organization\",\"@id\":\"https:\\\/\\\/www.notariat-schoeffmann.at\\\/de\\\/#organization\",\"name\":\"Notariat Mag. Klaus Sch\u00f6ffmann Klagenfurt\",\"url\":\"https:\\\/\\\/www.notariat-schoeffmann.at\\\/de\\\/\",\"logo\":{\"@type\":\"ImageObject\",\"inLanguage\":\"de\",\"@id\":\"https:\\\/\\\/www.notariat-schoeffmann.at\\\/de\\\/#\\\/schema\\\/logo\\\/image\\\/\",\"url\":\"https:\\\/\\\/www.notariat-schoeffmann.at\\\/wp-content\\\/uploads\\\/2022\\\/02\\\/logo-notariat-schoeffmann.jpg\",\"contentUrl\":\"https:\\\/\\\/www.notariat-schoeffmann.at\\\/wp-content\\\/uploads\\\/2022\\\/02\\\/logo-notariat-schoeffmann.jpg\",\"width\":600,\"height\":600,\"caption\":\"Notariat Mag. Klaus Sch\u00f6ffmann Klagenfurt\"},\"image\":{\"@id\":\"https:\\\/\\\/www.notariat-schoeffmann.at\\\/de\\\/#\\\/schema\\\/logo\\\/image\\\/\"},\"sameAs\":[\"https:\\\/\\\/www.facebook.com\\\/NotarKlagenfurt\",\"https:\\\/\\\/www.youtube.com\\\/channel\\\/UCaITfbIQh6VIpzEonUsIhcg\"]}]}<\/script>\n<!-- \/ Yoast SEO Premium plugin. -->","yoast_head_json":{"title":"Erbantrittserkl\u00e4rung &#8211; Notariat Sch\u00f6ffmann","description":"Damit den Erben mit Einantwortungsbeschluss die Erbschaft \u00fcbertragen werden kann, m\u00fcssen die Erben zun\u00e4chst eine Erbantrittserkl\u00e4rung abgeben.","robots":{"index":"index","follow":"follow","max-snippet":"max-snippet:-1","max-image-preview":"max-image-preview:large","max-video-preview":"max-video-preview:-1"},"canonical":"https:\/\/www.notariat-schoeffmann.at\/de\/erben-vererben\/verlassenschaftsverfahren\/erbantrittserklaerung\/","og_locale":"de_DE","og_type":"article","og_title":"Erbantrittserkl\u00e4rung - Notariat Sch\u00f6ffmann","og_description":"Damit den Erben mit Einantwortungsbeschluss die Erbschaft \u00fcbertragen werden kann, m\u00fcssen die Erben zun\u00e4chst eine Erbantrittserkl\u00e4rung abgeben.","og_url":"https:\/\/www.notariat-schoeffmann.at\/de\/erben-vererben\/verlassenschaftsverfahren\/erbantrittserklaerung\/","og_site_name":"Notariat Sch\u00f6ffmann","article_publisher":"https:\/\/www.facebook.com\/NotarKlagenfurt","article_modified_time":"2022-02-26T15:32:47+00:00","og_image":[{"width":1600,"height":1067,"url":"https:\/\/www.notariat-schoeffmann.at\/wp-content\/uploads\/2021\/11\/Juristen-1.jpg","type":"image\/jpeg"}],"twitter_card":"summary_large_image","schema":{"@context":"https:\/\/schema.org","@graph":[{"@type":"WebPage","@id":"https:\/\/www.notariat-schoeffmann.at\/de\/erben-vererben\/verlassenschaftsverfahren\/erbantrittserklaerung\/","url":"https:\/\/www.notariat-schoeffmann.at\/de\/erben-vererben\/verlassenschaftsverfahren\/erbantrittserklaerung\/","name":"Erbantrittserkl\u00e4rung &#8211; Notariat Sch\u00f6ffmann","isPartOf":{"@id":"https:\/\/www.notariat-schoeffmann.at\/de\/#website"},"datePublished":"2021-08-09T09:19:50+00:00","dateModified":"2022-02-26T15:32:47+00:00","description":"Damit den Erben mit Einantwortungsbeschluss die Erbschaft \u00fcbertragen werden kann, m\u00fcssen die Erben zun\u00e4chst eine Erbantrittserkl\u00e4rung abgeben.","breadcrumb":{"@id":"https:\/\/www.notariat-schoeffmann.at\/de\/erben-vererben\/verlassenschaftsverfahren\/erbantrittserklaerung\/#breadcrumb"},"inLanguage":"de","potentialAction":[{"@type":"ReadAction","target":["https:\/\/www.notariat-schoeffmann.at\/de\/erben-vererben\/verlassenschaftsverfahren\/erbantrittserklaerung\/"]}]},{"@type":"BreadcrumbList","@id":"https:\/\/www.notariat-schoeffmann.at\/de\/erben-vererben\/verlassenschaftsverfahren\/erbantrittserklaerung\/#breadcrumb","itemListElement":[{"@type":"ListItem","position":1,"name":"Startseite","item":"https:\/\/www.notariat-schoeffmann.at\/de\/"},{"@type":"ListItem","position":2,"name":"Was ist das Erbrecht?","item":"https:\/\/www.notariat-schoeffmann.at\/de\/erben-vererben\/"},{"@type":"ListItem","position":3,"name":"Verlassenschaftsverfahren","item":"https:\/\/www.notariat-schoeffmann.at\/de\/erben-vererben\/verlassenschaftsverfahren\/"},{"@type":"ListItem","position":4,"name":"Erbantrittserkl\u00e4rung"}]},{"@type":"WebSite","@id":"https:\/\/www.notariat-schoeffmann.at\/de\/#website","url":"https:\/\/www.notariat-schoeffmann.at\/de\/","name":"Notariat Sch\u00f6ffmann","description":"Mag. Klaus Sch\u00f6ffmann - Ihr Notar in Klagenfurt","publisher":{"@id":"https:\/\/www.notariat-schoeffmann.at\/de\/#organization"},"potentialAction":[{"@type":"SearchAction","target":{"@type":"EntryPoint","urlTemplate":"https:\/\/www.notariat-schoeffmann.at\/de\/?s={search_term_string}"},"query-input":{"@type":"PropertyValueSpecification","valueRequired":true,"valueName":"search_term_string"}}],"inLanguage":"de"},{"@type":"Organization","@id":"https:\/\/www.notariat-schoeffmann.at\/de\/#organization","name":"Notariat Mag. Klaus Sch\u00f6ffmann Klagenfurt","url":"https:\/\/www.notariat-schoeffmann.at\/de\/","logo":{"@type":"ImageObject","inLanguage":"de","@id":"https:\/\/www.notariat-schoeffmann.at\/de\/#\/schema\/logo\/image\/","url":"https:\/\/www.notariat-schoeffmann.at\/wp-content\/uploads\/2022\/02\/logo-notariat-schoeffmann.jpg","contentUrl":"https:\/\/www.notariat-schoeffmann.at\/wp-content\/uploads\/2022\/02\/logo-notariat-schoeffmann.jpg","width":600,"height":600,"caption":"Notariat Mag. Klaus Sch\u00f6ffmann Klagenfurt"},"image":{"@id":"https:\/\/www.notariat-schoeffmann.at\/de\/#\/schema\/logo\/image\/"},"sameAs":["https:\/\/www.facebook.com\/NotarKlagenfurt","https:\/\/www.youtube.com\/channel\/UCaITfbIQh6VIpzEonUsIhcg"]}]}},"_links":{"self":[{"href":"https:\/\/www.notariat-schoeffmann.at\/de\/wp-json\/wp\/v2\/pages\/391","targetHints":{"allow":["GET"]}}],"collection":[{"href":"https:\/\/www.notariat-schoeffmann.at\/de\/wp-json\/wp\/v2\/pages"}],"about":[{"href":"https:\/\/www.notariat-schoeffmann.at\/de\/wp-json\/wp\/v2\/types\/page"}],"author":[{"embeddable":true,"href":"https:\/\/www.notariat-schoeffmann.at\/de\/wp-json\/wp\/v2\/users\/3"}],"replies":[{"embeddable":true,"href":"https:\/\/www.notariat-schoeffmann.at\/de\/wp-json\/wp\/v2\/comments?post=391"}],"version-history":[{"count":3,"href":"https:\/\/www.notariat-schoeffmann.at\/de\/wp-json\/wp\/v2\/pages\/391\/revisions"}],"predecessor-version":[{"id":2061,"href":"https:\/\/www.notariat-schoeffmann.at\/de\/wp-json\/wp\/v2\/pages\/391\/revisions\/2061"}],"up":[{"embeddable":true,"href":"https:\/\/www.notariat-schoeffmann.at\/de\/wp-json\/wp\/v2\/pages\/389"}],"wp:attachment":[{"href":"https:\/\/www.notariat-schoeffmann.at\/de\/wp-json\/wp\/v2\/media?parent=391"}],"wp:term":[{"taxonomy":"category","embeddable":true,"href":"https:\/\/www.notariat-schoeffmann.at\/de\/wp-json\/wp\/v2\/categories?post=391"}],"curies":[{"name":"wp","href":"https:\/\/api.w.org\/{rel}","templated":true}]}}