{"id":389,"date":"2021-08-09T11:18:41","date_gmt":"2021-08-09T09:18:41","guid":{"rendered":"https:\/\/www.notariat-schoeffmann.at\/?page_id=389"},"modified":"2022-03-19T10:15:20","modified_gmt":"2022-03-19T09:15:20","slug":"verlassenschaftsverfahren","status":"publish","type":"page","link":"https:\/\/www.notariat-schoeffmann.at\/de\/erben-vererben\/verlassenschaftsverfahren\/","title":{"rendered":"Verlassenschaftsverfahren"},"content":{"rendered":"\n<p>Niemand darf in \u00d6sterreich eine Erbschaft eigenm\u00e4chtig in Besitz nehmen. Um das Verm\u00f6gen der verstorbenen Person ordnungsgem\u00e4\u00df an die Erben zu \u00fcbertragen, ist ein&nbsp;<b>Verlassenschaftsverfahren&nbsp;<\/b>n\u00f6tig.<\/p>\n\n\n\n<p>F\u00fcr jeden Sterbefall ist zun\u00e4chst bei dem Notar, den das zust\u00e4ndige Bezirksgericht am Wohnsitz des Verstorbenen als Gerichtskommiss\u00e4r&nbsp;benennt, eine&nbsp;<b>Todesfallsaufnahme<\/b> zu errichten. Dazu werden Personen eingeladen, die \u00fcber die pers\u00f6nlichen und verm\u00f6gensrechtlichen Angelegenheiten der verstorbenen Person Auskunft geben k\u00f6nnen.<\/p>\n\n\n\n<p>Ist Verm\u00f6gen vorhanden und \u00fcbersteigt dieses Verm\u00f6gen die Geringf\u00fcgigkeitsgrenze&nbsp;von EUR 5.000,-, so&nbsp;kommt es jedenfalls zu einer&nbsp;<b>Verlassenschaftsabhandlung<\/b>. Ist das Verm\u00f6gen geringer als EUR 5.000,- oder ist die Verlassenschaft \u00fcberschuldet, kommt es zu einem abgek\u00fcrzten Verfahren.<\/p>\n\n\n\n<p>Im Rahmen der Verlassenschaftsabhandlung hat der Notar die Familien- und Verm\u00f6gensverh\u00e4ltnisse zu erforschen, die Erben und Pflichtteilsberechtigten auszuforschen und sie \u00fcber\u00a0ihre Rechte und Pflichten zu belehren. Dabei ist er stets unparteiischer Beauftragter des Gerichts. In diesem Verfahrensabschnitt haben die Erben eine bedingte oder unbedingte\u00a0<a href=\"https:\/\/www.notariat-schoeffmann.at\/erben-vererben\/verlassenschaftsverfahren\/erbantrittserklaerung\/\">Erbantrittserkl\u00e4rung\u00a0<\/a>abzugeben oder zu erkl\u00e4ren, dass sie die Erbschaft ausschlagen.<\/p>\n\n\n\n<p>Beendet wird das Verlassenschaftsverfahren mit dem&nbsp;<b>Einantwortungsbeschluss<\/b>. Wird der Einantwortungsbeschluss rechtskr\u00e4ftig, erlangen die Erben das Eigentum an den geerbten Verlassenschaftsgegenst\u00e4nden. Sie werden auch Schuldner der Forderungen gegen die Verlassenschaft.<\/p>\n","protected":false},"excerpt":{"rendered":"<p>Niemand darf in \u00d6sterreich eine Erbschaft eigenm\u00e4chtig in Besitz nehmen. Um das Verm\u00f6gen der verstorbenen Person ordnungsgem\u00e4\u00df an die Erben zu \u00fcbertragen, ist ein&nbsp;Verlassenschaftsverfahren&nbsp;n\u00f6tig. F\u00fcr jeden Sterbefall ist zun\u00e4chst bei dem Notar, den das zust\u00e4ndige Bezirksgericht am Wohnsitz des Verstorbenen als Gerichtskommiss\u00e4r&nbsp;benennt, eine&nbsp;Todesfallsaufnahme zu errichten. Dazu werden Personen eingeladen, die \u00fcber die pers\u00f6nlichen und verm\u00f6gensrechtlichen&hellip;<\/p>\n","protected":false},"author":3,"featured_media":0,"parent":305,"menu_order":13,"comment_status":"closed","ping_status":"closed","template":"","meta":{"inline_featured_image":false,"footnotes":""},"categories":[],"class_list":["post-389","page","type-page","status-publish","hentry","description-off"],"yoast_head":"<!-- This site is optimized with the Yoast SEO Premium plugin v26.7 (Yoast SEO v27.4) - https:\/\/yoast.com\/product\/yoast-seo-premium-wordpress\/ -->\n<title>Verlassenschaftsverfahren &#8211; Notariat Sch\u00f6ffmann<\/title>\n<meta name=\"description\" content=\"Niemand darf eine Erbschaft eigenm\u00e4chtig in Besitz nehmen. Um das Verm\u00f6gen ordnungsgem\u00e4\u00df an die Erben zu \u00fcbertragen, ist ein Verlassenschaftsverfahren n\u00f6tig.\" \/>\n<meta name=\"robots\" content=\"index, follow, max-snippet:-1, max-image-preview:large, max-video-preview:-1\" \/>\n<link rel=\"canonical\" href=\"https:\/\/www.notariat-schoeffmann.at\/de\/erben-vererben\/verlassenschaftsverfahren\/\" \/>\n<meta property=\"og:locale\" content=\"de_DE\" \/>\n<meta property=\"og:type\" content=\"article\" \/>\n<meta property=\"og:title\" content=\"Verlassenschaftsverfahren - Notariat Sch\u00f6ffmann\" \/>\n<meta property=\"og:description\" content=\"Niemand darf eine Erbschaft eigenm\u00e4chtig in Besitz nehmen. Um das Verm\u00f6gen ordnungsgem\u00e4\u00df an die Erben zu \u00fcbertragen, ist ein Verlassenschaftsverfahren n\u00f6tig.\" \/>\n<meta property=\"og:url\" content=\"https:\/\/www.notariat-schoeffmann.at\/de\/erben-vererben\/verlassenschaftsverfahren\/\" \/>\n<meta property=\"og:site_name\" content=\"Notariat Sch\u00f6ffmann\" \/>\n<meta property=\"article:publisher\" content=\"https:\/\/www.facebook.com\/NotarKlagenfurt\" \/>\n<meta property=\"article:modified_time\" content=\"2022-03-19T09:15:20+00:00\" \/>\n<meta property=\"og:image\" content=\"https:\/\/www.notariat-schoeffmann.at\/wp-content\/uploads\/2021\/11\/Juristen-1.jpg\" \/>\n\t<meta property=\"og:image:width\" content=\"1600\" \/>\n\t<meta property=\"og:image:height\" content=\"1067\" \/>\n\t<meta property=\"og:image:type\" content=\"image\/jpeg\" \/>\n<meta name=\"twitter:card\" content=\"summary_large_image\" \/>\n<script type=\"application\/ld+json\" class=\"yoast-schema-graph\">{\"@context\":\"https:\\\/\\\/schema.org\",\"@graph\":[{\"@type\":\"WebPage\",\"@id\":\"https:\\\/\\\/www.notariat-schoeffmann.at\\\/de\\\/erben-vererben\\\/verlassenschaftsverfahren\\\/\",\"url\":\"https:\\\/\\\/www.notariat-schoeffmann.at\\\/de\\\/erben-vererben\\\/verlassenschaftsverfahren\\\/\",\"name\":\"Verlassenschaftsverfahren &#8211; Notariat Sch\u00f6ffmann\",\"isPartOf\":{\"@id\":\"https:\\\/\\\/www.notariat-schoeffmann.at\\\/de\\\/#website\"},\"datePublished\":\"2021-08-09T09:18:41+00:00\",\"dateModified\":\"2022-03-19T09:15:20+00:00\",\"description\":\"Niemand darf eine Erbschaft eigenm\u00e4chtig in Besitz nehmen. Um das Verm\u00f6gen ordnungsgem\u00e4\u00df an die Erben zu \u00fcbertragen, ist ein Verlassenschaftsverfahren n\u00f6tig.\",\"breadcrumb\":{\"@id\":\"https:\\\/\\\/www.notariat-schoeffmann.at\\\/de\\\/erben-vererben\\\/verlassenschaftsverfahren\\\/#breadcrumb\"},\"inLanguage\":\"de\",\"potentialAction\":[{\"@type\":\"ReadAction\",\"target\":[\"https:\\\/\\\/www.notariat-schoeffmann.at\\\/de\\\/erben-vererben\\\/verlassenschaftsverfahren\\\/\"]}]},{\"@type\":\"BreadcrumbList\",\"@id\":\"https:\\\/\\\/www.notariat-schoeffmann.at\\\/de\\\/erben-vererben\\\/verlassenschaftsverfahren\\\/#breadcrumb\",\"itemListElement\":[{\"@type\":\"ListItem\",\"position\":1,\"name\":\"Startseite\",\"item\":\"https:\\\/\\\/www.notariat-schoeffmann.at\\\/de\\\/\"},{\"@type\":\"ListItem\",\"position\":2,\"name\":\"Was ist das Erbrecht?\",\"item\":\"https:\\\/\\\/www.notariat-schoeffmann.at\\\/de\\\/erben-vererben\\\/\"},{\"@type\":\"ListItem\",\"position\":3,\"name\":\"Verlassenschaftsverfahren\"}]},{\"@type\":\"WebSite\",\"@id\":\"https:\\\/\\\/www.notariat-schoeffmann.at\\\/de\\\/#website\",\"url\":\"https:\\\/\\\/www.notariat-schoeffmann.at\\\/de\\\/\",\"name\":\"Notariat Sch\u00f6ffmann\",\"description\":\"Mag. Klaus Sch\u00f6ffmann - Ihr Notar in Klagenfurt\",\"publisher\":{\"@id\":\"https:\\\/\\\/www.notariat-schoeffmann.at\\\/de\\\/#organization\"},\"potentialAction\":[{\"@type\":\"SearchAction\",\"target\":{\"@type\":\"EntryPoint\",\"urlTemplate\":\"https:\\\/\\\/www.notariat-schoeffmann.at\\\/de\\\/?s={search_term_string}\"},\"query-input\":{\"@type\":\"PropertyValueSpecification\",\"valueRequired\":true,\"valueName\":\"search_term_string\"}}],\"inLanguage\":\"de\"},{\"@type\":\"Organization\",\"@id\":\"https:\\\/\\\/www.notariat-schoeffmann.at\\\/de\\\/#organization\",\"name\":\"Notariat Mag. Klaus Sch\u00f6ffmann Klagenfurt\",\"url\":\"https:\\\/\\\/www.notariat-schoeffmann.at\\\/de\\\/\",\"logo\":{\"@type\":\"ImageObject\",\"inLanguage\":\"de\",\"@id\":\"https:\\\/\\\/www.notariat-schoeffmann.at\\\/de\\\/#\\\/schema\\\/logo\\\/image\\\/\",\"url\":\"https:\\\/\\\/www.notariat-schoeffmann.at\\\/wp-content\\\/uploads\\\/2022\\\/02\\\/logo-notariat-schoeffmann.jpg\",\"contentUrl\":\"https:\\\/\\\/www.notariat-schoeffmann.at\\\/wp-content\\\/uploads\\\/2022\\\/02\\\/logo-notariat-schoeffmann.jpg\",\"width\":600,\"height\":600,\"caption\":\"Notariat Mag. Klaus Sch\u00f6ffmann Klagenfurt\"},\"image\":{\"@id\":\"https:\\\/\\\/www.notariat-schoeffmann.at\\\/de\\\/#\\\/schema\\\/logo\\\/image\\\/\"},\"sameAs\":[\"https:\\\/\\\/www.facebook.com\\\/NotarKlagenfurt\",\"https:\\\/\\\/www.youtube.com\\\/channel\\\/UCaITfbIQh6VIpzEonUsIhcg\"]}]}<\/script>\n<!-- \/ Yoast SEO Premium plugin. -->","yoast_head_json":{"title":"Verlassenschaftsverfahren &#8211; Notariat Sch\u00f6ffmann","description":"Niemand darf eine Erbschaft eigenm\u00e4chtig in Besitz nehmen. Um das Verm\u00f6gen ordnungsgem\u00e4\u00df an die Erben zu \u00fcbertragen, ist ein Verlassenschaftsverfahren n\u00f6tig.","robots":{"index":"index","follow":"follow","max-snippet":"max-snippet:-1","max-image-preview":"max-image-preview:large","max-video-preview":"max-video-preview:-1"},"canonical":"https:\/\/www.notariat-schoeffmann.at\/de\/erben-vererben\/verlassenschaftsverfahren\/","og_locale":"de_DE","og_type":"article","og_title":"Verlassenschaftsverfahren - Notariat Sch\u00f6ffmann","og_description":"Niemand darf eine Erbschaft eigenm\u00e4chtig in Besitz nehmen. Um das Verm\u00f6gen ordnungsgem\u00e4\u00df an die Erben zu \u00fcbertragen, ist ein Verlassenschaftsverfahren n\u00f6tig.","og_url":"https:\/\/www.notariat-schoeffmann.at\/de\/erben-vererben\/verlassenschaftsverfahren\/","og_site_name":"Notariat Sch\u00f6ffmann","article_publisher":"https:\/\/www.facebook.com\/NotarKlagenfurt","article_modified_time":"2022-03-19T09:15:20+00:00","og_image":[{"width":1600,"height":1067,"url":"https:\/\/www.notariat-schoeffmann.at\/wp-content\/uploads\/2021\/11\/Juristen-1.jpg","type":"image\/jpeg"}],"twitter_card":"summary_large_image","schema":{"@context":"https:\/\/schema.org","@graph":[{"@type":"WebPage","@id":"https:\/\/www.notariat-schoeffmann.at\/de\/erben-vererben\/verlassenschaftsverfahren\/","url":"https:\/\/www.notariat-schoeffmann.at\/de\/erben-vererben\/verlassenschaftsverfahren\/","name":"Verlassenschaftsverfahren &#8211; Notariat Sch\u00f6ffmann","isPartOf":{"@id":"https:\/\/www.notariat-schoeffmann.at\/de\/#website"},"datePublished":"2021-08-09T09:18:41+00:00","dateModified":"2022-03-19T09:15:20+00:00","description":"Niemand darf eine Erbschaft eigenm\u00e4chtig in Besitz nehmen. Um das Verm\u00f6gen ordnungsgem\u00e4\u00df an die Erben zu \u00fcbertragen, ist ein Verlassenschaftsverfahren n\u00f6tig.","breadcrumb":{"@id":"https:\/\/www.notariat-schoeffmann.at\/de\/erben-vererben\/verlassenschaftsverfahren\/#breadcrumb"},"inLanguage":"de","potentialAction":[{"@type":"ReadAction","target":["https:\/\/www.notariat-schoeffmann.at\/de\/erben-vererben\/verlassenschaftsverfahren\/"]}]},{"@type":"BreadcrumbList","@id":"https:\/\/www.notariat-schoeffmann.at\/de\/erben-vererben\/verlassenschaftsverfahren\/#breadcrumb","itemListElement":[{"@type":"ListItem","position":1,"name":"Startseite","item":"https:\/\/www.notariat-schoeffmann.at\/de\/"},{"@type":"ListItem","position":2,"name":"Was ist das Erbrecht?","item":"https:\/\/www.notariat-schoeffmann.at\/de\/erben-vererben\/"},{"@type":"ListItem","position":3,"name":"Verlassenschaftsverfahren"}]},{"@type":"WebSite","@id":"https:\/\/www.notariat-schoeffmann.at\/de\/#website","url":"https:\/\/www.notariat-schoeffmann.at\/de\/","name":"Notariat Sch\u00f6ffmann","description":"Mag. Klaus Sch\u00f6ffmann - Ihr Notar in Klagenfurt","publisher":{"@id":"https:\/\/www.notariat-schoeffmann.at\/de\/#organization"},"potentialAction":[{"@type":"SearchAction","target":{"@type":"EntryPoint","urlTemplate":"https:\/\/www.notariat-schoeffmann.at\/de\/?s={search_term_string}"},"query-input":{"@type":"PropertyValueSpecification","valueRequired":true,"valueName":"search_term_string"}}],"inLanguage":"de"},{"@type":"Organization","@id":"https:\/\/www.notariat-schoeffmann.at\/de\/#organization","name":"Notariat Mag. Klaus Sch\u00f6ffmann Klagenfurt","url":"https:\/\/www.notariat-schoeffmann.at\/de\/","logo":{"@type":"ImageObject","inLanguage":"de","@id":"https:\/\/www.notariat-schoeffmann.at\/de\/#\/schema\/logo\/image\/","url":"https:\/\/www.notariat-schoeffmann.at\/wp-content\/uploads\/2022\/02\/logo-notariat-schoeffmann.jpg","contentUrl":"https:\/\/www.notariat-schoeffmann.at\/wp-content\/uploads\/2022\/02\/logo-notariat-schoeffmann.jpg","width":600,"height":600,"caption":"Notariat Mag. Klaus Sch\u00f6ffmann Klagenfurt"},"image":{"@id":"https:\/\/www.notariat-schoeffmann.at\/de\/#\/schema\/logo\/image\/"},"sameAs":["https:\/\/www.facebook.com\/NotarKlagenfurt","https:\/\/www.youtube.com\/channel\/UCaITfbIQh6VIpzEonUsIhcg"]}]}},"_links":{"self":[{"href":"https:\/\/www.notariat-schoeffmann.at\/de\/wp-json\/wp\/v2\/pages\/389","targetHints":{"allow":["GET"]}}],"collection":[{"href":"https:\/\/www.notariat-schoeffmann.at\/de\/wp-json\/wp\/v2\/pages"}],"about":[{"href":"https:\/\/www.notariat-schoeffmann.at\/de\/wp-json\/wp\/v2\/types\/page"}],"author":[{"embeddable":true,"href":"https:\/\/www.notariat-schoeffmann.at\/de\/wp-json\/wp\/v2\/users\/3"}],"replies":[{"embeddable":true,"href":"https:\/\/www.notariat-schoeffmann.at\/de\/wp-json\/wp\/v2\/comments?post=389"}],"version-history":[{"count":5,"href":"https:\/\/www.notariat-schoeffmann.at\/de\/wp-json\/wp\/v2\/pages\/389\/revisions"}],"predecessor-version":[{"id":2636,"href":"https:\/\/www.notariat-schoeffmann.at\/de\/wp-json\/wp\/v2\/pages\/389\/revisions\/2636"}],"up":[{"embeddable":true,"href":"https:\/\/www.notariat-schoeffmann.at\/de\/wp-json\/wp\/v2\/pages\/305"}],"wp:attachment":[{"href":"https:\/\/www.notariat-schoeffmann.at\/de\/wp-json\/wp\/v2\/media?parent=389"}],"wp:term":[{"taxonomy":"category","embeddable":true,"href":"https:\/\/www.notariat-schoeffmann.at\/de\/wp-json\/wp\/v2\/categories?post=389"}],"curies":[{"name":"wp","href":"https:\/\/api.w.org\/{rel}","templated":true}]}}