{"id":387,"date":"2021-08-09T11:18:08","date_gmt":"2021-08-09T09:18:08","guid":{"rendered":"https:\/\/www.notariat-schoeffmann.at\/?page_id=387"},"modified":"2022-03-05T09:22:04","modified_gmt":"2022-03-05T08:22:04","slug":"die-baeuerliche-erbfolge","status":"publish","type":"page","link":"https:\/\/www.notariat-schoeffmann.at\/de\/erben-vererben\/die-baeuerliche-erbfolge\/","title":{"rendered":"Die b\u00e4uerliche Erbfolge"},"content":{"rendered":"<div class=\"lazyblock-infobox-Z2i9lDG wp-block-lazyblock-infobox\"><div class=\"notar_einleitung\">\n\n  <div class=\"notar_einleitung_wrapper\"><p>F\u00fcr die Erbfolge im l\u00e4ndlichen Bereich bestehen Sonderregeln. Das H\u00f6ferecht (Anerbenrecht) soll sicherstellen, dass landwirtschaftliche Betriebe auch im Fall des Ablebens des Betriebsf\u00fchrers durch dessen Erben weitergef\u00fchrt werden k\u00f6nnen und nicht zur Berichtigung von Erb- oder Pflichtteilsforderungen zerteilt oder verkauft werden m\u00fcssen.<\/p><\/div>\n<\/div>\n<\/div>\n\n\n<p><\/p>\n\n\n\n<h2 class=\"wp-block-heading\">Was ist ein Erbhof?<\/h2>\n\n\n\n<p>Voraussetzung f\u00fcr die Anwendung des H\u00f6ferechtes ist das Vorliegen eines Erbhofes. Dieser ist nach K\u00e4rntner Erbh\u00f6fegesetz ein landwirtschaftlicher, mit einer Hofstelle versehener Betrieb mittlerer Gr\u00f6\u00dfe, dessen Fl\u00e4chenausma\u00df wenigstens 5 Hektar betr\u00e4gt und dessen Durchschnittsertrag das Sechsfache des zur Erhaltung einer f\u00fcnfk\u00f6pfigen Familie Erforderlichen nicht \u00fcbersteigt.<\/p>\n\n\n\n<p>In der Regel wird &#8211; wenn ein Erbhof vorliegt &#8211; ein Anerbe (Hof\u00fcbernehmer) zu bestimmen sein, der den Hof zum \u00dcbernahmspreis erwirbt und der nur einen \u00dcbernahmspreis an die Verlassenschaft zu zahlen hat. Der \u00dcbernahmspreis wird unter der Pr\u00e4misse ermittelt, welche Zahlungen dem Anerben zumutbar sind, wenn daneben der Hof als lebender Betrieb weitergef\u00fchrt wird.<\/p>\n\n\n\n<p>Die Pflichtteilsberechtigten erhalten dann ihre Pflichtteilsquote nicht vom tats\u00e4chlichen Wert des Hofes sondern vom \u00dcbernahmspreis. Damit soll sichergestellt werden, dass die Existenz b\u00e4uerlicher Betriebe nicht durch Erbg\u00e4nge gef\u00e4hrdet wird.<\/p>\n\n\n\n<p>Bei Vorliegen eines Erbhofes belehrt Sie der Notar bei der Testamentserrichtung \u00fcber die M\u00f6glichkeiten im Zusammenhang mit dem H\u00f6ferecht.<\/p>\n","protected":false},"excerpt":{"rendered":"<p>Was ist ein Erbhof? Voraussetzung f\u00fcr die Anwendung des H\u00f6ferechtes ist das Vorliegen eines Erbhofes. Dieser ist nach K\u00e4rntner Erbh\u00f6fegesetz ein landwirtschaftlicher, mit einer Hofstelle versehener Betrieb mittlerer Gr\u00f6\u00dfe, dessen Fl\u00e4chenausma\u00df wenigstens 5 Hektar betr\u00e4gt und dessen Durchschnittsertrag das Sechsfache des zur Erhaltung einer f\u00fcnfk\u00f6pfigen Familie Erforderlichen nicht \u00fcbersteigt. In der Regel wird &#8211; wenn&hellip;<\/p>\n","protected":false},"author":3,"featured_media":0,"parent":305,"menu_order":12,"comment_status":"closed","ping_status":"closed","template":"","meta":{"inline_featured_image":false,"footnotes":""},"categories":[],"class_list":["post-387","page","type-page","status-publish","hentry","description-off"],"yoast_head":"<!-- This site is optimized with the Yoast SEO Premium plugin v26.7 (Yoast SEO v27.4) - https:\/\/yoast.com\/product\/yoast-seo-premium-wordpress\/ -->\n<title>Die b\u00e4uerliche Erbfolge &#8211; Notariat Sch\u00f6ffmann<\/title>\n<meta name=\"description\" content=\"F\u00fcr die Erbfolge im l\u00e4ndlichen Bereich bestehen Sonderregeln um sicherzustellen, dass landwirtschaftliche Betriebe weitergef\u00fchrt werden.\" \/>\n<meta name=\"robots\" content=\"index, follow, max-snippet:-1, max-image-preview:large, max-video-preview:-1\" \/>\n<link rel=\"canonical\" href=\"https:\/\/www.notariat-schoeffmann.at\/de\/erben-vererben\/die-baeuerliche-erbfolge\/\" \/>\n<meta property=\"og:locale\" content=\"de_DE\" \/>\n<meta property=\"og:type\" content=\"article\" \/>\n<meta property=\"og:title\" content=\"Die b\u00e4uerliche Erbfolge - Notariat Sch\u00f6ffmann\" \/>\n<meta property=\"og:description\" content=\"F\u00fcr die Erbfolge im l\u00e4ndlichen Bereich bestehen Sonderregeln um sicherzustellen, dass landwirtschaftliche Betriebe weitergef\u00fchrt werden.\" \/>\n<meta property=\"og:url\" content=\"https:\/\/www.notariat-schoeffmann.at\/de\/erben-vererben\/die-baeuerliche-erbfolge\/\" \/>\n<meta property=\"og:site_name\" content=\"Notariat Sch\u00f6ffmann\" \/>\n<meta property=\"article:publisher\" content=\"https:\/\/www.facebook.com\/NotarKlagenfurt\" \/>\n<meta property=\"article:modified_time\" content=\"2022-03-05T08:22:04+00:00\" \/>\n<meta property=\"og:image\" content=\"https:\/\/www.notariat-schoeffmann.at\/wp-content\/uploads\/2021\/11\/Juristen-1.jpg\" \/>\n\t<meta property=\"og:image:width\" content=\"1600\" \/>\n\t<meta property=\"og:image:height\" content=\"1067\" \/>\n\t<meta property=\"og:image:type\" content=\"image\/jpeg\" \/>\n<meta name=\"twitter:card\" content=\"summary_large_image\" \/>\n<script type=\"application\/ld+json\" class=\"yoast-schema-graph\">{\"@context\":\"https:\\\/\\\/schema.org\",\"@graph\":[{\"@type\":\"WebPage\",\"@id\":\"https:\\\/\\\/www.notariat-schoeffmann.at\\\/de\\\/erben-vererben\\\/die-baeuerliche-erbfolge\\\/\",\"url\":\"https:\\\/\\\/www.notariat-schoeffmann.at\\\/de\\\/erben-vererben\\\/die-baeuerliche-erbfolge\\\/\",\"name\":\"Die b\u00e4uerliche Erbfolge &#8211; Notariat Sch\u00f6ffmann\",\"isPartOf\":{\"@id\":\"https:\\\/\\\/www.notariat-schoeffmann.at\\\/de\\\/#website\"},\"datePublished\":\"2021-08-09T09:18:08+00:00\",\"dateModified\":\"2022-03-05T08:22:04+00:00\",\"description\":\"F\u00fcr die Erbfolge im l\u00e4ndlichen Bereich bestehen Sonderregeln um sicherzustellen, dass landwirtschaftliche Betriebe weitergef\u00fchrt werden.\",\"breadcrumb\":{\"@id\":\"https:\\\/\\\/www.notariat-schoeffmann.at\\\/de\\\/erben-vererben\\\/die-baeuerliche-erbfolge\\\/#breadcrumb\"},\"inLanguage\":\"de\",\"potentialAction\":[{\"@type\":\"ReadAction\",\"target\":[\"https:\\\/\\\/www.notariat-schoeffmann.at\\\/de\\\/erben-vererben\\\/die-baeuerliche-erbfolge\\\/\"]}]},{\"@type\":\"BreadcrumbList\",\"@id\":\"https:\\\/\\\/www.notariat-schoeffmann.at\\\/de\\\/erben-vererben\\\/die-baeuerliche-erbfolge\\\/#breadcrumb\",\"itemListElement\":[{\"@type\":\"ListItem\",\"position\":1,\"name\":\"Startseite\",\"item\":\"https:\\\/\\\/www.notariat-schoeffmann.at\\\/de\\\/\"},{\"@type\":\"ListItem\",\"position\":2,\"name\":\"Was ist das Erbrecht?\",\"item\":\"https:\\\/\\\/www.notariat-schoeffmann.at\\\/de\\\/erben-vererben\\\/\"},{\"@type\":\"ListItem\",\"position\":3,\"name\":\"Die b\u00e4uerliche Erbfolge\"}]},{\"@type\":\"WebSite\",\"@id\":\"https:\\\/\\\/www.notariat-schoeffmann.at\\\/de\\\/#website\",\"url\":\"https:\\\/\\\/www.notariat-schoeffmann.at\\\/de\\\/\",\"name\":\"Notariat Sch\u00f6ffmann\",\"description\":\"Mag. Klaus Sch\u00f6ffmann - Ihr Notar in Klagenfurt\",\"publisher\":{\"@id\":\"https:\\\/\\\/www.notariat-schoeffmann.at\\\/de\\\/#organization\"},\"potentialAction\":[{\"@type\":\"SearchAction\",\"target\":{\"@type\":\"EntryPoint\",\"urlTemplate\":\"https:\\\/\\\/www.notariat-schoeffmann.at\\\/de\\\/?s={search_term_string}\"},\"query-input\":{\"@type\":\"PropertyValueSpecification\",\"valueRequired\":true,\"valueName\":\"search_term_string\"}}],\"inLanguage\":\"de\"},{\"@type\":\"Organization\",\"@id\":\"https:\\\/\\\/www.notariat-schoeffmann.at\\\/de\\\/#organization\",\"name\":\"Notariat Mag. Klaus Sch\u00f6ffmann Klagenfurt\",\"url\":\"https:\\\/\\\/www.notariat-schoeffmann.at\\\/de\\\/\",\"logo\":{\"@type\":\"ImageObject\",\"inLanguage\":\"de\",\"@id\":\"https:\\\/\\\/www.notariat-schoeffmann.at\\\/de\\\/#\\\/schema\\\/logo\\\/image\\\/\",\"url\":\"https:\\\/\\\/www.notariat-schoeffmann.at\\\/wp-content\\\/uploads\\\/2022\\\/02\\\/logo-notariat-schoeffmann.jpg\",\"contentUrl\":\"https:\\\/\\\/www.notariat-schoeffmann.at\\\/wp-content\\\/uploads\\\/2022\\\/02\\\/logo-notariat-schoeffmann.jpg\",\"width\":600,\"height\":600,\"caption\":\"Notariat Mag. Klaus Sch\u00f6ffmann Klagenfurt\"},\"image\":{\"@id\":\"https:\\\/\\\/www.notariat-schoeffmann.at\\\/de\\\/#\\\/schema\\\/logo\\\/image\\\/\"},\"sameAs\":[\"https:\\\/\\\/www.facebook.com\\\/NotarKlagenfurt\",\"https:\\\/\\\/www.youtube.com\\\/channel\\\/UCaITfbIQh6VIpzEonUsIhcg\"]}]}<\/script>\n<!-- \/ Yoast SEO Premium plugin. -->","yoast_head_json":{"title":"Die b\u00e4uerliche Erbfolge &#8211; Notariat Sch\u00f6ffmann","description":"F\u00fcr die Erbfolge im l\u00e4ndlichen Bereich bestehen Sonderregeln um sicherzustellen, dass landwirtschaftliche Betriebe weitergef\u00fchrt werden.","robots":{"index":"index","follow":"follow","max-snippet":"max-snippet:-1","max-image-preview":"max-image-preview:large","max-video-preview":"max-video-preview:-1"},"canonical":"https:\/\/www.notariat-schoeffmann.at\/de\/erben-vererben\/die-baeuerliche-erbfolge\/","og_locale":"de_DE","og_type":"article","og_title":"Die b\u00e4uerliche Erbfolge - Notariat Sch\u00f6ffmann","og_description":"F\u00fcr die Erbfolge im l\u00e4ndlichen Bereich bestehen Sonderregeln um sicherzustellen, dass landwirtschaftliche Betriebe weitergef\u00fchrt werden.","og_url":"https:\/\/www.notariat-schoeffmann.at\/de\/erben-vererben\/die-baeuerliche-erbfolge\/","og_site_name":"Notariat Sch\u00f6ffmann","article_publisher":"https:\/\/www.facebook.com\/NotarKlagenfurt","article_modified_time":"2022-03-05T08:22:04+00:00","og_image":[{"width":1600,"height":1067,"url":"https:\/\/www.notariat-schoeffmann.at\/wp-content\/uploads\/2021\/11\/Juristen-1.jpg","type":"image\/jpeg"}],"twitter_card":"summary_large_image","schema":{"@context":"https:\/\/schema.org","@graph":[{"@type":"WebPage","@id":"https:\/\/www.notariat-schoeffmann.at\/de\/erben-vererben\/die-baeuerliche-erbfolge\/","url":"https:\/\/www.notariat-schoeffmann.at\/de\/erben-vererben\/die-baeuerliche-erbfolge\/","name":"Die b\u00e4uerliche Erbfolge &#8211; Notariat Sch\u00f6ffmann","isPartOf":{"@id":"https:\/\/www.notariat-schoeffmann.at\/de\/#website"},"datePublished":"2021-08-09T09:18:08+00:00","dateModified":"2022-03-05T08:22:04+00:00","description":"F\u00fcr die Erbfolge im l\u00e4ndlichen Bereich bestehen Sonderregeln um sicherzustellen, dass landwirtschaftliche Betriebe weitergef\u00fchrt werden.","breadcrumb":{"@id":"https:\/\/www.notariat-schoeffmann.at\/de\/erben-vererben\/die-baeuerliche-erbfolge\/#breadcrumb"},"inLanguage":"de","potentialAction":[{"@type":"ReadAction","target":["https:\/\/www.notariat-schoeffmann.at\/de\/erben-vererben\/die-baeuerliche-erbfolge\/"]}]},{"@type":"BreadcrumbList","@id":"https:\/\/www.notariat-schoeffmann.at\/de\/erben-vererben\/die-baeuerliche-erbfolge\/#breadcrumb","itemListElement":[{"@type":"ListItem","position":1,"name":"Startseite","item":"https:\/\/www.notariat-schoeffmann.at\/de\/"},{"@type":"ListItem","position":2,"name":"Was ist das Erbrecht?","item":"https:\/\/www.notariat-schoeffmann.at\/de\/erben-vererben\/"},{"@type":"ListItem","position":3,"name":"Die b\u00e4uerliche Erbfolge"}]},{"@type":"WebSite","@id":"https:\/\/www.notariat-schoeffmann.at\/de\/#website","url":"https:\/\/www.notariat-schoeffmann.at\/de\/","name":"Notariat Sch\u00f6ffmann","description":"Mag. Klaus Sch\u00f6ffmann - Ihr Notar in Klagenfurt","publisher":{"@id":"https:\/\/www.notariat-schoeffmann.at\/de\/#organization"},"potentialAction":[{"@type":"SearchAction","target":{"@type":"EntryPoint","urlTemplate":"https:\/\/www.notariat-schoeffmann.at\/de\/?s={search_term_string}"},"query-input":{"@type":"PropertyValueSpecification","valueRequired":true,"valueName":"search_term_string"}}],"inLanguage":"de"},{"@type":"Organization","@id":"https:\/\/www.notariat-schoeffmann.at\/de\/#organization","name":"Notariat Mag. Klaus Sch\u00f6ffmann Klagenfurt","url":"https:\/\/www.notariat-schoeffmann.at\/de\/","logo":{"@type":"ImageObject","inLanguage":"de","@id":"https:\/\/www.notariat-schoeffmann.at\/de\/#\/schema\/logo\/image\/","url":"https:\/\/www.notariat-schoeffmann.at\/wp-content\/uploads\/2022\/02\/logo-notariat-schoeffmann.jpg","contentUrl":"https:\/\/www.notariat-schoeffmann.at\/wp-content\/uploads\/2022\/02\/logo-notariat-schoeffmann.jpg","width":600,"height":600,"caption":"Notariat Mag. Klaus Sch\u00f6ffmann Klagenfurt"},"image":{"@id":"https:\/\/www.notariat-schoeffmann.at\/de\/#\/schema\/logo\/image\/"},"sameAs":["https:\/\/www.facebook.com\/NotarKlagenfurt","https:\/\/www.youtube.com\/channel\/UCaITfbIQh6VIpzEonUsIhcg"]}]}},"_links":{"self":[{"href":"https:\/\/www.notariat-schoeffmann.at\/de\/wp-json\/wp\/v2\/pages\/387","targetHints":{"allow":["GET"]}}],"collection":[{"href":"https:\/\/www.notariat-schoeffmann.at\/de\/wp-json\/wp\/v2\/pages"}],"about":[{"href":"https:\/\/www.notariat-schoeffmann.at\/de\/wp-json\/wp\/v2\/types\/page"}],"author":[{"embeddable":true,"href":"https:\/\/www.notariat-schoeffmann.at\/de\/wp-json\/wp\/v2\/users\/3"}],"replies":[{"embeddable":true,"href":"https:\/\/www.notariat-schoeffmann.at\/de\/wp-json\/wp\/v2\/comments?post=387"}],"version-history":[{"count":5,"href":"https:\/\/www.notariat-schoeffmann.at\/de\/wp-json\/wp\/v2\/pages\/387\/revisions"}],"predecessor-version":[{"id":2325,"href":"https:\/\/www.notariat-schoeffmann.at\/de\/wp-json\/wp\/v2\/pages\/387\/revisions\/2325"}],"up":[{"embeddable":true,"href":"https:\/\/www.notariat-schoeffmann.at\/de\/wp-json\/wp\/v2\/pages\/305"}],"wp:attachment":[{"href":"https:\/\/www.notariat-schoeffmann.at\/de\/wp-json\/wp\/v2\/media?parent=387"}],"wp:term":[{"taxonomy":"category","embeddable":true,"href":"https:\/\/www.notariat-schoeffmann.at\/de\/wp-json\/wp\/v2\/categories?post=387"}],"curies":[{"name":"wp","href":"https:\/\/api.w.org\/{rel}","templated":true}]}}