{"id":385,"date":"2021-08-09T11:17:33","date_gmt":"2021-08-09T09:17:33","guid":{"rendered":"https:\/\/www.notariat-schoeffmann.at\/?page_id=385"},"modified":"2022-02-26T16:25:56","modified_gmt":"2022-02-26T15:25:56","slug":"unternehmertestamente","status":"publish","type":"page","link":"https:\/\/www.notariat-schoeffmann.at\/de\/erben-vererben\/unternehmensnachfolge\/unternehmertestamente\/","title":{"rendered":"Unternehmertestamente"},"content":{"rendered":"<h2>Goldene Regeln<\/h2>\n<ul>\n<li>Letztwillige Verf\u00fcgungen werden niemals zu fr\u00fch, h\u00e4ufig aber zu sp\u00e4t verfasst. Auch junge Unternehmer mit Verm\u00f6gen und Betriebsverbindlichkeiten m\u00fcssen eine letztwillige Verf\u00fcgung errichten.<\/li>\n<li>Verf\u00fcgt werden sollte \u00fcber alle wesentlichen Verm\u00f6genswerte, insbesondere \u00fcber Grundst\u00fccke, H\u00e4user, Eigentumswohnungen, Wohnungseinrichtung, Schmuck, Wertgegenst\u00e4nde, Sparb\u00fccher, Wertpapiere, Beteiligungen und Unternehmungen.<\/li>\n<li>Wichtiges Anliegen ist in der Regel auch das Fortf\u00fchren des ungeteilten Betriebes zur Sicherung des Bestandes des Unternehmens. Die Bildung einer Gesellschaft mit dem potentiellen Erben vor Erbanfall ist daher regelm\u00e4\u00dfig dringend zu empfehlen, da der \u00dcbergang wesentlich erleichtert wird. Die letztwillige Verf\u00fcgung sollte jedenfalls eine konkrete Verm\u00f6gensaufteilung unter den Nachkommen beinhalten.<\/li>\n<li>Besonders sollte auch ber\u00fccksichtigt werden, dass es durch die Aufteilung zu keinen Entnahmen aus dem Betriebsverm\u00f6gen kommen muss.<\/li>\n<li>Bei der Aufteilung der Verlassenschaft sind insbesondere Anspr\u00fcche Minderj\u00e4hriger und Pflichtteilsanspr\u00fcche zu ber\u00fccksichtigen. Sollte eine ungeteilte Fortf\u00fchrung des Unternehmen ohne Beeintr\u00e4chtigung von Pflichtteilsanspr\u00fcchen nicht gesichert sein (z.B. durch Zuwendung anderer Verm\u00f6genswerte), ist danach zu trachten, unter Lebenden eine Regelung z.B. durch Erb- und\/oder Pflichtteilsverzicht zu erreichen.<\/li>\n<li>Testament und Gesellschaftsvertrag sind unbedingt aufeinander abzustimmen!<\/li>\n<li>Testament und Gesellschaftsvertrag sind regelm\u00e4\u00dfig (ungef\u00e4hr alle 5 Jahre) zu \u00fcberpr\u00fcfen! \u00c4nderungen in einer der beiden Urkunden sind jeweils auch mit Hinblick auf die Gesamtverf\u00fcgung zu \u00fcberpr\u00fcfen.<\/li>\n<\/ul>\n","protected":false},"excerpt":{"rendered":"<p>Goldene Regeln Letztwillige Verf\u00fcgungen werden niemals zu fr\u00fch, h\u00e4ufig aber zu sp\u00e4t verfasst. Auch junge Unternehmer mit Verm\u00f6gen und Betriebsverbindlichkeiten m\u00fcssen eine letztwillige Verf\u00fcgung errichten. Verf\u00fcgt werden sollte \u00fcber alle wesentlichen Verm\u00f6genswerte, insbesondere \u00fcber Grundst\u00fccke, H\u00e4user, Eigentumswohnungen, Wohnungseinrichtung, Schmuck, Wertgegenst\u00e4nde, Sparb\u00fccher, Wertpapiere, Beteiligungen und Unternehmungen. Wichtiges Anliegen ist in der Regel auch das Fortf\u00fchren des&hellip;<\/p>\n","protected":false},"author":3,"featured_media":0,"parent":381,"menu_order":1,"comment_status":"closed","ping_status":"closed","template":"","meta":{"inline_featured_image":false,"footnotes":""},"categories":[],"class_list":["post-385","page","type-page","status-publish","hentry","description-off"],"yoast_head":"<!-- This site is optimized with the Yoast SEO Premium plugin v26.7 (Yoast SEO v27.4) - https:\/\/yoast.com\/product\/yoast-seo-premium-wordpress\/ -->\n<title>Unternehmertestamente &#8211; Notariat Sch\u00f6ffmann<\/title>\n<meta name=\"description\" content=\"Goldene Regeln, die Sie bei der Errichtung eines Unternehmertestaments beachten m\u00fcssen.\" \/>\n<meta name=\"robots\" content=\"index, follow, max-snippet:-1, max-image-preview:large, max-video-preview:-1\" \/>\n<link rel=\"canonical\" href=\"https:\/\/www.notariat-schoeffmann.at\/de\/erben-vererben\/unternehmensnachfolge\/unternehmertestamente\/\" \/>\n<meta property=\"og:locale\" content=\"de_DE\" \/>\n<meta property=\"og:type\" content=\"article\" \/>\n<meta property=\"og:title\" content=\"Unternehmertestamente - Notariat Sch\u00f6ffmann\" \/>\n<meta property=\"og:description\" content=\"Goldene Regeln, die Sie bei der Errichtung eines Unternehmertestaments beachten m\u00fcssen.\" \/>\n<meta property=\"og:url\" content=\"https:\/\/www.notariat-schoeffmann.at\/de\/erben-vererben\/unternehmensnachfolge\/unternehmertestamente\/\" \/>\n<meta property=\"og:site_name\" content=\"Notariat Sch\u00f6ffmann\" \/>\n<meta property=\"article:publisher\" content=\"https:\/\/www.facebook.com\/NotarKlagenfurt\" \/>\n<meta property=\"article:modified_time\" content=\"2022-02-26T15:25:56+00:00\" \/>\n<meta property=\"og:image\" content=\"https:\/\/www.notariat-schoeffmann.at\/wp-content\/uploads\/2021\/11\/Juristen-1.jpg\" \/>\n\t<meta property=\"og:image:width\" content=\"1600\" \/>\n\t<meta property=\"og:image:height\" content=\"1067\" \/>\n\t<meta property=\"og:image:type\" content=\"image\/jpeg\" \/>\n<meta name=\"twitter:card\" content=\"summary_large_image\" \/>\n<script type=\"application\/ld+json\" class=\"yoast-schema-graph\">{\"@context\":\"https:\\\/\\\/schema.org\",\"@graph\":[{\"@type\":\"WebPage\",\"@id\":\"https:\\\/\\\/www.notariat-schoeffmann.at\\\/de\\\/erben-vererben\\\/unternehmensnachfolge\\\/unternehmertestamente\\\/\",\"url\":\"https:\\\/\\\/www.notariat-schoeffmann.at\\\/de\\\/erben-vererben\\\/unternehmensnachfolge\\\/unternehmertestamente\\\/\",\"name\":\"Unternehmertestamente &#8211; Notariat Sch\u00f6ffmann\",\"isPartOf\":{\"@id\":\"https:\\\/\\\/www.notariat-schoeffmann.at\\\/de\\\/#website\"},\"datePublished\":\"2021-08-09T09:17:33+00:00\",\"dateModified\":\"2022-02-26T15:25:56+00:00\",\"description\":\"Goldene Regeln, die Sie bei der Errichtung eines Unternehmertestaments beachten m\u00fcssen.\",\"breadcrumb\":{\"@id\":\"https:\\\/\\\/www.notariat-schoeffmann.at\\\/de\\\/erben-vererben\\\/unternehmensnachfolge\\\/unternehmertestamente\\\/#breadcrumb\"},\"inLanguage\":\"de\",\"potentialAction\":[{\"@type\":\"ReadAction\",\"target\":[\"https:\\\/\\\/www.notariat-schoeffmann.at\\\/de\\\/erben-vererben\\\/unternehmensnachfolge\\\/unternehmertestamente\\\/\"]}]},{\"@type\":\"BreadcrumbList\",\"@id\":\"https:\\\/\\\/www.notariat-schoeffmann.at\\\/de\\\/erben-vererben\\\/unternehmensnachfolge\\\/unternehmertestamente\\\/#breadcrumb\",\"itemListElement\":[{\"@type\":\"ListItem\",\"position\":1,\"name\":\"Startseite\",\"item\":\"https:\\\/\\\/www.notariat-schoeffmann.at\\\/de\\\/\"},{\"@type\":\"ListItem\",\"position\":2,\"name\":\"Was ist das Erbrecht?\",\"item\":\"https:\\\/\\\/www.notariat-schoeffmann.at\\\/de\\\/erben-vererben\\\/\"},{\"@type\":\"ListItem\",\"position\":3,\"name\":\"Unternehmensnachfolge\",\"item\":\"https:\\\/\\\/www.notariat-schoeffmann.at\\\/de\\\/erben-vererben\\\/unternehmensnachfolge\\\/\"},{\"@type\":\"ListItem\",\"position\":4,\"name\":\"Unternehmertestamente\"}]},{\"@type\":\"WebSite\",\"@id\":\"https:\\\/\\\/www.notariat-schoeffmann.at\\\/de\\\/#website\",\"url\":\"https:\\\/\\\/www.notariat-schoeffmann.at\\\/de\\\/\",\"name\":\"Notariat Sch\u00f6ffmann\",\"description\":\"Mag. Klaus Sch\u00f6ffmann - Ihr Notar in Klagenfurt\",\"publisher\":{\"@id\":\"https:\\\/\\\/www.notariat-schoeffmann.at\\\/de\\\/#organization\"},\"potentialAction\":[{\"@type\":\"SearchAction\",\"target\":{\"@type\":\"EntryPoint\",\"urlTemplate\":\"https:\\\/\\\/www.notariat-schoeffmann.at\\\/de\\\/?s={search_term_string}\"},\"query-input\":{\"@type\":\"PropertyValueSpecification\",\"valueRequired\":true,\"valueName\":\"search_term_string\"}}],\"inLanguage\":\"de\"},{\"@type\":\"Organization\",\"@id\":\"https:\\\/\\\/www.notariat-schoeffmann.at\\\/de\\\/#organization\",\"name\":\"Notariat Mag. Klaus Sch\u00f6ffmann Klagenfurt\",\"url\":\"https:\\\/\\\/www.notariat-schoeffmann.at\\\/de\\\/\",\"logo\":{\"@type\":\"ImageObject\",\"inLanguage\":\"de\",\"@id\":\"https:\\\/\\\/www.notariat-schoeffmann.at\\\/de\\\/#\\\/schema\\\/logo\\\/image\\\/\",\"url\":\"https:\\\/\\\/www.notariat-schoeffmann.at\\\/wp-content\\\/uploads\\\/2022\\\/02\\\/logo-notariat-schoeffmann.jpg\",\"contentUrl\":\"https:\\\/\\\/www.notariat-schoeffmann.at\\\/wp-content\\\/uploads\\\/2022\\\/02\\\/logo-notariat-schoeffmann.jpg\",\"width\":600,\"height\":600,\"caption\":\"Notariat Mag. Klaus Sch\u00f6ffmann Klagenfurt\"},\"image\":{\"@id\":\"https:\\\/\\\/www.notariat-schoeffmann.at\\\/de\\\/#\\\/schema\\\/logo\\\/image\\\/\"},\"sameAs\":[\"https:\\\/\\\/www.facebook.com\\\/NotarKlagenfurt\",\"https:\\\/\\\/www.youtube.com\\\/channel\\\/UCaITfbIQh6VIpzEonUsIhcg\"]}]}<\/script>\n<!-- \/ Yoast SEO Premium plugin. -->","yoast_head_json":{"title":"Unternehmertestamente &#8211; Notariat Sch\u00f6ffmann","description":"Goldene Regeln, die Sie bei der Errichtung eines Unternehmertestaments beachten m\u00fcssen.","robots":{"index":"index","follow":"follow","max-snippet":"max-snippet:-1","max-image-preview":"max-image-preview:large","max-video-preview":"max-video-preview:-1"},"canonical":"https:\/\/www.notariat-schoeffmann.at\/de\/erben-vererben\/unternehmensnachfolge\/unternehmertestamente\/","og_locale":"de_DE","og_type":"article","og_title":"Unternehmertestamente - Notariat Sch\u00f6ffmann","og_description":"Goldene Regeln, die Sie bei der Errichtung eines Unternehmertestaments beachten m\u00fcssen.","og_url":"https:\/\/www.notariat-schoeffmann.at\/de\/erben-vererben\/unternehmensnachfolge\/unternehmertestamente\/","og_site_name":"Notariat Sch\u00f6ffmann","article_publisher":"https:\/\/www.facebook.com\/NotarKlagenfurt","article_modified_time":"2022-02-26T15:25:56+00:00","og_image":[{"width":1600,"height":1067,"url":"https:\/\/www.notariat-schoeffmann.at\/wp-content\/uploads\/2021\/11\/Juristen-1.jpg","type":"image\/jpeg"}],"twitter_card":"summary_large_image","schema":{"@context":"https:\/\/schema.org","@graph":[{"@type":"WebPage","@id":"https:\/\/www.notariat-schoeffmann.at\/de\/erben-vererben\/unternehmensnachfolge\/unternehmertestamente\/","url":"https:\/\/www.notariat-schoeffmann.at\/de\/erben-vererben\/unternehmensnachfolge\/unternehmertestamente\/","name":"Unternehmertestamente &#8211; Notariat Sch\u00f6ffmann","isPartOf":{"@id":"https:\/\/www.notariat-schoeffmann.at\/de\/#website"},"datePublished":"2021-08-09T09:17:33+00:00","dateModified":"2022-02-26T15:25:56+00:00","description":"Goldene Regeln, die Sie bei der Errichtung eines Unternehmertestaments beachten m\u00fcssen.","breadcrumb":{"@id":"https:\/\/www.notariat-schoeffmann.at\/de\/erben-vererben\/unternehmensnachfolge\/unternehmertestamente\/#breadcrumb"},"inLanguage":"de","potentialAction":[{"@type":"ReadAction","target":["https:\/\/www.notariat-schoeffmann.at\/de\/erben-vererben\/unternehmensnachfolge\/unternehmertestamente\/"]}]},{"@type":"BreadcrumbList","@id":"https:\/\/www.notariat-schoeffmann.at\/de\/erben-vererben\/unternehmensnachfolge\/unternehmertestamente\/#breadcrumb","itemListElement":[{"@type":"ListItem","position":1,"name":"Startseite","item":"https:\/\/www.notariat-schoeffmann.at\/de\/"},{"@type":"ListItem","position":2,"name":"Was ist das Erbrecht?","item":"https:\/\/www.notariat-schoeffmann.at\/de\/erben-vererben\/"},{"@type":"ListItem","position":3,"name":"Unternehmensnachfolge","item":"https:\/\/www.notariat-schoeffmann.at\/de\/erben-vererben\/unternehmensnachfolge\/"},{"@type":"ListItem","position":4,"name":"Unternehmertestamente"}]},{"@type":"WebSite","@id":"https:\/\/www.notariat-schoeffmann.at\/de\/#website","url":"https:\/\/www.notariat-schoeffmann.at\/de\/","name":"Notariat Sch\u00f6ffmann","description":"Mag. Klaus Sch\u00f6ffmann - Ihr Notar in Klagenfurt","publisher":{"@id":"https:\/\/www.notariat-schoeffmann.at\/de\/#organization"},"potentialAction":[{"@type":"SearchAction","target":{"@type":"EntryPoint","urlTemplate":"https:\/\/www.notariat-schoeffmann.at\/de\/?s={search_term_string}"},"query-input":{"@type":"PropertyValueSpecification","valueRequired":true,"valueName":"search_term_string"}}],"inLanguage":"de"},{"@type":"Organization","@id":"https:\/\/www.notariat-schoeffmann.at\/de\/#organization","name":"Notariat Mag. Klaus Sch\u00f6ffmann Klagenfurt","url":"https:\/\/www.notariat-schoeffmann.at\/de\/","logo":{"@type":"ImageObject","inLanguage":"de","@id":"https:\/\/www.notariat-schoeffmann.at\/de\/#\/schema\/logo\/image\/","url":"https:\/\/www.notariat-schoeffmann.at\/wp-content\/uploads\/2022\/02\/logo-notariat-schoeffmann.jpg","contentUrl":"https:\/\/www.notariat-schoeffmann.at\/wp-content\/uploads\/2022\/02\/logo-notariat-schoeffmann.jpg","width":600,"height":600,"caption":"Notariat Mag. Klaus Sch\u00f6ffmann Klagenfurt"},"image":{"@id":"https:\/\/www.notariat-schoeffmann.at\/de\/#\/schema\/logo\/image\/"},"sameAs":["https:\/\/www.facebook.com\/NotarKlagenfurt","https:\/\/www.youtube.com\/channel\/UCaITfbIQh6VIpzEonUsIhcg"]}]}},"_links":{"self":[{"href":"https:\/\/www.notariat-schoeffmann.at\/de\/wp-json\/wp\/v2\/pages\/385","targetHints":{"allow":["GET"]}}],"collection":[{"href":"https:\/\/www.notariat-schoeffmann.at\/de\/wp-json\/wp\/v2\/pages"}],"about":[{"href":"https:\/\/www.notariat-schoeffmann.at\/de\/wp-json\/wp\/v2\/types\/page"}],"author":[{"embeddable":true,"href":"https:\/\/www.notariat-schoeffmann.at\/de\/wp-json\/wp\/v2\/users\/3"}],"replies":[{"embeddable":true,"href":"https:\/\/www.notariat-schoeffmann.at\/de\/wp-json\/wp\/v2\/comments?post=385"}],"version-history":[{"count":3,"href":"https:\/\/www.notariat-schoeffmann.at\/de\/wp-json\/wp\/v2\/pages\/385\/revisions"}],"predecessor-version":[{"id":2058,"href":"https:\/\/www.notariat-schoeffmann.at\/de\/wp-json\/wp\/v2\/pages\/385\/revisions\/2058"}],"up":[{"embeddable":true,"href":"https:\/\/www.notariat-schoeffmann.at\/de\/wp-json\/wp\/v2\/pages\/381"}],"wp:attachment":[{"href":"https:\/\/www.notariat-schoeffmann.at\/de\/wp-json\/wp\/v2\/media?parent=385"}],"wp:term":[{"taxonomy":"category","embeddable":true,"href":"https:\/\/www.notariat-schoeffmann.at\/de\/wp-json\/wp\/v2\/categories?post=385"}],"curies":[{"name":"wp","href":"https:\/\/api.w.org\/{rel}","templated":true}]}}