{"id":379,"date":"2021-08-09T11:15:59","date_gmt":"2021-08-09T09:15:59","guid":{"rendered":"https:\/\/www.notariat-schoeffmann.at\/?page_id=379"},"modified":"2022-03-06T13:40:38","modified_gmt":"2022-03-06T12:40:38","slug":"mietrechtsweitergabe","status":"publish","type":"page","link":"https:\/\/www.notariat-schoeffmann.at\/de\/erben-vererben\/mietrechtsweitergabe\/","title":{"rendered":"Mietrechtsweitergabe"},"content":{"rendered":"\n<h2 class=\"wp-block-heading\">So wird eine Mietwohnung &#8222;vererbt&#8220;<\/h2>\n\n\n\n<p>Verstirbt der Hauptmieter einer Wohnung, so bedeutet das nicht in jedem Fall gleichzeitig die Beendigung des Mietverh\u00e4ltnisses. Unter bestimmten Bedingungen k\u00f6nnen nahe Verwandte, weche mit dem Verstorbenen im selben Haushalt gewohnt haben, in den bestehenden Mietvertrag eintreten. Dazu muss im Mietvertrag das Weitergaberecht nicht ausdr\u00fccklich vereinbart worden sein. Auch ist die Zustimmung des Wohungs- bzw. Haubesitzers nicht erforderlich.<\/p>\n\n\n\n<h3 class=\"wp-block-heading\">Drei Kriterien sind auschlaggebend:<\/h3>\n\n\n\n<ol class=\"wp-block-list\"><li><i>Das Verwandtschaftsverh\u00e4ltnis: Eintrittsberechtigt sind der Ehegatte, der Lebensgef\u00e4hrte, Verwandte in gerader Linie (Eltern und Kinder) einschlie\u00dflich der Wahlkinder und der Geschwister des bisherigen Mieters. Lebensgef\u00e4hrten sind jedoch nur im Ablebensfall des Hauptmieters eintrittsberechtigt, an sie ist eine Abtretung des Mietrechtes unter Lebenden nicht zul\u00e4ssig. Nicht eintrittsberechtigt sind beispielsweise Cousins, Neffen oder die Schw\u00e4gern.<\/i><\/li><li><i>Der bisherige gemeinsame Haushalt.<\/i><\/li><li><i>Ein dringendes Wohnbed\u00fcrfnis des Eintrittsberechtigten.<\/i><\/li><\/ol>\n\n\n\n<p>Im Todesfall des Hauptmieters sind die eintrittsberechtigten Personen zur Fortsetzung des Mietverh\u00e4ltnisses berechtigt, sofern sie ein dringendes Wohnbed\u00fcrnis haben und schon bisher im gemeinsamen Haushalt gewohnt haben.<\/p>\n\n\n\n<p>Ein Lebensgef\u00e4hrte muss &#8211; damit eine Eintrittsberechtigung vorliegt &#8211; mindestens die&nbsp;letzten 3 Jahre hindurch in der Wohnung in einer der Ehe gleichartigen Haushaltsgemeinschaft gelebt haben oder die Wohnung gemeinsam mit dem bisherigen Mieter bezogen haben.<\/p>\n\n\n\n<p>Im Todesfall wird das Mietverh\u00e4ltnis automatisch mit den eintrittsberechtigten Personen fortgesetzt, sofern diese nicht binnen 14 Tagen nach dem Tod des Haupmieters dem Vermieter bekannt geben, dass sie das Mietverh\u00e4ltnis nicht fortsetzen wollen. Eintrittsberechtigte Personen haften (bis zur Mitteilung) dem Vermieter f\u00fcr den Mietzins und andere Kosten, insbesondere Betriebskosten!<\/p>\n","protected":false},"excerpt":{"rendered":"<p>So wird eine Mietwohnung &#8222;vererbt&#8220; Verstirbt der Hauptmieter einer Wohnung, so bedeutet das nicht in jedem Fall gleichzeitig die Beendigung des Mietverh\u00e4ltnisses. Unter bestimmten Bedingungen k\u00f6nnen nahe Verwandte, weche mit dem Verstorbenen im selben Haushalt gewohnt haben, in den bestehenden Mietvertrag eintreten. Dazu muss im Mietvertrag das Weitergaberecht nicht ausdr\u00fccklich vereinbart worden sein. Auch ist&hellip;<\/p>\n","protected":false},"author":3,"featured_media":0,"parent":305,"menu_order":10,"comment_status":"closed","ping_status":"closed","template":"","meta":{"inline_featured_image":false,"footnotes":""},"categories":[],"class_list":["post-379","page","type-page","status-publish","hentry","description-off"],"yoast_head":"<!-- This site is optimized with the Yoast SEO Premium plugin v26.7 (Yoast SEO v27.4) - https:\/\/yoast.com\/product\/yoast-seo-premium-wordpress\/ -->\n<title>Mietrechtsweitergabe &#8211; Notariat Sch\u00f6ffmann<\/title>\n<meta name=\"description\" content=\"Verstirbt der Hauptmieter einer Wohnung, bedeutet das nicht in jedem Fall die Beendigung des Mietverh\u00e4ltnisses. So wird eine Mietwohnung \u201evererbt\u201c.\" \/>\n<meta name=\"robots\" content=\"index, follow, max-snippet:-1, max-image-preview:large, max-video-preview:-1\" \/>\n<link rel=\"canonical\" href=\"https:\/\/www.notariat-schoeffmann.at\/de\/erben-vererben\/mietrechtsweitergabe\/\" \/>\n<meta property=\"og:locale\" content=\"de_DE\" \/>\n<meta property=\"og:type\" content=\"article\" \/>\n<meta property=\"og:title\" content=\"Mietrechtsweitergabe - Notariat Sch\u00f6ffmann\" \/>\n<meta property=\"og:description\" content=\"Verstirbt der Hauptmieter einer Wohnung, bedeutet das nicht in jedem Fall die Beendigung des Mietverh\u00e4ltnisses. So wird eine Mietwohnung \u201evererbt\u201c.\" \/>\n<meta property=\"og:url\" content=\"https:\/\/www.notariat-schoeffmann.at\/de\/erben-vererben\/mietrechtsweitergabe\/\" \/>\n<meta property=\"og:site_name\" content=\"Notariat Sch\u00f6ffmann\" \/>\n<meta property=\"article:publisher\" content=\"https:\/\/www.facebook.com\/NotarKlagenfurt\" \/>\n<meta property=\"article:modified_time\" content=\"2022-03-06T12:40:38+00:00\" \/>\n<meta property=\"og:image\" content=\"https:\/\/www.notariat-schoeffmann.at\/wp-content\/uploads\/2021\/11\/Juristen-1.jpg\" \/>\n\t<meta property=\"og:image:width\" content=\"1600\" \/>\n\t<meta property=\"og:image:height\" content=\"1067\" \/>\n\t<meta property=\"og:image:type\" content=\"image\/jpeg\" \/>\n<meta name=\"twitter:card\" content=\"summary_large_image\" \/>\n<script type=\"application\/ld+json\" class=\"yoast-schema-graph\">{\"@context\":\"https:\\\/\\\/schema.org\",\"@graph\":[{\"@type\":\"WebPage\",\"@id\":\"https:\\\/\\\/www.notariat-schoeffmann.at\\\/de\\\/erben-vererben\\\/mietrechtsweitergabe\\\/\",\"url\":\"https:\\\/\\\/www.notariat-schoeffmann.at\\\/de\\\/erben-vererben\\\/mietrechtsweitergabe\\\/\",\"name\":\"Mietrechtsweitergabe &#8211; Notariat Sch\u00f6ffmann\",\"isPartOf\":{\"@id\":\"https:\\\/\\\/www.notariat-schoeffmann.at\\\/de\\\/#website\"},\"datePublished\":\"2021-08-09T09:15:59+00:00\",\"dateModified\":\"2022-03-06T12:40:38+00:00\",\"description\":\"Verstirbt der Hauptmieter einer Wohnung, bedeutet das nicht in jedem Fall die Beendigung des Mietverh\u00e4ltnisses. So wird eine Mietwohnung \u201evererbt\u201c.\",\"breadcrumb\":{\"@id\":\"https:\\\/\\\/www.notariat-schoeffmann.at\\\/de\\\/erben-vererben\\\/mietrechtsweitergabe\\\/#breadcrumb\"},\"inLanguage\":\"de\",\"potentialAction\":[{\"@type\":\"ReadAction\",\"target\":[\"https:\\\/\\\/www.notariat-schoeffmann.at\\\/de\\\/erben-vererben\\\/mietrechtsweitergabe\\\/\"]}]},{\"@type\":\"BreadcrumbList\",\"@id\":\"https:\\\/\\\/www.notariat-schoeffmann.at\\\/de\\\/erben-vererben\\\/mietrechtsweitergabe\\\/#breadcrumb\",\"itemListElement\":[{\"@type\":\"ListItem\",\"position\":1,\"name\":\"Startseite\",\"item\":\"https:\\\/\\\/www.notariat-schoeffmann.at\\\/de\\\/\"},{\"@type\":\"ListItem\",\"position\":2,\"name\":\"Was ist das Erbrecht?\",\"item\":\"https:\\\/\\\/www.notariat-schoeffmann.at\\\/de\\\/erben-vererben\\\/\"},{\"@type\":\"ListItem\",\"position\":3,\"name\":\"Mietrechtsweitergabe\"}]},{\"@type\":\"WebSite\",\"@id\":\"https:\\\/\\\/www.notariat-schoeffmann.at\\\/de\\\/#website\",\"url\":\"https:\\\/\\\/www.notariat-schoeffmann.at\\\/de\\\/\",\"name\":\"Notariat Sch\u00f6ffmann\",\"description\":\"Mag. Klaus Sch\u00f6ffmann - Ihr Notar in Klagenfurt\",\"publisher\":{\"@id\":\"https:\\\/\\\/www.notariat-schoeffmann.at\\\/de\\\/#organization\"},\"potentialAction\":[{\"@type\":\"SearchAction\",\"target\":{\"@type\":\"EntryPoint\",\"urlTemplate\":\"https:\\\/\\\/www.notariat-schoeffmann.at\\\/de\\\/?s={search_term_string}\"},\"query-input\":{\"@type\":\"PropertyValueSpecification\",\"valueRequired\":true,\"valueName\":\"search_term_string\"}}],\"inLanguage\":\"de\"},{\"@type\":\"Organization\",\"@id\":\"https:\\\/\\\/www.notariat-schoeffmann.at\\\/de\\\/#organization\",\"name\":\"Notariat Mag. Klaus Sch\u00f6ffmann Klagenfurt\",\"url\":\"https:\\\/\\\/www.notariat-schoeffmann.at\\\/de\\\/\",\"logo\":{\"@type\":\"ImageObject\",\"inLanguage\":\"de\",\"@id\":\"https:\\\/\\\/www.notariat-schoeffmann.at\\\/de\\\/#\\\/schema\\\/logo\\\/image\\\/\",\"url\":\"https:\\\/\\\/www.notariat-schoeffmann.at\\\/wp-content\\\/uploads\\\/2022\\\/02\\\/logo-notariat-schoeffmann.jpg\",\"contentUrl\":\"https:\\\/\\\/www.notariat-schoeffmann.at\\\/wp-content\\\/uploads\\\/2022\\\/02\\\/logo-notariat-schoeffmann.jpg\",\"width\":600,\"height\":600,\"caption\":\"Notariat Mag. Klaus Sch\u00f6ffmann Klagenfurt\"},\"image\":{\"@id\":\"https:\\\/\\\/www.notariat-schoeffmann.at\\\/de\\\/#\\\/schema\\\/logo\\\/image\\\/\"},\"sameAs\":[\"https:\\\/\\\/www.facebook.com\\\/NotarKlagenfurt\",\"https:\\\/\\\/www.youtube.com\\\/channel\\\/UCaITfbIQh6VIpzEonUsIhcg\"]}]}<\/script>\n<!-- \/ Yoast SEO Premium plugin. -->","yoast_head_json":{"title":"Mietrechtsweitergabe &#8211; Notariat Sch\u00f6ffmann","description":"Verstirbt der Hauptmieter einer Wohnung, bedeutet das nicht in jedem Fall die Beendigung des Mietverh\u00e4ltnisses. So wird eine Mietwohnung \u201evererbt\u201c.","robots":{"index":"index","follow":"follow","max-snippet":"max-snippet:-1","max-image-preview":"max-image-preview:large","max-video-preview":"max-video-preview:-1"},"canonical":"https:\/\/www.notariat-schoeffmann.at\/de\/erben-vererben\/mietrechtsweitergabe\/","og_locale":"de_DE","og_type":"article","og_title":"Mietrechtsweitergabe - Notariat Sch\u00f6ffmann","og_description":"Verstirbt der Hauptmieter einer Wohnung, bedeutet das nicht in jedem Fall die Beendigung des Mietverh\u00e4ltnisses. So wird eine Mietwohnung \u201evererbt\u201c.","og_url":"https:\/\/www.notariat-schoeffmann.at\/de\/erben-vererben\/mietrechtsweitergabe\/","og_site_name":"Notariat Sch\u00f6ffmann","article_publisher":"https:\/\/www.facebook.com\/NotarKlagenfurt","article_modified_time":"2022-03-06T12:40:38+00:00","og_image":[{"width":1600,"height":1067,"url":"https:\/\/www.notariat-schoeffmann.at\/wp-content\/uploads\/2021\/11\/Juristen-1.jpg","type":"image\/jpeg"}],"twitter_card":"summary_large_image","schema":{"@context":"https:\/\/schema.org","@graph":[{"@type":"WebPage","@id":"https:\/\/www.notariat-schoeffmann.at\/de\/erben-vererben\/mietrechtsweitergabe\/","url":"https:\/\/www.notariat-schoeffmann.at\/de\/erben-vererben\/mietrechtsweitergabe\/","name":"Mietrechtsweitergabe &#8211; Notariat Sch\u00f6ffmann","isPartOf":{"@id":"https:\/\/www.notariat-schoeffmann.at\/de\/#website"},"datePublished":"2021-08-09T09:15:59+00:00","dateModified":"2022-03-06T12:40:38+00:00","description":"Verstirbt der Hauptmieter einer Wohnung, bedeutet das nicht in jedem Fall die Beendigung des Mietverh\u00e4ltnisses. So wird eine Mietwohnung \u201evererbt\u201c.","breadcrumb":{"@id":"https:\/\/www.notariat-schoeffmann.at\/de\/erben-vererben\/mietrechtsweitergabe\/#breadcrumb"},"inLanguage":"de","potentialAction":[{"@type":"ReadAction","target":["https:\/\/www.notariat-schoeffmann.at\/de\/erben-vererben\/mietrechtsweitergabe\/"]}]},{"@type":"BreadcrumbList","@id":"https:\/\/www.notariat-schoeffmann.at\/de\/erben-vererben\/mietrechtsweitergabe\/#breadcrumb","itemListElement":[{"@type":"ListItem","position":1,"name":"Startseite","item":"https:\/\/www.notariat-schoeffmann.at\/de\/"},{"@type":"ListItem","position":2,"name":"Was ist das Erbrecht?","item":"https:\/\/www.notariat-schoeffmann.at\/de\/erben-vererben\/"},{"@type":"ListItem","position":3,"name":"Mietrechtsweitergabe"}]},{"@type":"WebSite","@id":"https:\/\/www.notariat-schoeffmann.at\/de\/#website","url":"https:\/\/www.notariat-schoeffmann.at\/de\/","name":"Notariat Sch\u00f6ffmann","description":"Mag. Klaus Sch\u00f6ffmann - Ihr Notar in Klagenfurt","publisher":{"@id":"https:\/\/www.notariat-schoeffmann.at\/de\/#organization"},"potentialAction":[{"@type":"SearchAction","target":{"@type":"EntryPoint","urlTemplate":"https:\/\/www.notariat-schoeffmann.at\/de\/?s={search_term_string}"},"query-input":{"@type":"PropertyValueSpecification","valueRequired":true,"valueName":"search_term_string"}}],"inLanguage":"de"},{"@type":"Organization","@id":"https:\/\/www.notariat-schoeffmann.at\/de\/#organization","name":"Notariat Mag. Klaus Sch\u00f6ffmann Klagenfurt","url":"https:\/\/www.notariat-schoeffmann.at\/de\/","logo":{"@type":"ImageObject","inLanguage":"de","@id":"https:\/\/www.notariat-schoeffmann.at\/de\/#\/schema\/logo\/image\/","url":"https:\/\/www.notariat-schoeffmann.at\/wp-content\/uploads\/2022\/02\/logo-notariat-schoeffmann.jpg","contentUrl":"https:\/\/www.notariat-schoeffmann.at\/wp-content\/uploads\/2022\/02\/logo-notariat-schoeffmann.jpg","width":600,"height":600,"caption":"Notariat Mag. Klaus Sch\u00f6ffmann Klagenfurt"},"image":{"@id":"https:\/\/www.notariat-schoeffmann.at\/de\/#\/schema\/logo\/image\/"},"sameAs":["https:\/\/www.facebook.com\/NotarKlagenfurt","https:\/\/www.youtube.com\/channel\/UCaITfbIQh6VIpzEonUsIhcg"]}]}},"_links":{"self":[{"href":"https:\/\/www.notariat-schoeffmann.at\/de\/wp-json\/wp\/v2\/pages\/379","targetHints":{"allow":["GET"]}}],"collection":[{"href":"https:\/\/www.notariat-schoeffmann.at\/de\/wp-json\/wp\/v2\/pages"}],"about":[{"href":"https:\/\/www.notariat-schoeffmann.at\/de\/wp-json\/wp\/v2\/types\/page"}],"author":[{"embeddable":true,"href":"https:\/\/www.notariat-schoeffmann.at\/de\/wp-json\/wp\/v2\/users\/3"}],"replies":[{"embeddable":true,"href":"https:\/\/www.notariat-schoeffmann.at\/de\/wp-json\/wp\/v2\/comments?post=379"}],"version-history":[{"count":5,"href":"https:\/\/www.notariat-schoeffmann.at\/de\/wp-json\/wp\/v2\/pages\/379\/revisions"}],"predecessor-version":[{"id":2467,"href":"https:\/\/www.notariat-schoeffmann.at\/de\/wp-json\/wp\/v2\/pages\/379\/revisions\/2467"}],"up":[{"embeddable":true,"href":"https:\/\/www.notariat-schoeffmann.at\/de\/wp-json\/wp\/v2\/pages\/305"}],"wp:attachment":[{"href":"https:\/\/www.notariat-schoeffmann.at\/de\/wp-json\/wp\/v2\/media?parent=379"}],"wp:term":[{"taxonomy":"category","embeddable":true,"href":"https:\/\/www.notariat-schoeffmann.at\/de\/wp-json\/wp\/v2\/categories?post=379"}],"curies":[{"name":"wp","href":"https:\/\/api.w.org\/{rel}","templated":true}]}}