{"id":377,"date":"2021-08-09T11:15:29","date_gmt":"2021-08-09T09:15:29","guid":{"rendered":"https:\/\/www.notariat-schoeffmann.at\/?page_id=377"},"modified":"2022-03-06T13:40:44","modified_gmt":"2022-03-06T12:40:44","slug":"wohnungseigentum-im-todesfall","status":"publish","type":"page","link":"https:\/\/www.notariat-schoeffmann.at\/de\/erben-vererben\/wohnungseigentum-im-todesfall\/","title":{"rendered":"Wohnungseigentum im Todesfall"},"content":{"rendered":"\n<p>Besteht bei einer Eigentumswohnung gemeinsames Miteigentum von zwei Personen, so erh\u00e4lt der \u00fcberlebende Teil der Eigent\u00fcmerpartnerschaft im Fall des Todes des Anderen den Anteil des Verstorbenen von Gesetzes wegen unmittelbar in sein Eigentum.<\/p>\n\n\n\n<p>Er hat jedoch einen Betrag in H\u00f6he des halben Verkehrswertes der Eigentumswohnung an die Verlassenschaft nach dem Verstorbenen zu bezahlen.<\/p>\n\n\n\n<p>Diese Zahlungsverpflichtung kann durch letztwillige Verf\u00fcgung oder Schenkung auf den Todesfall erlassen werden.<\/p>\n\n\n\n<p>War der \u00fcberlebende Wohungseigentumspartner ein Pflichtteilsberechtigter des Verstorbenen (z.B Ehepartner, Kind) und dient die Wohnung zur Befriedigung seines dringenden Wohnbed\u00fcrfnisses, reduziert sich der \u00dcbernahmspreis auf ein Viertel oder kann ganz entfallen.<\/p>\n\n\n\n<p>Ferner besteht unter bestimmten Voraussetzungen die M\u00f6glichkeit zur Stundung der Zahlungsverpflichtung.<\/p>\n\n\n\n<p>Mit einer schriftlichen Vereinbarung,&nbsp;welche vor einem Notar (oder unter anwaltlicher Mitwirkung) zu schlie\u00dfen ist, k\u00f6nnen Wohnungseigentumspartner bestimmen, dass der H\u00e4lfteanteil eines von ihnen an der Eigentumswohnung im Ablebensfall einer anderen nat\u00fcrlichen Person zukommt. Das sollte man bereits beim Ankauf einer Eigentumswohnung bedenken.<\/p>\n","protected":false},"excerpt":{"rendered":"<p>Besteht bei einer Eigentumswohnung gemeinsames Miteigentum von zwei Personen, so erh\u00e4lt der \u00fcberlebende Teil der Eigent\u00fcmerpartnerschaft im Fall des Todes des Anderen den Anteil des Verstorbenen von Gesetzes wegen unmittelbar in sein Eigentum. Er hat jedoch einen Betrag in H\u00f6he des halben Verkehrswertes der Eigentumswohnung an die Verlassenschaft nach dem Verstorbenen zu bezahlen. Diese Zahlungsverpflichtung&hellip;<\/p>\n","protected":false},"author":3,"featured_media":0,"parent":305,"menu_order":9,"comment_status":"closed","ping_status":"closed","template":"","meta":{"inline_featured_image":false,"footnotes":""},"categories":[],"class_list":["post-377","page","type-page","status-publish","hentry","description-off"],"yoast_head":"<!-- This site is optimized with the Yoast SEO Premium plugin v26.7 (Yoast SEO v27.4) - https:\/\/yoast.com\/product\/yoast-seo-premium-wordpress\/ -->\n<title>Wohnungseigentum im Todesfall &#8211; Notariat Sch\u00f6ffmann<\/title>\n<meta name=\"description\" content=\"Besteht bei einer Eigentumswohnung Miteigentum von zwei Personen, so erh\u00e4lt der \u00fcberlebende Eigent\u00fcmerpartner bei Ableben des anderen dessen H\u00e4lfteanteil.\" \/>\n<meta name=\"robots\" content=\"index, follow, max-snippet:-1, max-image-preview:large, max-video-preview:-1\" \/>\n<link rel=\"canonical\" href=\"https:\/\/www.notariat-schoeffmann.at\/de\/erben-vererben\/wohnungseigentum-im-todesfall\/\" \/>\n<meta property=\"og:locale\" content=\"de_DE\" \/>\n<meta property=\"og:type\" content=\"article\" \/>\n<meta property=\"og:title\" content=\"Wohnungseigentum im Todesfall - Notariat Sch\u00f6ffmann\" \/>\n<meta property=\"og:description\" content=\"Besteht bei einer Eigentumswohnung Miteigentum von zwei Personen, so erh\u00e4lt der \u00fcberlebende Eigent\u00fcmerpartner bei Ableben des anderen dessen H\u00e4lfteanteil.\" \/>\n<meta property=\"og:url\" content=\"https:\/\/www.notariat-schoeffmann.at\/de\/erben-vererben\/wohnungseigentum-im-todesfall\/\" \/>\n<meta property=\"og:site_name\" content=\"Notariat Sch\u00f6ffmann\" \/>\n<meta property=\"article:publisher\" content=\"https:\/\/www.facebook.com\/NotarKlagenfurt\" \/>\n<meta property=\"article:modified_time\" content=\"2022-03-06T12:40:44+00:00\" \/>\n<meta property=\"og:image\" content=\"https:\/\/www.notariat-schoeffmann.at\/wp-content\/uploads\/2021\/11\/Juristen-1.jpg\" \/>\n\t<meta property=\"og:image:width\" content=\"1600\" \/>\n\t<meta property=\"og:image:height\" content=\"1067\" \/>\n\t<meta property=\"og:image:type\" content=\"image\/jpeg\" \/>\n<meta name=\"twitter:card\" content=\"summary_large_image\" \/>\n<script type=\"application\/ld+json\" class=\"yoast-schema-graph\">{\"@context\":\"https:\\\/\\\/schema.org\",\"@graph\":[{\"@type\":\"WebPage\",\"@id\":\"https:\\\/\\\/www.notariat-schoeffmann.at\\\/de\\\/erben-vererben\\\/wohnungseigentum-im-todesfall\\\/\",\"url\":\"https:\\\/\\\/www.notariat-schoeffmann.at\\\/de\\\/erben-vererben\\\/wohnungseigentum-im-todesfall\\\/\",\"name\":\"Wohnungseigentum im Todesfall &#8211; Notariat Sch\u00f6ffmann\",\"isPartOf\":{\"@id\":\"https:\\\/\\\/www.notariat-schoeffmann.at\\\/de\\\/#website\"},\"datePublished\":\"2021-08-09T09:15:29+00:00\",\"dateModified\":\"2022-03-06T12:40:44+00:00\",\"description\":\"Besteht bei einer Eigentumswohnung Miteigentum von zwei Personen, so erh\u00e4lt der \u00fcberlebende Eigent\u00fcmerpartner bei Ableben des anderen dessen H\u00e4lfteanteil.\",\"breadcrumb\":{\"@id\":\"https:\\\/\\\/www.notariat-schoeffmann.at\\\/de\\\/erben-vererben\\\/wohnungseigentum-im-todesfall\\\/#breadcrumb\"},\"inLanguage\":\"de\",\"potentialAction\":[{\"@type\":\"ReadAction\",\"target\":[\"https:\\\/\\\/www.notariat-schoeffmann.at\\\/de\\\/erben-vererben\\\/wohnungseigentum-im-todesfall\\\/\"]}]},{\"@type\":\"BreadcrumbList\",\"@id\":\"https:\\\/\\\/www.notariat-schoeffmann.at\\\/de\\\/erben-vererben\\\/wohnungseigentum-im-todesfall\\\/#breadcrumb\",\"itemListElement\":[{\"@type\":\"ListItem\",\"position\":1,\"name\":\"Startseite\",\"item\":\"https:\\\/\\\/www.notariat-schoeffmann.at\\\/de\\\/\"},{\"@type\":\"ListItem\",\"position\":2,\"name\":\"Was ist das Erbrecht?\",\"item\":\"https:\\\/\\\/www.notariat-schoeffmann.at\\\/de\\\/erben-vererben\\\/\"},{\"@type\":\"ListItem\",\"position\":3,\"name\":\"Wohnungseigentum im Todesfall\"}]},{\"@type\":\"WebSite\",\"@id\":\"https:\\\/\\\/www.notariat-schoeffmann.at\\\/de\\\/#website\",\"url\":\"https:\\\/\\\/www.notariat-schoeffmann.at\\\/de\\\/\",\"name\":\"Notariat Sch\u00f6ffmann\",\"description\":\"Mag. Klaus Sch\u00f6ffmann - Ihr Notar in Klagenfurt\",\"publisher\":{\"@id\":\"https:\\\/\\\/www.notariat-schoeffmann.at\\\/de\\\/#organization\"},\"potentialAction\":[{\"@type\":\"SearchAction\",\"target\":{\"@type\":\"EntryPoint\",\"urlTemplate\":\"https:\\\/\\\/www.notariat-schoeffmann.at\\\/de\\\/?s={search_term_string}\"},\"query-input\":{\"@type\":\"PropertyValueSpecification\",\"valueRequired\":true,\"valueName\":\"search_term_string\"}}],\"inLanguage\":\"de\"},{\"@type\":\"Organization\",\"@id\":\"https:\\\/\\\/www.notariat-schoeffmann.at\\\/de\\\/#organization\",\"name\":\"Notariat Mag. Klaus Sch\u00f6ffmann Klagenfurt\",\"url\":\"https:\\\/\\\/www.notariat-schoeffmann.at\\\/de\\\/\",\"logo\":{\"@type\":\"ImageObject\",\"inLanguage\":\"de\",\"@id\":\"https:\\\/\\\/www.notariat-schoeffmann.at\\\/de\\\/#\\\/schema\\\/logo\\\/image\\\/\",\"url\":\"https:\\\/\\\/www.notariat-schoeffmann.at\\\/wp-content\\\/uploads\\\/2022\\\/02\\\/logo-notariat-schoeffmann.jpg\",\"contentUrl\":\"https:\\\/\\\/www.notariat-schoeffmann.at\\\/wp-content\\\/uploads\\\/2022\\\/02\\\/logo-notariat-schoeffmann.jpg\",\"width\":600,\"height\":600,\"caption\":\"Notariat Mag. Klaus Sch\u00f6ffmann Klagenfurt\"},\"image\":{\"@id\":\"https:\\\/\\\/www.notariat-schoeffmann.at\\\/de\\\/#\\\/schema\\\/logo\\\/image\\\/\"},\"sameAs\":[\"https:\\\/\\\/www.facebook.com\\\/NotarKlagenfurt\",\"https:\\\/\\\/www.youtube.com\\\/channel\\\/UCaITfbIQh6VIpzEonUsIhcg\"]}]}<\/script>\n<!-- \/ Yoast SEO Premium plugin. -->","yoast_head_json":{"title":"Wohnungseigentum im Todesfall &#8211; Notariat Sch\u00f6ffmann","description":"Besteht bei einer Eigentumswohnung Miteigentum von zwei Personen, so erh\u00e4lt der \u00fcberlebende Eigent\u00fcmerpartner bei Ableben des anderen dessen H\u00e4lfteanteil.","robots":{"index":"index","follow":"follow","max-snippet":"max-snippet:-1","max-image-preview":"max-image-preview:large","max-video-preview":"max-video-preview:-1"},"canonical":"https:\/\/www.notariat-schoeffmann.at\/de\/erben-vererben\/wohnungseigentum-im-todesfall\/","og_locale":"de_DE","og_type":"article","og_title":"Wohnungseigentum im Todesfall - Notariat Sch\u00f6ffmann","og_description":"Besteht bei einer Eigentumswohnung Miteigentum von zwei Personen, so erh\u00e4lt der \u00fcberlebende Eigent\u00fcmerpartner bei Ableben des anderen dessen H\u00e4lfteanteil.","og_url":"https:\/\/www.notariat-schoeffmann.at\/de\/erben-vererben\/wohnungseigentum-im-todesfall\/","og_site_name":"Notariat Sch\u00f6ffmann","article_publisher":"https:\/\/www.facebook.com\/NotarKlagenfurt","article_modified_time":"2022-03-06T12:40:44+00:00","og_image":[{"width":1600,"height":1067,"url":"https:\/\/www.notariat-schoeffmann.at\/wp-content\/uploads\/2021\/11\/Juristen-1.jpg","type":"image\/jpeg"}],"twitter_card":"summary_large_image","schema":{"@context":"https:\/\/schema.org","@graph":[{"@type":"WebPage","@id":"https:\/\/www.notariat-schoeffmann.at\/de\/erben-vererben\/wohnungseigentum-im-todesfall\/","url":"https:\/\/www.notariat-schoeffmann.at\/de\/erben-vererben\/wohnungseigentum-im-todesfall\/","name":"Wohnungseigentum im Todesfall &#8211; Notariat Sch\u00f6ffmann","isPartOf":{"@id":"https:\/\/www.notariat-schoeffmann.at\/de\/#website"},"datePublished":"2021-08-09T09:15:29+00:00","dateModified":"2022-03-06T12:40:44+00:00","description":"Besteht bei einer Eigentumswohnung Miteigentum von zwei Personen, so erh\u00e4lt der \u00fcberlebende Eigent\u00fcmerpartner bei Ableben des anderen dessen H\u00e4lfteanteil.","breadcrumb":{"@id":"https:\/\/www.notariat-schoeffmann.at\/de\/erben-vererben\/wohnungseigentum-im-todesfall\/#breadcrumb"},"inLanguage":"de","potentialAction":[{"@type":"ReadAction","target":["https:\/\/www.notariat-schoeffmann.at\/de\/erben-vererben\/wohnungseigentum-im-todesfall\/"]}]},{"@type":"BreadcrumbList","@id":"https:\/\/www.notariat-schoeffmann.at\/de\/erben-vererben\/wohnungseigentum-im-todesfall\/#breadcrumb","itemListElement":[{"@type":"ListItem","position":1,"name":"Startseite","item":"https:\/\/www.notariat-schoeffmann.at\/de\/"},{"@type":"ListItem","position":2,"name":"Was ist das Erbrecht?","item":"https:\/\/www.notariat-schoeffmann.at\/de\/erben-vererben\/"},{"@type":"ListItem","position":3,"name":"Wohnungseigentum im Todesfall"}]},{"@type":"WebSite","@id":"https:\/\/www.notariat-schoeffmann.at\/de\/#website","url":"https:\/\/www.notariat-schoeffmann.at\/de\/","name":"Notariat Sch\u00f6ffmann","description":"Mag. Klaus Sch\u00f6ffmann - Ihr Notar in Klagenfurt","publisher":{"@id":"https:\/\/www.notariat-schoeffmann.at\/de\/#organization"},"potentialAction":[{"@type":"SearchAction","target":{"@type":"EntryPoint","urlTemplate":"https:\/\/www.notariat-schoeffmann.at\/de\/?s={search_term_string}"},"query-input":{"@type":"PropertyValueSpecification","valueRequired":true,"valueName":"search_term_string"}}],"inLanguage":"de"},{"@type":"Organization","@id":"https:\/\/www.notariat-schoeffmann.at\/de\/#organization","name":"Notariat Mag. Klaus Sch\u00f6ffmann Klagenfurt","url":"https:\/\/www.notariat-schoeffmann.at\/de\/","logo":{"@type":"ImageObject","inLanguage":"de","@id":"https:\/\/www.notariat-schoeffmann.at\/de\/#\/schema\/logo\/image\/","url":"https:\/\/www.notariat-schoeffmann.at\/wp-content\/uploads\/2022\/02\/logo-notariat-schoeffmann.jpg","contentUrl":"https:\/\/www.notariat-schoeffmann.at\/wp-content\/uploads\/2022\/02\/logo-notariat-schoeffmann.jpg","width":600,"height":600,"caption":"Notariat Mag. Klaus Sch\u00f6ffmann Klagenfurt"},"image":{"@id":"https:\/\/www.notariat-schoeffmann.at\/de\/#\/schema\/logo\/image\/"},"sameAs":["https:\/\/www.facebook.com\/NotarKlagenfurt","https:\/\/www.youtube.com\/channel\/UCaITfbIQh6VIpzEonUsIhcg"]}]}},"_links":{"self":[{"href":"https:\/\/www.notariat-schoeffmann.at\/de\/wp-json\/wp\/v2\/pages\/377","targetHints":{"allow":["GET"]}}],"collection":[{"href":"https:\/\/www.notariat-schoeffmann.at\/de\/wp-json\/wp\/v2\/pages"}],"about":[{"href":"https:\/\/www.notariat-schoeffmann.at\/de\/wp-json\/wp\/v2\/types\/page"}],"author":[{"embeddable":true,"href":"https:\/\/www.notariat-schoeffmann.at\/de\/wp-json\/wp\/v2\/users\/3"}],"replies":[{"embeddable":true,"href":"https:\/\/www.notariat-schoeffmann.at\/de\/wp-json\/wp\/v2\/comments?post=377"}],"version-history":[{"count":4,"href":"https:\/\/www.notariat-schoeffmann.at\/de\/wp-json\/wp\/v2\/pages\/377\/revisions"}],"predecessor-version":[{"id":2466,"href":"https:\/\/www.notariat-schoeffmann.at\/de\/wp-json\/wp\/v2\/pages\/377\/revisions\/2466"}],"up":[{"embeddable":true,"href":"https:\/\/www.notariat-schoeffmann.at\/de\/wp-json\/wp\/v2\/pages\/305"}],"wp:attachment":[{"href":"https:\/\/www.notariat-schoeffmann.at\/de\/wp-json\/wp\/v2\/media?parent=377"}],"wp:term":[{"taxonomy":"category","embeddable":true,"href":"https:\/\/www.notariat-schoeffmann.at\/de\/wp-json\/wp\/v2\/categories?post=377"}],"curies":[{"name":"wp","href":"https:\/\/api.w.org\/{rel}","templated":true}]}}