{"id":373,"date":"2021-08-09T11:13:56","date_gmt":"2021-08-09T09:13:56","guid":{"rendered":"https:\/\/www.notariat-schoeffmann.at\/?page_id=373"},"modified":"2022-03-06T11:18:06","modified_gmt":"2022-03-06T10:18:06","slug":"uebergeben-oder-vererben","status":"publish","type":"page","link":"https:\/\/www.notariat-schoeffmann.at\/de\/erben-vererben\/uebergeben-oder-vererben\/","title":{"rendered":"\u00dcbergeben oder vererben?"},"content":{"rendered":"<div class=\"lazyblock-infobox-1PSNdr wp-block-lazyblock-infobox\"><div class=\"notar_einleitung\">\n\n  <div class=\"notar_einleitung_wrapper\"><p>Soll ich mein Haus \u00fcbergeben oder vererben? Diese Frage wird im Zuge von Beratungen dem Notar oder Steuerberater oft gestellt. Sie kann nur im Einzelfall nach Abw\u00e4gung aller Komponenten beantwortet werden.<\/p><\/div>\n<\/div>\n<\/div>\n\n\n<p>Der grunds\u00e4tzliche Unterschied zwischen \u00dcbergabe und testamentarischer Regelung ist folgender:<\/p>\n\n\n\n<ul class=\"wp-block-list\"><li><i>Die \u00dcbergabe ist ein Vertrag, der einseitig nicht mehr abge\u00e4ndert oder widerrufen werden kann (&#8222;\u00fcbergeben ist \u00fcbergeben&#8220;).<\/i><\/li><li><i>Ein Testament kann jedoch jederzeit abge\u00e4ndert oder widerrufen werden.<\/i><\/li><\/ul>\n\n\n\n<p>Es hat daher unab\u00e4ngig von allen anderen Fragen zunn\u00e4chst jeder f\u00fcr sich kl\u00e4ren, ob er eine getroffene Entscheidung wieder \u00e4ndern k\u00f6nnen will oder nicht. Bei der \u00dcbergabe ist der Zug aufs Gleis gestellt und f\u00e4hrt. Er l\u00e4sst sich nicht mehr aufhalten, die Richtung l\u00e4sst sich einseitig nicht mehr \u00e4ndern.<\/p>\n\n\n\n<p>Wenn diese Entscheidung getroffen ist, sollte man die weiteren Fragen abkl\u00e4ren: Wie erfolgt die \u00dcbergabe? Ist es eine reine Schenkung oder will man Gegenleistungen, etwa ein Wohnrecht, das Recht im Alter vom \u00dcbernehmer im Bedarfsfall betreut zu werden oder sonstige Nutzungsrechte f\u00fcr sich selbst und andere Personen? Sind Erb- oder Pflichtteile an weichende Kinder oder Ehepartner auszuzahlen? Welche Steuern, Geb\u00fchren und sonstigen Kosten fallen an?<\/p>\n\n\n\n<p>Achtung! Wollen die \u00dcbernehmer (zB Kinder) sp\u00e4ter verkaufen, unterliegt der Verkaufserl\u00f6s unter Umst\u00e4nden der Immobilienertragssteuer. Die \u00dcbergabe in der Familie kann daher gravierende Auswirkungen bei einem k\u00fcnftigem Verkauf haben.<\/p>\n\n\n\n<p>Man sieht also, welch umfangreiche \u00dcberlegungen erforderlich sind, um eine gut durchdachte L\u00f6sung zu treffen, die m\u00f6glichst geringe Gesamtkosten verursacht. Die R\u00fccksprache mit dem Steuerberater und dem Notar ist jedenfalls anzuraten.<\/p>\n","protected":false},"excerpt":{"rendered":"<p>Der grunds\u00e4tzliche Unterschied zwischen \u00dcbergabe und testamentarischer Regelung ist folgender: Die \u00dcbergabe ist ein Vertrag, der einseitig nicht mehr abge\u00e4ndert oder widerrufen werden kann (&#8222;\u00fcbergeben ist \u00fcbergeben&#8220;). Ein Testament kann jedoch jederzeit abge\u00e4ndert oder widerrufen werden. Es hat daher unab\u00e4ngig von allen anderen Fragen zunn\u00e4chst jeder f\u00fcr sich kl\u00e4ren, ob er eine getroffene Entscheidung wieder&hellip;<\/p>\n","protected":false},"author":3,"featured_media":0,"parent":305,"menu_order":7,"comment_status":"closed","ping_status":"closed","template":"","meta":{"inline_featured_image":false,"footnotes":""},"categories":[],"class_list":["post-373","page","type-page","status-publish","hentry","description-off"],"yoast_head":"<!-- This site is optimized with the Yoast SEO Premium plugin v26.7 (Yoast SEO v27.3) - https:\/\/yoast.com\/product\/yoast-seo-premium-wordpress\/ -->\n<title>\u00dcbergeben oder vererben? &#8211; Notariat Sch\u00f6ffmann<\/title>\n<meta name=\"description\" content=\"Soll ich mein Haus \u00fcbergeben oder vererben? Diese Frage wird im Zuge von Beratungen dem Notar oft gestellt. Was Sie dabei beachten m\u00fcssen.\" \/>\n<meta name=\"robots\" content=\"index, follow, max-snippet:-1, max-image-preview:large, max-video-preview:-1\" \/>\n<link rel=\"canonical\" href=\"https:\/\/www.notariat-schoeffmann.at\/de\/erben-vererben\/uebergeben-oder-vererben\/\" \/>\n<meta property=\"og:locale\" content=\"de_DE\" \/>\n<meta property=\"og:type\" content=\"article\" \/>\n<meta property=\"og:title\" content=\"\u00dcbergeben oder vererben? - Notariat Sch\u00f6ffmann\" \/>\n<meta property=\"og:description\" content=\"Soll ich mein Haus \u00fcbergeben oder vererben? Diese Frage wird im Zuge von Beratungen dem Notar oft gestellt. Was Sie dabei beachten m\u00fcssen.\" \/>\n<meta property=\"og:url\" content=\"https:\/\/www.notariat-schoeffmann.at\/de\/erben-vererben\/uebergeben-oder-vererben\/\" \/>\n<meta property=\"og:site_name\" content=\"Notariat Sch\u00f6ffmann\" \/>\n<meta property=\"article:publisher\" content=\"https:\/\/www.facebook.com\/NotarKlagenfurt\" \/>\n<meta property=\"article:modified_time\" content=\"2022-03-06T10:18:06+00:00\" \/>\n<meta property=\"og:image\" content=\"https:\/\/www.notariat-schoeffmann.at\/wp-content\/uploads\/2021\/11\/Juristen-1.jpg\" \/>\n\t<meta property=\"og:image:width\" content=\"1600\" \/>\n\t<meta property=\"og:image:height\" content=\"1067\" \/>\n\t<meta property=\"og:image:type\" content=\"image\/jpeg\" \/>\n<meta name=\"twitter:card\" content=\"summary_large_image\" \/>\n<script type=\"application\/ld+json\" class=\"yoast-schema-graph\">{\"@context\":\"https:\\\/\\\/schema.org\",\"@graph\":[{\"@type\":\"WebPage\",\"@id\":\"https:\\\/\\\/www.notariat-schoeffmann.at\\\/de\\\/erben-vererben\\\/uebergeben-oder-vererben\\\/\",\"url\":\"https:\\\/\\\/www.notariat-schoeffmann.at\\\/de\\\/erben-vererben\\\/uebergeben-oder-vererben\\\/\",\"name\":\"\u00dcbergeben oder vererben? &#8211; Notariat Sch\u00f6ffmann\",\"isPartOf\":{\"@id\":\"https:\\\/\\\/www.notariat-schoeffmann.at\\\/de\\\/#website\"},\"datePublished\":\"2021-08-09T09:13:56+00:00\",\"dateModified\":\"2022-03-06T10:18:06+00:00\",\"description\":\"Soll ich mein Haus \u00fcbergeben oder vererben? Diese Frage wird im Zuge von Beratungen dem Notar oft gestellt. Was Sie dabei beachten m\u00fcssen.\",\"breadcrumb\":{\"@id\":\"https:\\\/\\\/www.notariat-schoeffmann.at\\\/de\\\/erben-vererben\\\/uebergeben-oder-vererben\\\/#breadcrumb\"},\"inLanguage\":\"de\",\"potentialAction\":[{\"@type\":\"ReadAction\",\"target\":[\"https:\\\/\\\/www.notariat-schoeffmann.at\\\/de\\\/erben-vererben\\\/uebergeben-oder-vererben\\\/\"]}]},{\"@type\":\"BreadcrumbList\",\"@id\":\"https:\\\/\\\/www.notariat-schoeffmann.at\\\/de\\\/erben-vererben\\\/uebergeben-oder-vererben\\\/#breadcrumb\",\"itemListElement\":[{\"@type\":\"ListItem\",\"position\":1,\"name\":\"Startseite\",\"item\":\"https:\\\/\\\/www.notariat-schoeffmann.at\\\/de\\\/\"},{\"@type\":\"ListItem\",\"position\":2,\"name\":\"Was ist das Erbrecht?\",\"item\":\"https:\\\/\\\/www.notariat-schoeffmann.at\\\/de\\\/erben-vererben\\\/\"},{\"@type\":\"ListItem\",\"position\":3,\"name\":\"\u00dcbergeben oder vererben?\"}]},{\"@type\":\"WebSite\",\"@id\":\"https:\\\/\\\/www.notariat-schoeffmann.at\\\/de\\\/#website\",\"url\":\"https:\\\/\\\/www.notariat-schoeffmann.at\\\/de\\\/\",\"name\":\"Notariat Sch\u00f6ffmann\",\"description\":\"Mag. Klaus Sch\u00f6ffmann - Ihr Notar in Klagenfurt\",\"publisher\":{\"@id\":\"https:\\\/\\\/www.notariat-schoeffmann.at\\\/de\\\/#organization\"},\"potentialAction\":[{\"@type\":\"SearchAction\",\"target\":{\"@type\":\"EntryPoint\",\"urlTemplate\":\"https:\\\/\\\/www.notariat-schoeffmann.at\\\/de\\\/?s={search_term_string}\"},\"query-input\":{\"@type\":\"PropertyValueSpecification\",\"valueRequired\":true,\"valueName\":\"search_term_string\"}}],\"inLanguage\":\"de\"},{\"@type\":\"Organization\",\"@id\":\"https:\\\/\\\/www.notariat-schoeffmann.at\\\/de\\\/#organization\",\"name\":\"Notariat Mag. Klaus Sch\u00f6ffmann Klagenfurt\",\"url\":\"https:\\\/\\\/www.notariat-schoeffmann.at\\\/de\\\/\",\"logo\":{\"@type\":\"ImageObject\",\"inLanguage\":\"de\",\"@id\":\"https:\\\/\\\/www.notariat-schoeffmann.at\\\/de\\\/#\\\/schema\\\/logo\\\/image\\\/\",\"url\":\"https:\\\/\\\/www.notariat-schoeffmann.at\\\/wp-content\\\/uploads\\\/2022\\\/02\\\/logo-notariat-schoeffmann.jpg\",\"contentUrl\":\"https:\\\/\\\/www.notariat-schoeffmann.at\\\/wp-content\\\/uploads\\\/2022\\\/02\\\/logo-notariat-schoeffmann.jpg\",\"width\":600,\"height\":600,\"caption\":\"Notariat Mag. Klaus Sch\u00f6ffmann Klagenfurt\"},\"image\":{\"@id\":\"https:\\\/\\\/www.notariat-schoeffmann.at\\\/de\\\/#\\\/schema\\\/logo\\\/image\\\/\"},\"sameAs\":[\"https:\\\/\\\/www.facebook.com\\\/NotarKlagenfurt\",\"https:\\\/\\\/www.youtube.com\\\/channel\\\/UCaITfbIQh6VIpzEonUsIhcg\"]}]}<\/script>\n<!-- \/ Yoast SEO Premium plugin. -->","yoast_head_json":{"title":"\u00dcbergeben oder vererben? &#8211; Notariat Sch\u00f6ffmann","description":"Soll ich mein Haus \u00fcbergeben oder vererben? Diese Frage wird im Zuge von Beratungen dem Notar oft gestellt. Was Sie dabei beachten m\u00fcssen.","robots":{"index":"index","follow":"follow","max-snippet":"max-snippet:-1","max-image-preview":"max-image-preview:large","max-video-preview":"max-video-preview:-1"},"canonical":"https:\/\/www.notariat-schoeffmann.at\/de\/erben-vererben\/uebergeben-oder-vererben\/","og_locale":"de_DE","og_type":"article","og_title":"\u00dcbergeben oder vererben? - Notariat Sch\u00f6ffmann","og_description":"Soll ich mein Haus \u00fcbergeben oder vererben? Diese Frage wird im Zuge von Beratungen dem Notar oft gestellt. Was Sie dabei beachten m\u00fcssen.","og_url":"https:\/\/www.notariat-schoeffmann.at\/de\/erben-vererben\/uebergeben-oder-vererben\/","og_site_name":"Notariat Sch\u00f6ffmann","article_publisher":"https:\/\/www.facebook.com\/NotarKlagenfurt","article_modified_time":"2022-03-06T10:18:06+00:00","og_image":[{"width":1600,"height":1067,"url":"https:\/\/www.notariat-schoeffmann.at\/wp-content\/uploads\/2021\/11\/Juristen-1.jpg","type":"image\/jpeg"}],"twitter_card":"summary_large_image","schema":{"@context":"https:\/\/schema.org","@graph":[{"@type":"WebPage","@id":"https:\/\/www.notariat-schoeffmann.at\/de\/erben-vererben\/uebergeben-oder-vererben\/","url":"https:\/\/www.notariat-schoeffmann.at\/de\/erben-vererben\/uebergeben-oder-vererben\/","name":"\u00dcbergeben oder vererben? &#8211; Notariat Sch\u00f6ffmann","isPartOf":{"@id":"https:\/\/www.notariat-schoeffmann.at\/de\/#website"},"datePublished":"2021-08-09T09:13:56+00:00","dateModified":"2022-03-06T10:18:06+00:00","description":"Soll ich mein Haus \u00fcbergeben oder vererben? Diese Frage wird im Zuge von Beratungen dem Notar oft gestellt. Was Sie dabei beachten m\u00fcssen.","breadcrumb":{"@id":"https:\/\/www.notariat-schoeffmann.at\/de\/erben-vererben\/uebergeben-oder-vererben\/#breadcrumb"},"inLanguage":"de","potentialAction":[{"@type":"ReadAction","target":["https:\/\/www.notariat-schoeffmann.at\/de\/erben-vererben\/uebergeben-oder-vererben\/"]}]},{"@type":"BreadcrumbList","@id":"https:\/\/www.notariat-schoeffmann.at\/de\/erben-vererben\/uebergeben-oder-vererben\/#breadcrumb","itemListElement":[{"@type":"ListItem","position":1,"name":"Startseite","item":"https:\/\/www.notariat-schoeffmann.at\/de\/"},{"@type":"ListItem","position":2,"name":"Was ist das Erbrecht?","item":"https:\/\/www.notariat-schoeffmann.at\/de\/erben-vererben\/"},{"@type":"ListItem","position":3,"name":"\u00dcbergeben oder vererben?"}]},{"@type":"WebSite","@id":"https:\/\/www.notariat-schoeffmann.at\/de\/#website","url":"https:\/\/www.notariat-schoeffmann.at\/de\/","name":"Notariat Sch\u00f6ffmann","description":"Mag. Klaus Sch\u00f6ffmann - Ihr Notar in Klagenfurt","publisher":{"@id":"https:\/\/www.notariat-schoeffmann.at\/de\/#organization"},"potentialAction":[{"@type":"SearchAction","target":{"@type":"EntryPoint","urlTemplate":"https:\/\/www.notariat-schoeffmann.at\/de\/?s={search_term_string}"},"query-input":{"@type":"PropertyValueSpecification","valueRequired":true,"valueName":"search_term_string"}}],"inLanguage":"de"},{"@type":"Organization","@id":"https:\/\/www.notariat-schoeffmann.at\/de\/#organization","name":"Notariat Mag. Klaus Sch\u00f6ffmann Klagenfurt","url":"https:\/\/www.notariat-schoeffmann.at\/de\/","logo":{"@type":"ImageObject","inLanguage":"de","@id":"https:\/\/www.notariat-schoeffmann.at\/de\/#\/schema\/logo\/image\/","url":"https:\/\/www.notariat-schoeffmann.at\/wp-content\/uploads\/2022\/02\/logo-notariat-schoeffmann.jpg","contentUrl":"https:\/\/www.notariat-schoeffmann.at\/wp-content\/uploads\/2022\/02\/logo-notariat-schoeffmann.jpg","width":600,"height":600,"caption":"Notariat Mag. Klaus Sch\u00f6ffmann Klagenfurt"},"image":{"@id":"https:\/\/www.notariat-schoeffmann.at\/de\/#\/schema\/logo\/image\/"},"sameAs":["https:\/\/www.facebook.com\/NotarKlagenfurt","https:\/\/www.youtube.com\/channel\/UCaITfbIQh6VIpzEonUsIhcg"]}]}},"_links":{"self":[{"href":"https:\/\/www.notariat-schoeffmann.at\/de\/wp-json\/wp\/v2\/pages\/373","targetHints":{"allow":["GET"]}}],"collection":[{"href":"https:\/\/www.notariat-schoeffmann.at\/de\/wp-json\/wp\/v2\/pages"}],"about":[{"href":"https:\/\/www.notariat-schoeffmann.at\/de\/wp-json\/wp\/v2\/types\/page"}],"author":[{"embeddable":true,"href":"https:\/\/www.notariat-schoeffmann.at\/de\/wp-json\/wp\/v2\/users\/3"}],"replies":[{"embeddable":true,"href":"https:\/\/www.notariat-schoeffmann.at\/de\/wp-json\/wp\/v2\/comments?post=373"}],"version-history":[{"count":3,"href":"https:\/\/www.notariat-schoeffmann.at\/de\/wp-json\/wp\/v2\/pages\/373\/revisions"}],"predecessor-version":[{"id":2413,"href":"https:\/\/www.notariat-schoeffmann.at\/de\/wp-json\/wp\/v2\/pages\/373\/revisions\/2413"}],"up":[{"embeddable":true,"href":"https:\/\/www.notariat-schoeffmann.at\/de\/wp-json\/wp\/v2\/pages\/305"}],"wp:attachment":[{"href":"https:\/\/www.notariat-schoeffmann.at\/de\/wp-json\/wp\/v2\/media?parent=373"}],"wp:term":[{"taxonomy":"category","embeddable":true,"href":"https:\/\/www.notariat-schoeffmann.at\/de\/wp-json\/wp\/v2\/categories?post=373"}],"curies":[{"name":"wp","href":"https:\/\/api.w.org\/{rel}","templated":true}]}}