{"id":371,"date":"2021-08-09T11:12:55","date_gmt":"2021-08-09T09:12:55","guid":{"rendered":"https:\/\/www.notariat-schoeffmann.at\/?page_id=371"},"modified":"2022-03-05T17:17:45","modified_gmt":"2022-03-05T16:17:45","slug":"pflegevermaechtnis","status":"publish","type":"page","link":"https:\/\/www.notariat-schoeffmann.at\/de\/erben-vererben\/pflegevermaechtnis\/","title":{"rendered":"Pflegeverm\u00e4chtnis"},"content":{"rendered":"<div class=\"lazyblock-infobox-AhjIy wp-block-lazyblock-infobox\"><div class=\"notar_beispielbox\">\n  <h2>Beispiel<\/h2>\n  <div class=\"notar_infobox_content\"><p><em>Anna hat ihren Vater vor seinem Tod gepflegt. Ihr Bruder hat sich nicht um ihn gek\u00fcmmert. Steht Anna f\u00fcr ihre Pflegeleistung etwas zu?<\/em><\/p><\/div>\n<\/div>\n\n<\/div>\n\n\n<p>In vielen F\u00e4llen wird vor dem Tod nicht gekl\u00e4rt, wie Pflegeleistungen durch Angeh\u00f6rige abgegolten werden sollen. Demjenigen aus der Familie, der die Pflege zB der Eltern auf sich genommen hat, steht daher das&nbsp;<strong>gesetzliche Pflegeverm\u00e4chtnis<\/strong>&nbsp;zu. Mit dem Pflegeverm\u00e4chtnis wird die&nbsp;<strong>Abgeltung der Pflegeleistungen<\/strong>&nbsp;erleichtert.<\/p>\n\n\n\n<p>Es handelt sich dabei um ein gesetzliches Verm\u00e4chtnis, das Pflegeleistungen naher Angeh\u00f6riger abgelten soll, die diese gegen\u00fcber dem Verstorbenen&nbsp;<strong>in den letzten drei Jahren vor seinem Tod<\/strong>&nbsp;erbracht haben. Voraussetzung ist, dass der Angeh\u00f6rige insgesamt&nbsp;<strong>mindestens sechs Monate lang in nicht blo\u00df geringf\u00fcgigem Ausma\u00df&nbsp;<\/strong>(durchschnittlich mehr als 20 Stunden pro Monat) Pflegeleistungen erbracht hat.<\/p>\n\n\n\n<p><strong>Wer&nbsp;<\/strong>kann ein Pflegeverm\u00e4chtnis bekommen?<\/p>\n\n\n\n<ul class=\"wp-block-list\"><li>Alle als gesetzliche Erben in Betracht kommende Personen (Ehegatten, eingetragene Partner, Kinder, Enkel und Urenkel, Eltern, Geschwister, \u2026 des Verstorbenen),<\/li><li>Ehegatten, eingetragene Partner und Lebensgef\u00e4hrten der als gesetzliche Erben in Betracht kommenden Personen sowie<\/li><li>die Kinder dieser Personen,<\/li><li>der Lebensgef\u00e4hrte des Verstorbenen und<\/li><li>die Kinder dieses Lebensgef\u00e4hrten.<\/li><\/ul>\n\n\n\n<p>Dem Pflegenden steht dieses Verm\u00e4chtnis nicht zu, wenn er daf\u00fcr ein Entgelt erhalten hat. Wurden die Pflegeleistungen durch anrechenbare letztwillige Zuwendungen des Verstorbenen oder durch Zuwendungen Dritter oder der \u00f6ffentlichen Hand abgegolten, hat er ebenfalls keinen Anspruch darauf.<\/p>\n\n\n\n<p>Das Pflegeverm\u00e4chtnis geb\u00fchrt zus\u00e4tzlich zum Pflichtteil und anderen Leistungen aus der Verlassenschaft, wobei der Verstorbene jedoch abgesehen vom Pflichtteil eine Anrechnung anordnen kann.<\/p>\n\n\n\n<p>Entzogen werden kann es nur bei Vorliegen eines&nbsp;<a href=\"https:\/\/www.notariat-schoeffmann.at\/erben-vererben\/gewillkuerte-erbfolge\/testament\/enterbung\/\">Enterbungsgrundes<\/a>.<\/p>\n\n\n\n<p>Die&nbsp;<strong>H\u00f6he&nbsp;<\/strong>des Pflegeverm\u00e4chtnisses richtet sich nach Art, Dauer und Umfang der Leistungen sowie nach dem verschafften Nutzen (insb. den ersparten Aufwendungen). Der Wert der Verlassenschaft ist dabei nicht zu ber\u00fccksichtigen.<\/p>\n\n\n<div class=\"lazyblock-infobox-Z1BmkTq wp-block-lazyblock-infobox\"><div class=\"notar_beispielbox\">\n  <h2>L\u00f6sung des Beispiels<\/h2>\n  <div class=\"notar_infobox_content\"><p>Anna erh\u00e4lt nach dem Tod ihres Vaters eine Abgeltung f\u00fcr ihre Pflegeleistungen. Dies muss ihr Vater nicht extra anordnen, sondern der Anspruch ergibt sich aus dem Gesetz.<\/p><\/div>\n<\/div>\n\n<\/div>","protected":false},"excerpt":{"rendered":"<p>In vielen F\u00e4llen wird vor dem Tod nicht gekl\u00e4rt, wie Pflegeleistungen durch Angeh\u00f6rige abgegolten werden sollen. Demjenigen aus der Familie, der die Pflege zB der Eltern auf sich genommen hat, steht daher das&nbsp;gesetzliche Pflegeverm\u00e4chtnis&nbsp;zu. Mit dem Pflegeverm\u00e4chtnis wird die&nbsp;Abgeltung der Pflegeleistungen&nbsp;erleichtert. Es handelt sich dabei um ein gesetzliches Verm\u00e4chtnis, das Pflegeleistungen naher Angeh\u00f6riger abgelten soll,&hellip;<\/p>\n","protected":false},"author":3,"featured_media":0,"parent":305,"menu_order":6,"comment_status":"closed","ping_status":"closed","template":"","meta":{"inline_featured_image":false,"footnotes":""},"categories":[],"class_list":["post-371","page","type-page","status-publish","hentry","description-off"],"yoast_head":"<!-- This site is optimized with the Yoast SEO Premium plugin v26.7 (Yoast SEO v27.4) - https:\/\/yoast.com\/product\/yoast-seo-premium-wordpress\/ -->\n<title>Pflegeverm\u00e4chtnis &#8211; Notariat Sch\u00f6ffmann<\/title>\n<meta name=\"description\" content=\"In vielen F\u00e4llen wird vor dem Tod nicht gekl\u00e4rt, wie Pflegeleistungen durch Angeh\u00f6rige abgegolten werden sollen. Dazu gibt es das Pflegeverm\u00e4chtnis.\" \/>\n<meta name=\"robots\" content=\"index, follow, max-snippet:-1, max-image-preview:large, max-video-preview:-1\" \/>\n<link rel=\"canonical\" href=\"https:\/\/www.notariat-schoeffmann.at\/de\/erben-vererben\/pflegevermaechtnis\/\" \/>\n<meta property=\"og:locale\" content=\"de_DE\" \/>\n<meta property=\"og:type\" content=\"article\" \/>\n<meta property=\"og:title\" content=\"Pflegeverm\u00e4chtnis - Notariat Sch\u00f6ffmann\" \/>\n<meta property=\"og:description\" content=\"In vielen F\u00e4llen wird vor dem Tod nicht gekl\u00e4rt, wie Pflegeleistungen durch Angeh\u00f6rige abgegolten werden sollen. Dazu gibt es das Pflegeverm\u00e4chtnis.\" \/>\n<meta property=\"og:url\" content=\"https:\/\/www.notariat-schoeffmann.at\/de\/erben-vererben\/pflegevermaechtnis\/\" \/>\n<meta property=\"og:site_name\" content=\"Notariat Sch\u00f6ffmann\" \/>\n<meta property=\"article:publisher\" content=\"https:\/\/www.facebook.com\/NotarKlagenfurt\" \/>\n<meta property=\"article:modified_time\" content=\"2022-03-05T16:17:45+00:00\" \/>\n<meta property=\"og:image\" content=\"https:\/\/www.notariat-schoeffmann.at\/wp-content\/uploads\/2021\/11\/Juristen-1.jpg\" \/>\n\t<meta property=\"og:image:width\" content=\"1600\" \/>\n\t<meta property=\"og:image:height\" content=\"1067\" \/>\n\t<meta property=\"og:image:type\" content=\"image\/jpeg\" \/>\n<meta name=\"twitter:card\" content=\"summary_large_image\" \/>\n<script type=\"application\/ld+json\" class=\"yoast-schema-graph\">{\"@context\":\"https:\\\/\\\/schema.org\",\"@graph\":[{\"@type\":\"WebPage\",\"@id\":\"https:\\\/\\\/www.notariat-schoeffmann.at\\\/de\\\/erben-vererben\\\/pflegevermaechtnis\\\/\",\"url\":\"https:\\\/\\\/www.notariat-schoeffmann.at\\\/de\\\/erben-vererben\\\/pflegevermaechtnis\\\/\",\"name\":\"Pflegeverm\u00e4chtnis &#8211; Notariat Sch\u00f6ffmann\",\"isPartOf\":{\"@id\":\"https:\\\/\\\/www.notariat-schoeffmann.at\\\/de\\\/#website\"},\"datePublished\":\"2021-08-09T09:12:55+00:00\",\"dateModified\":\"2022-03-05T16:17:45+00:00\",\"description\":\"In vielen F\u00e4llen wird vor dem Tod nicht gekl\u00e4rt, wie Pflegeleistungen durch Angeh\u00f6rige abgegolten werden sollen. Dazu gibt es das Pflegeverm\u00e4chtnis.\",\"breadcrumb\":{\"@id\":\"https:\\\/\\\/www.notariat-schoeffmann.at\\\/de\\\/erben-vererben\\\/pflegevermaechtnis\\\/#breadcrumb\"},\"inLanguage\":\"de\",\"potentialAction\":[{\"@type\":\"ReadAction\",\"target\":[\"https:\\\/\\\/www.notariat-schoeffmann.at\\\/de\\\/erben-vererben\\\/pflegevermaechtnis\\\/\"]}]},{\"@type\":\"BreadcrumbList\",\"@id\":\"https:\\\/\\\/www.notariat-schoeffmann.at\\\/de\\\/erben-vererben\\\/pflegevermaechtnis\\\/#breadcrumb\",\"itemListElement\":[{\"@type\":\"ListItem\",\"position\":1,\"name\":\"Startseite\",\"item\":\"https:\\\/\\\/www.notariat-schoeffmann.at\\\/de\\\/\"},{\"@type\":\"ListItem\",\"position\":2,\"name\":\"Was ist das Erbrecht?\",\"item\":\"https:\\\/\\\/www.notariat-schoeffmann.at\\\/de\\\/erben-vererben\\\/\"},{\"@type\":\"ListItem\",\"position\":3,\"name\":\"Pflegeverm\u00e4chtnis\"}]},{\"@type\":\"WebSite\",\"@id\":\"https:\\\/\\\/www.notariat-schoeffmann.at\\\/de\\\/#website\",\"url\":\"https:\\\/\\\/www.notariat-schoeffmann.at\\\/de\\\/\",\"name\":\"Notariat Sch\u00f6ffmann\",\"description\":\"Mag. Klaus Sch\u00f6ffmann - Ihr Notar in Klagenfurt\",\"publisher\":{\"@id\":\"https:\\\/\\\/www.notariat-schoeffmann.at\\\/de\\\/#organization\"},\"potentialAction\":[{\"@type\":\"SearchAction\",\"target\":{\"@type\":\"EntryPoint\",\"urlTemplate\":\"https:\\\/\\\/www.notariat-schoeffmann.at\\\/de\\\/?s={search_term_string}\"},\"query-input\":{\"@type\":\"PropertyValueSpecification\",\"valueRequired\":true,\"valueName\":\"search_term_string\"}}],\"inLanguage\":\"de\"},{\"@type\":\"Organization\",\"@id\":\"https:\\\/\\\/www.notariat-schoeffmann.at\\\/de\\\/#organization\",\"name\":\"Notariat Mag. Klaus Sch\u00f6ffmann Klagenfurt\",\"url\":\"https:\\\/\\\/www.notariat-schoeffmann.at\\\/de\\\/\",\"logo\":{\"@type\":\"ImageObject\",\"inLanguage\":\"de\",\"@id\":\"https:\\\/\\\/www.notariat-schoeffmann.at\\\/de\\\/#\\\/schema\\\/logo\\\/image\\\/\",\"url\":\"https:\\\/\\\/www.notariat-schoeffmann.at\\\/wp-content\\\/uploads\\\/2022\\\/02\\\/logo-notariat-schoeffmann.jpg\",\"contentUrl\":\"https:\\\/\\\/www.notariat-schoeffmann.at\\\/wp-content\\\/uploads\\\/2022\\\/02\\\/logo-notariat-schoeffmann.jpg\",\"width\":600,\"height\":600,\"caption\":\"Notariat Mag. Klaus Sch\u00f6ffmann Klagenfurt\"},\"image\":{\"@id\":\"https:\\\/\\\/www.notariat-schoeffmann.at\\\/de\\\/#\\\/schema\\\/logo\\\/image\\\/\"},\"sameAs\":[\"https:\\\/\\\/www.facebook.com\\\/NotarKlagenfurt\",\"https:\\\/\\\/www.youtube.com\\\/channel\\\/UCaITfbIQh6VIpzEonUsIhcg\"]}]}<\/script>\n<!-- \/ Yoast SEO Premium plugin. -->","yoast_head_json":{"title":"Pflegeverm\u00e4chtnis &#8211; Notariat Sch\u00f6ffmann","description":"In vielen F\u00e4llen wird vor dem Tod nicht gekl\u00e4rt, wie Pflegeleistungen durch Angeh\u00f6rige abgegolten werden sollen. Dazu gibt es das Pflegeverm\u00e4chtnis.","robots":{"index":"index","follow":"follow","max-snippet":"max-snippet:-1","max-image-preview":"max-image-preview:large","max-video-preview":"max-video-preview:-1"},"canonical":"https:\/\/www.notariat-schoeffmann.at\/de\/erben-vererben\/pflegevermaechtnis\/","og_locale":"de_DE","og_type":"article","og_title":"Pflegeverm\u00e4chtnis - Notariat Sch\u00f6ffmann","og_description":"In vielen F\u00e4llen wird vor dem Tod nicht gekl\u00e4rt, wie Pflegeleistungen durch Angeh\u00f6rige abgegolten werden sollen. Dazu gibt es das Pflegeverm\u00e4chtnis.","og_url":"https:\/\/www.notariat-schoeffmann.at\/de\/erben-vererben\/pflegevermaechtnis\/","og_site_name":"Notariat Sch\u00f6ffmann","article_publisher":"https:\/\/www.facebook.com\/NotarKlagenfurt","article_modified_time":"2022-03-05T16:17:45+00:00","og_image":[{"width":1600,"height":1067,"url":"https:\/\/www.notariat-schoeffmann.at\/wp-content\/uploads\/2021\/11\/Juristen-1.jpg","type":"image\/jpeg"}],"twitter_card":"summary_large_image","schema":{"@context":"https:\/\/schema.org","@graph":[{"@type":"WebPage","@id":"https:\/\/www.notariat-schoeffmann.at\/de\/erben-vererben\/pflegevermaechtnis\/","url":"https:\/\/www.notariat-schoeffmann.at\/de\/erben-vererben\/pflegevermaechtnis\/","name":"Pflegeverm\u00e4chtnis &#8211; Notariat Sch\u00f6ffmann","isPartOf":{"@id":"https:\/\/www.notariat-schoeffmann.at\/de\/#website"},"datePublished":"2021-08-09T09:12:55+00:00","dateModified":"2022-03-05T16:17:45+00:00","description":"In vielen F\u00e4llen wird vor dem Tod nicht gekl\u00e4rt, wie Pflegeleistungen durch Angeh\u00f6rige abgegolten werden sollen. Dazu gibt es das Pflegeverm\u00e4chtnis.","breadcrumb":{"@id":"https:\/\/www.notariat-schoeffmann.at\/de\/erben-vererben\/pflegevermaechtnis\/#breadcrumb"},"inLanguage":"de","potentialAction":[{"@type":"ReadAction","target":["https:\/\/www.notariat-schoeffmann.at\/de\/erben-vererben\/pflegevermaechtnis\/"]}]},{"@type":"BreadcrumbList","@id":"https:\/\/www.notariat-schoeffmann.at\/de\/erben-vererben\/pflegevermaechtnis\/#breadcrumb","itemListElement":[{"@type":"ListItem","position":1,"name":"Startseite","item":"https:\/\/www.notariat-schoeffmann.at\/de\/"},{"@type":"ListItem","position":2,"name":"Was ist das Erbrecht?","item":"https:\/\/www.notariat-schoeffmann.at\/de\/erben-vererben\/"},{"@type":"ListItem","position":3,"name":"Pflegeverm\u00e4chtnis"}]},{"@type":"WebSite","@id":"https:\/\/www.notariat-schoeffmann.at\/de\/#website","url":"https:\/\/www.notariat-schoeffmann.at\/de\/","name":"Notariat Sch\u00f6ffmann","description":"Mag. Klaus Sch\u00f6ffmann - Ihr Notar in Klagenfurt","publisher":{"@id":"https:\/\/www.notariat-schoeffmann.at\/de\/#organization"},"potentialAction":[{"@type":"SearchAction","target":{"@type":"EntryPoint","urlTemplate":"https:\/\/www.notariat-schoeffmann.at\/de\/?s={search_term_string}"},"query-input":{"@type":"PropertyValueSpecification","valueRequired":true,"valueName":"search_term_string"}}],"inLanguage":"de"},{"@type":"Organization","@id":"https:\/\/www.notariat-schoeffmann.at\/de\/#organization","name":"Notariat Mag. Klaus Sch\u00f6ffmann Klagenfurt","url":"https:\/\/www.notariat-schoeffmann.at\/de\/","logo":{"@type":"ImageObject","inLanguage":"de","@id":"https:\/\/www.notariat-schoeffmann.at\/de\/#\/schema\/logo\/image\/","url":"https:\/\/www.notariat-schoeffmann.at\/wp-content\/uploads\/2022\/02\/logo-notariat-schoeffmann.jpg","contentUrl":"https:\/\/www.notariat-schoeffmann.at\/wp-content\/uploads\/2022\/02\/logo-notariat-schoeffmann.jpg","width":600,"height":600,"caption":"Notariat Mag. Klaus Sch\u00f6ffmann Klagenfurt"},"image":{"@id":"https:\/\/www.notariat-schoeffmann.at\/de\/#\/schema\/logo\/image\/"},"sameAs":["https:\/\/www.facebook.com\/NotarKlagenfurt","https:\/\/www.youtube.com\/channel\/UCaITfbIQh6VIpzEonUsIhcg"]}]}},"_links":{"self":[{"href":"https:\/\/www.notariat-schoeffmann.at\/de\/wp-json\/wp\/v2\/pages\/371","targetHints":{"allow":["GET"]}}],"collection":[{"href":"https:\/\/www.notariat-schoeffmann.at\/de\/wp-json\/wp\/v2\/pages"}],"about":[{"href":"https:\/\/www.notariat-schoeffmann.at\/de\/wp-json\/wp\/v2\/types\/page"}],"author":[{"embeddable":true,"href":"https:\/\/www.notariat-schoeffmann.at\/de\/wp-json\/wp\/v2\/users\/3"}],"replies":[{"embeddable":true,"href":"https:\/\/www.notariat-schoeffmann.at\/de\/wp-json\/wp\/v2\/comments?post=371"}],"version-history":[{"count":6,"href":"https:\/\/www.notariat-schoeffmann.at\/de\/wp-json\/wp\/v2\/pages\/371\/revisions"}],"predecessor-version":[{"id":2383,"href":"https:\/\/www.notariat-schoeffmann.at\/de\/wp-json\/wp\/v2\/pages\/371\/revisions\/2383"}],"up":[{"embeddable":true,"href":"https:\/\/www.notariat-schoeffmann.at\/de\/wp-json\/wp\/v2\/pages\/305"}],"wp:attachment":[{"href":"https:\/\/www.notariat-schoeffmann.at\/de\/wp-json\/wp\/v2\/media?parent=371"}],"wp:term":[{"taxonomy":"category","embeddable":true,"href":"https:\/\/www.notariat-schoeffmann.at\/de\/wp-json\/wp\/v2\/categories?post=371"}],"curies":[{"name":"wp","href":"https:\/\/api.w.org\/{rel}","templated":true}]}}