{"id":369,"date":"2021-08-09T11:12:12","date_gmt":"2021-08-09T09:12:12","guid":{"rendered":"https:\/\/www.notariat-schoeffmann.at\/?page_id=369"},"modified":"2022-03-19T10:25:48","modified_gmt":"2022-03-19T09:25:48","slug":"enterbung","status":"publish","type":"page","link":"https:\/\/www.notariat-schoeffmann.at\/de\/erben-vererben\/gewillkuerte-erbfolge\/testament\/enterbung\/","title":{"rendered":"Enterbung"},"content":{"rendered":"\n<p>Es kann aus verschiedensten Gr\u00fcnden dazu kommen, dass der Verstorbene den\u00a0<a href=\"https:\/\/www.notariat-schoeffmann.at\/erben-vererben\/pflichtteilsrecht\/\">pflichtteilsberechtigten Personen\u00a0<\/a>nichts hinterlassen will. Um einem Pflichtteilsberechtigten seinen\u00a0<a href=\"https:\/\/www.notariat-schoeffmann.at\/erben-vererben\/pflichtteilsrecht\/\">Pflichtteil\u00a0<\/a>rechtswirksam zu entziehen bedarf es der Enterbung.<\/p>\n\n\n\n<p>Einem Pflichtteilsberechtigten kann der Pflichtteil&nbsp;<b>durch letztwillige Anordnung<\/b>&nbsp;bei Vorliegen eines im Gesetz genannten&nbsp;<b>Enterbungsgrundes<\/b>&nbsp;g\u00e4nzlich oder teilweise entzogen werden.<\/p>\n\n\n\n<p>Ein&nbsp;<strong>Enterbungsgrund&nbsp;<\/strong>liegt vor, wenn der Pflichtteilsberechtigte<\/p>\n\n\n\n<ul class=\"wp-block-list\"><li><i>gegen den Verstorbenen eine gerichtlich strafbare Handlung begangen hat, die nur vors\u00e4tzlich begangen werden kann und mit mehr als einj\u00e4hriger Freiheitsstrafe bedroht ist, oder<\/i><\/li><li><i>gegen den Ehegatten, eingetragenen Partner, Lebensgef\u00e4hrten oder gegen Verwandte des Verstorbenen eine gerichtlich strafbare Handlung begangen hat, &nbsp;die&nbsp; nur &nbsp;vors\u00e4tzlich &nbsp;begangen werden kann und mit mehr als einj\u00e4hriger Freiheitsstrafe bedroht ist,<\/i><\/li><li><i>absichtlich die Verwirklichung &nbsp;des wahren letzten Willens des Verstorbenen vereitelt oder zu vereiteln versucht hat,<\/i><\/li><li><i>dem Verstorbenen in verwerflicher Weise schweres seelisches Leid zugef\u00fcgt hat,<\/i><\/li><li><i>sonst seine familienrechtlichen Pflichten gegen\u00fcber dem Verstorbenen gr\u00f6blich vernachl\u00e4ssigt hat, oder<\/i><\/li><li><i>wegen einer oder mehrerer mit &nbsp;Vorsatz begangener strafbarer Handlungen zu einer lebenslangen oder zwanzigj\u00e4hrigen Freiheitsstrafe verurteilt worden ist<\/i>.<\/li><\/ul>\n\n\n\n<p>Die Enterbung sollte jedenfalls in einer letztwilligen Verf\u00fcgung ausdr\u00fccklich angeordnet werden. Die Enterbung wird unwirksam, wenn der Verstorbene dem Enterbten verzeiht.<\/p>\n\n\n\n<p>Liegt kein Testament vor, erben anstelle des Enterbten dessen Nachkommen. Durch die Enterbung werden die Pflichtteilsanspr\u00fcche der \u00fcbrigen Pflichtteilsberechtigten erh\u00f6ht, da der Enterbte als nicht vorhanden betrachtet wird.<\/p>\n","protected":false},"excerpt":{"rendered":"<p>Es kann aus verschiedensten Gr\u00fcnden dazu kommen, dass der Verstorbene den\u00a0pflichtteilsberechtigten Personen\u00a0nichts hinterlassen will. Um einem Pflichtteilsberechtigten seinen\u00a0Pflichtteil\u00a0rechtswirksam zu entziehen bedarf es der Enterbung. Einem Pflichtteilsberechtigten kann der Pflichtteil&nbsp;durch letztwillige Anordnung&nbsp;bei Vorliegen eines im Gesetz genannten&nbsp;Enterbungsgrundes&nbsp;g\u00e4nzlich oder teilweise entzogen werden. Ein&nbsp;Enterbungsgrund&nbsp;liegt vor, wenn der Pflichtteilsberechtigte gegen den Verstorbenen eine gerichtlich strafbare Handlung begangen hat, die&hellip;<\/p>\n","protected":false},"author":3,"featured_media":0,"parent":329,"menu_order":0,"comment_status":"closed","ping_status":"closed","template":"","meta":{"inline_featured_image":false,"footnotes":""},"categories":[],"class_list":["post-369","page","type-page","status-publish","hentry","description-off"],"yoast_head":"<!-- This site is optimized with the Yoast SEO Premium plugin v26.7 (Yoast SEO v27.4) - https:\/\/yoast.com\/product\/yoast-seo-premium-wordpress\/ -->\n<title>Enterbung in guter Absicht &#8211; Notariat Sch\u00f6ffmann<\/title>\n<meta name=\"description\" content=\"Ist ein Pflichtteilsberechtigter verschuldet oder verschwenderisch, so kann der Verf\u00fcgende dessen Pflichtteil dessen Kindern zuwenden.\" \/>\n<meta name=\"robots\" content=\"index, follow, max-snippet:-1, max-image-preview:large, max-video-preview:-1\" \/>\n<link rel=\"canonical\" href=\"https:\/\/www.notariat-schoeffmann.at\/de\/erben-vererben\/gewillkuerte-erbfolge\/testament\/enterbung\/\" \/>\n<meta property=\"og:locale\" content=\"de_DE\" \/>\n<meta property=\"og:type\" content=\"article\" \/>\n<meta property=\"og:title\" content=\"Enterbung - Notariat Sch\u00f6ffmann\" \/>\n<meta property=\"og:description\" content=\"Ist ein Pflichtteilsberechtigter verschuldet oder verschwenderisch, so kann der Verf\u00fcgende dessen Pflichtteil dessen Kindern zuwenden.\" \/>\n<meta property=\"og:url\" content=\"https:\/\/www.notariat-schoeffmann.at\/de\/erben-vererben\/gewillkuerte-erbfolge\/testament\/enterbung\/\" \/>\n<meta property=\"og:site_name\" content=\"Notariat Sch\u00f6ffmann\" \/>\n<meta property=\"article:publisher\" content=\"https:\/\/www.facebook.com\/NotarKlagenfurt\" \/>\n<meta property=\"article:modified_time\" content=\"2022-03-19T09:25:48+00:00\" \/>\n<meta property=\"og:image\" content=\"https:\/\/www.notariat-schoeffmann.at\/wp-content\/uploads\/2021\/11\/Juristen-1.jpg\" \/>\n\t<meta property=\"og:image:width\" content=\"1600\" \/>\n\t<meta property=\"og:image:height\" content=\"1067\" \/>\n\t<meta property=\"og:image:type\" content=\"image\/jpeg\" \/>\n<meta name=\"twitter:card\" content=\"summary_large_image\" \/>\n<script type=\"application\/ld+json\" class=\"yoast-schema-graph\">{\"@context\":\"https:\\\/\\\/schema.org\",\"@graph\":[{\"@type\":\"WebPage\",\"@id\":\"https:\\\/\\\/www.notariat-schoeffmann.at\\\/de\\\/erben-vererben\\\/gewillkuerte-erbfolge\\\/testament\\\/enterbung\\\/\",\"url\":\"https:\\\/\\\/www.notariat-schoeffmann.at\\\/de\\\/erben-vererben\\\/gewillkuerte-erbfolge\\\/testament\\\/enterbung\\\/\",\"name\":\"Enterbung in guter Absicht &#8211; Notariat Sch\u00f6ffmann\",\"isPartOf\":{\"@id\":\"https:\\\/\\\/www.notariat-schoeffmann.at\\\/de\\\/#website\"},\"datePublished\":\"2021-08-09T09:12:12+00:00\",\"dateModified\":\"2022-03-19T09:25:48+00:00\",\"description\":\"Ist ein Pflichtteilsberechtigter verschuldet oder verschwenderisch, so kann der Verf\u00fcgende dessen Pflichtteil dessen Kindern zuwenden.\",\"breadcrumb\":{\"@id\":\"https:\\\/\\\/www.notariat-schoeffmann.at\\\/de\\\/erben-vererben\\\/gewillkuerte-erbfolge\\\/testament\\\/enterbung\\\/#breadcrumb\"},\"inLanguage\":\"de\",\"potentialAction\":[{\"@type\":\"ReadAction\",\"target\":[\"https:\\\/\\\/www.notariat-schoeffmann.at\\\/de\\\/erben-vererben\\\/gewillkuerte-erbfolge\\\/testament\\\/enterbung\\\/\"]}]},{\"@type\":\"BreadcrumbList\",\"@id\":\"https:\\\/\\\/www.notariat-schoeffmann.at\\\/de\\\/erben-vererben\\\/gewillkuerte-erbfolge\\\/testament\\\/enterbung\\\/#breadcrumb\",\"itemListElement\":[{\"@type\":\"ListItem\",\"position\":1,\"name\":\"Startseite\",\"item\":\"https:\\\/\\\/www.notariat-schoeffmann.at\\\/de\\\/\"},{\"@type\":\"ListItem\",\"position\":2,\"name\":\"Was ist das Erbrecht?\",\"item\":\"https:\\\/\\\/www.notariat-schoeffmann.at\\\/de\\\/erben-vererben\\\/\"},{\"@type\":\"ListItem\",\"position\":3,\"name\":\"Gewillk\u00fcrte Erbfolge\",\"item\":\"https:\\\/\\\/www.notariat-schoeffmann.at\\\/de\\\/erben-vererben\\\/gewillkuerte-erbfolge\\\/\"},{\"@type\":\"ListItem\",\"position\":4,\"name\":\"Testament\",\"item\":\"https:\\\/\\\/www.notariat-schoeffmann.at\\\/de\\\/erben-vererben\\\/gewillkuerte-erbfolge\\\/testament\\\/\"},{\"@type\":\"ListItem\",\"position\":5,\"name\":\"Enterbung\"}]},{\"@type\":\"WebSite\",\"@id\":\"https:\\\/\\\/www.notariat-schoeffmann.at\\\/de\\\/#website\",\"url\":\"https:\\\/\\\/www.notariat-schoeffmann.at\\\/de\\\/\",\"name\":\"Notariat Sch\u00f6ffmann\",\"description\":\"Mag. Klaus Sch\u00f6ffmann - Ihr Notar in Klagenfurt\",\"publisher\":{\"@id\":\"https:\\\/\\\/www.notariat-schoeffmann.at\\\/de\\\/#organization\"},\"potentialAction\":[{\"@type\":\"SearchAction\",\"target\":{\"@type\":\"EntryPoint\",\"urlTemplate\":\"https:\\\/\\\/www.notariat-schoeffmann.at\\\/de\\\/?s={search_term_string}\"},\"query-input\":{\"@type\":\"PropertyValueSpecification\",\"valueRequired\":true,\"valueName\":\"search_term_string\"}}],\"inLanguage\":\"de\"},{\"@type\":\"Organization\",\"@id\":\"https:\\\/\\\/www.notariat-schoeffmann.at\\\/de\\\/#organization\",\"name\":\"Notariat Mag. Klaus Sch\u00f6ffmann Klagenfurt\",\"url\":\"https:\\\/\\\/www.notariat-schoeffmann.at\\\/de\\\/\",\"logo\":{\"@type\":\"ImageObject\",\"inLanguage\":\"de\",\"@id\":\"https:\\\/\\\/www.notariat-schoeffmann.at\\\/de\\\/#\\\/schema\\\/logo\\\/image\\\/\",\"url\":\"https:\\\/\\\/www.notariat-schoeffmann.at\\\/wp-content\\\/uploads\\\/2022\\\/02\\\/logo-notariat-schoeffmann.jpg\",\"contentUrl\":\"https:\\\/\\\/www.notariat-schoeffmann.at\\\/wp-content\\\/uploads\\\/2022\\\/02\\\/logo-notariat-schoeffmann.jpg\",\"width\":600,\"height\":600,\"caption\":\"Notariat Mag. Klaus Sch\u00f6ffmann Klagenfurt\"},\"image\":{\"@id\":\"https:\\\/\\\/www.notariat-schoeffmann.at\\\/de\\\/#\\\/schema\\\/logo\\\/image\\\/\"},\"sameAs\":[\"https:\\\/\\\/www.facebook.com\\\/NotarKlagenfurt\",\"https:\\\/\\\/www.youtube.com\\\/channel\\\/UCaITfbIQh6VIpzEonUsIhcg\"]}]}<\/script>\n<!-- \/ Yoast SEO Premium plugin. -->","yoast_head_json":{"title":"Enterbung in guter Absicht &#8211; Notariat Sch\u00f6ffmann","description":"Ist ein Pflichtteilsberechtigter verschuldet oder verschwenderisch, so kann der Verf\u00fcgende dessen Pflichtteil dessen Kindern zuwenden.","robots":{"index":"index","follow":"follow","max-snippet":"max-snippet:-1","max-image-preview":"max-image-preview:large","max-video-preview":"max-video-preview:-1"},"canonical":"https:\/\/www.notariat-schoeffmann.at\/de\/erben-vererben\/gewillkuerte-erbfolge\/testament\/enterbung\/","og_locale":"de_DE","og_type":"article","og_title":"Enterbung - Notariat Sch\u00f6ffmann","og_description":"Ist ein Pflichtteilsberechtigter verschuldet oder verschwenderisch, so kann der Verf\u00fcgende dessen Pflichtteil dessen Kindern zuwenden.","og_url":"https:\/\/www.notariat-schoeffmann.at\/de\/erben-vererben\/gewillkuerte-erbfolge\/testament\/enterbung\/","og_site_name":"Notariat Sch\u00f6ffmann","article_publisher":"https:\/\/www.facebook.com\/NotarKlagenfurt","article_modified_time":"2022-03-19T09:25:48+00:00","og_image":[{"width":1600,"height":1067,"url":"https:\/\/www.notariat-schoeffmann.at\/wp-content\/uploads\/2021\/11\/Juristen-1.jpg","type":"image\/jpeg"}],"twitter_card":"summary_large_image","schema":{"@context":"https:\/\/schema.org","@graph":[{"@type":"WebPage","@id":"https:\/\/www.notariat-schoeffmann.at\/de\/erben-vererben\/gewillkuerte-erbfolge\/testament\/enterbung\/","url":"https:\/\/www.notariat-schoeffmann.at\/de\/erben-vererben\/gewillkuerte-erbfolge\/testament\/enterbung\/","name":"Enterbung in guter Absicht &#8211; Notariat Sch\u00f6ffmann","isPartOf":{"@id":"https:\/\/www.notariat-schoeffmann.at\/de\/#website"},"datePublished":"2021-08-09T09:12:12+00:00","dateModified":"2022-03-19T09:25:48+00:00","description":"Ist ein Pflichtteilsberechtigter verschuldet oder verschwenderisch, so kann der Verf\u00fcgende dessen Pflichtteil dessen Kindern zuwenden.","breadcrumb":{"@id":"https:\/\/www.notariat-schoeffmann.at\/de\/erben-vererben\/gewillkuerte-erbfolge\/testament\/enterbung\/#breadcrumb"},"inLanguage":"de","potentialAction":[{"@type":"ReadAction","target":["https:\/\/www.notariat-schoeffmann.at\/de\/erben-vererben\/gewillkuerte-erbfolge\/testament\/enterbung\/"]}]},{"@type":"BreadcrumbList","@id":"https:\/\/www.notariat-schoeffmann.at\/de\/erben-vererben\/gewillkuerte-erbfolge\/testament\/enterbung\/#breadcrumb","itemListElement":[{"@type":"ListItem","position":1,"name":"Startseite","item":"https:\/\/www.notariat-schoeffmann.at\/de\/"},{"@type":"ListItem","position":2,"name":"Was ist das Erbrecht?","item":"https:\/\/www.notariat-schoeffmann.at\/de\/erben-vererben\/"},{"@type":"ListItem","position":3,"name":"Gewillk\u00fcrte Erbfolge","item":"https:\/\/www.notariat-schoeffmann.at\/de\/erben-vererben\/gewillkuerte-erbfolge\/"},{"@type":"ListItem","position":4,"name":"Testament","item":"https:\/\/www.notariat-schoeffmann.at\/de\/erben-vererben\/gewillkuerte-erbfolge\/testament\/"},{"@type":"ListItem","position":5,"name":"Enterbung"}]},{"@type":"WebSite","@id":"https:\/\/www.notariat-schoeffmann.at\/de\/#website","url":"https:\/\/www.notariat-schoeffmann.at\/de\/","name":"Notariat Sch\u00f6ffmann","description":"Mag. Klaus Sch\u00f6ffmann - Ihr Notar in Klagenfurt","publisher":{"@id":"https:\/\/www.notariat-schoeffmann.at\/de\/#organization"},"potentialAction":[{"@type":"SearchAction","target":{"@type":"EntryPoint","urlTemplate":"https:\/\/www.notariat-schoeffmann.at\/de\/?s={search_term_string}"},"query-input":{"@type":"PropertyValueSpecification","valueRequired":true,"valueName":"search_term_string"}}],"inLanguage":"de"},{"@type":"Organization","@id":"https:\/\/www.notariat-schoeffmann.at\/de\/#organization","name":"Notariat Mag. Klaus Sch\u00f6ffmann Klagenfurt","url":"https:\/\/www.notariat-schoeffmann.at\/de\/","logo":{"@type":"ImageObject","inLanguage":"de","@id":"https:\/\/www.notariat-schoeffmann.at\/de\/#\/schema\/logo\/image\/","url":"https:\/\/www.notariat-schoeffmann.at\/wp-content\/uploads\/2022\/02\/logo-notariat-schoeffmann.jpg","contentUrl":"https:\/\/www.notariat-schoeffmann.at\/wp-content\/uploads\/2022\/02\/logo-notariat-schoeffmann.jpg","width":600,"height":600,"caption":"Notariat Mag. Klaus Sch\u00f6ffmann Klagenfurt"},"image":{"@id":"https:\/\/www.notariat-schoeffmann.at\/de\/#\/schema\/logo\/image\/"},"sameAs":["https:\/\/www.facebook.com\/NotarKlagenfurt","https:\/\/www.youtube.com\/channel\/UCaITfbIQh6VIpzEonUsIhcg"]}]}},"_links":{"self":[{"href":"https:\/\/www.notariat-schoeffmann.at\/de\/wp-json\/wp\/v2\/pages\/369","targetHints":{"allow":["GET"]}}],"collection":[{"href":"https:\/\/www.notariat-schoeffmann.at\/de\/wp-json\/wp\/v2\/pages"}],"about":[{"href":"https:\/\/www.notariat-schoeffmann.at\/de\/wp-json\/wp\/v2\/types\/page"}],"author":[{"embeddable":true,"href":"https:\/\/www.notariat-schoeffmann.at\/de\/wp-json\/wp\/v2\/users\/3"}],"replies":[{"embeddable":true,"href":"https:\/\/www.notariat-schoeffmann.at\/de\/wp-json\/wp\/v2\/comments?post=369"}],"version-history":[{"count":5,"href":"https:\/\/www.notariat-schoeffmann.at\/de\/wp-json\/wp\/v2\/pages\/369\/revisions"}],"predecessor-version":[{"id":2657,"href":"https:\/\/www.notariat-schoeffmann.at\/de\/wp-json\/wp\/v2\/pages\/369\/revisions\/2657"}],"up":[{"embeddable":true,"href":"https:\/\/www.notariat-schoeffmann.at\/de\/wp-json\/wp\/v2\/pages\/329"}],"wp:attachment":[{"href":"https:\/\/www.notariat-schoeffmann.at\/de\/wp-json\/wp\/v2\/media?parent=369"}],"wp:term":[{"taxonomy":"category","embeddable":true,"href":"https:\/\/www.notariat-schoeffmann.at\/de\/wp-json\/wp\/v2\/categories?post=369"}],"curies":[{"name":"wp","href":"https:\/\/api.w.org\/{rel}","templated":true}]}}