{"id":361,"date":"2021-08-09T11:10:21","date_gmt":"2021-08-09T09:10:21","guid":{"rendered":"https:\/\/www.notariat-schoeffmann.at\/?page_id=361"},"modified":"2022-02-26T15:57:22","modified_gmt":"2022-02-26T14:57:22","slug":"pflichtteilsminderung-wegen-fehlendem-naheverhaeltnis","status":"publish","type":"page","link":"https:\/\/www.notariat-schoeffmann.at\/de\/erben-vererben\/pflichtteilsrecht\/die-pflichtteilsminderung\/pflichtteilsminderung-wegen-fehlendem-naheverhaeltnis\/","title":{"rendered":"Pflichtteilsminderung wegen fehlendem Naheverh\u00e4ltnis"},"content":{"rendered":"<p>Der Pflichtteil kann gemindert werden, wenn der Verstorbene \u00fcber einen l\u00e4ngeren Zeitraum vor seinem Tod (rund 20 Jahre) zu einem pflichtteilsberechtigten Kind&nbsp;<strong>kein Naheverh\u00e4ltnis&nbsp;<\/strong>hatte, wie es zwischen Familienangeh\u00f6rigen gew\u00f6hnlich besteht. Der Pflichtteil dieses Kindes kann dann&nbsp;<b>halbiert<\/b>&nbsp;werden.<\/p>\n<p>Das ist allerdings nur m\u00f6glich, wenn der Verstorbene nicht selbst den Kontakt zum Kind grundlos gemieden oder berechtigten Anlass f\u00fcr den fehlenden Kontakt gegeben hat.<\/p>\n<p>Die Reduktion des Pflichtteils muss&nbsp;<strong>im Testament ausdr\u00fccklich verf\u00fcgt<\/strong>&nbsp;werden. Die Pflichtteilsminderung erh\u00f6ht die Pflichtteilsanspr\u00fcche anderer pflichtteilsberechtigter Nachkommen.<\/p>\n\n<div class=\"lazyblock-infobox-Z1h7mej wp-block-lazyblock-infobox\"><div class=\"notar_beispielbox\">\n  <h2>Beispiel<\/h2>\n  <div class=\"notar_infobox_content\"><p>Ein verwitweter Vater hat zwei Kinder. Zur Tochter bestand nie eine Nahebeziehung, sie haben nie im gemeinsamen Familienverband gelebt und auch sonst keinen Kontakt unterhalten. Lediglich Alimentationszahlungen wurden geleistet. Nun soll das Verm\u00f6gen dem ehelichen Sohn zugewendet werden. Die Tochter soll so wenig als m\u00f6glich erhalten.<\/p><p>Im Testament wird daher verf\u00fcgt:<\/p><p>&#8222;Mein letzter Wille!<\/p><p>Zum Erben setze ich meinen Sohn Peter Sorglos ein. Den Pflichtteilsanspruch meiner Tochter, zu der zeitlebens kein famili\u00e4res Naheverh\u00e4ltnis bestand, mindere ich auf die H\u00e4lfte.<\/p><p>Klagenfurt, am 1.1.2018<\/p><p><em>Rudolf Sorglos<\/em>&#8222;<\/p><\/div>\n<\/div>\n\n<\/div>\n\n\n<p>Ohne Testament bek\u00e4men die beiden Kinder je die H\u00e4lfte der Verlassenschaft, weshalb der Tochter grunds\u00e4tzlich ein Pflichtteil von einem Viertel zust\u00fcnde. Sie erh\u00e4lt jedoch nur 1\/8 der Verlassenschaft als geminderten Pflichtteil, da der Vater die Reduktion des Pflichtteils aufgrund des fehlenden Naheverh\u00e4ltnisses ausdr\u00fccklich im Testament anordnet.<\/p>\n","protected":false},"excerpt":{"rendered":"<p>Der Pflichtteil kann gemindert werden, wenn der Verstorbene \u00fcber einen l\u00e4ngeren Zeitraum vor seinem Tod (rund 20 Jahre) zu einem pflichtteilsberechtigten Kind&nbsp;kein Naheverh\u00e4ltnis&nbsp;hatte, wie es zwischen Familienangeh\u00f6rigen gew\u00f6hnlich besteht. Der Pflichtteil dieses Kindes kann dann&nbsp;halbiert&nbsp;werden. Das ist allerdings nur m\u00f6glich, wenn der Verstorbene nicht selbst den Kontakt zum Kind grundlos gemieden oder berechtigten Anlass f\u00fcr&hellip;<\/p>\n","protected":false},"author":3,"featured_media":0,"parent":357,"menu_order":1,"comment_status":"closed","ping_status":"closed","template":"","meta":{"inline_featured_image":false,"footnotes":""},"categories":[],"class_list":["post-361","page","type-page","status-publish","hentry","description-off"],"yoast_head":"<!-- This site is optimized with the Yoast SEO Premium plugin v26.7 (Yoast SEO v27.4) - https:\/\/yoast.com\/product\/yoast-seo-premium-wordpress\/ -->\n<title>Pflichtteilsminderung wegen fehlendem Naheverh\u00e4ltnis &#8211; Notariat Sch\u00f6ffmann<\/title>\n<meta name=\"description\" content=\"Besteht zu dem Pflichtteilsberechtigten \u00fcber einen l\u00e4ngeren Zeitraum kein Naheverh\u00e4ltnis, kann der Pflichtteil auf die H\u00e4lfte gemindert werden.\" \/>\n<meta name=\"robots\" content=\"index, follow, max-snippet:-1, max-image-preview:large, max-video-preview:-1\" \/>\n<link rel=\"canonical\" href=\"https:\/\/www.notariat-schoeffmann.at\/de\/erben-vererben\/pflichtteilsrecht\/die-pflichtteilsminderung\/pflichtteilsminderung-wegen-fehlendem-naheverhaeltnis\/\" \/>\n<meta property=\"og:locale\" content=\"de_DE\" \/>\n<meta property=\"og:type\" content=\"article\" \/>\n<meta property=\"og:title\" content=\"Pflichtteilsminderung wegen fehlendem Naheverh\u00e4ltnis - Notariat Sch\u00f6ffmann\" \/>\n<meta property=\"og:description\" content=\"Besteht zu dem Pflichtteilsberechtigten \u00fcber einen l\u00e4ngeren Zeitraum kein Naheverh\u00e4ltnis, kann der Pflichtteil auf die H\u00e4lfte gemindert werden.\" \/>\n<meta property=\"og:url\" content=\"https:\/\/www.notariat-schoeffmann.at\/de\/erben-vererben\/pflichtteilsrecht\/die-pflichtteilsminderung\/pflichtteilsminderung-wegen-fehlendem-naheverhaeltnis\/\" \/>\n<meta property=\"og:site_name\" content=\"Notariat Sch\u00f6ffmann\" \/>\n<meta property=\"article:publisher\" content=\"https:\/\/www.facebook.com\/NotarKlagenfurt\" \/>\n<meta property=\"article:modified_time\" content=\"2022-02-26T14:57:22+00:00\" \/>\n<meta property=\"og:image\" content=\"https:\/\/www.notariat-schoeffmann.at\/wp-content\/uploads\/2021\/11\/Juristen-1.jpg\" \/>\n\t<meta property=\"og:image:width\" content=\"1600\" \/>\n\t<meta property=\"og:image:height\" content=\"1067\" \/>\n\t<meta property=\"og:image:type\" content=\"image\/jpeg\" \/>\n<meta name=\"twitter:card\" content=\"summary_large_image\" \/>\n<script type=\"application\/ld+json\" class=\"yoast-schema-graph\">{\"@context\":\"https:\\\/\\\/schema.org\",\"@graph\":[{\"@type\":\"WebPage\",\"@id\":\"https:\\\/\\\/www.notariat-schoeffmann.at\\\/de\\\/erben-vererben\\\/pflichtteilsrecht\\\/die-pflichtteilsminderung\\\/pflichtteilsminderung-wegen-fehlendem-naheverhaeltnis\\\/\",\"url\":\"https:\\\/\\\/www.notariat-schoeffmann.at\\\/de\\\/erben-vererben\\\/pflichtteilsrecht\\\/die-pflichtteilsminderung\\\/pflichtteilsminderung-wegen-fehlendem-naheverhaeltnis\\\/\",\"name\":\"Pflichtteilsminderung wegen fehlendem Naheverh\u00e4ltnis &#8211; Notariat Sch\u00f6ffmann\",\"isPartOf\":{\"@id\":\"https:\\\/\\\/www.notariat-schoeffmann.at\\\/de\\\/#website\"},\"datePublished\":\"2021-08-09T09:10:21+00:00\",\"dateModified\":\"2022-02-26T14:57:22+00:00\",\"description\":\"Besteht zu dem Pflichtteilsberechtigten \u00fcber einen l\u00e4ngeren Zeitraum kein Naheverh\u00e4ltnis, kann der Pflichtteil auf die H\u00e4lfte gemindert werden.\",\"breadcrumb\":{\"@id\":\"https:\\\/\\\/www.notariat-schoeffmann.at\\\/de\\\/erben-vererben\\\/pflichtteilsrecht\\\/die-pflichtteilsminderung\\\/pflichtteilsminderung-wegen-fehlendem-naheverhaeltnis\\\/#breadcrumb\"},\"inLanguage\":\"de\",\"potentialAction\":[{\"@type\":\"ReadAction\",\"target\":[\"https:\\\/\\\/www.notariat-schoeffmann.at\\\/de\\\/erben-vererben\\\/pflichtteilsrecht\\\/die-pflichtteilsminderung\\\/pflichtteilsminderung-wegen-fehlendem-naheverhaeltnis\\\/\"]}]},{\"@type\":\"BreadcrumbList\",\"@id\":\"https:\\\/\\\/www.notariat-schoeffmann.at\\\/de\\\/erben-vererben\\\/pflichtteilsrecht\\\/die-pflichtteilsminderung\\\/pflichtteilsminderung-wegen-fehlendem-naheverhaeltnis\\\/#breadcrumb\",\"itemListElement\":[{\"@type\":\"ListItem\",\"position\":1,\"name\":\"Startseite\",\"item\":\"https:\\\/\\\/www.notariat-schoeffmann.at\\\/de\\\/\"},{\"@type\":\"ListItem\",\"position\":2,\"name\":\"Was ist das Erbrecht?\",\"item\":\"https:\\\/\\\/www.notariat-schoeffmann.at\\\/de\\\/erben-vererben\\\/\"},{\"@type\":\"ListItem\",\"position\":3,\"name\":\"Pflichtteilsrecht\",\"item\":\"https:\\\/\\\/www.notariat-schoeffmann.at\\\/de\\\/erben-vererben\\\/pflichtteilsrecht\\\/\"},{\"@type\":\"ListItem\",\"position\":4,\"name\":\"Die Pflichtteilsminderung\",\"item\":\"https:\\\/\\\/www.notariat-schoeffmann.at\\\/de\\\/erben-vererben\\\/pflichtteilsrecht\\\/die-pflichtteilsminderung\\\/\"},{\"@type\":\"ListItem\",\"position\":5,\"name\":\"Pflichtteilsminderung wegen fehlendem Naheverh\u00e4ltnis\"}]},{\"@type\":\"WebSite\",\"@id\":\"https:\\\/\\\/www.notariat-schoeffmann.at\\\/de\\\/#website\",\"url\":\"https:\\\/\\\/www.notariat-schoeffmann.at\\\/de\\\/\",\"name\":\"Notariat Sch\u00f6ffmann\",\"description\":\"Mag. Klaus Sch\u00f6ffmann - Ihr Notar in Klagenfurt\",\"publisher\":{\"@id\":\"https:\\\/\\\/www.notariat-schoeffmann.at\\\/de\\\/#organization\"},\"potentialAction\":[{\"@type\":\"SearchAction\",\"target\":{\"@type\":\"EntryPoint\",\"urlTemplate\":\"https:\\\/\\\/www.notariat-schoeffmann.at\\\/de\\\/?s={search_term_string}\"},\"query-input\":{\"@type\":\"PropertyValueSpecification\",\"valueRequired\":true,\"valueName\":\"search_term_string\"}}],\"inLanguage\":\"de\"},{\"@type\":\"Organization\",\"@id\":\"https:\\\/\\\/www.notariat-schoeffmann.at\\\/de\\\/#organization\",\"name\":\"Notariat Mag. Klaus Sch\u00f6ffmann Klagenfurt\",\"url\":\"https:\\\/\\\/www.notariat-schoeffmann.at\\\/de\\\/\",\"logo\":{\"@type\":\"ImageObject\",\"inLanguage\":\"de\",\"@id\":\"https:\\\/\\\/www.notariat-schoeffmann.at\\\/de\\\/#\\\/schema\\\/logo\\\/image\\\/\",\"url\":\"https:\\\/\\\/www.notariat-schoeffmann.at\\\/wp-content\\\/uploads\\\/2022\\\/02\\\/logo-notariat-schoeffmann.jpg\",\"contentUrl\":\"https:\\\/\\\/www.notariat-schoeffmann.at\\\/wp-content\\\/uploads\\\/2022\\\/02\\\/logo-notariat-schoeffmann.jpg\",\"width\":600,\"height\":600,\"caption\":\"Notariat Mag. Klaus Sch\u00f6ffmann Klagenfurt\"},\"image\":{\"@id\":\"https:\\\/\\\/www.notariat-schoeffmann.at\\\/de\\\/#\\\/schema\\\/logo\\\/image\\\/\"},\"sameAs\":[\"https:\\\/\\\/www.facebook.com\\\/NotarKlagenfurt\",\"https:\\\/\\\/www.youtube.com\\\/channel\\\/UCaITfbIQh6VIpzEonUsIhcg\"]}]}<\/script>\n<!-- \/ Yoast SEO Premium plugin. -->","yoast_head_json":{"title":"Pflichtteilsminderung wegen fehlendem Naheverh\u00e4ltnis &#8211; Notariat Sch\u00f6ffmann","description":"Besteht zu dem Pflichtteilsberechtigten \u00fcber einen l\u00e4ngeren Zeitraum kein Naheverh\u00e4ltnis, kann der Pflichtteil auf die H\u00e4lfte gemindert werden.","robots":{"index":"index","follow":"follow","max-snippet":"max-snippet:-1","max-image-preview":"max-image-preview:large","max-video-preview":"max-video-preview:-1"},"canonical":"https:\/\/www.notariat-schoeffmann.at\/de\/erben-vererben\/pflichtteilsrecht\/die-pflichtteilsminderung\/pflichtteilsminderung-wegen-fehlendem-naheverhaeltnis\/","og_locale":"de_DE","og_type":"article","og_title":"Pflichtteilsminderung wegen fehlendem Naheverh\u00e4ltnis - Notariat Sch\u00f6ffmann","og_description":"Besteht zu dem Pflichtteilsberechtigten \u00fcber einen l\u00e4ngeren Zeitraum kein Naheverh\u00e4ltnis, kann der Pflichtteil auf die H\u00e4lfte gemindert werden.","og_url":"https:\/\/www.notariat-schoeffmann.at\/de\/erben-vererben\/pflichtteilsrecht\/die-pflichtteilsminderung\/pflichtteilsminderung-wegen-fehlendem-naheverhaeltnis\/","og_site_name":"Notariat Sch\u00f6ffmann","article_publisher":"https:\/\/www.facebook.com\/NotarKlagenfurt","article_modified_time":"2022-02-26T14:57:22+00:00","og_image":[{"width":1600,"height":1067,"url":"https:\/\/www.notariat-schoeffmann.at\/wp-content\/uploads\/2021\/11\/Juristen-1.jpg","type":"image\/jpeg"}],"twitter_card":"summary_large_image","schema":{"@context":"https:\/\/schema.org","@graph":[{"@type":"WebPage","@id":"https:\/\/www.notariat-schoeffmann.at\/de\/erben-vererben\/pflichtteilsrecht\/die-pflichtteilsminderung\/pflichtteilsminderung-wegen-fehlendem-naheverhaeltnis\/","url":"https:\/\/www.notariat-schoeffmann.at\/de\/erben-vererben\/pflichtteilsrecht\/die-pflichtteilsminderung\/pflichtteilsminderung-wegen-fehlendem-naheverhaeltnis\/","name":"Pflichtteilsminderung wegen fehlendem Naheverh\u00e4ltnis &#8211; Notariat Sch\u00f6ffmann","isPartOf":{"@id":"https:\/\/www.notariat-schoeffmann.at\/de\/#website"},"datePublished":"2021-08-09T09:10:21+00:00","dateModified":"2022-02-26T14:57:22+00:00","description":"Besteht zu dem Pflichtteilsberechtigten \u00fcber einen l\u00e4ngeren Zeitraum kein Naheverh\u00e4ltnis, kann der Pflichtteil auf die H\u00e4lfte gemindert werden.","breadcrumb":{"@id":"https:\/\/www.notariat-schoeffmann.at\/de\/erben-vererben\/pflichtteilsrecht\/die-pflichtteilsminderung\/pflichtteilsminderung-wegen-fehlendem-naheverhaeltnis\/#breadcrumb"},"inLanguage":"de","potentialAction":[{"@type":"ReadAction","target":["https:\/\/www.notariat-schoeffmann.at\/de\/erben-vererben\/pflichtteilsrecht\/die-pflichtteilsminderung\/pflichtteilsminderung-wegen-fehlendem-naheverhaeltnis\/"]}]},{"@type":"BreadcrumbList","@id":"https:\/\/www.notariat-schoeffmann.at\/de\/erben-vererben\/pflichtteilsrecht\/die-pflichtteilsminderung\/pflichtteilsminderung-wegen-fehlendem-naheverhaeltnis\/#breadcrumb","itemListElement":[{"@type":"ListItem","position":1,"name":"Startseite","item":"https:\/\/www.notariat-schoeffmann.at\/de\/"},{"@type":"ListItem","position":2,"name":"Was ist das Erbrecht?","item":"https:\/\/www.notariat-schoeffmann.at\/de\/erben-vererben\/"},{"@type":"ListItem","position":3,"name":"Pflichtteilsrecht","item":"https:\/\/www.notariat-schoeffmann.at\/de\/erben-vererben\/pflichtteilsrecht\/"},{"@type":"ListItem","position":4,"name":"Die Pflichtteilsminderung","item":"https:\/\/www.notariat-schoeffmann.at\/de\/erben-vererben\/pflichtteilsrecht\/die-pflichtteilsminderung\/"},{"@type":"ListItem","position":5,"name":"Pflichtteilsminderung wegen fehlendem Naheverh\u00e4ltnis"}]},{"@type":"WebSite","@id":"https:\/\/www.notariat-schoeffmann.at\/de\/#website","url":"https:\/\/www.notariat-schoeffmann.at\/de\/","name":"Notariat Sch\u00f6ffmann","description":"Mag. Klaus Sch\u00f6ffmann - Ihr Notar in Klagenfurt","publisher":{"@id":"https:\/\/www.notariat-schoeffmann.at\/de\/#organization"},"potentialAction":[{"@type":"SearchAction","target":{"@type":"EntryPoint","urlTemplate":"https:\/\/www.notariat-schoeffmann.at\/de\/?s={search_term_string}"},"query-input":{"@type":"PropertyValueSpecification","valueRequired":true,"valueName":"search_term_string"}}],"inLanguage":"de"},{"@type":"Organization","@id":"https:\/\/www.notariat-schoeffmann.at\/de\/#organization","name":"Notariat Mag. Klaus Sch\u00f6ffmann Klagenfurt","url":"https:\/\/www.notariat-schoeffmann.at\/de\/","logo":{"@type":"ImageObject","inLanguage":"de","@id":"https:\/\/www.notariat-schoeffmann.at\/de\/#\/schema\/logo\/image\/","url":"https:\/\/www.notariat-schoeffmann.at\/wp-content\/uploads\/2022\/02\/logo-notariat-schoeffmann.jpg","contentUrl":"https:\/\/www.notariat-schoeffmann.at\/wp-content\/uploads\/2022\/02\/logo-notariat-schoeffmann.jpg","width":600,"height":600,"caption":"Notariat Mag. Klaus Sch\u00f6ffmann Klagenfurt"},"image":{"@id":"https:\/\/www.notariat-schoeffmann.at\/de\/#\/schema\/logo\/image\/"},"sameAs":["https:\/\/www.facebook.com\/NotarKlagenfurt","https:\/\/www.youtube.com\/channel\/UCaITfbIQh6VIpzEonUsIhcg"]}]}},"_links":{"self":[{"href":"https:\/\/www.notariat-schoeffmann.at\/de\/wp-json\/wp\/v2\/pages\/361","targetHints":{"allow":["GET"]}}],"collection":[{"href":"https:\/\/www.notariat-schoeffmann.at\/de\/wp-json\/wp\/v2\/pages"}],"about":[{"href":"https:\/\/www.notariat-schoeffmann.at\/de\/wp-json\/wp\/v2\/types\/page"}],"author":[{"embeddable":true,"href":"https:\/\/www.notariat-schoeffmann.at\/de\/wp-json\/wp\/v2\/users\/3"}],"replies":[{"embeddable":true,"href":"https:\/\/www.notariat-schoeffmann.at\/de\/wp-json\/wp\/v2\/comments?post=361"}],"version-history":[{"count":5,"href":"https:\/\/www.notariat-schoeffmann.at\/de\/wp-json\/wp\/v2\/pages\/361\/revisions"}],"predecessor-version":[{"id":2051,"href":"https:\/\/www.notariat-schoeffmann.at\/de\/wp-json\/wp\/v2\/pages\/361\/revisions\/2051"}],"up":[{"embeddable":true,"href":"https:\/\/www.notariat-schoeffmann.at\/de\/wp-json\/wp\/v2\/pages\/357"}],"wp:attachment":[{"href":"https:\/\/www.notariat-schoeffmann.at\/de\/wp-json\/wp\/v2\/media?parent=361"}],"wp:term":[{"taxonomy":"category","embeddable":true,"href":"https:\/\/www.notariat-schoeffmann.at\/de\/wp-json\/wp\/v2\/categories?post=361"}],"curies":[{"name":"wp","href":"https:\/\/api.w.org\/{rel}","templated":true}]}}