{"id":359,"date":"2021-08-09T11:08:54","date_gmt":"2021-08-09T09:08:54","guid":{"rendered":"https:\/\/www.notariat-schoeffmann.at\/?page_id=359"},"modified":"2022-02-26T15:54:32","modified_gmt":"2022-02-26T14:54:32","slug":"der-verschuldete-sohn","status":"publish","type":"page","link":"https:\/\/www.notariat-schoeffmann.at\/de\/erben-vererben\/pflichtteilsrecht\/die-pflichtteilsminderung\/der-verschuldete-sohn\/","title":{"rendered":"Der verschuldete Sohn"},"content":{"rendered":"<p>Unter gewissen Umst\u00e4nden kann der den Kindern oder dem Ehegatten zustehende Erb- beziehungsweise Pflichtteil gemindert oder ganz entzogen werden.\u00a0So zum Beispiel, wenn ein Kind verschwenderisch oder verschuldet ist. Der\u00a0Verstorbene kann das verschwenderische Kind auf den Pflichtteil setzen und diesen dessen Nachkommen zuwenden. Hiezu bedarf es in der Regel einer letztwilligen Verf\u00fcgung.<\/p>\n<p>Bei einem verschuldeten oder verschwenderischen Pflichtteilsberechtigten besteht die wahrscheinliche Gefahr, dass der ihm geb\u00fchrende Pflichtteil zum gr\u00f6\u00dften Teil seinen Kindern entgehen w\u00fcrde. Der Verstorbene kann daher sein verschuldetes Kind oder seinen verschuldeten Ehegatten auf den Pflichtteil setzen und diesen Pflichtteil, statt ihn dem Pflichtteilsberechtigten zu belassen, dessen Nachkommen zuwenden.<\/p>\n<p>Bei derartigen Verf\u00fcgungen ist jedenfalls die Hilfe des Notars angeraten!<\/p>\n\n<div class=\"lazyblock-infobox-1jt7Ur wp-block-lazyblock-infobox\"><div class=\"notar_beispielbox\">\n  <h2>Beispiel<\/h2>\n  <div class=\"notar_infobox_content\"><p>Ein Vater \u00fcberlegt sich, wie das Verm\u00f6gen nach seinem Tode unter seinen beiden S\u00f6hnen aufzuteilen sei. Einer der beiden S\u00f6hne, ein selbst\u00e4ndiger Gewerbetreibender, war zuvor mit seinem Unternehmen in Konkurs gegangen und hatte mit sehr hohen Forderungen seiner Gl\u00e4ubiger zu k\u00e4mpfen. Der Vater will dennoch beide S\u00f6hne bedenken, das Familienverm\u00f6gen jedoch nicht dem Zugriff der Gl\u00e4ubiger des einen Sohnes aussetzen.<\/p><p>Im Beispielfall sah der Vater in seinem Testament dann vor, dass der eine unverschuldete Sohn den ihm zukommenden Erbteil erhielt. Anstatt des verschuldeten zweiten Sohnes sollten dessen Kinder den ansonsten ihrem Vater zufallenden Teil der Verlassenschaft bekommen.<\/p><p>So konnte die Verm\u00f6gens\u00fcberf\u00fchrung in der Familie geregelt werden und das Familienverm\u00f6gen dem Gl\u00e4ubigerzugriff Au\u00dfenstehender entzogen werden.<\/p><\/div>\n<\/div>\n\n<\/div>","protected":false},"excerpt":{"rendered":"<p>Unter gewissen Umst\u00e4nden kann der den Kindern oder dem Ehegatten zustehende Erb- beziehungsweise Pflichtteil gemindert oder ganz entzogen werden.\u00a0So zum Beispiel, wenn ein Kind verschwenderisch oder verschuldet ist. Der\u00a0Verstorbene kann das verschwenderische Kind auf den Pflichtteil setzen und diesen dessen Nachkommen zuwenden. Hiezu bedarf es in der Regel einer letztwilligen Verf\u00fcgung. Bei einem verschuldeten oder&hellip;<\/p>\n","protected":false},"author":3,"featured_media":0,"parent":357,"menu_order":0,"comment_status":"closed","ping_status":"closed","template":"","meta":{"inline_featured_image":false,"footnotes":""},"categories":[],"class_list":["post-359","page","type-page","status-publish","hentry","description-off"],"yoast_head":"<!-- This site is optimized with the Yoast SEO Premium plugin v26.7 (Yoast SEO v27.4) - https:\/\/yoast.com\/product\/yoast-seo-premium-wordpress\/ -->\n<title>Der verschuldete Sohn &#8211; Notariat Sch\u00f6ffmann<\/title>\n<meta name=\"description\" content=\"Ist ein Pflichtteilsberechtigter verschuldet oder verschwenderisch, so kann der Verf\u00fcgende dessen Pflichtteil dessen Kindern zuwenden.\" \/>\n<meta name=\"robots\" content=\"index, follow, max-snippet:-1, max-image-preview:large, max-video-preview:-1\" \/>\n<link rel=\"canonical\" href=\"https:\/\/www.notariat-schoeffmann.at\/de\/erben-vererben\/pflichtteilsrecht\/die-pflichtteilsminderung\/der-verschuldete-sohn\/\" \/>\n<meta property=\"og:locale\" content=\"de_DE\" \/>\n<meta property=\"og:type\" content=\"article\" \/>\n<meta property=\"og:title\" content=\"Der verschuldete Sohn - Notariat Sch\u00f6ffmann\" \/>\n<meta property=\"og:description\" content=\"Ist ein Pflichtteilsberechtigter verschuldet oder verschwenderisch, so kann der Verf\u00fcgende dessen Pflichtteil dessen Kindern zuwenden.\" \/>\n<meta property=\"og:url\" content=\"https:\/\/www.notariat-schoeffmann.at\/de\/erben-vererben\/pflichtteilsrecht\/die-pflichtteilsminderung\/der-verschuldete-sohn\/\" \/>\n<meta property=\"og:site_name\" content=\"Notariat Sch\u00f6ffmann\" \/>\n<meta property=\"article:publisher\" content=\"https:\/\/www.facebook.com\/NotarKlagenfurt\" \/>\n<meta property=\"article:modified_time\" content=\"2022-02-26T14:54:32+00:00\" \/>\n<meta property=\"og:image\" content=\"https:\/\/www.notariat-schoeffmann.at\/wp-content\/uploads\/2021\/11\/Juristen-1.jpg\" \/>\n\t<meta property=\"og:image:width\" content=\"1600\" \/>\n\t<meta property=\"og:image:height\" content=\"1067\" \/>\n\t<meta property=\"og:image:type\" content=\"image\/jpeg\" \/>\n<meta name=\"twitter:card\" content=\"summary_large_image\" \/>\n<script type=\"application\/ld+json\" class=\"yoast-schema-graph\">{\"@context\":\"https:\\\/\\\/schema.org\",\"@graph\":[{\"@type\":\"WebPage\",\"@id\":\"https:\\\/\\\/www.notariat-schoeffmann.at\\\/de\\\/erben-vererben\\\/pflichtteilsrecht\\\/die-pflichtteilsminderung\\\/der-verschuldete-sohn\\\/\",\"url\":\"https:\\\/\\\/www.notariat-schoeffmann.at\\\/de\\\/erben-vererben\\\/pflichtteilsrecht\\\/die-pflichtteilsminderung\\\/der-verschuldete-sohn\\\/\",\"name\":\"Der verschuldete Sohn &#8211; Notariat Sch\u00f6ffmann\",\"isPartOf\":{\"@id\":\"https:\\\/\\\/www.notariat-schoeffmann.at\\\/de\\\/#website\"},\"datePublished\":\"2021-08-09T09:08:54+00:00\",\"dateModified\":\"2022-02-26T14:54:32+00:00\",\"description\":\"Ist ein Pflichtteilsberechtigter verschuldet oder verschwenderisch, so kann der Verf\u00fcgende dessen Pflichtteil dessen Kindern zuwenden.\",\"breadcrumb\":{\"@id\":\"https:\\\/\\\/www.notariat-schoeffmann.at\\\/de\\\/erben-vererben\\\/pflichtteilsrecht\\\/die-pflichtteilsminderung\\\/der-verschuldete-sohn\\\/#breadcrumb\"},\"inLanguage\":\"de\",\"potentialAction\":[{\"@type\":\"ReadAction\",\"target\":[\"https:\\\/\\\/www.notariat-schoeffmann.at\\\/de\\\/erben-vererben\\\/pflichtteilsrecht\\\/die-pflichtteilsminderung\\\/der-verschuldete-sohn\\\/\"]}]},{\"@type\":\"BreadcrumbList\",\"@id\":\"https:\\\/\\\/www.notariat-schoeffmann.at\\\/de\\\/erben-vererben\\\/pflichtteilsrecht\\\/die-pflichtteilsminderung\\\/der-verschuldete-sohn\\\/#breadcrumb\",\"itemListElement\":[{\"@type\":\"ListItem\",\"position\":1,\"name\":\"Startseite\",\"item\":\"https:\\\/\\\/www.notariat-schoeffmann.at\\\/de\\\/\"},{\"@type\":\"ListItem\",\"position\":2,\"name\":\"Was ist das Erbrecht?\",\"item\":\"https:\\\/\\\/www.notariat-schoeffmann.at\\\/de\\\/erben-vererben\\\/\"},{\"@type\":\"ListItem\",\"position\":3,\"name\":\"Pflichtteilsrecht\",\"item\":\"https:\\\/\\\/www.notariat-schoeffmann.at\\\/de\\\/erben-vererben\\\/pflichtteilsrecht\\\/\"},{\"@type\":\"ListItem\",\"position\":4,\"name\":\"Die Pflichtteilsminderung\",\"item\":\"https:\\\/\\\/www.notariat-schoeffmann.at\\\/de\\\/erben-vererben\\\/pflichtteilsrecht\\\/die-pflichtteilsminderung\\\/\"},{\"@type\":\"ListItem\",\"position\":5,\"name\":\"Der verschuldete Sohn\"}]},{\"@type\":\"WebSite\",\"@id\":\"https:\\\/\\\/www.notariat-schoeffmann.at\\\/de\\\/#website\",\"url\":\"https:\\\/\\\/www.notariat-schoeffmann.at\\\/de\\\/\",\"name\":\"Notariat Sch\u00f6ffmann\",\"description\":\"Mag. Klaus Sch\u00f6ffmann - Ihr Notar in Klagenfurt\",\"publisher\":{\"@id\":\"https:\\\/\\\/www.notariat-schoeffmann.at\\\/de\\\/#organization\"},\"potentialAction\":[{\"@type\":\"SearchAction\",\"target\":{\"@type\":\"EntryPoint\",\"urlTemplate\":\"https:\\\/\\\/www.notariat-schoeffmann.at\\\/de\\\/?s={search_term_string}\"},\"query-input\":{\"@type\":\"PropertyValueSpecification\",\"valueRequired\":true,\"valueName\":\"search_term_string\"}}],\"inLanguage\":\"de\"},{\"@type\":\"Organization\",\"@id\":\"https:\\\/\\\/www.notariat-schoeffmann.at\\\/de\\\/#organization\",\"name\":\"Notariat Mag. Klaus Sch\u00f6ffmann Klagenfurt\",\"url\":\"https:\\\/\\\/www.notariat-schoeffmann.at\\\/de\\\/\",\"logo\":{\"@type\":\"ImageObject\",\"inLanguage\":\"de\",\"@id\":\"https:\\\/\\\/www.notariat-schoeffmann.at\\\/de\\\/#\\\/schema\\\/logo\\\/image\\\/\",\"url\":\"https:\\\/\\\/www.notariat-schoeffmann.at\\\/wp-content\\\/uploads\\\/2022\\\/02\\\/logo-notariat-schoeffmann.jpg\",\"contentUrl\":\"https:\\\/\\\/www.notariat-schoeffmann.at\\\/wp-content\\\/uploads\\\/2022\\\/02\\\/logo-notariat-schoeffmann.jpg\",\"width\":600,\"height\":600,\"caption\":\"Notariat Mag. Klaus Sch\u00f6ffmann Klagenfurt\"},\"image\":{\"@id\":\"https:\\\/\\\/www.notariat-schoeffmann.at\\\/de\\\/#\\\/schema\\\/logo\\\/image\\\/\"},\"sameAs\":[\"https:\\\/\\\/www.facebook.com\\\/NotarKlagenfurt\",\"https:\\\/\\\/www.youtube.com\\\/channel\\\/UCaITfbIQh6VIpzEonUsIhcg\"]}]}<\/script>\n<!-- \/ Yoast SEO Premium plugin. -->","yoast_head_json":{"title":"Der verschuldete Sohn &#8211; Notariat Sch\u00f6ffmann","description":"Ist ein Pflichtteilsberechtigter verschuldet oder verschwenderisch, so kann der Verf\u00fcgende dessen Pflichtteil dessen Kindern zuwenden.","robots":{"index":"index","follow":"follow","max-snippet":"max-snippet:-1","max-image-preview":"max-image-preview:large","max-video-preview":"max-video-preview:-1"},"canonical":"https:\/\/www.notariat-schoeffmann.at\/de\/erben-vererben\/pflichtteilsrecht\/die-pflichtteilsminderung\/der-verschuldete-sohn\/","og_locale":"de_DE","og_type":"article","og_title":"Der verschuldete Sohn - Notariat Sch\u00f6ffmann","og_description":"Ist ein Pflichtteilsberechtigter verschuldet oder verschwenderisch, so kann der Verf\u00fcgende dessen Pflichtteil dessen Kindern zuwenden.","og_url":"https:\/\/www.notariat-schoeffmann.at\/de\/erben-vererben\/pflichtteilsrecht\/die-pflichtteilsminderung\/der-verschuldete-sohn\/","og_site_name":"Notariat Sch\u00f6ffmann","article_publisher":"https:\/\/www.facebook.com\/NotarKlagenfurt","article_modified_time":"2022-02-26T14:54:32+00:00","og_image":[{"width":1600,"height":1067,"url":"https:\/\/www.notariat-schoeffmann.at\/wp-content\/uploads\/2021\/11\/Juristen-1.jpg","type":"image\/jpeg"}],"twitter_card":"summary_large_image","schema":{"@context":"https:\/\/schema.org","@graph":[{"@type":"WebPage","@id":"https:\/\/www.notariat-schoeffmann.at\/de\/erben-vererben\/pflichtteilsrecht\/die-pflichtteilsminderung\/der-verschuldete-sohn\/","url":"https:\/\/www.notariat-schoeffmann.at\/de\/erben-vererben\/pflichtteilsrecht\/die-pflichtteilsminderung\/der-verschuldete-sohn\/","name":"Der verschuldete Sohn &#8211; Notariat Sch\u00f6ffmann","isPartOf":{"@id":"https:\/\/www.notariat-schoeffmann.at\/de\/#website"},"datePublished":"2021-08-09T09:08:54+00:00","dateModified":"2022-02-26T14:54:32+00:00","description":"Ist ein Pflichtteilsberechtigter verschuldet oder verschwenderisch, so kann der Verf\u00fcgende dessen Pflichtteil dessen Kindern zuwenden.","breadcrumb":{"@id":"https:\/\/www.notariat-schoeffmann.at\/de\/erben-vererben\/pflichtteilsrecht\/die-pflichtteilsminderung\/der-verschuldete-sohn\/#breadcrumb"},"inLanguage":"de","potentialAction":[{"@type":"ReadAction","target":["https:\/\/www.notariat-schoeffmann.at\/de\/erben-vererben\/pflichtteilsrecht\/die-pflichtteilsminderung\/der-verschuldete-sohn\/"]}]},{"@type":"BreadcrumbList","@id":"https:\/\/www.notariat-schoeffmann.at\/de\/erben-vererben\/pflichtteilsrecht\/die-pflichtteilsminderung\/der-verschuldete-sohn\/#breadcrumb","itemListElement":[{"@type":"ListItem","position":1,"name":"Startseite","item":"https:\/\/www.notariat-schoeffmann.at\/de\/"},{"@type":"ListItem","position":2,"name":"Was ist das Erbrecht?","item":"https:\/\/www.notariat-schoeffmann.at\/de\/erben-vererben\/"},{"@type":"ListItem","position":3,"name":"Pflichtteilsrecht","item":"https:\/\/www.notariat-schoeffmann.at\/de\/erben-vererben\/pflichtteilsrecht\/"},{"@type":"ListItem","position":4,"name":"Die Pflichtteilsminderung","item":"https:\/\/www.notariat-schoeffmann.at\/de\/erben-vererben\/pflichtteilsrecht\/die-pflichtteilsminderung\/"},{"@type":"ListItem","position":5,"name":"Der verschuldete Sohn"}]},{"@type":"WebSite","@id":"https:\/\/www.notariat-schoeffmann.at\/de\/#website","url":"https:\/\/www.notariat-schoeffmann.at\/de\/","name":"Notariat Sch\u00f6ffmann","description":"Mag. Klaus Sch\u00f6ffmann - Ihr Notar in Klagenfurt","publisher":{"@id":"https:\/\/www.notariat-schoeffmann.at\/de\/#organization"},"potentialAction":[{"@type":"SearchAction","target":{"@type":"EntryPoint","urlTemplate":"https:\/\/www.notariat-schoeffmann.at\/de\/?s={search_term_string}"},"query-input":{"@type":"PropertyValueSpecification","valueRequired":true,"valueName":"search_term_string"}}],"inLanguage":"de"},{"@type":"Organization","@id":"https:\/\/www.notariat-schoeffmann.at\/de\/#organization","name":"Notariat Mag. Klaus Sch\u00f6ffmann Klagenfurt","url":"https:\/\/www.notariat-schoeffmann.at\/de\/","logo":{"@type":"ImageObject","inLanguage":"de","@id":"https:\/\/www.notariat-schoeffmann.at\/de\/#\/schema\/logo\/image\/","url":"https:\/\/www.notariat-schoeffmann.at\/wp-content\/uploads\/2022\/02\/logo-notariat-schoeffmann.jpg","contentUrl":"https:\/\/www.notariat-schoeffmann.at\/wp-content\/uploads\/2022\/02\/logo-notariat-schoeffmann.jpg","width":600,"height":600,"caption":"Notariat Mag. Klaus Sch\u00f6ffmann Klagenfurt"},"image":{"@id":"https:\/\/www.notariat-schoeffmann.at\/de\/#\/schema\/logo\/image\/"},"sameAs":["https:\/\/www.facebook.com\/NotarKlagenfurt","https:\/\/www.youtube.com\/channel\/UCaITfbIQh6VIpzEonUsIhcg"]}]}},"_links":{"self":[{"href":"https:\/\/www.notariat-schoeffmann.at\/de\/wp-json\/wp\/v2\/pages\/359","targetHints":{"allow":["GET"]}}],"collection":[{"href":"https:\/\/www.notariat-schoeffmann.at\/de\/wp-json\/wp\/v2\/pages"}],"about":[{"href":"https:\/\/www.notariat-schoeffmann.at\/de\/wp-json\/wp\/v2\/types\/page"}],"author":[{"embeddable":true,"href":"https:\/\/www.notariat-schoeffmann.at\/de\/wp-json\/wp\/v2\/users\/3"}],"replies":[{"embeddable":true,"href":"https:\/\/www.notariat-schoeffmann.at\/de\/wp-json\/wp\/v2\/comments?post=359"}],"version-history":[{"count":3,"href":"https:\/\/www.notariat-schoeffmann.at\/de\/wp-json\/wp\/v2\/pages\/359\/revisions"}],"predecessor-version":[{"id":2049,"href":"https:\/\/www.notariat-schoeffmann.at\/de\/wp-json\/wp\/v2\/pages\/359\/revisions\/2049"}],"up":[{"embeddable":true,"href":"https:\/\/www.notariat-schoeffmann.at\/de\/wp-json\/wp\/v2\/pages\/357"}],"wp:attachment":[{"href":"https:\/\/www.notariat-schoeffmann.at\/de\/wp-json\/wp\/v2\/media?parent=359"}],"wp:term":[{"taxonomy":"category","embeddable":true,"href":"https:\/\/www.notariat-schoeffmann.at\/de\/wp-json\/wp\/v2\/categories?post=359"}],"curies":[{"name":"wp","href":"https:\/\/api.w.org\/{rel}","templated":true}]}}