{"id":357,"date":"2021-08-09T11:08:10","date_gmt":"2021-08-09T09:08:10","guid":{"rendered":"https:\/\/www.notariat-schoeffmann.at\/?page_id=357"},"modified":"2022-03-19T10:23:13","modified_gmt":"2022-03-19T09:23:13","slug":"die-pflichtteilsminderung","status":"publish","type":"page","link":"https:\/\/www.notariat-schoeffmann.at\/de\/erben-vererben\/pflichtteilsrecht\/die-pflichtteilsminderung\/","title":{"rendered":"Die Pflichtteilsminderung"},"content":{"rendered":"\n<p>Mein Sohn k\u00fcmmert sich seit Jahren nicht um mich und wir haben keinen Kontakt. Hat das eine erbrechtliche Auswirkung?<\/p>\n\n\n\n<p>Unter gewissen Umst\u00e4nden kann der Pflichtteil gemindert werden.<\/p>\n\n\n\n<p><em>Beispiele f\u00fcr Pflichtteilsminderungen:<\/em><\/p>\n\n\n\n<p><a href=\"https:\/\/www.notariat-schoeffmann.at\/erben-vererben\/pflichtteilsrecht\/die-pflichtteilsminderung\/der-verschuldete-sohn\/\">Der verschuldete Sohn<\/a><\/p>\n\n\n\n<p><a href=\"https:\/\/www.notariat-schoeffmann.at\/erben-vererben\/pflichtteilsrecht\/die-pflichtteilsminderung\/pflichtteilsminderung-wegen-fehlendem-naheverhaeltnis\/\">Pflichtteilsminderung wegen fehlendem Naheverh\u00e4ltnis<\/a><\/p>\n","protected":false},"excerpt":{"rendered":"<p>Mein Sohn k\u00fcmmert sich seit Jahren nicht um mich und wir haben keinen Kontakt. Hat das eine erbrechtliche Auswirkung? Unter gewissen Umst\u00e4nden kann der Pflichtteil gemindert werden. Beispiele f\u00fcr Pflichtteilsminderungen: Der verschuldete Sohn Pflichtteilsminderung wegen fehlendem Naheverh\u00e4ltnis<\/p>\n","protected":false},"author":3,"featured_media":0,"parent":344,"menu_order":3,"comment_status":"closed","ping_status":"closed","template":"","meta":{"inline_featured_image":false,"footnotes":""},"categories":[],"class_list":["post-357","page","type-page","status-publish","hentry","description-off"],"yoast_head":"<!-- This site is optimized with the Yoast SEO Premium plugin v26.7 (Yoast SEO v27.4) - https:\/\/yoast.com\/product\/yoast-seo-premium-wordpress\/ -->\n<title>Die Pflichtteilsminderung &#8211; Notariat Sch\u00f6ffmann<\/title>\n<meta name=\"description\" content=\"Unter gewissen Umst\u00e4nden kann der Pflichtteil gemindert werden. N\u00e4here Informationen finden Sie hier.\" \/>\n<meta name=\"robots\" content=\"index, follow, max-snippet:-1, max-image-preview:large, max-video-preview:-1\" \/>\n<link rel=\"canonical\" href=\"https:\/\/www.notariat-schoeffmann.at\/de\/erben-vererben\/pflichtteilsrecht\/die-pflichtteilsminderung\/\" \/>\n<meta property=\"og:locale\" content=\"de_DE\" \/>\n<meta property=\"og:type\" content=\"article\" \/>\n<meta property=\"og:title\" content=\"Die Pflichtteilsminderung - Notariat Sch\u00f6ffmann\" \/>\n<meta property=\"og:description\" content=\"Unter gewissen Umst\u00e4nden kann der Pflichtteil gemindert werden. N\u00e4here Informationen finden Sie hier.\" \/>\n<meta property=\"og:url\" content=\"https:\/\/www.notariat-schoeffmann.at\/de\/erben-vererben\/pflichtteilsrecht\/die-pflichtteilsminderung\/\" \/>\n<meta property=\"og:site_name\" content=\"Notariat Sch\u00f6ffmann\" \/>\n<meta property=\"article:publisher\" content=\"https:\/\/www.facebook.com\/NotarKlagenfurt\" \/>\n<meta property=\"article:modified_time\" content=\"2022-03-19T09:23:13+00:00\" \/>\n<meta property=\"og:image\" content=\"https:\/\/www.notariat-schoeffmann.at\/wp-content\/uploads\/2021\/11\/Juristen-1.jpg\" \/>\n\t<meta property=\"og:image:width\" content=\"1600\" \/>\n\t<meta property=\"og:image:height\" content=\"1067\" \/>\n\t<meta property=\"og:image:type\" content=\"image\/jpeg\" \/>\n<meta name=\"twitter:card\" content=\"summary_large_image\" \/>\n<script type=\"application\/ld+json\" class=\"yoast-schema-graph\">{\"@context\":\"https:\\\/\\\/schema.org\",\"@graph\":[{\"@type\":\"WebPage\",\"@id\":\"https:\\\/\\\/www.notariat-schoeffmann.at\\\/de\\\/erben-vererben\\\/pflichtteilsrecht\\\/die-pflichtteilsminderung\\\/\",\"url\":\"https:\\\/\\\/www.notariat-schoeffmann.at\\\/de\\\/erben-vererben\\\/pflichtteilsrecht\\\/die-pflichtteilsminderung\\\/\",\"name\":\"Die Pflichtteilsminderung &#8211; Notariat Sch\u00f6ffmann\",\"isPartOf\":{\"@id\":\"https:\\\/\\\/www.notariat-schoeffmann.at\\\/de\\\/#website\"},\"datePublished\":\"2021-08-09T09:08:10+00:00\",\"dateModified\":\"2022-03-19T09:23:13+00:00\",\"description\":\"Unter gewissen Umst\u00e4nden kann der Pflichtteil gemindert werden. N\u00e4here Informationen finden Sie hier.\",\"breadcrumb\":{\"@id\":\"https:\\\/\\\/www.notariat-schoeffmann.at\\\/de\\\/erben-vererben\\\/pflichtteilsrecht\\\/die-pflichtteilsminderung\\\/#breadcrumb\"},\"inLanguage\":\"de\",\"potentialAction\":[{\"@type\":\"ReadAction\",\"target\":[\"https:\\\/\\\/www.notariat-schoeffmann.at\\\/de\\\/erben-vererben\\\/pflichtteilsrecht\\\/die-pflichtteilsminderung\\\/\"]}]},{\"@type\":\"BreadcrumbList\",\"@id\":\"https:\\\/\\\/www.notariat-schoeffmann.at\\\/de\\\/erben-vererben\\\/pflichtteilsrecht\\\/die-pflichtteilsminderung\\\/#breadcrumb\",\"itemListElement\":[{\"@type\":\"ListItem\",\"position\":1,\"name\":\"Startseite\",\"item\":\"https:\\\/\\\/www.notariat-schoeffmann.at\\\/de\\\/\"},{\"@type\":\"ListItem\",\"position\":2,\"name\":\"Was ist das Erbrecht?\",\"item\":\"https:\\\/\\\/www.notariat-schoeffmann.at\\\/de\\\/erben-vererben\\\/\"},{\"@type\":\"ListItem\",\"position\":3,\"name\":\"Pflichtteilsrecht\",\"item\":\"https:\\\/\\\/www.notariat-schoeffmann.at\\\/de\\\/erben-vererben\\\/pflichtteilsrecht\\\/\"},{\"@type\":\"ListItem\",\"position\":4,\"name\":\"Die Pflichtteilsminderung\"}]},{\"@type\":\"WebSite\",\"@id\":\"https:\\\/\\\/www.notariat-schoeffmann.at\\\/de\\\/#website\",\"url\":\"https:\\\/\\\/www.notariat-schoeffmann.at\\\/de\\\/\",\"name\":\"Notariat Sch\u00f6ffmann\",\"description\":\"Mag. Klaus Sch\u00f6ffmann - Ihr Notar in Klagenfurt\",\"publisher\":{\"@id\":\"https:\\\/\\\/www.notariat-schoeffmann.at\\\/de\\\/#organization\"},\"potentialAction\":[{\"@type\":\"SearchAction\",\"target\":{\"@type\":\"EntryPoint\",\"urlTemplate\":\"https:\\\/\\\/www.notariat-schoeffmann.at\\\/de\\\/?s={search_term_string}\"},\"query-input\":{\"@type\":\"PropertyValueSpecification\",\"valueRequired\":true,\"valueName\":\"search_term_string\"}}],\"inLanguage\":\"de\"},{\"@type\":\"Organization\",\"@id\":\"https:\\\/\\\/www.notariat-schoeffmann.at\\\/de\\\/#organization\",\"name\":\"Notariat Mag. Klaus Sch\u00f6ffmann Klagenfurt\",\"url\":\"https:\\\/\\\/www.notariat-schoeffmann.at\\\/de\\\/\",\"logo\":{\"@type\":\"ImageObject\",\"inLanguage\":\"de\",\"@id\":\"https:\\\/\\\/www.notariat-schoeffmann.at\\\/de\\\/#\\\/schema\\\/logo\\\/image\\\/\",\"url\":\"https:\\\/\\\/www.notariat-schoeffmann.at\\\/wp-content\\\/uploads\\\/2022\\\/02\\\/logo-notariat-schoeffmann.jpg\",\"contentUrl\":\"https:\\\/\\\/www.notariat-schoeffmann.at\\\/wp-content\\\/uploads\\\/2022\\\/02\\\/logo-notariat-schoeffmann.jpg\",\"width\":600,\"height\":600,\"caption\":\"Notariat Mag. Klaus Sch\u00f6ffmann Klagenfurt\"},\"image\":{\"@id\":\"https:\\\/\\\/www.notariat-schoeffmann.at\\\/de\\\/#\\\/schema\\\/logo\\\/image\\\/\"},\"sameAs\":[\"https:\\\/\\\/www.facebook.com\\\/NotarKlagenfurt\",\"https:\\\/\\\/www.youtube.com\\\/channel\\\/UCaITfbIQh6VIpzEonUsIhcg\"]}]}<\/script>\n<!-- \/ Yoast SEO Premium plugin. -->","yoast_head_json":{"title":"Die Pflichtteilsminderung &#8211; Notariat Sch\u00f6ffmann","description":"Unter gewissen Umst\u00e4nden kann der Pflichtteil gemindert werden. N\u00e4here Informationen finden Sie hier.","robots":{"index":"index","follow":"follow","max-snippet":"max-snippet:-1","max-image-preview":"max-image-preview:large","max-video-preview":"max-video-preview:-1"},"canonical":"https:\/\/www.notariat-schoeffmann.at\/de\/erben-vererben\/pflichtteilsrecht\/die-pflichtteilsminderung\/","og_locale":"de_DE","og_type":"article","og_title":"Die Pflichtteilsminderung - Notariat Sch\u00f6ffmann","og_description":"Unter gewissen Umst\u00e4nden kann der Pflichtteil gemindert werden. N\u00e4here Informationen finden Sie hier.","og_url":"https:\/\/www.notariat-schoeffmann.at\/de\/erben-vererben\/pflichtteilsrecht\/die-pflichtteilsminderung\/","og_site_name":"Notariat Sch\u00f6ffmann","article_publisher":"https:\/\/www.facebook.com\/NotarKlagenfurt","article_modified_time":"2022-03-19T09:23:13+00:00","og_image":[{"width":1600,"height":1067,"url":"https:\/\/www.notariat-schoeffmann.at\/wp-content\/uploads\/2021\/11\/Juristen-1.jpg","type":"image\/jpeg"}],"twitter_card":"summary_large_image","schema":{"@context":"https:\/\/schema.org","@graph":[{"@type":"WebPage","@id":"https:\/\/www.notariat-schoeffmann.at\/de\/erben-vererben\/pflichtteilsrecht\/die-pflichtteilsminderung\/","url":"https:\/\/www.notariat-schoeffmann.at\/de\/erben-vererben\/pflichtteilsrecht\/die-pflichtteilsminderung\/","name":"Die Pflichtteilsminderung &#8211; Notariat Sch\u00f6ffmann","isPartOf":{"@id":"https:\/\/www.notariat-schoeffmann.at\/de\/#website"},"datePublished":"2021-08-09T09:08:10+00:00","dateModified":"2022-03-19T09:23:13+00:00","description":"Unter gewissen Umst\u00e4nden kann der Pflichtteil gemindert werden. N\u00e4here Informationen finden Sie hier.","breadcrumb":{"@id":"https:\/\/www.notariat-schoeffmann.at\/de\/erben-vererben\/pflichtteilsrecht\/die-pflichtteilsminderung\/#breadcrumb"},"inLanguage":"de","potentialAction":[{"@type":"ReadAction","target":["https:\/\/www.notariat-schoeffmann.at\/de\/erben-vererben\/pflichtteilsrecht\/die-pflichtteilsminderung\/"]}]},{"@type":"BreadcrumbList","@id":"https:\/\/www.notariat-schoeffmann.at\/de\/erben-vererben\/pflichtteilsrecht\/die-pflichtteilsminderung\/#breadcrumb","itemListElement":[{"@type":"ListItem","position":1,"name":"Startseite","item":"https:\/\/www.notariat-schoeffmann.at\/de\/"},{"@type":"ListItem","position":2,"name":"Was ist das Erbrecht?","item":"https:\/\/www.notariat-schoeffmann.at\/de\/erben-vererben\/"},{"@type":"ListItem","position":3,"name":"Pflichtteilsrecht","item":"https:\/\/www.notariat-schoeffmann.at\/de\/erben-vererben\/pflichtteilsrecht\/"},{"@type":"ListItem","position":4,"name":"Die Pflichtteilsminderung"}]},{"@type":"WebSite","@id":"https:\/\/www.notariat-schoeffmann.at\/de\/#website","url":"https:\/\/www.notariat-schoeffmann.at\/de\/","name":"Notariat Sch\u00f6ffmann","description":"Mag. Klaus Sch\u00f6ffmann - Ihr Notar in Klagenfurt","publisher":{"@id":"https:\/\/www.notariat-schoeffmann.at\/de\/#organization"},"potentialAction":[{"@type":"SearchAction","target":{"@type":"EntryPoint","urlTemplate":"https:\/\/www.notariat-schoeffmann.at\/de\/?s={search_term_string}"},"query-input":{"@type":"PropertyValueSpecification","valueRequired":true,"valueName":"search_term_string"}}],"inLanguage":"de"},{"@type":"Organization","@id":"https:\/\/www.notariat-schoeffmann.at\/de\/#organization","name":"Notariat Mag. Klaus Sch\u00f6ffmann Klagenfurt","url":"https:\/\/www.notariat-schoeffmann.at\/de\/","logo":{"@type":"ImageObject","inLanguage":"de","@id":"https:\/\/www.notariat-schoeffmann.at\/de\/#\/schema\/logo\/image\/","url":"https:\/\/www.notariat-schoeffmann.at\/wp-content\/uploads\/2022\/02\/logo-notariat-schoeffmann.jpg","contentUrl":"https:\/\/www.notariat-schoeffmann.at\/wp-content\/uploads\/2022\/02\/logo-notariat-schoeffmann.jpg","width":600,"height":600,"caption":"Notariat Mag. Klaus Sch\u00f6ffmann Klagenfurt"},"image":{"@id":"https:\/\/www.notariat-schoeffmann.at\/de\/#\/schema\/logo\/image\/"},"sameAs":["https:\/\/www.facebook.com\/NotarKlagenfurt","https:\/\/www.youtube.com\/channel\/UCaITfbIQh6VIpzEonUsIhcg"]}]}},"_links":{"self":[{"href":"https:\/\/www.notariat-schoeffmann.at\/de\/wp-json\/wp\/v2\/pages\/357","targetHints":{"allow":["GET"]}}],"collection":[{"href":"https:\/\/www.notariat-schoeffmann.at\/de\/wp-json\/wp\/v2\/pages"}],"about":[{"href":"https:\/\/www.notariat-schoeffmann.at\/de\/wp-json\/wp\/v2\/types\/page"}],"author":[{"embeddable":true,"href":"https:\/\/www.notariat-schoeffmann.at\/de\/wp-json\/wp\/v2\/users\/3"}],"replies":[{"embeddable":true,"href":"https:\/\/www.notariat-schoeffmann.at\/de\/wp-json\/wp\/v2\/comments?post=357"}],"version-history":[{"count":4,"href":"https:\/\/www.notariat-schoeffmann.at\/de\/wp-json\/wp\/v2\/pages\/357\/revisions"}],"predecessor-version":[{"id":2651,"href":"https:\/\/www.notariat-schoeffmann.at\/de\/wp-json\/wp\/v2\/pages\/357\/revisions\/2651"}],"up":[{"embeddable":true,"href":"https:\/\/www.notariat-schoeffmann.at\/de\/wp-json\/wp\/v2\/pages\/344"}],"wp:attachment":[{"href":"https:\/\/www.notariat-schoeffmann.at\/de\/wp-json\/wp\/v2\/media?parent=357"}],"wp:term":[{"taxonomy":"category","embeddable":true,"href":"https:\/\/www.notariat-schoeffmann.at\/de\/wp-json\/wp\/v2\/categories?post=357"}],"curies":[{"name":"wp","href":"https:\/\/api.w.org\/{rel}","templated":true}]}}