{"id":355,"date":"2021-08-09T11:07:38","date_gmt":"2021-08-09T09:07:38","guid":{"rendered":"https:\/\/www.notariat-schoeffmann.at\/?page_id=355"},"modified":"2022-03-19T10:18:43","modified_gmt":"2022-03-19T09:18:43","slug":"pflichtteilsverzicht","status":"publish","type":"page","link":"https:\/\/www.notariat-schoeffmann.at\/de\/erben-vererben\/pflichtteilsrecht\/pflichtteilsverzicht\/","title":{"rendered":"Pflichtteilsverzicht"},"content":{"rendered":"\n<p>Auf das Pflichtteilsrecht kann lebzeitig oder im Zuge des Verlassenschaftsverfahrens verzichtet werden. Der lebzeitige&nbsp;<strong>Pflichtteilsverzicht&nbsp;<\/strong>muss in Form eines&nbsp;<strong>Notariatsaktes&nbsp;<\/strong>abgegeben werden.<\/p>\n\n\n\n<p>Der Pflichtteilsverzicht befreit den&nbsp;Verstorbenen von der Verpflichtung, diesen Pflichtteilsberechtigten in seiner letztwilligen Verf\u00fcgung zu bedenken. Das erm\u00f6glicht dem Verstorbenen, zu Lebzeiten im Testament frei \u00fcber sein Verm\u00f6gen zu verf\u00fcgen. Er wird nicht durch den Pflichtteilsanspruch beschr\u00e4nkt und muss bei Testamentserrichtung keine R\u00fccksicht mehr auf den Verzichtenden nehmen<\/p>\n\n\n\n<p>Verzichtet der Pflichtteilsberechtigte auf seinen Pflichtteil und m\u00f6chte der Verstorbene nicht, dass der Verzichtende etwas von seiner Verlassenschaft erh\u00e4lt, ist es erforderlich, dass der\u00a0Verstorbene ein\u00a0<a href=\"https:\/\/www.notariat-schoeffmann.at\/erben-vererben\/gewillkuerte-erbfolge\/testament\/\">Testament<\/a>\u00a0errichtet. Errichtet der Verstorbene kein Testament, erh\u00e4lt der Verzichtende den\u00a0<a href=\"https:\/\/www.notariat-schoeffmann.at\/erben-vererben\/gesetzliches-erbrecht\/\">gesetzlichen Erbteil<\/a>, somit mehr als der Pflichtteil betragen w\u00fcrde!<\/p>\n\n\n\n<p>Der Abschluss eines Pflichtteilsverzichts ist vor allem bei der&nbsp;<b>lebzeitigen \u00dcbergabe einer Liegenschaft<\/b>&nbsp;ratsam:<br>\u00dcbergeben die Eltern zu Lebzeiten eine Liegenschaft einem Kind, so ist es ratsam, mit den anderen, nicht bedachten Kindern einen Pflichtteilsverzicht abzuschlie\u00dfen. Die nicht bedachten Kinder k\u00f6nnen im Ablebensfall der Eltern Pflichtteilsanspr\u00fcche geltend machen. Ist in der Verlassenschaft weniger vorhanden, als sich nach Schenkungsanrechnung an Pflichtteilsanspruch ergibt, so muss das beschenkte Kind den Fehlbetrag zahlen. Durch den Pflichtteilsverzicht mit den nicht bedachten Kindern wird das Kind, an das die Liegenschaft \u00fcbergeben wird, abgesichert. Das beschenkte Kind muss dann nicht mehr bef\u00fcrchten, dass es im Ablebensfall der Eltern eventuell Pflichtteilsanspr\u00fcche dieser Geschwister zu erf\u00fcllen hat.<\/p>\n","protected":false},"excerpt":{"rendered":"<p>Auf das Pflichtteilsrecht kann lebzeitig oder im Zuge des Verlassenschaftsverfahrens verzichtet werden. Der lebzeitige&nbsp;Pflichtteilsverzicht&nbsp;muss in Form eines&nbsp;Notariatsaktes&nbsp;abgegeben werden. Der Pflichtteilsverzicht befreit den&nbsp;Verstorbenen von der Verpflichtung, diesen Pflichtteilsberechtigten in seiner letztwilligen Verf\u00fcgung zu bedenken. Das erm\u00f6glicht dem Verstorbenen, zu Lebzeiten im Testament frei \u00fcber sein Verm\u00f6gen zu verf\u00fcgen. Er wird nicht durch den Pflichtteilsanspruch beschr\u00e4nkt und&hellip;<\/p>\n","protected":false},"author":3,"featured_media":0,"parent":344,"menu_order":2,"comment_status":"closed","ping_status":"closed","template":"","meta":{"inline_featured_image":false,"footnotes":""},"categories":[],"class_list":["post-355","page","type-page","status-publish","hentry","description-off"],"yoast_head":"<!-- This site is optimized with the Yoast SEO Premium plugin v26.7 (Yoast SEO v27.4) - https:\/\/yoast.com\/product\/yoast-seo-premium-wordpress\/ -->\n<title>Pflichtteilsverzicht &#8211; Notariat Sch\u00f6ffmann<\/title>\n<meta name=\"description\" content=\"Auf das Pflichtteilsrecht kann lebzeitig oder im Zuge des Verlassenschaftsverfahrens verzichtet werden.\" \/>\n<meta name=\"robots\" content=\"index, follow, max-snippet:-1, max-image-preview:large, max-video-preview:-1\" \/>\n<link rel=\"canonical\" href=\"https:\/\/www.notariat-schoeffmann.at\/de\/erben-vererben\/pflichtteilsrecht\/pflichtteilsverzicht\/\" \/>\n<meta property=\"og:locale\" content=\"de_DE\" \/>\n<meta property=\"og:type\" content=\"article\" \/>\n<meta property=\"og:title\" content=\"Pflichtteilsverzicht - Notariat Sch\u00f6ffmann\" \/>\n<meta property=\"og:description\" content=\"Auf das Pflichtteilsrecht kann lebzeitig oder im Zuge des Verlassenschaftsverfahrens verzichtet werden.\" \/>\n<meta property=\"og:url\" content=\"https:\/\/www.notariat-schoeffmann.at\/de\/erben-vererben\/pflichtteilsrecht\/pflichtteilsverzicht\/\" \/>\n<meta property=\"og:site_name\" content=\"Notariat Sch\u00f6ffmann\" \/>\n<meta property=\"article:publisher\" content=\"https:\/\/www.facebook.com\/NotarKlagenfurt\" \/>\n<meta property=\"article:modified_time\" content=\"2022-03-19T09:18:43+00:00\" \/>\n<meta property=\"og:image\" content=\"https:\/\/www.notariat-schoeffmann.at\/wp-content\/uploads\/2021\/11\/Juristen-1.jpg\" \/>\n\t<meta property=\"og:image:width\" content=\"1600\" \/>\n\t<meta property=\"og:image:height\" content=\"1067\" \/>\n\t<meta property=\"og:image:type\" content=\"image\/jpeg\" \/>\n<meta name=\"twitter:card\" content=\"summary_large_image\" \/>\n<script type=\"application\/ld+json\" class=\"yoast-schema-graph\">{\"@context\":\"https:\\\/\\\/schema.org\",\"@graph\":[{\"@type\":\"WebPage\",\"@id\":\"https:\\\/\\\/www.notariat-schoeffmann.at\\\/de\\\/erben-vererben\\\/pflichtteilsrecht\\\/pflichtteilsverzicht\\\/\",\"url\":\"https:\\\/\\\/www.notariat-schoeffmann.at\\\/de\\\/erben-vererben\\\/pflichtteilsrecht\\\/pflichtteilsverzicht\\\/\",\"name\":\"Pflichtteilsverzicht &#8211; Notariat Sch\u00f6ffmann\",\"isPartOf\":{\"@id\":\"https:\\\/\\\/www.notariat-schoeffmann.at\\\/de\\\/#website\"},\"datePublished\":\"2021-08-09T09:07:38+00:00\",\"dateModified\":\"2022-03-19T09:18:43+00:00\",\"description\":\"Auf das Pflichtteilsrecht kann lebzeitig oder im Zuge des Verlassenschaftsverfahrens verzichtet werden.\",\"breadcrumb\":{\"@id\":\"https:\\\/\\\/www.notariat-schoeffmann.at\\\/de\\\/erben-vererben\\\/pflichtteilsrecht\\\/pflichtteilsverzicht\\\/#breadcrumb\"},\"inLanguage\":\"de\",\"potentialAction\":[{\"@type\":\"ReadAction\",\"target\":[\"https:\\\/\\\/www.notariat-schoeffmann.at\\\/de\\\/erben-vererben\\\/pflichtteilsrecht\\\/pflichtteilsverzicht\\\/\"]}]},{\"@type\":\"BreadcrumbList\",\"@id\":\"https:\\\/\\\/www.notariat-schoeffmann.at\\\/de\\\/erben-vererben\\\/pflichtteilsrecht\\\/pflichtteilsverzicht\\\/#breadcrumb\",\"itemListElement\":[{\"@type\":\"ListItem\",\"position\":1,\"name\":\"Startseite\",\"item\":\"https:\\\/\\\/www.notariat-schoeffmann.at\\\/de\\\/\"},{\"@type\":\"ListItem\",\"position\":2,\"name\":\"Was ist das Erbrecht?\",\"item\":\"https:\\\/\\\/www.notariat-schoeffmann.at\\\/de\\\/erben-vererben\\\/\"},{\"@type\":\"ListItem\",\"position\":3,\"name\":\"Pflichtteilsrecht\",\"item\":\"https:\\\/\\\/www.notariat-schoeffmann.at\\\/de\\\/erben-vererben\\\/pflichtteilsrecht\\\/\"},{\"@type\":\"ListItem\",\"position\":4,\"name\":\"Pflichtteilsverzicht\"}]},{\"@type\":\"WebSite\",\"@id\":\"https:\\\/\\\/www.notariat-schoeffmann.at\\\/de\\\/#website\",\"url\":\"https:\\\/\\\/www.notariat-schoeffmann.at\\\/de\\\/\",\"name\":\"Notariat Sch\u00f6ffmann\",\"description\":\"Mag. Klaus Sch\u00f6ffmann - Ihr Notar in Klagenfurt\",\"publisher\":{\"@id\":\"https:\\\/\\\/www.notariat-schoeffmann.at\\\/de\\\/#organization\"},\"potentialAction\":[{\"@type\":\"SearchAction\",\"target\":{\"@type\":\"EntryPoint\",\"urlTemplate\":\"https:\\\/\\\/www.notariat-schoeffmann.at\\\/de\\\/?s={search_term_string}\"},\"query-input\":{\"@type\":\"PropertyValueSpecification\",\"valueRequired\":true,\"valueName\":\"search_term_string\"}}],\"inLanguage\":\"de\"},{\"@type\":\"Organization\",\"@id\":\"https:\\\/\\\/www.notariat-schoeffmann.at\\\/de\\\/#organization\",\"name\":\"Notariat Mag. Klaus Sch\u00f6ffmann Klagenfurt\",\"url\":\"https:\\\/\\\/www.notariat-schoeffmann.at\\\/de\\\/\",\"logo\":{\"@type\":\"ImageObject\",\"inLanguage\":\"de\",\"@id\":\"https:\\\/\\\/www.notariat-schoeffmann.at\\\/de\\\/#\\\/schema\\\/logo\\\/image\\\/\",\"url\":\"https:\\\/\\\/www.notariat-schoeffmann.at\\\/wp-content\\\/uploads\\\/2022\\\/02\\\/logo-notariat-schoeffmann.jpg\",\"contentUrl\":\"https:\\\/\\\/www.notariat-schoeffmann.at\\\/wp-content\\\/uploads\\\/2022\\\/02\\\/logo-notariat-schoeffmann.jpg\",\"width\":600,\"height\":600,\"caption\":\"Notariat Mag. Klaus Sch\u00f6ffmann Klagenfurt\"},\"image\":{\"@id\":\"https:\\\/\\\/www.notariat-schoeffmann.at\\\/de\\\/#\\\/schema\\\/logo\\\/image\\\/\"},\"sameAs\":[\"https:\\\/\\\/www.facebook.com\\\/NotarKlagenfurt\",\"https:\\\/\\\/www.youtube.com\\\/channel\\\/UCaITfbIQh6VIpzEonUsIhcg\"]}]}<\/script>\n<!-- \/ Yoast SEO Premium plugin. -->","yoast_head_json":{"title":"Pflichtteilsverzicht &#8211; Notariat Sch\u00f6ffmann","description":"Auf das Pflichtteilsrecht kann lebzeitig oder im Zuge des Verlassenschaftsverfahrens verzichtet werden.","robots":{"index":"index","follow":"follow","max-snippet":"max-snippet:-1","max-image-preview":"max-image-preview:large","max-video-preview":"max-video-preview:-1"},"canonical":"https:\/\/www.notariat-schoeffmann.at\/de\/erben-vererben\/pflichtteilsrecht\/pflichtteilsverzicht\/","og_locale":"de_DE","og_type":"article","og_title":"Pflichtteilsverzicht - Notariat Sch\u00f6ffmann","og_description":"Auf das Pflichtteilsrecht kann lebzeitig oder im Zuge des Verlassenschaftsverfahrens verzichtet werden.","og_url":"https:\/\/www.notariat-schoeffmann.at\/de\/erben-vererben\/pflichtteilsrecht\/pflichtteilsverzicht\/","og_site_name":"Notariat Sch\u00f6ffmann","article_publisher":"https:\/\/www.facebook.com\/NotarKlagenfurt","article_modified_time":"2022-03-19T09:18:43+00:00","og_image":[{"width":1600,"height":1067,"url":"https:\/\/www.notariat-schoeffmann.at\/wp-content\/uploads\/2021\/11\/Juristen-1.jpg","type":"image\/jpeg"}],"twitter_card":"summary_large_image","schema":{"@context":"https:\/\/schema.org","@graph":[{"@type":"WebPage","@id":"https:\/\/www.notariat-schoeffmann.at\/de\/erben-vererben\/pflichtteilsrecht\/pflichtteilsverzicht\/","url":"https:\/\/www.notariat-schoeffmann.at\/de\/erben-vererben\/pflichtteilsrecht\/pflichtteilsverzicht\/","name":"Pflichtteilsverzicht &#8211; Notariat Sch\u00f6ffmann","isPartOf":{"@id":"https:\/\/www.notariat-schoeffmann.at\/de\/#website"},"datePublished":"2021-08-09T09:07:38+00:00","dateModified":"2022-03-19T09:18:43+00:00","description":"Auf das Pflichtteilsrecht kann lebzeitig oder im Zuge des Verlassenschaftsverfahrens verzichtet werden.","breadcrumb":{"@id":"https:\/\/www.notariat-schoeffmann.at\/de\/erben-vererben\/pflichtteilsrecht\/pflichtteilsverzicht\/#breadcrumb"},"inLanguage":"de","potentialAction":[{"@type":"ReadAction","target":["https:\/\/www.notariat-schoeffmann.at\/de\/erben-vererben\/pflichtteilsrecht\/pflichtteilsverzicht\/"]}]},{"@type":"BreadcrumbList","@id":"https:\/\/www.notariat-schoeffmann.at\/de\/erben-vererben\/pflichtteilsrecht\/pflichtteilsverzicht\/#breadcrumb","itemListElement":[{"@type":"ListItem","position":1,"name":"Startseite","item":"https:\/\/www.notariat-schoeffmann.at\/de\/"},{"@type":"ListItem","position":2,"name":"Was ist das Erbrecht?","item":"https:\/\/www.notariat-schoeffmann.at\/de\/erben-vererben\/"},{"@type":"ListItem","position":3,"name":"Pflichtteilsrecht","item":"https:\/\/www.notariat-schoeffmann.at\/de\/erben-vererben\/pflichtteilsrecht\/"},{"@type":"ListItem","position":4,"name":"Pflichtteilsverzicht"}]},{"@type":"WebSite","@id":"https:\/\/www.notariat-schoeffmann.at\/de\/#website","url":"https:\/\/www.notariat-schoeffmann.at\/de\/","name":"Notariat Sch\u00f6ffmann","description":"Mag. Klaus Sch\u00f6ffmann - Ihr Notar in Klagenfurt","publisher":{"@id":"https:\/\/www.notariat-schoeffmann.at\/de\/#organization"},"potentialAction":[{"@type":"SearchAction","target":{"@type":"EntryPoint","urlTemplate":"https:\/\/www.notariat-schoeffmann.at\/de\/?s={search_term_string}"},"query-input":{"@type":"PropertyValueSpecification","valueRequired":true,"valueName":"search_term_string"}}],"inLanguage":"de"},{"@type":"Organization","@id":"https:\/\/www.notariat-schoeffmann.at\/de\/#organization","name":"Notariat Mag. Klaus Sch\u00f6ffmann Klagenfurt","url":"https:\/\/www.notariat-schoeffmann.at\/de\/","logo":{"@type":"ImageObject","inLanguage":"de","@id":"https:\/\/www.notariat-schoeffmann.at\/de\/#\/schema\/logo\/image\/","url":"https:\/\/www.notariat-schoeffmann.at\/wp-content\/uploads\/2022\/02\/logo-notariat-schoeffmann.jpg","contentUrl":"https:\/\/www.notariat-schoeffmann.at\/wp-content\/uploads\/2022\/02\/logo-notariat-schoeffmann.jpg","width":600,"height":600,"caption":"Notariat Mag. Klaus Sch\u00f6ffmann Klagenfurt"},"image":{"@id":"https:\/\/www.notariat-schoeffmann.at\/de\/#\/schema\/logo\/image\/"},"sameAs":["https:\/\/www.facebook.com\/NotarKlagenfurt","https:\/\/www.youtube.com\/channel\/UCaITfbIQh6VIpzEonUsIhcg"]}]}},"_links":{"self":[{"href":"https:\/\/www.notariat-schoeffmann.at\/de\/wp-json\/wp\/v2\/pages\/355","targetHints":{"allow":["GET"]}}],"collection":[{"href":"https:\/\/www.notariat-schoeffmann.at\/de\/wp-json\/wp\/v2\/pages"}],"about":[{"href":"https:\/\/www.notariat-schoeffmann.at\/de\/wp-json\/wp\/v2\/types\/page"}],"author":[{"embeddable":true,"href":"https:\/\/www.notariat-schoeffmann.at\/de\/wp-json\/wp\/v2\/users\/3"}],"replies":[{"embeddable":true,"href":"https:\/\/www.notariat-schoeffmann.at\/de\/wp-json\/wp\/v2\/comments?post=355"}],"version-history":[{"count":4,"href":"https:\/\/www.notariat-schoeffmann.at\/de\/wp-json\/wp\/v2\/pages\/355\/revisions"}],"predecessor-version":[{"id":2641,"href":"https:\/\/www.notariat-schoeffmann.at\/de\/wp-json\/wp\/v2\/pages\/355\/revisions\/2641"}],"up":[{"embeddable":true,"href":"https:\/\/www.notariat-schoeffmann.at\/de\/wp-json\/wp\/v2\/pages\/344"}],"wp:attachment":[{"href":"https:\/\/www.notariat-schoeffmann.at\/de\/wp-json\/wp\/v2\/media?parent=355"}],"wp:term":[{"taxonomy":"category","embeddable":true,"href":"https:\/\/www.notariat-schoeffmann.at\/de\/wp-json\/wp\/v2\/categories?post=355"}],"curies":[{"name":"wp","href":"https:\/\/api.w.org\/{rel}","templated":true}]}}