{"id":353,"date":"2021-08-09T11:07:09","date_gmt":"2021-08-09T09:07:09","guid":{"rendered":"https:\/\/www.notariat-schoeffmann.at\/?page_id=353"},"modified":"2022-02-26T14:59:42","modified_gmt":"2022-02-26T13:59:42","slug":"schenkung-an-nicht-pflichtteilsberechtigte-personen","status":"publish","type":"page","link":"https:\/\/www.notariat-schoeffmann.at\/de\/erben-vererben\/pflichtteilsrecht\/schenkungsanrechnung\/schenkung-an-nicht-pflichtteilsberechtigte-personen\/","title":{"rendered":"Schenkung an nicht pflichtteilsberechtigte Personen"},"content":{"rendered":"<div class=\"standard typo3-neos-nodetypes-text\">\n<div>\n<p>Schenkungen, die eine&nbsp;<b>nicht pflichtteilsberechtigte Person<\/b>&nbsp;vom Verstorbenen erhalten hat, sind nur auf Verlangen eines Pflichtteilsberechtigten&nbsp;<strong>der Verlassenschaft hinzuzurechnen<\/strong>. Dies gilt aber nur f\u00fcr Schenkungen, die innerhalb von&nbsp;<b>zwei Jahren vor dem Tod<\/b>&nbsp;des Verstorbenen gemacht wurden. Die zweij\u00e4hrige Frist beginnt mit dem Zeitpunkt, in dem die Schenkung wirklich gemacht wurde. Dies ist der Fall, wenn der Verstorbene die Zuwendung endg\u00fcltig erbracht hat. Liegt die Schenkung mehr als zwei Jahre zur\u00fcck, ist sie nicht zu ber\u00fccksichtigen.<\/p>\n<\/div>\n<\/div>\n\n<div class=\"lazyblock-infobox-l1z6O wp-block-lazyblock-infobox\"><div class=\"notar_beispielbox\">\n  <h2>Beispiel<\/h2>\n  <div class=\"notar_infobox_content\"><p>Der Verstorbene schenkt mehr als zwei Jahre vor seinem Tod seiner Lebensgef\u00e4hrtin den Gro\u00dfteil seines Verm\u00f6gens.<\/p><p>Da es sich um eine Schenkung an eine nicht pflichtteilsberechtigte Person handelt, ist f\u00fcr die Hinzurechnung die Zweijahresfrist ausschlaggebend. Im vorliegenden Fall wurde die Schenkung mehr als zwei Jahre vor dem Tod des Verstorbenen gemacht. Hat der Verstorbene z.B. eine Tochter, kann diese keine Hinzurechnung der Schenkung verlangen! Die Schenkung an die Lebensgef\u00e4hrtin ist daher bei der Berechnung des Pflichtteils der Tochter nicht zu ber\u00fccksichtigen.<\/p><\/div>\n<\/div>\n\n<\/div>","protected":false},"excerpt":{"rendered":"<p>Schenkungen, die eine&nbsp;nicht pflichtteilsberechtigte Person&nbsp;vom Verstorbenen erhalten hat, sind nur auf Verlangen eines Pflichtteilsberechtigten&nbsp;der Verlassenschaft hinzuzurechnen. Dies gilt aber nur f\u00fcr Schenkungen, die innerhalb von&nbsp;zwei Jahren vor dem Tod&nbsp;des Verstorbenen gemacht wurden. Die zweij\u00e4hrige Frist beginnt mit dem Zeitpunkt, in dem die Schenkung wirklich gemacht wurde. Dies ist der Fall, wenn der Verstorbene die Zuwendung&hellip;<\/p>\n","protected":false},"author":3,"featured_media":0,"parent":349,"menu_order":1,"comment_status":"closed","ping_status":"closed","template":"","meta":{"inline_featured_image":false,"footnotes":""},"categories":[],"class_list":["post-353","page","type-page","status-publish","hentry","description-off"],"yoast_head":"<!-- This site is optimized with the Yoast SEO Premium plugin v26.7 (Yoast SEO v27.4) - https:\/\/yoast.com\/product\/yoast-seo-premium-wordpress\/ -->\n<title>Schenkung an nicht pflichtteilsberechtigte Personen &#8211; Notariat Sch\u00f6ffmann<\/title>\n<meta name=\"description\" content=\"Durch die Schenkungsanrechnung wird verhindert, dass der Pflichtteilsanspruch der Berechtigten durch lebzeitige Zuwendungen geschm\u00e4lert oder vereitelt wird.\" \/>\n<meta name=\"robots\" content=\"index, follow, max-snippet:-1, max-image-preview:large, max-video-preview:-1\" \/>\n<link rel=\"canonical\" href=\"https:\/\/www.notariat-schoeffmann.at\/de\/erben-vererben\/pflichtteilsrecht\/schenkungsanrechnung\/schenkung-an-nicht-pflichtteilsberechtigte-personen\/\" \/>\n<meta property=\"og:locale\" content=\"de_DE\" \/>\n<meta property=\"og:type\" content=\"article\" \/>\n<meta property=\"og:title\" content=\"Schenkung an nicht pflichtteilsberechtigte Personen - Notariat Sch\u00f6ffmann\" \/>\n<meta property=\"og:description\" content=\"Durch die Schenkungsanrechnung wird verhindert, dass der Pflichtteilsanspruch der Berechtigten durch lebzeitige Zuwendungen geschm\u00e4lert oder vereitelt wird.\" \/>\n<meta property=\"og:url\" content=\"https:\/\/www.notariat-schoeffmann.at\/de\/erben-vererben\/pflichtteilsrecht\/schenkungsanrechnung\/schenkung-an-nicht-pflichtteilsberechtigte-personen\/\" \/>\n<meta property=\"og:site_name\" content=\"Notariat Sch\u00f6ffmann\" \/>\n<meta property=\"article:publisher\" content=\"https:\/\/www.facebook.com\/NotarKlagenfurt\" \/>\n<meta property=\"article:modified_time\" content=\"2022-02-26T13:59:42+00:00\" \/>\n<meta property=\"og:image\" content=\"https:\/\/www.notariat-schoeffmann.at\/wp-content\/uploads\/2021\/11\/Juristen-1.jpg\" \/>\n\t<meta property=\"og:image:width\" content=\"1600\" \/>\n\t<meta property=\"og:image:height\" content=\"1067\" \/>\n\t<meta property=\"og:image:type\" content=\"image\/jpeg\" \/>\n<meta name=\"twitter:card\" content=\"summary_large_image\" \/>\n<script type=\"application\/ld+json\" class=\"yoast-schema-graph\">{\"@context\":\"https:\\\/\\\/schema.org\",\"@graph\":[{\"@type\":\"WebPage\",\"@id\":\"https:\\\/\\\/www.notariat-schoeffmann.at\\\/de\\\/erben-vererben\\\/pflichtteilsrecht\\\/schenkungsanrechnung\\\/schenkung-an-nicht-pflichtteilsberechtigte-personen\\\/\",\"url\":\"https:\\\/\\\/www.notariat-schoeffmann.at\\\/de\\\/erben-vererben\\\/pflichtteilsrecht\\\/schenkungsanrechnung\\\/schenkung-an-nicht-pflichtteilsberechtigte-personen\\\/\",\"name\":\"Schenkung an nicht pflichtteilsberechtigte Personen &#8211; Notariat Sch\u00f6ffmann\",\"isPartOf\":{\"@id\":\"https:\\\/\\\/www.notariat-schoeffmann.at\\\/de\\\/#website\"},\"datePublished\":\"2021-08-09T09:07:09+00:00\",\"dateModified\":\"2022-02-26T13:59:42+00:00\",\"description\":\"Durch die Schenkungsanrechnung wird verhindert, dass der Pflichtteilsanspruch der Berechtigten durch lebzeitige Zuwendungen geschm\u00e4lert oder vereitelt wird.\",\"breadcrumb\":{\"@id\":\"https:\\\/\\\/www.notariat-schoeffmann.at\\\/de\\\/erben-vererben\\\/pflichtteilsrecht\\\/schenkungsanrechnung\\\/schenkung-an-nicht-pflichtteilsberechtigte-personen\\\/#breadcrumb\"},\"inLanguage\":\"de\",\"potentialAction\":[{\"@type\":\"ReadAction\",\"target\":[\"https:\\\/\\\/www.notariat-schoeffmann.at\\\/de\\\/erben-vererben\\\/pflichtteilsrecht\\\/schenkungsanrechnung\\\/schenkung-an-nicht-pflichtteilsberechtigte-personen\\\/\"]}]},{\"@type\":\"BreadcrumbList\",\"@id\":\"https:\\\/\\\/www.notariat-schoeffmann.at\\\/de\\\/erben-vererben\\\/pflichtteilsrecht\\\/schenkungsanrechnung\\\/schenkung-an-nicht-pflichtteilsberechtigte-personen\\\/#breadcrumb\",\"itemListElement\":[{\"@type\":\"ListItem\",\"position\":1,\"name\":\"Startseite\",\"item\":\"https:\\\/\\\/www.notariat-schoeffmann.at\\\/de\\\/\"},{\"@type\":\"ListItem\",\"position\":2,\"name\":\"Was ist das Erbrecht?\",\"item\":\"https:\\\/\\\/www.notariat-schoeffmann.at\\\/de\\\/erben-vererben\\\/\"},{\"@type\":\"ListItem\",\"position\":3,\"name\":\"Pflichtteilsrecht\",\"item\":\"https:\\\/\\\/www.notariat-schoeffmann.at\\\/de\\\/erben-vererben\\\/pflichtteilsrecht\\\/\"},{\"@type\":\"ListItem\",\"position\":4,\"name\":\"Schenkungsanrechnung\",\"item\":\"https:\\\/\\\/www.notariat-schoeffmann.at\\\/de\\\/erben-vererben\\\/pflichtteilsrecht\\\/schenkungsanrechnung\\\/\"},{\"@type\":\"ListItem\",\"position\":5,\"name\":\"Schenkung an nicht pflichtteilsberechtigte Personen\"}]},{\"@type\":\"WebSite\",\"@id\":\"https:\\\/\\\/www.notariat-schoeffmann.at\\\/de\\\/#website\",\"url\":\"https:\\\/\\\/www.notariat-schoeffmann.at\\\/de\\\/\",\"name\":\"Notariat Sch\u00f6ffmann\",\"description\":\"Mag. Klaus Sch\u00f6ffmann - Ihr Notar in Klagenfurt\",\"publisher\":{\"@id\":\"https:\\\/\\\/www.notariat-schoeffmann.at\\\/de\\\/#organization\"},\"potentialAction\":[{\"@type\":\"SearchAction\",\"target\":{\"@type\":\"EntryPoint\",\"urlTemplate\":\"https:\\\/\\\/www.notariat-schoeffmann.at\\\/de\\\/?s={search_term_string}\"},\"query-input\":{\"@type\":\"PropertyValueSpecification\",\"valueRequired\":true,\"valueName\":\"search_term_string\"}}],\"inLanguage\":\"de\"},{\"@type\":\"Organization\",\"@id\":\"https:\\\/\\\/www.notariat-schoeffmann.at\\\/de\\\/#organization\",\"name\":\"Notariat Mag. Klaus Sch\u00f6ffmann Klagenfurt\",\"url\":\"https:\\\/\\\/www.notariat-schoeffmann.at\\\/de\\\/\",\"logo\":{\"@type\":\"ImageObject\",\"inLanguage\":\"de\",\"@id\":\"https:\\\/\\\/www.notariat-schoeffmann.at\\\/de\\\/#\\\/schema\\\/logo\\\/image\\\/\",\"url\":\"https:\\\/\\\/www.notariat-schoeffmann.at\\\/wp-content\\\/uploads\\\/2022\\\/02\\\/logo-notariat-schoeffmann.jpg\",\"contentUrl\":\"https:\\\/\\\/www.notariat-schoeffmann.at\\\/wp-content\\\/uploads\\\/2022\\\/02\\\/logo-notariat-schoeffmann.jpg\",\"width\":600,\"height\":600,\"caption\":\"Notariat Mag. Klaus Sch\u00f6ffmann Klagenfurt\"},\"image\":{\"@id\":\"https:\\\/\\\/www.notariat-schoeffmann.at\\\/de\\\/#\\\/schema\\\/logo\\\/image\\\/\"},\"sameAs\":[\"https:\\\/\\\/www.facebook.com\\\/NotarKlagenfurt\",\"https:\\\/\\\/www.youtube.com\\\/channel\\\/UCaITfbIQh6VIpzEonUsIhcg\"]}]}<\/script>\n<!-- \/ Yoast SEO Premium plugin. -->","yoast_head_json":{"title":"Schenkung an nicht pflichtteilsberechtigte Personen &#8211; Notariat Sch\u00f6ffmann","description":"Durch die Schenkungsanrechnung wird verhindert, dass der Pflichtteilsanspruch der Berechtigten durch lebzeitige Zuwendungen geschm\u00e4lert oder vereitelt wird.","robots":{"index":"index","follow":"follow","max-snippet":"max-snippet:-1","max-image-preview":"max-image-preview:large","max-video-preview":"max-video-preview:-1"},"canonical":"https:\/\/www.notariat-schoeffmann.at\/de\/erben-vererben\/pflichtteilsrecht\/schenkungsanrechnung\/schenkung-an-nicht-pflichtteilsberechtigte-personen\/","og_locale":"de_DE","og_type":"article","og_title":"Schenkung an nicht pflichtteilsberechtigte Personen - Notariat Sch\u00f6ffmann","og_description":"Durch die Schenkungsanrechnung wird verhindert, dass der Pflichtteilsanspruch der Berechtigten durch lebzeitige Zuwendungen geschm\u00e4lert oder vereitelt wird.","og_url":"https:\/\/www.notariat-schoeffmann.at\/de\/erben-vererben\/pflichtteilsrecht\/schenkungsanrechnung\/schenkung-an-nicht-pflichtteilsberechtigte-personen\/","og_site_name":"Notariat Sch\u00f6ffmann","article_publisher":"https:\/\/www.facebook.com\/NotarKlagenfurt","article_modified_time":"2022-02-26T13:59:42+00:00","og_image":[{"width":1600,"height":1067,"url":"https:\/\/www.notariat-schoeffmann.at\/wp-content\/uploads\/2021\/11\/Juristen-1.jpg","type":"image\/jpeg"}],"twitter_card":"summary_large_image","schema":{"@context":"https:\/\/schema.org","@graph":[{"@type":"WebPage","@id":"https:\/\/www.notariat-schoeffmann.at\/de\/erben-vererben\/pflichtteilsrecht\/schenkungsanrechnung\/schenkung-an-nicht-pflichtteilsberechtigte-personen\/","url":"https:\/\/www.notariat-schoeffmann.at\/de\/erben-vererben\/pflichtteilsrecht\/schenkungsanrechnung\/schenkung-an-nicht-pflichtteilsberechtigte-personen\/","name":"Schenkung an nicht pflichtteilsberechtigte Personen &#8211; Notariat Sch\u00f6ffmann","isPartOf":{"@id":"https:\/\/www.notariat-schoeffmann.at\/de\/#website"},"datePublished":"2021-08-09T09:07:09+00:00","dateModified":"2022-02-26T13:59:42+00:00","description":"Durch die Schenkungsanrechnung wird verhindert, dass der Pflichtteilsanspruch der Berechtigten durch lebzeitige Zuwendungen geschm\u00e4lert oder vereitelt wird.","breadcrumb":{"@id":"https:\/\/www.notariat-schoeffmann.at\/de\/erben-vererben\/pflichtteilsrecht\/schenkungsanrechnung\/schenkung-an-nicht-pflichtteilsberechtigte-personen\/#breadcrumb"},"inLanguage":"de","potentialAction":[{"@type":"ReadAction","target":["https:\/\/www.notariat-schoeffmann.at\/de\/erben-vererben\/pflichtteilsrecht\/schenkungsanrechnung\/schenkung-an-nicht-pflichtteilsberechtigte-personen\/"]}]},{"@type":"BreadcrumbList","@id":"https:\/\/www.notariat-schoeffmann.at\/de\/erben-vererben\/pflichtteilsrecht\/schenkungsanrechnung\/schenkung-an-nicht-pflichtteilsberechtigte-personen\/#breadcrumb","itemListElement":[{"@type":"ListItem","position":1,"name":"Startseite","item":"https:\/\/www.notariat-schoeffmann.at\/de\/"},{"@type":"ListItem","position":2,"name":"Was ist das Erbrecht?","item":"https:\/\/www.notariat-schoeffmann.at\/de\/erben-vererben\/"},{"@type":"ListItem","position":3,"name":"Pflichtteilsrecht","item":"https:\/\/www.notariat-schoeffmann.at\/de\/erben-vererben\/pflichtteilsrecht\/"},{"@type":"ListItem","position":4,"name":"Schenkungsanrechnung","item":"https:\/\/www.notariat-schoeffmann.at\/de\/erben-vererben\/pflichtteilsrecht\/schenkungsanrechnung\/"},{"@type":"ListItem","position":5,"name":"Schenkung an nicht pflichtteilsberechtigte Personen"}]},{"@type":"WebSite","@id":"https:\/\/www.notariat-schoeffmann.at\/de\/#website","url":"https:\/\/www.notariat-schoeffmann.at\/de\/","name":"Notariat Sch\u00f6ffmann","description":"Mag. Klaus Sch\u00f6ffmann - Ihr Notar in Klagenfurt","publisher":{"@id":"https:\/\/www.notariat-schoeffmann.at\/de\/#organization"},"potentialAction":[{"@type":"SearchAction","target":{"@type":"EntryPoint","urlTemplate":"https:\/\/www.notariat-schoeffmann.at\/de\/?s={search_term_string}"},"query-input":{"@type":"PropertyValueSpecification","valueRequired":true,"valueName":"search_term_string"}}],"inLanguage":"de"},{"@type":"Organization","@id":"https:\/\/www.notariat-schoeffmann.at\/de\/#organization","name":"Notariat Mag. Klaus Sch\u00f6ffmann Klagenfurt","url":"https:\/\/www.notariat-schoeffmann.at\/de\/","logo":{"@type":"ImageObject","inLanguage":"de","@id":"https:\/\/www.notariat-schoeffmann.at\/de\/#\/schema\/logo\/image\/","url":"https:\/\/www.notariat-schoeffmann.at\/wp-content\/uploads\/2022\/02\/logo-notariat-schoeffmann.jpg","contentUrl":"https:\/\/www.notariat-schoeffmann.at\/wp-content\/uploads\/2022\/02\/logo-notariat-schoeffmann.jpg","width":600,"height":600,"caption":"Notariat Mag. Klaus Sch\u00f6ffmann Klagenfurt"},"image":{"@id":"https:\/\/www.notariat-schoeffmann.at\/de\/#\/schema\/logo\/image\/"},"sameAs":["https:\/\/www.facebook.com\/NotarKlagenfurt","https:\/\/www.youtube.com\/channel\/UCaITfbIQh6VIpzEonUsIhcg"]}]}},"_links":{"self":[{"href":"https:\/\/www.notariat-schoeffmann.at\/de\/wp-json\/wp\/v2\/pages\/353","targetHints":{"allow":["GET"]}}],"collection":[{"href":"https:\/\/www.notariat-schoeffmann.at\/de\/wp-json\/wp\/v2\/pages"}],"about":[{"href":"https:\/\/www.notariat-schoeffmann.at\/de\/wp-json\/wp\/v2\/types\/page"}],"author":[{"embeddable":true,"href":"https:\/\/www.notariat-schoeffmann.at\/de\/wp-json\/wp\/v2\/users\/3"}],"replies":[{"embeddable":true,"href":"https:\/\/www.notariat-schoeffmann.at\/de\/wp-json\/wp\/v2\/comments?post=353"}],"version-history":[{"count":4,"href":"https:\/\/www.notariat-schoeffmann.at\/de\/wp-json\/wp\/v2\/pages\/353\/revisions"}],"predecessor-version":[{"id":2045,"href":"https:\/\/www.notariat-schoeffmann.at\/de\/wp-json\/wp\/v2\/pages\/353\/revisions\/2045"}],"up":[{"embeddable":true,"href":"https:\/\/www.notariat-schoeffmann.at\/de\/wp-json\/wp\/v2\/pages\/349"}],"wp:attachment":[{"href":"https:\/\/www.notariat-schoeffmann.at\/de\/wp-json\/wp\/v2\/media?parent=353"}],"wp:term":[{"taxonomy":"category","embeddable":true,"href":"https:\/\/www.notariat-schoeffmann.at\/de\/wp-json\/wp\/v2\/categories?post=353"}],"curies":[{"name":"wp","href":"https:\/\/api.w.org\/{rel}","templated":true}]}}