{"id":351,"date":"2021-08-09T11:06:37","date_gmt":"2021-08-09T09:06:37","guid":{"rendered":"https:\/\/www.notariat-schoeffmann.at\/?page_id=351"},"modified":"2022-02-26T14:57:29","modified_gmt":"2022-02-26T13:57:29","slug":"schenkung-an-pflichtteilsberechtigte","status":"publish","type":"page","link":"https:\/\/www.notariat-schoeffmann.at\/de\/erben-vererben\/pflichtteilsrecht\/schenkungsanrechnung\/schenkung-an-pflichtteilsberechtigte\/","title":{"rendered":"Schenkung an Pflichtteilsberechtigte"},"content":{"rendered":"<div class=\"standard typo3-neos-nodetypes-text\">\n<div>\n<p>Schenkungen, die ein Pflichtteilsberechtigter vom Verstorbenen zu dessen Lebzeiten erhalten hat, sind auf Verlangen eines Pflichtteilsberechtigten oder Erben der Verlassenschaft hinzuzurechnen und auf den Geldpflichtteil des Geschenknehmers<b>&nbsp;<\/b>anzurechnen<b>.<\/b><\/p>\n<p>Zuerst wird die Schenkung&nbsp;<strong>dem Verlassenschaftsverm\u00f6gen hinzugef\u00fcgt<\/strong>. Danach werden von der erh\u00f6hten Verlassenschaft die Pflichtteile berechnet. Der Pflichtteilsberechtigte, der die Schenkung erhalten hat, muss sich diese auf seinen&nbsp;<strong>Pflichtteil anrechnen lassen<\/strong>.<\/p>\n<\/div>\n<\/div>\n\n<div class=\"lazyblock-infobox-2tT8mv wp-block-lazyblock-infobox\"><div class=\"notar_beispielbox\">\n  <h2>Beispiel<\/h2>\n  <div class=\"notar_infobox_content\"><p>Die Verstorbene hinterl\u00e4sst einen Sohn und eine Tochter. Der Tochter schenkt sie zu Lebzeiten ein Auto und Schmuck im Wert von insgesamt EUR 20.000,-.\u00a0 Im Testament setzt sie ihren Lebensgef\u00e4hrten als Alleinerben ein. Das Verlassenschaftsverm\u00f6gen betr\u00e4gt EUR 100.000,-.<\/p><p>Nach der gesetzlichen Erbfolge w\u00fcrden Sohn und Tochter grunds\u00e4tzlich je die H\u00e4lfte, also EUR 50.000,- erben. Ihr Pflichtteilsanspruch betr\u00e4gt daher jeweils EUR 25.000,-. Allerdings muss hier die Schenkung an die Tochter ber\u00fccksichtigt werden. F\u00fcr die Ermittlung der Pflichtteile wird die Schenkung der Verlassenschaft hinzugerechnet (20.000 + 100.000 = 120.000). Da nun die Pflichtteile von EUR 120.000,- berechnet werden, betr\u00e4gt der Pflichtteilsanspruch der Kinder jeweils EUR 30.000,-. Der Sohn erh\u00e4lt daher einen Pflichtteil in H\u00f6he von EUR 30.000,-. Die Tochter muss sich die Schenkung auf ihren Pflichtteil anrechnen lassen. Nach Abzug der Schenkung (EUR 20.000,-) vom Pflichtteil (EUR 30.000,-) betr\u00e4gt ihr Pflichtteilsanspruch noch EUR 10.000,-.<\/p><\/div>\n<\/div>\n\n<\/div>","protected":false},"excerpt":{"rendered":"<p>Schenkungen, die ein Pflichtteilsberechtigter vom Verstorbenen zu dessen Lebzeiten erhalten hat, sind auf Verlangen eines Pflichtteilsberechtigten oder Erben der Verlassenschaft hinzuzurechnen und auf den Geldpflichtteil des Geschenknehmers&nbsp;anzurechnen. Zuerst wird die Schenkung&nbsp;dem Verlassenschaftsverm\u00f6gen hinzugef\u00fcgt. Danach werden von der erh\u00f6hten Verlassenschaft die Pflichtteile berechnet. Der Pflichtteilsberechtigte, der die Schenkung erhalten hat, muss sich diese auf seinen&nbsp;Pflichtteil anrechnen&hellip;<\/p>\n","protected":false},"author":3,"featured_media":0,"parent":349,"menu_order":0,"comment_status":"closed","ping_status":"closed","template":"","meta":{"inline_featured_image":false,"footnotes":""},"categories":[],"class_list":["post-351","page","type-page","status-publish","hentry","description-off"],"yoast_head":"<!-- This site is optimized with the Yoast SEO Premium plugin v26.7 (Yoast SEO v27.4) - https:\/\/yoast.com\/product\/yoast-seo-premium-wordpress\/ -->\n<title>Schenkung an Pflichtteilsberechtigte &#8211; Notariat Sch\u00f6ffmann<\/title>\n<meta name=\"description\" content=\"Durch die Schenkungsanrechnung wird verhindert, dass der Pflichtteilsanspruch der Berechtigten durch lebzeitige Zuwendungen geschm\u00e4lert oder vereitelt wird.\" \/>\n<meta name=\"robots\" content=\"index, follow, max-snippet:-1, max-image-preview:large, max-video-preview:-1\" \/>\n<link rel=\"canonical\" href=\"https:\/\/www.notariat-schoeffmann.at\/de\/erben-vererben\/pflichtteilsrecht\/schenkungsanrechnung\/schenkung-an-pflichtteilsberechtigte\/\" \/>\n<meta property=\"og:locale\" content=\"de_DE\" \/>\n<meta property=\"og:type\" content=\"article\" \/>\n<meta property=\"og:title\" content=\"Schenkung an Pflichtteilsberechtigte - Notariat Sch\u00f6ffmann\" \/>\n<meta property=\"og:description\" content=\"Durch die Schenkungsanrechnung wird verhindert, dass der Pflichtteilsanspruch der Berechtigten durch lebzeitige Zuwendungen geschm\u00e4lert oder vereitelt wird.\" \/>\n<meta property=\"og:url\" content=\"https:\/\/www.notariat-schoeffmann.at\/de\/erben-vererben\/pflichtteilsrecht\/schenkungsanrechnung\/schenkung-an-pflichtteilsberechtigte\/\" \/>\n<meta property=\"og:site_name\" content=\"Notariat Sch\u00f6ffmann\" \/>\n<meta property=\"article:publisher\" content=\"https:\/\/www.facebook.com\/NotarKlagenfurt\" \/>\n<meta property=\"article:modified_time\" content=\"2022-02-26T13:57:29+00:00\" \/>\n<meta property=\"og:image\" content=\"https:\/\/www.notariat-schoeffmann.at\/wp-content\/uploads\/2021\/11\/Juristen-1.jpg\" \/>\n\t<meta property=\"og:image:width\" content=\"1600\" \/>\n\t<meta property=\"og:image:height\" content=\"1067\" \/>\n\t<meta property=\"og:image:type\" content=\"image\/jpeg\" \/>\n<meta name=\"twitter:card\" content=\"summary_large_image\" \/>\n<script type=\"application\/ld+json\" class=\"yoast-schema-graph\">{\"@context\":\"https:\\\/\\\/schema.org\",\"@graph\":[{\"@type\":\"WebPage\",\"@id\":\"https:\\\/\\\/www.notariat-schoeffmann.at\\\/de\\\/erben-vererben\\\/pflichtteilsrecht\\\/schenkungsanrechnung\\\/schenkung-an-pflichtteilsberechtigte\\\/\",\"url\":\"https:\\\/\\\/www.notariat-schoeffmann.at\\\/de\\\/erben-vererben\\\/pflichtteilsrecht\\\/schenkungsanrechnung\\\/schenkung-an-pflichtteilsberechtigte\\\/\",\"name\":\"Schenkung an Pflichtteilsberechtigte &#8211; Notariat Sch\u00f6ffmann\",\"isPartOf\":{\"@id\":\"https:\\\/\\\/www.notariat-schoeffmann.at\\\/de\\\/#website\"},\"datePublished\":\"2021-08-09T09:06:37+00:00\",\"dateModified\":\"2022-02-26T13:57:29+00:00\",\"description\":\"Durch die Schenkungsanrechnung wird verhindert, dass der Pflichtteilsanspruch der Berechtigten durch lebzeitige Zuwendungen geschm\u00e4lert oder vereitelt wird.\",\"breadcrumb\":{\"@id\":\"https:\\\/\\\/www.notariat-schoeffmann.at\\\/de\\\/erben-vererben\\\/pflichtteilsrecht\\\/schenkungsanrechnung\\\/schenkung-an-pflichtteilsberechtigte\\\/#breadcrumb\"},\"inLanguage\":\"de\",\"potentialAction\":[{\"@type\":\"ReadAction\",\"target\":[\"https:\\\/\\\/www.notariat-schoeffmann.at\\\/de\\\/erben-vererben\\\/pflichtteilsrecht\\\/schenkungsanrechnung\\\/schenkung-an-pflichtteilsberechtigte\\\/\"]}]},{\"@type\":\"BreadcrumbList\",\"@id\":\"https:\\\/\\\/www.notariat-schoeffmann.at\\\/de\\\/erben-vererben\\\/pflichtteilsrecht\\\/schenkungsanrechnung\\\/schenkung-an-pflichtteilsberechtigte\\\/#breadcrumb\",\"itemListElement\":[{\"@type\":\"ListItem\",\"position\":1,\"name\":\"Startseite\",\"item\":\"https:\\\/\\\/www.notariat-schoeffmann.at\\\/de\\\/\"},{\"@type\":\"ListItem\",\"position\":2,\"name\":\"Was ist das Erbrecht?\",\"item\":\"https:\\\/\\\/www.notariat-schoeffmann.at\\\/de\\\/erben-vererben\\\/\"},{\"@type\":\"ListItem\",\"position\":3,\"name\":\"Pflichtteilsrecht\",\"item\":\"https:\\\/\\\/www.notariat-schoeffmann.at\\\/de\\\/erben-vererben\\\/pflichtteilsrecht\\\/\"},{\"@type\":\"ListItem\",\"position\":4,\"name\":\"Schenkungsanrechnung\",\"item\":\"https:\\\/\\\/www.notariat-schoeffmann.at\\\/de\\\/erben-vererben\\\/pflichtteilsrecht\\\/schenkungsanrechnung\\\/\"},{\"@type\":\"ListItem\",\"position\":5,\"name\":\"Schenkung an Pflichtteilsberechtigte\"}]},{\"@type\":\"WebSite\",\"@id\":\"https:\\\/\\\/www.notariat-schoeffmann.at\\\/de\\\/#website\",\"url\":\"https:\\\/\\\/www.notariat-schoeffmann.at\\\/de\\\/\",\"name\":\"Notariat Sch\u00f6ffmann\",\"description\":\"Mag. Klaus Sch\u00f6ffmann - Ihr Notar in Klagenfurt\",\"publisher\":{\"@id\":\"https:\\\/\\\/www.notariat-schoeffmann.at\\\/de\\\/#organization\"},\"potentialAction\":[{\"@type\":\"SearchAction\",\"target\":{\"@type\":\"EntryPoint\",\"urlTemplate\":\"https:\\\/\\\/www.notariat-schoeffmann.at\\\/de\\\/?s={search_term_string}\"},\"query-input\":{\"@type\":\"PropertyValueSpecification\",\"valueRequired\":true,\"valueName\":\"search_term_string\"}}],\"inLanguage\":\"de\"},{\"@type\":\"Organization\",\"@id\":\"https:\\\/\\\/www.notariat-schoeffmann.at\\\/de\\\/#organization\",\"name\":\"Notariat Mag. Klaus Sch\u00f6ffmann Klagenfurt\",\"url\":\"https:\\\/\\\/www.notariat-schoeffmann.at\\\/de\\\/\",\"logo\":{\"@type\":\"ImageObject\",\"inLanguage\":\"de\",\"@id\":\"https:\\\/\\\/www.notariat-schoeffmann.at\\\/de\\\/#\\\/schema\\\/logo\\\/image\\\/\",\"url\":\"https:\\\/\\\/www.notariat-schoeffmann.at\\\/wp-content\\\/uploads\\\/2022\\\/02\\\/logo-notariat-schoeffmann.jpg\",\"contentUrl\":\"https:\\\/\\\/www.notariat-schoeffmann.at\\\/wp-content\\\/uploads\\\/2022\\\/02\\\/logo-notariat-schoeffmann.jpg\",\"width\":600,\"height\":600,\"caption\":\"Notariat Mag. Klaus Sch\u00f6ffmann Klagenfurt\"},\"image\":{\"@id\":\"https:\\\/\\\/www.notariat-schoeffmann.at\\\/de\\\/#\\\/schema\\\/logo\\\/image\\\/\"},\"sameAs\":[\"https:\\\/\\\/www.facebook.com\\\/NotarKlagenfurt\",\"https:\\\/\\\/www.youtube.com\\\/channel\\\/UCaITfbIQh6VIpzEonUsIhcg\"]}]}<\/script>\n<!-- \/ Yoast SEO Premium plugin. -->","yoast_head_json":{"title":"Schenkung an Pflichtteilsberechtigte &#8211; Notariat Sch\u00f6ffmann","description":"Durch die Schenkungsanrechnung wird verhindert, dass der Pflichtteilsanspruch der Berechtigten durch lebzeitige Zuwendungen geschm\u00e4lert oder vereitelt wird.","robots":{"index":"index","follow":"follow","max-snippet":"max-snippet:-1","max-image-preview":"max-image-preview:large","max-video-preview":"max-video-preview:-1"},"canonical":"https:\/\/www.notariat-schoeffmann.at\/de\/erben-vererben\/pflichtteilsrecht\/schenkungsanrechnung\/schenkung-an-pflichtteilsberechtigte\/","og_locale":"de_DE","og_type":"article","og_title":"Schenkung an Pflichtteilsberechtigte - Notariat Sch\u00f6ffmann","og_description":"Durch die Schenkungsanrechnung wird verhindert, dass der Pflichtteilsanspruch der Berechtigten durch lebzeitige Zuwendungen geschm\u00e4lert oder vereitelt wird.","og_url":"https:\/\/www.notariat-schoeffmann.at\/de\/erben-vererben\/pflichtteilsrecht\/schenkungsanrechnung\/schenkung-an-pflichtteilsberechtigte\/","og_site_name":"Notariat Sch\u00f6ffmann","article_publisher":"https:\/\/www.facebook.com\/NotarKlagenfurt","article_modified_time":"2022-02-26T13:57:29+00:00","og_image":[{"width":1600,"height":1067,"url":"https:\/\/www.notariat-schoeffmann.at\/wp-content\/uploads\/2021\/11\/Juristen-1.jpg","type":"image\/jpeg"}],"twitter_card":"summary_large_image","schema":{"@context":"https:\/\/schema.org","@graph":[{"@type":"WebPage","@id":"https:\/\/www.notariat-schoeffmann.at\/de\/erben-vererben\/pflichtteilsrecht\/schenkungsanrechnung\/schenkung-an-pflichtteilsberechtigte\/","url":"https:\/\/www.notariat-schoeffmann.at\/de\/erben-vererben\/pflichtteilsrecht\/schenkungsanrechnung\/schenkung-an-pflichtteilsberechtigte\/","name":"Schenkung an Pflichtteilsberechtigte &#8211; Notariat Sch\u00f6ffmann","isPartOf":{"@id":"https:\/\/www.notariat-schoeffmann.at\/de\/#website"},"datePublished":"2021-08-09T09:06:37+00:00","dateModified":"2022-02-26T13:57:29+00:00","description":"Durch die Schenkungsanrechnung wird verhindert, dass der Pflichtteilsanspruch der Berechtigten durch lebzeitige Zuwendungen geschm\u00e4lert oder vereitelt wird.","breadcrumb":{"@id":"https:\/\/www.notariat-schoeffmann.at\/de\/erben-vererben\/pflichtteilsrecht\/schenkungsanrechnung\/schenkung-an-pflichtteilsberechtigte\/#breadcrumb"},"inLanguage":"de","potentialAction":[{"@type":"ReadAction","target":["https:\/\/www.notariat-schoeffmann.at\/de\/erben-vererben\/pflichtteilsrecht\/schenkungsanrechnung\/schenkung-an-pflichtteilsberechtigte\/"]}]},{"@type":"BreadcrumbList","@id":"https:\/\/www.notariat-schoeffmann.at\/de\/erben-vererben\/pflichtteilsrecht\/schenkungsanrechnung\/schenkung-an-pflichtteilsberechtigte\/#breadcrumb","itemListElement":[{"@type":"ListItem","position":1,"name":"Startseite","item":"https:\/\/www.notariat-schoeffmann.at\/de\/"},{"@type":"ListItem","position":2,"name":"Was ist das Erbrecht?","item":"https:\/\/www.notariat-schoeffmann.at\/de\/erben-vererben\/"},{"@type":"ListItem","position":3,"name":"Pflichtteilsrecht","item":"https:\/\/www.notariat-schoeffmann.at\/de\/erben-vererben\/pflichtteilsrecht\/"},{"@type":"ListItem","position":4,"name":"Schenkungsanrechnung","item":"https:\/\/www.notariat-schoeffmann.at\/de\/erben-vererben\/pflichtteilsrecht\/schenkungsanrechnung\/"},{"@type":"ListItem","position":5,"name":"Schenkung an Pflichtteilsberechtigte"}]},{"@type":"WebSite","@id":"https:\/\/www.notariat-schoeffmann.at\/de\/#website","url":"https:\/\/www.notariat-schoeffmann.at\/de\/","name":"Notariat Sch\u00f6ffmann","description":"Mag. Klaus Sch\u00f6ffmann - Ihr Notar in Klagenfurt","publisher":{"@id":"https:\/\/www.notariat-schoeffmann.at\/de\/#organization"},"potentialAction":[{"@type":"SearchAction","target":{"@type":"EntryPoint","urlTemplate":"https:\/\/www.notariat-schoeffmann.at\/de\/?s={search_term_string}"},"query-input":{"@type":"PropertyValueSpecification","valueRequired":true,"valueName":"search_term_string"}}],"inLanguage":"de"},{"@type":"Organization","@id":"https:\/\/www.notariat-schoeffmann.at\/de\/#organization","name":"Notariat Mag. Klaus Sch\u00f6ffmann Klagenfurt","url":"https:\/\/www.notariat-schoeffmann.at\/de\/","logo":{"@type":"ImageObject","inLanguage":"de","@id":"https:\/\/www.notariat-schoeffmann.at\/de\/#\/schema\/logo\/image\/","url":"https:\/\/www.notariat-schoeffmann.at\/wp-content\/uploads\/2022\/02\/logo-notariat-schoeffmann.jpg","contentUrl":"https:\/\/www.notariat-schoeffmann.at\/wp-content\/uploads\/2022\/02\/logo-notariat-schoeffmann.jpg","width":600,"height":600,"caption":"Notariat Mag. Klaus Sch\u00f6ffmann Klagenfurt"},"image":{"@id":"https:\/\/www.notariat-schoeffmann.at\/de\/#\/schema\/logo\/image\/"},"sameAs":["https:\/\/www.facebook.com\/NotarKlagenfurt","https:\/\/www.youtube.com\/channel\/UCaITfbIQh6VIpzEonUsIhcg"]}]}},"_links":{"self":[{"href":"https:\/\/www.notariat-schoeffmann.at\/de\/wp-json\/wp\/v2\/pages\/351","targetHints":{"allow":["GET"]}}],"collection":[{"href":"https:\/\/www.notariat-schoeffmann.at\/de\/wp-json\/wp\/v2\/pages"}],"about":[{"href":"https:\/\/www.notariat-schoeffmann.at\/de\/wp-json\/wp\/v2\/types\/page"}],"author":[{"embeddable":true,"href":"https:\/\/www.notariat-schoeffmann.at\/de\/wp-json\/wp\/v2\/users\/3"}],"replies":[{"embeddable":true,"href":"https:\/\/www.notariat-schoeffmann.at\/de\/wp-json\/wp\/v2\/comments?post=351"}],"version-history":[{"count":4,"href":"https:\/\/www.notariat-schoeffmann.at\/de\/wp-json\/wp\/v2\/pages\/351\/revisions"}],"predecessor-version":[{"id":2044,"href":"https:\/\/www.notariat-schoeffmann.at\/de\/wp-json\/wp\/v2\/pages\/351\/revisions\/2044"}],"up":[{"embeddable":true,"href":"https:\/\/www.notariat-schoeffmann.at\/de\/wp-json\/wp\/v2\/pages\/349"}],"wp:attachment":[{"href":"https:\/\/www.notariat-schoeffmann.at\/de\/wp-json\/wp\/v2\/media?parent=351"}],"wp:term":[{"taxonomy":"category","embeddable":true,"href":"https:\/\/www.notariat-schoeffmann.at\/de\/wp-json\/wp\/v2\/categories?post=351"}],"curies":[{"name":"wp","href":"https:\/\/api.w.org\/{rel}","templated":true}]}}