{"id":349,"date":"2021-08-09T11:05:56","date_gmt":"2021-08-09T09:05:56","guid":{"rendered":"https:\/\/www.notariat-schoeffmann.at\/?page_id=349"},"modified":"2022-03-19T10:17:12","modified_gmt":"2022-03-19T09:17:12","slug":"schenkungsanrechnung","status":"publish","type":"page","link":"https:\/\/www.notariat-schoeffmann.at\/de\/erben-vererben\/pflichtteilsrecht\/schenkungsanrechnung\/","title":{"rendered":"Schenkungsanrechnung"},"content":{"rendered":"\n<p>Durch die&nbsp;<b>Schenkungsanrechnung<\/b>&nbsp;wird verhindert, dass der Pflichtteilsanspruch aller oder bestimmter Personen vom Verstorbenen durch unentgeltliche Zuwendungen zu Lebzeiten geschm\u00e4lert oder g\u00e4nzlich vereitelt wird.<\/p>\n\n\n\n<p>Auf Verlangen eines pflichtteilsberechtigten Kindes oder Ehegatten wird die Schenkung rechnerisch dem aktiven&nbsp;<strong>Verlassenschaftsverm\u00f6gen hinzugef\u00fcgt<\/strong>, so als w\u00e4re die Schenkung nicht vorgenommen worden. Von dieser rechnerisch erh\u00f6hten Verlassenschaft ist sodann der Pflichtteilsanspruch zu berechnen. Der Pflichtteilsberechtigte, der die Schenkung erhalten hat, muss sich die Schenkung&nbsp;<strong>auf seinen Pflichtteil anrechnen lassen<\/strong>.<\/p>\n\n\n\n<p>Wie die Schenkungsanrechnung erfolgt, h\u00e4ngt davon ab, wer die Schenkung erh\u00e4lt:<\/p>\n\n\n\n<ul class=\"wp-block-list\"><li>Ein\u00a0<a href=\"https:\/\/www.notariat-schoeffmann.at\/erben-vererben\/pflichtteilsrecht\/schenkungsanrechnung\/schenkung-an-pflichtteilsberechtigte\/\">Pflichtteilsberechtigter<\/a>\u00a0erh\u00e4lt eine Schenkung.<\/li><li>Eine\u00a0<a href=\"https:\/\/www.notariat-schoeffmann.at\/erben-vererben\/pflichtteilsrecht\/schenkungsanrechnung\/schenkung-an-nicht-pflichtteilsberechtigte-personen\/\">nicht pflichtteilsberechtigte Person<\/a>\u00a0erh\u00e4lt eine Schenkung.<\/li><\/ul>\n\n\n\n<p>Bei&nbsp;<b>gemischten Schenkungen<\/b>&nbsp;(Rechtsgesch\u00e4fte, die zum Teil unentgeltlich zum Teil entgeltlich sind, wie z.B \u00dcbergabsvertr\u00e4ge) ist der geschenkte Teil anzurechnen.<\/p>\n\n\n\n<p>Nicht dieser Anrechnungsvorschrift unterliegen folgende Schenkungen:<\/p>\n\n\n\n<ul class=\"wp-block-list\"><li><i>Schenkungen, die der Verstorbene ohne Schm\u00e4lerung seines Stammverm\u00f6gens (aus blo\u00dfen Ertr\u00e4gnissen, Zinsen) gemacht hat,<\/i><\/li><li><i>Schenkungen zu gemeinn\u00fctzigen Zwecken, in Entsprechung einer sittlichen Pflicht oder aus R\u00fccksicht des Anstandes,<\/i><\/li><li><i>Schenkungen, die fr\u00fcher als 2 Jahre vor dem Tod des Verstorbenen an nicht pflichtteilsberechtigte Personen gemacht worden sind.&nbsp;<\/i><\/li><\/ul>\n\n\n\n<p>Die Anrechnung einer Schenkung an einen Pflichtteilsberechtigten kann durch letztwillige Verf\u00fcgung oder durch schriftliche Vereinbarung unter Lebenden&nbsp;<strong>ausgeschlossen&nbsp;<\/strong>werden. Die Nichtanrechnung ist daher in der Schenkungsurkunde zu vereinbaren, wenn der Beschenkte die Zuwendung zus\u00e4tzlich zu seinem sp\u00e4teren Pflichtteil erhalten soll. Ferner wird man regelm\u00e4\u00dfig vereinbaren, dass die Schenkung aber sehr wohl auf eine Pflichtteilserh\u00f6hung wegen anderer Schenkungen anzurechnen ist,damit bei mehreren pflichtteilsberechtigten Beschenkten nicht jeder den vollen Pflichtteil vom Wert der anderen Geschenke erh\u00e4lt.<\/p>\n\n\n\n<p>Die&nbsp;<strong>Bewertung von Schenkungen<\/strong>&nbsp;erfolgt mit dem Wert zum Zeitpunkt, in dem die Schenkung wirklich gemacht wurde,&nbsp; wobei eine Aufwertung auf den Todeszeitpunkt anhand des von der Statistik Austria verlautbarten Verbraucherpreisindex erfolgt. Einschr\u00e4nkungen der Verf\u00fcgungsfreiheit oder Verwertbarkeit (zB Wohnrechte) sind bei der Bewertung zu ber\u00fccksichtigen.<\/p>\n","protected":false},"excerpt":{"rendered":"<p>Durch die&nbsp;Schenkungsanrechnung&nbsp;wird verhindert, dass der Pflichtteilsanspruch aller oder bestimmter Personen vom Verstorbenen durch unentgeltliche Zuwendungen zu Lebzeiten geschm\u00e4lert oder g\u00e4nzlich vereitelt wird. Auf Verlangen eines pflichtteilsberechtigten Kindes oder Ehegatten wird die Schenkung rechnerisch dem aktiven&nbsp;Verlassenschaftsverm\u00f6gen hinzugef\u00fcgt, so als w\u00e4re die Schenkung nicht vorgenommen worden. Von dieser rechnerisch erh\u00f6hten Verlassenschaft ist sodann der Pflichtteilsanspruch zu berechnen.&hellip;<\/p>\n","protected":false},"author":3,"featured_media":0,"parent":344,"menu_order":1,"comment_status":"closed","ping_status":"closed","template":"","meta":{"inline_featured_image":false,"footnotes":""},"categories":[],"class_list":["post-349","page","type-page","status-publish","hentry","description-off"],"yoast_head":"<!-- This site is optimized with the Yoast SEO Premium plugin v26.7 (Yoast SEO v27.4) - https:\/\/yoast.com\/product\/yoast-seo-premium-wordpress\/ -->\n<title>Schenkungsanrechnung &#8211; Notariat Sch\u00f6ffmann<\/title>\n<meta name=\"description\" content=\"Der Verstorbene hat lebzeitig sein Verm\u00f6gen verschenkt \u2013 gehen die Pflichtteilsberechtigten leer aus? Die Schenkungsanrechnung verhindert dies.\" \/>\n<meta name=\"robots\" content=\"index, follow, max-snippet:-1, max-image-preview:large, max-video-preview:-1\" \/>\n<link rel=\"canonical\" href=\"https:\/\/www.notariat-schoeffmann.at\/de\/erben-vererben\/pflichtteilsrecht\/schenkungsanrechnung\/\" \/>\n<meta property=\"og:locale\" content=\"de_DE\" \/>\n<meta property=\"og:type\" content=\"article\" \/>\n<meta property=\"og:title\" content=\"Schenkungsanrechnung - Notariat Sch\u00f6ffmann\" \/>\n<meta property=\"og:description\" content=\"Der Verstorbene hat lebzeitig sein Verm\u00f6gen verschenkt \u2013 gehen die Pflichtteilsberechtigten leer aus? Die Schenkungsanrechnung verhindert dies.\" \/>\n<meta property=\"og:url\" content=\"https:\/\/www.notariat-schoeffmann.at\/de\/erben-vererben\/pflichtteilsrecht\/schenkungsanrechnung\/\" \/>\n<meta property=\"og:site_name\" content=\"Notariat Sch\u00f6ffmann\" \/>\n<meta property=\"article:publisher\" content=\"https:\/\/www.facebook.com\/NotarKlagenfurt\" \/>\n<meta property=\"article:modified_time\" content=\"2022-03-19T09:17:12+00:00\" \/>\n<meta property=\"og:image\" content=\"https:\/\/www.notariat-schoeffmann.at\/wp-content\/uploads\/2021\/11\/Juristen-1.jpg\" \/>\n\t<meta property=\"og:image:width\" content=\"1600\" \/>\n\t<meta property=\"og:image:height\" content=\"1067\" \/>\n\t<meta property=\"og:image:type\" content=\"image\/jpeg\" \/>\n<meta name=\"twitter:card\" content=\"summary_large_image\" \/>\n<script type=\"application\/ld+json\" class=\"yoast-schema-graph\">{\"@context\":\"https:\\\/\\\/schema.org\",\"@graph\":[{\"@type\":\"WebPage\",\"@id\":\"https:\\\/\\\/www.notariat-schoeffmann.at\\\/de\\\/erben-vererben\\\/pflichtteilsrecht\\\/schenkungsanrechnung\\\/\",\"url\":\"https:\\\/\\\/www.notariat-schoeffmann.at\\\/de\\\/erben-vererben\\\/pflichtteilsrecht\\\/schenkungsanrechnung\\\/\",\"name\":\"Schenkungsanrechnung &#8211; Notariat Sch\u00f6ffmann\",\"isPartOf\":{\"@id\":\"https:\\\/\\\/www.notariat-schoeffmann.at\\\/de\\\/#website\"},\"datePublished\":\"2021-08-09T09:05:56+00:00\",\"dateModified\":\"2022-03-19T09:17:12+00:00\",\"description\":\"Der Verstorbene hat lebzeitig sein Verm\u00f6gen verschenkt \u2013 gehen die Pflichtteilsberechtigten leer aus? Die Schenkungsanrechnung verhindert dies.\",\"breadcrumb\":{\"@id\":\"https:\\\/\\\/www.notariat-schoeffmann.at\\\/de\\\/erben-vererben\\\/pflichtteilsrecht\\\/schenkungsanrechnung\\\/#breadcrumb\"},\"inLanguage\":\"de\",\"potentialAction\":[{\"@type\":\"ReadAction\",\"target\":[\"https:\\\/\\\/www.notariat-schoeffmann.at\\\/de\\\/erben-vererben\\\/pflichtteilsrecht\\\/schenkungsanrechnung\\\/\"]}]},{\"@type\":\"BreadcrumbList\",\"@id\":\"https:\\\/\\\/www.notariat-schoeffmann.at\\\/de\\\/erben-vererben\\\/pflichtteilsrecht\\\/schenkungsanrechnung\\\/#breadcrumb\",\"itemListElement\":[{\"@type\":\"ListItem\",\"position\":1,\"name\":\"Startseite\",\"item\":\"https:\\\/\\\/www.notariat-schoeffmann.at\\\/de\\\/\"},{\"@type\":\"ListItem\",\"position\":2,\"name\":\"Was ist das Erbrecht?\",\"item\":\"https:\\\/\\\/www.notariat-schoeffmann.at\\\/de\\\/erben-vererben\\\/\"},{\"@type\":\"ListItem\",\"position\":3,\"name\":\"Pflichtteilsrecht\",\"item\":\"https:\\\/\\\/www.notariat-schoeffmann.at\\\/de\\\/erben-vererben\\\/pflichtteilsrecht\\\/\"},{\"@type\":\"ListItem\",\"position\":4,\"name\":\"Schenkungsanrechnung\"}]},{\"@type\":\"WebSite\",\"@id\":\"https:\\\/\\\/www.notariat-schoeffmann.at\\\/de\\\/#website\",\"url\":\"https:\\\/\\\/www.notariat-schoeffmann.at\\\/de\\\/\",\"name\":\"Notariat Sch\u00f6ffmann\",\"description\":\"Mag. Klaus Sch\u00f6ffmann - Ihr Notar in Klagenfurt\",\"publisher\":{\"@id\":\"https:\\\/\\\/www.notariat-schoeffmann.at\\\/de\\\/#organization\"},\"potentialAction\":[{\"@type\":\"SearchAction\",\"target\":{\"@type\":\"EntryPoint\",\"urlTemplate\":\"https:\\\/\\\/www.notariat-schoeffmann.at\\\/de\\\/?s={search_term_string}\"},\"query-input\":{\"@type\":\"PropertyValueSpecification\",\"valueRequired\":true,\"valueName\":\"search_term_string\"}}],\"inLanguage\":\"de\"},{\"@type\":\"Organization\",\"@id\":\"https:\\\/\\\/www.notariat-schoeffmann.at\\\/de\\\/#organization\",\"name\":\"Notariat Mag. Klaus Sch\u00f6ffmann Klagenfurt\",\"url\":\"https:\\\/\\\/www.notariat-schoeffmann.at\\\/de\\\/\",\"logo\":{\"@type\":\"ImageObject\",\"inLanguage\":\"de\",\"@id\":\"https:\\\/\\\/www.notariat-schoeffmann.at\\\/de\\\/#\\\/schema\\\/logo\\\/image\\\/\",\"url\":\"https:\\\/\\\/www.notariat-schoeffmann.at\\\/wp-content\\\/uploads\\\/2022\\\/02\\\/logo-notariat-schoeffmann.jpg\",\"contentUrl\":\"https:\\\/\\\/www.notariat-schoeffmann.at\\\/wp-content\\\/uploads\\\/2022\\\/02\\\/logo-notariat-schoeffmann.jpg\",\"width\":600,\"height\":600,\"caption\":\"Notariat Mag. Klaus Sch\u00f6ffmann Klagenfurt\"},\"image\":{\"@id\":\"https:\\\/\\\/www.notariat-schoeffmann.at\\\/de\\\/#\\\/schema\\\/logo\\\/image\\\/\"},\"sameAs\":[\"https:\\\/\\\/www.facebook.com\\\/NotarKlagenfurt\",\"https:\\\/\\\/www.youtube.com\\\/channel\\\/UCaITfbIQh6VIpzEonUsIhcg\"]}]}<\/script>\n<!-- \/ Yoast SEO Premium plugin. -->","yoast_head_json":{"title":"Schenkungsanrechnung &#8211; Notariat Sch\u00f6ffmann","description":"Der Verstorbene hat lebzeitig sein Verm\u00f6gen verschenkt \u2013 gehen die Pflichtteilsberechtigten leer aus? Die Schenkungsanrechnung verhindert dies.","robots":{"index":"index","follow":"follow","max-snippet":"max-snippet:-1","max-image-preview":"max-image-preview:large","max-video-preview":"max-video-preview:-1"},"canonical":"https:\/\/www.notariat-schoeffmann.at\/de\/erben-vererben\/pflichtteilsrecht\/schenkungsanrechnung\/","og_locale":"de_DE","og_type":"article","og_title":"Schenkungsanrechnung - Notariat Sch\u00f6ffmann","og_description":"Der Verstorbene hat lebzeitig sein Verm\u00f6gen verschenkt \u2013 gehen die Pflichtteilsberechtigten leer aus? Die Schenkungsanrechnung verhindert dies.","og_url":"https:\/\/www.notariat-schoeffmann.at\/de\/erben-vererben\/pflichtteilsrecht\/schenkungsanrechnung\/","og_site_name":"Notariat Sch\u00f6ffmann","article_publisher":"https:\/\/www.facebook.com\/NotarKlagenfurt","article_modified_time":"2022-03-19T09:17:12+00:00","og_image":[{"width":1600,"height":1067,"url":"https:\/\/www.notariat-schoeffmann.at\/wp-content\/uploads\/2021\/11\/Juristen-1.jpg","type":"image\/jpeg"}],"twitter_card":"summary_large_image","schema":{"@context":"https:\/\/schema.org","@graph":[{"@type":"WebPage","@id":"https:\/\/www.notariat-schoeffmann.at\/de\/erben-vererben\/pflichtteilsrecht\/schenkungsanrechnung\/","url":"https:\/\/www.notariat-schoeffmann.at\/de\/erben-vererben\/pflichtteilsrecht\/schenkungsanrechnung\/","name":"Schenkungsanrechnung &#8211; Notariat Sch\u00f6ffmann","isPartOf":{"@id":"https:\/\/www.notariat-schoeffmann.at\/de\/#website"},"datePublished":"2021-08-09T09:05:56+00:00","dateModified":"2022-03-19T09:17:12+00:00","description":"Der Verstorbene hat lebzeitig sein Verm\u00f6gen verschenkt \u2013 gehen die Pflichtteilsberechtigten leer aus? Die Schenkungsanrechnung verhindert dies.","breadcrumb":{"@id":"https:\/\/www.notariat-schoeffmann.at\/de\/erben-vererben\/pflichtteilsrecht\/schenkungsanrechnung\/#breadcrumb"},"inLanguage":"de","potentialAction":[{"@type":"ReadAction","target":["https:\/\/www.notariat-schoeffmann.at\/de\/erben-vererben\/pflichtteilsrecht\/schenkungsanrechnung\/"]}]},{"@type":"BreadcrumbList","@id":"https:\/\/www.notariat-schoeffmann.at\/de\/erben-vererben\/pflichtteilsrecht\/schenkungsanrechnung\/#breadcrumb","itemListElement":[{"@type":"ListItem","position":1,"name":"Startseite","item":"https:\/\/www.notariat-schoeffmann.at\/de\/"},{"@type":"ListItem","position":2,"name":"Was ist das Erbrecht?","item":"https:\/\/www.notariat-schoeffmann.at\/de\/erben-vererben\/"},{"@type":"ListItem","position":3,"name":"Pflichtteilsrecht","item":"https:\/\/www.notariat-schoeffmann.at\/de\/erben-vererben\/pflichtteilsrecht\/"},{"@type":"ListItem","position":4,"name":"Schenkungsanrechnung"}]},{"@type":"WebSite","@id":"https:\/\/www.notariat-schoeffmann.at\/de\/#website","url":"https:\/\/www.notariat-schoeffmann.at\/de\/","name":"Notariat Sch\u00f6ffmann","description":"Mag. Klaus Sch\u00f6ffmann - Ihr Notar in Klagenfurt","publisher":{"@id":"https:\/\/www.notariat-schoeffmann.at\/de\/#organization"},"potentialAction":[{"@type":"SearchAction","target":{"@type":"EntryPoint","urlTemplate":"https:\/\/www.notariat-schoeffmann.at\/de\/?s={search_term_string}"},"query-input":{"@type":"PropertyValueSpecification","valueRequired":true,"valueName":"search_term_string"}}],"inLanguage":"de"},{"@type":"Organization","@id":"https:\/\/www.notariat-schoeffmann.at\/de\/#organization","name":"Notariat Mag. Klaus Sch\u00f6ffmann Klagenfurt","url":"https:\/\/www.notariat-schoeffmann.at\/de\/","logo":{"@type":"ImageObject","inLanguage":"de","@id":"https:\/\/www.notariat-schoeffmann.at\/de\/#\/schema\/logo\/image\/","url":"https:\/\/www.notariat-schoeffmann.at\/wp-content\/uploads\/2022\/02\/logo-notariat-schoeffmann.jpg","contentUrl":"https:\/\/www.notariat-schoeffmann.at\/wp-content\/uploads\/2022\/02\/logo-notariat-schoeffmann.jpg","width":600,"height":600,"caption":"Notariat Mag. Klaus Sch\u00f6ffmann Klagenfurt"},"image":{"@id":"https:\/\/www.notariat-schoeffmann.at\/de\/#\/schema\/logo\/image\/"},"sameAs":["https:\/\/www.facebook.com\/NotarKlagenfurt","https:\/\/www.youtube.com\/channel\/UCaITfbIQh6VIpzEonUsIhcg"]}]}},"_links":{"self":[{"href":"https:\/\/www.notariat-schoeffmann.at\/de\/wp-json\/wp\/v2\/pages\/349","targetHints":{"allow":["GET"]}}],"collection":[{"href":"https:\/\/www.notariat-schoeffmann.at\/de\/wp-json\/wp\/v2\/pages"}],"about":[{"href":"https:\/\/www.notariat-schoeffmann.at\/de\/wp-json\/wp\/v2\/types\/page"}],"author":[{"embeddable":true,"href":"https:\/\/www.notariat-schoeffmann.at\/de\/wp-json\/wp\/v2\/users\/3"}],"replies":[{"embeddable":true,"href":"https:\/\/www.notariat-schoeffmann.at\/de\/wp-json\/wp\/v2\/comments?post=349"}],"version-history":[{"count":4,"href":"https:\/\/www.notariat-schoeffmann.at\/de\/wp-json\/wp\/v2\/pages\/349\/revisions"}],"predecessor-version":[{"id":2637,"href":"https:\/\/www.notariat-schoeffmann.at\/de\/wp-json\/wp\/v2\/pages\/349\/revisions\/2637"}],"up":[{"embeddable":true,"href":"https:\/\/www.notariat-schoeffmann.at\/de\/wp-json\/wp\/v2\/pages\/344"}],"wp:attachment":[{"href":"https:\/\/www.notariat-schoeffmann.at\/de\/wp-json\/wp\/v2\/media?parent=349"}],"wp:term":[{"taxonomy":"category","embeddable":true,"href":"https:\/\/www.notariat-schoeffmann.at\/de\/wp-json\/wp\/v2\/categories?post=349"}],"curies":[{"name":"wp","href":"https:\/\/api.w.org\/{rel}","templated":true}]}}