{"id":344,"date":"2021-08-09T11:04:47","date_gmt":"2021-08-09T09:04:47","guid":{"rendered":"https:\/\/www.notariat-schoeffmann.at\/?page_id=344"},"modified":"2022-03-06T13:39:16","modified_gmt":"2022-03-06T12:39:16","slug":"pflichtteilsrecht","status":"publish","type":"page","link":"https:\/\/www.notariat-schoeffmann.at\/de\/erben-vererben\/pflichtteilsrecht\/","title":{"rendered":"Pflichtteilsrecht"},"content":{"rendered":"<div class=\"lazyblock-infobox-Z1MbNbo wp-block-lazyblock-infobox\"><div class=\"notar_einleitung\">\n\n  <div class=\"notar_einleitung_wrapper\"><p>Die Nachkommen und Ehegatten des Verstorbenen sollen stets einen bestimmten Teil der Verlassenschaft erhalten. Das kann durch Erbeinsetzung im Testament geschehen oder durch das gesetzliche Erbrecht. Wird jedoch im Testament \u00fcber das ganze Verm\u00f6gen verf\u00fcgt, ohne die Nachkommen und den Ehegatten entsprechend zu bedenken, so greift das\u00a0<strong>Pflichtteilsrecht<\/strong>.<\/p><\/div>\n<\/div>\n<\/div>\n\n\n<p>Durch das Pflichtteilsrecht haben Nachkommen und Ehegatten, die nicht ausreichend bedacht wurden, einen Pflichtteilsanspruch. Das Gesetz garantiert damit, dass diesen ein Teil der Verlassenschaft zukommt.<\/p>\n\n\n\n<p>Das Pflichtteilsrecht engt die gesetzliche Freiheit des Verstorbenen, \u00fcber sein Verm\u00f6gen letztwillig zu verf\u00fcgen, ein. Der Verstorbene kann also letztwillig \u00fcber sein Verm\u00f6gen nicht zur G\u00e4nze verf\u00fcgen, da Nachkommen und Ehegatten stets einen Pflichtteil erhalten, der aus der Verlassenschaft oder nach Einantwortung von den Erben zu erf\u00fcllen ist.<\/p>\n\n\n\n<p>Zum Kreis der potentiell&nbsp;<strong>Pflichtteilsberechtigten&nbsp;<\/strong>geh\u00f6ren grunds\u00e4tzlich alle&nbsp;<strong>Nachkommen<\/strong>, also eheliche und uneheliche Kinder, Enkelkinder, Urenkelkinder, Adoptivkinder. Hat der Verstorbene keine Kinder, ist nur der&nbsp;<strong>Ehegatte&nbsp;<\/strong>pflichtteilsberechtigt.<\/p>\n\n\n\n<p>Niemals pflichtteilsberechtigt sind die Eltern und Geschwister des Verstorbenen.<\/p>\n\n\n\n<p>Die&nbsp;<b>H\u00f6he<\/b>&nbsp;des Pflichtteils betr\u00e4gt die H\u00e4lfte dessen, was der pflichtteilsberechtigten Person nach der gesetzlichen Erbfolge zust\u00fcnde.<\/p>\n\n\n<div class=\"lazyblock-infobox-P3oHb wp-block-lazyblock-infobox\"><div class=\"notar_beispielbox\">\n  <h2>Beispiel<\/h2>\n  <div class=\"notar_infobox_content\"><p>Ein verheirateter Verstorbener hinterl\u00e4sst Ehefrau und drei Kinder. Die Ehefrau wurde testamentarisch zur Alleinerbin eingesetzt.<\/p><p>Da die Kinder im Testament nicht bedacht wurden, haben sie Anspruch auf den Pflichtteil. Der Pflichtteil betr\u00e4gt die H\u00e4lfte dessen, was sie nach der gesetzlichen Erbfolge bekommen w\u00fcrden. Nach der gesetzlichen Erbfolge erbt die Ehefrau ein Drittel, die restliche zwei Drittel stehen den Kindern zu. Jedem Kind st\u00fcnden nach gesetzlicher Erbfolge zwei Neuntel zu. Der Pflichtteil jedes Kindes betr\u00e4gt somit ein Neuntel.<\/p><\/div>\n<\/div>\n\n<\/div>\n\n\n<p>Auf das Pflichtteilsrecht kann lebzeitig oder im Zuge des Verlassenschaftsverfahrens&nbsp;<strong>verzichtet&nbsp;<\/strong>werden. Der lebzeitige&nbsp;<a>Pflichtteilsverzicht&nbsp;<\/a>muss in Form eines Notariatsaktes abgegeben werden.<\/p>\n\n\n\n<p>Der Pflichtteil geb\u00fchrt von der reinen Verlassenschaft, d.h.von allen Verm\u00f6genswerten, vermindert um die Schulden des Verstorbenen, die Begr\u00e4bniskosten sowie die Kosten des Verlassenschaftverfahrens.<\/p>\n\n\n\n<p>Der Anspruch auf den Geldpflichtteil wird bereits mit dem Tod des Verstorbenen erworben, kann aber erst ein Jahr danach eingefordert werden.<\/p>\n\n\n\n<p>Pflichtteilsberechtigte k\u00f6nnen zur korrekten Ermittlung ihres Pflichtteilsanspruches die Errichtung eines Inventars und die Sch\u00e4tzung der gesamten Verlassenschaft durch Sachverst\u00e4ndige verlangen. Bei minderj\u00e4hrigen Pflichtteilsberechtigten ist diese Sch\u00e4tzung vom Gesetz sogar zwingend vorgeschrieben.<\/p>\n","protected":false},"excerpt":{"rendered":"<p>Durch das Pflichtteilsrecht haben Nachkommen und Ehegatten, die nicht ausreichend bedacht wurden, einen Pflichtteilsanspruch. Das Gesetz garantiert damit, dass diesen ein Teil der Verlassenschaft zukommt. Das Pflichtteilsrecht engt die gesetzliche Freiheit des Verstorbenen, \u00fcber sein Verm\u00f6gen letztwillig zu verf\u00fcgen, ein. Der Verstorbene kann also letztwillig \u00fcber sein Verm\u00f6gen nicht zur G\u00e4nze verf\u00fcgen, da Nachkommen und&hellip;<\/p>\n","protected":false},"author":3,"featured_media":0,"parent":305,"menu_order":4,"comment_status":"closed","ping_status":"closed","template":"","meta":{"inline_featured_image":false,"footnotes":""},"categories":[],"class_list":["post-344","page","type-page","status-publish","hentry","description-off"],"yoast_head":"<!-- This site is optimized with the Yoast SEO Premium plugin v26.7 (Yoast SEO v27.3) - https:\/\/yoast.com\/product\/yoast-seo-premium-wordpress\/ -->\n<title>Pflichtteilsrecht &#8211; Notariat Sch\u00f6ffmann<\/title>\n<meta name=\"description\" content=\"Die Nachkommen und Ehegatten des Verstorbenen sollen stets einen bestimmten Teil der Verlassenschaft erhalten. Daf\u00fcr sorgt das Pflichtteilsrecht.\" \/>\n<meta name=\"robots\" content=\"index, follow, max-snippet:-1, max-image-preview:large, max-video-preview:-1\" \/>\n<link rel=\"canonical\" href=\"https:\/\/www.notariat-schoeffmann.at\/de\/erben-vererben\/pflichtteilsrecht\/\" \/>\n<meta property=\"og:locale\" content=\"de_DE\" \/>\n<meta property=\"og:type\" content=\"article\" \/>\n<meta property=\"og:title\" content=\"Pflichtteilsrecht - Notariat Sch\u00f6ffmann\" \/>\n<meta property=\"og:description\" content=\"Die Nachkommen und Ehegatten des Verstorbenen sollen stets einen bestimmten Teil der Verlassenschaft erhalten. Daf\u00fcr sorgt das Pflichtteilsrecht.\" \/>\n<meta property=\"og:url\" content=\"https:\/\/www.notariat-schoeffmann.at\/de\/erben-vererben\/pflichtteilsrecht\/\" \/>\n<meta property=\"og:site_name\" content=\"Notariat Sch\u00f6ffmann\" \/>\n<meta property=\"article:publisher\" content=\"https:\/\/www.facebook.com\/NotarKlagenfurt\" \/>\n<meta property=\"article:modified_time\" content=\"2022-03-06T12:39:16+00:00\" \/>\n<meta property=\"og:image\" content=\"https:\/\/www.notariat-schoeffmann.at\/wp-content\/uploads\/2021\/11\/Juristen-1.jpg\" \/>\n\t<meta property=\"og:image:width\" content=\"1600\" \/>\n\t<meta property=\"og:image:height\" content=\"1067\" \/>\n\t<meta property=\"og:image:type\" content=\"image\/jpeg\" \/>\n<meta name=\"twitter:card\" content=\"summary_large_image\" \/>\n<script type=\"application\/ld+json\" class=\"yoast-schema-graph\">{\"@context\":\"https:\\\/\\\/schema.org\",\"@graph\":[{\"@type\":\"WebPage\",\"@id\":\"https:\\\/\\\/www.notariat-schoeffmann.at\\\/de\\\/erben-vererben\\\/pflichtteilsrecht\\\/\",\"url\":\"https:\\\/\\\/www.notariat-schoeffmann.at\\\/de\\\/erben-vererben\\\/pflichtteilsrecht\\\/\",\"name\":\"Pflichtteilsrecht &#8211; Notariat Sch\u00f6ffmann\",\"isPartOf\":{\"@id\":\"https:\\\/\\\/www.notariat-schoeffmann.at\\\/de\\\/#website\"},\"datePublished\":\"2021-08-09T09:04:47+00:00\",\"dateModified\":\"2022-03-06T12:39:16+00:00\",\"description\":\"Die Nachkommen und Ehegatten des Verstorbenen sollen stets einen bestimmten Teil der Verlassenschaft erhalten. Daf\u00fcr sorgt das Pflichtteilsrecht.\",\"breadcrumb\":{\"@id\":\"https:\\\/\\\/www.notariat-schoeffmann.at\\\/de\\\/erben-vererben\\\/pflichtteilsrecht\\\/#breadcrumb\"},\"inLanguage\":\"de\",\"potentialAction\":[{\"@type\":\"ReadAction\",\"target\":[\"https:\\\/\\\/www.notariat-schoeffmann.at\\\/de\\\/erben-vererben\\\/pflichtteilsrecht\\\/\"]}]},{\"@type\":\"BreadcrumbList\",\"@id\":\"https:\\\/\\\/www.notariat-schoeffmann.at\\\/de\\\/erben-vererben\\\/pflichtteilsrecht\\\/#breadcrumb\",\"itemListElement\":[{\"@type\":\"ListItem\",\"position\":1,\"name\":\"Startseite\",\"item\":\"https:\\\/\\\/www.notariat-schoeffmann.at\\\/de\\\/\"},{\"@type\":\"ListItem\",\"position\":2,\"name\":\"Was ist das Erbrecht?\",\"item\":\"https:\\\/\\\/www.notariat-schoeffmann.at\\\/de\\\/erben-vererben\\\/\"},{\"@type\":\"ListItem\",\"position\":3,\"name\":\"Pflichtteilsrecht\"}]},{\"@type\":\"WebSite\",\"@id\":\"https:\\\/\\\/www.notariat-schoeffmann.at\\\/de\\\/#website\",\"url\":\"https:\\\/\\\/www.notariat-schoeffmann.at\\\/de\\\/\",\"name\":\"Notariat Sch\u00f6ffmann\",\"description\":\"Mag. Klaus Sch\u00f6ffmann - Ihr Notar in Klagenfurt\",\"publisher\":{\"@id\":\"https:\\\/\\\/www.notariat-schoeffmann.at\\\/de\\\/#organization\"},\"potentialAction\":[{\"@type\":\"SearchAction\",\"target\":{\"@type\":\"EntryPoint\",\"urlTemplate\":\"https:\\\/\\\/www.notariat-schoeffmann.at\\\/de\\\/?s={search_term_string}\"},\"query-input\":{\"@type\":\"PropertyValueSpecification\",\"valueRequired\":true,\"valueName\":\"search_term_string\"}}],\"inLanguage\":\"de\"},{\"@type\":\"Organization\",\"@id\":\"https:\\\/\\\/www.notariat-schoeffmann.at\\\/de\\\/#organization\",\"name\":\"Notariat Mag. Klaus Sch\u00f6ffmann Klagenfurt\",\"url\":\"https:\\\/\\\/www.notariat-schoeffmann.at\\\/de\\\/\",\"logo\":{\"@type\":\"ImageObject\",\"inLanguage\":\"de\",\"@id\":\"https:\\\/\\\/www.notariat-schoeffmann.at\\\/de\\\/#\\\/schema\\\/logo\\\/image\\\/\",\"url\":\"https:\\\/\\\/www.notariat-schoeffmann.at\\\/wp-content\\\/uploads\\\/2022\\\/02\\\/logo-notariat-schoeffmann.jpg\",\"contentUrl\":\"https:\\\/\\\/www.notariat-schoeffmann.at\\\/wp-content\\\/uploads\\\/2022\\\/02\\\/logo-notariat-schoeffmann.jpg\",\"width\":600,\"height\":600,\"caption\":\"Notariat Mag. Klaus Sch\u00f6ffmann Klagenfurt\"},\"image\":{\"@id\":\"https:\\\/\\\/www.notariat-schoeffmann.at\\\/de\\\/#\\\/schema\\\/logo\\\/image\\\/\"},\"sameAs\":[\"https:\\\/\\\/www.facebook.com\\\/NotarKlagenfurt\",\"https:\\\/\\\/www.youtube.com\\\/channel\\\/UCaITfbIQh6VIpzEonUsIhcg\"]}]}<\/script>\n<!-- \/ Yoast SEO Premium plugin. -->","yoast_head_json":{"title":"Pflichtteilsrecht &#8211; Notariat Sch\u00f6ffmann","description":"Die Nachkommen und Ehegatten des Verstorbenen sollen stets einen bestimmten Teil der Verlassenschaft erhalten. Daf\u00fcr sorgt das Pflichtteilsrecht.","robots":{"index":"index","follow":"follow","max-snippet":"max-snippet:-1","max-image-preview":"max-image-preview:large","max-video-preview":"max-video-preview:-1"},"canonical":"https:\/\/www.notariat-schoeffmann.at\/de\/erben-vererben\/pflichtteilsrecht\/","og_locale":"de_DE","og_type":"article","og_title":"Pflichtteilsrecht - Notariat Sch\u00f6ffmann","og_description":"Die Nachkommen und Ehegatten des Verstorbenen sollen stets einen bestimmten Teil der Verlassenschaft erhalten. Daf\u00fcr sorgt das Pflichtteilsrecht.","og_url":"https:\/\/www.notariat-schoeffmann.at\/de\/erben-vererben\/pflichtteilsrecht\/","og_site_name":"Notariat Sch\u00f6ffmann","article_publisher":"https:\/\/www.facebook.com\/NotarKlagenfurt","article_modified_time":"2022-03-06T12:39:16+00:00","og_image":[{"width":1600,"height":1067,"url":"https:\/\/www.notariat-schoeffmann.at\/wp-content\/uploads\/2021\/11\/Juristen-1.jpg","type":"image\/jpeg"}],"twitter_card":"summary_large_image","schema":{"@context":"https:\/\/schema.org","@graph":[{"@type":"WebPage","@id":"https:\/\/www.notariat-schoeffmann.at\/de\/erben-vererben\/pflichtteilsrecht\/","url":"https:\/\/www.notariat-schoeffmann.at\/de\/erben-vererben\/pflichtteilsrecht\/","name":"Pflichtteilsrecht &#8211; Notariat Sch\u00f6ffmann","isPartOf":{"@id":"https:\/\/www.notariat-schoeffmann.at\/de\/#website"},"datePublished":"2021-08-09T09:04:47+00:00","dateModified":"2022-03-06T12:39:16+00:00","description":"Die Nachkommen und Ehegatten des Verstorbenen sollen stets einen bestimmten Teil der Verlassenschaft erhalten. Daf\u00fcr sorgt das Pflichtteilsrecht.","breadcrumb":{"@id":"https:\/\/www.notariat-schoeffmann.at\/de\/erben-vererben\/pflichtteilsrecht\/#breadcrumb"},"inLanguage":"de","potentialAction":[{"@type":"ReadAction","target":["https:\/\/www.notariat-schoeffmann.at\/de\/erben-vererben\/pflichtteilsrecht\/"]}]},{"@type":"BreadcrumbList","@id":"https:\/\/www.notariat-schoeffmann.at\/de\/erben-vererben\/pflichtteilsrecht\/#breadcrumb","itemListElement":[{"@type":"ListItem","position":1,"name":"Startseite","item":"https:\/\/www.notariat-schoeffmann.at\/de\/"},{"@type":"ListItem","position":2,"name":"Was ist das Erbrecht?","item":"https:\/\/www.notariat-schoeffmann.at\/de\/erben-vererben\/"},{"@type":"ListItem","position":3,"name":"Pflichtteilsrecht"}]},{"@type":"WebSite","@id":"https:\/\/www.notariat-schoeffmann.at\/de\/#website","url":"https:\/\/www.notariat-schoeffmann.at\/de\/","name":"Notariat Sch\u00f6ffmann","description":"Mag. Klaus Sch\u00f6ffmann - Ihr Notar in Klagenfurt","publisher":{"@id":"https:\/\/www.notariat-schoeffmann.at\/de\/#organization"},"potentialAction":[{"@type":"SearchAction","target":{"@type":"EntryPoint","urlTemplate":"https:\/\/www.notariat-schoeffmann.at\/de\/?s={search_term_string}"},"query-input":{"@type":"PropertyValueSpecification","valueRequired":true,"valueName":"search_term_string"}}],"inLanguage":"de"},{"@type":"Organization","@id":"https:\/\/www.notariat-schoeffmann.at\/de\/#organization","name":"Notariat Mag. Klaus Sch\u00f6ffmann Klagenfurt","url":"https:\/\/www.notariat-schoeffmann.at\/de\/","logo":{"@type":"ImageObject","inLanguage":"de","@id":"https:\/\/www.notariat-schoeffmann.at\/de\/#\/schema\/logo\/image\/","url":"https:\/\/www.notariat-schoeffmann.at\/wp-content\/uploads\/2022\/02\/logo-notariat-schoeffmann.jpg","contentUrl":"https:\/\/www.notariat-schoeffmann.at\/wp-content\/uploads\/2022\/02\/logo-notariat-schoeffmann.jpg","width":600,"height":600,"caption":"Notariat Mag. Klaus Sch\u00f6ffmann Klagenfurt"},"image":{"@id":"https:\/\/www.notariat-schoeffmann.at\/de\/#\/schema\/logo\/image\/"},"sameAs":["https:\/\/www.facebook.com\/NotarKlagenfurt","https:\/\/www.youtube.com\/channel\/UCaITfbIQh6VIpzEonUsIhcg"]}]}},"_links":{"self":[{"href":"https:\/\/www.notariat-schoeffmann.at\/de\/wp-json\/wp\/v2\/pages\/344","targetHints":{"allow":["GET"]}}],"collection":[{"href":"https:\/\/www.notariat-schoeffmann.at\/de\/wp-json\/wp\/v2\/pages"}],"about":[{"href":"https:\/\/www.notariat-schoeffmann.at\/de\/wp-json\/wp\/v2\/types\/page"}],"author":[{"embeddable":true,"href":"https:\/\/www.notariat-schoeffmann.at\/de\/wp-json\/wp\/v2\/users\/3"}],"replies":[{"embeddable":true,"href":"https:\/\/www.notariat-schoeffmann.at\/de\/wp-json\/wp\/v2\/comments?post=344"}],"version-history":[{"count":5,"href":"https:\/\/www.notariat-schoeffmann.at\/de\/wp-json\/wp\/v2\/pages\/344\/revisions"}],"predecessor-version":[{"id":2464,"href":"https:\/\/www.notariat-schoeffmann.at\/de\/wp-json\/wp\/v2\/pages\/344\/revisions\/2464"}],"up":[{"embeddable":true,"href":"https:\/\/www.notariat-schoeffmann.at\/de\/wp-json\/wp\/v2\/pages\/305"}],"wp:attachment":[{"href":"https:\/\/www.notariat-schoeffmann.at\/de\/wp-json\/wp\/v2\/media?parent=344"}],"wp:term":[{"taxonomy":"category","embeddable":true,"href":"https:\/\/www.notariat-schoeffmann.at\/de\/wp-json\/wp\/v2\/categories?post=344"}],"curies":[{"name":"wp","href":"https:\/\/api.w.org\/{rel}","templated":true}]}}