{"id":338,"date":"2021-08-09T11:02:01","date_gmt":"2021-08-09T09:02:01","guid":{"rendered":"https:\/\/www.notariat-schoeffmann.at\/?page_id=338"},"modified":"2022-03-05T17:24:59","modified_gmt":"2022-03-05T16:24:59","slug":"testament-bei-erwachsenenvertretung","status":"publish","type":"page","link":"https:\/\/www.notariat-schoeffmann.at\/de\/erben-vererben\/gewillkuerte-erbfolge\/testament\/testament-bei-erwachsenenvertretung\/","title":{"rendered":"Testament bei Erwachsenenvertretung"},"content":{"rendered":"\n<p>Kann eine Person,&nbsp;f\u00fcr die ein gerichtlicher Erwachsenenvertreter bestellt ist, ein g\u00fcltiges Testament verfassen?<\/p>\n\n\n\n<p>Durch das<a href=\"https:\/\/www.notariat-schoeffmann.at\/vorsorge\/erwachsenenschutzgesetz\/\">\u00a02. Erwachsenenschutzgesetz\u00a0<\/a>kam es zu wesentlichen \u00c4nderungen im Vertretungsrecht. Es stellt den Menschen in den Mittelpunkt, um Autonomie, Selbstbestimmung und Entscheidungsfreiheit m\u00f6glichst lange zu erhalten.<\/p>\n\n\n\n<p>Um ein Testament errichten zu k\u00f6nnen, muss man testierf\u00e4hig sein, somit die Bedeutung und Folgen seiner letztwilligen Verf\u00fcgung verstehen und sich entsprechend verhalten k\u00f6nnen. Ob eine Person testierf\u00e4hig ist, ist&nbsp;<strong>unabh\u00e4ngig davon zu beurteilen, ob sie einen Erwachsenenvertreter hat.<\/strong><\/p>\n\n\n\n<p>Das bedeutet, dass auch Personen, die durch einen Erwachsenenvertreter vertreten werden, ein Testament errichten k\u00f6nnen, wenn sie testierf\u00e4hig sind.<\/p>\n","protected":false},"excerpt":{"rendered":"<p>Kann eine Person,&nbsp;f\u00fcr die ein gerichtlicher Erwachsenenvertreter bestellt ist, ein g\u00fcltiges Testament verfassen? Durch das\u00a02. Erwachsenenschutzgesetz\u00a0kam es zu wesentlichen \u00c4nderungen im Vertretungsrecht. Es stellt den Menschen in den Mittelpunkt, um Autonomie, Selbstbestimmung und Entscheidungsfreiheit m\u00f6glichst lange zu erhalten. Um ein Testament errichten zu k\u00f6nnen, muss man testierf\u00e4hig sein, somit die Bedeutung und Folgen seiner letztwilligen&hellip;<\/p>\n","protected":false},"author":3,"featured_media":0,"parent":329,"menu_order":3,"comment_status":"closed","ping_status":"closed","template":"","meta":{"inline_featured_image":false,"footnotes":""},"categories":[],"class_list":["post-338","page","type-page","status-publish","hentry","description-off"],"yoast_head":"<!-- This site is optimized with the Yoast SEO Premium plugin v26.7 (Yoast SEO v27.4) - https:\/\/yoast.com\/product\/yoast-seo-premium-wordpress\/ -->\n<title>Testament bei Erwachsenenvertretung &#8211; Notariat Sch\u00f6ffmann<\/title>\n<meta name=\"description\" content=\"Kann jemand, der durch einen Erwachsenenvertreter vertreten wird, ein g\u00fcltiges Testament errichten?\" \/>\n<meta name=\"robots\" content=\"index, follow, max-snippet:-1, max-image-preview:large, max-video-preview:-1\" \/>\n<link rel=\"canonical\" href=\"https:\/\/www.notariat-schoeffmann.at\/de\/erben-vererben\/gewillkuerte-erbfolge\/testament\/testament-bei-erwachsenenvertretung\/\" \/>\n<meta property=\"og:locale\" content=\"de_DE\" \/>\n<meta property=\"og:type\" content=\"article\" \/>\n<meta property=\"og:title\" content=\"Testament bei Erwachsenenvertretung - Notariat Sch\u00f6ffmann\" \/>\n<meta property=\"og:description\" content=\"Kann jemand, der durch einen Erwachsenenvertreter vertreten wird, ein g\u00fcltiges Testament errichten?\" \/>\n<meta property=\"og:url\" content=\"https:\/\/www.notariat-schoeffmann.at\/de\/erben-vererben\/gewillkuerte-erbfolge\/testament\/testament-bei-erwachsenenvertretung\/\" \/>\n<meta property=\"og:site_name\" content=\"Notariat Sch\u00f6ffmann\" \/>\n<meta property=\"article:publisher\" content=\"https:\/\/www.facebook.com\/NotarKlagenfurt\" \/>\n<meta property=\"article:modified_time\" content=\"2022-03-05T16:24:59+00:00\" \/>\n<meta property=\"og:image\" content=\"https:\/\/www.notariat-schoeffmann.at\/wp-content\/uploads\/2021\/11\/Juristen-1.jpg\" \/>\n\t<meta property=\"og:image:width\" content=\"1600\" \/>\n\t<meta property=\"og:image:height\" content=\"1067\" \/>\n\t<meta property=\"og:image:type\" content=\"image\/jpeg\" \/>\n<meta name=\"twitter:card\" content=\"summary_large_image\" \/>\n<script type=\"application\/ld+json\" class=\"yoast-schema-graph\">{\"@context\":\"https:\\\/\\\/schema.org\",\"@graph\":[{\"@type\":\"WebPage\",\"@id\":\"https:\\\/\\\/www.notariat-schoeffmann.at\\\/de\\\/erben-vererben\\\/gewillkuerte-erbfolge\\\/testament\\\/testament-bei-erwachsenenvertretung\\\/\",\"url\":\"https:\\\/\\\/www.notariat-schoeffmann.at\\\/de\\\/erben-vererben\\\/gewillkuerte-erbfolge\\\/testament\\\/testament-bei-erwachsenenvertretung\\\/\",\"name\":\"Testament bei Erwachsenenvertretung &#8211; Notariat Sch\u00f6ffmann\",\"isPartOf\":{\"@id\":\"https:\\\/\\\/www.notariat-schoeffmann.at\\\/de\\\/#website\"},\"datePublished\":\"2021-08-09T09:02:01+00:00\",\"dateModified\":\"2022-03-05T16:24:59+00:00\",\"description\":\"Kann jemand, der durch einen Erwachsenenvertreter vertreten wird, ein g\u00fcltiges Testament errichten?\",\"breadcrumb\":{\"@id\":\"https:\\\/\\\/www.notariat-schoeffmann.at\\\/de\\\/erben-vererben\\\/gewillkuerte-erbfolge\\\/testament\\\/testament-bei-erwachsenenvertretung\\\/#breadcrumb\"},\"inLanguage\":\"de\",\"potentialAction\":[{\"@type\":\"ReadAction\",\"target\":[\"https:\\\/\\\/www.notariat-schoeffmann.at\\\/de\\\/erben-vererben\\\/gewillkuerte-erbfolge\\\/testament\\\/testament-bei-erwachsenenvertretung\\\/\"]}]},{\"@type\":\"BreadcrumbList\",\"@id\":\"https:\\\/\\\/www.notariat-schoeffmann.at\\\/de\\\/erben-vererben\\\/gewillkuerte-erbfolge\\\/testament\\\/testament-bei-erwachsenenvertretung\\\/#breadcrumb\",\"itemListElement\":[{\"@type\":\"ListItem\",\"position\":1,\"name\":\"Startseite\",\"item\":\"https:\\\/\\\/www.notariat-schoeffmann.at\\\/de\\\/\"},{\"@type\":\"ListItem\",\"position\":2,\"name\":\"Was ist das Erbrecht?\",\"item\":\"https:\\\/\\\/www.notariat-schoeffmann.at\\\/de\\\/erben-vererben\\\/\"},{\"@type\":\"ListItem\",\"position\":3,\"name\":\"Gewillk\u00fcrte Erbfolge\",\"item\":\"https:\\\/\\\/www.notariat-schoeffmann.at\\\/de\\\/erben-vererben\\\/gewillkuerte-erbfolge\\\/\"},{\"@type\":\"ListItem\",\"position\":4,\"name\":\"Testament\",\"item\":\"https:\\\/\\\/www.notariat-schoeffmann.at\\\/de\\\/erben-vererben\\\/gewillkuerte-erbfolge\\\/testament\\\/\"},{\"@type\":\"ListItem\",\"position\":5,\"name\":\"Testament bei Erwachsenenvertretung\"}]},{\"@type\":\"WebSite\",\"@id\":\"https:\\\/\\\/www.notariat-schoeffmann.at\\\/de\\\/#website\",\"url\":\"https:\\\/\\\/www.notariat-schoeffmann.at\\\/de\\\/\",\"name\":\"Notariat Sch\u00f6ffmann\",\"description\":\"Mag. Klaus Sch\u00f6ffmann - Ihr Notar in Klagenfurt\",\"publisher\":{\"@id\":\"https:\\\/\\\/www.notariat-schoeffmann.at\\\/de\\\/#organization\"},\"potentialAction\":[{\"@type\":\"SearchAction\",\"target\":{\"@type\":\"EntryPoint\",\"urlTemplate\":\"https:\\\/\\\/www.notariat-schoeffmann.at\\\/de\\\/?s={search_term_string}\"},\"query-input\":{\"@type\":\"PropertyValueSpecification\",\"valueRequired\":true,\"valueName\":\"search_term_string\"}}],\"inLanguage\":\"de\"},{\"@type\":\"Organization\",\"@id\":\"https:\\\/\\\/www.notariat-schoeffmann.at\\\/de\\\/#organization\",\"name\":\"Notariat Mag. Klaus Sch\u00f6ffmann Klagenfurt\",\"url\":\"https:\\\/\\\/www.notariat-schoeffmann.at\\\/de\\\/\",\"logo\":{\"@type\":\"ImageObject\",\"inLanguage\":\"de\",\"@id\":\"https:\\\/\\\/www.notariat-schoeffmann.at\\\/de\\\/#\\\/schema\\\/logo\\\/image\\\/\",\"url\":\"https:\\\/\\\/www.notariat-schoeffmann.at\\\/wp-content\\\/uploads\\\/2022\\\/02\\\/logo-notariat-schoeffmann.jpg\",\"contentUrl\":\"https:\\\/\\\/www.notariat-schoeffmann.at\\\/wp-content\\\/uploads\\\/2022\\\/02\\\/logo-notariat-schoeffmann.jpg\",\"width\":600,\"height\":600,\"caption\":\"Notariat Mag. Klaus Sch\u00f6ffmann Klagenfurt\"},\"image\":{\"@id\":\"https:\\\/\\\/www.notariat-schoeffmann.at\\\/de\\\/#\\\/schema\\\/logo\\\/image\\\/\"},\"sameAs\":[\"https:\\\/\\\/www.facebook.com\\\/NotarKlagenfurt\",\"https:\\\/\\\/www.youtube.com\\\/channel\\\/UCaITfbIQh6VIpzEonUsIhcg\"]}]}<\/script>\n<!-- \/ Yoast SEO Premium plugin. -->","yoast_head_json":{"title":"Testament bei Erwachsenenvertretung &#8211; Notariat Sch\u00f6ffmann","description":"Kann jemand, der durch einen Erwachsenenvertreter vertreten wird, ein g\u00fcltiges Testament errichten?","robots":{"index":"index","follow":"follow","max-snippet":"max-snippet:-1","max-image-preview":"max-image-preview:large","max-video-preview":"max-video-preview:-1"},"canonical":"https:\/\/www.notariat-schoeffmann.at\/de\/erben-vererben\/gewillkuerte-erbfolge\/testament\/testament-bei-erwachsenenvertretung\/","og_locale":"de_DE","og_type":"article","og_title":"Testament bei Erwachsenenvertretung - Notariat Sch\u00f6ffmann","og_description":"Kann jemand, der durch einen Erwachsenenvertreter vertreten wird, ein g\u00fcltiges Testament errichten?","og_url":"https:\/\/www.notariat-schoeffmann.at\/de\/erben-vererben\/gewillkuerte-erbfolge\/testament\/testament-bei-erwachsenenvertretung\/","og_site_name":"Notariat Sch\u00f6ffmann","article_publisher":"https:\/\/www.facebook.com\/NotarKlagenfurt","article_modified_time":"2022-03-05T16:24:59+00:00","og_image":[{"width":1600,"height":1067,"url":"https:\/\/www.notariat-schoeffmann.at\/wp-content\/uploads\/2021\/11\/Juristen-1.jpg","type":"image\/jpeg"}],"twitter_card":"summary_large_image","schema":{"@context":"https:\/\/schema.org","@graph":[{"@type":"WebPage","@id":"https:\/\/www.notariat-schoeffmann.at\/de\/erben-vererben\/gewillkuerte-erbfolge\/testament\/testament-bei-erwachsenenvertretung\/","url":"https:\/\/www.notariat-schoeffmann.at\/de\/erben-vererben\/gewillkuerte-erbfolge\/testament\/testament-bei-erwachsenenvertretung\/","name":"Testament bei Erwachsenenvertretung &#8211; Notariat Sch\u00f6ffmann","isPartOf":{"@id":"https:\/\/www.notariat-schoeffmann.at\/de\/#website"},"datePublished":"2021-08-09T09:02:01+00:00","dateModified":"2022-03-05T16:24:59+00:00","description":"Kann jemand, der durch einen Erwachsenenvertreter vertreten wird, ein g\u00fcltiges Testament errichten?","breadcrumb":{"@id":"https:\/\/www.notariat-schoeffmann.at\/de\/erben-vererben\/gewillkuerte-erbfolge\/testament\/testament-bei-erwachsenenvertretung\/#breadcrumb"},"inLanguage":"de","potentialAction":[{"@type":"ReadAction","target":["https:\/\/www.notariat-schoeffmann.at\/de\/erben-vererben\/gewillkuerte-erbfolge\/testament\/testament-bei-erwachsenenvertretung\/"]}]},{"@type":"BreadcrumbList","@id":"https:\/\/www.notariat-schoeffmann.at\/de\/erben-vererben\/gewillkuerte-erbfolge\/testament\/testament-bei-erwachsenenvertretung\/#breadcrumb","itemListElement":[{"@type":"ListItem","position":1,"name":"Startseite","item":"https:\/\/www.notariat-schoeffmann.at\/de\/"},{"@type":"ListItem","position":2,"name":"Was ist das Erbrecht?","item":"https:\/\/www.notariat-schoeffmann.at\/de\/erben-vererben\/"},{"@type":"ListItem","position":3,"name":"Gewillk\u00fcrte Erbfolge","item":"https:\/\/www.notariat-schoeffmann.at\/de\/erben-vererben\/gewillkuerte-erbfolge\/"},{"@type":"ListItem","position":4,"name":"Testament","item":"https:\/\/www.notariat-schoeffmann.at\/de\/erben-vererben\/gewillkuerte-erbfolge\/testament\/"},{"@type":"ListItem","position":5,"name":"Testament bei Erwachsenenvertretung"}]},{"@type":"WebSite","@id":"https:\/\/www.notariat-schoeffmann.at\/de\/#website","url":"https:\/\/www.notariat-schoeffmann.at\/de\/","name":"Notariat Sch\u00f6ffmann","description":"Mag. Klaus Sch\u00f6ffmann - Ihr Notar in Klagenfurt","publisher":{"@id":"https:\/\/www.notariat-schoeffmann.at\/de\/#organization"},"potentialAction":[{"@type":"SearchAction","target":{"@type":"EntryPoint","urlTemplate":"https:\/\/www.notariat-schoeffmann.at\/de\/?s={search_term_string}"},"query-input":{"@type":"PropertyValueSpecification","valueRequired":true,"valueName":"search_term_string"}}],"inLanguage":"de"},{"@type":"Organization","@id":"https:\/\/www.notariat-schoeffmann.at\/de\/#organization","name":"Notariat Mag. Klaus Sch\u00f6ffmann Klagenfurt","url":"https:\/\/www.notariat-schoeffmann.at\/de\/","logo":{"@type":"ImageObject","inLanguage":"de","@id":"https:\/\/www.notariat-schoeffmann.at\/de\/#\/schema\/logo\/image\/","url":"https:\/\/www.notariat-schoeffmann.at\/wp-content\/uploads\/2022\/02\/logo-notariat-schoeffmann.jpg","contentUrl":"https:\/\/www.notariat-schoeffmann.at\/wp-content\/uploads\/2022\/02\/logo-notariat-schoeffmann.jpg","width":600,"height":600,"caption":"Notariat Mag. Klaus Sch\u00f6ffmann Klagenfurt"},"image":{"@id":"https:\/\/www.notariat-schoeffmann.at\/de\/#\/schema\/logo\/image\/"},"sameAs":["https:\/\/www.facebook.com\/NotarKlagenfurt","https:\/\/www.youtube.com\/channel\/UCaITfbIQh6VIpzEonUsIhcg"]}]}},"_links":{"self":[{"href":"https:\/\/www.notariat-schoeffmann.at\/de\/wp-json\/wp\/v2\/pages\/338","targetHints":{"allow":["GET"]}}],"collection":[{"href":"https:\/\/www.notariat-schoeffmann.at\/de\/wp-json\/wp\/v2\/pages"}],"about":[{"href":"https:\/\/www.notariat-schoeffmann.at\/de\/wp-json\/wp\/v2\/types\/page"}],"author":[{"embeddable":true,"href":"https:\/\/www.notariat-schoeffmann.at\/de\/wp-json\/wp\/v2\/users\/3"}],"replies":[{"embeddable":true,"href":"https:\/\/www.notariat-schoeffmann.at\/de\/wp-json\/wp\/v2\/comments?post=338"}],"version-history":[{"count":4,"href":"https:\/\/www.notariat-schoeffmann.at\/de\/wp-json\/wp\/v2\/pages\/338\/revisions"}],"predecessor-version":[{"id":2392,"href":"https:\/\/www.notariat-schoeffmann.at\/de\/wp-json\/wp\/v2\/pages\/338\/revisions\/2392"}],"up":[{"embeddable":true,"href":"https:\/\/www.notariat-schoeffmann.at\/de\/wp-json\/wp\/v2\/pages\/329"}],"wp:attachment":[{"href":"https:\/\/www.notariat-schoeffmann.at\/de\/wp-json\/wp\/v2\/media?parent=338"}],"wp:term":[{"taxonomy":"category","embeddable":true,"href":"https:\/\/www.notariat-schoeffmann.at\/de\/wp-json\/wp\/v2\/categories?post=338"}],"curies":[{"name":"wp","href":"https:\/\/api.w.org\/{rel}","templated":true}]}}