{"id":334,"date":"2021-08-09T11:00:45","date_gmt":"2021-08-09T09:00:45","guid":{"rendered":"https:\/\/www.notariat-schoeffmann.at\/?page_id=334"},"modified":"2022-02-26T14:40:45","modified_gmt":"2022-02-26T13:40:45","slug":"das-ehegattentestament","status":"publish","type":"page","link":"https:\/\/www.notariat-schoeffmann.at\/de\/erben-vererben\/gewillkuerte-erbfolge\/testament\/das-ehegattentestament\/","title":{"rendered":"Das Ehegattentestament"},"content":{"rendered":"<p>Eine Sonderform des Testamentes ist das gemeinsame Testament von Ehegatten.<\/p>\n<p>Wird es eigenh\u00e4ndig geschrieben, muss<strong>&nbsp;jeder Ehegatte&nbsp;<\/strong>(!) die&nbsp;<b>gesamte&nbsp;<\/b>Verf\u00fcgung&nbsp;<strong>eigenh\u00e4ndig schreiben und unterschreiben<\/strong>. Ist es nur von einem Teil geschrieben und unterschrieben und hat der Ehegatte lediglich unterschrieben, ist es nur f\u00fcr den Schreiber ein g\u00fcltiges Testament! F\u00fcr den Ehegatten, der nur unterschreibt, ist die Verf\u00fcgung ung\u00fcltig.<\/p>\n","protected":false},"excerpt":{"rendered":"<p>Eine Sonderform des Testamentes ist das gemeinsame Testament von Ehegatten. Wird es eigenh\u00e4ndig geschrieben, muss&nbsp;jeder Ehegatte&nbsp;(!) die&nbsp;gesamte&nbsp;Verf\u00fcgung&nbsp;eigenh\u00e4ndig schreiben und unterschreiben. Ist es nur von einem Teil geschrieben und unterschrieben und hat der Ehegatte lediglich unterschrieben, ist es nur f\u00fcr den Schreiber ein g\u00fcltiges Testament! F\u00fcr den Ehegatten, der nur unterschreibt, ist die Verf\u00fcgung ung\u00fcltig.<\/p>\n","protected":false},"author":3,"featured_media":0,"parent":329,"menu_order":2,"comment_status":"closed","ping_status":"closed","template":"","meta":{"inline_featured_image":false,"footnotes":""},"categories":[],"class_list":["post-334","page","type-page","status-publish","hentry","description-off"],"yoast_head":"<!-- This site is optimized with the Yoast SEO Premium plugin v26.7 (Yoast SEO v27.3) - https:\/\/yoast.com\/product\/yoast-seo-premium-wordpress\/ -->\n<title>Das Ehegattentestament &#8211; Notariat Sch\u00f6ffmann<\/title>\n<meta name=\"description\" content=\"Eine Sonderform des Testaments ist das gemeinsame Testament von Ehegatten. Dieses muss jeder Ehegatte selbst\u00e4ndig schreiben und unterschreiben.\" \/>\n<meta name=\"robots\" content=\"index, follow, max-snippet:-1, max-image-preview:large, max-video-preview:-1\" \/>\n<link rel=\"canonical\" href=\"https:\/\/www.notariat-schoeffmann.at\/de\/erben-vererben\/gewillkuerte-erbfolge\/testament\/das-ehegattentestament\/\" \/>\n<meta property=\"og:locale\" content=\"de_DE\" \/>\n<meta property=\"og:type\" content=\"article\" \/>\n<meta property=\"og:title\" content=\"Das Ehegattentestament - Notariat Sch\u00f6ffmann\" \/>\n<meta property=\"og:description\" content=\"Eine Sonderform des Testaments ist das gemeinsame Testament von Ehegatten. Dieses muss jeder Ehegatte selbst\u00e4ndig schreiben und unterschreiben.\" \/>\n<meta property=\"og:url\" content=\"https:\/\/www.notariat-schoeffmann.at\/de\/erben-vererben\/gewillkuerte-erbfolge\/testament\/das-ehegattentestament\/\" \/>\n<meta property=\"og:site_name\" content=\"Notariat Sch\u00f6ffmann\" \/>\n<meta property=\"article:publisher\" content=\"https:\/\/www.facebook.com\/NotarKlagenfurt\" \/>\n<meta property=\"article:modified_time\" content=\"2022-02-26T13:40:45+00:00\" \/>\n<meta property=\"og:image\" content=\"https:\/\/www.notariat-schoeffmann.at\/wp-content\/uploads\/2021\/11\/Juristen-1.jpg\" \/>\n\t<meta property=\"og:image:width\" content=\"1600\" \/>\n\t<meta property=\"og:image:height\" content=\"1067\" \/>\n\t<meta property=\"og:image:type\" content=\"image\/jpeg\" \/>\n<meta name=\"twitter:card\" content=\"summary_large_image\" \/>\n<script type=\"application\/ld+json\" class=\"yoast-schema-graph\">{\"@context\":\"https:\\\/\\\/schema.org\",\"@graph\":[{\"@type\":\"WebPage\",\"@id\":\"https:\\\/\\\/www.notariat-schoeffmann.at\\\/de\\\/erben-vererben\\\/gewillkuerte-erbfolge\\\/testament\\\/das-ehegattentestament\\\/\",\"url\":\"https:\\\/\\\/www.notariat-schoeffmann.at\\\/de\\\/erben-vererben\\\/gewillkuerte-erbfolge\\\/testament\\\/das-ehegattentestament\\\/\",\"name\":\"Das Ehegattentestament &#8211; Notariat Sch\u00f6ffmann\",\"isPartOf\":{\"@id\":\"https:\\\/\\\/www.notariat-schoeffmann.at\\\/de\\\/#website\"},\"datePublished\":\"2021-08-09T09:00:45+00:00\",\"dateModified\":\"2022-02-26T13:40:45+00:00\",\"description\":\"Eine Sonderform des Testaments ist das gemeinsame Testament von Ehegatten. Dieses muss jeder Ehegatte selbst\u00e4ndig schreiben und unterschreiben.\",\"breadcrumb\":{\"@id\":\"https:\\\/\\\/www.notariat-schoeffmann.at\\\/de\\\/erben-vererben\\\/gewillkuerte-erbfolge\\\/testament\\\/das-ehegattentestament\\\/#breadcrumb\"},\"inLanguage\":\"de\",\"potentialAction\":[{\"@type\":\"ReadAction\",\"target\":[\"https:\\\/\\\/www.notariat-schoeffmann.at\\\/de\\\/erben-vererben\\\/gewillkuerte-erbfolge\\\/testament\\\/das-ehegattentestament\\\/\"]}]},{\"@type\":\"BreadcrumbList\",\"@id\":\"https:\\\/\\\/www.notariat-schoeffmann.at\\\/de\\\/erben-vererben\\\/gewillkuerte-erbfolge\\\/testament\\\/das-ehegattentestament\\\/#breadcrumb\",\"itemListElement\":[{\"@type\":\"ListItem\",\"position\":1,\"name\":\"Startseite\",\"item\":\"https:\\\/\\\/www.notariat-schoeffmann.at\\\/de\\\/\"},{\"@type\":\"ListItem\",\"position\":2,\"name\":\"Was ist das Erbrecht?\",\"item\":\"https:\\\/\\\/www.notariat-schoeffmann.at\\\/de\\\/erben-vererben\\\/\"},{\"@type\":\"ListItem\",\"position\":3,\"name\":\"Gewillk\u00fcrte Erbfolge\",\"item\":\"https:\\\/\\\/www.notariat-schoeffmann.at\\\/de\\\/erben-vererben\\\/gewillkuerte-erbfolge\\\/\"},{\"@type\":\"ListItem\",\"position\":4,\"name\":\"Testament\",\"item\":\"https:\\\/\\\/www.notariat-schoeffmann.at\\\/de\\\/erben-vererben\\\/gewillkuerte-erbfolge\\\/testament\\\/\"},{\"@type\":\"ListItem\",\"position\":5,\"name\":\"Das Ehegattentestament\"}]},{\"@type\":\"WebSite\",\"@id\":\"https:\\\/\\\/www.notariat-schoeffmann.at\\\/de\\\/#website\",\"url\":\"https:\\\/\\\/www.notariat-schoeffmann.at\\\/de\\\/\",\"name\":\"Notariat Sch\u00f6ffmann\",\"description\":\"Mag. Klaus Sch\u00f6ffmann - Ihr Notar in Klagenfurt\",\"publisher\":{\"@id\":\"https:\\\/\\\/www.notariat-schoeffmann.at\\\/de\\\/#organization\"},\"potentialAction\":[{\"@type\":\"SearchAction\",\"target\":{\"@type\":\"EntryPoint\",\"urlTemplate\":\"https:\\\/\\\/www.notariat-schoeffmann.at\\\/de\\\/?s={search_term_string}\"},\"query-input\":{\"@type\":\"PropertyValueSpecification\",\"valueRequired\":true,\"valueName\":\"search_term_string\"}}],\"inLanguage\":\"de\"},{\"@type\":\"Organization\",\"@id\":\"https:\\\/\\\/www.notariat-schoeffmann.at\\\/de\\\/#organization\",\"name\":\"Notariat Mag. Klaus Sch\u00f6ffmann Klagenfurt\",\"url\":\"https:\\\/\\\/www.notariat-schoeffmann.at\\\/de\\\/\",\"logo\":{\"@type\":\"ImageObject\",\"inLanguage\":\"de\",\"@id\":\"https:\\\/\\\/www.notariat-schoeffmann.at\\\/de\\\/#\\\/schema\\\/logo\\\/image\\\/\",\"url\":\"https:\\\/\\\/www.notariat-schoeffmann.at\\\/wp-content\\\/uploads\\\/2022\\\/02\\\/logo-notariat-schoeffmann.jpg\",\"contentUrl\":\"https:\\\/\\\/www.notariat-schoeffmann.at\\\/wp-content\\\/uploads\\\/2022\\\/02\\\/logo-notariat-schoeffmann.jpg\",\"width\":600,\"height\":600,\"caption\":\"Notariat Mag. Klaus Sch\u00f6ffmann Klagenfurt\"},\"image\":{\"@id\":\"https:\\\/\\\/www.notariat-schoeffmann.at\\\/de\\\/#\\\/schema\\\/logo\\\/image\\\/\"},\"sameAs\":[\"https:\\\/\\\/www.facebook.com\\\/NotarKlagenfurt\",\"https:\\\/\\\/www.youtube.com\\\/channel\\\/UCaITfbIQh6VIpzEonUsIhcg\"]}]}<\/script>\n<!-- \/ Yoast SEO Premium plugin. -->","yoast_head_json":{"title":"Das Ehegattentestament &#8211; Notariat Sch\u00f6ffmann","description":"Eine Sonderform des Testaments ist das gemeinsame Testament von Ehegatten. Dieses muss jeder Ehegatte selbst\u00e4ndig schreiben und unterschreiben.","robots":{"index":"index","follow":"follow","max-snippet":"max-snippet:-1","max-image-preview":"max-image-preview:large","max-video-preview":"max-video-preview:-1"},"canonical":"https:\/\/www.notariat-schoeffmann.at\/de\/erben-vererben\/gewillkuerte-erbfolge\/testament\/das-ehegattentestament\/","og_locale":"de_DE","og_type":"article","og_title":"Das Ehegattentestament - Notariat Sch\u00f6ffmann","og_description":"Eine Sonderform des Testaments ist das gemeinsame Testament von Ehegatten. Dieses muss jeder Ehegatte selbst\u00e4ndig schreiben und unterschreiben.","og_url":"https:\/\/www.notariat-schoeffmann.at\/de\/erben-vererben\/gewillkuerte-erbfolge\/testament\/das-ehegattentestament\/","og_site_name":"Notariat Sch\u00f6ffmann","article_publisher":"https:\/\/www.facebook.com\/NotarKlagenfurt","article_modified_time":"2022-02-26T13:40:45+00:00","og_image":[{"width":1600,"height":1067,"url":"https:\/\/www.notariat-schoeffmann.at\/wp-content\/uploads\/2021\/11\/Juristen-1.jpg","type":"image\/jpeg"}],"twitter_card":"summary_large_image","schema":{"@context":"https:\/\/schema.org","@graph":[{"@type":"WebPage","@id":"https:\/\/www.notariat-schoeffmann.at\/de\/erben-vererben\/gewillkuerte-erbfolge\/testament\/das-ehegattentestament\/","url":"https:\/\/www.notariat-schoeffmann.at\/de\/erben-vererben\/gewillkuerte-erbfolge\/testament\/das-ehegattentestament\/","name":"Das Ehegattentestament &#8211; Notariat Sch\u00f6ffmann","isPartOf":{"@id":"https:\/\/www.notariat-schoeffmann.at\/de\/#website"},"datePublished":"2021-08-09T09:00:45+00:00","dateModified":"2022-02-26T13:40:45+00:00","description":"Eine Sonderform des Testaments ist das gemeinsame Testament von Ehegatten. Dieses muss jeder Ehegatte selbst\u00e4ndig schreiben und unterschreiben.","breadcrumb":{"@id":"https:\/\/www.notariat-schoeffmann.at\/de\/erben-vererben\/gewillkuerte-erbfolge\/testament\/das-ehegattentestament\/#breadcrumb"},"inLanguage":"de","potentialAction":[{"@type":"ReadAction","target":["https:\/\/www.notariat-schoeffmann.at\/de\/erben-vererben\/gewillkuerte-erbfolge\/testament\/das-ehegattentestament\/"]}]},{"@type":"BreadcrumbList","@id":"https:\/\/www.notariat-schoeffmann.at\/de\/erben-vererben\/gewillkuerte-erbfolge\/testament\/das-ehegattentestament\/#breadcrumb","itemListElement":[{"@type":"ListItem","position":1,"name":"Startseite","item":"https:\/\/www.notariat-schoeffmann.at\/de\/"},{"@type":"ListItem","position":2,"name":"Was ist das Erbrecht?","item":"https:\/\/www.notariat-schoeffmann.at\/de\/erben-vererben\/"},{"@type":"ListItem","position":3,"name":"Gewillk\u00fcrte Erbfolge","item":"https:\/\/www.notariat-schoeffmann.at\/de\/erben-vererben\/gewillkuerte-erbfolge\/"},{"@type":"ListItem","position":4,"name":"Testament","item":"https:\/\/www.notariat-schoeffmann.at\/de\/erben-vererben\/gewillkuerte-erbfolge\/testament\/"},{"@type":"ListItem","position":5,"name":"Das Ehegattentestament"}]},{"@type":"WebSite","@id":"https:\/\/www.notariat-schoeffmann.at\/de\/#website","url":"https:\/\/www.notariat-schoeffmann.at\/de\/","name":"Notariat Sch\u00f6ffmann","description":"Mag. Klaus Sch\u00f6ffmann - Ihr Notar in Klagenfurt","publisher":{"@id":"https:\/\/www.notariat-schoeffmann.at\/de\/#organization"},"potentialAction":[{"@type":"SearchAction","target":{"@type":"EntryPoint","urlTemplate":"https:\/\/www.notariat-schoeffmann.at\/de\/?s={search_term_string}"},"query-input":{"@type":"PropertyValueSpecification","valueRequired":true,"valueName":"search_term_string"}}],"inLanguage":"de"},{"@type":"Organization","@id":"https:\/\/www.notariat-schoeffmann.at\/de\/#organization","name":"Notariat Mag. Klaus Sch\u00f6ffmann Klagenfurt","url":"https:\/\/www.notariat-schoeffmann.at\/de\/","logo":{"@type":"ImageObject","inLanguage":"de","@id":"https:\/\/www.notariat-schoeffmann.at\/de\/#\/schema\/logo\/image\/","url":"https:\/\/www.notariat-schoeffmann.at\/wp-content\/uploads\/2022\/02\/logo-notariat-schoeffmann.jpg","contentUrl":"https:\/\/www.notariat-schoeffmann.at\/wp-content\/uploads\/2022\/02\/logo-notariat-schoeffmann.jpg","width":600,"height":600,"caption":"Notariat Mag. Klaus Sch\u00f6ffmann Klagenfurt"},"image":{"@id":"https:\/\/www.notariat-schoeffmann.at\/de\/#\/schema\/logo\/image\/"},"sameAs":["https:\/\/www.facebook.com\/NotarKlagenfurt","https:\/\/www.youtube.com\/channel\/UCaITfbIQh6VIpzEonUsIhcg"]}]}},"_links":{"self":[{"href":"https:\/\/www.notariat-schoeffmann.at\/de\/wp-json\/wp\/v2\/pages\/334","targetHints":{"allow":["GET"]}}],"collection":[{"href":"https:\/\/www.notariat-schoeffmann.at\/de\/wp-json\/wp\/v2\/pages"}],"about":[{"href":"https:\/\/www.notariat-schoeffmann.at\/de\/wp-json\/wp\/v2\/types\/page"}],"author":[{"embeddable":true,"href":"https:\/\/www.notariat-schoeffmann.at\/de\/wp-json\/wp\/v2\/users\/3"}],"replies":[{"embeddable":true,"href":"https:\/\/www.notariat-schoeffmann.at\/de\/wp-json\/wp\/v2\/comments?post=334"}],"version-history":[{"count":3,"href":"https:\/\/www.notariat-schoeffmann.at\/de\/wp-json\/wp\/v2\/pages\/334\/revisions"}],"predecessor-version":[{"id":2036,"href":"https:\/\/www.notariat-schoeffmann.at\/de\/wp-json\/wp\/v2\/pages\/334\/revisions\/2036"}],"up":[{"embeddable":true,"href":"https:\/\/www.notariat-schoeffmann.at\/de\/wp-json\/wp\/v2\/pages\/329"}],"wp:attachment":[{"href":"https:\/\/www.notariat-schoeffmann.at\/de\/wp-json\/wp\/v2\/media?parent=334"}],"wp:term":[{"taxonomy":"category","embeddable":true,"href":"https:\/\/www.notariat-schoeffmann.at\/de\/wp-json\/wp\/v2\/categories?post=334"}],"curies":[{"name":"wp","href":"https:\/\/api.w.org\/{rel}","templated":true}]}}