{"id":332,"date":"2021-08-09T11:00:20","date_gmt":"2021-08-09T09:00:20","guid":{"rendered":"https:\/\/www.notariat-schoeffmann.at\/?page_id=332"},"modified":"2022-03-05T17:25:16","modified_gmt":"2022-03-05T16:25:16","slug":"goldene-regeln-fuer-testamente","status":"publish","type":"page","link":"https:\/\/www.notariat-schoeffmann.at\/de\/erben-vererben\/gewillkuerte-erbfolge\/testament\/goldene-regeln-fuer-testamente\/","title":{"rendered":"Goldene Regeln f\u00fcr Testamente"},"content":{"rendered":"\n<ul class=\"wp-block-list\"><li>Letztwillige Verf\u00fcgungen werden\u00a0<b>niemals zu fr\u00fch<\/b>\u00a0verfasst. Gerade auch junge Paare mit minderj\u00e4hrigen Kindern sollten vorsorglich eine letztwillige Verf\u00fcgung errichten.<\/li><li>Verf\u00fcgt werden sollte \u00fcber alle\u00a0<b>wesentlichen Verm\u00f6genswerte<\/b>, insbesondere \u00fcber Unternehmen, Grundst\u00fccke, Eigentumswohnungen, Wohnungseinrichtung, Schmuck, Wertgegenst\u00e4nde, Kraftfahrzeuge, Sparb\u00fccher und Wertpapiere.<\/li><li>Wichtiges Anliegen ist in der Regel die<b>\u00a0Verm\u00f6genserhaltung<\/b>. Die letztwillige Anordnung sollte jedenfalls eine konkrete Verm\u00f6gensaufteilung unter den Erben beinhalten und einen klaren vollziehbaren Willen zum Ausdruck bringen.<\/li><li><b>Komplizierte Verf\u00fcgungen<\/b>, die Unternehmensnachfolgen, grundb\u00fccherliche Sicherstellungen (z.B.\u00a0<a href=\"https:\/\/www.notariat-schoeffmann.at\/bauen-wohnen\/belastungs-und-veraeusserungsverbot\/\">Belastungs- und Ver\u00e4u\u00dferungsverbote<\/a>, Wohn- oder Fruchtgenussrechte), oder Zuwendungen an mehrere Generationen (z.B. \u00dcberlassungsverpflichtungen oder Nacherbschaft) zum Inhalt haben, sollen unbedingt\u00a0<b>vom Fachmann<\/b>\u00a0erstellt werden. Der Notar ist &#8211; durch seine T\u00e4tigkeit als Gerichtskommiss\u00e4r in Verlassenschaftsverfahren &#8211; erfahrener Experte auch was die Umsetzbarkeit letztwilliger Verf\u00fcgungen betrifft.<\/li><li>Die<b>\u00a0steuerlichen Auswirkungen<\/b>\u00a0von Testamenten sind zu beachten. Vergleiche die steuerlichen Auswirkungen im Kapitel &#8222;<a href=\"https:\/\/www.notariat-schoeffmann.at\/erben-vererben\/steuern-und-gebuehren\/\">Steuern und Geb\u00fchren<\/a>&#8222;.<\/li><li>Bei der Aufteilung der Verlassenschaft sind insbesondere Anspr\u00fcche Minderj\u00e4hriger<b>\u00a0<\/b>und Pflichtteilsberechtigter zu ber\u00fccksichtigen.<\/li><li>Die<b>\u00a0Formg\u00fcltigkeit<\/b>\u00a0der Verf\u00fcgung ist durch Errichtung beim Notar oder \u00dcberpr\u00fcfung durch diesen sicherzustellen. (Was n\u00fctzt ein formung\u00fcltiges Testament, das im Verlassenschaftsverfahren nicht ber\u00fccksichtigt wird?)<\/li><li>Die\u00a0<b>Auffindbarkeit<\/b>\u00a0ist &#8211; durch Hinterlegung beim Notar oder Bezirksgericht &#8211; sicherzustellen.<\/li><li>Die letztwillige Anordnung sollte regelm\u00e4\u00dfig (ungef\u00e4hr alle 5 Jahre) auf ihre G\u00fcltigkeit \u00fcberpr\u00fcft und aktualisiert werden.<\/li><\/ul>\n","protected":false},"excerpt":{"rendered":"<p>Letztwillige Verf\u00fcgungen werden\u00a0niemals zu fr\u00fch\u00a0verfasst. Gerade auch junge Paare mit minderj\u00e4hrigen Kindern sollten vorsorglich eine letztwillige Verf\u00fcgung errichten. Verf\u00fcgt werden sollte \u00fcber alle\u00a0wesentlichen Verm\u00f6genswerte, insbesondere \u00fcber Unternehmen, Grundst\u00fccke, Eigentumswohnungen, Wohnungseinrichtung, Schmuck, Wertgegenst\u00e4nde, Kraftfahrzeuge, Sparb\u00fccher und Wertpapiere. Wichtiges Anliegen ist in der Regel die\u00a0Verm\u00f6genserhaltung. Die letztwillige Anordnung sollte jedenfalls eine konkrete Verm\u00f6gensaufteilung unter den Erben beinhalten&hellip;<\/p>\n","protected":false},"author":3,"featured_media":0,"parent":329,"menu_order":1,"comment_status":"closed","ping_status":"closed","template":"","meta":{"inline_featured_image":false,"footnotes":""},"categories":[],"class_list":["post-332","page","type-page","status-publish","hentry","description-off"],"yoast_head":"<!-- This site is optimized with the Yoast SEO Premium plugin v26.7 (Yoast SEO v27.4) - https:\/\/yoast.com\/product\/yoast-seo-premium-wordpress\/ -->\n<title>Goldene Regeln f\u00fcr Testamente &#8211; Notariat Sch\u00f6ffmann<\/title>\n<meta name=\"description\" content=\"Hier finden Sie Tipps zur Errichtung von Testamenten! Worauf Sie bei der Errichtung eines Testaments achten m\u00fcssen.\" \/>\n<meta name=\"robots\" content=\"index, follow, max-snippet:-1, max-image-preview:large, max-video-preview:-1\" \/>\n<link rel=\"canonical\" href=\"https:\/\/www.notariat-schoeffmann.at\/de\/erben-vererben\/gewillkuerte-erbfolge\/testament\/goldene-regeln-fuer-testamente\/\" \/>\n<meta property=\"og:locale\" content=\"de_DE\" \/>\n<meta property=\"og:type\" content=\"article\" \/>\n<meta property=\"og:title\" content=\"Goldene Regeln f\u00fcr Testamente - Notariat Sch\u00f6ffmann\" \/>\n<meta property=\"og:description\" content=\"Hier finden Sie Tipps zur Errichtung von Testamenten! Worauf Sie bei der Errichtung eines Testaments achten m\u00fcssen.\" \/>\n<meta property=\"og:url\" content=\"https:\/\/www.notariat-schoeffmann.at\/de\/erben-vererben\/gewillkuerte-erbfolge\/testament\/goldene-regeln-fuer-testamente\/\" \/>\n<meta property=\"og:site_name\" content=\"Notariat Sch\u00f6ffmann\" \/>\n<meta property=\"article:publisher\" content=\"https:\/\/www.facebook.com\/NotarKlagenfurt\" \/>\n<meta property=\"article:modified_time\" content=\"2022-03-05T16:25:16+00:00\" \/>\n<meta property=\"og:image\" content=\"https:\/\/www.notariat-schoeffmann.at\/wp-content\/uploads\/2021\/11\/Juristen-1.jpg\" \/>\n\t<meta property=\"og:image:width\" content=\"1600\" \/>\n\t<meta property=\"og:image:height\" content=\"1067\" \/>\n\t<meta property=\"og:image:type\" content=\"image\/jpeg\" \/>\n<meta name=\"twitter:card\" content=\"summary_large_image\" \/>\n<script type=\"application\/ld+json\" class=\"yoast-schema-graph\">{\"@context\":\"https:\\\/\\\/schema.org\",\"@graph\":[{\"@type\":\"WebPage\",\"@id\":\"https:\\\/\\\/www.notariat-schoeffmann.at\\\/de\\\/erben-vererben\\\/gewillkuerte-erbfolge\\\/testament\\\/goldene-regeln-fuer-testamente\\\/\",\"url\":\"https:\\\/\\\/www.notariat-schoeffmann.at\\\/de\\\/erben-vererben\\\/gewillkuerte-erbfolge\\\/testament\\\/goldene-regeln-fuer-testamente\\\/\",\"name\":\"Goldene Regeln f\u00fcr Testamente &#8211; Notariat Sch\u00f6ffmann\",\"isPartOf\":{\"@id\":\"https:\\\/\\\/www.notariat-schoeffmann.at\\\/de\\\/#website\"},\"datePublished\":\"2021-08-09T09:00:20+00:00\",\"dateModified\":\"2022-03-05T16:25:16+00:00\",\"description\":\"Hier finden Sie Tipps zur Errichtung von Testamenten! Worauf Sie bei der Errichtung eines Testaments achten m\u00fcssen.\",\"breadcrumb\":{\"@id\":\"https:\\\/\\\/www.notariat-schoeffmann.at\\\/de\\\/erben-vererben\\\/gewillkuerte-erbfolge\\\/testament\\\/goldene-regeln-fuer-testamente\\\/#breadcrumb\"},\"inLanguage\":\"de\",\"potentialAction\":[{\"@type\":\"ReadAction\",\"target\":[\"https:\\\/\\\/www.notariat-schoeffmann.at\\\/de\\\/erben-vererben\\\/gewillkuerte-erbfolge\\\/testament\\\/goldene-regeln-fuer-testamente\\\/\"]}]},{\"@type\":\"BreadcrumbList\",\"@id\":\"https:\\\/\\\/www.notariat-schoeffmann.at\\\/de\\\/erben-vererben\\\/gewillkuerte-erbfolge\\\/testament\\\/goldene-regeln-fuer-testamente\\\/#breadcrumb\",\"itemListElement\":[{\"@type\":\"ListItem\",\"position\":1,\"name\":\"Startseite\",\"item\":\"https:\\\/\\\/www.notariat-schoeffmann.at\\\/de\\\/\"},{\"@type\":\"ListItem\",\"position\":2,\"name\":\"Was ist das Erbrecht?\",\"item\":\"https:\\\/\\\/www.notariat-schoeffmann.at\\\/de\\\/erben-vererben\\\/\"},{\"@type\":\"ListItem\",\"position\":3,\"name\":\"Gewillk\u00fcrte Erbfolge\",\"item\":\"https:\\\/\\\/www.notariat-schoeffmann.at\\\/de\\\/erben-vererben\\\/gewillkuerte-erbfolge\\\/\"},{\"@type\":\"ListItem\",\"position\":4,\"name\":\"Testament\",\"item\":\"https:\\\/\\\/www.notariat-schoeffmann.at\\\/de\\\/erben-vererben\\\/gewillkuerte-erbfolge\\\/testament\\\/\"},{\"@type\":\"ListItem\",\"position\":5,\"name\":\"Goldene Regeln f\u00fcr Testamente\"}]},{\"@type\":\"WebSite\",\"@id\":\"https:\\\/\\\/www.notariat-schoeffmann.at\\\/de\\\/#website\",\"url\":\"https:\\\/\\\/www.notariat-schoeffmann.at\\\/de\\\/\",\"name\":\"Notariat Sch\u00f6ffmann\",\"description\":\"Mag. Klaus Sch\u00f6ffmann - Ihr Notar in Klagenfurt\",\"publisher\":{\"@id\":\"https:\\\/\\\/www.notariat-schoeffmann.at\\\/de\\\/#organization\"},\"potentialAction\":[{\"@type\":\"SearchAction\",\"target\":{\"@type\":\"EntryPoint\",\"urlTemplate\":\"https:\\\/\\\/www.notariat-schoeffmann.at\\\/de\\\/?s={search_term_string}\"},\"query-input\":{\"@type\":\"PropertyValueSpecification\",\"valueRequired\":true,\"valueName\":\"search_term_string\"}}],\"inLanguage\":\"de\"},{\"@type\":\"Organization\",\"@id\":\"https:\\\/\\\/www.notariat-schoeffmann.at\\\/de\\\/#organization\",\"name\":\"Notariat Mag. Klaus Sch\u00f6ffmann Klagenfurt\",\"url\":\"https:\\\/\\\/www.notariat-schoeffmann.at\\\/de\\\/\",\"logo\":{\"@type\":\"ImageObject\",\"inLanguage\":\"de\",\"@id\":\"https:\\\/\\\/www.notariat-schoeffmann.at\\\/de\\\/#\\\/schema\\\/logo\\\/image\\\/\",\"url\":\"https:\\\/\\\/www.notariat-schoeffmann.at\\\/wp-content\\\/uploads\\\/2022\\\/02\\\/logo-notariat-schoeffmann.jpg\",\"contentUrl\":\"https:\\\/\\\/www.notariat-schoeffmann.at\\\/wp-content\\\/uploads\\\/2022\\\/02\\\/logo-notariat-schoeffmann.jpg\",\"width\":600,\"height\":600,\"caption\":\"Notariat Mag. Klaus Sch\u00f6ffmann Klagenfurt\"},\"image\":{\"@id\":\"https:\\\/\\\/www.notariat-schoeffmann.at\\\/de\\\/#\\\/schema\\\/logo\\\/image\\\/\"},\"sameAs\":[\"https:\\\/\\\/www.facebook.com\\\/NotarKlagenfurt\",\"https:\\\/\\\/www.youtube.com\\\/channel\\\/UCaITfbIQh6VIpzEonUsIhcg\"]}]}<\/script>\n<!-- \/ Yoast SEO Premium plugin. -->","yoast_head_json":{"title":"Goldene Regeln f\u00fcr Testamente &#8211; Notariat Sch\u00f6ffmann","description":"Hier finden Sie Tipps zur Errichtung von Testamenten! Worauf Sie bei der Errichtung eines Testaments achten m\u00fcssen.","robots":{"index":"index","follow":"follow","max-snippet":"max-snippet:-1","max-image-preview":"max-image-preview:large","max-video-preview":"max-video-preview:-1"},"canonical":"https:\/\/www.notariat-schoeffmann.at\/de\/erben-vererben\/gewillkuerte-erbfolge\/testament\/goldene-regeln-fuer-testamente\/","og_locale":"de_DE","og_type":"article","og_title":"Goldene Regeln f\u00fcr Testamente - Notariat Sch\u00f6ffmann","og_description":"Hier finden Sie Tipps zur Errichtung von Testamenten! Worauf Sie bei der Errichtung eines Testaments achten m\u00fcssen.","og_url":"https:\/\/www.notariat-schoeffmann.at\/de\/erben-vererben\/gewillkuerte-erbfolge\/testament\/goldene-regeln-fuer-testamente\/","og_site_name":"Notariat Sch\u00f6ffmann","article_publisher":"https:\/\/www.facebook.com\/NotarKlagenfurt","article_modified_time":"2022-03-05T16:25:16+00:00","og_image":[{"width":1600,"height":1067,"url":"https:\/\/www.notariat-schoeffmann.at\/wp-content\/uploads\/2021\/11\/Juristen-1.jpg","type":"image\/jpeg"}],"twitter_card":"summary_large_image","schema":{"@context":"https:\/\/schema.org","@graph":[{"@type":"WebPage","@id":"https:\/\/www.notariat-schoeffmann.at\/de\/erben-vererben\/gewillkuerte-erbfolge\/testament\/goldene-regeln-fuer-testamente\/","url":"https:\/\/www.notariat-schoeffmann.at\/de\/erben-vererben\/gewillkuerte-erbfolge\/testament\/goldene-regeln-fuer-testamente\/","name":"Goldene Regeln f\u00fcr Testamente &#8211; Notariat Sch\u00f6ffmann","isPartOf":{"@id":"https:\/\/www.notariat-schoeffmann.at\/de\/#website"},"datePublished":"2021-08-09T09:00:20+00:00","dateModified":"2022-03-05T16:25:16+00:00","description":"Hier finden Sie Tipps zur Errichtung von Testamenten! Worauf Sie bei der Errichtung eines Testaments achten m\u00fcssen.","breadcrumb":{"@id":"https:\/\/www.notariat-schoeffmann.at\/de\/erben-vererben\/gewillkuerte-erbfolge\/testament\/goldene-regeln-fuer-testamente\/#breadcrumb"},"inLanguage":"de","potentialAction":[{"@type":"ReadAction","target":["https:\/\/www.notariat-schoeffmann.at\/de\/erben-vererben\/gewillkuerte-erbfolge\/testament\/goldene-regeln-fuer-testamente\/"]}]},{"@type":"BreadcrumbList","@id":"https:\/\/www.notariat-schoeffmann.at\/de\/erben-vererben\/gewillkuerte-erbfolge\/testament\/goldene-regeln-fuer-testamente\/#breadcrumb","itemListElement":[{"@type":"ListItem","position":1,"name":"Startseite","item":"https:\/\/www.notariat-schoeffmann.at\/de\/"},{"@type":"ListItem","position":2,"name":"Was ist das Erbrecht?","item":"https:\/\/www.notariat-schoeffmann.at\/de\/erben-vererben\/"},{"@type":"ListItem","position":3,"name":"Gewillk\u00fcrte Erbfolge","item":"https:\/\/www.notariat-schoeffmann.at\/de\/erben-vererben\/gewillkuerte-erbfolge\/"},{"@type":"ListItem","position":4,"name":"Testament","item":"https:\/\/www.notariat-schoeffmann.at\/de\/erben-vererben\/gewillkuerte-erbfolge\/testament\/"},{"@type":"ListItem","position":5,"name":"Goldene Regeln f\u00fcr Testamente"}]},{"@type":"WebSite","@id":"https:\/\/www.notariat-schoeffmann.at\/de\/#website","url":"https:\/\/www.notariat-schoeffmann.at\/de\/","name":"Notariat Sch\u00f6ffmann","description":"Mag. Klaus Sch\u00f6ffmann - Ihr Notar in Klagenfurt","publisher":{"@id":"https:\/\/www.notariat-schoeffmann.at\/de\/#organization"},"potentialAction":[{"@type":"SearchAction","target":{"@type":"EntryPoint","urlTemplate":"https:\/\/www.notariat-schoeffmann.at\/de\/?s={search_term_string}"},"query-input":{"@type":"PropertyValueSpecification","valueRequired":true,"valueName":"search_term_string"}}],"inLanguage":"de"},{"@type":"Organization","@id":"https:\/\/www.notariat-schoeffmann.at\/de\/#organization","name":"Notariat Mag. Klaus Sch\u00f6ffmann Klagenfurt","url":"https:\/\/www.notariat-schoeffmann.at\/de\/","logo":{"@type":"ImageObject","inLanguage":"de","@id":"https:\/\/www.notariat-schoeffmann.at\/de\/#\/schema\/logo\/image\/","url":"https:\/\/www.notariat-schoeffmann.at\/wp-content\/uploads\/2022\/02\/logo-notariat-schoeffmann.jpg","contentUrl":"https:\/\/www.notariat-schoeffmann.at\/wp-content\/uploads\/2022\/02\/logo-notariat-schoeffmann.jpg","width":600,"height":600,"caption":"Notariat Mag. Klaus Sch\u00f6ffmann Klagenfurt"},"image":{"@id":"https:\/\/www.notariat-schoeffmann.at\/de\/#\/schema\/logo\/image\/"},"sameAs":["https:\/\/www.facebook.com\/NotarKlagenfurt","https:\/\/www.youtube.com\/channel\/UCaITfbIQh6VIpzEonUsIhcg"]}]}},"_links":{"self":[{"href":"https:\/\/www.notariat-schoeffmann.at\/de\/wp-json\/wp\/v2\/pages\/332","targetHints":{"allow":["GET"]}}],"collection":[{"href":"https:\/\/www.notariat-schoeffmann.at\/de\/wp-json\/wp\/v2\/pages"}],"about":[{"href":"https:\/\/www.notariat-schoeffmann.at\/de\/wp-json\/wp\/v2\/types\/page"}],"author":[{"embeddable":true,"href":"https:\/\/www.notariat-schoeffmann.at\/de\/wp-json\/wp\/v2\/users\/3"}],"replies":[{"embeddable":true,"href":"https:\/\/www.notariat-schoeffmann.at\/de\/wp-json\/wp\/v2\/comments?post=332"}],"version-history":[{"count":4,"href":"https:\/\/www.notariat-schoeffmann.at\/de\/wp-json\/wp\/v2\/pages\/332\/revisions"}],"predecessor-version":[{"id":2393,"href":"https:\/\/www.notariat-schoeffmann.at\/de\/wp-json\/wp\/v2\/pages\/332\/revisions\/2393"}],"up":[{"embeddable":true,"href":"https:\/\/www.notariat-schoeffmann.at\/de\/wp-json\/wp\/v2\/pages\/329"}],"wp:attachment":[{"href":"https:\/\/www.notariat-schoeffmann.at\/de\/wp-json\/wp\/v2\/media?parent=332"}],"wp:term":[{"taxonomy":"category","embeddable":true,"href":"https:\/\/www.notariat-schoeffmann.at\/de\/wp-json\/wp\/v2\/categories?post=332"}],"curies":[{"name":"wp","href":"https:\/\/api.w.org\/{rel}","templated":true}]}}