{"id":329,"date":"2021-08-09T10:59:57","date_gmt":"2021-08-09T08:59:57","guid":{"rendered":"https:\/\/www.notariat-schoeffmann.at\/?page_id=329"},"modified":"2022-02-27T16:26:59","modified_gmt":"2022-02-27T15:26:59","slug":"testament","status":"publish","type":"page","link":"https:\/\/www.notariat-schoeffmann.at\/de\/erben-vererben\/gewillkuerte-erbfolge\/testament\/","title":{"rendered":"Testament"},"content":{"rendered":"\n<p>Das&nbsp;<b>eigenh\u00e4ndige Testament<\/b>&nbsp;ist die einfachste Testamentsform. Es kann leicht an ge\u00e4nderte Verh\u00e4ltnisse ange\u00adpasst werden. Zu seiner G\u00fcltigkeit ist erforderlich, dass es&nbsp;<b>eigenh\u00e4ndig geschrieben<\/b>&nbsp;und&nbsp;<b>eigenh\u00e4ndig unterschrieben<\/b>&nbsp;wurde.<\/p>\n\n\n\n<p>In der notariellen Praxis tauchen aber immer wieder Schwierigkeiten mit eigenh\u00e4ndigen Testamenten auf, da hier oft Formfehler unterlaufen, wie z.B. folgender: Ein Testament wird eigenh\u00e4ndig mit der Schreibmaschine geschrieben und vom Verstorbenen unterschrieben. Das Testament ist nichtig und wird in der Verlassenschaftsverhandlung nicht ber\u00fccksichtigt!<\/p>\n\n\n\n<p>Ein eigenh\u00e4ndiges Testa\u00adment muss mit der Hand geschrieben werden und ist am Ende des Textes zu unterschreiben. Ort und Datum sollten beigef\u00fcgt werden, da immer das zeitliche letzte Testament gilt.<\/p>\n\n\n\n<p>Um solche Formfehler und damit die Nichtigkeit Ihres Testaments zu vermeiden, k\u00f6nnen Sie ihr eigenh\u00e4ndig geschriebenes Testament kostenlos bei Ihrem Notar \u00fcberpr\u00fcfen lassen.<\/p>\n\n\n<div class=\"lazyblock-infobox-2pjBaN wp-block-lazyblock-infobox\"><div class=\"notar_beispielbox\">\n  <h2>Beispiel<\/h2>\n  <div class=\"notar_infobox_content\"><p>&#8222;Mein letzter Wille!<\/p><p>Ich, Elisabeth Sorglos, Kauffrau, Salmstrasse 3, 9020 Klagenfurt, setze zum Erben meines gesamten Verm\u00f6gens meinen Neffen, Rudi Strebsam, Badgasse 5, 9020 Klagenfurt, ein.<\/p><p>Klagenfurt, am 04.05.2026<\/p><p><em>Elisabeth Sorglos<\/em>&#8222;<\/p><\/div>\n<\/div>\n\n<\/div>\n\n\n<p>F\u00fcr&nbsp;<strong>fremdh\u00e4ndige Testamente<\/strong>&nbsp;gelten strengere Formvorschriften:<\/p>\n\n\n\n<ul class=\"wp-block-list\"><li>Der Verstorbene muss das fremdh\u00e4ndige Testament selbst unterschreiben.<\/li><li>Er muss seine Unterschrift vor drei gleichzeitig anwesenden Zeugen setzen.<\/li><li>Der Verstorbene muss eigenh\u00e4ndig einen Zusatz anbringen, mit dem er bekr\u00e4ftigt, dass das Testament seinen letzten Willen enth\u00e4lt: zB&nbsp;<em>\u201eDas ist mein letzter Wille\u201c<\/em>&nbsp; oder&nbsp;<em>\u201eSo soll es sein\u201c<\/em>.<\/li><li>Die Zeugen m\u00fcssen ihren Namen, ihr Geburtsdatum und\/oder ihre Adresse angeben.<\/li><li>Die Zeugen m\u00fcssen mit dem Hinweis auf ihre Zeugeneigenschaft, zB \u201eals Zeuge\u201c, unterschreiben<\/li><\/ul>\n\n\n\n<p>Die Zeugen m\u00fcssen die Identit\u00e4t des Verstorbenen best\u00e4tigen k\u00f6nnen und d\u00fcrfen nicht befangen sein. Befangen sind Beg\u00fcnstigte sowie deren nahe Angeh\u00f6rige. Am geeignetsten sind au\u00dfenstehende neutrale Zeugen.<\/p>\n\n\n\n<p>Zur Sicherung der Auffindbarkeit des Testaments sollte dieses &#8211; unabh\u00e4ngig davon, ob selbstgeschrieben oder nicht &#8211; bei einem Notar oder bei einem Bezirksgericht hinterlegt werden, die Auffindbarkeit wird dann durch Eintrag im&nbsp;<strong>\u00d6sterreichischen Zentralen Testamentsregister<\/strong>&nbsp;sichergestellt.<\/p>\n\n\n<div class=\"lazyblock-infobox-lxRPJ wp-block-lazyblock-infobox\"><div class=\"notar_hinweisbox\">\n  <h2>Achtung!<\/h2>\n  <div class=\"notar_infobox_content\"><p>Ein nicht nach den Formvorschriften errichtetes Testament ist nichtig und im Verlassenschaftsverfahren\u00a0\u00fcberhaupt nicht zu ber\u00fccksichtigen!So kommt es in vielen F\u00e4llen zur gesetzlichen Erbfolge.<\/p><\/div>\n<\/div>\n\n<\/div>\n\n\n<p>Die Erstellung eines Testamentes bei einem Notar gibt die Sicherheit, ein formg\u00fcltiges Testament errichtet zu haben, dessen Auffindbarkeit durch Eintragung (nur der Errichtungsdaten nicht auch des Inhaltes) im Testamentsregister der \u00d6sterreichischen Notariatskammer sichergestellt ist.<\/p>\n\n\n\n<p>In bestimmten F\u00e4llen, zum Beispiel wenn ein m\u00fcndiger Minderj\u00e4hriger testieren m\u00f6chte, ist die Form eines m\u00fcndlichenTestaments vor Gericht oder Notar vorgeschrieben.<\/p>\n\n\n\n<p>Sie k\u00f6nnen sich durch Testamentserrichtung beim Notar auch sicher sein, dass die Anspr\u00fcche der Verwandten (z.B. Pflichtteile!) und die steuerlichen Folgen der Erbschaft durch einen Fachmann \u00fcberpr\u00fcft sind.<\/p>\n\n\n\n<p>Die Kosten der Errichtung und Verwahrung eines notariellen Testamentes belaufen sich derzeit auf ca. \u20ac 400,-.<\/p>\n\n\n\n<p>Der Gewinn an Sicherheit betr\u00e4gt in der Regel ein Vielfaches!<\/p>\n","protected":false},"excerpt":{"rendered":"<p>Das&nbsp;eigenh\u00e4ndige Testament&nbsp;ist die einfachste Testamentsform. Es kann leicht an ge\u00e4nderte Verh\u00e4ltnisse ange\u00adpasst werden. Zu seiner G\u00fcltigkeit ist erforderlich, dass es&nbsp;eigenh\u00e4ndig geschrieben&nbsp;und&nbsp;eigenh\u00e4ndig unterschrieben&nbsp;wurde. In der notariellen Praxis tauchen aber immer wieder Schwierigkeiten mit eigenh\u00e4ndigen Testamenten auf, da hier oft Formfehler unterlaufen, wie z.B. folgender: Ein Testament wird eigenh\u00e4ndig mit der Schreibmaschine geschrieben und vom Verstorbenen unterschrieben.&hellip;<\/p>\n","protected":false},"author":3,"featured_media":0,"parent":327,"menu_order":0,"comment_status":"closed","ping_status":"closed","template":"","meta":{"inline_featured_image":false,"footnotes":""},"categories":[],"class_list":["post-329","page","type-page","status-publish","hentry","description-off"],"yoast_head":"<!-- This site is optimized with the Yoast SEO Premium plugin v26.7 (Yoast SEO v27.4) - https:\/\/yoast.com\/product\/yoast-seo-premium-wordpress\/ -->\n<title>Testament &#8211; Notariat Sch\u00f6ffmann<\/title>\n<meta name=\"description\" content=\"Mit einem Testament k\u00f6nnen Sie bestimmen, wer nach Ihnen erben soll. Informationen zu Testamentsformen und Formvorschriften.\" \/>\n<meta name=\"robots\" content=\"index, follow, max-snippet:-1, max-image-preview:large, max-video-preview:-1\" \/>\n<link rel=\"canonical\" href=\"https:\/\/www.notariat-schoeffmann.at\/de\/erben-vererben\/gewillkuerte-erbfolge\/testament\/\" \/>\n<meta property=\"og:locale\" content=\"de_DE\" \/>\n<meta property=\"og:type\" content=\"article\" \/>\n<meta property=\"og:title\" content=\"Testament - Notariat Sch\u00f6ffmann\" \/>\n<meta property=\"og:description\" content=\"Mit einem Testament k\u00f6nnen Sie bestimmen, wer nach Ihnen erben soll. Informationen zu Testamentsformen und Formvorschriften.\" \/>\n<meta property=\"og:url\" content=\"https:\/\/www.notariat-schoeffmann.at\/de\/erben-vererben\/gewillkuerte-erbfolge\/testament\/\" \/>\n<meta property=\"og:site_name\" content=\"Notariat Sch\u00f6ffmann\" \/>\n<meta property=\"article:publisher\" content=\"https:\/\/www.facebook.com\/NotarKlagenfurt\" \/>\n<meta property=\"article:modified_time\" content=\"2022-02-27T15:26:59+00:00\" \/>\n<meta property=\"og:image\" content=\"https:\/\/www.notariat-schoeffmann.at\/wp-content\/uploads\/2021\/11\/Juristen-1.jpg\" \/>\n\t<meta property=\"og:image:width\" content=\"1600\" \/>\n\t<meta property=\"og:image:height\" content=\"1067\" \/>\n\t<meta property=\"og:image:type\" content=\"image\/jpeg\" \/>\n<meta name=\"twitter:card\" content=\"summary_large_image\" \/>\n<script type=\"application\/ld+json\" class=\"yoast-schema-graph\">{\"@context\":\"https:\\\/\\\/schema.org\",\"@graph\":[{\"@type\":\"WebPage\",\"@id\":\"https:\\\/\\\/www.notariat-schoeffmann.at\\\/de\\\/erben-vererben\\\/gewillkuerte-erbfolge\\\/testament\\\/\",\"url\":\"https:\\\/\\\/www.notariat-schoeffmann.at\\\/de\\\/erben-vererben\\\/gewillkuerte-erbfolge\\\/testament\\\/\",\"name\":\"Testament &#8211; Notariat Sch\u00f6ffmann\",\"isPartOf\":{\"@id\":\"https:\\\/\\\/www.notariat-schoeffmann.at\\\/de\\\/#website\"},\"datePublished\":\"2021-08-09T08:59:57+00:00\",\"dateModified\":\"2022-02-27T15:26:59+00:00\",\"description\":\"Mit einem Testament k\u00f6nnen Sie bestimmen, wer nach Ihnen erben soll. Informationen zu Testamentsformen und Formvorschriften.\",\"breadcrumb\":{\"@id\":\"https:\\\/\\\/www.notariat-schoeffmann.at\\\/de\\\/erben-vererben\\\/gewillkuerte-erbfolge\\\/testament\\\/#breadcrumb\"},\"inLanguage\":\"de\",\"potentialAction\":[{\"@type\":\"ReadAction\",\"target\":[\"https:\\\/\\\/www.notariat-schoeffmann.at\\\/de\\\/erben-vererben\\\/gewillkuerte-erbfolge\\\/testament\\\/\"]}]},{\"@type\":\"BreadcrumbList\",\"@id\":\"https:\\\/\\\/www.notariat-schoeffmann.at\\\/de\\\/erben-vererben\\\/gewillkuerte-erbfolge\\\/testament\\\/#breadcrumb\",\"itemListElement\":[{\"@type\":\"ListItem\",\"position\":1,\"name\":\"Startseite\",\"item\":\"https:\\\/\\\/www.notariat-schoeffmann.at\\\/de\\\/\"},{\"@type\":\"ListItem\",\"position\":2,\"name\":\"Was ist das Erbrecht?\",\"item\":\"https:\\\/\\\/www.notariat-schoeffmann.at\\\/de\\\/erben-vererben\\\/\"},{\"@type\":\"ListItem\",\"position\":3,\"name\":\"Gewillk\u00fcrte Erbfolge\",\"item\":\"https:\\\/\\\/www.notariat-schoeffmann.at\\\/de\\\/erben-vererben\\\/gewillkuerte-erbfolge\\\/\"},{\"@type\":\"ListItem\",\"position\":4,\"name\":\"Testament\"}]},{\"@type\":\"WebSite\",\"@id\":\"https:\\\/\\\/www.notariat-schoeffmann.at\\\/de\\\/#website\",\"url\":\"https:\\\/\\\/www.notariat-schoeffmann.at\\\/de\\\/\",\"name\":\"Notariat Sch\u00f6ffmann\",\"description\":\"Mag. Klaus Sch\u00f6ffmann - Ihr Notar in Klagenfurt\",\"publisher\":{\"@id\":\"https:\\\/\\\/www.notariat-schoeffmann.at\\\/de\\\/#organization\"},\"potentialAction\":[{\"@type\":\"SearchAction\",\"target\":{\"@type\":\"EntryPoint\",\"urlTemplate\":\"https:\\\/\\\/www.notariat-schoeffmann.at\\\/de\\\/?s={search_term_string}\"},\"query-input\":{\"@type\":\"PropertyValueSpecification\",\"valueRequired\":true,\"valueName\":\"search_term_string\"}}],\"inLanguage\":\"de\"},{\"@type\":\"Organization\",\"@id\":\"https:\\\/\\\/www.notariat-schoeffmann.at\\\/de\\\/#organization\",\"name\":\"Notariat Mag. Klaus Sch\u00f6ffmann Klagenfurt\",\"url\":\"https:\\\/\\\/www.notariat-schoeffmann.at\\\/de\\\/\",\"logo\":{\"@type\":\"ImageObject\",\"inLanguage\":\"de\",\"@id\":\"https:\\\/\\\/www.notariat-schoeffmann.at\\\/de\\\/#\\\/schema\\\/logo\\\/image\\\/\",\"url\":\"https:\\\/\\\/www.notariat-schoeffmann.at\\\/wp-content\\\/uploads\\\/2022\\\/02\\\/logo-notariat-schoeffmann.jpg\",\"contentUrl\":\"https:\\\/\\\/www.notariat-schoeffmann.at\\\/wp-content\\\/uploads\\\/2022\\\/02\\\/logo-notariat-schoeffmann.jpg\",\"width\":600,\"height\":600,\"caption\":\"Notariat Mag. Klaus Sch\u00f6ffmann Klagenfurt\"},\"image\":{\"@id\":\"https:\\\/\\\/www.notariat-schoeffmann.at\\\/de\\\/#\\\/schema\\\/logo\\\/image\\\/\"},\"sameAs\":[\"https:\\\/\\\/www.facebook.com\\\/NotarKlagenfurt\",\"https:\\\/\\\/www.youtube.com\\\/channel\\\/UCaITfbIQh6VIpzEonUsIhcg\"]}]}<\/script>\n<!-- \/ Yoast SEO Premium plugin. -->","yoast_head_json":{"title":"Testament &#8211; Notariat Sch\u00f6ffmann","description":"Mit einem Testament k\u00f6nnen Sie bestimmen, wer nach Ihnen erben soll. Informationen zu Testamentsformen und Formvorschriften.","robots":{"index":"index","follow":"follow","max-snippet":"max-snippet:-1","max-image-preview":"max-image-preview:large","max-video-preview":"max-video-preview:-1"},"canonical":"https:\/\/www.notariat-schoeffmann.at\/de\/erben-vererben\/gewillkuerte-erbfolge\/testament\/","og_locale":"de_DE","og_type":"article","og_title":"Testament - Notariat Sch\u00f6ffmann","og_description":"Mit einem Testament k\u00f6nnen Sie bestimmen, wer nach Ihnen erben soll. Informationen zu Testamentsformen und Formvorschriften.","og_url":"https:\/\/www.notariat-schoeffmann.at\/de\/erben-vererben\/gewillkuerte-erbfolge\/testament\/","og_site_name":"Notariat Sch\u00f6ffmann","article_publisher":"https:\/\/www.facebook.com\/NotarKlagenfurt","article_modified_time":"2022-02-27T15:26:59+00:00","og_image":[{"width":1600,"height":1067,"url":"https:\/\/www.notariat-schoeffmann.at\/wp-content\/uploads\/2021\/11\/Juristen-1.jpg","type":"image\/jpeg"}],"twitter_card":"summary_large_image","schema":{"@context":"https:\/\/schema.org","@graph":[{"@type":"WebPage","@id":"https:\/\/www.notariat-schoeffmann.at\/de\/erben-vererben\/gewillkuerte-erbfolge\/testament\/","url":"https:\/\/www.notariat-schoeffmann.at\/de\/erben-vererben\/gewillkuerte-erbfolge\/testament\/","name":"Testament &#8211; Notariat Sch\u00f6ffmann","isPartOf":{"@id":"https:\/\/www.notariat-schoeffmann.at\/de\/#website"},"datePublished":"2021-08-09T08:59:57+00:00","dateModified":"2022-02-27T15:26:59+00:00","description":"Mit einem Testament k\u00f6nnen Sie bestimmen, wer nach Ihnen erben soll. Informationen zu Testamentsformen und Formvorschriften.","breadcrumb":{"@id":"https:\/\/www.notariat-schoeffmann.at\/de\/erben-vererben\/gewillkuerte-erbfolge\/testament\/#breadcrumb"},"inLanguage":"de","potentialAction":[{"@type":"ReadAction","target":["https:\/\/www.notariat-schoeffmann.at\/de\/erben-vererben\/gewillkuerte-erbfolge\/testament\/"]}]},{"@type":"BreadcrumbList","@id":"https:\/\/www.notariat-schoeffmann.at\/de\/erben-vererben\/gewillkuerte-erbfolge\/testament\/#breadcrumb","itemListElement":[{"@type":"ListItem","position":1,"name":"Startseite","item":"https:\/\/www.notariat-schoeffmann.at\/de\/"},{"@type":"ListItem","position":2,"name":"Was ist das Erbrecht?","item":"https:\/\/www.notariat-schoeffmann.at\/de\/erben-vererben\/"},{"@type":"ListItem","position":3,"name":"Gewillk\u00fcrte Erbfolge","item":"https:\/\/www.notariat-schoeffmann.at\/de\/erben-vererben\/gewillkuerte-erbfolge\/"},{"@type":"ListItem","position":4,"name":"Testament"}]},{"@type":"WebSite","@id":"https:\/\/www.notariat-schoeffmann.at\/de\/#website","url":"https:\/\/www.notariat-schoeffmann.at\/de\/","name":"Notariat Sch\u00f6ffmann","description":"Mag. Klaus Sch\u00f6ffmann - Ihr Notar in Klagenfurt","publisher":{"@id":"https:\/\/www.notariat-schoeffmann.at\/de\/#organization"},"potentialAction":[{"@type":"SearchAction","target":{"@type":"EntryPoint","urlTemplate":"https:\/\/www.notariat-schoeffmann.at\/de\/?s={search_term_string}"},"query-input":{"@type":"PropertyValueSpecification","valueRequired":true,"valueName":"search_term_string"}}],"inLanguage":"de"},{"@type":"Organization","@id":"https:\/\/www.notariat-schoeffmann.at\/de\/#organization","name":"Notariat Mag. Klaus Sch\u00f6ffmann Klagenfurt","url":"https:\/\/www.notariat-schoeffmann.at\/de\/","logo":{"@type":"ImageObject","inLanguage":"de","@id":"https:\/\/www.notariat-schoeffmann.at\/de\/#\/schema\/logo\/image\/","url":"https:\/\/www.notariat-schoeffmann.at\/wp-content\/uploads\/2022\/02\/logo-notariat-schoeffmann.jpg","contentUrl":"https:\/\/www.notariat-schoeffmann.at\/wp-content\/uploads\/2022\/02\/logo-notariat-schoeffmann.jpg","width":600,"height":600,"caption":"Notariat Mag. Klaus Sch\u00f6ffmann Klagenfurt"},"image":{"@id":"https:\/\/www.notariat-schoeffmann.at\/de\/#\/schema\/logo\/image\/"},"sameAs":["https:\/\/www.facebook.com\/NotarKlagenfurt","https:\/\/www.youtube.com\/channel\/UCaITfbIQh6VIpzEonUsIhcg"]}]}},"_links":{"self":[{"href":"https:\/\/www.notariat-schoeffmann.at\/de\/wp-json\/wp\/v2\/pages\/329","targetHints":{"allow":["GET"]}}],"collection":[{"href":"https:\/\/www.notariat-schoeffmann.at\/de\/wp-json\/wp\/v2\/pages"}],"about":[{"href":"https:\/\/www.notariat-schoeffmann.at\/de\/wp-json\/wp\/v2\/types\/page"}],"author":[{"embeddable":true,"href":"https:\/\/www.notariat-schoeffmann.at\/de\/wp-json\/wp\/v2\/users\/3"}],"replies":[{"embeddable":true,"href":"https:\/\/www.notariat-schoeffmann.at\/de\/wp-json\/wp\/v2\/comments?post=329"}],"version-history":[{"count":8,"href":"https:\/\/www.notariat-schoeffmann.at\/de\/wp-json\/wp\/v2\/pages\/329\/revisions"}],"predecessor-version":[{"id":2186,"href":"https:\/\/www.notariat-schoeffmann.at\/de\/wp-json\/wp\/v2\/pages\/329\/revisions\/2186"}],"up":[{"embeddable":true,"href":"https:\/\/www.notariat-schoeffmann.at\/de\/wp-json\/wp\/v2\/pages\/327"}],"wp:attachment":[{"href":"https:\/\/www.notariat-schoeffmann.at\/de\/wp-json\/wp\/v2\/media?parent=329"}],"wp:term":[{"taxonomy":"category","embeddable":true,"href":"https:\/\/www.notariat-schoeffmann.at\/de\/wp-json\/wp\/v2\/categories?post=329"}],"curies":[{"name":"wp","href":"https:\/\/api.w.org\/{rel}","templated":true}]}}