{"id":327,"date":"2021-08-09T10:58:35","date_gmt":"2021-08-09T08:58:35","guid":{"rendered":"https:\/\/www.notariat-schoeffmann.at\/?page_id=327"},"modified":"2022-03-19T10:10:54","modified_gmt":"2022-03-19T09:10:54","slug":"gewillkuerte-erbfolge","status":"publish","type":"page","link":"https:\/\/www.notariat-schoeffmann.at\/de\/erben-vererben\/gewillkuerte-erbfolge\/","title":{"rendered":"Gewillk\u00fcrte Erbfolge"},"content":{"rendered":"<div class=\"lazyblock-infobox-2thJfy wp-block-lazyblock-infobox\"><div class=\"notar_einleitung\">\n\n  <div class=\"notar_einleitung_wrapper\"><p>Wer m\u00f6chte, dass nach seinem Ableben eine bestimmte Person\/ bestimmte Personen sein Verm\u00f6gen bekommen soll\/sollen, kann mit einer\u00a0<strong>letztwilligen Verf\u00fcgung<\/strong>\u00a0daf\u00fcr sorgen.<\/p><\/div>\n<\/div>\n<\/div>\n\n\n<p>In \u00d6sterreich kann jeder von Todes wegen frei \u00fcber sein Verm\u00f6gen verf\u00fcgen. Der&nbsp;Verstorbene kann zu Lebzeiten durch rechtsgesch\u00e4ftliche Erkl\u00e4rung bestimmen, an wen nach seinem Tod sein Verm\u00f6gen fallen soll. Letztwillige Verf\u00fcgungen werden immer dann errichtet, wenn der Verf\u00fcgende mit der gesetzlichen Erbfolgeregelung nicht oder nur teilweise einverstanden ist.<\/p>\n\n\n\n<p>Zu den einseitigen, jederzeit widerruflichen Erkl\u00e4rungen von Todes wegen geh\u00f6ren:<\/p>\n\n\n\n<ul class=\"wp-block-list\"><li><i>Das\u00a0<a href=\"https:\/\/www.notariat-schoeffmann.at\/erben-vererben\/gewillkuerte-erbfolge\/testament\/\">Testament<\/a><\/i><\/li><li><i>Das\u00a0<a href=\"https:\/\/www.notariat-schoeffmann.at\/erben-vererben\/gewillkuerte-erbfolge\/vermaechtnis\/\">Verm\u00e4chtnis<\/a><\/i><\/li><li><i>Die\u00a0<a href=\"https:\/\/www.notariat-schoeffmann.at\/erben-vererben\/pflichtteilsrecht\/die-pflichtteilsminderung\/\">Pflichtteilsminderung<\/a><\/i><\/li><li><i>Die\u00a0<a href=\"https:\/\/www.notariat-schoeffmann.at\/erben-vererben\/gewillkuerte-erbfolge\/testament\/enterbung\/\">Enterbung<\/a><\/i><\/li><li><i>Die\u00a0<a href=\"https:\/\/www.notariat-schoeffmann.at\/erben-vererben\/gewillkuerte-erbfolge\/stiftung-von-todes-wegen\/\">Stiftung von Todes wegen<\/a><\/i><\/li><li><i>Die widerrufliche Bezugsberechtigung der (Lebens-) Versicherung<\/i><\/li><\/ul>\n\n\n\n<p>Zu den zwei- oder mehrseitigen, nur im Einvernehmen unter den jeweiligen Vertragspartnern ab\u00e4nderbaren Rechtsgesch\u00e4ften von Todes wegen z\u00e4hlen:<\/p>\n\n\n\n<ul class=\"wp-block-list\"><li><i>Der Erbvertrag<\/i><\/li><li><i>Der Erbverzichtsvertrag<\/i><\/li><li><i>Der\u00a0<a href=\"https:\/\/www.notariat-schoeffmann.at\/erben-vererben\/pflichtteilsrecht\/pflichtteilsverzicht\/\">Pflichtteilsverzichtsvertrag<\/a><\/i><\/li><li><i>Der Schenkungs-, \u00dcbergabs- und Kaufvertrag auf Todesfall<\/i><\/li><li><i>G\u00fctergemeinschaft auf den Todesfall<\/i><\/li><li><i>Rechtsnachfolgeklauseln in Gesellschaftsvertr\u00e4gen<\/i><\/li><li><i>Die unwiderrufliche Bezugsberechtigung in der Lebensversicherung<\/i><\/li><\/ul>\n\n\n<div class=\"lazyblock-infobox-Z26BgMX wp-block-lazyblock-infobox\"><div class=\"notar_hinweisbox\">\n  <h2>Beachten Sie:<\/h2>\n  <div class=\"notar_infobox_content\"><p>Bei Unklarheiten oder umfangreicheren Verf\u00fcgungen ist jedenfalls die rechtskundige Beratung bei einem Notar dringend anzuraten, da die G\u00fcltigkeit letztwilliger Verf\u00fcgungen an sehr strenge Formvorschriften gebunden ist (der Verf\u00fcgende kann ja nicht mehr gefragt werden, wie er eine konkrete Regelung gemeint hat!).<\/p><\/div>\n<\/div>\n\n<\/div>","protected":false},"excerpt":{"rendered":"<p>In \u00d6sterreich kann jeder von Todes wegen frei \u00fcber sein Verm\u00f6gen verf\u00fcgen. Der&nbsp;Verstorbene kann zu Lebzeiten durch rechtsgesch\u00e4ftliche Erkl\u00e4rung bestimmen, an wen nach seinem Tod sein Verm\u00f6gen fallen soll. Letztwillige Verf\u00fcgungen werden immer dann errichtet, wenn der Verf\u00fcgende mit der gesetzlichen Erbfolgeregelung nicht oder nur teilweise einverstanden ist. Zu den einseitigen, jederzeit widerruflichen Erkl\u00e4rungen von&hellip;<\/p>\n","protected":false},"author":3,"featured_media":0,"parent":305,"menu_order":3,"comment_status":"closed","ping_status":"closed","template":"","meta":{"inline_featured_image":false,"footnotes":""},"categories":[],"class_list":["post-327","page","type-page","status-publish","hentry","description-off"],"yoast_head":"<!-- This site is optimized with the Yoast SEO Premium plugin v26.7 (Yoast SEO v27.3) - https:\/\/yoast.com\/product\/yoast-seo-premium-wordpress\/ -->\n<title>Gewillk\u00fcrte Erbfolge &#8211; Notariat Sch\u00f6ffmann<\/title>\n<meta name=\"description\" content=\"M\u00f6chten Sie, dass nach Ihrem Ableben bestimmte Personen Ihr Verm\u00f6gen bekommen, k\u00f6nnen Sie mit einer letztwilligen Verf\u00fcgung daf\u00fcr sorgen.\" \/>\n<meta name=\"robots\" content=\"index, follow, max-snippet:-1, max-image-preview:large, max-video-preview:-1\" \/>\n<link rel=\"canonical\" href=\"https:\/\/www.notariat-schoeffmann.at\/de\/erben-vererben\/gewillkuerte-erbfolge\/\" \/>\n<meta property=\"og:locale\" content=\"de_DE\" \/>\n<meta property=\"og:type\" content=\"article\" \/>\n<meta property=\"og:title\" content=\"Gewillk\u00fcrte Erbfolge - Notariat Sch\u00f6ffmann\" \/>\n<meta property=\"og:description\" content=\"M\u00f6chten Sie, dass nach Ihrem Ableben bestimmte Personen Ihr Verm\u00f6gen bekommen, k\u00f6nnen Sie mit einer letztwilligen Verf\u00fcgung daf\u00fcr sorgen.\" \/>\n<meta property=\"og:url\" content=\"https:\/\/www.notariat-schoeffmann.at\/de\/erben-vererben\/gewillkuerte-erbfolge\/\" \/>\n<meta property=\"og:site_name\" content=\"Notariat Sch\u00f6ffmann\" \/>\n<meta property=\"article:publisher\" content=\"https:\/\/www.facebook.com\/NotarKlagenfurt\" \/>\n<meta property=\"article:modified_time\" content=\"2022-03-19T09:10:54+00:00\" \/>\n<meta property=\"og:image\" content=\"https:\/\/www.notariat-schoeffmann.at\/wp-content\/uploads\/2021\/11\/Juristen-1.jpg\" \/>\n\t<meta property=\"og:image:width\" content=\"1600\" \/>\n\t<meta property=\"og:image:height\" content=\"1067\" \/>\n\t<meta property=\"og:image:type\" content=\"image\/jpeg\" \/>\n<meta name=\"twitter:card\" content=\"summary_large_image\" \/>\n<script type=\"application\/ld+json\" class=\"yoast-schema-graph\">{\"@context\":\"https:\\\/\\\/schema.org\",\"@graph\":[{\"@type\":\"WebPage\",\"@id\":\"https:\\\/\\\/www.notariat-schoeffmann.at\\\/de\\\/erben-vererben\\\/gewillkuerte-erbfolge\\\/\",\"url\":\"https:\\\/\\\/www.notariat-schoeffmann.at\\\/de\\\/erben-vererben\\\/gewillkuerte-erbfolge\\\/\",\"name\":\"Gewillk\u00fcrte Erbfolge &#8211; Notariat Sch\u00f6ffmann\",\"isPartOf\":{\"@id\":\"https:\\\/\\\/www.notariat-schoeffmann.at\\\/de\\\/#website\"},\"datePublished\":\"2021-08-09T08:58:35+00:00\",\"dateModified\":\"2022-03-19T09:10:54+00:00\",\"description\":\"M\u00f6chten Sie, dass nach Ihrem Ableben bestimmte Personen Ihr Verm\u00f6gen bekommen, k\u00f6nnen Sie mit einer letztwilligen Verf\u00fcgung daf\u00fcr sorgen.\",\"breadcrumb\":{\"@id\":\"https:\\\/\\\/www.notariat-schoeffmann.at\\\/de\\\/erben-vererben\\\/gewillkuerte-erbfolge\\\/#breadcrumb\"},\"inLanguage\":\"de\",\"potentialAction\":[{\"@type\":\"ReadAction\",\"target\":[\"https:\\\/\\\/www.notariat-schoeffmann.at\\\/de\\\/erben-vererben\\\/gewillkuerte-erbfolge\\\/\"]}]},{\"@type\":\"BreadcrumbList\",\"@id\":\"https:\\\/\\\/www.notariat-schoeffmann.at\\\/de\\\/erben-vererben\\\/gewillkuerte-erbfolge\\\/#breadcrumb\",\"itemListElement\":[{\"@type\":\"ListItem\",\"position\":1,\"name\":\"Startseite\",\"item\":\"https:\\\/\\\/www.notariat-schoeffmann.at\\\/de\\\/\"},{\"@type\":\"ListItem\",\"position\":2,\"name\":\"Was ist das Erbrecht?\",\"item\":\"https:\\\/\\\/www.notariat-schoeffmann.at\\\/de\\\/erben-vererben\\\/\"},{\"@type\":\"ListItem\",\"position\":3,\"name\":\"Gewillk\u00fcrte Erbfolge\"}]},{\"@type\":\"WebSite\",\"@id\":\"https:\\\/\\\/www.notariat-schoeffmann.at\\\/de\\\/#website\",\"url\":\"https:\\\/\\\/www.notariat-schoeffmann.at\\\/de\\\/\",\"name\":\"Notariat Sch\u00f6ffmann\",\"description\":\"Mag. Klaus Sch\u00f6ffmann - Ihr Notar in Klagenfurt\",\"publisher\":{\"@id\":\"https:\\\/\\\/www.notariat-schoeffmann.at\\\/de\\\/#organization\"},\"potentialAction\":[{\"@type\":\"SearchAction\",\"target\":{\"@type\":\"EntryPoint\",\"urlTemplate\":\"https:\\\/\\\/www.notariat-schoeffmann.at\\\/de\\\/?s={search_term_string}\"},\"query-input\":{\"@type\":\"PropertyValueSpecification\",\"valueRequired\":true,\"valueName\":\"search_term_string\"}}],\"inLanguage\":\"de\"},{\"@type\":\"Organization\",\"@id\":\"https:\\\/\\\/www.notariat-schoeffmann.at\\\/de\\\/#organization\",\"name\":\"Notariat Mag. Klaus Sch\u00f6ffmann Klagenfurt\",\"url\":\"https:\\\/\\\/www.notariat-schoeffmann.at\\\/de\\\/\",\"logo\":{\"@type\":\"ImageObject\",\"inLanguage\":\"de\",\"@id\":\"https:\\\/\\\/www.notariat-schoeffmann.at\\\/de\\\/#\\\/schema\\\/logo\\\/image\\\/\",\"url\":\"https:\\\/\\\/www.notariat-schoeffmann.at\\\/wp-content\\\/uploads\\\/2022\\\/02\\\/logo-notariat-schoeffmann.jpg\",\"contentUrl\":\"https:\\\/\\\/www.notariat-schoeffmann.at\\\/wp-content\\\/uploads\\\/2022\\\/02\\\/logo-notariat-schoeffmann.jpg\",\"width\":600,\"height\":600,\"caption\":\"Notariat Mag. Klaus Sch\u00f6ffmann Klagenfurt\"},\"image\":{\"@id\":\"https:\\\/\\\/www.notariat-schoeffmann.at\\\/de\\\/#\\\/schema\\\/logo\\\/image\\\/\"},\"sameAs\":[\"https:\\\/\\\/www.facebook.com\\\/NotarKlagenfurt\",\"https:\\\/\\\/www.youtube.com\\\/channel\\\/UCaITfbIQh6VIpzEonUsIhcg\"]}]}<\/script>\n<!-- \/ Yoast SEO Premium plugin. -->","yoast_head_json":{"title":"Gewillk\u00fcrte Erbfolge &#8211; Notariat Sch\u00f6ffmann","description":"M\u00f6chten Sie, dass nach Ihrem Ableben bestimmte Personen Ihr Verm\u00f6gen bekommen, k\u00f6nnen Sie mit einer letztwilligen Verf\u00fcgung daf\u00fcr sorgen.","robots":{"index":"index","follow":"follow","max-snippet":"max-snippet:-1","max-image-preview":"max-image-preview:large","max-video-preview":"max-video-preview:-1"},"canonical":"https:\/\/www.notariat-schoeffmann.at\/de\/erben-vererben\/gewillkuerte-erbfolge\/","og_locale":"de_DE","og_type":"article","og_title":"Gewillk\u00fcrte Erbfolge - Notariat Sch\u00f6ffmann","og_description":"M\u00f6chten Sie, dass nach Ihrem Ableben bestimmte Personen Ihr Verm\u00f6gen bekommen, k\u00f6nnen Sie mit einer letztwilligen Verf\u00fcgung daf\u00fcr sorgen.","og_url":"https:\/\/www.notariat-schoeffmann.at\/de\/erben-vererben\/gewillkuerte-erbfolge\/","og_site_name":"Notariat Sch\u00f6ffmann","article_publisher":"https:\/\/www.facebook.com\/NotarKlagenfurt","article_modified_time":"2022-03-19T09:10:54+00:00","og_image":[{"width":1600,"height":1067,"url":"https:\/\/www.notariat-schoeffmann.at\/wp-content\/uploads\/2021\/11\/Juristen-1.jpg","type":"image\/jpeg"}],"twitter_card":"summary_large_image","schema":{"@context":"https:\/\/schema.org","@graph":[{"@type":"WebPage","@id":"https:\/\/www.notariat-schoeffmann.at\/de\/erben-vererben\/gewillkuerte-erbfolge\/","url":"https:\/\/www.notariat-schoeffmann.at\/de\/erben-vererben\/gewillkuerte-erbfolge\/","name":"Gewillk\u00fcrte Erbfolge &#8211; Notariat Sch\u00f6ffmann","isPartOf":{"@id":"https:\/\/www.notariat-schoeffmann.at\/de\/#website"},"datePublished":"2021-08-09T08:58:35+00:00","dateModified":"2022-03-19T09:10:54+00:00","description":"M\u00f6chten Sie, dass nach Ihrem Ableben bestimmte Personen Ihr Verm\u00f6gen bekommen, k\u00f6nnen Sie mit einer letztwilligen Verf\u00fcgung daf\u00fcr sorgen.","breadcrumb":{"@id":"https:\/\/www.notariat-schoeffmann.at\/de\/erben-vererben\/gewillkuerte-erbfolge\/#breadcrumb"},"inLanguage":"de","potentialAction":[{"@type":"ReadAction","target":["https:\/\/www.notariat-schoeffmann.at\/de\/erben-vererben\/gewillkuerte-erbfolge\/"]}]},{"@type":"BreadcrumbList","@id":"https:\/\/www.notariat-schoeffmann.at\/de\/erben-vererben\/gewillkuerte-erbfolge\/#breadcrumb","itemListElement":[{"@type":"ListItem","position":1,"name":"Startseite","item":"https:\/\/www.notariat-schoeffmann.at\/de\/"},{"@type":"ListItem","position":2,"name":"Was ist das Erbrecht?","item":"https:\/\/www.notariat-schoeffmann.at\/de\/erben-vererben\/"},{"@type":"ListItem","position":3,"name":"Gewillk\u00fcrte Erbfolge"}]},{"@type":"WebSite","@id":"https:\/\/www.notariat-schoeffmann.at\/de\/#website","url":"https:\/\/www.notariat-schoeffmann.at\/de\/","name":"Notariat Sch\u00f6ffmann","description":"Mag. Klaus Sch\u00f6ffmann - Ihr Notar in Klagenfurt","publisher":{"@id":"https:\/\/www.notariat-schoeffmann.at\/de\/#organization"},"potentialAction":[{"@type":"SearchAction","target":{"@type":"EntryPoint","urlTemplate":"https:\/\/www.notariat-schoeffmann.at\/de\/?s={search_term_string}"},"query-input":{"@type":"PropertyValueSpecification","valueRequired":true,"valueName":"search_term_string"}}],"inLanguage":"de"},{"@type":"Organization","@id":"https:\/\/www.notariat-schoeffmann.at\/de\/#organization","name":"Notariat Mag. Klaus Sch\u00f6ffmann Klagenfurt","url":"https:\/\/www.notariat-schoeffmann.at\/de\/","logo":{"@type":"ImageObject","inLanguage":"de","@id":"https:\/\/www.notariat-schoeffmann.at\/de\/#\/schema\/logo\/image\/","url":"https:\/\/www.notariat-schoeffmann.at\/wp-content\/uploads\/2022\/02\/logo-notariat-schoeffmann.jpg","contentUrl":"https:\/\/www.notariat-schoeffmann.at\/wp-content\/uploads\/2022\/02\/logo-notariat-schoeffmann.jpg","width":600,"height":600,"caption":"Notariat Mag. Klaus Sch\u00f6ffmann Klagenfurt"},"image":{"@id":"https:\/\/www.notariat-schoeffmann.at\/de\/#\/schema\/logo\/image\/"},"sameAs":["https:\/\/www.facebook.com\/NotarKlagenfurt","https:\/\/www.youtube.com\/channel\/UCaITfbIQh6VIpzEonUsIhcg"]}]}},"_links":{"self":[{"href":"https:\/\/www.notariat-schoeffmann.at\/de\/wp-json\/wp\/v2\/pages\/327","targetHints":{"allow":["GET"]}}],"collection":[{"href":"https:\/\/www.notariat-schoeffmann.at\/de\/wp-json\/wp\/v2\/pages"}],"about":[{"href":"https:\/\/www.notariat-schoeffmann.at\/de\/wp-json\/wp\/v2\/types\/page"}],"author":[{"embeddable":true,"href":"https:\/\/www.notariat-schoeffmann.at\/de\/wp-json\/wp\/v2\/users\/3"}],"replies":[{"embeddable":true,"href":"https:\/\/www.notariat-schoeffmann.at\/de\/wp-json\/wp\/v2\/comments?post=327"}],"version-history":[{"count":6,"href":"https:\/\/www.notariat-schoeffmann.at\/de\/wp-json\/wp\/v2\/pages\/327\/revisions"}],"predecessor-version":[{"id":2628,"href":"https:\/\/www.notariat-schoeffmann.at\/de\/wp-json\/wp\/v2\/pages\/327\/revisions\/2628"}],"up":[{"embeddable":true,"href":"https:\/\/www.notariat-schoeffmann.at\/de\/wp-json\/wp\/v2\/pages\/305"}],"wp:attachment":[{"href":"https:\/\/www.notariat-schoeffmann.at\/de\/wp-json\/wp\/v2\/media?parent=327"}],"wp:term":[{"taxonomy":"category","embeddable":true,"href":"https:\/\/www.notariat-schoeffmann.at\/de\/wp-json\/wp\/v2\/categories?post=327"}],"curies":[{"name":"wp","href":"https:\/\/api.w.org\/{rel}","templated":true}]}}