{"id":3259,"date":"2023-12-19T20:09:13","date_gmt":"2023-12-19T19:09:13","guid":{"rendered":"https:\/\/www.notariat-schoeffmann.at\/?page_id=3259"},"modified":"2023-12-19T20:09:53","modified_gmt":"2023-12-19T19:09:53","slug":"die-flexible-kapitalgesellschaft","status":"publish","type":"page","link":"https:\/\/www.notariat-schoeffmann.at\/de\/unternehmen\/kapitalgesellschaften\/die-flexible-kapitalgesellschaft\/","title":{"rendered":"Die Flexible Kapitalgesellschaft"},"content":{"rendered":"\n<p><strong>Welche Unterschiede sind bei der Gr\u00fcndung einer Flexiblen Kapitalgesellschaft gegen\u00fcber einer GmbH vorgesehen?<\/strong><\/p>\n\n\n\n<div style=\"height:48px\" aria-hidden=\"true\" class=\"wp-block-spacer\"><\/div>\n\n\n\n<ul class=\"wp-block-list\">\n<li><strong>Stammkapital und Stammeinlage:<br><\/strong>Das Mindeststammkapital der FlexKap soll \u20ac 10.000 betragen (soll auch bei der GmbH k\u00fcnftig \u20ac 10.000 sein). Die Mindeststammeinlage betr\u00e4gt bei der FlexKap \u20ac 1, bei der GmbH \u20ac 70. Somit sollen auch sehr kleine Beteiligungen f\u00fcr Gesellschafter m\u00f6glich sind.<\/li>\n\n\n\n<li><strong>Gesellschaftsvertrag<\/strong>:<br>F\u00fcr Beschlussfassungen in Form von Umlaufbeschl\u00fcsse ist bei der GmbH das Einverst\u00e4ndnis s\u00e4mtlicher Gesellschafter erforderlich. Im Gesellschaftsvertrag kann bei der FlexKap vorgesehen werden, dass Umlaufbeschl\u00fcsse auch ohne Einverst\u00e4ndnis s\u00e4mtlicher Gesellschafter gefasst werden k\u00f6nnen. Dieser Umstand soll die Beschlussfassung bei der FlexKap vereinfachen.<\/li>\n\n\n\n<li><strong>\u00dcbertragung von Gesch\u00e4ftsanteilen:<\/strong><br>F\u00fcr die \u00dcbertragung von Gesch\u00e4ftsanteilen besteht bei der FlexKap keine Notariatsaktspflicht. Eine vor dem Notar oder Rechtsanwalt errichtete Privaturkunde ist ausreichend.<\/li>\n\n\n\n<li><strong>Stimmrechtsaus\u00fcbung<\/strong>:<br>Die Gesellschafter einer FlexKap sollen berechtigt sein, die mit einem Gesch\u00e4ftsanteil verbundenen Stimmrechte auch uneinheitlich auszu\u00fcben. Diese M\u00f6glichkeit einer uneinheitlichen Stimmrechtsaus\u00fcbung bestand bei der GmbH bisher nicht und kann insbesondere bei Treuhand-Konstruktionen Erleichterungen mit sich bringen.<\/li>\n\n\n\n<li><strong>Beteiligungsformen und Zul\u00e4ssigkeit des Erwerbs eigener Anteile:<br><\/strong>Durch die Schaffung von sogenannten Unternehmenswertanteilen (diese k\u00f6nnen neben den klassischen Gesch\u00e4ftsanteilen ausgegeben werden) soll bei der FlexKap die stimmrechtslose Beteiligung am Bilanzgewinn und am Liquidationserl\u00f6s erm\u00f6glicht werden. Die Inhaber solcher Anteile sind nicht im \u00f6ffentlichen Firmenbuch eingetragen, sondern in einem von den Gesellschaftern gef\u00fchrten Anteilsbuch. Bei der GmbH ist der Erwerb eigener Anteile gesetzlich ausgeschlossen. Bei der FlexKap soll die Gesellschaft auch eigene Anteil erwerben k\u00f6nnen. Dies soll vor allem beim R\u00fcckkauf von mit Mitarbeiterbeteiligungen (Unternehmenswert-Anteilen) Erleichterungen mit sich bringen.<\/li>\n\n\n\n<li><strong>Finanzierungsinstrumente<\/strong>:<br>Die M\u00f6glichkeit einer bedingten Kapitalerh\u00f6hung soll f\u00fcr die Gesellschafter einer FlexKap Vereinfachungen bei der Kapitalaufbringung mit sich bringen.<\/li>\n<\/ul>\n\n\n\n<div style=\"height:59px\" aria-hidden=\"true\" class=\"wp-block-spacer\"><\/div>\n\n\n\n<p><strong>Ist die Flexible Kapitalgesellschaft nur f\u00fcr Neugr\u00fcnder interessant oder kann eine bestehende GmbH auch in eine Flexible Kapitalgesellschaft umgewandelt werden?<\/strong><\/p>\n\n\n\n<p>Die FlexKap soll neben den bereits bestehenden und bew\u00e4hrten Gestaltungsformen f\u00fcr Gesellschaften eine weitere Alternative f\u00fcr die Gr\u00fcndung Ihres Unternehmens darstellen.<\/p>\n\n\n\n<p>Auch die Umwandlung einer bereits bestehenden GmbH in eine Flexible Kapitalgesellschaft soll durch einfache Ma\u00dfnahmen erm\u00f6glicht werden. Um eine bestehende GmbH in eine Flexible Kapitalgesellschaft umzuwandeln, ist ein Generalversammlungsbeschluss, eine entsprechende \u00c4nderung des Gesellschaftsvertrags sowie die Anmeldung beim Firmenbuch erforderlich.<\/p>\n\n\n\n<p><strong>Welche Nachteile kann die Einf\u00fchrung der neuen Gesellschaftsform mit sich bringen?<\/strong><\/p>\n\n\n\n<p>Die Reduktion der Vorschriften f\u00fcr Anteils\u00fcbertragungen oder Kapitalerh\u00f6hungen bei einer FlexKap sind im Sinne der in \u00d6sterreich herrschenden Rechtssicherheit durchaus kritisch zu betrachten, gerade im sensiblen Bereich des \u00f6sterreichischen Gesellschaftsrechts.<\/p>\n\n\n\n<p>Au\u00dferdem kann die Herabsetzung des Mindeststammkapitals der Gesellschaft mit einem Bonit\u00e4tsverlust der Gesellschaft einhergehen, der sich bei der Beschaffung von frischem Kapital nachteilig auswirken k\u00f6nnte.<\/p>\n\n\n\n<p>Um die Bonit\u00e4t der Gesellschaft durch Kapitalherabsetzungen nicht zu gef\u00e4hrden, k\u00f6nnen begleitende gesellschaftsrechtliche Kapitalma\u00dfnahmen vorgesehen werden, beispielsweise die Bildung einer statutarischen R\u00fccklage oder eine gleichzeitige nominelle Kapitalerh\u00f6hung.<\/p>\n\n\n\n<p>Durch solche Kapitalma\u00dfnahmen k\u00f6nnten Bonit\u00e4tsverluste abgemildert und zudem Steuerbelastungen f\u00fcr die Gesellschafter gesenkt werden.<\/p>\n\n\n\n<p>Eine umfassende rechtliche Beratung erscheint unter all diesen Gesichtspunkten und Gestaltungsm\u00f6glichkeiten umso wichtiger.<\/p>\n","protected":false},"excerpt":{"rendered":"<p>Welche Unterschiede sind bei der Gr\u00fcndung einer Flexiblen Kapitalgesellschaft gegen\u00fcber einer GmbH vorgesehen? Ist die Flexible Kapitalgesellschaft nur f\u00fcr Neugr\u00fcnder interessant oder kann eine bestehende GmbH auch in eine Flexible Kapitalgesellschaft umgewandelt werden? Die FlexKap soll neben den bereits bestehenden und bew\u00e4hrten Gestaltungsformen f\u00fcr Gesellschaften eine weitere Alternative f\u00fcr die Gr\u00fcndung Ihres Unternehmens darstellen. Auch&hellip;<\/p>\n","protected":false},"author":1,"featured_media":0,"parent":188,"menu_order":0,"comment_status":"closed","ping_status":"closed","template":"","meta":{"inline_featured_image":false,"footnotes":""},"categories":[],"class_list":["post-3259","page","type-page","status-publish","hentry","description-off"],"yoast_head":"<!-- This site is optimized with the Yoast SEO Premium plugin v26.7 (Yoast SEO v27.4) - https:\/\/yoast.com\/product\/yoast-seo-premium-wordpress\/ -->\n<title>Die Flexible Kapitalgesellschaft &#8211; Notariat Sch\u00f6ffmann<\/title>\n<meta name=\"description\" content=\"Notariat Mag. Klaus Sch\u00f6ffmann: Ihr Notar in Klagenfurt am W\u00f6rthersee. Individuelle Rechtsberatung f\u00fcr Unternehmen und Privatpersonen. Unsere erste Rechtsauskunft ist f\u00fcr Sie kostenfrei!\" \/>\n<meta name=\"robots\" content=\"index, follow, max-snippet:-1, max-image-preview:large, max-video-preview:-1\" \/>\n<link rel=\"canonical\" href=\"https:\/\/www.notariat-schoeffmann.at\/de\/unternehmen\/kapitalgesellschaften\/die-flexible-kapitalgesellschaft\/\" \/>\n<meta property=\"og:locale\" content=\"de_DE\" \/>\n<meta property=\"og:type\" content=\"article\" \/>\n<meta property=\"og:title\" content=\"Die Flexible Kapitalgesellschaft - Notariat Sch\u00f6ffmann\" \/>\n<meta property=\"og:description\" content=\"Notariat Mag. Klaus Sch\u00f6ffmann: Ihr Notar in Klagenfurt am W\u00f6rthersee. Individuelle Rechtsberatung f\u00fcr Unternehmen und Privatpersonen. Unsere erste Rechtsauskunft ist f\u00fcr Sie kostenfrei!\" \/>\n<meta property=\"og:url\" content=\"https:\/\/www.notariat-schoeffmann.at\/de\/unternehmen\/kapitalgesellschaften\/die-flexible-kapitalgesellschaft\/\" \/>\n<meta property=\"og:site_name\" content=\"Notariat Sch\u00f6ffmann\" \/>\n<meta property=\"article:publisher\" content=\"https:\/\/www.facebook.com\/NotarKlagenfurt\" \/>\n<meta property=\"article:modified_time\" content=\"2023-12-19T19:09:53+00:00\" \/>\n<meta property=\"og:image\" content=\"https:\/\/www.notariat-schoeffmann.at\/wp-content\/uploads\/2021\/11\/Juristen-1.jpg\" \/>\n\t<meta property=\"og:image:width\" content=\"1600\" \/>\n\t<meta property=\"og:image:height\" content=\"1067\" \/>\n\t<meta property=\"og:image:type\" content=\"image\/jpeg\" \/>\n<meta name=\"twitter:card\" content=\"summary_large_image\" \/>\n<script type=\"application\/ld+json\" class=\"yoast-schema-graph\">{\"@context\":\"https:\\\/\\\/schema.org\",\"@graph\":[{\"@type\":\"WebPage\",\"@id\":\"https:\\\/\\\/www.notariat-schoeffmann.at\\\/de\\\/unternehmen\\\/kapitalgesellschaften\\\/die-flexible-kapitalgesellschaft\\\/\",\"url\":\"https:\\\/\\\/www.notariat-schoeffmann.at\\\/de\\\/unternehmen\\\/kapitalgesellschaften\\\/die-flexible-kapitalgesellschaft\\\/\",\"name\":\"Die Flexible Kapitalgesellschaft &#8211; Notariat Sch\u00f6ffmann\",\"isPartOf\":{\"@id\":\"https:\\\/\\\/www.notariat-schoeffmann.at\\\/de\\\/#website\"},\"datePublished\":\"2023-12-19T19:09:13+00:00\",\"dateModified\":\"2023-12-19T19:09:53+00:00\",\"description\":\"Notariat Mag. Klaus Sch\u00f6ffmann: Ihr Notar in Klagenfurt am W\u00f6rthersee. Individuelle Rechtsberatung f\u00fcr Unternehmen und Privatpersonen. Unsere erste Rechtsauskunft ist f\u00fcr Sie kostenfrei!\",\"breadcrumb\":{\"@id\":\"https:\\\/\\\/www.notariat-schoeffmann.at\\\/de\\\/unternehmen\\\/kapitalgesellschaften\\\/die-flexible-kapitalgesellschaft\\\/#breadcrumb\"},\"inLanguage\":\"de\",\"potentialAction\":[{\"@type\":\"ReadAction\",\"target\":[\"https:\\\/\\\/www.notariat-schoeffmann.at\\\/de\\\/unternehmen\\\/kapitalgesellschaften\\\/die-flexible-kapitalgesellschaft\\\/\"]}]},{\"@type\":\"BreadcrumbList\",\"@id\":\"https:\\\/\\\/www.notariat-schoeffmann.at\\\/de\\\/unternehmen\\\/kapitalgesellschaften\\\/die-flexible-kapitalgesellschaft\\\/#breadcrumb\",\"itemListElement\":[{\"@type\":\"ListItem\",\"position\":1,\"name\":\"Startseite\",\"item\":\"https:\\\/\\\/www.notariat-schoeffmann.at\\\/de\\\/\"},{\"@type\":\"ListItem\",\"position\":2,\"name\":\"Unternehmen\",\"item\":\"https:\\\/\\\/www.notariat-schoeffmann.at\\\/de\\\/unternehmen\\\/\"},{\"@type\":\"ListItem\",\"position\":3,\"name\":\"Kapitalgesellschaften\",\"item\":\"https:\\\/\\\/www.notariat-schoeffmann.at\\\/de\\\/unternehmen\\\/kapitalgesellschaften\\\/\"},{\"@type\":\"ListItem\",\"position\":4,\"name\":\"Die Flexible Kapitalgesellschaft\"}]},{\"@type\":\"WebSite\",\"@id\":\"https:\\\/\\\/www.notariat-schoeffmann.at\\\/de\\\/#website\",\"url\":\"https:\\\/\\\/www.notariat-schoeffmann.at\\\/de\\\/\",\"name\":\"Notariat Sch\u00f6ffmann\",\"description\":\"Mag. Klaus Sch\u00f6ffmann - Ihr Notar in Klagenfurt\",\"publisher\":{\"@id\":\"https:\\\/\\\/www.notariat-schoeffmann.at\\\/de\\\/#organization\"},\"potentialAction\":[{\"@type\":\"SearchAction\",\"target\":{\"@type\":\"EntryPoint\",\"urlTemplate\":\"https:\\\/\\\/www.notariat-schoeffmann.at\\\/de\\\/?s={search_term_string}\"},\"query-input\":{\"@type\":\"PropertyValueSpecification\",\"valueRequired\":true,\"valueName\":\"search_term_string\"}}],\"inLanguage\":\"de\"},{\"@type\":\"Organization\",\"@id\":\"https:\\\/\\\/www.notariat-schoeffmann.at\\\/de\\\/#organization\",\"name\":\"Notariat Mag. Klaus Sch\u00f6ffmann Klagenfurt\",\"url\":\"https:\\\/\\\/www.notariat-schoeffmann.at\\\/de\\\/\",\"logo\":{\"@type\":\"ImageObject\",\"inLanguage\":\"de\",\"@id\":\"https:\\\/\\\/www.notariat-schoeffmann.at\\\/de\\\/#\\\/schema\\\/logo\\\/image\\\/\",\"url\":\"https:\\\/\\\/www.notariat-schoeffmann.at\\\/wp-content\\\/uploads\\\/2022\\\/02\\\/logo-notariat-schoeffmann.jpg\",\"contentUrl\":\"https:\\\/\\\/www.notariat-schoeffmann.at\\\/wp-content\\\/uploads\\\/2022\\\/02\\\/logo-notariat-schoeffmann.jpg\",\"width\":600,\"height\":600,\"caption\":\"Notariat Mag. Klaus Sch\u00f6ffmann Klagenfurt\"},\"image\":{\"@id\":\"https:\\\/\\\/www.notariat-schoeffmann.at\\\/de\\\/#\\\/schema\\\/logo\\\/image\\\/\"},\"sameAs\":[\"https:\\\/\\\/www.facebook.com\\\/NotarKlagenfurt\",\"https:\\\/\\\/www.youtube.com\\\/channel\\\/UCaITfbIQh6VIpzEonUsIhcg\"]}]}<\/script>\n<!-- \/ Yoast SEO Premium plugin. -->","yoast_head_json":{"title":"Die Flexible Kapitalgesellschaft &#8211; Notariat Sch\u00f6ffmann","description":"Notariat Mag. Klaus Sch\u00f6ffmann: Ihr Notar in Klagenfurt am W\u00f6rthersee. Individuelle Rechtsberatung f\u00fcr Unternehmen und Privatpersonen. Unsere erste Rechtsauskunft ist f\u00fcr Sie kostenfrei!","robots":{"index":"index","follow":"follow","max-snippet":"max-snippet:-1","max-image-preview":"max-image-preview:large","max-video-preview":"max-video-preview:-1"},"canonical":"https:\/\/www.notariat-schoeffmann.at\/de\/unternehmen\/kapitalgesellschaften\/die-flexible-kapitalgesellschaft\/","og_locale":"de_DE","og_type":"article","og_title":"Die Flexible Kapitalgesellschaft - Notariat Sch\u00f6ffmann","og_description":"Notariat Mag. Klaus Sch\u00f6ffmann: Ihr Notar in Klagenfurt am W\u00f6rthersee. Individuelle Rechtsberatung f\u00fcr Unternehmen und Privatpersonen. Unsere erste Rechtsauskunft ist f\u00fcr Sie kostenfrei!","og_url":"https:\/\/www.notariat-schoeffmann.at\/de\/unternehmen\/kapitalgesellschaften\/die-flexible-kapitalgesellschaft\/","og_site_name":"Notariat Sch\u00f6ffmann","article_publisher":"https:\/\/www.facebook.com\/NotarKlagenfurt","article_modified_time":"2023-12-19T19:09:53+00:00","og_image":[{"width":1600,"height":1067,"url":"https:\/\/www.notariat-schoeffmann.at\/wp-content\/uploads\/2021\/11\/Juristen-1.jpg","type":"image\/jpeg"}],"twitter_card":"summary_large_image","schema":{"@context":"https:\/\/schema.org","@graph":[{"@type":"WebPage","@id":"https:\/\/www.notariat-schoeffmann.at\/de\/unternehmen\/kapitalgesellschaften\/die-flexible-kapitalgesellschaft\/","url":"https:\/\/www.notariat-schoeffmann.at\/de\/unternehmen\/kapitalgesellschaften\/die-flexible-kapitalgesellschaft\/","name":"Die Flexible Kapitalgesellschaft &#8211; Notariat Sch\u00f6ffmann","isPartOf":{"@id":"https:\/\/www.notariat-schoeffmann.at\/de\/#website"},"datePublished":"2023-12-19T19:09:13+00:00","dateModified":"2023-12-19T19:09:53+00:00","description":"Notariat Mag. Klaus Sch\u00f6ffmann: Ihr Notar in Klagenfurt am W\u00f6rthersee. Individuelle Rechtsberatung f\u00fcr Unternehmen und Privatpersonen. Unsere erste Rechtsauskunft ist f\u00fcr Sie kostenfrei!","breadcrumb":{"@id":"https:\/\/www.notariat-schoeffmann.at\/de\/unternehmen\/kapitalgesellschaften\/die-flexible-kapitalgesellschaft\/#breadcrumb"},"inLanguage":"de","potentialAction":[{"@type":"ReadAction","target":["https:\/\/www.notariat-schoeffmann.at\/de\/unternehmen\/kapitalgesellschaften\/die-flexible-kapitalgesellschaft\/"]}]},{"@type":"BreadcrumbList","@id":"https:\/\/www.notariat-schoeffmann.at\/de\/unternehmen\/kapitalgesellschaften\/die-flexible-kapitalgesellschaft\/#breadcrumb","itemListElement":[{"@type":"ListItem","position":1,"name":"Startseite","item":"https:\/\/www.notariat-schoeffmann.at\/de\/"},{"@type":"ListItem","position":2,"name":"Unternehmen","item":"https:\/\/www.notariat-schoeffmann.at\/de\/unternehmen\/"},{"@type":"ListItem","position":3,"name":"Kapitalgesellschaften","item":"https:\/\/www.notariat-schoeffmann.at\/de\/unternehmen\/kapitalgesellschaften\/"},{"@type":"ListItem","position":4,"name":"Die Flexible Kapitalgesellschaft"}]},{"@type":"WebSite","@id":"https:\/\/www.notariat-schoeffmann.at\/de\/#website","url":"https:\/\/www.notariat-schoeffmann.at\/de\/","name":"Notariat Sch\u00f6ffmann","description":"Mag. Klaus Sch\u00f6ffmann - Ihr Notar in Klagenfurt","publisher":{"@id":"https:\/\/www.notariat-schoeffmann.at\/de\/#organization"},"potentialAction":[{"@type":"SearchAction","target":{"@type":"EntryPoint","urlTemplate":"https:\/\/www.notariat-schoeffmann.at\/de\/?s={search_term_string}"},"query-input":{"@type":"PropertyValueSpecification","valueRequired":true,"valueName":"search_term_string"}}],"inLanguage":"de"},{"@type":"Organization","@id":"https:\/\/www.notariat-schoeffmann.at\/de\/#organization","name":"Notariat Mag. Klaus Sch\u00f6ffmann Klagenfurt","url":"https:\/\/www.notariat-schoeffmann.at\/de\/","logo":{"@type":"ImageObject","inLanguage":"de","@id":"https:\/\/www.notariat-schoeffmann.at\/de\/#\/schema\/logo\/image\/","url":"https:\/\/www.notariat-schoeffmann.at\/wp-content\/uploads\/2022\/02\/logo-notariat-schoeffmann.jpg","contentUrl":"https:\/\/www.notariat-schoeffmann.at\/wp-content\/uploads\/2022\/02\/logo-notariat-schoeffmann.jpg","width":600,"height":600,"caption":"Notariat Mag. Klaus Sch\u00f6ffmann Klagenfurt"},"image":{"@id":"https:\/\/www.notariat-schoeffmann.at\/de\/#\/schema\/logo\/image\/"},"sameAs":["https:\/\/www.facebook.com\/NotarKlagenfurt","https:\/\/www.youtube.com\/channel\/UCaITfbIQh6VIpzEonUsIhcg"]}]}},"_links":{"self":[{"href":"https:\/\/www.notariat-schoeffmann.at\/de\/wp-json\/wp\/v2\/pages\/3259","targetHints":{"allow":["GET"]}}],"collection":[{"href":"https:\/\/www.notariat-schoeffmann.at\/de\/wp-json\/wp\/v2\/pages"}],"about":[{"href":"https:\/\/www.notariat-schoeffmann.at\/de\/wp-json\/wp\/v2\/types\/page"}],"author":[{"embeddable":true,"href":"https:\/\/www.notariat-schoeffmann.at\/de\/wp-json\/wp\/v2\/users\/1"}],"replies":[{"embeddable":true,"href":"https:\/\/www.notariat-schoeffmann.at\/de\/wp-json\/wp\/v2\/comments?post=3259"}],"version-history":[{"count":1,"href":"https:\/\/www.notariat-schoeffmann.at\/de\/wp-json\/wp\/v2\/pages\/3259\/revisions"}],"predecessor-version":[{"id":3260,"href":"https:\/\/www.notariat-schoeffmann.at\/de\/wp-json\/wp\/v2\/pages\/3259\/revisions\/3260"}],"up":[{"embeddable":true,"href":"https:\/\/www.notariat-schoeffmann.at\/de\/wp-json\/wp\/v2\/pages\/188"}],"wp:attachment":[{"href":"https:\/\/www.notariat-schoeffmann.at\/de\/wp-json\/wp\/v2\/media?parent=3259"}],"wp:term":[{"taxonomy":"category","embeddable":true,"href":"https:\/\/www.notariat-schoeffmann.at\/de\/wp-json\/wp\/v2\/categories?post=3259"}],"curies":[{"name":"wp","href":"https:\/\/api.w.org\/{rel}","templated":true}]}}