{"id":324,"date":"2021-08-09T10:57:25","date_gmt":"2021-08-09T08:57:25","guid":{"rendered":"https:\/\/www.notariat-schoeffmann.at\/?page_id=324"},"modified":"2022-03-19T10:18:04","modified_gmt":"2022-03-19T09:18:04","slug":"erbrecht-von-lebensgefaehrten","status":"publish","type":"page","link":"https:\/\/www.notariat-schoeffmann.at\/de\/erben-vererben\/gesetzliches-erbrecht\/erbrecht-von-lebensgefaehrten\/","title":{"rendered":"Erbrecht von Lebensgef\u00e4hrten"},"content":{"rendered":"\n<p>Unter Lebensgemeinschaft wird eine ehe\u00e4hnliche Geschlechts-, Wohn- und Wirtschaftsgemeinschaft verstanden. Sie ist jedoch &#8211; im Gegensatz zur Ehe &#8211; jederzeit einseitig l\u00f6sbar.<\/p>\n\n\n\n<p>Der Lebensgef\u00e4hrte hat ein<strong>&nbsp;au\u00dferordentliches Erbrecht<\/strong>. Dieses greift erst dann, wenn die Verlassenschaft mangels anderer gesetzlicher Erben (z.B. Onkel, Gro\u00dfneffe, &#8230;) den Verm\u00e4chtnisnehmern oder dem Bund zufallen w\u00fcrde.<\/p>\n\n\n\n<p>Ferner hat der Lebensgef\u00e4hrte das auf ein Jahr befristete Recht, in der gemeinsamen Wohnung weiter zu wohnen und die zum gemeinsamen Haushalt geh\u00f6renden Sachen in dieser Zeit zu benutzen (gesetzliches Vorausverm\u00e4chtnis).<\/p>\n\n\n\n<p>Voraussetzung ist grunds\u00e4tzlich das Bestehen eines&nbsp;<u>gemeinsamen Haushalts<\/u><u>&nbsp;in den letzten drei Jahren<\/u>.<\/p>\n\n\n\n<h3 class=\"wp-block-heading\">Sonderf\u00e4lle Mietrecht und Wohnungseigentum<\/h3>\n\n\n\n<p>Sonderregelungen bestehen im\u00a0<b><a href=\"https:\/\/www.notariat-schoeffmann.at\/erben-vererben\/mietrechtsweitergabe\/\">Mietrecht<\/a><\/b>, dort haben Lebensgef\u00e4hrten unter bestimmten Umst\u00e4nden ein Eintrittsrecht in den Mietvertrag.<\/p>\n\n\n\n<p>Auch durch die M\u00f6glichkeit, gemeinsames\u00a0<b><a href=\"https:\/\/www.notariat-schoeffmann.at\/erben-vererben\/wohnungseigentum-im-todesfall\/\">Wohnungseigentum\u00a0<\/a><\/b>zu begr\u00fcnden, kann eine Absicherung des Lebensgef\u00e4hrten erreicht werden. Hier sind Vereinbarungen unter den Lebensgef\u00e4hrten sinnvoll. Daf\u00fcr ist jedenfalls die notarielle Beratung anzuraten.<\/p>\n\n\n\n<h3 class=\"wp-block-heading\">Kinder aus einer Lebensgemeinschaft<\/h3>\n\n\n\n<p>Kinder aus einer Lebensgemeinschaft haben ein Erbrecht nach beiden Eltern, sofern die Vaterschaft durch Anerkenntnis oder Urteil festgestellt wurde. Au\u00dfereheliche Kinder sind nach beiden Eltern ehelichen Kindern erbrechtlich vollkommen gleichgestellt.<\/p>\n\n\n<div class=\"lazyblock-infobox-2d2Gdz wp-block-lazyblock-infobox\"><div class=\"notar_standard\">\n  <h2>Tipp<\/h2>\n  <div class=\"notar_infobox_content\"><p>Der Lebensgef\u00e4hrte hat nur ein nachrangiges Erbrecht! Wer seinen Lebensgef\u00e4hrten absichern will, muss zu dessen Gunsten ein Testament errichten.<\/p><\/div>\n<\/div>\n\n<\/div>","protected":false},"excerpt":{"rendered":"<p>Unter Lebensgemeinschaft wird eine ehe\u00e4hnliche Geschlechts-, Wohn- und Wirtschaftsgemeinschaft verstanden. Sie ist jedoch &#8211; im Gegensatz zur Ehe &#8211; jederzeit einseitig l\u00f6sbar. Der Lebensgef\u00e4hrte hat ein&nbsp;au\u00dferordentliches Erbrecht. Dieses greift erst dann, wenn die Verlassenschaft mangels anderer gesetzlicher Erben (z.B. Onkel, Gro\u00dfneffe, &#8230;) den Verm\u00e4chtnisnehmern oder dem Bund zufallen w\u00fcrde. Ferner hat der Lebensgef\u00e4hrte das auf&hellip;<\/p>\n","protected":false},"author":3,"featured_media":0,"parent":311,"menu_order":4,"comment_status":"closed","ping_status":"closed","template":"","meta":{"inline_featured_image":false,"footnotes":""},"categories":[],"class_list":["post-324","page","type-page","status-publish","hentry","description-off"],"yoast_head":"<!-- This site is optimized with the Yoast SEO Premium plugin v26.7 (Yoast SEO v27.4) - https:\/\/yoast.com\/product\/yoast-seo-premium-wordpress\/ -->\n<title>Erbrecht von Lebensgef\u00e4hrten &#8211; Notariat Sch\u00f6ffmann<\/title>\n<meta name=\"description\" content=\"Notariat Sch\u00f6ffmann, Klagenfurt: Gesetztliches Erbrecht f\u00fcr Lebensgef\u00e4hrten. Alle Informationen \u00fcber das Erbrecht von Lebensgemeinschaften in \u00d6sterreich.\" \/>\n<meta name=\"robots\" content=\"index, follow, max-snippet:-1, max-image-preview:large, max-video-preview:-1\" \/>\n<link rel=\"canonical\" href=\"https:\/\/www.notariat-schoeffmann.at\/de\/erben-vererben\/gesetzliches-erbrecht\/erbrecht-von-lebensgefaehrten\/\" \/>\n<meta property=\"og:locale\" content=\"de_DE\" \/>\n<meta property=\"og:type\" content=\"article\" \/>\n<meta property=\"og:title\" content=\"Erbrecht von Lebensgef\u00e4hrten - Notariat Sch\u00f6ffmann\" \/>\n<meta property=\"og:description\" content=\"Notariat Sch\u00f6ffmann, Klagenfurt: Gesetztliches Erbrecht f\u00fcr Lebensgef\u00e4hrten. Alle Informationen \u00fcber das Erbrecht von Lebensgemeinschaften in \u00d6sterreich.\" \/>\n<meta property=\"og:url\" content=\"https:\/\/www.notariat-schoeffmann.at\/de\/erben-vererben\/gesetzliches-erbrecht\/erbrecht-von-lebensgefaehrten\/\" \/>\n<meta property=\"og:site_name\" content=\"Notariat Sch\u00f6ffmann\" \/>\n<meta property=\"article:publisher\" content=\"https:\/\/www.facebook.com\/NotarKlagenfurt\" \/>\n<meta property=\"article:modified_time\" content=\"2022-03-19T09:18:04+00:00\" \/>\n<meta property=\"og:image\" content=\"https:\/\/www.notariat-schoeffmann.at\/wp-content\/uploads\/2021\/11\/Juristen-1.jpg\" \/>\n\t<meta property=\"og:image:width\" content=\"1600\" \/>\n\t<meta property=\"og:image:height\" content=\"1067\" \/>\n\t<meta property=\"og:image:type\" content=\"image\/jpeg\" \/>\n<meta name=\"twitter:card\" content=\"summary_large_image\" \/>\n<script type=\"application\/ld+json\" class=\"yoast-schema-graph\">{\"@context\":\"https:\\\/\\\/schema.org\",\"@graph\":[{\"@type\":\"WebPage\",\"@id\":\"https:\\\/\\\/www.notariat-schoeffmann.at\\\/de\\\/erben-vererben\\\/gesetzliches-erbrecht\\\/erbrecht-von-lebensgefaehrten\\\/\",\"url\":\"https:\\\/\\\/www.notariat-schoeffmann.at\\\/de\\\/erben-vererben\\\/gesetzliches-erbrecht\\\/erbrecht-von-lebensgefaehrten\\\/\",\"name\":\"Erbrecht von Lebensgef\u00e4hrten &#8211; Notariat Sch\u00f6ffmann\",\"isPartOf\":{\"@id\":\"https:\\\/\\\/www.notariat-schoeffmann.at\\\/de\\\/#website\"},\"datePublished\":\"2021-08-09T08:57:25+00:00\",\"dateModified\":\"2022-03-19T09:18:04+00:00\",\"description\":\"Notariat Sch\u00f6ffmann, Klagenfurt: Gesetztliches Erbrecht f\u00fcr Lebensgef\u00e4hrten. Alle Informationen \u00fcber das Erbrecht von Lebensgemeinschaften in \u00d6sterreich.\",\"breadcrumb\":{\"@id\":\"https:\\\/\\\/www.notariat-schoeffmann.at\\\/de\\\/erben-vererben\\\/gesetzliches-erbrecht\\\/erbrecht-von-lebensgefaehrten\\\/#breadcrumb\"},\"inLanguage\":\"de\",\"potentialAction\":[{\"@type\":\"ReadAction\",\"target\":[\"https:\\\/\\\/www.notariat-schoeffmann.at\\\/de\\\/erben-vererben\\\/gesetzliches-erbrecht\\\/erbrecht-von-lebensgefaehrten\\\/\"]}]},{\"@type\":\"BreadcrumbList\",\"@id\":\"https:\\\/\\\/www.notariat-schoeffmann.at\\\/de\\\/erben-vererben\\\/gesetzliches-erbrecht\\\/erbrecht-von-lebensgefaehrten\\\/#breadcrumb\",\"itemListElement\":[{\"@type\":\"ListItem\",\"position\":1,\"name\":\"Startseite\",\"item\":\"https:\\\/\\\/www.notariat-schoeffmann.at\\\/de\\\/\"},{\"@type\":\"ListItem\",\"position\":2,\"name\":\"Was ist das Erbrecht?\",\"item\":\"https:\\\/\\\/www.notariat-schoeffmann.at\\\/de\\\/erben-vererben\\\/\"},{\"@type\":\"ListItem\",\"position\":3,\"name\":\"Gesetzliches Erbrecht\",\"item\":\"https:\\\/\\\/www.notariat-schoeffmann.at\\\/de\\\/erben-vererben\\\/gesetzliches-erbrecht\\\/\"},{\"@type\":\"ListItem\",\"position\":4,\"name\":\"Erbrecht von Lebensgef\u00e4hrten\"}]},{\"@type\":\"WebSite\",\"@id\":\"https:\\\/\\\/www.notariat-schoeffmann.at\\\/de\\\/#website\",\"url\":\"https:\\\/\\\/www.notariat-schoeffmann.at\\\/de\\\/\",\"name\":\"Notariat Sch\u00f6ffmann\",\"description\":\"Mag. Klaus Sch\u00f6ffmann - Ihr Notar in Klagenfurt\",\"publisher\":{\"@id\":\"https:\\\/\\\/www.notariat-schoeffmann.at\\\/de\\\/#organization\"},\"potentialAction\":[{\"@type\":\"SearchAction\",\"target\":{\"@type\":\"EntryPoint\",\"urlTemplate\":\"https:\\\/\\\/www.notariat-schoeffmann.at\\\/de\\\/?s={search_term_string}\"},\"query-input\":{\"@type\":\"PropertyValueSpecification\",\"valueRequired\":true,\"valueName\":\"search_term_string\"}}],\"inLanguage\":\"de\"},{\"@type\":\"Organization\",\"@id\":\"https:\\\/\\\/www.notariat-schoeffmann.at\\\/de\\\/#organization\",\"name\":\"Notariat Mag. Klaus Sch\u00f6ffmann Klagenfurt\",\"url\":\"https:\\\/\\\/www.notariat-schoeffmann.at\\\/de\\\/\",\"logo\":{\"@type\":\"ImageObject\",\"inLanguage\":\"de\",\"@id\":\"https:\\\/\\\/www.notariat-schoeffmann.at\\\/de\\\/#\\\/schema\\\/logo\\\/image\\\/\",\"url\":\"https:\\\/\\\/www.notariat-schoeffmann.at\\\/wp-content\\\/uploads\\\/2022\\\/02\\\/logo-notariat-schoeffmann.jpg\",\"contentUrl\":\"https:\\\/\\\/www.notariat-schoeffmann.at\\\/wp-content\\\/uploads\\\/2022\\\/02\\\/logo-notariat-schoeffmann.jpg\",\"width\":600,\"height\":600,\"caption\":\"Notariat Mag. Klaus Sch\u00f6ffmann Klagenfurt\"},\"image\":{\"@id\":\"https:\\\/\\\/www.notariat-schoeffmann.at\\\/de\\\/#\\\/schema\\\/logo\\\/image\\\/\"},\"sameAs\":[\"https:\\\/\\\/www.facebook.com\\\/NotarKlagenfurt\",\"https:\\\/\\\/www.youtube.com\\\/channel\\\/UCaITfbIQh6VIpzEonUsIhcg\"]}]}<\/script>\n<!-- \/ Yoast SEO Premium plugin. -->","yoast_head_json":{"title":"Erbrecht von Lebensgef\u00e4hrten &#8211; Notariat Sch\u00f6ffmann","description":"Notariat Sch\u00f6ffmann, Klagenfurt: Gesetztliches Erbrecht f\u00fcr Lebensgef\u00e4hrten. Alle Informationen \u00fcber das Erbrecht von Lebensgemeinschaften in \u00d6sterreich.","robots":{"index":"index","follow":"follow","max-snippet":"max-snippet:-1","max-image-preview":"max-image-preview:large","max-video-preview":"max-video-preview:-1"},"canonical":"https:\/\/www.notariat-schoeffmann.at\/de\/erben-vererben\/gesetzliches-erbrecht\/erbrecht-von-lebensgefaehrten\/","og_locale":"de_DE","og_type":"article","og_title":"Erbrecht von Lebensgef\u00e4hrten - Notariat Sch\u00f6ffmann","og_description":"Notariat Sch\u00f6ffmann, Klagenfurt: Gesetztliches Erbrecht f\u00fcr Lebensgef\u00e4hrten. Alle Informationen \u00fcber das Erbrecht von Lebensgemeinschaften in \u00d6sterreich.","og_url":"https:\/\/www.notariat-schoeffmann.at\/de\/erben-vererben\/gesetzliches-erbrecht\/erbrecht-von-lebensgefaehrten\/","og_site_name":"Notariat Sch\u00f6ffmann","article_publisher":"https:\/\/www.facebook.com\/NotarKlagenfurt","article_modified_time":"2022-03-19T09:18:04+00:00","og_image":[{"width":1600,"height":1067,"url":"https:\/\/www.notariat-schoeffmann.at\/wp-content\/uploads\/2021\/11\/Juristen-1.jpg","type":"image\/jpeg"}],"twitter_card":"summary_large_image","schema":{"@context":"https:\/\/schema.org","@graph":[{"@type":"WebPage","@id":"https:\/\/www.notariat-schoeffmann.at\/de\/erben-vererben\/gesetzliches-erbrecht\/erbrecht-von-lebensgefaehrten\/","url":"https:\/\/www.notariat-schoeffmann.at\/de\/erben-vererben\/gesetzliches-erbrecht\/erbrecht-von-lebensgefaehrten\/","name":"Erbrecht von Lebensgef\u00e4hrten &#8211; Notariat Sch\u00f6ffmann","isPartOf":{"@id":"https:\/\/www.notariat-schoeffmann.at\/de\/#website"},"datePublished":"2021-08-09T08:57:25+00:00","dateModified":"2022-03-19T09:18:04+00:00","description":"Notariat Sch\u00f6ffmann, Klagenfurt: Gesetztliches Erbrecht f\u00fcr Lebensgef\u00e4hrten. Alle Informationen \u00fcber das Erbrecht von Lebensgemeinschaften in \u00d6sterreich.","breadcrumb":{"@id":"https:\/\/www.notariat-schoeffmann.at\/de\/erben-vererben\/gesetzliches-erbrecht\/erbrecht-von-lebensgefaehrten\/#breadcrumb"},"inLanguage":"de","potentialAction":[{"@type":"ReadAction","target":["https:\/\/www.notariat-schoeffmann.at\/de\/erben-vererben\/gesetzliches-erbrecht\/erbrecht-von-lebensgefaehrten\/"]}]},{"@type":"BreadcrumbList","@id":"https:\/\/www.notariat-schoeffmann.at\/de\/erben-vererben\/gesetzliches-erbrecht\/erbrecht-von-lebensgefaehrten\/#breadcrumb","itemListElement":[{"@type":"ListItem","position":1,"name":"Startseite","item":"https:\/\/www.notariat-schoeffmann.at\/de\/"},{"@type":"ListItem","position":2,"name":"Was ist das Erbrecht?","item":"https:\/\/www.notariat-schoeffmann.at\/de\/erben-vererben\/"},{"@type":"ListItem","position":3,"name":"Gesetzliches Erbrecht","item":"https:\/\/www.notariat-schoeffmann.at\/de\/erben-vererben\/gesetzliches-erbrecht\/"},{"@type":"ListItem","position":4,"name":"Erbrecht von Lebensgef\u00e4hrten"}]},{"@type":"WebSite","@id":"https:\/\/www.notariat-schoeffmann.at\/de\/#website","url":"https:\/\/www.notariat-schoeffmann.at\/de\/","name":"Notariat Sch\u00f6ffmann","description":"Mag. Klaus Sch\u00f6ffmann - Ihr Notar in Klagenfurt","publisher":{"@id":"https:\/\/www.notariat-schoeffmann.at\/de\/#organization"},"potentialAction":[{"@type":"SearchAction","target":{"@type":"EntryPoint","urlTemplate":"https:\/\/www.notariat-schoeffmann.at\/de\/?s={search_term_string}"},"query-input":{"@type":"PropertyValueSpecification","valueRequired":true,"valueName":"search_term_string"}}],"inLanguage":"de"},{"@type":"Organization","@id":"https:\/\/www.notariat-schoeffmann.at\/de\/#organization","name":"Notariat Mag. Klaus Sch\u00f6ffmann Klagenfurt","url":"https:\/\/www.notariat-schoeffmann.at\/de\/","logo":{"@type":"ImageObject","inLanguage":"de","@id":"https:\/\/www.notariat-schoeffmann.at\/de\/#\/schema\/logo\/image\/","url":"https:\/\/www.notariat-schoeffmann.at\/wp-content\/uploads\/2022\/02\/logo-notariat-schoeffmann.jpg","contentUrl":"https:\/\/www.notariat-schoeffmann.at\/wp-content\/uploads\/2022\/02\/logo-notariat-schoeffmann.jpg","width":600,"height":600,"caption":"Notariat Mag. Klaus Sch\u00f6ffmann Klagenfurt"},"image":{"@id":"https:\/\/www.notariat-schoeffmann.at\/de\/#\/schema\/logo\/image\/"},"sameAs":["https:\/\/www.facebook.com\/NotarKlagenfurt","https:\/\/www.youtube.com\/channel\/UCaITfbIQh6VIpzEonUsIhcg"]}]}},"_links":{"self":[{"href":"https:\/\/www.notariat-schoeffmann.at\/de\/wp-json\/wp\/v2\/pages\/324","targetHints":{"allow":["GET"]}}],"collection":[{"href":"https:\/\/www.notariat-schoeffmann.at\/de\/wp-json\/wp\/v2\/pages"}],"about":[{"href":"https:\/\/www.notariat-schoeffmann.at\/de\/wp-json\/wp\/v2\/types\/page"}],"author":[{"embeddable":true,"href":"https:\/\/www.notariat-schoeffmann.at\/de\/wp-json\/wp\/v2\/users\/3"}],"replies":[{"embeddable":true,"href":"https:\/\/www.notariat-schoeffmann.at\/de\/wp-json\/wp\/v2\/comments?post=324"}],"version-history":[{"count":5,"href":"https:\/\/www.notariat-schoeffmann.at\/de\/wp-json\/wp\/v2\/pages\/324\/revisions"}],"predecessor-version":[{"id":2640,"href":"https:\/\/www.notariat-schoeffmann.at\/de\/wp-json\/wp\/v2\/pages\/324\/revisions\/2640"}],"up":[{"embeddable":true,"href":"https:\/\/www.notariat-schoeffmann.at\/de\/wp-json\/wp\/v2\/pages\/311"}],"wp:attachment":[{"href":"https:\/\/www.notariat-schoeffmann.at\/de\/wp-json\/wp\/v2\/media?parent=324"}],"wp:term":[{"taxonomy":"category","embeddable":true,"href":"https:\/\/www.notariat-schoeffmann.at\/de\/wp-json\/wp\/v2\/categories?post=324"}],"curies":[{"name":"wp","href":"https:\/\/api.w.org\/{rel}","templated":true}]}}