{"id":316,"date":"2021-08-09T10:55:13","date_gmt":"2021-08-09T08:55:13","guid":{"rendered":"https:\/\/www.notariat-schoeffmann.at\/?page_id=316"},"modified":"2022-02-26T14:23:46","modified_gmt":"2022-02-26T13:23:46","slug":"weitere-verwandte","status":"publish","type":"page","link":"https:\/\/www.notariat-schoeffmann.at\/de\/erben-vererben\/gesetzliches-erbrecht\/weitere-verwandte\/","title":{"rendered":"Weitere Verwandte"},"content":{"rendered":"<div class=\"standard typo3-neos-nodetypes-text\">\n<div>\n<h2>2. bis 4. Parentel<\/h2>\n<h2>2. Parentel &#8211; Eltern<\/h2>\n<p>Sind Angeh\u00f6rige der ersten Linie nicht vorhanden oder k\u00f6nnen oder wollen diese nicht erben, dann f\u00e4llt die Erbschaft an die Angeh\u00f6rigen der&nbsp;<b>zweiten Linie.&nbsp;<\/b>Zur zweiten Linie geh\u00f6ren die&nbsp;<strong>Eltern des&nbsp;Verstorbenen und deren Nachkommen&nbsp;<\/strong>(Geschwister, Nichten, Neffen des Verstorbenen). Leben noch beide Eltern, so erben sie zu gleichen Teilen. Ist ein Elternteil vorverstorben, so treten dessen Kinder (Geschwister des Verstorbenen) beziehungsweise Kindeskinder in sein Recht ein und die H\u00e4lfte des verstorbenen Elternteils wird unter jenen geteilt. Hinterl\u00e4sst der vorverstorbene Elternteil keine Nachkommen, so erh\u00e4lt seinen Erbteil der andere Elternteil bzw. &#8211; wenn auch dieser verstorben ist &#8211; dessen Nachkommen.<\/p>\n<p>Vollb\u00fcrtige Geschwister (die mit dem Verstorbenen beide Elternteile gemeinsam haben) erhalten je einen Erbteil von beiden vorverstorbenen Eltern, halbb\u00fcrtige Geschwister (die mit dem&nbsp;Verstorbenen nur einen Elternteil gemeinsam haben) erhalten einen Erbteil nur vom vorverstorbenen gemeinsamen Elternteil.<\/p>\n<p>War der Verstorbene im Zeitpunkt des Todes&nbsp;<strong>verheiratet<\/strong>, so erben die Eltern des Verstorbenen neben dem Ehegatten ein Drittel der Verlassenschaft. Dem Ehegatten stehen die restlichen zwei Drittel der Verlassenschaft zu.&nbsp;Geschwister des Verstorbenen und andere Verwandte haben neben dem Ehegatten kein gesetzliches Erbrecht. Ist ein Elternteil vorverstorben, erh\u00e4lt der Ehegatte dessen Anteil. Sind beide Elternteile vorverstorben, erbt der Ehegatte zur G\u00e4nze.<\/p>\n<\/div>\n<\/div>\n\n<div class=\"lazyblock-infobox-19Mj2x wp-block-lazyblock-infobox\"><div class=\"notar_beispielbox\">\n  <h2>Beispiel<\/h2>\n  <div class=\"notar_infobox_content\"><p>Elisabeth hinterl\u00e4sst keine Nachkommen, jedoch ihren Ehegatten, ihre Mutter und zwei vollb\u00fcrtige Geschwister. Der Vater ist vorverstorben. Der Ehegatte erh\u00e4lt zwei Drittel und ein Sechstel des vorverstorbenen Vaters, die Mutter ein Sechstel. Die beiden Geschwister sind nicht mehr erbberechtigt.<\/p><p>Sind beide Eltern von Elisabeth vorverstorben, erbt ihr Ehemann zur G\u00e4nze. Den Geschwistern steht nichts zu.<\/p><p>War Elisabeth nicht verheiratet, so bekommt ihre Mutter die H\u00e4lfte der Verlassenschaft. Die andere H\u00e4lfte, die dem vorverstorbenen Vater zust\u00fcnde, wird auf die beiden Geschwister verteilt, sodass sie jeweils ein Viertel von der Verlassenschaft erhalten.<\/p><\/div>\n<\/div>\n\n<\/div>\n\n\n<h3 class=\"wp-block-heading\" id=\"3-und-4-parentel\">3. und 4. Parentel<\/h3>\n\n\n\n<p>Fehlen Angeh\u00f6rige der zweiten Linie, dann erben die Angeh\u00f6rigen der&nbsp;<strong>dritten&nbsp;<\/strong>Linie<strong>.&nbsp;<\/strong>Das sind die&nbsp;<strong>Gro\u00dfeltern<\/strong>&nbsp;<strong>und&nbsp;<\/strong>f\u00fcr den Fall, dass diese vorverstorben sind,&nbsp;<strong>deren Nachkommen<\/strong>&nbsp;(Onkel und Tanten des Verstorbenen). Sind neben dem Ehegatten nur mehr die Nachkommen vorverstorbener Gro\u00dfeltern vorhanden, f\u00e4llt dem Ehegatten der ganze Erbteil zu.<\/p>\n\n\n\n<p>Die&nbsp;<strong>vierte Linie<\/strong>&nbsp;bilden die Urgro\u00dfeltern. Deren Nachkommen sind jedoch nicht mehr erbberechtigt.<\/p>\n","protected":false},"excerpt":{"rendered":"<p>2. bis 4. Parentel 2. Parentel &#8211; Eltern Sind Angeh\u00f6rige der ersten Linie nicht vorhanden oder k\u00f6nnen oder wollen diese nicht erben, dann f\u00e4llt die Erbschaft an die Angeh\u00f6rigen der&nbsp;zweiten Linie.&nbsp;Zur zweiten Linie geh\u00f6ren die&nbsp;Eltern des&nbsp;Verstorbenen und deren Nachkommen&nbsp;(Geschwister, Nichten, Neffen des Verstorbenen). Leben noch beide Eltern, so erben sie zu gleichen Teilen. Ist ein&hellip;<\/p>\n","protected":false},"author":3,"featured_media":0,"parent":311,"menu_order":1,"comment_status":"closed","ping_status":"closed","template":"","meta":{"inline_featured_image":false,"footnotes":""},"categories":[],"class_list":["post-316","page","type-page","status-publish","hentry","description-off"],"yoast_head":"<!-- This site is optimized with the Yoast SEO Premium plugin v26.7 (Yoast SEO v27.4) - https:\/\/yoast.com\/product\/yoast-seo-premium-wordpress\/ -->\n<title>Gesetztliches Erbrecht f\u00fcr Verwandte &#8211; Notariat Sch\u00f6ffmann<\/title>\n<meta name=\"description\" content=\"Notariat Sch\u00f6ffmann, Klagenfurt: Gesetztliches Erbrecht f\u00fcr Verwandte in \u00d6sterreich. Alle Informationen zur Erbfolge f\u00fcr weitere Verwandte 2. bis 4. Parentel.\" \/>\n<meta name=\"robots\" content=\"index, follow, max-snippet:-1, max-image-preview:large, max-video-preview:-1\" \/>\n<link rel=\"canonical\" href=\"https:\/\/www.notariat-schoeffmann.at\/de\/erben-vererben\/gesetzliches-erbrecht\/weitere-verwandte\/\" \/>\n<meta property=\"og:locale\" content=\"de_DE\" \/>\n<meta property=\"og:type\" content=\"article\" \/>\n<meta property=\"og:title\" content=\"Weitere Verwandte - Notariat Sch\u00f6ffmann\" \/>\n<meta property=\"og:description\" content=\"Notariat Sch\u00f6ffmann, Klagenfurt: Gesetztliches Erbrecht f\u00fcr Verwandte in \u00d6sterreich. Alle Informationen zur Erbfolge f\u00fcr weitere Verwandte 2. bis 4. Parentel.\" \/>\n<meta property=\"og:url\" content=\"https:\/\/www.notariat-schoeffmann.at\/de\/erben-vererben\/gesetzliches-erbrecht\/weitere-verwandte\/\" \/>\n<meta property=\"og:site_name\" content=\"Notariat Sch\u00f6ffmann\" \/>\n<meta property=\"article:publisher\" content=\"https:\/\/www.facebook.com\/NotarKlagenfurt\" \/>\n<meta property=\"article:modified_time\" content=\"2022-02-26T13:23:46+00:00\" \/>\n<meta property=\"og:image\" content=\"https:\/\/www.notariat-schoeffmann.at\/wp-content\/uploads\/2021\/11\/Juristen-1.jpg\" \/>\n\t<meta property=\"og:image:width\" content=\"1600\" \/>\n\t<meta property=\"og:image:height\" content=\"1067\" \/>\n\t<meta property=\"og:image:type\" content=\"image\/jpeg\" \/>\n<meta name=\"twitter:card\" content=\"summary_large_image\" \/>\n<script type=\"application\/ld+json\" class=\"yoast-schema-graph\">{\"@context\":\"https:\\\/\\\/schema.org\",\"@graph\":[{\"@type\":\"WebPage\",\"@id\":\"https:\\\/\\\/www.notariat-schoeffmann.at\\\/de\\\/erben-vererben\\\/gesetzliches-erbrecht\\\/weitere-verwandte\\\/\",\"url\":\"https:\\\/\\\/www.notariat-schoeffmann.at\\\/de\\\/erben-vererben\\\/gesetzliches-erbrecht\\\/weitere-verwandte\\\/\",\"name\":\"Gesetztliches Erbrecht f\u00fcr Verwandte &#8211; Notariat Sch\u00f6ffmann\",\"isPartOf\":{\"@id\":\"https:\\\/\\\/www.notariat-schoeffmann.at\\\/de\\\/#website\"},\"datePublished\":\"2021-08-09T08:55:13+00:00\",\"dateModified\":\"2022-02-26T13:23:46+00:00\",\"description\":\"Notariat Sch\u00f6ffmann, Klagenfurt: Gesetztliches Erbrecht f\u00fcr Verwandte in \u00d6sterreich. Alle Informationen zur Erbfolge f\u00fcr weitere Verwandte 2. bis 4. Parentel.\",\"breadcrumb\":{\"@id\":\"https:\\\/\\\/www.notariat-schoeffmann.at\\\/de\\\/erben-vererben\\\/gesetzliches-erbrecht\\\/weitere-verwandte\\\/#breadcrumb\"},\"inLanguage\":\"de\",\"potentialAction\":[{\"@type\":\"ReadAction\",\"target\":[\"https:\\\/\\\/www.notariat-schoeffmann.at\\\/de\\\/erben-vererben\\\/gesetzliches-erbrecht\\\/weitere-verwandte\\\/\"]}]},{\"@type\":\"BreadcrumbList\",\"@id\":\"https:\\\/\\\/www.notariat-schoeffmann.at\\\/de\\\/erben-vererben\\\/gesetzliches-erbrecht\\\/weitere-verwandte\\\/#breadcrumb\",\"itemListElement\":[{\"@type\":\"ListItem\",\"position\":1,\"name\":\"Startseite\",\"item\":\"https:\\\/\\\/www.notariat-schoeffmann.at\\\/de\\\/\"},{\"@type\":\"ListItem\",\"position\":2,\"name\":\"Was ist das Erbrecht?\",\"item\":\"https:\\\/\\\/www.notariat-schoeffmann.at\\\/de\\\/erben-vererben\\\/\"},{\"@type\":\"ListItem\",\"position\":3,\"name\":\"Gesetzliches Erbrecht\",\"item\":\"https:\\\/\\\/www.notariat-schoeffmann.at\\\/de\\\/erben-vererben\\\/gesetzliches-erbrecht\\\/\"},{\"@type\":\"ListItem\",\"position\":4,\"name\":\"Weitere Verwandte\"}]},{\"@type\":\"WebSite\",\"@id\":\"https:\\\/\\\/www.notariat-schoeffmann.at\\\/de\\\/#website\",\"url\":\"https:\\\/\\\/www.notariat-schoeffmann.at\\\/de\\\/\",\"name\":\"Notariat Sch\u00f6ffmann\",\"description\":\"Mag. Klaus Sch\u00f6ffmann - Ihr Notar in Klagenfurt\",\"publisher\":{\"@id\":\"https:\\\/\\\/www.notariat-schoeffmann.at\\\/de\\\/#organization\"},\"potentialAction\":[{\"@type\":\"SearchAction\",\"target\":{\"@type\":\"EntryPoint\",\"urlTemplate\":\"https:\\\/\\\/www.notariat-schoeffmann.at\\\/de\\\/?s={search_term_string}\"},\"query-input\":{\"@type\":\"PropertyValueSpecification\",\"valueRequired\":true,\"valueName\":\"search_term_string\"}}],\"inLanguage\":\"de\"},{\"@type\":\"Organization\",\"@id\":\"https:\\\/\\\/www.notariat-schoeffmann.at\\\/de\\\/#organization\",\"name\":\"Notariat Mag. Klaus Sch\u00f6ffmann Klagenfurt\",\"url\":\"https:\\\/\\\/www.notariat-schoeffmann.at\\\/de\\\/\",\"logo\":{\"@type\":\"ImageObject\",\"inLanguage\":\"de\",\"@id\":\"https:\\\/\\\/www.notariat-schoeffmann.at\\\/de\\\/#\\\/schema\\\/logo\\\/image\\\/\",\"url\":\"https:\\\/\\\/www.notariat-schoeffmann.at\\\/wp-content\\\/uploads\\\/2022\\\/02\\\/logo-notariat-schoeffmann.jpg\",\"contentUrl\":\"https:\\\/\\\/www.notariat-schoeffmann.at\\\/wp-content\\\/uploads\\\/2022\\\/02\\\/logo-notariat-schoeffmann.jpg\",\"width\":600,\"height\":600,\"caption\":\"Notariat Mag. Klaus Sch\u00f6ffmann Klagenfurt\"},\"image\":{\"@id\":\"https:\\\/\\\/www.notariat-schoeffmann.at\\\/de\\\/#\\\/schema\\\/logo\\\/image\\\/\"},\"sameAs\":[\"https:\\\/\\\/www.facebook.com\\\/NotarKlagenfurt\",\"https:\\\/\\\/www.youtube.com\\\/channel\\\/UCaITfbIQh6VIpzEonUsIhcg\"]}]}<\/script>\n<!-- \/ Yoast SEO Premium plugin. -->","yoast_head_json":{"title":"Gesetztliches Erbrecht f\u00fcr Verwandte &#8211; Notariat Sch\u00f6ffmann","description":"Notariat Sch\u00f6ffmann, Klagenfurt: Gesetztliches Erbrecht f\u00fcr Verwandte in \u00d6sterreich. Alle Informationen zur Erbfolge f\u00fcr weitere Verwandte 2. bis 4. Parentel.","robots":{"index":"index","follow":"follow","max-snippet":"max-snippet:-1","max-image-preview":"max-image-preview:large","max-video-preview":"max-video-preview:-1"},"canonical":"https:\/\/www.notariat-schoeffmann.at\/de\/erben-vererben\/gesetzliches-erbrecht\/weitere-verwandte\/","og_locale":"de_DE","og_type":"article","og_title":"Weitere Verwandte - Notariat Sch\u00f6ffmann","og_description":"Notariat Sch\u00f6ffmann, Klagenfurt: Gesetztliches Erbrecht f\u00fcr Verwandte in \u00d6sterreich. Alle Informationen zur Erbfolge f\u00fcr weitere Verwandte 2. bis 4. Parentel.","og_url":"https:\/\/www.notariat-schoeffmann.at\/de\/erben-vererben\/gesetzliches-erbrecht\/weitere-verwandte\/","og_site_name":"Notariat Sch\u00f6ffmann","article_publisher":"https:\/\/www.facebook.com\/NotarKlagenfurt","article_modified_time":"2022-02-26T13:23:46+00:00","og_image":[{"width":1600,"height":1067,"url":"https:\/\/www.notariat-schoeffmann.at\/wp-content\/uploads\/2021\/11\/Juristen-1.jpg","type":"image\/jpeg"}],"twitter_card":"summary_large_image","schema":{"@context":"https:\/\/schema.org","@graph":[{"@type":"WebPage","@id":"https:\/\/www.notariat-schoeffmann.at\/de\/erben-vererben\/gesetzliches-erbrecht\/weitere-verwandte\/","url":"https:\/\/www.notariat-schoeffmann.at\/de\/erben-vererben\/gesetzliches-erbrecht\/weitere-verwandte\/","name":"Gesetztliches Erbrecht f\u00fcr Verwandte &#8211; Notariat Sch\u00f6ffmann","isPartOf":{"@id":"https:\/\/www.notariat-schoeffmann.at\/de\/#website"},"datePublished":"2021-08-09T08:55:13+00:00","dateModified":"2022-02-26T13:23:46+00:00","description":"Notariat Sch\u00f6ffmann, Klagenfurt: Gesetztliches Erbrecht f\u00fcr Verwandte in \u00d6sterreich. Alle Informationen zur Erbfolge f\u00fcr weitere Verwandte 2. bis 4. Parentel.","breadcrumb":{"@id":"https:\/\/www.notariat-schoeffmann.at\/de\/erben-vererben\/gesetzliches-erbrecht\/weitere-verwandte\/#breadcrumb"},"inLanguage":"de","potentialAction":[{"@type":"ReadAction","target":["https:\/\/www.notariat-schoeffmann.at\/de\/erben-vererben\/gesetzliches-erbrecht\/weitere-verwandte\/"]}]},{"@type":"BreadcrumbList","@id":"https:\/\/www.notariat-schoeffmann.at\/de\/erben-vererben\/gesetzliches-erbrecht\/weitere-verwandte\/#breadcrumb","itemListElement":[{"@type":"ListItem","position":1,"name":"Startseite","item":"https:\/\/www.notariat-schoeffmann.at\/de\/"},{"@type":"ListItem","position":2,"name":"Was ist das Erbrecht?","item":"https:\/\/www.notariat-schoeffmann.at\/de\/erben-vererben\/"},{"@type":"ListItem","position":3,"name":"Gesetzliches Erbrecht","item":"https:\/\/www.notariat-schoeffmann.at\/de\/erben-vererben\/gesetzliches-erbrecht\/"},{"@type":"ListItem","position":4,"name":"Weitere Verwandte"}]},{"@type":"WebSite","@id":"https:\/\/www.notariat-schoeffmann.at\/de\/#website","url":"https:\/\/www.notariat-schoeffmann.at\/de\/","name":"Notariat Sch\u00f6ffmann","description":"Mag. Klaus Sch\u00f6ffmann - Ihr Notar in Klagenfurt","publisher":{"@id":"https:\/\/www.notariat-schoeffmann.at\/de\/#organization"},"potentialAction":[{"@type":"SearchAction","target":{"@type":"EntryPoint","urlTemplate":"https:\/\/www.notariat-schoeffmann.at\/de\/?s={search_term_string}"},"query-input":{"@type":"PropertyValueSpecification","valueRequired":true,"valueName":"search_term_string"}}],"inLanguage":"de"},{"@type":"Organization","@id":"https:\/\/www.notariat-schoeffmann.at\/de\/#organization","name":"Notariat Mag. Klaus Sch\u00f6ffmann Klagenfurt","url":"https:\/\/www.notariat-schoeffmann.at\/de\/","logo":{"@type":"ImageObject","inLanguage":"de","@id":"https:\/\/www.notariat-schoeffmann.at\/de\/#\/schema\/logo\/image\/","url":"https:\/\/www.notariat-schoeffmann.at\/wp-content\/uploads\/2022\/02\/logo-notariat-schoeffmann.jpg","contentUrl":"https:\/\/www.notariat-schoeffmann.at\/wp-content\/uploads\/2022\/02\/logo-notariat-schoeffmann.jpg","width":600,"height":600,"caption":"Notariat Mag. Klaus Sch\u00f6ffmann Klagenfurt"},"image":{"@id":"https:\/\/www.notariat-schoeffmann.at\/de\/#\/schema\/logo\/image\/"},"sameAs":["https:\/\/www.facebook.com\/NotarKlagenfurt","https:\/\/www.youtube.com\/channel\/UCaITfbIQh6VIpzEonUsIhcg"]}]}},"_links":{"self":[{"href":"https:\/\/www.notariat-schoeffmann.at\/de\/wp-json\/wp\/v2\/pages\/316","targetHints":{"allow":["GET"]}}],"collection":[{"href":"https:\/\/www.notariat-schoeffmann.at\/de\/wp-json\/wp\/v2\/pages"}],"about":[{"href":"https:\/\/www.notariat-schoeffmann.at\/de\/wp-json\/wp\/v2\/types\/page"}],"author":[{"embeddable":true,"href":"https:\/\/www.notariat-schoeffmann.at\/de\/wp-json\/wp\/v2\/users\/3"}],"replies":[{"embeddable":true,"href":"https:\/\/www.notariat-schoeffmann.at\/de\/wp-json\/wp\/v2\/comments?post=316"}],"version-history":[{"count":6,"href":"https:\/\/www.notariat-schoeffmann.at\/de\/wp-json\/wp\/v2\/pages\/316\/revisions"}],"predecessor-version":[{"id":2030,"href":"https:\/\/www.notariat-schoeffmann.at\/de\/wp-json\/wp\/v2\/pages\/316\/revisions\/2030"}],"up":[{"embeddable":true,"href":"https:\/\/www.notariat-schoeffmann.at\/de\/wp-json\/wp\/v2\/pages\/311"}],"wp:attachment":[{"href":"https:\/\/www.notariat-schoeffmann.at\/de\/wp-json\/wp\/v2\/media?parent=316"}],"wp:term":[{"taxonomy":"category","embeddable":true,"href":"https:\/\/www.notariat-schoeffmann.at\/de\/wp-json\/wp\/v2\/categories?post=316"}],"curies":[{"name":"wp","href":"https:\/\/api.w.org\/{rel}","templated":true}]}}