{"id":311,"date":"2021-08-09T10:53:51","date_gmt":"2021-08-09T08:53:51","guid":{"rendered":"https:\/\/www.notariat-schoeffmann.at\/?page_id=311"},"modified":"2022-03-19T10:24:12","modified_gmt":"2022-03-19T09:24:12","slug":"gesetzliches-erbrecht","status":"publish","type":"page","link":"https:\/\/www.notariat-schoeffmann.at\/de\/erben-vererben\/gesetzliches-erbrecht\/","title":{"rendered":"Gesetzliches Erbrecht"},"content":{"rendered":"\n<p>Die gesetzliche Erbfolge kommt zur Anwendung, wenn<\/p>\n\n\n\n<ul class=\"wp-block-list\"><li><i>der Verstorbene keine letztwillige Verf\u00fcgung hinterlassen hat,<\/i><\/li><li><i>die hinterlassene letztwillige Verf\u00fcgung ung\u00fcltig ist,<\/i><\/li><li><i>die letztwillige Verf\u00fcgung nur einen Teil der Verlassenschaft erfasst (Verm\u00e4chtnis),<\/i><\/li><li><i>der eingesetzte Erbe die Erbschaft nicht annehmen kann (z.B. der eingesetzte Erbe ist erbunw\u00fcrdig oder vorverstorben, hat zu Lebzeiten des Erblassers verzichtet) oder will (z.B. bei Ausschlagung der Erbschaft).<\/i><\/li><\/ul>\n\n\n\n<p>Nach der gesetzlichen Erbfolge soll das Verm\u00f6gen in der Familie, in erster Linie bei den n\u00e4chsten Verwandten und dem Ehegatten bleiben. Wie viel jeder Erbe bekommt, ist abh\u00e4ngig davon, wie viel erbberechtigte Verwandte vorhanden sind und ob der Verstorbene im Zeitpunkt des Todes verheiratet war.<\/p>\n\n\n\n<p>Die<b>\u00a0Verwandten<\/b>\u00a0des Verstorbenen erben nach\u00a0<strong>Linien\u00a0<\/strong>(Parentelen).Die Linien kommen nacheinander zum Zug, d.h. die zweite Linie kann nur erben, wenn aus der ersten Linie niemand zur Erbschaft gelangt. Auch der\u00a0<b><a href=\"http:\/\/Ehegattenerbrecht\">Ehegatte<\/a><\/b>\u00a0hat (neben den Verwandten) ein gesetzliches Erbrecht.<\/p>\n\n\n\n<p>Es gibt vier Linien:<\/p>\n\n\n\n<ul class=\"wp-block-list\"><li>Zur ersten Linie geh\u00f6ren die Nachkommen (<b><a href=\"https:\/\/www.notariat-schoeffmann.at\/erben-vererben\/gesetzliches-erbrecht\/kinder\/\">Kinder<\/a><\/b>, Enkel, \u2026) der verstorbenen Person.<\/li><li>Zur zweiten Linie geh\u00f6ren die\u00a0<a href=\"https:\/\/www.notariat-schoeffmann.at\/erben-vererben\/gesetzliches-erbrecht\/weitere-verwandte\/\"><b>Eltern<\/b><\/a>\u00a0der verstorbenen Person und ihre Nachkommen (Geschwister, Nichten, Neffen,\u2026 der verstorbenen Person).<\/li><li>Zur dritten Linie z\u00e4hlen die\u00a0<a href=\"https:\/\/www.notariat-schoeffmann.at\/erben-vererben\/gesetzliches-erbrecht\/weitere-verwandte\/\"><b>Gro\u00dfeltern<\/b><\/a>\u00a0der verstorbenen Person und ihre Nachkommen (Onkel und Tanten der verstorbenen Person).<\/li><li>Die vierte Linie bilden die Urgro\u00dfeltern (nicht auch ihre Nachkommen!)<\/li><\/ul>\n\n\n\n<p>Neben den Verwandten ist auch der\u00a0<a href=\"https:\/\/www.notariat-schoeffmann.at\/erben-vererben\/gesetzliches-erbrecht\/erbrecht-von-ehegatten\/\">Ehegatte\u00a0<\/a>erbberechtigt.<\/p>\n","protected":false},"excerpt":{"rendered":"<p>Die gesetzliche Erbfolge kommt zur Anwendung, wenn der Verstorbene keine letztwillige Verf\u00fcgung hinterlassen hat, die hinterlassene letztwillige Verf\u00fcgung ung\u00fcltig ist, die letztwillige Verf\u00fcgung nur einen Teil der Verlassenschaft erfasst (Verm\u00e4chtnis), der eingesetzte Erbe die Erbschaft nicht annehmen kann (z.B. der eingesetzte Erbe ist erbunw\u00fcrdig oder vorverstorben, hat zu Lebzeiten des Erblassers verzichtet) oder will (z.B.&hellip;<\/p>\n","protected":false},"author":3,"featured_media":0,"parent":305,"menu_order":2,"comment_status":"closed","ping_status":"closed","template":"","meta":{"inline_featured_image":false,"footnotes":""},"categories":[],"class_list":["post-311","page","type-page","status-publish","hentry","description-off"],"yoast_head":"<!-- This site is optimized with the Yoast SEO Premium plugin v26.7 (Yoast SEO v27.4) - https:\/\/yoast.com\/product\/yoast-seo-premium-wordpress\/ -->\n<title>Gesetztliches Erbrecht in \u00d6sterreich &#8211; Notariat Sch\u00f6ffmann<\/title>\n<meta name=\"description\" content=\"Notar Sch\u00f6ffmann, Klagenfurt: Gesetztliches Erbrecht. Alle Informationen zur gesetztlichen Erbfolge in \u00d6sterreich.\" \/>\n<meta name=\"robots\" content=\"index, follow, max-snippet:-1, max-image-preview:large, max-video-preview:-1\" \/>\n<link rel=\"canonical\" href=\"https:\/\/www.notariat-schoeffmann.at\/de\/erben-vererben\/gesetzliches-erbrecht\/\" \/>\n<meta property=\"og:locale\" content=\"de_DE\" \/>\n<meta property=\"og:type\" content=\"article\" \/>\n<meta property=\"og:title\" content=\"Gesetzliches Erbrecht - Notariat Sch\u00f6ffmann\" \/>\n<meta property=\"og:description\" content=\"Notar Sch\u00f6ffmann, Klagenfurt: Gesetztliches Erbrecht. Alle Informationen zur gesetztlichen Erbfolge in \u00d6sterreich.\" \/>\n<meta property=\"og:url\" content=\"https:\/\/www.notariat-schoeffmann.at\/de\/erben-vererben\/gesetzliches-erbrecht\/\" \/>\n<meta property=\"og:site_name\" content=\"Notariat Sch\u00f6ffmann\" \/>\n<meta property=\"article:publisher\" content=\"https:\/\/www.facebook.com\/NotarKlagenfurt\" \/>\n<meta property=\"article:modified_time\" content=\"2022-03-19T09:24:12+00:00\" \/>\n<meta property=\"og:image\" content=\"https:\/\/www.notariat-schoeffmann.at\/wp-content\/uploads\/2021\/11\/Juristen-1.jpg\" \/>\n\t<meta property=\"og:image:width\" content=\"1600\" \/>\n\t<meta property=\"og:image:height\" content=\"1067\" \/>\n\t<meta property=\"og:image:type\" content=\"image\/jpeg\" \/>\n<meta name=\"twitter:card\" content=\"summary_large_image\" \/>\n<script type=\"application\/ld+json\" class=\"yoast-schema-graph\">{\"@context\":\"https:\\\/\\\/schema.org\",\"@graph\":[{\"@type\":\"WebPage\",\"@id\":\"https:\\\/\\\/www.notariat-schoeffmann.at\\\/de\\\/erben-vererben\\\/gesetzliches-erbrecht\\\/\",\"url\":\"https:\\\/\\\/www.notariat-schoeffmann.at\\\/de\\\/erben-vererben\\\/gesetzliches-erbrecht\\\/\",\"name\":\"Gesetztliches Erbrecht in \u00d6sterreich &#8211; Notariat Sch\u00f6ffmann\",\"isPartOf\":{\"@id\":\"https:\\\/\\\/www.notariat-schoeffmann.at\\\/de\\\/#website\"},\"datePublished\":\"2021-08-09T08:53:51+00:00\",\"dateModified\":\"2022-03-19T09:24:12+00:00\",\"description\":\"Notar Sch\u00f6ffmann, Klagenfurt: Gesetztliches Erbrecht. Alle Informationen zur gesetztlichen Erbfolge in \u00d6sterreich.\",\"breadcrumb\":{\"@id\":\"https:\\\/\\\/www.notariat-schoeffmann.at\\\/de\\\/erben-vererben\\\/gesetzliches-erbrecht\\\/#breadcrumb\"},\"inLanguage\":\"de\",\"potentialAction\":[{\"@type\":\"ReadAction\",\"target\":[\"https:\\\/\\\/www.notariat-schoeffmann.at\\\/de\\\/erben-vererben\\\/gesetzliches-erbrecht\\\/\"]}]},{\"@type\":\"BreadcrumbList\",\"@id\":\"https:\\\/\\\/www.notariat-schoeffmann.at\\\/de\\\/erben-vererben\\\/gesetzliches-erbrecht\\\/#breadcrumb\",\"itemListElement\":[{\"@type\":\"ListItem\",\"position\":1,\"name\":\"Startseite\",\"item\":\"https:\\\/\\\/www.notariat-schoeffmann.at\\\/de\\\/\"},{\"@type\":\"ListItem\",\"position\":2,\"name\":\"Was ist das Erbrecht?\",\"item\":\"https:\\\/\\\/www.notariat-schoeffmann.at\\\/de\\\/erben-vererben\\\/\"},{\"@type\":\"ListItem\",\"position\":3,\"name\":\"Gesetzliches Erbrecht\"}]},{\"@type\":\"WebSite\",\"@id\":\"https:\\\/\\\/www.notariat-schoeffmann.at\\\/de\\\/#website\",\"url\":\"https:\\\/\\\/www.notariat-schoeffmann.at\\\/de\\\/\",\"name\":\"Notariat Sch\u00f6ffmann\",\"description\":\"Mag. Klaus Sch\u00f6ffmann - Ihr Notar in Klagenfurt\",\"publisher\":{\"@id\":\"https:\\\/\\\/www.notariat-schoeffmann.at\\\/de\\\/#organization\"},\"potentialAction\":[{\"@type\":\"SearchAction\",\"target\":{\"@type\":\"EntryPoint\",\"urlTemplate\":\"https:\\\/\\\/www.notariat-schoeffmann.at\\\/de\\\/?s={search_term_string}\"},\"query-input\":{\"@type\":\"PropertyValueSpecification\",\"valueRequired\":true,\"valueName\":\"search_term_string\"}}],\"inLanguage\":\"de\"},{\"@type\":\"Organization\",\"@id\":\"https:\\\/\\\/www.notariat-schoeffmann.at\\\/de\\\/#organization\",\"name\":\"Notariat Mag. Klaus Sch\u00f6ffmann Klagenfurt\",\"url\":\"https:\\\/\\\/www.notariat-schoeffmann.at\\\/de\\\/\",\"logo\":{\"@type\":\"ImageObject\",\"inLanguage\":\"de\",\"@id\":\"https:\\\/\\\/www.notariat-schoeffmann.at\\\/de\\\/#\\\/schema\\\/logo\\\/image\\\/\",\"url\":\"https:\\\/\\\/www.notariat-schoeffmann.at\\\/wp-content\\\/uploads\\\/2022\\\/02\\\/logo-notariat-schoeffmann.jpg\",\"contentUrl\":\"https:\\\/\\\/www.notariat-schoeffmann.at\\\/wp-content\\\/uploads\\\/2022\\\/02\\\/logo-notariat-schoeffmann.jpg\",\"width\":600,\"height\":600,\"caption\":\"Notariat Mag. Klaus Sch\u00f6ffmann Klagenfurt\"},\"image\":{\"@id\":\"https:\\\/\\\/www.notariat-schoeffmann.at\\\/de\\\/#\\\/schema\\\/logo\\\/image\\\/\"},\"sameAs\":[\"https:\\\/\\\/www.facebook.com\\\/NotarKlagenfurt\",\"https:\\\/\\\/www.youtube.com\\\/channel\\\/UCaITfbIQh6VIpzEonUsIhcg\"]}]}<\/script>\n<!-- \/ Yoast SEO Premium plugin. -->","yoast_head_json":{"title":"Gesetztliches Erbrecht in \u00d6sterreich &#8211; Notariat Sch\u00f6ffmann","description":"Notar Sch\u00f6ffmann, Klagenfurt: Gesetztliches Erbrecht. Alle Informationen zur gesetztlichen Erbfolge in \u00d6sterreich.","robots":{"index":"index","follow":"follow","max-snippet":"max-snippet:-1","max-image-preview":"max-image-preview:large","max-video-preview":"max-video-preview:-1"},"canonical":"https:\/\/www.notariat-schoeffmann.at\/de\/erben-vererben\/gesetzliches-erbrecht\/","og_locale":"de_DE","og_type":"article","og_title":"Gesetzliches Erbrecht - Notariat Sch\u00f6ffmann","og_description":"Notar Sch\u00f6ffmann, Klagenfurt: Gesetztliches Erbrecht. Alle Informationen zur gesetztlichen Erbfolge in \u00d6sterreich.","og_url":"https:\/\/www.notariat-schoeffmann.at\/de\/erben-vererben\/gesetzliches-erbrecht\/","og_site_name":"Notariat Sch\u00f6ffmann","article_publisher":"https:\/\/www.facebook.com\/NotarKlagenfurt","article_modified_time":"2022-03-19T09:24:12+00:00","og_image":[{"width":1600,"height":1067,"url":"https:\/\/www.notariat-schoeffmann.at\/wp-content\/uploads\/2021\/11\/Juristen-1.jpg","type":"image\/jpeg"}],"twitter_card":"summary_large_image","schema":{"@context":"https:\/\/schema.org","@graph":[{"@type":"WebPage","@id":"https:\/\/www.notariat-schoeffmann.at\/de\/erben-vererben\/gesetzliches-erbrecht\/","url":"https:\/\/www.notariat-schoeffmann.at\/de\/erben-vererben\/gesetzliches-erbrecht\/","name":"Gesetztliches Erbrecht in \u00d6sterreich &#8211; Notariat Sch\u00f6ffmann","isPartOf":{"@id":"https:\/\/www.notariat-schoeffmann.at\/de\/#website"},"datePublished":"2021-08-09T08:53:51+00:00","dateModified":"2022-03-19T09:24:12+00:00","description":"Notar Sch\u00f6ffmann, Klagenfurt: Gesetztliches Erbrecht. Alle Informationen zur gesetztlichen Erbfolge in \u00d6sterreich.","breadcrumb":{"@id":"https:\/\/www.notariat-schoeffmann.at\/de\/erben-vererben\/gesetzliches-erbrecht\/#breadcrumb"},"inLanguage":"de","potentialAction":[{"@type":"ReadAction","target":["https:\/\/www.notariat-schoeffmann.at\/de\/erben-vererben\/gesetzliches-erbrecht\/"]}]},{"@type":"BreadcrumbList","@id":"https:\/\/www.notariat-schoeffmann.at\/de\/erben-vererben\/gesetzliches-erbrecht\/#breadcrumb","itemListElement":[{"@type":"ListItem","position":1,"name":"Startseite","item":"https:\/\/www.notariat-schoeffmann.at\/de\/"},{"@type":"ListItem","position":2,"name":"Was ist das Erbrecht?","item":"https:\/\/www.notariat-schoeffmann.at\/de\/erben-vererben\/"},{"@type":"ListItem","position":3,"name":"Gesetzliches Erbrecht"}]},{"@type":"WebSite","@id":"https:\/\/www.notariat-schoeffmann.at\/de\/#website","url":"https:\/\/www.notariat-schoeffmann.at\/de\/","name":"Notariat Sch\u00f6ffmann","description":"Mag. Klaus Sch\u00f6ffmann - Ihr Notar in Klagenfurt","publisher":{"@id":"https:\/\/www.notariat-schoeffmann.at\/de\/#organization"},"potentialAction":[{"@type":"SearchAction","target":{"@type":"EntryPoint","urlTemplate":"https:\/\/www.notariat-schoeffmann.at\/de\/?s={search_term_string}"},"query-input":{"@type":"PropertyValueSpecification","valueRequired":true,"valueName":"search_term_string"}}],"inLanguage":"de"},{"@type":"Organization","@id":"https:\/\/www.notariat-schoeffmann.at\/de\/#organization","name":"Notariat Mag. Klaus Sch\u00f6ffmann Klagenfurt","url":"https:\/\/www.notariat-schoeffmann.at\/de\/","logo":{"@type":"ImageObject","inLanguage":"de","@id":"https:\/\/www.notariat-schoeffmann.at\/de\/#\/schema\/logo\/image\/","url":"https:\/\/www.notariat-schoeffmann.at\/wp-content\/uploads\/2022\/02\/logo-notariat-schoeffmann.jpg","contentUrl":"https:\/\/www.notariat-schoeffmann.at\/wp-content\/uploads\/2022\/02\/logo-notariat-schoeffmann.jpg","width":600,"height":600,"caption":"Notariat Mag. Klaus Sch\u00f6ffmann Klagenfurt"},"image":{"@id":"https:\/\/www.notariat-schoeffmann.at\/de\/#\/schema\/logo\/image\/"},"sameAs":["https:\/\/www.facebook.com\/NotarKlagenfurt","https:\/\/www.youtube.com\/channel\/UCaITfbIQh6VIpzEonUsIhcg"]}]}},"_links":{"self":[{"href":"https:\/\/www.notariat-schoeffmann.at\/de\/wp-json\/wp\/v2\/pages\/311","targetHints":{"allow":["GET"]}}],"collection":[{"href":"https:\/\/www.notariat-schoeffmann.at\/de\/wp-json\/wp\/v2\/pages"}],"about":[{"href":"https:\/\/www.notariat-schoeffmann.at\/de\/wp-json\/wp\/v2\/types\/page"}],"author":[{"embeddable":true,"href":"https:\/\/www.notariat-schoeffmann.at\/de\/wp-json\/wp\/v2\/users\/3"}],"replies":[{"embeddable":true,"href":"https:\/\/www.notariat-schoeffmann.at\/de\/wp-json\/wp\/v2\/comments?post=311"}],"version-history":[{"count":5,"href":"https:\/\/www.notariat-schoeffmann.at\/de\/wp-json\/wp\/v2\/pages\/311\/revisions"}],"predecessor-version":[{"id":2652,"href":"https:\/\/www.notariat-schoeffmann.at\/de\/wp-json\/wp\/v2\/pages\/311\/revisions\/2652"}],"up":[{"embeddable":true,"href":"https:\/\/www.notariat-schoeffmann.at\/de\/wp-json\/wp\/v2\/pages\/305"}],"wp:attachment":[{"href":"https:\/\/www.notariat-schoeffmann.at\/de\/wp-json\/wp\/v2\/media?parent=311"}],"wp:term":[{"taxonomy":"category","embeddable":true,"href":"https:\/\/www.notariat-schoeffmann.at\/de\/wp-json\/wp\/v2\/categories?post=311"}],"curies":[{"name":"wp","href":"https:\/\/api.w.org\/{rel}","templated":true}]}}